{"id":17317,"date":"2025-11-26T07:01:02","date_gmt":"2025-11-26T08:01:02","guid":{"rendered":"https:\/\/autobarbosa.com\/produto\/suporte-carbon-de-cronometro-rally-rt3\/"},"modified":"2026-04-17T07:00:58","modified_gmt":"2026-04-17T07:00:58","slug":"suporte-carbon-de-cronometro-rally-rt3","status":"publish","type":"product","link":"https:\/\/autobarbosa.com\/es\/produto\/suporte-carbon-de-cronometro-rally-rt3\/","title":{"rendered":"SUPORTE CARBON DE CRONOMETRO RALLY RT3"},"content":{"rendered":"<p>Suporte crono em fibra de carbono. Muito leve, permite ter uma excelente visibilidade para o seu cron\u00f4metro. Para ser fixado no painel da porta a uma dist\u00e2ncia ideal para ter o cron\u00f3grafo \u00e0 m\u00e3o.<\/p>\n<p>Aten\u00e7\u00e3o: Sugest\u00e3o de apresenta\u00e7\u00e3o, vendida sem o cron\u00f4metro RT3.<\/p>\n<p>Dimens\u00f5es com base: 16 x 7 x 6 cm<\/p>\n<p>Dimens\u00e3o sem base: 16 x 5 x 3 cm<\/p>\n","protected":false},"excerpt":{"rendered":"<p>Suporte crono em fibra de carbono. Muito leve, permite ter uma excelente visibilidade para o seu cron\u00f4metro. Para ser fixado no painel da porta a uma dist\u00e2ncia ideal para ter o cron\u00f3grafo \u00e0 m\u00e3o.<\/p>\n<p>Aten\u00e7\u00e3o: Sugest\u00e3o de apresenta\u00e7\u00e3o, vendida sem o cron\u00f4metro RT3.<\/p>\n<p>Dimens\u00f5es com base: 16 x 7 x 6 cm<\/p>\n<p>Dimens\u00e3o sem base: 16 x 5 x 3 cm<\/p>\n","protected":false},"featured_media":17313,"template":"","meta":[],"product_cat":[479,489,492],"product_tag":[],"marca":[122],"class_list":["post-17317","product","type-product","status-publish","has-post-thumbnail","hentry","product_cat-viatura","product_cat-habitaculo","product_cat-equip-habitaculo","marca-rrs"],"yoast_head":"<!-- This site is optimized with the Yoast SEO plugin v20.5 - https:\/\/yoast.com\/wordpress\/plugins\/seo\/ -->\n<title>SUPORTE CARBON DE CRONOMETRO RALLY RT3 - Auto Barbosa<\/title>\n<meta name=\"robots\" content=\"index, follow, max-snippet:-1, max-image-preview:large, max-video-preview:-1\" \/>\n<link rel=\"canonical\" href=\"https:\/\/autobarbosa.com\/es\/produto\/suporte-carbon-de-cronometro-rally-rt3\/\" \/>\n<meta property=\"og:locale\" content=\"es_ES\" \/>\n<meta property=\"og:type\" content=\"article\" \/>\n<meta property=\"og:title\" content=\"SUPORTE CARBON DE CRONOMETRO RALLY RT3 - Auto Barbosa\" \/>\n<meta property=\"og:description\" content=\"Suporte crono em fibra de carbono. Muito leve, permite ter uma excelente visibilidade para o seu cron\u00f4metro. Para ser fixado no painel da porta a uma dist\u00e2ncia ideal para ter o cron\u00f3grafo \u00e0 m\u00e3o.  Aten\u00e7\u00e3o: Sugest\u00e3o de apresenta\u00e7\u00e3o, vendida sem o cron\u00f4metro RT3.  Dimens\u00f5es com base: 16 x 7 x 6 cm  Dimens\u00e3o sem base: 16 x 5 x 3 cm\" \/>\n<meta property=\"og:url\" content=\"https:\/\/autobarbosa.com\/es\/produto\/suporte-carbon-de-cronometro-rally-rt3\/\" \/>\n<meta property=\"og:site_name\" content=\"Auto Barbosa\" \/>\n<meta property=\"article:publisher\" content=\"https:\/\/www.facebook.com\/autobarbosaoficina\" \/>\n<meta property=\"article:modified_time\" content=\"2026-04-17T07:00:58+00:00\" \/>\n<meta property=\"og:image\" content=\"https:\/\/autobarbosa.com\/wp-content\/uploads\/2025\/11\/1185015024.png\" \/>\n\t<meta property=\"og:image:width\" content=\"600\" \/>\n\t<meta property=\"og:image:height\" content=\"600\" \/>\n\t<meta property=\"og:image:type\" content=\"image\/png\" \/>\n<meta name=\"twitter:card\" content=\"summary_large_image\" \/>\n<script type=\"application\/ld+json\" class=\"yoast-schema-graph\">{\"@context\":\"https:\/\/schema.org\",\"@graph\":[{\"@type\":\"WebPage\",\"@id\":\"https:\/\/autobarbosa.com\/es\/produto\/suporte-carbon-de-cronometro-rally-rt3\/\",\"url\":\"https:\/\/autobarbosa.com\/es\/produto\/suporte-carbon-de-cronometro-rally-rt3\/\",\"name\":\"SUPORTE CARBON DE CRONOMETRO RALLY RT3 - Auto Barbosa\",\"isPartOf\":{\"@id\":\"https:\/\/autobarbosa.com\/es\/#website\"},\"datePublished\":\"2025-11-26T08:01:02+00:00\",\"dateModified\":\"2026-04-17T07:00:58+00:00\",\"breadcrumb\":{\"@id\":\"https:\/\/autobarbosa.com\/es\/produto\/suporte-carbon-de-cronometro-rally-rt3\/#breadcrumb\"},\"inLanguage\":\"es\",\"potentialAction\":[{\"@type\":\"ReadAction\",\"target\":[\"https:\/\/autobarbosa.com\/es\/produto\/suporte-carbon-de-cronometro-rally-rt3\/\"]}]},{\"@type\":\"BreadcrumbList\",\"@id\":\"https:\/\/autobarbosa.com\/es\/produto\/suporte-carbon-de-cronometro-rally-rt3\/#breadcrumb\",\"itemListElement\":[{\"@type\":\"ListItem\",\"position\":1,\"name\":\"In\u00edcio\",\"item\":\"https:\/\/autobarbosa.com\/es\/\"},{\"@type\":\"ListItem\",\"position\":2,\"name\":\"Loja\",\"item\":\"https:\/\/autobarbosa.com\/\"},{\"@type\":\"ListItem\",\"position\":3,\"name\":\"SUPORTE CARBON DE CRONOMETRO RALLY RT3\"}]},{\"@type\":\"WebSite\",\"@id\":\"https:\/\/autobarbosa.com\/es\/#website\",\"url\":\"https:\/\/autobarbosa.com\/es\/\",\"name\":\"Auto Barbosa\",\"description\":\"Site institucional\",\"publisher\":{\"@id\":\"https:\/\/autobarbosa.com\/es\/#organization\"},\"potentialAction\":[{\"@type\":\"SearchAction\",\"target\":{\"@type\":\"EntryPoint\",\"urlTemplate\":\"https:\/\/autobarbosa.com\/es\/?s={search_term_string}\"},\"query-input\":\"required name=search_term_string\"}],\"inLanguage\":\"es\"},{\"@type\":\"Organization\",\"@id\":\"https:\/\/autobarbosa.com\/es\/#organization\",\"name\":\"Auto Barbosa\",\"url\":\"https:\/\/autobarbosa.com\/es\/\",\"logo\":{\"@type\":\"ImageObject\",\"inLanguage\":\"es\",\"@id\":\"https:\/\/autobarbosa.com\/es\/#\/schema\/logo\/image\/\",\"url\":\"https:\/\/autobarbosa.com\/wp-content\/uploads\/2023\/03\/AUTO-BARBOSA-LOGO-1-e1678715539111.png\",\"contentUrl\":\"https:\/\/autobarbosa.com\/wp-content\/uploads\/2023\/03\/AUTO-BARBOSA-LOGO-1-e1678715539111.png\",\"width\":3233,\"height\":3233,\"caption\":\"Auto Barbosa\"},\"image\":{\"@id\":\"https:\/\/autobarbosa.com\/es\/#\/schema\/logo\/image\/\"},\"sameAs\":[\"https:\/\/www.facebook.com\/autobarbosaoficina\",\"https:\/\/www.instagram.com\/autobarbosa.oficina\/\"]}]}<\/script>\n<!-- \/ Yoast SEO plugin. -->","yoast_head_json":{"title":"SUPORTE CARBON DE CRONOMETRO RALLY RT3 - Auto Barbosa","robots":{"index":"index","follow":"follow","max-snippet":"max-snippet:-1","max-image-preview":"max-image-preview:large","max-video-preview":"max-video-preview:-1"},"canonical":"https:\/\/autobarbosa.com\/es\/produto\/suporte-carbon-de-cronometro-rally-rt3\/","og_locale":"es_ES","og_type":"article","og_title":"SUPORTE CARBON DE CRONOMETRO RALLY RT3 - Auto Barbosa","og_description":"Suporte crono em fibra de carbono. Muito leve, permite ter uma excelente visibilidade para o seu cron\u00f4metro. Para ser fixado no painel da porta a uma dist\u00e2ncia ideal para ter o cron\u00f3grafo \u00e0 m\u00e3o.  Aten\u00e7\u00e3o: Sugest\u00e3o de apresenta\u00e7\u00e3o, vendida sem o cron\u00f4metro RT3.  Dimens\u00f5es com base: 16 x 7 x 6 cm  Dimens\u00e3o sem base: 16 x 5 x 3 cm","og_url":"https:\/\/autobarbosa.com\/es\/produto\/suporte-carbon-de-cronometro-rally-rt3\/","og_site_name":"Auto Barbosa","article_publisher":"https:\/\/www.facebook.com\/autobarbosaoficina","article_modified_time":"2026-04-17T07:00:58+00:00","og_image":[{"width":600,"height":600,"url":"https:\/\/autobarbosa.com\/wp-content\/uploads\/2025\/11\/1185015024.png","type":"image\/png"}],"twitter_card":"summary_large_image","schema":{"@context":"https:\/\/schema.org","@graph":[{"@type":"WebPage","@id":"https:\/\/autobarbosa.com\/es\/produto\/suporte-carbon-de-cronometro-rally-rt3\/","url":"https:\/\/autobarbosa.com\/es\/produto\/suporte-carbon-de-cronometro-rally-rt3\/","name":"SUPORTE CARBON DE CRONOMETRO RALLY RT3 - Auto Barbosa","isPartOf":{"@id":"https:\/\/autobarbosa.com\/es\/#website"},"datePublished":"2025-11-26T08:01:02+00:00","dateModified":"2026-04-17T07:00:58+00:00","breadcrumb":{"@id":"https:\/\/autobarbosa.com\/es\/produto\/suporte-carbon-de-cronometro-rally-rt3\/#breadcrumb"},"inLanguage":"es","potentialAction":[{"@type":"ReadAction","target":["https:\/\/autobarbosa.com\/es\/produto\/suporte-carbon-de-cronometro-rally-rt3\/"]}]},{"@type":"BreadcrumbList","@id":"https:\/\/autobarbosa.com\/es\/produto\/suporte-carbon-de-cronometro-rally-rt3\/#breadcrumb","itemListElement":[{"@type":"ListItem","position":1,"name":"In\u00edcio","item":"https:\/\/autobarbosa.com\/es\/"},{"@type":"ListItem","position":2,"name":"Loja","item":"https:\/\/autobarbosa.com\/"},{"@type":"ListItem","position":3,"name":"SUPORTE CARBON DE CRONOMETRO RALLY RT3"}]},{"@type":"WebSite","@id":"https:\/\/autobarbosa.com\/es\/#website","url":"https:\/\/autobarbosa.com\/es\/","name":"Auto Barbosa","description":"Site institucional","publisher":{"@id":"https:\/\/autobarbosa.com\/es\/#organization"},"potentialAction":[{"@type":"SearchAction","target":{"@type":"EntryPoint","urlTemplate":"https:\/\/autobarbosa.com\/es\/?s={search_term_string}"},"query-input":"required name=search_term_string"}],"inLanguage":"es"},{"@type":"Organization","@id":"https:\/\/autobarbosa.com\/es\/#organization","name":"Auto Barbosa","url":"https:\/\/autobarbosa.com\/es\/","logo":{"@type":"ImageObject","inLanguage":"es","@id":"https:\/\/autobarbosa.com\/es\/#\/schema\/logo\/image\/","url":"https:\/\/autobarbosa.com\/wp-content\/uploads\/2023\/03\/AUTO-BARBOSA-LOGO-1-e1678715539111.png","contentUrl":"https:\/\/autobarbosa.com\/wp-content\/uploads\/2023\/03\/AUTO-BARBOSA-LOGO-1-e1678715539111.png","width":3233,"height":3233,"caption":"Auto Barbosa"},"image":{"@id":"https:\/\/autobarbosa.com\/es\/#\/schema\/logo\/image\/"},"sameAs":["https:\/\/www.facebook.com\/autobarbosaoficina","https:\/\/www.instagram.com\/autobarbosa.oficina\/"]}]}},"_links":{"self":[{"href":"https:\/\/autobarbosa.com\/es\/wp-json\/wp\/v3\/product\/17317","targetHints":{"allow":["GET"]}}],"collection":[{"href":"https:\/\/autobarbosa.com\/es\/wp-json\/wp\/v3\/product"}],"about":[{"href":"https:\/\/autobarbosa.com\/es\/wp-json\/wp\/v2\/types\/product"}],"wp:featuredmedia":[{"embeddable":true,"href":"https:\/\/autobarbosa.com\/es\/wp-json\/wp\/v2\/media\/17313"}],"wp:attachment":[{"href":"https:\/\/autobarbosa.com\/es\/wp-json\/wp\/v2\/media?parent=17317"}],"wp:term":[{"taxonomy":"product_cat","embeddable":true,"href":"https:\/\/autobarbosa.com\/es\/wp-json\/wp\/v2\/product_cat?post=17317"},{"taxonomy":"product_tag","embeddable":true,"href":"https:\/\/autobarbosa.com\/es\/wp-json\/wp\/v2\/product_tag?post=17317"},{"taxonomy":"marca","embeddable":true,"href":"https:\/\/autobarbosa.com\/es\/wp-json\/wp\/v2\/marca?post=17317"}],"curies":[{"name":"wp","href":"https:\/\/api.w.org\/{rel}","templated":true}]}}