{"id":17469,"date":"2025-11-26T07:01:41","date_gmt":"2025-11-26T08:01:41","guid":{"rendered":"https:\/\/autobarbosa.com\/produto\/discos-travoes-tras-grn-saxo-106-206s16-205-306-247x8mm\/"},"modified":"2026-04-22T07:01:29","modified_gmt":"2026-04-22T07:01:29","slug":"discos-travoes-tras-grn-saxo-106-206s16-205-306-247x8mm","status":"publish","type":"product","link":"https:\/\/autobarbosa.com\/es\/produto\/discos-travoes-tras-grn-saxo-106-206s16-205-306-247x8mm\/","title":{"rendered":"DISCOS TRAVOES TRAS GRN SAXO\/106\/206S16\/205 \/306 &#8211; 247X8mm"},"content":{"rendered":"<p>Discos de Trav\u00e3o REDSPEC Grupo N para CITROEN Saxo ou PEUGEOT 106 206 306 247x 8 mm traseiro Os<\/p>\n<p>discos REDSPEC Grupo N s\u00e3o submetidos a um tratamento t\u00e9rmico espec\u00edfico e a um processo de usinagem espec\u00edfico, garantindo uma frenagem potente e duradoura.<br \/>\nAssociadas \u00e0s pastilhas de competi\u00e7\u00e3o, permitir\u00e3o uma travagem posterior preservando a subida da temperatura.<br \/>\nVoc\u00ea ganhar\u00e1 assim segundos preciosos na corrida e durante seus dias de pista!<\/p>\n<p>S\u00e3o montados no lugar dos seus discos originais (dimens\u00f5es id\u00eanticas).<br \/>\nPor favor, verifique cuidadosamente a compatibilidade destes discos com o seu ve\u00edculo.<br \/>\nEsses discos est\u00e3o em conformidade com os padr\u00f5es ISO 9001, ISO\/TS 16949 e T\u00dcV.<br \/>\nVendido em pares.<\/p>\n<p>Caracter\u00edsticas :<br \/>\nDi\u00e2metro do disco traseiro<br \/>\n247 mm<br \/>\nEspessura 8 mm<br \/>\nDi\u00e2metro 71,1 mm<br \/>\nN\u00famero de furos 4<br \/>\nPeso do disco 2,58 kg<\/p>\n<p>Adequado para:<br \/>\nCITROEN Saxo 1.6 16V (188CV) de 02\/96 a 04\/02<br \/>\nCITROEN Xsara 2.0 16V (167CV) ) de 09\/ 97 a 2000<br \/>\nCITROEN Xsara 2.0 16V (167CV) Pin\u00e7a Bosch de 08\/00<br \/>\nCITROEN Xsara 2.0 16V (167CV) Pin\u00e7a Girling de 08\/00<br \/>\nCITROEN ZX 2.0 16V (167CV) de 05\/96 a 01\/98<br \/>\nPEUGEOT 106 Fase 2 1.6 Rallye (103CV) de 1996<br \/>\nPEUGEOT 106 Fase 2 1.6 S16 (118CV) de 1996<br \/>\nPEUGEOT 206 2.0 S16 \/ 1.6 16V de 04\/1999<br \/>\nPEUGEOT 206 RC (177CV) de 07\/2003<br \/>\nPEUGEOT 306 2.0 16V (163CV) de 403<\/p>\n<p>Para um desempenho ideal, certifique-se de respeitar a fase de amaciamento descrita a seguir:<\/p>\n<p>1. Feche a entrada dos resfriadores a 3\/4<br \/>\n2. Use pastilhas de amaciamento (duras)<br \/>\n3. Aque\u00e7a gradualmente os discos nos primeiros 15 quil\u00f4metros.<br \/>\n4. Use o ve\u00edculo normalmente sem ser violento nos freios.<br \/>\n5. Termine com 5 ou 6 travagens fortes.<br \/>\n6. Se forem utilizadas tintas t\u00e9rmicas (refer\u00eancia CP26491) somente a tinta verde (430\u00b0C) deve ter descolorido e a laranja mal iniciada (560\u00b0C).<\/p>\n<p>Para operar com a maior efici\u00eancia e maior durabilidade poss\u00edvel, as temperaturas dos discos devem estar corretas e equilibradas.<br \/>\nEm geral, todos os acionamentos de um ve\u00edculo devem operar nas mesmas temperaturas.<br \/>\nA temperatura m\u00e1xima do disco deve ser compat\u00edvel com a qualidade das pastilhas utilizadas.<br \/>\nAs faces do disco n\u00e3o devem exceder as temperaturas m\u00e1ximas recomendadas para cada tipo de pastilha.<\/p>\n","protected":false},"excerpt":{"rendered":"<p>Discos de Trav\u00e3o REDSPEC Grupo N para CITROEN Saxo ou PEUGEOT 106 206 306 247x 8 mm traseiro Os<\/p>\n<p>discos REDSPEC Grupo N s\u00e3o submetidos a um tratamento t\u00e9rmico espec\u00edfico e a um processo de usinagem espec\u00edfico, garantindo uma frenagem potente e duradoura.<br \/>\nAssociadas \u00e0s pastilhas de competi\u00e7\u00e3o, permitir\u00e3o uma travagem posterior preservando a subida da temperatura.<br \/>\nVoc\u00ea ganhar\u00e1 assim segundos preciosos na corrida e durante seus dias de pista!<\/p>\n<p>S\u00e3o montados no lugar dos seus discos originais (dimens\u00f5es id\u00eanticas).<br \/>\nPor favor, verifique cuidadosamente a compatibilidade destes discos com o seu ve\u00edculo.<br \/>\nEsses discos est\u00e3o em conformidade com os padr\u00f5es ISO 9001, ISO\/TS 16949 e T\u00dcV.<br \/>\nVendido em pares.<\/p>\n<p>Caracter\u00edsticas :<br \/>\nDi\u00e2metro do disco traseiro<br \/>\n247 mm<br \/>\nEspessura 8 mm<br \/>\nDi\u00e2metro 71,1 mm<br \/>\nN\u00famero de furos 4<br \/>\nPeso do disco 2,58 kg<\/p>\n<p>Adequado para:<br \/>\nCITROEN Saxo 1.6 16V (188CV) de 02\/96 a 04\/02<br \/>\nCITROEN Xsara 2.0 16V (167CV) ) de 09\/ 97 a 2000<br \/>\nCITROEN Xsara 2.0 16V (167CV) Pin\u00e7a Bosch de 08\/00<br \/>\nCITROEN Xsara 2.0 16V (167CV) Pin\u00e7a Girling de 08\/00<br \/>\nCITROEN ZX 2.0 16V (167CV) de 05\/96 a 01\/98<br \/>\nPEUGEOT 106 Fase 2 1.6 Rallye (103CV) de 1996<br \/>\nPEUGEOT 106 Fase 2 1.6 S16 (118CV) de 1996<br \/>\nPEUGEOT 206 2.0 S16 \/ 1.6 16V de 04\/1999<br \/>\nPEUGEOT 206 RC (177CV) de 07\/2003<br \/>\nPEUGEOT 306 2.0 16V (163CV) de 403<\/p>\n<p>Para um desempenho ideal, certifique-se de respeitar a fase de amaciamento descrita a seguir:<\/p>\n<p>1. Feche a entrada dos resfriadores a 3\/4<br \/>\n2. Use pastilhas de amaciamento (duras)<br \/>\n3. Aque\u00e7a gradualmente os discos nos primeiros 15 quil\u00f4metros.<br \/>\n4. Use o ve\u00edculo normalmente sem ser violento nos freios.<br \/>\n5. Termine com 5 ou 6 travagens fortes.<br \/>\n6. Se forem utilizadas tintas t\u00e9rmicas (refer\u00eancia CP26491) somente a tinta verde (430\u00b0C) deve ter descolorido e a laranja mal iniciada (560\u00b0C).<\/p>\n<p>Para operar com a maior efici\u00eancia e maior durabilidade poss\u00edvel, as temperaturas dos discos devem estar corretas e equilibradas.<br \/>\nEm geral, todos os acionamentos de um ve\u00edculo devem operar nas mesmas temperaturas.<br \/>\nA temperatura m\u00e1xima do disco deve ser compat\u00edvel com a qualidade das pastilhas utilizadas.<br \/>\nAs faces do disco n\u00e3o devem exceder as temperaturas m\u00e1ximas recomendadas para cada tipo de pastilha.<\/p>\n","protected":false},"featured_media":17465,"template":"","meta":[],"product_cat":[479,484,506],"product_tag":[],"marca":[121],"class_list":["post-17469","product","type-product","status-publish","has-post-thumbnail","hentry","product_cat-viatura","product_cat-sistema-travagem","product_cat-discos-travoes","marca-red-spec"],"yoast_head":"<!-- This site is optimized with the Yoast SEO plugin v20.5 - https:\/\/yoast.com\/wordpress\/plugins\/seo\/ -->\n<title>DISCOS TRAVOES TRAS GRN SAXO\/106\/206S16\/205 \/306 - 247X8mm - Auto Barbosa<\/title>\n<meta name=\"robots\" content=\"index, follow, max-snippet:-1, max-image-preview:large, max-video-preview:-1\" \/>\n<link rel=\"canonical\" href=\"https:\/\/autobarbosa.com\/es\/produto\/discos-travoes-tras-grn-saxo-106-206s16-205-306-247x8mm\/\" \/>\n<meta property=\"og:locale\" content=\"es_ES\" \/>\n<meta property=\"og:type\" content=\"article\" \/>\n<meta property=\"og:title\" content=\"DISCOS TRAVOES TRAS GRN SAXO\/106\/206S16\/205 \/306 - 247X8mm - Auto Barbosa\" \/>\n<meta property=\"og:description\" content=\"Discos de Trav\u00e3o REDSPEC Grupo N para CITROEN Saxo ou PEUGEOT 106 206 306 247x 8 mm traseiro Os  discos REDSPEC Grupo N s\u00e3o submetidos a um tratamento t\u00e9rmico espec\u00edfico e a um processo de usinagem espec\u00edfico, garantindo uma frenagem potente e duradoura. Associadas \u00e0s pastilhas de competi\u00e7\u00e3o, permitir\u00e3o uma travagem posterior preservando a subida da temperatura. Voc\u00ea ganhar\u00e1 assim segundos preciosos na corrida e durante seus dias de pista!  S\u00e3o montados no lugar dos seus discos originais (dimens\u00f5es id\u00eanticas). Por favor, verifique cuidadosamente a compatibilidade destes discos com o seu ve\u00edculo. Esses discos est\u00e3o em conformidade com os padr\u00f5es ISO 9001, ISO\/TS 16949 e T\u00dcV. Vendido em pares.  Caracter\u00edsticas : Di\u00e2metro do disco traseiro 247 mm Espessura 8 mm Di\u00e2metro 71,1 mm N\u00famero de furos 4 Peso do disco 2,58 kg  Adequado para: CITROEN Saxo 1.6 16V (188CV) de 02\/96 a 04\/02 CITROEN Xsara 2.0 16V (167CV) ) de 09\/ 97 a 2000 CITROEN Xsara 2.0 16V (167CV) Pin\u00e7a Bosch de 08\/00 CITROEN Xsara 2.0 16V (167CV) Pin\u00e7a Girling de 08\/00 CITROEN ZX 2.0 16V (167CV) de 05\/96 a 01\/98 PEUGEOT 106 Fase 2 1.6 Rallye (103CV) de 1996 PEUGEOT 106 Fase 2 1.6 S16 (118CV) de 1996 PEUGEOT 206 2.0 S16 \/ 1.6 16V de 04\/1999 PEUGEOT 206 RC (177CV) de 07\/2003 PEUGEOT 306 2.0 16V (163CV) de 403  Para um desempenho ideal, certifique-se de respeitar a fase de amaciamento descrita a seguir:  1. Feche a entrada dos resfriadores a 3\/4 2. Use pastilhas de amaciamento (duras) 3. Aque\u00e7a gradualmente os discos nos primeiros 15 quil\u00f4metros. 4. Use o ve\u00edculo normalmente sem ser violento nos freios. 5. Termine com 5 ou 6 travagens fortes. 6. Se forem utilizadas tintas t\u00e9rmicas (refer\u00eancia CP26491) somente a tinta verde (430\u00b0C) deve ter descolorido e a laranja mal iniciada (560\u00b0C).  Para operar com a maior efici\u00eancia e maior durabilidade poss\u00edvel, as temperaturas dos discos devem estar corretas e equilibradas. Em geral, todos os acionamentos de um ve\u00edculo devem operar nas mesmas temperaturas. A temperatura m\u00e1xima do disco deve ser compat\u00edvel com a qualidade das pastilhas utilizadas. As faces do disco n\u00e3o devem exceder as temperaturas m\u00e1ximas recomendadas para cada tipo de pastilha.\" \/>\n<meta property=\"og:url\" content=\"https:\/\/autobarbosa.com\/es\/produto\/discos-travoes-tras-grn-saxo-106-206s16-205-306-247x8mm\/\" \/>\n<meta property=\"og:site_name\" content=\"Auto Barbosa\" \/>\n<meta property=\"article:publisher\" content=\"https:\/\/www.facebook.com\/autobarbosaoficina\" \/>\n<meta property=\"article:modified_time\" content=\"2026-04-22T07:01:29+00:00\" \/>\n<meta property=\"og:image\" content=\"https:\/\/autobarbosa.com\/wp-content\/uploads\/2025\/11\/1dv00144.png\" \/>\n\t<meta property=\"og:image:width\" content=\"598\" \/>\n\t<meta property=\"og:image:height\" content=\"577\" \/>\n\t<meta property=\"og:image:type\" content=\"image\/png\" \/>\n<meta name=\"twitter:card\" content=\"summary_large_image\" \/>\n<meta name=\"twitter:label1\" content=\"Tiempo de lectura\" \/>\n\t<meta name=\"twitter:data1\" content=\"2 minutos\" \/>\n<script type=\"application\/ld+json\" class=\"yoast-schema-graph\">{\"@context\":\"https:\/\/schema.org\",\"@graph\":[{\"@type\":\"WebPage\",\"@id\":\"https:\/\/autobarbosa.com\/es\/produto\/discos-travoes-tras-grn-saxo-106-206s16-205-306-247x8mm\/\",\"url\":\"https:\/\/autobarbosa.com\/es\/produto\/discos-travoes-tras-grn-saxo-106-206s16-205-306-247x8mm\/\",\"name\":\"DISCOS TRAVOES TRAS GRN SAXO\/106\/206S16\/205 \/306 - 247X8mm - Auto Barbosa\",\"isPartOf\":{\"@id\":\"https:\/\/autobarbosa.com\/es\/#website\"},\"datePublished\":\"2025-11-26T08:01:41+00:00\",\"dateModified\":\"2026-04-22T07:01:29+00:00\",\"breadcrumb\":{\"@id\":\"https:\/\/autobarbosa.com\/es\/produto\/discos-travoes-tras-grn-saxo-106-206s16-205-306-247x8mm\/#breadcrumb\"},\"inLanguage\":\"es\",\"potentialAction\":[{\"@type\":\"ReadAction\",\"target\":[\"https:\/\/autobarbosa.com\/es\/produto\/discos-travoes-tras-grn-saxo-106-206s16-205-306-247x8mm\/\"]}]},{\"@type\":\"BreadcrumbList\",\"@id\":\"https:\/\/autobarbosa.com\/es\/produto\/discos-travoes-tras-grn-saxo-106-206s16-205-306-247x8mm\/#breadcrumb\",\"itemListElement\":[{\"@type\":\"ListItem\",\"position\":1,\"name\":\"In\u00edcio\",\"item\":\"https:\/\/autobarbosa.com\/es\/\"},{\"@type\":\"ListItem\",\"position\":2,\"name\":\"Loja\",\"item\":\"https:\/\/autobarbosa.com\/\"},{\"@type\":\"ListItem\",\"position\":3,\"name\":\"DISCOS TRAVOES TRAS GRN SAXO\/106\/206S16\/205 \/306 &#8211; 247X8mm\"}]},{\"@type\":\"WebSite\",\"@id\":\"https:\/\/autobarbosa.com\/es\/#website\",\"url\":\"https:\/\/autobarbosa.com\/es\/\",\"name\":\"Auto Barbosa\",\"description\":\"Site institucional\",\"publisher\":{\"@id\":\"https:\/\/autobarbosa.com\/es\/#organization\"},\"potentialAction\":[{\"@type\":\"SearchAction\",\"target\":{\"@type\":\"EntryPoint\",\"urlTemplate\":\"https:\/\/autobarbosa.com\/es\/?s={search_term_string}\"},\"query-input\":\"required name=search_term_string\"}],\"inLanguage\":\"es\"},{\"@type\":\"Organization\",\"@id\":\"https:\/\/autobarbosa.com\/es\/#organization\",\"name\":\"Auto Barbosa\",\"url\":\"https:\/\/autobarbosa.com\/es\/\",\"logo\":{\"@type\":\"ImageObject\",\"inLanguage\":\"es\",\"@id\":\"https:\/\/autobarbosa.com\/es\/#\/schema\/logo\/image\/\",\"url\":\"https:\/\/autobarbosa.com\/wp-content\/uploads\/2023\/03\/AUTO-BARBOSA-LOGO-1-e1678715539111.png\",\"contentUrl\":\"https:\/\/autobarbosa.com\/wp-content\/uploads\/2023\/03\/AUTO-BARBOSA-LOGO-1-e1678715539111.png\",\"width\":3233,\"height\":3233,\"caption\":\"Auto Barbosa\"},\"image\":{\"@id\":\"https:\/\/autobarbosa.com\/es\/#\/schema\/logo\/image\/\"},\"sameAs\":[\"https:\/\/www.facebook.com\/autobarbosaoficina\",\"https:\/\/www.instagram.com\/autobarbosa.oficina\/\"]}]}<\/script>\n<!-- \/ Yoast SEO plugin. -->","yoast_head_json":{"title":"DISCOS TRAVOES TRAS GRN SAXO\/106\/206S16\/205 \/306 - 247X8mm - Auto Barbosa","robots":{"index":"index","follow":"follow","max-snippet":"max-snippet:-1","max-image-preview":"max-image-preview:large","max-video-preview":"max-video-preview:-1"},"canonical":"https:\/\/autobarbosa.com\/es\/produto\/discos-travoes-tras-grn-saxo-106-206s16-205-306-247x8mm\/","og_locale":"es_ES","og_type":"article","og_title":"DISCOS TRAVOES TRAS GRN SAXO\/106\/206S16\/205 \/306 - 247X8mm - Auto Barbosa","og_description":"Discos de Trav\u00e3o REDSPEC Grupo N para CITROEN Saxo ou PEUGEOT 106 206 306 247x 8 mm traseiro Os  discos REDSPEC Grupo N s\u00e3o submetidos a um tratamento t\u00e9rmico espec\u00edfico e a um processo de usinagem espec\u00edfico, garantindo uma frenagem potente e duradoura. Associadas \u00e0s pastilhas de competi\u00e7\u00e3o, permitir\u00e3o uma travagem posterior preservando a subida da temperatura. Voc\u00ea ganhar\u00e1 assim segundos preciosos na corrida e durante seus dias de pista!  S\u00e3o montados no lugar dos seus discos originais (dimens\u00f5es id\u00eanticas). Por favor, verifique cuidadosamente a compatibilidade destes discos com o seu ve\u00edculo. Esses discos est\u00e3o em conformidade com os padr\u00f5es ISO 9001, ISO\/TS 16949 e T\u00dcV. Vendido em pares.  Caracter\u00edsticas : Di\u00e2metro do disco traseiro 247 mm Espessura 8 mm Di\u00e2metro 71,1 mm N\u00famero de furos 4 Peso do disco 2,58 kg  Adequado para: CITROEN Saxo 1.6 16V (188CV) de 02\/96 a 04\/02 CITROEN Xsara 2.0 16V (167CV) ) de 09\/ 97 a 2000 CITROEN Xsara 2.0 16V (167CV) Pin\u00e7a Bosch de 08\/00 CITROEN Xsara 2.0 16V (167CV) Pin\u00e7a Girling de 08\/00 CITROEN ZX 2.0 16V (167CV) de 05\/96 a 01\/98 PEUGEOT 106 Fase 2 1.6 Rallye (103CV) de 1996 PEUGEOT 106 Fase 2 1.6 S16 (118CV) de 1996 PEUGEOT 206 2.0 S16 \/ 1.6 16V de 04\/1999 PEUGEOT 206 RC (177CV) de 07\/2003 PEUGEOT 306 2.0 16V (163CV) de 403  Para um desempenho ideal, certifique-se de respeitar a fase de amaciamento descrita a seguir:  1. Feche a entrada dos resfriadores a 3\/4 2. Use pastilhas de amaciamento (duras) 3. Aque\u00e7a gradualmente os discos nos primeiros 15 quil\u00f4metros. 4. Use o ve\u00edculo normalmente sem ser violento nos freios. 5. Termine com 5 ou 6 travagens fortes. 6. Se forem utilizadas tintas t\u00e9rmicas (refer\u00eancia CP26491) somente a tinta verde (430\u00b0C) deve ter descolorido e a laranja mal iniciada (560\u00b0C).  Para operar com a maior efici\u00eancia e maior durabilidade poss\u00edvel, as temperaturas dos discos devem estar corretas e equilibradas. Em geral, todos os acionamentos de um ve\u00edculo devem operar nas mesmas temperaturas. A temperatura m\u00e1xima do disco deve ser compat\u00edvel com a qualidade das pastilhas utilizadas. As faces do disco n\u00e3o devem exceder as temperaturas m\u00e1ximas recomendadas para cada tipo de pastilha.","og_url":"https:\/\/autobarbosa.com\/es\/produto\/discos-travoes-tras-grn-saxo-106-206s16-205-306-247x8mm\/","og_site_name":"Auto Barbosa","article_publisher":"https:\/\/www.facebook.com\/autobarbosaoficina","article_modified_time":"2026-04-22T07:01:29+00:00","og_image":[{"width":598,"height":577,"url":"https:\/\/autobarbosa.com\/wp-content\/uploads\/2025\/11\/1dv00144.png","type":"image\/png"}],"twitter_card":"summary_large_image","twitter_misc":{"Tiempo de lectura":"2 minutos"},"schema":{"@context":"https:\/\/schema.org","@graph":[{"@type":"WebPage","@id":"https:\/\/autobarbosa.com\/es\/produto\/discos-travoes-tras-grn-saxo-106-206s16-205-306-247x8mm\/","url":"https:\/\/autobarbosa.com\/es\/produto\/discos-travoes-tras-grn-saxo-106-206s16-205-306-247x8mm\/","name":"DISCOS TRAVOES TRAS GRN SAXO\/106\/206S16\/205 \/306 - 247X8mm - Auto Barbosa","isPartOf":{"@id":"https:\/\/autobarbosa.com\/es\/#website"},"datePublished":"2025-11-26T08:01:41+00:00","dateModified":"2026-04-22T07:01:29+00:00","breadcrumb":{"@id":"https:\/\/autobarbosa.com\/es\/produto\/discos-travoes-tras-grn-saxo-106-206s16-205-306-247x8mm\/#breadcrumb"},"inLanguage":"es","potentialAction":[{"@type":"ReadAction","target":["https:\/\/autobarbosa.com\/es\/produto\/discos-travoes-tras-grn-saxo-106-206s16-205-306-247x8mm\/"]}]},{"@type":"BreadcrumbList","@id":"https:\/\/autobarbosa.com\/es\/produto\/discos-travoes-tras-grn-saxo-106-206s16-205-306-247x8mm\/#breadcrumb","itemListElement":[{"@type":"ListItem","position":1,"name":"In\u00edcio","item":"https:\/\/autobarbosa.com\/es\/"},{"@type":"ListItem","position":2,"name":"Loja","item":"https:\/\/autobarbosa.com\/"},{"@type":"ListItem","position":3,"name":"DISCOS TRAVOES TRAS GRN SAXO\/106\/206S16\/205 \/306 &#8211; 247X8mm"}]},{"@type":"WebSite","@id":"https:\/\/autobarbosa.com\/es\/#website","url":"https:\/\/autobarbosa.com\/es\/","name":"Auto Barbosa","description":"Site institucional","publisher":{"@id":"https:\/\/autobarbosa.com\/es\/#organization"},"potentialAction":[{"@type":"SearchAction","target":{"@type":"EntryPoint","urlTemplate":"https:\/\/autobarbosa.com\/es\/?s={search_term_string}"},"query-input":"required name=search_term_string"}],"inLanguage":"es"},{"@type":"Organization","@id":"https:\/\/autobarbosa.com\/es\/#organization","name":"Auto Barbosa","url":"https:\/\/autobarbosa.com\/es\/","logo":{"@type":"ImageObject","inLanguage":"es","@id":"https:\/\/autobarbosa.com\/es\/#\/schema\/logo\/image\/","url":"https:\/\/autobarbosa.com\/wp-content\/uploads\/2023\/03\/AUTO-BARBOSA-LOGO-1-e1678715539111.png","contentUrl":"https:\/\/autobarbosa.com\/wp-content\/uploads\/2023\/03\/AUTO-BARBOSA-LOGO-1-e1678715539111.png","width":3233,"height":3233,"caption":"Auto Barbosa"},"image":{"@id":"https:\/\/autobarbosa.com\/es\/#\/schema\/logo\/image\/"},"sameAs":["https:\/\/www.facebook.com\/autobarbosaoficina","https:\/\/www.instagram.com\/autobarbosa.oficina\/"]}]}},"_links":{"self":[{"href":"https:\/\/autobarbosa.com\/es\/wp-json\/wp\/v3\/product\/17469","targetHints":{"allow":["GET"]}}],"collection":[{"href":"https:\/\/autobarbosa.com\/es\/wp-json\/wp\/v3\/product"}],"about":[{"href":"https:\/\/autobarbosa.com\/es\/wp-json\/wp\/v2\/types\/product"}],"wp:featuredmedia":[{"embeddable":true,"href":"https:\/\/autobarbosa.com\/es\/wp-json\/wp\/v2\/media\/17465"}],"wp:attachment":[{"href":"https:\/\/autobarbosa.com\/es\/wp-json\/wp\/v2\/media?parent=17469"}],"wp:term":[{"taxonomy":"product_cat","embeddable":true,"href":"https:\/\/autobarbosa.com\/es\/wp-json\/wp\/v2\/product_cat?post=17469"},{"taxonomy":"product_tag","embeddable":true,"href":"https:\/\/autobarbosa.com\/es\/wp-json\/wp\/v2\/product_tag?post=17469"},{"taxonomy":"marca","embeddable":true,"href":"https:\/\/autobarbosa.com\/es\/wp-json\/wp\/v2\/marca?post=17469"}],"curies":[{"name":"wp","href":"https:\/\/api.w.org\/{rel}","templated":true}]}}