{"id":17485,"date":"2025-11-26T07:01:46","date_gmt":"2025-11-26T08:01:46","guid":{"rendered":"https:\/\/autobarbosa.com\/produto\/discos-travoes-frt-grn-citroen-saxo-p-bombas-brembo-ds3-peugeot-206rc-283mmx26mm\/"},"modified":"2026-04-22T07:01:32","modified_gmt":"2026-04-22T07:01:32","slug":"discos-travoes-frt-grn-citroen-saxo-p-bombas-brembo-ds3-peugeot-206rc-283mmx26mm","status":"publish","type":"product","link":"https:\/\/autobarbosa.com\/es\/produto\/discos-travoes-frt-grn-citroen-saxo-p-bombas-brembo-ds3-peugeot-206rc-283mmx26mm\/","title":{"rendered":"DISCOS TRAVOES FRT &#8211; GRN &#8211; CITROEN SAXO P\/ BOMBAS BREMBO &#8211; DS3\/ PEUGEOT 206RC -283mmx26mm"},"content":{"rendered":"<p>Discos de freio REDSPEC Grupo N para CITROEN DS3 ou PEUGEOT 206 RC 207 307 283&#215;26 mm dianteiros<\/p>\n<p>Os discos REDSPEC Grupo N passam por um tratamento t\u00e9rmico espec\u00edfico e um processo de usinagem particular, garantindo uma frenagem potente e dur\u00e1vel.<br \/>\nCombinadas com pastilhas de competi\u00e7\u00e3o, elas permitir\u00e3o uma frenagem mais tardia, mantendo o aumento da temperatura.<br \/>\nAssim voc\u00ea ganhar\u00e1 segundos preciosos na corrida e durante seus dias de circuito!<\/p>\n<p>Encaixa no lugar dos seus discos originais (dimens\u00f5es id\u00eanticas).<br \/>\nVerifique cuidadosamente a compatibilidade desses discos com seu ve\u00edculo.<br \/>\nEsses discos est\u00e3o em conformidade com as normas ISO 9001, ISO\/TS 16949 e T\u00dcV.<br \/>\nVendido em pares.<\/p>\n<p>Caracter\u00edsticas:<br \/>\nDisco dianteiro<br \/>\nTipo ventilado<br \/>\nDi\u00e2metro 283 mm<br \/>\nEspessura 26 mm<br \/>\nFuro 66 mm<br \/>\nN\u00famero de furos 4<br \/>\nPeso de um disco 7,16 kg<\/p>\n<p>Adequado para:<br \/>\nCITROEN DS3 1.6 THP a partir de 04\/2010<br \/>\nCITROEN C4 1.4 16V<br \/>\nCITROEN C4 1.6 16V<br \/>\nCITROEN C5 \/ Break 2.0 16V<br \/>\nCITROEN C5 \/ Break 2.0 16V HPI<br \/>\nCITROEN C5 \/ Break 2.0 HDI<br \/>\nCITROEN Xsara II 2.0 HDI<br \/>\nCITROEN Xsara II 2.0i 16V (167CV) BOSCH a partir de 08\/2000<br \/>\nCITROEN Xsara II Break 2.0 HDI<br \/>\nCITROEN Xsara II Break 2.0i 16V<br \/>\nCITROEN Xsara Picasso 1.6<br \/>\nPEUGEOT 206 RC (177CV) a partir de 07\/2003<br \/>\nPEUGEOT 207CC 1.6 16V a partir de 02\/2006<br \/>\nPEUGEOT 207CC 1.6 16V HDI a partir de 02\/2006<br \/>\nPEUGEOT 207\/SW 1.6 16V VTI a partir de 02\/2006 PEUGEOT<br \/>\n207\/SW 1.6 16V HDI a partir de 02\/2006<br \/>\nPEUGEOT 307CC 1.6 16V a partir de 03\/2005<br \/>\nPEUGEOT 307CC 2.0 16V 103 KW a partir de 10\/2003<br \/>\nPEUGEOT 307\/SW 1.6 16V a partir de 06\/2001<br \/>\nPEUGEOT 307\/SW 2.0 16 V a partir de 06\/2001<br \/>\nPEUGEOT 307\/SW 1.6 16 V HDI a partir de 02\/2004<br \/>\nPEUGEOT 307\/SW 2.0 16 V HDI a partir de 06\/2001<\/p>\n<p>Para um desempenho ideal, certifique-se de seguir a fase de rodagem descrita abaixo:<\/p>\n<p>1. Bloqueie a entrada do radiador 3\/4<br \/>\n2. Utilize pastilhas lapidadas (duras)<br \/>\n3. Aque\u00e7a gradualmente os discos durante os primeiros 15 quil\u00f4metros.<br \/>\n4. Use o ve\u00edculo normalmente sem usar os freios violentamente.<br \/>\n5. Termine com 5 ou 6 freadas bruscas.<br \/>\n6. Se forem utilizadas tintas t\u00e9rmicas (refer\u00eancia CP26491), apenas a tinta verde (430\u00b0C) deve estar esbranqui\u00e7ada e a laranja deve estar apenas come\u00e7ando a esbranqui\u00e7ar (560\u00b0C).<\/p>\n<p>Para operar com efici\u00eancia m\u00e1xima e durar o m\u00e1ximo poss\u00edvel, as temperaturas dos discos devem estar corretas e equilibradas.<br \/>\nGeralmente, todos os discos de um ve\u00edculo devem operar nas mesmas temperaturas.<br \/>\nA temperatura m\u00e1xima do disco deve ser compat\u00edvel com a qualidade das pastilhas utilizadas.<br \/>\nAs faces dos discos n\u00e3o devem exceder as temperaturas m\u00e1ximas recomendadas para cada tipo de pastilha.<\/p>\n","protected":false},"excerpt":{"rendered":"<p>Discos de freio REDSPEC Grupo N para CITROEN DS3 ou PEUGEOT 206 RC 207 307 283&#215;26 mm dianteiros<\/p>\n<p>Os discos REDSPEC Grupo N passam por um tratamento t\u00e9rmico espec\u00edfico e um processo de usinagem particular, garantindo uma frenagem potente e dur\u00e1vel.<br \/>\nCombinadas com pastilhas de competi\u00e7\u00e3o, elas permitir\u00e3o uma frenagem mais tardia, mantendo o aumento da temperatura.<br \/>\nAssim voc\u00ea ganhar\u00e1 segundos preciosos na corrida e durante seus dias de circuito!<\/p>\n<p>Encaixa no lugar dos seus discos originais (dimens\u00f5es id\u00eanticas).<br \/>\nVerifique cuidadosamente a compatibilidade desses discos com seu ve\u00edculo.<br \/>\nEsses discos est\u00e3o em conformidade com as normas ISO 9001, ISO\/TS 16949 e T\u00dcV.<br \/>\nVendido em pares.<\/p>\n<p>Caracter\u00edsticas:<br \/>\nDisco dianteiro<br \/>\nTipo ventilado<br \/>\nDi\u00e2metro 283 mm<br \/>\nEspessura 26 mm<br \/>\nFuro 66 mm<br \/>\nN\u00famero de furos 4<br \/>\nPeso de um disco 7,16 kg<\/p>\n<p>Adequado para:<br \/>\nCITROEN DS3 1.6 THP a partir de 04\/2010<br \/>\nCITROEN C4 1.4 16V<br \/>\nCITROEN C4 1.6 16V<br \/>\nCITROEN C5 \/ Break 2.0 16V<br \/>\nCITROEN C5 \/ Break 2.0 16V HPI<br \/>\nCITROEN C5 \/ Break 2.0 HDI<br \/>\nCITROEN Xsara II 2.0 HDI<br \/>\nCITROEN Xsara II 2.0i 16V (167CV) BOSCH a partir de 08\/2000<br \/>\nCITROEN Xsara II Break 2.0 HDI<br \/>\nCITROEN Xsara II Break 2.0i 16V<br \/>\nCITROEN Xsara Picasso 1.6<br \/>\nPEUGEOT 206 RC (177CV) a partir de 07\/2003<br \/>\nPEUGEOT 207CC 1.6 16V a partir de 02\/2006<br \/>\nPEUGEOT 207CC 1.6 16V HDI a partir de 02\/2006<br \/>\nPEUGEOT 207\/SW 1.6 16V VTI a partir de 02\/2006 PEUGEOT<br \/>\n207\/SW 1.6 16V HDI a partir de 02\/2006<br \/>\nPEUGEOT 307CC 1.6 16V a partir de 03\/2005<br \/>\nPEUGEOT 307CC 2.0 16V 103 KW a partir de 10\/2003<br \/>\nPEUGEOT 307\/SW 1.6 16V a partir de 06\/2001<br \/>\nPEUGEOT 307\/SW 2.0 16 V a partir de 06\/2001<br \/>\nPEUGEOT 307\/SW 1.6 16 V HDI a partir de 02\/2004<br \/>\nPEUGEOT 307\/SW 2.0 16 V HDI a partir de 06\/2001<\/p>\n<p>Para um desempenho ideal, certifique-se de seguir a fase de rodagem descrita abaixo:<\/p>\n<p>1. Bloqueie a entrada do radiador 3\/4<br \/>\n2. Utilize pastilhas lapidadas (duras)<br \/>\n3. Aque\u00e7a gradualmente os discos durante os primeiros 15 quil\u00f4metros.<br \/>\n4. Use o ve\u00edculo normalmente sem usar os freios violentamente.<br \/>\n5. Termine com 5 ou 6 freadas bruscas.<br \/>\n6. Se forem utilizadas tintas t\u00e9rmicas (refer\u00eancia CP26491), apenas a tinta verde (430\u00b0C) deve estar esbranqui\u00e7ada e a laranja deve estar apenas come\u00e7ando a esbranqui\u00e7ar (560\u00b0C).<\/p>\n<p>Para operar com efici\u00eancia m\u00e1xima e durar o m\u00e1ximo poss\u00edvel, as temperaturas dos discos devem estar corretas e equilibradas.<br \/>\nGeralmente, todos os discos de um ve\u00edculo devem operar nas mesmas temperaturas.<br \/>\nA temperatura m\u00e1xima do disco deve ser compat\u00edvel com a qualidade das pastilhas utilizadas.<br \/>\nAs faces dos discos n\u00e3o devem exceder as temperaturas m\u00e1ximas recomendadas para cada tipo de pastilha.<\/p>\n","protected":false},"featured_media":17481,"template":"","meta":[],"product_cat":[479,484,506],"product_tag":[],"marca":[121],"class_list":["post-17485","product","type-product","status-publish","has-post-thumbnail","hentry","product_cat-viatura","product_cat-sistema-travagem","product_cat-discos-travoes","marca-red-spec"],"yoast_head":"<!-- This site is optimized with the Yoast SEO plugin v20.5 - https:\/\/yoast.com\/wordpress\/plugins\/seo\/ -->\n<title>DISCOS TRAVOES FRT - GRN - CITROEN SAXO P\/ BOMBAS BREMBO - DS3\/ PEUGEOT 206RC -283mmx26mm - Auto Barbosa<\/title>\n<meta name=\"robots\" content=\"index, follow, max-snippet:-1, max-image-preview:large, max-video-preview:-1\" \/>\n<link rel=\"canonical\" href=\"https:\/\/autobarbosa.com\/es\/produto\/discos-travoes-frt-grn-citroen-saxo-p-bombas-brembo-ds3-peugeot-206rc-283mmx26mm\/\" \/>\n<meta property=\"og:locale\" content=\"es_ES\" \/>\n<meta property=\"og:type\" content=\"article\" \/>\n<meta property=\"og:title\" content=\"DISCOS TRAVOES FRT - GRN - CITROEN SAXO P\/ BOMBAS BREMBO - DS3\/ PEUGEOT 206RC -283mmx26mm - Auto Barbosa\" \/>\n<meta property=\"og:description\" content=\"Discos de freio REDSPEC Grupo N para CITROEN DS3 ou PEUGEOT 206 RC 207 307 283x26 mm dianteiros  Os discos REDSPEC Grupo N passam por um tratamento t\u00e9rmico espec\u00edfico e um processo de usinagem particular, garantindo uma frenagem potente e dur\u00e1vel. Combinadas com pastilhas de competi\u00e7\u00e3o, elas permitir\u00e3o uma frenagem mais tardia, mantendo o aumento da temperatura. Assim voc\u00ea ganhar\u00e1 segundos preciosos na corrida e durante seus dias de circuito!  Encaixa no lugar dos seus discos originais (dimens\u00f5es id\u00eanticas). Verifique cuidadosamente a compatibilidade desses discos com seu ve\u00edculo. Esses discos est\u00e3o em conformidade com as normas ISO 9001, ISO\/TS 16949 e T\u00dcV. Vendido em pares.  Caracter\u00edsticas: Disco dianteiro Tipo ventilado Di\u00e2metro 283 mm Espessura 26 mm Furo 66 mm N\u00famero de furos 4 Peso de um disco 7,16 kg  Adequado para: CITROEN DS3 1.6 THP a partir de 04\/2010 CITROEN C4 1.4 16V CITROEN C4 1.6 16V CITROEN C5 \/ Break 2.0 16V CITROEN C5 \/ Break 2.0 16V HPI CITROEN C5 \/ Break 2.0 HDI CITROEN Xsara II 2.0 HDI CITROEN Xsara II 2.0i 16V (167CV) BOSCH a partir de 08\/2000 CITROEN Xsara II Break 2.0 HDI CITROEN Xsara II Break 2.0i 16V CITROEN Xsara Picasso 1.6 PEUGEOT 206 RC (177CV) a partir de 07\/2003 PEUGEOT 207CC 1.6 16V a partir de 02\/2006 PEUGEOT 207CC 1.6 16V HDI a partir de 02\/2006 PEUGEOT 207\/SW 1.6 16V VTI a partir de 02\/2006 PEUGEOT 207\/SW 1.6 16V HDI a partir de 02\/2006 PEUGEOT 307CC 1.6 16V a partir de 03\/2005 PEUGEOT 307CC 2.0 16V 103 KW a partir de 10\/2003 PEUGEOT 307\/SW 1.6 16V a partir de 06\/2001 PEUGEOT 307\/SW 2.0 16 V a partir de 06\/2001 PEUGEOT 307\/SW 1.6 16 V HDI a partir de 02\/2004 PEUGEOT 307\/SW 2.0 16 V HDI a partir de 06\/2001  Para um desempenho ideal, certifique-se de seguir a fase de rodagem descrita abaixo:  1. Bloqueie a entrada do radiador 3\/4 2. Utilize pastilhas lapidadas (duras) 3. Aque\u00e7a gradualmente os discos durante os primeiros 15 quil\u00f4metros. 4. Use o ve\u00edculo normalmente sem usar os freios violentamente. 5. Termine com 5 ou 6 freadas bruscas. 6. Se forem utilizadas tintas t\u00e9rmicas (refer\u00eancia CP26491), apenas a tinta verde (430\u00b0C) deve estar esbranqui\u00e7ada e a laranja deve estar apenas come\u00e7ando a esbranqui\u00e7ar (560\u00b0C).  Para operar com efici\u00eancia m\u00e1xima e durar o m\u00e1ximo poss\u00edvel, as temperaturas dos discos devem estar corretas e equilibradas. Geralmente, todos os discos de um ve\u00edculo devem operar nas mesmas temperaturas. A temperatura m\u00e1xima do disco deve ser compat\u00edvel com a qualidade das pastilhas utilizadas. As faces dos discos n\u00e3o devem exceder as temperaturas m\u00e1ximas recomendadas para cada tipo de pastilha.\" \/>\n<meta property=\"og:url\" content=\"https:\/\/autobarbosa.com\/es\/produto\/discos-travoes-frt-grn-citroen-saxo-p-bombas-brembo-ds3-peugeot-206rc-283mmx26mm\/\" \/>\n<meta property=\"og:site_name\" content=\"Auto Barbosa\" \/>\n<meta property=\"article:publisher\" content=\"https:\/\/www.facebook.com\/autobarbosaoficina\" \/>\n<meta property=\"article:modified_time\" content=\"2026-04-22T07:01:32+00:00\" \/>\n<meta property=\"og:image\" content=\"https:\/\/autobarbosa.com\/wp-content\/uploads\/2025\/11\/1dv00477.png\" \/>\n\t<meta property=\"og:image:width\" content=\"800\" \/>\n\t<meta property=\"og:image:height\" content=\"800\" \/>\n\t<meta property=\"og:image:type\" content=\"image\/png\" \/>\n<meta name=\"twitter:card\" content=\"summary_large_image\" \/>\n<meta name=\"twitter:label1\" content=\"Tiempo de lectura\" \/>\n\t<meta name=\"twitter:data1\" content=\"2 minutos\" \/>\n<script type=\"application\/ld+json\" class=\"yoast-schema-graph\">{\"@context\":\"https:\/\/schema.org\",\"@graph\":[{\"@type\":\"WebPage\",\"@id\":\"https:\/\/autobarbosa.com\/es\/produto\/discos-travoes-frt-grn-citroen-saxo-p-bombas-brembo-ds3-peugeot-206rc-283mmx26mm\/\",\"url\":\"https:\/\/autobarbosa.com\/es\/produto\/discos-travoes-frt-grn-citroen-saxo-p-bombas-brembo-ds3-peugeot-206rc-283mmx26mm\/\",\"name\":\"DISCOS TRAVOES FRT - GRN - CITROEN SAXO P\/ BOMBAS BREMBO - DS3\/ PEUGEOT 206RC -283mmx26mm - Auto Barbosa\",\"isPartOf\":{\"@id\":\"https:\/\/autobarbosa.com\/es\/#website\"},\"datePublished\":\"2025-11-26T08:01:46+00:00\",\"dateModified\":\"2026-04-22T07:01:32+00:00\",\"breadcrumb\":{\"@id\":\"https:\/\/autobarbosa.com\/es\/produto\/discos-travoes-frt-grn-citroen-saxo-p-bombas-brembo-ds3-peugeot-206rc-283mmx26mm\/#breadcrumb\"},\"inLanguage\":\"es\",\"potentialAction\":[{\"@type\":\"ReadAction\",\"target\":[\"https:\/\/autobarbosa.com\/es\/produto\/discos-travoes-frt-grn-citroen-saxo-p-bombas-brembo-ds3-peugeot-206rc-283mmx26mm\/\"]}]},{\"@type\":\"BreadcrumbList\",\"@id\":\"https:\/\/autobarbosa.com\/es\/produto\/discos-travoes-frt-grn-citroen-saxo-p-bombas-brembo-ds3-peugeot-206rc-283mmx26mm\/#breadcrumb\",\"itemListElement\":[{\"@type\":\"ListItem\",\"position\":1,\"name\":\"In\u00edcio\",\"item\":\"https:\/\/autobarbosa.com\/es\/\"},{\"@type\":\"ListItem\",\"position\":2,\"name\":\"Loja\",\"item\":\"https:\/\/autobarbosa.com\/\"},{\"@type\":\"ListItem\",\"position\":3,\"name\":\"DISCOS TRAVOES FRT &#8211; GRN &#8211; CITROEN SAXO P\/ BOMBAS BREMBO &#8211; DS3\/ PEUGEOT 206RC -283mmx26mm\"}]},{\"@type\":\"WebSite\",\"@id\":\"https:\/\/autobarbosa.com\/es\/#website\",\"url\":\"https:\/\/autobarbosa.com\/es\/\",\"name\":\"Auto Barbosa\",\"description\":\"Site institucional\",\"publisher\":{\"@id\":\"https:\/\/autobarbosa.com\/es\/#organization\"},\"potentialAction\":[{\"@type\":\"SearchAction\",\"target\":{\"@type\":\"EntryPoint\",\"urlTemplate\":\"https:\/\/autobarbosa.com\/es\/?s={search_term_string}\"},\"query-input\":\"required name=search_term_string\"}],\"inLanguage\":\"es\"},{\"@type\":\"Organization\",\"@id\":\"https:\/\/autobarbosa.com\/es\/#organization\",\"name\":\"Auto Barbosa\",\"url\":\"https:\/\/autobarbosa.com\/es\/\",\"logo\":{\"@type\":\"ImageObject\",\"inLanguage\":\"es\",\"@id\":\"https:\/\/autobarbosa.com\/es\/#\/schema\/logo\/image\/\",\"url\":\"https:\/\/autobarbosa.com\/wp-content\/uploads\/2023\/03\/AUTO-BARBOSA-LOGO-1-e1678715539111.png\",\"contentUrl\":\"https:\/\/autobarbosa.com\/wp-content\/uploads\/2023\/03\/AUTO-BARBOSA-LOGO-1-e1678715539111.png\",\"width\":3233,\"height\":3233,\"caption\":\"Auto Barbosa\"},\"image\":{\"@id\":\"https:\/\/autobarbosa.com\/es\/#\/schema\/logo\/image\/\"},\"sameAs\":[\"https:\/\/www.facebook.com\/autobarbosaoficina\",\"https:\/\/www.instagram.com\/autobarbosa.oficina\/\"]}]}<\/script>\n<!-- \/ Yoast SEO plugin. -->","yoast_head_json":{"title":"DISCOS TRAVOES FRT - GRN - CITROEN SAXO P\/ BOMBAS BREMBO - DS3\/ PEUGEOT 206RC -283mmx26mm - Auto Barbosa","robots":{"index":"index","follow":"follow","max-snippet":"max-snippet:-1","max-image-preview":"max-image-preview:large","max-video-preview":"max-video-preview:-1"},"canonical":"https:\/\/autobarbosa.com\/es\/produto\/discos-travoes-frt-grn-citroen-saxo-p-bombas-brembo-ds3-peugeot-206rc-283mmx26mm\/","og_locale":"es_ES","og_type":"article","og_title":"DISCOS TRAVOES FRT - GRN - CITROEN SAXO P\/ BOMBAS BREMBO - DS3\/ PEUGEOT 206RC -283mmx26mm - Auto Barbosa","og_description":"Discos de freio REDSPEC Grupo N para CITROEN DS3 ou PEUGEOT 206 RC 207 307 283x26 mm dianteiros  Os discos REDSPEC Grupo N passam por um tratamento t\u00e9rmico espec\u00edfico e um processo de usinagem particular, garantindo uma frenagem potente e dur\u00e1vel. Combinadas com pastilhas de competi\u00e7\u00e3o, elas permitir\u00e3o uma frenagem mais tardia, mantendo o aumento da temperatura. Assim voc\u00ea ganhar\u00e1 segundos preciosos na corrida e durante seus dias de circuito!  Encaixa no lugar dos seus discos originais (dimens\u00f5es id\u00eanticas). Verifique cuidadosamente a compatibilidade desses discos com seu ve\u00edculo. Esses discos est\u00e3o em conformidade com as normas ISO 9001, ISO\/TS 16949 e T\u00dcV. Vendido em pares.  Caracter\u00edsticas: Disco dianteiro Tipo ventilado Di\u00e2metro 283 mm Espessura 26 mm Furo 66 mm N\u00famero de furos 4 Peso de um disco 7,16 kg  Adequado para: CITROEN DS3 1.6 THP a partir de 04\/2010 CITROEN C4 1.4 16V CITROEN C4 1.6 16V CITROEN C5 \/ Break 2.0 16V CITROEN C5 \/ Break 2.0 16V HPI CITROEN C5 \/ Break 2.0 HDI CITROEN Xsara II 2.0 HDI CITROEN Xsara II 2.0i 16V (167CV) BOSCH a partir de 08\/2000 CITROEN Xsara II Break 2.0 HDI CITROEN Xsara II Break 2.0i 16V CITROEN Xsara Picasso 1.6 PEUGEOT 206 RC (177CV) a partir de 07\/2003 PEUGEOT 207CC 1.6 16V a partir de 02\/2006 PEUGEOT 207CC 1.6 16V HDI a partir de 02\/2006 PEUGEOT 207\/SW 1.6 16V VTI a partir de 02\/2006 PEUGEOT 207\/SW 1.6 16V HDI a partir de 02\/2006 PEUGEOT 307CC 1.6 16V a partir de 03\/2005 PEUGEOT 307CC 2.0 16V 103 KW a partir de 10\/2003 PEUGEOT 307\/SW 1.6 16V a partir de 06\/2001 PEUGEOT 307\/SW 2.0 16 V a partir de 06\/2001 PEUGEOT 307\/SW 1.6 16 V HDI a partir de 02\/2004 PEUGEOT 307\/SW 2.0 16 V HDI a partir de 06\/2001  Para um desempenho ideal, certifique-se de seguir a fase de rodagem descrita abaixo:  1. Bloqueie a entrada do radiador 3\/4 2. Utilize pastilhas lapidadas (duras) 3. Aque\u00e7a gradualmente os discos durante os primeiros 15 quil\u00f4metros. 4. Use o ve\u00edculo normalmente sem usar os freios violentamente. 5. Termine com 5 ou 6 freadas bruscas. 6. Se forem utilizadas tintas t\u00e9rmicas (refer\u00eancia CP26491), apenas a tinta verde (430\u00b0C) deve estar esbranqui\u00e7ada e a laranja deve estar apenas come\u00e7ando a esbranqui\u00e7ar (560\u00b0C).  Para operar com efici\u00eancia m\u00e1xima e durar o m\u00e1ximo poss\u00edvel, as temperaturas dos discos devem estar corretas e equilibradas. Geralmente, todos os discos de um ve\u00edculo devem operar nas mesmas temperaturas. A temperatura m\u00e1xima do disco deve ser compat\u00edvel com a qualidade das pastilhas utilizadas. As faces dos discos n\u00e3o devem exceder as temperaturas m\u00e1ximas recomendadas para cada tipo de pastilha.","og_url":"https:\/\/autobarbosa.com\/es\/produto\/discos-travoes-frt-grn-citroen-saxo-p-bombas-brembo-ds3-peugeot-206rc-283mmx26mm\/","og_site_name":"Auto Barbosa","article_publisher":"https:\/\/www.facebook.com\/autobarbosaoficina","article_modified_time":"2026-04-22T07:01:32+00:00","og_image":[{"width":800,"height":800,"url":"https:\/\/autobarbosa.com\/wp-content\/uploads\/2025\/11\/1dv00477.png","type":"image\/png"}],"twitter_card":"summary_large_image","twitter_misc":{"Tiempo de lectura":"2 minutos"},"schema":{"@context":"https:\/\/schema.org","@graph":[{"@type":"WebPage","@id":"https:\/\/autobarbosa.com\/es\/produto\/discos-travoes-frt-grn-citroen-saxo-p-bombas-brembo-ds3-peugeot-206rc-283mmx26mm\/","url":"https:\/\/autobarbosa.com\/es\/produto\/discos-travoes-frt-grn-citroen-saxo-p-bombas-brembo-ds3-peugeot-206rc-283mmx26mm\/","name":"DISCOS TRAVOES FRT - GRN - CITROEN SAXO P\/ BOMBAS BREMBO - DS3\/ PEUGEOT 206RC -283mmx26mm - Auto Barbosa","isPartOf":{"@id":"https:\/\/autobarbosa.com\/es\/#website"},"datePublished":"2025-11-26T08:01:46+00:00","dateModified":"2026-04-22T07:01:32+00:00","breadcrumb":{"@id":"https:\/\/autobarbosa.com\/es\/produto\/discos-travoes-frt-grn-citroen-saxo-p-bombas-brembo-ds3-peugeot-206rc-283mmx26mm\/#breadcrumb"},"inLanguage":"es","potentialAction":[{"@type":"ReadAction","target":["https:\/\/autobarbosa.com\/es\/produto\/discos-travoes-frt-grn-citroen-saxo-p-bombas-brembo-ds3-peugeot-206rc-283mmx26mm\/"]}]},{"@type":"BreadcrumbList","@id":"https:\/\/autobarbosa.com\/es\/produto\/discos-travoes-frt-grn-citroen-saxo-p-bombas-brembo-ds3-peugeot-206rc-283mmx26mm\/#breadcrumb","itemListElement":[{"@type":"ListItem","position":1,"name":"In\u00edcio","item":"https:\/\/autobarbosa.com\/es\/"},{"@type":"ListItem","position":2,"name":"Loja","item":"https:\/\/autobarbosa.com\/"},{"@type":"ListItem","position":3,"name":"DISCOS TRAVOES FRT &#8211; GRN &#8211; CITROEN SAXO P\/ BOMBAS BREMBO &#8211; DS3\/ PEUGEOT 206RC -283mmx26mm"}]},{"@type":"WebSite","@id":"https:\/\/autobarbosa.com\/es\/#website","url":"https:\/\/autobarbosa.com\/es\/","name":"Auto Barbosa","description":"Site institucional","publisher":{"@id":"https:\/\/autobarbosa.com\/es\/#organization"},"potentialAction":[{"@type":"SearchAction","target":{"@type":"EntryPoint","urlTemplate":"https:\/\/autobarbosa.com\/es\/?s={search_term_string}"},"query-input":"required name=search_term_string"}],"inLanguage":"es"},{"@type":"Organization","@id":"https:\/\/autobarbosa.com\/es\/#organization","name":"Auto Barbosa","url":"https:\/\/autobarbosa.com\/es\/","logo":{"@type":"ImageObject","inLanguage":"es","@id":"https:\/\/autobarbosa.com\/es\/#\/schema\/logo\/image\/","url":"https:\/\/autobarbosa.com\/wp-content\/uploads\/2023\/03\/AUTO-BARBOSA-LOGO-1-e1678715539111.png","contentUrl":"https:\/\/autobarbosa.com\/wp-content\/uploads\/2023\/03\/AUTO-BARBOSA-LOGO-1-e1678715539111.png","width":3233,"height":3233,"caption":"Auto Barbosa"},"image":{"@id":"https:\/\/autobarbosa.com\/es\/#\/schema\/logo\/image\/"},"sameAs":["https:\/\/www.facebook.com\/autobarbosaoficina","https:\/\/www.instagram.com\/autobarbosa.oficina\/"]}]}},"_links":{"self":[{"href":"https:\/\/autobarbosa.com\/es\/wp-json\/wp\/v3\/product\/17485","targetHints":{"allow":["GET"]}}],"collection":[{"href":"https:\/\/autobarbosa.com\/es\/wp-json\/wp\/v3\/product"}],"about":[{"href":"https:\/\/autobarbosa.com\/es\/wp-json\/wp\/v2\/types\/product"}],"wp:featuredmedia":[{"embeddable":true,"href":"https:\/\/autobarbosa.com\/es\/wp-json\/wp\/v2\/media\/17481"}],"wp:attachment":[{"href":"https:\/\/autobarbosa.com\/es\/wp-json\/wp\/v2\/media?parent=17485"}],"wp:term":[{"taxonomy":"product_cat","embeddable":true,"href":"https:\/\/autobarbosa.com\/es\/wp-json\/wp\/v2\/product_cat?post=17485"},{"taxonomy":"product_tag","embeddable":true,"href":"https:\/\/autobarbosa.com\/es\/wp-json\/wp\/v2\/product_tag?post=17485"},{"taxonomy":"marca","embeddable":true,"href":"https:\/\/autobarbosa.com\/es\/wp-json\/wp\/v2\/marca?post=17485"}],"curies":[{"name":"wp","href":"https:\/\/api.w.org\/{rel}","templated":true}]}}