{"id":17517,"date":"2025-11-26T07:01:55","date_gmt":"2025-11-26T08:01:55","guid":{"rendered":"https:\/\/autobarbosa.com\/produto\/disco-travoes-frt-ventilado-rasurado-323x28mm-peugeot-208-gti\/"},"modified":"2026-04-22T07:01:38","modified_gmt":"2026-04-22T07:01:38","slug":"disco-travoes-frt-ventilado-rasurado-323x28mm-peugeot-208-gti","status":"publish","type":"product","link":"https:\/\/autobarbosa.com\/es\/produto\/disco-travoes-frt-ventilado-rasurado-323x28mm-peugeot-208-gti\/","title":{"rendered":"DISCO TRAVOES FRT VENTILADO RASURADO 323X28mm  PEUGEOT 208 GTI"},"content":{"rendered":"<p>Discos de Trav\u00f5es  dianteiros perfurados ranhurados REDSPEC para trav\u00f5es grandes PEUGEOT 208 GTi 30th ou BPS \/ CITROEN DS3 Performance 323x28mm<\/p>\n<p>Com um visual radical, os discos ranhurados perfurados possuem aberturas para f\u00e1cil dissipa\u00e7\u00e3o de calor e canais para limpar a superf\u00edcie da pastilha a cada aplica\u00e7\u00e3o do freio.<br \/>\nTodos os componentes para uma frenagem ideal!<\/p>\n<p>Cabe no lugar de seus discos originais (dimens\u00f5es id\u00eanticas).<br \/>\nVerifique cuidadosamente a compatibilidade desses discos com o seu ve\u00edculo.<br \/>\nEsses discos est\u00e3o em conformidade com os padr\u00f5es ISO 9001, ISO\/TS 16949 e T\u00dcV.<br \/>\nVendido em pares.<\/p>\n<p>Para um desempenho ideal, certifique-se de seguir a fase de rodagem descrita abaixo:<br \/>\n1. 1. Conecte a entrada do refrigerador a 3\/4<br \/>\n2. 2. Use inser\u00e7\u00f5es retificadas (duras).<br \/>\n3. Aque\u00e7a gradualmente os discos nos primeiros 15 quil\u00f4metros.<br \/>\n4. 4. Use o ve\u00edculo normalmente sem ser violento nos freios.<br \/>\n5. 5. Acabamento com 5 ou 6 aplica\u00e7\u00f5es de freio duro.<br \/>\n6. Se forem usadas tintas t\u00e9rmicas (n\u00famero de pe\u00e7a CP26491), apenas a tinta verde (430 \u00b0 C) deve ter clareado e a tinta laranja mal deve come\u00e7ar (560 \u00b0 C).<\/p>\n<p>Para operar com a melhor efici\u00eancia e durar o maior tempo poss\u00edvel, as temperaturas do disco devem estar corretas e equilibradas.<br \/>\nEm geral, todos os discos de um ve\u00edculo devem operar na mesma temperatura.<br \/>\nA temperatura m\u00e1xima do disco deve ser compat\u00edvel com a qualidade das pastilhas utilizadas.<br \/>\nAs faces do disco n\u00e3o devem exceder as temperaturas m\u00e1ximas recomendadas para cada tipo de inserto.<\/p>\n","protected":false},"excerpt":{"rendered":"<p>Discos de Trav\u00f5es  dianteiros perfurados ranhurados REDSPEC para trav\u00f5es grandes PEUGEOT 208 GTi 30th ou BPS \/ CITROEN DS3 Performance 323x28mm<\/p>\n<p>Com um visual radical, os discos ranhurados perfurados possuem aberturas para f\u00e1cil dissipa\u00e7\u00e3o de calor e canais para limpar a superf\u00edcie da pastilha a cada aplica\u00e7\u00e3o do freio.<br \/>\nTodos os componentes para uma frenagem ideal!<\/p>\n<p>Cabe no lugar de seus discos originais (dimens\u00f5es id\u00eanticas).<br \/>\nVerifique cuidadosamente a compatibilidade desses discos com o seu ve\u00edculo.<br \/>\nEsses discos est\u00e3o em conformidade com os padr\u00f5es ISO 9001, ISO\/TS 16949 e T\u00dcV.<br \/>\nVendido em pares.<\/p>\n<p>Para um desempenho ideal, certifique-se de seguir a fase de rodagem descrita abaixo:<br \/>\n1. 1. Conecte a entrada do refrigerador a 3\/4<br \/>\n2. 2. Use inser\u00e7\u00f5es retificadas (duras).<br \/>\n3. Aque\u00e7a gradualmente os discos nos primeiros 15 quil\u00f4metros.<br \/>\n4. 4. Use o ve\u00edculo normalmente sem ser violento nos freios.<br \/>\n5. 5. Acabamento com 5 ou 6 aplica\u00e7\u00f5es de freio duro.<br \/>\n6. Se forem usadas tintas t\u00e9rmicas (n\u00famero de pe\u00e7a CP26491), apenas a tinta verde (430 \u00b0 C) deve ter clareado e a tinta laranja mal deve come\u00e7ar (560 \u00b0 C).<\/p>\n<p>Para operar com a melhor efici\u00eancia e durar o maior tempo poss\u00edvel, as temperaturas do disco devem estar corretas e equilibradas.<br \/>\nEm geral, todos os discos de um ve\u00edculo devem operar na mesma temperatura.<br \/>\nA temperatura m\u00e1xima do disco deve ser compat\u00edvel com a qualidade das pastilhas utilizadas.<br \/>\nAs faces do disco n\u00e3o devem exceder as temperaturas m\u00e1ximas recomendadas para cada tipo de inserto.<\/p>\n","protected":false},"featured_media":17513,"template":"","meta":[],"product_cat":[479,484,506],"product_tag":[],"marca":[121],"class_list":["post-17517","product","type-product","status-publish","has-post-thumbnail","hentry","product_cat-viatura","product_cat-sistema-travagem","product_cat-discos-travoes","marca-red-spec"],"yoast_head":"<!-- This site is optimized with the Yoast SEO plugin v20.5 - https:\/\/yoast.com\/wordpress\/plugins\/seo\/ -->\n<title>DISCO TRAVOES FRT VENTILADO RASURADO 323X28mm PEUGEOT 208 GTI - Auto Barbosa<\/title>\n<meta name=\"robots\" content=\"index, follow, max-snippet:-1, max-image-preview:large, max-video-preview:-1\" \/>\n<link rel=\"canonical\" href=\"https:\/\/autobarbosa.com\/es\/produto\/disco-travoes-frt-ventilado-rasurado-323x28mm-peugeot-208-gti\/\" \/>\n<meta property=\"og:locale\" content=\"es_ES\" \/>\n<meta property=\"og:type\" content=\"article\" \/>\n<meta property=\"og:title\" content=\"DISCO TRAVOES FRT VENTILADO RASURADO 323X28mm PEUGEOT 208 GTI - Auto Barbosa\" \/>\n<meta property=\"og:description\" content=\"Discos de Trav\u00f5es dianteiros perfurados ranhurados REDSPEC para trav\u00f5es grandes PEUGEOT 208 GTi 30th ou BPS \/ CITROEN DS3 Performance 323x28mm  Com um visual radical, os discos ranhurados perfurados possuem aberturas para f\u00e1cil dissipa\u00e7\u00e3o de calor e canais para limpar a superf\u00edcie da pastilha a cada aplica\u00e7\u00e3o do freio. Todos os componentes para uma frenagem ideal!  Cabe no lugar de seus discos originais (dimens\u00f5es id\u00eanticas). Verifique cuidadosamente a compatibilidade desses discos com o seu ve\u00edculo. Esses discos est\u00e3o em conformidade com os padr\u00f5es ISO 9001, ISO\/TS 16949 e T\u00dcV. Vendido em pares.  Para um desempenho ideal, certifique-se de seguir a fase de rodagem descrita abaixo: 1. 1. Conecte a entrada do refrigerador a 3\/4 2. 2. Use inser\u00e7\u00f5es retificadas (duras). 3. Aque\u00e7a gradualmente os discos nos primeiros 15 quil\u00f4metros. 4. 4. Use o ve\u00edculo normalmente sem ser violento nos freios. 5. 5. Acabamento com 5 ou 6 aplica\u00e7\u00f5es de freio duro. 6. Se forem usadas tintas t\u00e9rmicas (n\u00famero de pe\u00e7a CP26491), apenas a tinta verde (430 \u00b0 C) deve ter clareado e a tinta laranja mal deve come\u00e7ar (560 \u00b0 C).  Para operar com a melhor efici\u00eancia e durar o maior tempo poss\u00edvel, as temperaturas do disco devem estar corretas e equilibradas. Em geral, todos os discos de um ve\u00edculo devem operar na mesma temperatura. A temperatura m\u00e1xima do disco deve ser compat\u00edvel com a qualidade das pastilhas utilizadas. As faces do disco n\u00e3o devem exceder as temperaturas m\u00e1ximas recomendadas para cada tipo de inserto.\" \/>\n<meta property=\"og:url\" content=\"https:\/\/autobarbosa.com\/es\/produto\/disco-travoes-frt-ventilado-rasurado-323x28mm-peugeot-208-gti\/\" \/>\n<meta property=\"og:site_name\" content=\"Auto Barbosa\" \/>\n<meta property=\"article:publisher\" content=\"https:\/\/www.facebook.com\/autobarbosaoficina\" \/>\n<meta property=\"article:modified_time\" content=\"2026-04-22T07:01:38+00:00\" \/>\n<meta property=\"og:image\" content=\"https:\/\/autobarbosa.com\/wp-content\/uploads\/2025\/11\/1dvhpd1909.png\" \/>\n\t<meta property=\"og:image:width\" content=\"800\" \/>\n\t<meta property=\"og:image:height\" content=\"800\" \/>\n\t<meta property=\"og:image:type\" content=\"image\/png\" \/>\n<meta name=\"twitter:card\" content=\"summary_large_image\" \/>\n<meta name=\"twitter:label1\" content=\"Tiempo de lectura\" \/>\n\t<meta name=\"twitter:data1\" content=\"1 minuto\" \/>\n<script type=\"application\/ld+json\" class=\"yoast-schema-graph\">{\"@context\":\"https:\/\/schema.org\",\"@graph\":[{\"@type\":\"WebPage\",\"@id\":\"https:\/\/autobarbosa.com\/es\/produto\/disco-travoes-frt-ventilado-rasurado-323x28mm-peugeot-208-gti\/\",\"url\":\"https:\/\/autobarbosa.com\/es\/produto\/disco-travoes-frt-ventilado-rasurado-323x28mm-peugeot-208-gti\/\",\"name\":\"DISCO TRAVOES FRT VENTILADO RASURADO 323X28mm PEUGEOT 208 GTI - Auto Barbosa\",\"isPartOf\":{\"@id\":\"https:\/\/autobarbosa.com\/es\/#website\"},\"datePublished\":\"2025-11-26T08:01:55+00:00\",\"dateModified\":\"2026-04-22T07:01:38+00:00\",\"breadcrumb\":{\"@id\":\"https:\/\/autobarbosa.com\/es\/produto\/disco-travoes-frt-ventilado-rasurado-323x28mm-peugeot-208-gti\/#breadcrumb\"},\"inLanguage\":\"es\",\"potentialAction\":[{\"@type\":\"ReadAction\",\"target\":[\"https:\/\/autobarbosa.com\/es\/produto\/disco-travoes-frt-ventilado-rasurado-323x28mm-peugeot-208-gti\/\"]}]},{\"@type\":\"BreadcrumbList\",\"@id\":\"https:\/\/autobarbosa.com\/es\/produto\/disco-travoes-frt-ventilado-rasurado-323x28mm-peugeot-208-gti\/#breadcrumb\",\"itemListElement\":[{\"@type\":\"ListItem\",\"position\":1,\"name\":\"In\u00edcio\",\"item\":\"https:\/\/autobarbosa.com\/es\/\"},{\"@type\":\"ListItem\",\"position\":2,\"name\":\"Loja\",\"item\":\"https:\/\/autobarbosa.com\/\"},{\"@type\":\"ListItem\",\"position\":3,\"name\":\"DISCO TRAVOES FRT VENTILADO RASURADO 323X28mm PEUGEOT 208 GTI\"}]},{\"@type\":\"WebSite\",\"@id\":\"https:\/\/autobarbosa.com\/es\/#website\",\"url\":\"https:\/\/autobarbosa.com\/es\/\",\"name\":\"Auto Barbosa\",\"description\":\"Site institucional\",\"publisher\":{\"@id\":\"https:\/\/autobarbosa.com\/es\/#organization\"},\"potentialAction\":[{\"@type\":\"SearchAction\",\"target\":{\"@type\":\"EntryPoint\",\"urlTemplate\":\"https:\/\/autobarbosa.com\/es\/?s={search_term_string}\"},\"query-input\":\"required name=search_term_string\"}],\"inLanguage\":\"es\"},{\"@type\":\"Organization\",\"@id\":\"https:\/\/autobarbosa.com\/es\/#organization\",\"name\":\"Auto Barbosa\",\"url\":\"https:\/\/autobarbosa.com\/es\/\",\"logo\":{\"@type\":\"ImageObject\",\"inLanguage\":\"es\",\"@id\":\"https:\/\/autobarbosa.com\/es\/#\/schema\/logo\/image\/\",\"url\":\"https:\/\/autobarbosa.com\/wp-content\/uploads\/2023\/03\/AUTO-BARBOSA-LOGO-1-e1678715539111.png\",\"contentUrl\":\"https:\/\/autobarbosa.com\/wp-content\/uploads\/2023\/03\/AUTO-BARBOSA-LOGO-1-e1678715539111.png\",\"width\":3233,\"height\":3233,\"caption\":\"Auto Barbosa\"},\"image\":{\"@id\":\"https:\/\/autobarbosa.com\/es\/#\/schema\/logo\/image\/\"},\"sameAs\":[\"https:\/\/www.facebook.com\/autobarbosaoficina\",\"https:\/\/www.instagram.com\/autobarbosa.oficina\/\"]}]}<\/script>\n<!-- \/ Yoast SEO plugin. -->","yoast_head_json":{"title":"DISCO TRAVOES FRT VENTILADO RASURADO 323X28mm PEUGEOT 208 GTI - Auto Barbosa","robots":{"index":"index","follow":"follow","max-snippet":"max-snippet:-1","max-image-preview":"max-image-preview:large","max-video-preview":"max-video-preview:-1"},"canonical":"https:\/\/autobarbosa.com\/es\/produto\/disco-travoes-frt-ventilado-rasurado-323x28mm-peugeot-208-gti\/","og_locale":"es_ES","og_type":"article","og_title":"DISCO TRAVOES FRT VENTILADO RASURADO 323X28mm PEUGEOT 208 GTI - Auto Barbosa","og_description":"Discos de Trav\u00f5es dianteiros perfurados ranhurados REDSPEC para trav\u00f5es grandes PEUGEOT 208 GTi 30th ou BPS \/ CITROEN DS3 Performance 323x28mm  Com um visual radical, os discos ranhurados perfurados possuem aberturas para f\u00e1cil dissipa\u00e7\u00e3o de calor e canais para limpar a superf\u00edcie da pastilha a cada aplica\u00e7\u00e3o do freio. Todos os componentes para uma frenagem ideal!  Cabe no lugar de seus discos originais (dimens\u00f5es id\u00eanticas). Verifique cuidadosamente a compatibilidade desses discos com o seu ve\u00edculo. Esses discos est\u00e3o em conformidade com os padr\u00f5es ISO 9001, ISO\/TS 16949 e T\u00dcV. Vendido em pares.  Para um desempenho ideal, certifique-se de seguir a fase de rodagem descrita abaixo: 1. 1. Conecte a entrada do refrigerador a 3\/4 2. 2. Use inser\u00e7\u00f5es retificadas (duras). 3. Aque\u00e7a gradualmente os discos nos primeiros 15 quil\u00f4metros. 4. 4. Use o ve\u00edculo normalmente sem ser violento nos freios. 5. 5. Acabamento com 5 ou 6 aplica\u00e7\u00f5es de freio duro. 6. Se forem usadas tintas t\u00e9rmicas (n\u00famero de pe\u00e7a CP26491), apenas a tinta verde (430 \u00b0 C) deve ter clareado e a tinta laranja mal deve come\u00e7ar (560 \u00b0 C).  Para operar com a melhor efici\u00eancia e durar o maior tempo poss\u00edvel, as temperaturas do disco devem estar corretas e equilibradas. Em geral, todos os discos de um ve\u00edculo devem operar na mesma temperatura. A temperatura m\u00e1xima do disco deve ser compat\u00edvel com a qualidade das pastilhas utilizadas. As faces do disco n\u00e3o devem exceder as temperaturas m\u00e1ximas recomendadas para cada tipo de inserto.","og_url":"https:\/\/autobarbosa.com\/es\/produto\/disco-travoes-frt-ventilado-rasurado-323x28mm-peugeot-208-gti\/","og_site_name":"Auto Barbosa","article_publisher":"https:\/\/www.facebook.com\/autobarbosaoficina","article_modified_time":"2026-04-22T07:01:38+00:00","og_image":[{"width":800,"height":800,"url":"https:\/\/autobarbosa.com\/wp-content\/uploads\/2025\/11\/1dvhpd1909.png","type":"image\/png"}],"twitter_card":"summary_large_image","twitter_misc":{"Tiempo de lectura":"1 minuto"},"schema":{"@context":"https:\/\/schema.org","@graph":[{"@type":"WebPage","@id":"https:\/\/autobarbosa.com\/es\/produto\/disco-travoes-frt-ventilado-rasurado-323x28mm-peugeot-208-gti\/","url":"https:\/\/autobarbosa.com\/es\/produto\/disco-travoes-frt-ventilado-rasurado-323x28mm-peugeot-208-gti\/","name":"DISCO TRAVOES FRT VENTILADO RASURADO 323X28mm PEUGEOT 208 GTI - Auto Barbosa","isPartOf":{"@id":"https:\/\/autobarbosa.com\/es\/#website"},"datePublished":"2025-11-26T08:01:55+00:00","dateModified":"2026-04-22T07:01:38+00:00","breadcrumb":{"@id":"https:\/\/autobarbosa.com\/es\/produto\/disco-travoes-frt-ventilado-rasurado-323x28mm-peugeot-208-gti\/#breadcrumb"},"inLanguage":"es","potentialAction":[{"@type":"ReadAction","target":["https:\/\/autobarbosa.com\/es\/produto\/disco-travoes-frt-ventilado-rasurado-323x28mm-peugeot-208-gti\/"]}]},{"@type":"BreadcrumbList","@id":"https:\/\/autobarbosa.com\/es\/produto\/disco-travoes-frt-ventilado-rasurado-323x28mm-peugeot-208-gti\/#breadcrumb","itemListElement":[{"@type":"ListItem","position":1,"name":"In\u00edcio","item":"https:\/\/autobarbosa.com\/es\/"},{"@type":"ListItem","position":2,"name":"Loja","item":"https:\/\/autobarbosa.com\/"},{"@type":"ListItem","position":3,"name":"DISCO TRAVOES FRT VENTILADO RASURADO 323X28mm PEUGEOT 208 GTI"}]},{"@type":"WebSite","@id":"https:\/\/autobarbosa.com\/es\/#website","url":"https:\/\/autobarbosa.com\/es\/","name":"Auto Barbosa","description":"Site institucional","publisher":{"@id":"https:\/\/autobarbosa.com\/es\/#organization"},"potentialAction":[{"@type":"SearchAction","target":{"@type":"EntryPoint","urlTemplate":"https:\/\/autobarbosa.com\/es\/?s={search_term_string}"},"query-input":"required name=search_term_string"}],"inLanguage":"es"},{"@type":"Organization","@id":"https:\/\/autobarbosa.com\/es\/#organization","name":"Auto Barbosa","url":"https:\/\/autobarbosa.com\/es\/","logo":{"@type":"ImageObject","inLanguage":"es","@id":"https:\/\/autobarbosa.com\/es\/#\/schema\/logo\/image\/","url":"https:\/\/autobarbosa.com\/wp-content\/uploads\/2023\/03\/AUTO-BARBOSA-LOGO-1-e1678715539111.png","contentUrl":"https:\/\/autobarbosa.com\/wp-content\/uploads\/2023\/03\/AUTO-BARBOSA-LOGO-1-e1678715539111.png","width":3233,"height":3233,"caption":"Auto Barbosa"},"image":{"@id":"https:\/\/autobarbosa.com\/es\/#\/schema\/logo\/image\/"},"sameAs":["https:\/\/www.facebook.com\/autobarbosaoficina","https:\/\/www.instagram.com\/autobarbosa.oficina\/"]}]}},"_links":{"self":[{"href":"https:\/\/autobarbosa.com\/es\/wp-json\/wp\/v3\/product\/17517","targetHints":{"allow":["GET"]}}],"collection":[{"href":"https:\/\/autobarbosa.com\/es\/wp-json\/wp\/v3\/product"}],"about":[{"href":"https:\/\/autobarbosa.com\/es\/wp-json\/wp\/v2\/types\/product"}],"wp:featuredmedia":[{"embeddable":true,"href":"https:\/\/autobarbosa.com\/es\/wp-json\/wp\/v2\/media\/17513"}],"wp:attachment":[{"href":"https:\/\/autobarbosa.com\/es\/wp-json\/wp\/v2\/media?parent=17517"}],"wp:term":[{"taxonomy":"product_cat","embeddable":true,"href":"https:\/\/autobarbosa.com\/es\/wp-json\/wp\/v2\/product_cat?post=17517"},{"taxonomy":"product_tag","embeddable":true,"href":"https:\/\/autobarbosa.com\/es\/wp-json\/wp\/v2\/product_tag?post=17517"},{"taxonomy":"marca","embeddable":true,"href":"https:\/\/autobarbosa.com\/es\/wp-json\/wp\/v2\/marca?post=17517"}],"curies":[{"name":"wp","href":"https:\/\/api.w.org\/{rel}","templated":true}]}}