{"id":17525,"date":"2025-11-26T07:01:57","date_gmt":"2025-11-26T08:01:57","guid":{"rendered":"https:\/\/autobarbosa.com\/produto\/jogo-discos-travoes-frt-rasurados-toyota-yaris-1-5-tsport\/"},"modified":"2026-04-22T07:01:39","modified_gmt":"2026-04-22T07:01:39","slug":"jogo-discos-travoes-frt-rasurados-toyota-yaris-1-5-tsport","status":"publish","type":"product","link":"https:\/\/autobarbosa.com\/es\/produto\/jogo-discos-travoes-frt-rasurados-toyota-yaris-1-5-tsport\/","title":{"rendered":"JOGO DISCOS TRAVOES FRT RASURADOS TOYOTA YARIS 1.5 TSPORT"},"content":{"rendered":"<p>Discos de Freio Ranhurados Perfurados REDSPEC para TOYOTA Yaris<\/p>\n<p>Com visual radical, os discos Ranhurados Furados possuem aberturas para facilitar a dissipa\u00e7\u00e3o do calor e canais para limpar a superf\u00edcie da pastilha a cada frenagem.<br \/>\nTodos os componentes para uma travagem ideal!<\/p>\n<p>S\u00e3o montados no lugar dos seus discos originais (dimens\u00f5es id\u00eanticas).<br \/>\nPor favor, verifique cuidadosamente a compatibilidade destes discos com o seu ve\u00edculo.<br \/>\nEsses discos est\u00e3o em conformidade com os padr\u00f5es ISO 9001, ISO\/TS 16949 e T\u00dcV.<br \/>\nVendido em pares.<\/p>\n<p>Caracter\u00edsticas:<br \/>\n&#8211; Disco: frontal<br \/>\n&#8211; Tipo: ventilado<br \/>\n&#8211; Di\u00e2metro: 255mm<br \/>\n&#8211; Espessura: 20mm<br \/>\n&#8211; Di\u00e2metro: 55mm<br \/>\n&#8211; N\u00famero de furos: 4<\/p>\n<p>Indicado para:<br \/>\n&#8211; TOYOTA MR 2 III (ZZW3) 1.8 16V VT-i (ZZW30) de 10\/1999 a 06\/2007<br \/>\n&#8211; TOYOTA Yaris (SCP1_, NLP1_, NCP1_) 1.0 16V, 68 Cv de 04\/1999 a 09\/2005<br \/>\n&#8211; TOYOTA Yaris (SCP1_, NLP1_, NCP1_) 1.0 16V, 65 Cv de 03\/2003 a 09\/2005 &#8211;<br \/>\nTOYOTA Yaris (SCP1_, NLP1_, NCP1_) 1.3 de 04\/2002 a 09\/2005<br \/>\n&#8211; TOYOTA Yaris (SCP1_, NLP1_, NCP1_) 1.3 16V, 86 Cv de 11\/1999 a 09\/2005<br \/>\n&#8211; TOYOTA Yaris (SCP1_, NLP1_, NCP1_) 1.4 D-4D, 75 Cv de 12\/2001 a 09\/2005<br \/>\n&#8211; TOYOTA Yaris (SCP1_, NLP1_, NCP1_) 1.4 D-4D, 90 CV de 05\/2005 a 09\/2005<br \/>\n&#8211; TOYOTA Yaris (SCP1_, NLP1_, NCP1_) 1.5 TS de 01\/2003 a 09\/2005<br \/>\n&#8211; TOYOTA Yaris (SCP1_, NLP1_, NCP1_) 1.5 VVT-i TS , 106 CV de 04\/2001 a 09\/2005<br \/>\n&#8211; TOYOTA Yaris (SCP1_, NLP1_, NCP1_) 1.5 VVT-i TS, 150 Cv de 03\/2003 a 07\/2005<br \/>\n&#8211; TOYOTA Yaris Verso (_NLP2_, _NCP2_) 1.3 (NCP22), 86 Cv de 08\/1999 a 09\/2005<br \/>\n&#8211; TOYOTA Yaris Verso (_NLP2_, _NCP2_) 1.3 (NCP22), 84 Cv de 08\/1999 a 09\/2005<br \/>\n&#8211; TOYOTA Yaris Verso (_NLP2_, _NCP2_) 1.4 D-4D (NLP22) de 12\/2001 a 09\/2005<br \/>\n&#8211; TOYOTA Yaris Verso (_NLP2_, _NCP2_) 1.5 (NCP21), 106 Cv de 03\/2000 a 09\/2005<br \/>\n&#8211; TOYOTA Yaris Verso (_NLP2_, _NCP2_) 1.5 (NCP21), 105 Cv de 05\/2003 a 09\/2005<br \/>\n&#8211; TOYOTA Yaris Verso (_NLP2_, _NCP2_) 1.5 4WD de 03\/2000 a 09\/2005<\/p>\n<p>Para um \u00f3timo desempenho, certifique-se de seguir a fase de rodagem descrita abaixo:<br \/>\n1. Conecte a entrada dos resfriadores a 3\/4<br \/>\n2. Use pastilhas polidas (duras )<br \/>\n3. Aquecer gradualmente os discos durante os primeiros 15 quil\u00f3metros.<br \/>\n4. Use o ve\u00edculo normalmente sem ser violento nos freios.<br \/>\n5. Termine com 5 ou 6 travagens fortes.<br \/>\n6. Se forem utilizadas tintas t\u00e9rmicas (refer\u00eancia CP26491) somente a tinta verde (430\u00b0C) deve ter descolorido e a laranja mal iniciada (560\u00b0C).<\/p>\n<p>Para operar com a maior efici\u00eancia e maior durabilidade poss\u00edvel, as temperaturas dos discos devem estar corretas e equilibradas.<br \/>\nEm geral, todos os acionamentos de um ve\u00edculo devem operar nas mesmas temperaturas.<br \/>\nA temperatura m\u00e1xima do disco deve ser compat\u00edvel com a qualidade das pastilhas utilizadas.<br \/>\nAs faces do disco n\u00e3o devem exceder as temperaturas m\u00e1ximas recomendadas para cada tipo de pastilha.<\/p>\n","protected":false},"excerpt":{"rendered":"<p>Discos de Freio Ranhurados Perfurados REDSPEC para TOYOTA Yaris<\/p>\n<p>Com visual radical, os discos Ranhurados Furados possuem aberturas para facilitar a dissipa\u00e7\u00e3o do calor e canais para limpar a superf\u00edcie da pastilha a cada frenagem.<br \/>\nTodos os componentes para uma travagem ideal!<\/p>\n<p>S\u00e3o montados no lugar dos seus discos originais (dimens\u00f5es id\u00eanticas).<br \/>\nPor favor, verifique cuidadosamente a compatibilidade destes discos com o seu ve\u00edculo.<br \/>\nEsses discos est\u00e3o em conformidade com os padr\u00f5es ISO 9001, ISO\/TS 16949 e T\u00dcV.<br \/>\nVendido em pares.<\/p>\n<p>Caracter\u00edsticas:<br \/>\n&#8211; Disco: frontal<br \/>\n&#8211; Tipo: ventilado<br \/>\n&#8211; Di\u00e2metro: 255mm<br \/>\n&#8211; Espessura: 20mm<br \/>\n&#8211; Di\u00e2metro: 55mm<br \/>\n&#8211; N\u00famero de furos: 4<\/p>\n<p>Indicado para:<br \/>\n&#8211; TOYOTA MR 2 III (ZZW3) 1.8 16V VT-i (ZZW30) de 10\/1999 a 06\/2007<br \/>\n&#8211; TOYOTA Yaris (SCP1_, NLP1_, NCP1_) 1.0 16V, 68 Cv de 04\/1999 a 09\/2005<br \/>\n&#8211; TOYOTA Yaris (SCP1_, NLP1_, NCP1_) 1.0 16V, 65 Cv de 03\/2003 a 09\/2005 &#8211;<br \/>\nTOYOTA Yaris (SCP1_, NLP1_, NCP1_) 1.3 de 04\/2002 a 09\/2005<br \/>\n&#8211; TOYOTA Yaris (SCP1_, NLP1_, NCP1_) 1.3 16V, 86 Cv de 11\/1999 a 09\/2005<br \/>\n&#8211; TOYOTA Yaris (SCP1_, NLP1_, NCP1_) 1.4 D-4D, 75 Cv de 12\/2001 a 09\/2005<br \/>\n&#8211; TOYOTA Yaris (SCP1_, NLP1_, NCP1_) 1.4 D-4D, 90 CV de 05\/2005 a 09\/2005<br \/>\n&#8211; TOYOTA Yaris (SCP1_, NLP1_, NCP1_) 1.5 TS de 01\/2003 a 09\/2005<br \/>\n&#8211; TOYOTA Yaris (SCP1_, NLP1_, NCP1_) 1.5 VVT-i TS , 106 CV de 04\/2001 a 09\/2005<br \/>\n&#8211; TOYOTA Yaris (SCP1_, NLP1_, NCP1_) 1.5 VVT-i TS, 150 Cv de 03\/2003 a 07\/2005<br \/>\n&#8211; TOYOTA Yaris Verso (_NLP2_, _NCP2_) 1.3 (NCP22), 86 Cv de 08\/1999 a 09\/2005<br \/>\n&#8211; TOYOTA Yaris Verso (_NLP2_, _NCP2_) 1.3 (NCP22), 84 Cv de 08\/1999 a 09\/2005<br \/>\n&#8211; TOYOTA Yaris Verso (_NLP2_, _NCP2_) 1.4 D-4D (NLP22) de 12\/2001 a 09\/2005<br \/>\n&#8211; TOYOTA Yaris Verso (_NLP2_, _NCP2_) 1.5 (NCP21), 106 Cv de 03\/2000 a 09\/2005<br \/>\n&#8211; TOYOTA Yaris Verso (_NLP2_, _NCP2_) 1.5 (NCP21), 105 Cv de 05\/2003 a 09\/2005<br \/>\n&#8211; TOYOTA Yaris Verso (_NLP2_, _NCP2_) 1.5 4WD de 03\/2000 a 09\/2005<\/p>\n<p>Para um \u00f3timo desempenho, certifique-se de seguir a fase de rodagem descrita abaixo:<br \/>\n1. Conecte a entrada dos resfriadores a 3\/4<br \/>\n2. Use pastilhas polidas (duras )<br \/>\n3. Aquecer gradualmente os discos durante os primeiros 15 quil\u00f3metros.<br \/>\n4. Use o ve\u00edculo normalmente sem ser violento nos freios.<br \/>\n5. Termine com 5 ou 6 travagens fortes.<br \/>\n6. Se forem utilizadas tintas t\u00e9rmicas (refer\u00eancia CP26491) somente a tinta verde (430\u00b0C) deve ter descolorido e a laranja mal iniciada (560\u00b0C).<\/p>\n<p>Para operar com a maior efici\u00eancia e maior durabilidade poss\u00edvel, as temperaturas dos discos devem estar corretas e equilibradas.<br \/>\nEm geral, todos os acionamentos de um ve\u00edculo devem operar nas mesmas temperaturas.<br \/>\nA temperatura m\u00e1xima do disco deve ser compat\u00edvel com a qualidade das pastilhas utilizadas.<br \/>\nAs faces do disco n\u00e3o devem exceder as temperaturas m\u00e1ximas recomendadas para cada tipo de pastilha.<\/p>\n","protected":false},"featured_media":17521,"template":"","meta":[],"product_cat":[479,484,506],"product_tag":[],"marca":[121],"class_list":["post-17525","product","type-product","status-publish","has-post-thumbnail","hentry","product_cat-viatura","product_cat-sistema-travagem","product_cat-discos-travoes","marca-red-spec"],"yoast_head":"<!-- This site is optimized with the Yoast SEO plugin v20.5 - https:\/\/yoast.com\/wordpress\/plugins\/seo\/ -->\n<title>JOGO DISCOS TRAVOES FRT RASURADOS TOYOTA YARIS 1.5 TSPORT - Auto Barbosa<\/title>\n<meta name=\"robots\" content=\"index, follow, max-snippet:-1, max-image-preview:large, max-video-preview:-1\" \/>\n<link rel=\"canonical\" href=\"https:\/\/autobarbosa.com\/es\/produto\/jogo-discos-travoes-frt-rasurados-toyota-yaris-1-5-tsport\/\" \/>\n<meta property=\"og:locale\" content=\"es_ES\" \/>\n<meta property=\"og:type\" content=\"article\" \/>\n<meta property=\"og:title\" content=\"JOGO DISCOS TRAVOES FRT RASURADOS TOYOTA YARIS 1.5 TSPORT - Auto Barbosa\" \/>\n<meta property=\"og:description\" content=\"Discos de Freio Ranhurados Perfurados REDSPEC para TOYOTA Yaris  Com visual radical, os discos Ranhurados Furados possuem aberturas para facilitar a dissipa\u00e7\u00e3o do calor e canais para limpar a superf\u00edcie da pastilha a cada frenagem. Todos os componentes para uma travagem ideal!  S\u00e3o montados no lugar dos seus discos originais (dimens\u00f5es id\u00eanticas). Por favor, verifique cuidadosamente a compatibilidade destes discos com o seu ve\u00edculo. Esses discos est\u00e3o em conformidade com os padr\u00f5es ISO 9001, ISO\/TS 16949 e T\u00dcV. Vendido em pares.  Caracter\u00edsticas: - Disco: frontal - Tipo: ventilado - Di\u00e2metro: 255mm - Espessura: 20mm - Di\u00e2metro: 55mm - N\u00famero de furos: 4  Indicado para: - TOYOTA MR 2 III (ZZW3) 1.8 16V VT-i (ZZW30) de 10\/1999 a 06\/2007 - TOYOTA Yaris (SCP1_, NLP1_, NCP1_) 1.0 16V, 68 Cv de 04\/1999 a 09\/2005 - TOYOTA Yaris (SCP1_, NLP1_, NCP1_) 1.0 16V, 65 Cv de 03\/2003 a 09\/2005 - TOYOTA Yaris (SCP1_, NLP1_, NCP1_) 1.3 de 04\/2002 a 09\/2005 - TOYOTA Yaris (SCP1_, NLP1_, NCP1_) 1.3 16V, 86 Cv de 11\/1999 a 09\/2005 - TOYOTA Yaris (SCP1_, NLP1_, NCP1_) 1.4 D-4D, 75 Cv de 12\/2001 a 09\/2005 - TOYOTA Yaris (SCP1_, NLP1_, NCP1_) 1.4 D-4D, 90 CV de 05\/2005 a 09\/2005 - TOYOTA Yaris (SCP1_, NLP1_, NCP1_) 1.5 TS de 01\/2003 a 09\/2005 - TOYOTA Yaris (SCP1_, NLP1_, NCP1_) 1.5 VVT-i TS , 106 CV de 04\/2001 a 09\/2005 - TOYOTA Yaris (SCP1_, NLP1_, NCP1_) 1.5 VVT-i TS, 150 Cv de 03\/2003 a 07\/2005 - TOYOTA Yaris Verso (_NLP2_, _NCP2_) 1.3 (NCP22), 86 Cv de 08\/1999 a 09\/2005 - TOYOTA Yaris Verso (_NLP2_, _NCP2_) 1.3 (NCP22), 84 Cv de 08\/1999 a 09\/2005 - TOYOTA Yaris Verso (_NLP2_, _NCP2_) 1.4 D-4D (NLP22) de 12\/2001 a 09\/2005 - TOYOTA Yaris Verso (_NLP2_, _NCP2_) 1.5 (NCP21), 106 Cv de 03\/2000 a 09\/2005 - TOYOTA Yaris Verso (_NLP2_, _NCP2_) 1.5 (NCP21), 105 Cv de 05\/2003 a 09\/2005 - TOYOTA Yaris Verso (_NLP2_, _NCP2_) 1.5 4WD de 03\/2000 a 09\/2005  Para um \u00f3timo desempenho, certifique-se de seguir a fase de rodagem descrita abaixo: 1. Conecte a entrada dos resfriadores a 3\/4 2. Use pastilhas polidas (duras ) 3. Aquecer gradualmente os discos durante os primeiros 15 quil\u00f3metros. 4. Use o ve\u00edculo normalmente sem ser violento nos freios. 5. Termine com 5 ou 6 travagens fortes. 6. Se forem utilizadas tintas t\u00e9rmicas (refer\u00eancia CP26491) somente a tinta verde (430\u00b0C) deve ter descolorido e a laranja mal iniciada (560\u00b0C).  Para operar com a maior efici\u00eancia e maior durabilidade poss\u00edvel, as temperaturas dos discos devem estar corretas e equilibradas. Em geral, todos os acionamentos de um ve\u00edculo devem operar nas mesmas temperaturas. A temperatura m\u00e1xima do disco deve ser compat\u00edvel com a qualidade das pastilhas utilizadas. As faces do disco n\u00e3o devem exceder as temperaturas m\u00e1ximas recomendadas para cada tipo de pastilha.\" \/>\n<meta property=\"og:url\" content=\"https:\/\/autobarbosa.com\/es\/produto\/jogo-discos-travoes-frt-rasurados-toyota-yaris-1-5-tsport\/\" \/>\n<meta property=\"og:site_name\" content=\"Auto Barbosa\" \/>\n<meta property=\"article:publisher\" content=\"https:\/\/www.facebook.com\/autobarbosaoficina\" \/>\n<meta property=\"article:modified_time\" content=\"2026-04-22T07:01:39+00:00\" \/>\n<meta property=\"og:image\" content=\"https:\/\/autobarbosa.com\/wp-content\/uploads\/2025\/11\/1dvhpd987.png\" \/>\n\t<meta property=\"og:image:width\" content=\"800\" \/>\n\t<meta property=\"og:image:height\" content=\"800\" \/>\n\t<meta property=\"og:image:type\" content=\"image\/png\" \/>\n<meta name=\"twitter:card\" content=\"summary_large_image\" \/>\n<meta name=\"twitter:label1\" content=\"Tiempo de lectura\" \/>\n\t<meta name=\"twitter:data1\" content=\"2 minutos\" \/>\n<script type=\"application\/ld+json\" class=\"yoast-schema-graph\">{\"@context\":\"https:\/\/schema.org\",\"@graph\":[{\"@type\":\"WebPage\",\"@id\":\"https:\/\/autobarbosa.com\/es\/produto\/jogo-discos-travoes-frt-rasurados-toyota-yaris-1-5-tsport\/\",\"url\":\"https:\/\/autobarbosa.com\/es\/produto\/jogo-discos-travoes-frt-rasurados-toyota-yaris-1-5-tsport\/\",\"name\":\"JOGO DISCOS TRAVOES FRT RASURADOS TOYOTA YARIS 1.5 TSPORT - Auto Barbosa\",\"isPartOf\":{\"@id\":\"https:\/\/autobarbosa.com\/es\/#website\"},\"datePublished\":\"2025-11-26T08:01:57+00:00\",\"dateModified\":\"2026-04-22T07:01:39+00:00\",\"breadcrumb\":{\"@id\":\"https:\/\/autobarbosa.com\/es\/produto\/jogo-discos-travoes-frt-rasurados-toyota-yaris-1-5-tsport\/#breadcrumb\"},\"inLanguage\":\"es\",\"potentialAction\":[{\"@type\":\"ReadAction\",\"target\":[\"https:\/\/autobarbosa.com\/es\/produto\/jogo-discos-travoes-frt-rasurados-toyota-yaris-1-5-tsport\/\"]}]},{\"@type\":\"BreadcrumbList\",\"@id\":\"https:\/\/autobarbosa.com\/es\/produto\/jogo-discos-travoes-frt-rasurados-toyota-yaris-1-5-tsport\/#breadcrumb\",\"itemListElement\":[{\"@type\":\"ListItem\",\"position\":1,\"name\":\"In\u00edcio\",\"item\":\"https:\/\/autobarbosa.com\/es\/\"},{\"@type\":\"ListItem\",\"position\":2,\"name\":\"Loja\",\"item\":\"https:\/\/autobarbosa.com\/\"},{\"@type\":\"ListItem\",\"position\":3,\"name\":\"JOGO DISCOS TRAVOES FRT RASURADOS TOYOTA YARIS 1.5 TSPORT\"}]},{\"@type\":\"WebSite\",\"@id\":\"https:\/\/autobarbosa.com\/es\/#website\",\"url\":\"https:\/\/autobarbosa.com\/es\/\",\"name\":\"Auto Barbosa\",\"description\":\"Site institucional\",\"publisher\":{\"@id\":\"https:\/\/autobarbosa.com\/es\/#organization\"},\"potentialAction\":[{\"@type\":\"SearchAction\",\"target\":{\"@type\":\"EntryPoint\",\"urlTemplate\":\"https:\/\/autobarbosa.com\/es\/?s={search_term_string}\"},\"query-input\":\"required name=search_term_string\"}],\"inLanguage\":\"es\"},{\"@type\":\"Organization\",\"@id\":\"https:\/\/autobarbosa.com\/es\/#organization\",\"name\":\"Auto Barbosa\",\"url\":\"https:\/\/autobarbosa.com\/es\/\",\"logo\":{\"@type\":\"ImageObject\",\"inLanguage\":\"es\",\"@id\":\"https:\/\/autobarbosa.com\/es\/#\/schema\/logo\/image\/\",\"url\":\"https:\/\/autobarbosa.com\/wp-content\/uploads\/2023\/03\/AUTO-BARBOSA-LOGO-1-e1678715539111.png\",\"contentUrl\":\"https:\/\/autobarbosa.com\/wp-content\/uploads\/2023\/03\/AUTO-BARBOSA-LOGO-1-e1678715539111.png\",\"width\":3233,\"height\":3233,\"caption\":\"Auto Barbosa\"},\"image\":{\"@id\":\"https:\/\/autobarbosa.com\/es\/#\/schema\/logo\/image\/\"},\"sameAs\":[\"https:\/\/www.facebook.com\/autobarbosaoficina\",\"https:\/\/www.instagram.com\/autobarbosa.oficina\/\"]}]}<\/script>\n<!-- \/ Yoast SEO plugin. -->","yoast_head_json":{"title":"JOGO DISCOS TRAVOES FRT RASURADOS TOYOTA YARIS 1.5 TSPORT - Auto Barbosa","robots":{"index":"index","follow":"follow","max-snippet":"max-snippet:-1","max-image-preview":"max-image-preview:large","max-video-preview":"max-video-preview:-1"},"canonical":"https:\/\/autobarbosa.com\/es\/produto\/jogo-discos-travoes-frt-rasurados-toyota-yaris-1-5-tsport\/","og_locale":"es_ES","og_type":"article","og_title":"JOGO DISCOS TRAVOES FRT RASURADOS TOYOTA YARIS 1.5 TSPORT - Auto Barbosa","og_description":"Discos de Freio Ranhurados Perfurados REDSPEC para TOYOTA Yaris  Com visual radical, os discos Ranhurados Furados possuem aberturas para facilitar a dissipa\u00e7\u00e3o do calor e canais para limpar a superf\u00edcie da pastilha a cada frenagem. Todos os componentes para uma travagem ideal!  S\u00e3o montados no lugar dos seus discos originais (dimens\u00f5es id\u00eanticas). Por favor, verifique cuidadosamente a compatibilidade destes discos com o seu ve\u00edculo. Esses discos est\u00e3o em conformidade com os padr\u00f5es ISO 9001, ISO\/TS 16949 e T\u00dcV. Vendido em pares.  Caracter\u00edsticas: - Disco: frontal - Tipo: ventilado - Di\u00e2metro: 255mm - Espessura: 20mm - Di\u00e2metro: 55mm - N\u00famero de furos: 4  Indicado para: - TOYOTA MR 2 III (ZZW3) 1.8 16V VT-i (ZZW30) de 10\/1999 a 06\/2007 - TOYOTA Yaris (SCP1_, NLP1_, NCP1_) 1.0 16V, 68 Cv de 04\/1999 a 09\/2005 - TOYOTA Yaris (SCP1_, NLP1_, NCP1_) 1.0 16V, 65 Cv de 03\/2003 a 09\/2005 - TOYOTA Yaris (SCP1_, NLP1_, NCP1_) 1.3 de 04\/2002 a 09\/2005 - TOYOTA Yaris (SCP1_, NLP1_, NCP1_) 1.3 16V, 86 Cv de 11\/1999 a 09\/2005 - TOYOTA Yaris (SCP1_, NLP1_, NCP1_) 1.4 D-4D, 75 Cv de 12\/2001 a 09\/2005 - TOYOTA Yaris (SCP1_, NLP1_, NCP1_) 1.4 D-4D, 90 CV de 05\/2005 a 09\/2005 - TOYOTA Yaris (SCP1_, NLP1_, NCP1_) 1.5 TS de 01\/2003 a 09\/2005 - TOYOTA Yaris (SCP1_, NLP1_, NCP1_) 1.5 VVT-i TS , 106 CV de 04\/2001 a 09\/2005 - TOYOTA Yaris (SCP1_, NLP1_, NCP1_) 1.5 VVT-i TS, 150 Cv de 03\/2003 a 07\/2005 - TOYOTA Yaris Verso (_NLP2_, _NCP2_) 1.3 (NCP22), 86 Cv de 08\/1999 a 09\/2005 - TOYOTA Yaris Verso (_NLP2_, _NCP2_) 1.3 (NCP22), 84 Cv de 08\/1999 a 09\/2005 - TOYOTA Yaris Verso (_NLP2_, _NCP2_) 1.4 D-4D (NLP22) de 12\/2001 a 09\/2005 - TOYOTA Yaris Verso (_NLP2_, _NCP2_) 1.5 (NCP21), 106 Cv de 03\/2000 a 09\/2005 - TOYOTA Yaris Verso (_NLP2_, _NCP2_) 1.5 (NCP21), 105 Cv de 05\/2003 a 09\/2005 - TOYOTA Yaris Verso (_NLP2_, _NCP2_) 1.5 4WD de 03\/2000 a 09\/2005  Para um \u00f3timo desempenho, certifique-se de seguir a fase de rodagem descrita abaixo: 1. Conecte a entrada dos resfriadores a 3\/4 2. Use pastilhas polidas (duras ) 3. Aquecer gradualmente os discos durante os primeiros 15 quil\u00f3metros. 4. Use o ve\u00edculo normalmente sem ser violento nos freios. 5. Termine com 5 ou 6 travagens fortes. 6. Se forem utilizadas tintas t\u00e9rmicas (refer\u00eancia CP26491) somente a tinta verde (430\u00b0C) deve ter descolorido e a laranja mal iniciada (560\u00b0C).  Para operar com a maior efici\u00eancia e maior durabilidade poss\u00edvel, as temperaturas dos discos devem estar corretas e equilibradas. Em geral, todos os acionamentos de um ve\u00edculo devem operar nas mesmas temperaturas. A temperatura m\u00e1xima do disco deve ser compat\u00edvel com a qualidade das pastilhas utilizadas. As faces do disco n\u00e3o devem exceder as temperaturas m\u00e1ximas recomendadas para cada tipo de pastilha.","og_url":"https:\/\/autobarbosa.com\/es\/produto\/jogo-discos-travoes-frt-rasurados-toyota-yaris-1-5-tsport\/","og_site_name":"Auto Barbosa","article_publisher":"https:\/\/www.facebook.com\/autobarbosaoficina","article_modified_time":"2026-04-22T07:01:39+00:00","og_image":[{"width":800,"height":800,"url":"https:\/\/autobarbosa.com\/wp-content\/uploads\/2025\/11\/1dvhpd987.png","type":"image\/png"}],"twitter_card":"summary_large_image","twitter_misc":{"Tiempo de lectura":"2 minutos"},"schema":{"@context":"https:\/\/schema.org","@graph":[{"@type":"WebPage","@id":"https:\/\/autobarbosa.com\/es\/produto\/jogo-discos-travoes-frt-rasurados-toyota-yaris-1-5-tsport\/","url":"https:\/\/autobarbosa.com\/es\/produto\/jogo-discos-travoes-frt-rasurados-toyota-yaris-1-5-tsport\/","name":"JOGO DISCOS TRAVOES FRT RASURADOS TOYOTA YARIS 1.5 TSPORT - Auto Barbosa","isPartOf":{"@id":"https:\/\/autobarbosa.com\/es\/#website"},"datePublished":"2025-11-26T08:01:57+00:00","dateModified":"2026-04-22T07:01:39+00:00","breadcrumb":{"@id":"https:\/\/autobarbosa.com\/es\/produto\/jogo-discos-travoes-frt-rasurados-toyota-yaris-1-5-tsport\/#breadcrumb"},"inLanguage":"es","potentialAction":[{"@type":"ReadAction","target":["https:\/\/autobarbosa.com\/es\/produto\/jogo-discos-travoes-frt-rasurados-toyota-yaris-1-5-tsport\/"]}]},{"@type":"BreadcrumbList","@id":"https:\/\/autobarbosa.com\/es\/produto\/jogo-discos-travoes-frt-rasurados-toyota-yaris-1-5-tsport\/#breadcrumb","itemListElement":[{"@type":"ListItem","position":1,"name":"In\u00edcio","item":"https:\/\/autobarbosa.com\/es\/"},{"@type":"ListItem","position":2,"name":"Loja","item":"https:\/\/autobarbosa.com\/"},{"@type":"ListItem","position":3,"name":"JOGO DISCOS TRAVOES FRT RASURADOS TOYOTA YARIS 1.5 TSPORT"}]},{"@type":"WebSite","@id":"https:\/\/autobarbosa.com\/es\/#website","url":"https:\/\/autobarbosa.com\/es\/","name":"Auto Barbosa","description":"Site institucional","publisher":{"@id":"https:\/\/autobarbosa.com\/es\/#organization"},"potentialAction":[{"@type":"SearchAction","target":{"@type":"EntryPoint","urlTemplate":"https:\/\/autobarbosa.com\/es\/?s={search_term_string}"},"query-input":"required name=search_term_string"}],"inLanguage":"es"},{"@type":"Organization","@id":"https:\/\/autobarbosa.com\/es\/#organization","name":"Auto Barbosa","url":"https:\/\/autobarbosa.com\/es\/","logo":{"@type":"ImageObject","inLanguage":"es","@id":"https:\/\/autobarbosa.com\/es\/#\/schema\/logo\/image\/","url":"https:\/\/autobarbosa.com\/wp-content\/uploads\/2023\/03\/AUTO-BARBOSA-LOGO-1-e1678715539111.png","contentUrl":"https:\/\/autobarbosa.com\/wp-content\/uploads\/2023\/03\/AUTO-BARBOSA-LOGO-1-e1678715539111.png","width":3233,"height":3233,"caption":"Auto Barbosa"},"image":{"@id":"https:\/\/autobarbosa.com\/es\/#\/schema\/logo\/image\/"},"sameAs":["https:\/\/www.facebook.com\/autobarbosaoficina","https:\/\/www.instagram.com\/autobarbosa.oficina\/"]}]}},"_links":{"self":[{"href":"https:\/\/autobarbosa.com\/es\/wp-json\/wp\/v3\/product\/17525","targetHints":{"allow":["GET"]}}],"collection":[{"href":"https:\/\/autobarbosa.com\/es\/wp-json\/wp\/v3\/product"}],"about":[{"href":"https:\/\/autobarbosa.com\/es\/wp-json\/wp\/v2\/types\/product"}],"wp:featuredmedia":[{"embeddable":true,"href":"https:\/\/autobarbosa.com\/es\/wp-json\/wp\/v2\/media\/17521"}],"wp:attachment":[{"href":"https:\/\/autobarbosa.com\/es\/wp-json\/wp\/v2\/media?parent=17525"}],"wp:term":[{"taxonomy":"product_cat","embeddable":true,"href":"https:\/\/autobarbosa.com\/es\/wp-json\/wp\/v2\/product_cat?post=17525"},{"taxonomy":"product_tag","embeddable":true,"href":"https:\/\/autobarbosa.com\/es\/wp-json\/wp\/v2\/product_tag?post=17525"},{"taxonomy":"marca","embeddable":true,"href":"https:\/\/autobarbosa.com\/es\/wp-json\/wp\/v2\/marca?post=17525"}],"curies":[{"name":"wp","href":"https:\/\/api.w.org\/{rel}","templated":true}]}}