{"id":17725,"date":"2025-11-26T07:02:51","date_gmt":"2025-11-26T08:02:51","guid":{"rendered":"https:\/\/autobarbosa.com\/produto\/jogo-calcos-travoes-4066-cl-rc8r-c2r2max-asfalto\/"},"modified":"2026-04-20T07:02:51","modified_gmt":"2026-04-20T07:02:51","slug":"jogo-calcos-travoes-4066-cl-rc8r-c2r2max-asfalto","status":"publish","type":"product","link":"https:\/\/autobarbosa.com\/es\/produto\/jogo-calcos-travoes-4066-cl-rc8r-c2r2max-asfalto\/","title":{"rendered":"JOGO CAL\u00c7OS TRAVOES 4066 CL RC8R &#8211; C2R2MAX ASFALTO"},"content":{"rendered":"<p>CL BRAKES Pastilhas de trav\u00f5es 4066T16 RC8<\/p>\n<p>CL BRAKES apoia anualmente in\u00fameros motoristas, profissionais ou n\u00e3o, em todos os n\u00edveis, ganhando a experi\u00eancia necess\u00e1ria para desenvolver os materiais de frenagem mais eficientes.<br \/>\nGra\u00e7as \u00e0 concorr\u00eancia, o desenvolvimento de novos produtos \u00e9 sempre realizado ao mais alto n\u00edvel de desempenho.<br \/>\nToda a gama \u00e9 caracterizada por um claro \u201cataque\u201d de travagem.<br \/>\nEste material atende \u00e0s condi\u00e7\u00f5es de corrida mais exigentes. J\u00e1 vence corridas h\u00e1 6 anos gra\u00e7as \u00e0 sua imbat\u00edvel rela\u00e7\u00e3o efici\u00eancia\/facilidade de utiliza\u00e7\u00e3o. Oferece consist\u00eancia de fric\u00e7\u00e3o muito alta em alto n\u00edvel.<br \/>\nCoeficiente de atrito m\u00e9dio de 0,6.<br \/>\nSeu uso requer fluido de freio de muito boa qualidade.<br \/>\nProcedimento de arrombamento:<\/p>\n<p>N\u00e3o \u00e9 necess\u00e1rio arrombamento espec\u00edfico.<br \/>\nEm novos discos: Aque\u00e7a gradualmente o sistema.<br \/>\nEm discos desgastados: Alguma travagem m\u00e9dia.<br \/>\nUse com fluido de freio de alta qualidade.<br \/>\nSangre os freios com frequ\u00eancia.<br \/>\nMaterial de fric\u00e7\u00e3o de metal sinterizado.<br \/>\nComponentes principais: Grafite, cer\u00e2mica, ferro, cobre e bronze.<br \/>\nEsta placa n\u00e3o utiliza chumbo, nem amianto, nem n\u00edquel (tecnologia NoNiTech) para preservar o meio ambiente.<\/p>\n<p>Pastilhas de freio de montagem dianteira para:<br \/>\nALFA ROMEO 147 GTA 3.2 V6 24V (250CV) &#8211; de 2002 a 2006<br \/>\nALFA ROMEO 156 GTA 3.2 &#8211; de 2003 a 2005<br \/>\nALFA ROMEO 166 2.0 V6 &#8211; de 1998 a 2000<br \/>\nALFA ROMEO 166 2.5 24V &#8211; de 1 998 para 2000<br \/>\nALFA ROMEO 166 3.0 24V &#8211; de 1998 a 2000<br \/>\nALFA ROMEO 166 3.2 V6 24V &#8211; de 2003 a 2007<br \/>\nALFA ROMEO Giulietta 1.8 TBI Quadrifoglio &#8211; de 2009 a 2016<br \/>\nALFA ROMEO GT GTA 3.2 V6 24V (250C V) &#8211; de 2003 a 2010<br \/>\nASTON MARTIN DB9 5.9 &#8211; De 2004 a 2016<br \/>\nAston Martin DB9 5.9 &#8211; De 2004 a 2016<br \/>\nAston Martin DB9 Volante 5.9 &#8211; De 2004 a 2016<br \/>\nAston Martin DB9 Volante 5.9 &#8211; De 2004 a 2016<br \/>\nAudi RS3 2.5 TFSI Sportback Quattro (8pa) &#8211; de 20 11 para 2012<br \/>\nAUDI TT (8J3) 2.5 TFSI Quattro &#8211; de 2009<br \/>\nAUDI TT RS 2.5 Quattro &#8211; de 2009 a 2014<br \/>\nAUDI TT RS Roadster 2.5 Quattro &#8211; de 2009 a 2014<br \/>\nCADILLAC CTS V &#8211; de 2010<br \/>\nCHEVROLET Camaro Coupe 1SS &#8211; de 2010<br \/>\nDEIXE Camaro Coup\u00e9 2SS &#8211; de 2010<br \/>\nCHEVROLET Camaro Coupe SS 6.2 &#8211; de 2009 a 2011<br \/>\nCITRO\u00cbN C2 1.6i 16V Challenge &#8211; de 2003<br \/>\nCITRO\u00cbN C2 Challenge (Asfalto)<br \/>\nCITRO\u00cbN C2 R2 (Asfalto) &#8211; de 2003<br \/>\nCITRO\u00cbN C2 R2 1.6 16V (Asfalto) &#8211; de 200 9 a 2 011<br \/>\nCITRO\u00cbN C2 R2 Max (Asfalto) &#8211; de 2003<br \/>\nCITRO\u00cbN C2 Sport &#8211; de 2003<br \/>\nHOMMELL Berlinette RS2 GT Rallye (Asfalto) &#8211; de 2001 a 2015<br \/>\nMASERATI Quattroporte (3) 4.2 &#8211; de 2004 MITSUBISHI Lancer MITSUBISHI Lancer Evolution<br \/>\nEvolution X 2.0 Turbo 16V &#8211; de 2007 a 2014 RENAULT Megane (4) RS &#8211; de 2019 SUBARU Impreza (3) WRX STI Gr. (7LA \/ 7L6 \/ 7L7) 3.2 V6 &#8211; de 2002 a 2006 VOLKSWAGEN Touareg (7LA) 3.6 V6 FSI &#8211; de 2006<\/p>\n","protected":false},"excerpt":{"rendered":"<p>CL BRAKES Pastilhas de trav\u00f5es 4066T16 RC8<\/p>\n<p>CL BRAKES apoia anualmente in\u00fameros motoristas, profissionais ou n\u00e3o, em todos os n\u00edveis, ganhando a experi\u00eancia necess\u00e1ria para desenvolver os materiais de frenagem mais eficientes.<br \/>\nGra\u00e7as \u00e0 concorr\u00eancia, o desenvolvimento de novos produtos \u00e9 sempre realizado ao mais alto n\u00edvel de desempenho.<br \/>\nToda a gama \u00e9 caracterizada por um claro \u201cataque\u201d de travagem.<br \/>\nEste material atende \u00e0s condi\u00e7\u00f5es de corrida mais exigentes. J\u00e1 vence corridas h\u00e1 6 anos gra\u00e7as \u00e0 sua imbat\u00edvel rela\u00e7\u00e3o efici\u00eancia\/facilidade de utiliza\u00e7\u00e3o. Oferece consist\u00eancia de fric\u00e7\u00e3o muito alta em alto n\u00edvel.<br \/>\nCoeficiente de atrito m\u00e9dio de 0,6.<br \/>\nSeu uso requer fluido de freio de muito boa qualidade.<br \/>\nProcedimento de arrombamento:<\/p>\n<p>N\u00e3o \u00e9 necess\u00e1rio arrombamento espec\u00edfico.<br \/>\nEm novos discos: Aque\u00e7a gradualmente o sistema.<br \/>\nEm discos desgastados: Alguma travagem m\u00e9dia.<br \/>\nUse com fluido de freio de alta qualidade.<br \/>\nSangre os freios com frequ\u00eancia.<br \/>\nMaterial de fric\u00e7\u00e3o de metal sinterizado.<br \/>\nComponentes principais: Grafite, cer\u00e2mica, ferro, cobre e bronze.<br \/>\nEsta placa n\u00e3o utiliza chumbo, nem amianto, nem n\u00edquel (tecnologia NoNiTech) para preservar o meio ambiente.<\/p>\n<p>Pastilhas de freio de montagem dianteira para:<br \/>\nALFA ROMEO 147 GTA 3.2 V6 24V (250CV) &#8211; de 2002 a 2006<br \/>\nALFA ROMEO 156 GTA 3.2 &#8211; de 2003 a 2005<br \/>\nALFA ROMEO 166 2.0 V6 &#8211; de 1998 a 2000<br \/>\nALFA ROMEO 166 2.5 24V &#8211; de 1 998 para 2000<br \/>\nALFA ROMEO 166 3.0 24V &#8211; de 1998 a 2000<br \/>\nALFA ROMEO 166 3.2 V6 24V &#8211; de 2003 a 2007<br \/>\nALFA ROMEO Giulietta 1.8 TBI Quadrifoglio &#8211; de 2009 a 2016<br \/>\nALFA ROMEO GT GTA 3.2 V6 24V (250C V) &#8211; de 2003 a 2010<br \/>\nASTON MARTIN DB9 5.9 &#8211; De 2004 a 2016<br \/>\nAston Martin DB9 5.9 &#8211; De 2004 a 2016<br \/>\nAston Martin DB9 Volante 5.9 &#8211; De 2004 a 2016<br \/>\nAston Martin DB9 Volante 5.9 &#8211; De 2004 a 2016<br \/>\nAudi RS3 2.5 TFSI Sportback Quattro (8pa) &#8211; de 20 11 para 2012<br \/>\nAUDI TT (8J3) 2.5 TFSI Quattro &#8211; de 2009<br \/>\nAUDI TT RS 2.5 Quattro &#8211; de 2009 a 2014<br \/>\nAUDI TT RS Roadster 2.5 Quattro &#8211; de 2009 a 2014<br \/>\nCADILLAC CTS V &#8211; de 2010<br \/>\nCHEVROLET Camaro Coupe 1SS &#8211; de 2010<br \/>\nDEIXE Camaro Coup\u00e9 2SS &#8211; de 2010<br \/>\nCHEVROLET Camaro Coupe SS 6.2 &#8211; de 2009 a 2011<br \/>\nCITRO\u00cbN C2 1.6i 16V Challenge &#8211; de 2003<br \/>\nCITRO\u00cbN C2 Challenge (Asfalto)<br \/>\nCITRO\u00cbN C2 R2 (Asfalto) &#8211; de 2003<br \/>\nCITRO\u00cbN C2 R2 1.6 16V (Asfalto) &#8211; de 200 9 a 2 011<br \/>\nCITRO\u00cbN C2 R2 Max (Asfalto) &#8211; de 2003<br \/>\nCITRO\u00cbN C2 Sport &#8211; de 2003<br \/>\nHOMMELL Berlinette RS2 GT Rallye (Asfalto) &#8211; de 2001 a 2015<br \/>\nMASERATI Quattroporte (3) 4.2 &#8211; de 2004 MITSUBISHI Lancer MITSUBISHI Lancer Evolution<br \/>\nEvolution X 2.0 Turbo 16V &#8211; de 2007 a 2014 RENAULT Megane (4) RS &#8211; de 2019 SUBARU Impreza (3) WRX STI Gr. (7LA \/ 7L6 \/ 7L7) 3.2 V6 &#8211; de 2002 a 2006 VOLKSWAGEN Touareg (7LA) 3.6 V6 FSI &#8211; de 2006<\/p>\n","protected":false},"featured_media":17721,"template":"","meta":[],"product_cat":[479,484,509],"product_tag":[],"marca":[148],"class_list":["post-17725","product","type-product","status-publish","has-post-thumbnail","hentry","product_cat-viatura","product_cat-sistema-travagem","product_cat-pastilhas-travoes","marca-carbone-lorraine"],"yoast_head":"<!-- This site is optimized with the Yoast SEO plugin v20.5 - https:\/\/yoast.com\/wordpress\/plugins\/seo\/ -->\n<title>JOGO CAL\u00c7OS TRAVOES 4066 CL RC8R - C2R2MAX ASFALTO - Auto Barbosa<\/title>\n<meta name=\"robots\" content=\"index, follow, max-snippet:-1, max-image-preview:large, max-video-preview:-1\" \/>\n<link rel=\"canonical\" href=\"https:\/\/autobarbosa.com\/es\/produto\/jogo-calcos-travoes-4066-cl-rc8r-c2r2max-asfalto\/\" \/>\n<meta property=\"og:locale\" content=\"es_ES\" \/>\n<meta property=\"og:type\" content=\"article\" \/>\n<meta property=\"og:title\" content=\"JOGO CAL\u00c7OS TRAVOES 4066 CL RC8R - C2R2MAX ASFALTO - Auto Barbosa\" \/>\n<meta property=\"og:description\" content=\"CL BRAKES Pastilhas de trav\u00f5es 4066T16 RC8   CL BRAKES apoia anualmente in\u00fameros motoristas, profissionais ou n\u00e3o, em todos os n\u00edveis, ganhando a experi\u00eancia necess\u00e1ria para desenvolver os materiais de frenagem mais eficientes. Gra\u00e7as \u00e0 concorr\u00eancia, o desenvolvimento de novos produtos \u00e9 sempre realizado ao mais alto n\u00edvel de desempenho. Toda a gama \u00e9 caracterizada por um claro \u201cataque\u201d de travagem. Este material atende \u00e0s condi\u00e7\u00f5es de corrida mais exigentes. J\u00e1 vence corridas h\u00e1 6 anos gra\u00e7as \u00e0 sua imbat\u00edvel rela\u00e7\u00e3o efici\u00eancia\/facilidade de utiliza\u00e7\u00e3o. Oferece consist\u00eancia de fric\u00e7\u00e3o muito alta em alto n\u00edvel. Coeficiente de atrito m\u00e9dio de 0,6. Seu uso requer fluido de freio de muito boa qualidade. Procedimento de arrombamento:  N\u00e3o \u00e9 necess\u00e1rio arrombamento espec\u00edfico. Em novos discos: Aque\u00e7a gradualmente o sistema. Em discos desgastados: Alguma travagem m\u00e9dia. Use com fluido de freio de alta qualidade. Sangre os freios com frequ\u00eancia. Material de fric\u00e7\u00e3o de metal sinterizado. Componentes principais: Grafite, cer\u00e2mica, ferro, cobre e bronze. Esta placa n\u00e3o utiliza chumbo, nem amianto, nem n\u00edquel (tecnologia NoNiTech) para preservar o meio ambiente.  Pastilhas de freio de montagem dianteira para: ALFA ROMEO 147 GTA 3.2 V6 24V (250CV) - de 2002 a 2006 ALFA ROMEO 156 GTA 3.2 - de 2003 a 2005 ALFA ROMEO 166 2.0 V6 - de 1998 a 2000 ALFA ROMEO 166 2.5 24V - de 1 998 para 2000 ALFA ROMEO 166 3.0 24V - de 1998 a 2000 ALFA ROMEO 166 3.2 V6 24V - de 2003 a 2007 ALFA ROMEO Giulietta 1.8 TBI Quadrifoglio - de 2009 a 2016 ALFA ROMEO GT GTA 3.2 V6 24V (250C V) - de 2003 a 2010 ASTON MARTIN DB9 5.9 - De 2004 a 2016 Aston Martin DB9 5.9 - De 2004 a 2016 Aston Martin DB9 Volante 5.9 - De 2004 a 2016 Aston Martin DB9 Volante 5.9 - De 2004 a 2016 Audi RS3 2.5 TFSI Sportback Quattro (8pa) - de 20 11 para 2012 AUDI TT (8J3) 2.5 TFSI Quattro - de 2009 AUDI TT RS 2.5 Quattro - de 2009 a 2014 AUDI TT RS Roadster 2.5 Quattro - de 2009 a 2014 CADILLAC CTS V - de 2010 CHEVROLET Camaro Coupe 1SS - de 2010 DEIXE Camaro Coup\u00e9 2SS - de 2010 CHEVROLET Camaro Coupe SS 6.2 - de 2009 a 2011 CITRO\u00cbN C2 1.6i 16V Challenge - de 2003 CITRO\u00cbN C2 Challenge (Asfalto) CITRO\u00cbN C2 R2 (Asfalto) - de 2003 CITRO\u00cbN C2 R2 1.6 16V (Asfalto) - de 200 9 a 2 011 CITRO\u00cbN C2 R2 Max (Asfalto) - de 2003 CITRO\u00cbN C2 Sport - de 2003 HOMMELL Berlinette RS2 GT Rallye (Asfalto) - de 2001 a 2015 MASERATI Quattroporte (3) 4.2 - de 2004 MITSUBISHI Lancer MITSUBISHI Lancer Evolution Evolution X 2.0 Turbo 16V - de 2007 a 2014 RENAULT Megane (4) RS - de 2019 SUBARU Impreza (3) WRX STI Gr. (7LA \/ 7L6 \/ 7L7) 3.2 V6 - de 2002 a 2006 VOLKSWAGEN Touareg (7LA) 3.6 V6 FSI - de 2006\" \/>\n<meta property=\"og:url\" content=\"https:\/\/autobarbosa.com\/es\/produto\/jogo-calcos-travoes-4066-cl-rc8r-c2r2max-asfalto\/\" \/>\n<meta property=\"og:site_name\" content=\"Auto Barbosa\" \/>\n<meta property=\"article:publisher\" content=\"https:\/\/www.facebook.com\/autobarbosaoficina\" \/>\n<meta property=\"article:modified_time\" content=\"2026-04-20T07:02:51+00:00\" \/>\n<meta property=\"og:image\" content=\"https:\/\/autobarbosa.com\/wp-content\/uploads\/2025\/11\/1pfcl4066t16rc8r.png\" \/>\n\t<meta property=\"og:image:width\" content=\"800\" \/>\n\t<meta property=\"og:image:height\" content=\"800\" \/>\n\t<meta property=\"og:image:type\" content=\"image\/png\" \/>\n<meta name=\"twitter:card\" content=\"summary_large_image\" \/>\n<meta name=\"twitter:label1\" content=\"Tiempo de lectura\" \/>\n\t<meta name=\"twitter:data1\" content=\"2 minutos\" \/>\n<script type=\"application\/ld+json\" class=\"yoast-schema-graph\">{\"@context\":\"https:\/\/schema.org\",\"@graph\":[{\"@type\":\"WebPage\",\"@id\":\"https:\/\/autobarbosa.com\/es\/produto\/jogo-calcos-travoes-4066-cl-rc8r-c2r2max-asfalto\/\",\"url\":\"https:\/\/autobarbosa.com\/es\/produto\/jogo-calcos-travoes-4066-cl-rc8r-c2r2max-asfalto\/\",\"name\":\"JOGO CAL\u00c7OS TRAVOES 4066 CL RC8R - C2R2MAX ASFALTO - Auto Barbosa\",\"isPartOf\":{\"@id\":\"https:\/\/autobarbosa.com\/es\/#website\"},\"datePublished\":\"2025-11-26T08:02:51+00:00\",\"dateModified\":\"2026-04-20T07:02:51+00:00\",\"breadcrumb\":{\"@id\":\"https:\/\/autobarbosa.com\/es\/produto\/jogo-calcos-travoes-4066-cl-rc8r-c2r2max-asfalto\/#breadcrumb\"},\"inLanguage\":\"es\",\"potentialAction\":[{\"@type\":\"ReadAction\",\"target\":[\"https:\/\/autobarbosa.com\/es\/produto\/jogo-calcos-travoes-4066-cl-rc8r-c2r2max-asfalto\/\"]}]},{\"@type\":\"BreadcrumbList\",\"@id\":\"https:\/\/autobarbosa.com\/es\/produto\/jogo-calcos-travoes-4066-cl-rc8r-c2r2max-asfalto\/#breadcrumb\",\"itemListElement\":[{\"@type\":\"ListItem\",\"position\":1,\"name\":\"In\u00edcio\",\"item\":\"https:\/\/autobarbosa.com\/es\/\"},{\"@type\":\"ListItem\",\"position\":2,\"name\":\"Loja\",\"item\":\"https:\/\/autobarbosa.com\/\"},{\"@type\":\"ListItem\",\"position\":3,\"name\":\"JOGO CAL\u00c7OS TRAVOES 4066 CL RC8R &#8211; C2R2MAX ASFALTO\"}]},{\"@type\":\"WebSite\",\"@id\":\"https:\/\/autobarbosa.com\/es\/#website\",\"url\":\"https:\/\/autobarbosa.com\/es\/\",\"name\":\"Auto Barbosa\",\"description\":\"Site institucional\",\"publisher\":{\"@id\":\"https:\/\/autobarbosa.com\/es\/#organization\"},\"potentialAction\":[{\"@type\":\"SearchAction\",\"target\":{\"@type\":\"EntryPoint\",\"urlTemplate\":\"https:\/\/autobarbosa.com\/es\/?s={search_term_string}\"},\"query-input\":\"required name=search_term_string\"}],\"inLanguage\":\"es\"},{\"@type\":\"Organization\",\"@id\":\"https:\/\/autobarbosa.com\/es\/#organization\",\"name\":\"Auto Barbosa\",\"url\":\"https:\/\/autobarbosa.com\/es\/\",\"logo\":{\"@type\":\"ImageObject\",\"inLanguage\":\"es\",\"@id\":\"https:\/\/autobarbosa.com\/es\/#\/schema\/logo\/image\/\",\"url\":\"https:\/\/autobarbosa.com\/wp-content\/uploads\/2023\/03\/AUTO-BARBOSA-LOGO-1-e1678715539111.png\",\"contentUrl\":\"https:\/\/autobarbosa.com\/wp-content\/uploads\/2023\/03\/AUTO-BARBOSA-LOGO-1-e1678715539111.png\",\"width\":3233,\"height\":3233,\"caption\":\"Auto Barbosa\"},\"image\":{\"@id\":\"https:\/\/autobarbosa.com\/es\/#\/schema\/logo\/image\/\"},\"sameAs\":[\"https:\/\/www.facebook.com\/autobarbosaoficina\",\"https:\/\/www.instagram.com\/autobarbosa.oficina\/\"]}]}<\/script>\n<!-- \/ Yoast SEO plugin. -->","yoast_head_json":{"title":"JOGO CAL\u00c7OS TRAVOES 4066 CL RC8R - C2R2MAX ASFALTO - Auto Barbosa","robots":{"index":"index","follow":"follow","max-snippet":"max-snippet:-1","max-image-preview":"max-image-preview:large","max-video-preview":"max-video-preview:-1"},"canonical":"https:\/\/autobarbosa.com\/es\/produto\/jogo-calcos-travoes-4066-cl-rc8r-c2r2max-asfalto\/","og_locale":"es_ES","og_type":"article","og_title":"JOGO CAL\u00c7OS TRAVOES 4066 CL RC8R - C2R2MAX ASFALTO - Auto Barbosa","og_description":"CL BRAKES Pastilhas de trav\u00f5es 4066T16 RC8   CL BRAKES apoia anualmente in\u00fameros motoristas, profissionais ou n\u00e3o, em todos os n\u00edveis, ganhando a experi\u00eancia necess\u00e1ria para desenvolver os materiais de frenagem mais eficientes. Gra\u00e7as \u00e0 concorr\u00eancia, o desenvolvimento de novos produtos \u00e9 sempre realizado ao mais alto n\u00edvel de desempenho. Toda a gama \u00e9 caracterizada por um claro \u201cataque\u201d de travagem. Este material atende \u00e0s condi\u00e7\u00f5es de corrida mais exigentes. J\u00e1 vence corridas h\u00e1 6 anos gra\u00e7as \u00e0 sua imbat\u00edvel rela\u00e7\u00e3o efici\u00eancia\/facilidade de utiliza\u00e7\u00e3o. Oferece consist\u00eancia de fric\u00e7\u00e3o muito alta em alto n\u00edvel. Coeficiente de atrito m\u00e9dio de 0,6. Seu uso requer fluido de freio de muito boa qualidade. Procedimento de arrombamento:  N\u00e3o \u00e9 necess\u00e1rio arrombamento espec\u00edfico. Em novos discos: Aque\u00e7a gradualmente o sistema. Em discos desgastados: Alguma travagem m\u00e9dia. Use com fluido de freio de alta qualidade. Sangre os freios com frequ\u00eancia. Material de fric\u00e7\u00e3o de metal sinterizado. Componentes principais: Grafite, cer\u00e2mica, ferro, cobre e bronze. Esta placa n\u00e3o utiliza chumbo, nem amianto, nem n\u00edquel (tecnologia NoNiTech) para preservar o meio ambiente.  Pastilhas de freio de montagem dianteira para: ALFA ROMEO 147 GTA 3.2 V6 24V (250CV) - de 2002 a 2006 ALFA ROMEO 156 GTA 3.2 - de 2003 a 2005 ALFA ROMEO 166 2.0 V6 - de 1998 a 2000 ALFA ROMEO 166 2.5 24V - de 1 998 para 2000 ALFA ROMEO 166 3.0 24V - de 1998 a 2000 ALFA ROMEO 166 3.2 V6 24V - de 2003 a 2007 ALFA ROMEO Giulietta 1.8 TBI Quadrifoglio - de 2009 a 2016 ALFA ROMEO GT GTA 3.2 V6 24V (250C V) - de 2003 a 2010 ASTON MARTIN DB9 5.9 - De 2004 a 2016 Aston Martin DB9 5.9 - De 2004 a 2016 Aston Martin DB9 Volante 5.9 - De 2004 a 2016 Aston Martin DB9 Volante 5.9 - De 2004 a 2016 Audi RS3 2.5 TFSI Sportback Quattro (8pa) - de 20 11 para 2012 AUDI TT (8J3) 2.5 TFSI Quattro - de 2009 AUDI TT RS 2.5 Quattro - de 2009 a 2014 AUDI TT RS Roadster 2.5 Quattro - de 2009 a 2014 CADILLAC CTS V - de 2010 CHEVROLET Camaro Coupe 1SS - de 2010 DEIXE Camaro Coup\u00e9 2SS - de 2010 CHEVROLET Camaro Coupe SS 6.2 - de 2009 a 2011 CITRO\u00cbN C2 1.6i 16V Challenge - de 2003 CITRO\u00cbN C2 Challenge (Asfalto) CITRO\u00cbN C2 R2 (Asfalto) - de 2003 CITRO\u00cbN C2 R2 1.6 16V (Asfalto) - de 200 9 a 2 011 CITRO\u00cbN C2 R2 Max (Asfalto) - de 2003 CITRO\u00cbN C2 Sport - de 2003 HOMMELL Berlinette RS2 GT Rallye (Asfalto) - de 2001 a 2015 MASERATI Quattroporte (3) 4.2 - de 2004 MITSUBISHI Lancer MITSUBISHI Lancer Evolution Evolution X 2.0 Turbo 16V - de 2007 a 2014 RENAULT Megane (4) RS - de 2019 SUBARU Impreza (3) WRX STI Gr. (7LA \/ 7L6 \/ 7L7) 3.2 V6 - de 2002 a 2006 VOLKSWAGEN Touareg (7LA) 3.6 V6 FSI - de 2006","og_url":"https:\/\/autobarbosa.com\/es\/produto\/jogo-calcos-travoes-4066-cl-rc8r-c2r2max-asfalto\/","og_site_name":"Auto Barbosa","article_publisher":"https:\/\/www.facebook.com\/autobarbosaoficina","article_modified_time":"2026-04-20T07:02:51+00:00","og_image":[{"width":800,"height":800,"url":"https:\/\/autobarbosa.com\/wp-content\/uploads\/2025\/11\/1pfcl4066t16rc8r.png","type":"image\/png"}],"twitter_card":"summary_large_image","twitter_misc":{"Tiempo de lectura":"2 minutos"},"schema":{"@context":"https:\/\/schema.org","@graph":[{"@type":"WebPage","@id":"https:\/\/autobarbosa.com\/es\/produto\/jogo-calcos-travoes-4066-cl-rc8r-c2r2max-asfalto\/","url":"https:\/\/autobarbosa.com\/es\/produto\/jogo-calcos-travoes-4066-cl-rc8r-c2r2max-asfalto\/","name":"JOGO CAL\u00c7OS TRAVOES 4066 CL RC8R - C2R2MAX ASFALTO - Auto Barbosa","isPartOf":{"@id":"https:\/\/autobarbosa.com\/es\/#website"},"datePublished":"2025-11-26T08:02:51+00:00","dateModified":"2026-04-20T07:02:51+00:00","breadcrumb":{"@id":"https:\/\/autobarbosa.com\/es\/produto\/jogo-calcos-travoes-4066-cl-rc8r-c2r2max-asfalto\/#breadcrumb"},"inLanguage":"es","potentialAction":[{"@type":"ReadAction","target":["https:\/\/autobarbosa.com\/es\/produto\/jogo-calcos-travoes-4066-cl-rc8r-c2r2max-asfalto\/"]}]},{"@type":"BreadcrumbList","@id":"https:\/\/autobarbosa.com\/es\/produto\/jogo-calcos-travoes-4066-cl-rc8r-c2r2max-asfalto\/#breadcrumb","itemListElement":[{"@type":"ListItem","position":1,"name":"In\u00edcio","item":"https:\/\/autobarbosa.com\/es\/"},{"@type":"ListItem","position":2,"name":"Loja","item":"https:\/\/autobarbosa.com\/"},{"@type":"ListItem","position":3,"name":"JOGO CAL\u00c7OS TRAVOES 4066 CL RC8R &#8211; C2R2MAX ASFALTO"}]},{"@type":"WebSite","@id":"https:\/\/autobarbosa.com\/es\/#website","url":"https:\/\/autobarbosa.com\/es\/","name":"Auto Barbosa","description":"Site institucional","publisher":{"@id":"https:\/\/autobarbosa.com\/es\/#organization"},"potentialAction":[{"@type":"SearchAction","target":{"@type":"EntryPoint","urlTemplate":"https:\/\/autobarbosa.com\/es\/?s={search_term_string}"},"query-input":"required name=search_term_string"}],"inLanguage":"es"},{"@type":"Organization","@id":"https:\/\/autobarbosa.com\/es\/#organization","name":"Auto Barbosa","url":"https:\/\/autobarbosa.com\/es\/","logo":{"@type":"ImageObject","inLanguage":"es","@id":"https:\/\/autobarbosa.com\/es\/#\/schema\/logo\/image\/","url":"https:\/\/autobarbosa.com\/wp-content\/uploads\/2023\/03\/AUTO-BARBOSA-LOGO-1-e1678715539111.png","contentUrl":"https:\/\/autobarbosa.com\/wp-content\/uploads\/2023\/03\/AUTO-BARBOSA-LOGO-1-e1678715539111.png","width":3233,"height":3233,"caption":"Auto Barbosa"},"image":{"@id":"https:\/\/autobarbosa.com\/es\/#\/schema\/logo\/image\/"},"sameAs":["https:\/\/www.facebook.com\/autobarbosaoficina","https:\/\/www.instagram.com\/autobarbosa.oficina\/"]}]}},"_links":{"self":[{"href":"https:\/\/autobarbosa.com\/es\/wp-json\/wp\/v3\/product\/17725","targetHints":{"allow":["GET"]}}],"collection":[{"href":"https:\/\/autobarbosa.com\/es\/wp-json\/wp\/v3\/product"}],"about":[{"href":"https:\/\/autobarbosa.com\/es\/wp-json\/wp\/v2\/types\/product"}],"wp:featuredmedia":[{"embeddable":true,"href":"https:\/\/autobarbosa.com\/es\/wp-json\/wp\/v2\/media\/17721"}],"wp:attachment":[{"href":"https:\/\/autobarbosa.com\/es\/wp-json\/wp\/v2\/media?parent=17725"}],"wp:term":[{"taxonomy":"product_cat","embeddable":true,"href":"https:\/\/autobarbosa.com\/es\/wp-json\/wp\/v2\/product_cat?post=17725"},{"taxonomy":"product_tag","embeddable":true,"href":"https:\/\/autobarbosa.com\/es\/wp-json\/wp\/v2\/product_tag?post=17725"},{"taxonomy":"marca","embeddable":true,"href":"https:\/\/autobarbosa.com\/es\/wp-json\/wp\/v2\/marca?post=17725"}],"curies":[{"name":"wp","href":"https:\/\/api.w.org\/{rel}","templated":true}]}}