{"id":17813,"date":"2025-11-26T07:03:14","date_gmt":"2025-11-26T08:03:14","guid":{"rendered":"https:\/\/autobarbosa.com\/produto\/jogo-calcos-travoes-cl-rc6-bombas-alcon-d43-saxo-106\/"},"modified":"2026-04-16T07:02:54","modified_gmt":"2026-04-16T07:02:54","slug":"jogo-calcos-travoes-cl-rc6-bombas-alcon-d43-saxo-106","status":"publish","type":"product","link":"https:\/\/autobarbosa.com\/es\/produto\/jogo-calcos-travoes-cl-rc6-bombas-alcon-d43-saxo-106\/","title":{"rendered":"JOGO CAL\u00c7OS TRAVOES CL RC6 BOMBAS ALCON D43 &#8211; SAXO\/106"},"content":{"rendered":"<p>Pastilhas de Trav\u00f5es 5005W43T16 RC6<\/p>\n<p>CL BRAKES apoia anualmente in\u00fameros motoristas, profissionais ou n\u00e3o, em todos os n\u00edveis, ganhando a experi\u00eancia necess\u00e1ria para desenvolver os materiais de frenagem mais eficientes.<br \/>\nGra\u00e7as \u00e0 concorr\u00eancia, o desenvolvimento de novos produtos \u00e9 sempre realizado ao mais alto n\u00edvel de desempenho.<br \/>\nToda a gama \u00e9 caracterizada por um claro \u201cataque\u201d de travagem.<br \/>\nEste material oferece uma ampla gama de aplica\u00e7\u00f5es poss\u00edveis, em ralis ou em circuito.<br \/>\nCoeficiente de atrito m\u00e9dio de 0,5.<br \/>\nJ\u00e1 vence corridas h\u00e1 6 anos gra\u00e7as \u00e0 sua imbat\u00edvel rela\u00e7\u00e3o efici\u00eancia\/facilidade de utiliza\u00e7\u00e3o.<br \/>\nOferece consist\u00eancia de fric\u00e7\u00e3o muito alta em alto n\u00edvel. Seu uso requer fluido de freio de muito boa qualidade.<\/p>\n<p>Procedimento de arrombamento:<br \/>\nN\u00e3o \u00e9 necess\u00e1rio arrombamento espec\u00edfico.<br \/>\nEm novos discos: Aque\u00e7a gradualmente o sistema.<br \/>\nEm discos desgastados: Alguma travagem m\u00e9dia.<br \/>\nUse com fluido de freio de alta qualidade.<br \/>\nSangre os freios com frequ\u00eancia.<br \/>\nMaterial de fric\u00e7\u00e3o de metal sinterizado.<br \/>\nComponentes principais: Grafite, cer\u00e2mica, ferro, cobre e bronze.<br \/>\nEsta placa n\u00e3o utiliza chumbo, nem amianto, nem n\u00edquel (tecnologia NoNiTech) para preservar o meio ambiente.<\/p>\n<p>Pastilhas de Trav\u00f5es dianteiras para:<br \/>\nPEUGEOT 206 WRC (Gravel) &#8211; de 1999 a 2003<\/p>\n","protected":false},"excerpt":{"rendered":"<p>Pastilhas de Trav\u00f5es 5005W43T16 RC6<\/p>\n<p>CL BRAKES apoia anualmente in\u00fameros motoristas, profissionais ou n\u00e3o, em todos os n\u00edveis, ganhando a experi\u00eancia necess\u00e1ria para desenvolver os materiais de frenagem mais eficientes.<br \/>\nGra\u00e7as \u00e0 concorr\u00eancia, o desenvolvimento de novos produtos \u00e9 sempre realizado ao mais alto n\u00edvel de desempenho.<br \/>\nToda a gama \u00e9 caracterizada por um claro \u201cataque\u201d de travagem.<br \/>\nEste material oferece uma ampla gama de aplica\u00e7\u00f5es poss\u00edveis, em ralis ou em circuito.<br \/>\nCoeficiente de atrito m\u00e9dio de 0,5.<br \/>\nJ\u00e1 vence corridas h\u00e1 6 anos gra\u00e7as \u00e0 sua imbat\u00edvel rela\u00e7\u00e3o efici\u00eancia\/facilidade de utiliza\u00e7\u00e3o.<br \/>\nOferece consist\u00eancia de fric\u00e7\u00e3o muito alta em alto n\u00edvel. Seu uso requer fluido de freio de muito boa qualidade.<\/p>\n<p>Procedimento de arrombamento:<br \/>\nN\u00e3o \u00e9 necess\u00e1rio arrombamento espec\u00edfico.<br \/>\nEm novos discos: Aque\u00e7a gradualmente o sistema.<br \/>\nEm discos desgastados: Alguma travagem m\u00e9dia.<br \/>\nUse com fluido de freio de alta qualidade.<br \/>\nSangre os freios com frequ\u00eancia.<br \/>\nMaterial de fric\u00e7\u00e3o de metal sinterizado.<br \/>\nComponentes principais: Grafite, cer\u00e2mica, ferro, cobre e bronze.<br \/>\nEsta placa n\u00e3o utiliza chumbo, nem amianto, nem n\u00edquel (tecnologia NoNiTech) para preservar o meio ambiente.<\/p>\n<p>Pastilhas de Trav\u00f5es dianteiras para:<br \/>\nPEUGEOT 206 WRC (Gravel) &#8211; de 1999 a 2003<\/p>\n","protected":false},"featured_media":17809,"template":"","meta":[],"product_cat":[479,484,509],"product_tag":[],"marca":[148],"class_list":["post-17813","product","type-product","status-publish","has-post-thumbnail","hentry","product_cat-viatura","product_cat-sistema-travagem","product_cat-pastilhas-travoes","marca-carbone-lorraine"],"yoast_head":"<!-- This site is optimized with the Yoast SEO plugin v20.5 - https:\/\/yoast.com\/wordpress\/plugins\/seo\/ -->\n<title>JOGO CAL\u00c7OS TRAVOES CL RC6 BOMBAS ALCON D43 - SAXO\/106 - Auto Barbosa<\/title>\n<meta name=\"robots\" content=\"index, follow, max-snippet:-1, max-image-preview:large, max-video-preview:-1\" \/>\n<link rel=\"canonical\" href=\"https:\/\/autobarbosa.com\/es\/produto\/jogo-calcos-travoes-cl-rc6-bombas-alcon-d43-saxo-106\/\" \/>\n<meta property=\"og:locale\" content=\"es_ES\" \/>\n<meta property=\"og:type\" content=\"article\" \/>\n<meta property=\"og:title\" content=\"JOGO CAL\u00c7OS TRAVOES CL RC6 BOMBAS ALCON D43 - SAXO\/106 - Auto Barbosa\" \/>\n<meta property=\"og:description\" content=\"Pastilhas de Trav\u00f5es 5005W43T16 RC6  CL BRAKES apoia anualmente in\u00fameros motoristas, profissionais ou n\u00e3o, em todos os n\u00edveis, ganhando a experi\u00eancia necess\u00e1ria para desenvolver os materiais de frenagem mais eficientes. Gra\u00e7as \u00e0 concorr\u00eancia, o desenvolvimento de novos produtos \u00e9 sempre realizado ao mais alto n\u00edvel de desempenho. Toda a gama \u00e9 caracterizada por um claro \u201cataque\u201d de travagem. Este material oferece uma ampla gama de aplica\u00e7\u00f5es poss\u00edveis, em ralis ou em circuito. Coeficiente de atrito m\u00e9dio de 0,5. J\u00e1 vence corridas h\u00e1 6 anos gra\u00e7as \u00e0 sua imbat\u00edvel rela\u00e7\u00e3o efici\u00eancia\/facilidade de utiliza\u00e7\u00e3o. Oferece consist\u00eancia de fric\u00e7\u00e3o muito alta em alto n\u00edvel. Seu uso requer fluido de freio de muito boa qualidade.  Procedimento de arrombamento: N\u00e3o \u00e9 necess\u00e1rio arrombamento espec\u00edfico. Em novos discos: Aque\u00e7a gradualmente o sistema. Em discos desgastados: Alguma travagem m\u00e9dia. Use com fluido de freio de alta qualidade. Sangre os freios com frequ\u00eancia. Material de fric\u00e7\u00e3o de metal sinterizado. Componentes principais: Grafite, cer\u00e2mica, ferro, cobre e bronze. Esta placa n\u00e3o utiliza chumbo, nem amianto, nem n\u00edquel (tecnologia NoNiTech) para preservar o meio ambiente.  Pastilhas de Trav\u00f5es dianteiras para: PEUGEOT 206 WRC (Gravel) - de 1999 a 2003\" \/>\n<meta property=\"og:url\" content=\"https:\/\/autobarbosa.com\/es\/produto\/jogo-calcos-travoes-cl-rc6-bombas-alcon-d43-saxo-106\/\" \/>\n<meta property=\"og:site_name\" content=\"Auto Barbosa\" \/>\n<meta property=\"article:publisher\" content=\"https:\/\/www.facebook.com\/autobarbosaoficina\" \/>\n<meta property=\"article:modified_time\" content=\"2026-04-16T07:02:54+00:00\" \/>\n<meta property=\"og:image\" content=\"https:\/\/autobarbosa.com\/wp-content\/uploads\/2025\/11\/1pfcl5005w43t16.png\" \/>\n\t<meta property=\"og:image:width\" content=\"800\" \/>\n\t<meta property=\"og:image:height\" content=\"800\" \/>\n\t<meta property=\"og:image:type\" content=\"image\/png\" \/>\n<meta name=\"twitter:card\" content=\"summary_large_image\" \/>\n<meta name=\"twitter:label1\" content=\"Tiempo de lectura\" \/>\n\t<meta name=\"twitter:data1\" content=\"1 minuto\" \/>\n<script type=\"application\/ld+json\" class=\"yoast-schema-graph\">{\"@context\":\"https:\/\/schema.org\",\"@graph\":[{\"@type\":\"WebPage\",\"@id\":\"https:\/\/autobarbosa.com\/es\/produto\/jogo-calcos-travoes-cl-rc6-bombas-alcon-d43-saxo-106\/\",\"url\":\"https:\/\/autobarbosa.com\/es\/produto\/jogo-calcos-travoes-cl-rc6-bombas-alcon-d43-saxo-106\/\",\"name\":\"JOGO CAL\u00c7OS TRAVOES CL RC6 BOMBAS ALCON D43 - SAXO\/106 - Auto Barbosa\",\"isPartOf\":{\"@id\":\"https:\/\/autobarbosa.com\/es\/#website\"},\"datePublished\":\"2025-11-26T08:03:14+00:00\",\"dateModified\":\"2026-04-16T07:02:54+00:00\",\"breadcrumb\":{\"@id\":\"https:\/\/autobarbosa.com\/es\/produto\/jogo-calcos-travoes-cl-rc6-bombas-alcon-d43-saxo-106\/#breadcrumb\"},\"inLanguage\":\"es\",\"potentialAction\":[{\"@type\":\"ReadAction\",\"target\":[\"https:\/\/autobarbosa.com\/es\/produto\/jogo-calcos-travoes-cl-rc6-bombas-alcon-d43-saxo-106\/\"]}]},{\"@type\":\"BreadcrumbList\",\"@id\":\"https:\/\/autobarbosa.com\/es\/produto\/jogo-calcos-travoes-cl-rc6-bombas-alcon-d43-saxo-106\/#breadcrumb\",\"itemListElement\":[{\"@type\":\"ListItem\",\"position\":1,\"name\":\"In\u00edcio\",\"item\":\"https:\/\/autobarbosa.com\/es\/\"},{\"@type\":\"ListItem\",\"position\":2,\"name\":\"Loja\",\"item\":\"https:\/\/autobarbosa.com\/\"},{\"@type\":\"ListItem\",\"position\":3,\"name\":\"JOGO CAL\u00c7OS TRAVOES CL RC6 BOMBAS ALCON D43 &#8211; SAXO\/106\"}]},{\"@type\":\"WebSite\",\"@id\":\"https:\/\/autobarbosa.com\/es\/#website\",\"url\":\"https:\/\/autobarbosa.com\/es\/\",\"name\":\"Auto Barbosa\",\"description\":\"Site institucional\",\"publisher\":{\"@id\":\"https:\/\/autobarbosa.com\/es\/#organization\"},\"potentialAction\":[{\"@type\":\"SearchAction\",\"target\":{\"@type\":\"EntryPoint\",\"urlTemplate\":\"https:\/\/autobarbosa.com\/es\/?s={search_term_string}\"},\"query-input\":\"required name=search_term_string\"}],\"inLanguage\":\"es\"},{\"@type\":\"Organization\",\"@id\":\"https:\/\/autobarbosa.com\/es\/#organization\",\"name\":\"Auto Barbosa\",\"url\":\"https:\/\/autobarbosa.com\/es\/\",\"logo\":{\"@type\":\"ImageObject\",\"inLanguage\":\"es\",\"@id\":\"https:\/\/autobarbosa.com\/es\/#\/schema\/logo\/image\/\",\"url\":\"https:\/\/autobarbosa.com\/wp-content\/uploads\/2023\/03\/AUTO-BARBOSA-LOGO-1-e1678715539111.png\",\"contentUrl\":\"https:\/\/autobarbosa.com\/wp-content\/uploads\/2023\/03\/AUTO-BARBOSA-LOGO-1-e1678715539111.png\",\"width\":3233,\"height\":3233,\"caption\":\"Auto Barbosa\"},\"image\":{\"@id\":\"https:\/\/autobarbosa.com\/es\/#\/schema\/logo\/image\/\"},\"sameAs\":[\"https:\/\/www.facebook.com\/autobarbosaoficina\",\"https:\/\/www.instagram.com\/autobarbosa.oficina\/\"]}]}<\/script>\n<!-- \/ Yoast SEO plugin. -->","yoast_head_json":{"title":"JOGO CAL\u00c7OS TRAVOES CL RC6 BOMBAS ALCON D43 - SAXO\/106 - Auto Barbosa","robots":{"index":"index","follow":"follow","max-snippet":"max-snippet:-1","max-image-preview":"max-image-preview:large","max-video-preview":"max-video-preview:-1"},"canonical":"https:\/\/autobarbosa.com\/es\/produto\/jogo-calcos-travoes-cl-rc6-bombas-alcon-d43-saxo-106\/","og_locale":"es_ES","og_type":"article","og_title":"JOGO CAL\u00c7OS TRAVOES CL RC6 BOMBAS ALCON D43 - SAXO\/106 - Auto Barbosa","og_description":"Pastilhas de Trav\u00f5es 5005W43T16 RC6  CL BRAKES apoia anualmente in\u00fameros motoristas, profissionais ou n\u00e3o, em todos os n\u00edveis, ganhando a experi\u00eancia necess\u00e1ria para desenvolver os materiais de frenagem mais eficientes. Gra\u00e7as \u00e0 concorr\u00eancia, o desenvolvimento de novos produtos \u00e9 sempre realizado ao mais alto n\u00edvel de desempenho. Toda a gama \u00e9 caracterizada por um claro \u201cataque\u201d de travagem. Este material oferece uma ampla gama de aplica\u00e7\u00f5es poss\u00edveis, em ralis ou em circuito. Coeficiente de atrito m\u00e9dio de 0,5. J\u00e1 vence corridas h\u00e1 6 anos gra\u00e7as \u00e0 sua imbat\u00edvel rela\u00e7\u00e3o efici\u00eancia\/facilidade de utiliza\u00e7\u00e3o. Oferece consist\u00eancia de fric\u00e7\u00e3o muito alta em alto n\u00edvel. Seu uso requer fluido de freio de muito boa qualidade.  Procedimento de arrombamento: N\u00e3o \u00e9 necess\u00e1rio arrombamento espec\u00edfico. Em novos discos: Aque\u00e7a gradualmente o sistema. Em discos desgastados: Alguma travagem m\u00e9dia. Use com fluido de freio de alta qualidade. Sangre os freios com frequ\u00eancia. Material de fric\u00e7\u00e3o de metal sinterizado. Componentes principais: Grafite, cer\u00e2mica, ferro, cobre e bronze. Esta placa n\u00e3o utiliza chumbo, nem amianto, nem n\u00edquel (tecnologia NoNiTech) para preservar o meio ambiente.  Pastilhas de Trav\u00f5es dianteiras para: PEUGEOT 206 WRC (Gravel) - de 1999 a 2003","og_url":"https:\/\/autobarbosa.com\/es\/produto\/jogo-calcos-travoes-cl-rc6-bombas-alcon-d43-saxo-106\/","og_site_name":"Auto Barbosa","article_publisher":"https:\/\/www.facebook.com\/autobarbosaoficina","article_modified_time":"2026-04-16T07:02:54+00:00","og_image":[{"width":800,"height":800,"url":"https:\/\/autobarbosa.com\/wp-content\/uploads\/2025\/11\/1pfcl5005w43t16.png","type":"image\/png"}],"twitter_card":"summary_large_image","twitter_misc":{"Tiempo de lectura":"1 minuto"},"schema":{"@context":"https:\/\/schema.org","@graph":[{"@type":"WebPage","@id":"https:\/\/autobarbosa.com\/es\/produto\/jogo-calcos-travoes-cl-rc6-bombas-alcon-d43-saxo-106\/","url":"https:\/\/autobarbosa.com\/es\/produto\/jogo-calcos-travoes-cl-rc6-bombas-alcon-d43-saxo-106\/","name":"JOGO CAL\u00c7OS TRAVOES CL RC6 BOMBAS ALCON D43 - SAXO\/106 - Auto Barbosa","isPartOf":{"@id":"https:\/\/autobarbosa.com\/es\/#website"},"datePublished":"2025-11-26T08:03:14+00:00","dateModified":"2026-04-16T07:02:54+00:00","breadcrumb":{"@id":"https:\/\/autobarbosa.com\/es\/produto\/jogo-calcos-travoes-cl-rc6-bombas-alcon-d43-saxo-106\/#breadcrumb"},"inLanguage":"es","potentialAction":[{"@type":"ReadAction","target":["https:\/\/autobarbosa.com\/es\/produto\/jogo-calcos-travoes-cl-rc6-bombas-alcon-d43-saxo-106\/"]}]},{"@type":"BreadcrumbList","@id":"https:\/\/autobarbosa.com\/es\/produto\/jogo-calcos-travoes-cl-rc6-bombas-alcon-d43-saxo-106\/#breadcrumb","itemListElement":[{"@type":"ListItem","position":1,"name":"In\u00edcio","item":"https:\/\/autobarbosa.com\/es\/"},{"@type":"ListItem","position":2,"name":"Loja","item":"https:\/\/autobarbosa.com\/"},{"@type":"ListItem","position":3,"name":"JOGO CAL\u00c7OS TRAVOES CL RC6 BOMBAS ALCON D43 &#8211; SAXO\/106"}]},{"@type":"WebSite","@id":"https:\/\/autobarbosa.com\/es\/#website","url":"https:\/\/autobarbosa.com\/es\/","name":"Auto Barbosa","description":"Site institucional","publisher":{"@id":"https:\/\/autobarbosa.com\/es\/#organization"},"potentialAction":[{"@type":"SearchAction","target":{"@type":"EntryPoint","urlTemplate":"https:\/\/autobarbosa.com\/es\/?s={search_term_string}"},"query-input":"required name=search_term_string"}],"inLanguage":"es"},{"@type":"Organization","@id":"https:\/\/autobarbosa.com\/es\/#organization","name":"Auto Barbosa","url":"https:\/\/autobarbosa.com\/es\/","logo":{"@type":"ImageObject","inLanguage":"es","@id":"https:\/\/autobarbosa.com\/es\/#\/schema\/logo\/image\/","url":"https:\/\/autobarbosa.com\/wp-content\/uploads\/2023\/03\/AUTO-BARBOSA-LOGO-1-e1678715539111.png","contentUrl":"https:\/\/autobarbosa.com\/wp-content\/uploads\/2023\/03\/AUTO-BARBOSA-LOGO-1-e1678715539111.png","width":3233,"height":3233,"caption":"Auto Barbosa"},"image":{"@id":"https:\/\/autobarbosa.com\/es\/#\/schema\/logo\/image\/"},"sameAs":["https:\/\/www.facebook.com\/autobarbosaoficina","https:\/\/www.instagram.com\/autobarbosa.oficina\/"]}]}},"_links":{"self":[{"href":"https:\/\/autobarbosa.com\/es\/wp-json\/wp\/v3\/product\/17813","targetHints":{"allow":["GET"]}}],"collection":[{"href":"https:\/\/autobarbosa.com\/es\/wp-json\/wp\/v3\/product"}],"about":[{"href":"https:\/\/autobarbosa.com\/es\/wp-json\/wp\/v2\/types\/product"}],"wp:featuredmedia":[{"embeddable":true,"href":"https:\/\/autobarbosa.com\/es\/wp-json\/wp\/v2\/media\/17809"}],"wp:attachment":[{"href":"https:\/\/autobarbosa.com\/es\/wp-json\/wp\/v2\/media?parent=17813"}],"wp:term":[{"taxonomy":"product_cat","embeddable":true,"href":"https:\/\/autobarbosa.com\/es\/wp-json\/wp\/v2\/product_cat?post=17813"},{"taxonomy":"product_tag","embeddable":true,"href":"https:\/\/autobarbosa.com\/es\/wp-json\/wp\/v2\/product_tag?post=17813"},{"taxonomy":"marca","embeddable":true,"href":"https:\/\/autobarbosa.com\/es\/wp-json\/wp\/v2\/marca?post=17813"}],"curies":[{"name":"wp","href":"https:\/\/api.w.org\/{rel}","templated":true}]}}