{"id":17845,"date":"2025-11-26T07:03:23","date_gmt":"2025-11-26T08:03:23","guid":{"rendered":"https:\/\/autobarbosa.com\/produto\/jogo-calcos-travoes-nissan-gtr-audi-r8\/"},"modified":"2026-04-18T07:03:02","modified_gmt":"2026-04-18T07:03:02","slug":"jogo-calcos-travoes-nissan-gtr-audi-r8","status":"publish","type":"product","link":"https:\/\/autobarbosa.com\/es\/produto\/jogo-calcos-travoes-nissan-gtr-audi-r8\/","title":{"rendered":"JOGO CAL\u00c7OS TRAVOES NISSAN GTR \/ AUDI R8"},"content":{"rendered":"<p>Pastilhas de freio CL BRAKES RC6E para AUDI A8 ou FERRARI 355 ou PEUGEOT RCZ<\/p>\n<p>CL BRAKES apoia muitos pilotos todos os anos, profissionais ou n\u00e3o, em todos os n\u00edveis, ganhando a experi\u00eancia necess\u00e1ria para o desenvolvimento dos materiais de frenagem mais eficientes.<br \/>\nGra\u00e7as \u00e0 concorr\u00eancia, o desenvolvimento de novos produtos \u00e9 sempre feito com o mais alto n\u00edvel de desempenho.<br \/>\nToda a gama \u00e9 caracterizada por um franco &#8220;ataque&#8221; de travagem.<\/p>\n<p>O composto RC6 Endurance oferece um j\u00e1 alto n\u00edvel de atrito (0,46) combinado com um n\u00edvel muito baixo de desgaste do disco\/pastilha.<br \/>\nEle salva as mudan\u00e7as de almofada durante as corridas de 6 a 24 horas.<br \/>\nQuebra-se com muita facilidade e mant\u00e9m uma grande estabilidade tanto a quente como a frio.<\/p>\n<p>Procedimento de arrombamento:<br \/>\nN\u00e3o \u00e9 necess\u00e1rio arrombamento espec\u00edfico.<br \/>\nEm discos novos: Aque\u00e7a o sistema gradualmente.<br \/>\nEm discos lapidados: Alguma travagem m\u00e9dia.<br \/>\nUse com fluido de freio de alta qualidade.<br \/>\nSangre os freios frequentemente.<br \/>\nMaterial de fric\u00e7\u00e3o de metal sinterizado.<br \/>\nComponentes principais: Grafite, cer\u00e2mica, ferro, cobre e bronze.<br \/>\nEsta placa n\u00e3o utiliza chumbo, nem amianto, nem n\u00edquel (tecnologia NoNiTech) para a preserva\u00e7\u00e3o do meio ambiente.<\/p>\n<p>Dimens\u00f5es do wafer: 150,7 mm x 80,6 mm x 18 mm.<\/p>\n<p>Pastilhas de freio de montagem frontal para:<br \/>\n&#8211; AUDI A8 de 1994 a 2002 (AP RACING CP5555-1007 pin\u00e7as, 6 pist\u00f5es).<br \/>\n&#8211; BMW E39 Series 5 de 1997 a 2003 (AP RACING CP5555-1025 pin\u00e7as, 6 pist\u00f5es).<br \/>\n&#8211; FERRARI 355 de 1994 a 1999 (AP RACING CP5555-1028.G8 pin\u00e7as, 6 pist\u00f5es).<br \/>\n&#8211; JAGUAR XJR8 de 1997 a 2003 (AP RACING CP5555-1004 pin\u00e7as, 6 pist\u00f5es).<br \/>\n&#8211; JAGUAR XK8 de 1996 a 2006 (AP RACING CP5555-1013 pin\u00e7as, 6 pist\u00f5es).<br \/>\n&#8211; JAGUAR XKR de 1996 a 2006 (AP RACING CP5555-1013 pin\u00e7as, 6 pist\u00f5es).<br \/>\n&#8211; MITSUBISHI 3000GT \/ 3000GT VR4 de 1991 a 1996 (AP RACING CP5555-1013R2.G8 pin\u00e7as, 6 pist\u00f5es).<br \/>\n&#8211; MITSUBISHI LANCER Evo VII de 2001 a 2005 (AP RACING CP5555-1032 pin\u00e7as, 6 pist\u00f5es).<br \/>\n&#8211; MITSUBISHI LANCER Evo VIII de 2001 a 2005 (AP RACING CP5555-1032 pin\u00e7as, 6 pist\u00f5es).<br \/>\n&#8211; MITSUBISHI LANCER Evo IX de 2001 a 2005 (pin\u00e7as AP RACING CP5555-1032, 6 pist\u00f5es).<br \/>\n&#8211; NISSAN 300 ZX de 1989 a 1996 (pin\u00e7as AP RACING CP5555T1000, 6 pist\u00f5es).<br \/>\n&#8211; PEUGEOT RCZ de 2010.<\/p>\n<p>Pastilhas de trav\u00e3o de montagem traseira para:<br \/>\n&#8211; BMW E39 S\u00e9rie 5 de 1997 a 2003 (AP RACING CP5555-1025 pin\u00e7as, 6 pist\u00f5es).<\/p>\n","protected":false},"excerpt":{"rendered":"<p>Pastilhas de freio CL BRAKES RC6E para AUDI A8 ou FERRARI 355 ou PEUGEOT RCZ<\/p>\n<p>CL BRAKES apoia muitos pilotos todos os anos, profissionais ou n\u00e3o, em todos os n\u00edveis, ganhando a experi\u00eancia necess\u00e1ria para o desenvolvimento dos materiais de frenagem mais eficientes.<br \/>\nGra\u00e7as \u00e0 concorr\u00eancia, o desenvolvimento de novos produtos \u00e9 sempre feito com o mais alto n\u00edvel de desempenho.<br \/>\nToda a gama \u00e9 caracterizada por um franco &#8220;ataque&#8221; de travagem.<\/p>\n<p>O composto RC6 Endurance oferece um j\u00e1 alto n\u00edvel de atrito (0,46) combinado com um n\u00edvel muito baixo de desgaste do disco\/pastilha.<br \/>\nEle salva as mudan\u00e7as de almofada durante as corridas de 6 a 24 horas.<br \/>\nQuebra-se com muita facilidade e mant\u00e9m uma grande estabilidade tanto a quente como a frio.<\/p>\n<p>Procedimento de arrombamento:<br \/>\nN\u00e3o \u00e9 necess\u00e1rio arrombamento espec\u00edfico.<br \/>\nEm discos novos: Aque\u00e7a o sistema gradualmente.<br \/>\nEm discos lapidados: Alguma travagem m\u00e9dia.<br \/>\nUse com fluido de freio de alta qualidade.<br \/>\nSangre os freios frequentemente.<br \/>\nMaterial de fric\u00e7\u00e3o de metal sinterizado.<br \/>\nComponentes principais: Grafite, cer\u00e2mica, ferro, cobre e bronze.<br \/>\nEsta placa n\u00e3o utiliza chumbo, nem amianto, nem n\u00edquel (tecnologia NoNiTech) para a preserva\u00e7\u00e3o do meio ambiente.<\/p>\n<p>Dimens\u00f5es do wafer: 150,7 mm x 80,6 mm x 18 mm.<\/p>\n<p>Pastilhas de freio de montagem frontal para:<br \/>\n&#8211; AUDI A8 de 1994 a 2002 (AP RACING CP5555-1007 pin\u00e7as, 6 pist\u00f5es).<br \/>\n&#8211; BMW E39 Series 5 de 1997 a 2003 (AP RACING CP5555-1025 pin\u00e7as, 6 pist\u00f5es).<br \/>\n&#8211; FERRARI 355 de 1994 a 1999 (AP RACING CP5555-1028.G8 pin\u00e7as, 6 pist\u00f5es).<br \/>\n&#8211; JAGUAR XJR8 de 1997 a 2003 (AP RACING CP5555-1004 pin\u00e7as, 6 pist\u00f5es).<br \/>\n&#8211; JAGUAR XK8 de 1996 a 2006 (AP RACING CP5555-1013 pin\u00e7as, 6 pist\u00f5es).<br \/>\n&#8211; JAGUAR XKR de 1996 a 2006 (AP RACING CP5555-1013 pin\u00e7as, 6 pist\u00f5es).<br \/>\n&#8211; MITSUBISHI 3000GT \/ 3000GT VR4 de 1991 a 1996 (AP RACING CP5555-1013R2.G8 pin\u00e7as, 6 pist\u00f5es).<br \/>\n&#8211; MITSUBISHI LANCER Evo VII de 2001 a 2005 (AP RACING CP5555-1032 pin\u00e7as, 6 pist\u00f5es).<br \/>\n&#8211; MITSUBISHI LANCER Evo VIII de 2001 a 2005 (AP RACING CP5555-1032 pin\u00e7as, 6 pist\u00f5es).<br \/>\n&#8211; MITSUBISHI LANCER Evo IX de 2001 a 2005 (pin\u00e7as AP RACING CP5555-1032, 6 pist\u00f5es).<br \/>\n&#8211; NISSAN 300 ZX de 1989 a 1996 (pin\u00e7as AP RACING CP5555T1000, 6 pist\u00f5es).<br \/>\n&#8211; PEUGEOT RCZ de 2010.<\/p>\n<p>Pastilhas de trav\u00e3o de montagem traseira para:<br \/>\n&#8211; BMW E39 S\u00e9rie 5 de 1997 a 2003 (AP RACING CP5555-1025 pin\u00e7as, 6 pist\u00f5es).<\/p>\n","protected":false},"featured_media":17841,"template":"","meta":[],"product_cat":[479,484,509],"product_tag":[],"marca":[148],"class_list":["post-17845","product","type-product","status-publish","has-post-thumbnail","hentry","product_cat-viatura","product_cat-sistema-travagem","product_cat-pastilhas-travoes","marca-carbone-lorraine"],"yoast_head":"<!-- This site is optimized with the Yoast SEO plugin v20.5 - https:\/\/yoast.com\/wordpress\/plugins\/seo\/ -->\n<title>JOGO CAL\u00c7OS TRAVOES NISSAN GTR \/ AUDI R8 - Auto Barbosa<\/title>\n<meta name=\"robots\" content=\"index, follow, max-snippet:-1, max-image-preview:large, max-video-preview:-1\" \/>\n<link rel=\"canonical\" href=\"https:\/\/autobarbosa.com\/es\/produto\/jogo-calcos-travoes-nissan-gtr-audi-r8\/\" \/>\n<meta property=\"og:locale\" content=\"es_ES\" \/>\n<meta property=\"og:type\" content=\"article\" \/>\n<meta property=\"og:title\" content=\"JOGO CAL\u00c7OS TRAVOES NISSAN GTR \/ AUDI R8 - Auto Barbosa\" \/>\n<meta property=\"og:description\" content=\"Pastilhas de freio CL BRAKES RC6E para AUDI A8 ou FERRARI 355 ou PEUGEOT RCZ  CL BRAKES apoia muitos pilotos todos os anos, profissionais ou n\u00e3o, em todos os n\u00edveis, ganhando a experi\u00eancia necess\u00e1ria para o desenvolvimento dos materiais de frenagem mais eficientes. Gra\u00e7as \u00e0 concorr\u00eancia, o desenvolvimento de novos produtos \u00e9 sempre feito com o mais alto n\u00edvel de desempenho. Toda a gama \u00e9 caracterizada por um franco &quot;ataque&quot; de travagem.  O composto RC6 Endurance oferece um j\u00e1 alto n\u00edvel de atrito (0,46) combinado com um n\u00edvel muito baixo de desgaste do disco\/pastilha. Ele salva as mudan\u00e7as de almofada durante as corridas de 6 a 24 horas. Quebra-se com muita facilidade e mant\u00e9m uma grande estabilidade tanto a quente como a frio.  Procedimento de arrombamento: N\u00e3o \u00e9 necess\u00e1rio arrombamento espec\u00edfico. Em discos novos: Aque\u00e7a o sistema gradualmente. Em discos lapidados: Alguma travagem m\u00e9dia. Use com fluido de freio de alta qualidade. Sangre os freios frequentemente. Material de fric\u00e7\u00e3o de metal sinterizado. Componentes principais: Grafite, cer\u00e2mica, ferro, cobre e bronze. Esta placa n\u00e3o utiliza chumbo, nem amianto, nem n\u00edquel (tecnologia NoNiTech) para a preserva\u00e7\u00e3o do meio ambiente.  Dimens\u00f5es do wafer: 150,7 mm x 80,6 mm x 18 mm.  Pastilhas de freio de montagem frontal para: - AUDI A8 de 1994 a 2002 (AP RACING CP5555-1007 pin\u00e7as, 6 pist\u00f5es). - BMW E39 Series 5 de 1997 a 2003 (AP RACING CP5555-1025 pin\u00e7as, 6 pist\u00f5es). - FERRARI 355 de 1994 a 1999 (AP RACING CP5555-1028.G8 pin\u00e7as, 6 pist\u00f5es). - JAGUAR XJR8 de 1997 a 2003 (AP RACING CP5555-1004 pin\u00e7as, 6 pist\u00f5es). - JAGUAR XK8 de 1996 a 2006 (AP RACING CP5555-1013 pin\u00e7as, 6 pist\u00f5es). - JAGUAR XKR de 1996 a 2006 (AP RACING CP5555-1013 pin\u00e7as, 6 pist\u00f5es). - MITSUBISHI 3000GT \/ 3000GT VR4 de 1991 a 1996 (AP RACING CP5555-1013R2.G8 pin\u00e7as, 6 pist\u00f5es). - MITSUBISHI LANCER Evo VII de 2001 a 2005 (AP RACING CP5555-1032 pin\u00e7as, 6 pist\u00f5es). - MITSUBISHI LANCER Evo VIII de 2001 a 2005 (AP RACING CP5555-1032 pin\u00e7as, 6 pist\u00f5es). - MITSUBISHI LANCER Evo IX de 2001 a 2005 (pin\u00e7as AP RACING CP5555-1032, 6 pist\u00f5es). - NISSAN 300 ZX de 1989 a 1996 (pin\u00e7as AP RACING CP5555T1000, 6 pist\u00f5es). - PEUGEOT RCZ de 2010.  Pastilhas de trav\u00e3o de montagem traseira para: - BMW E39 S\u00e9rie 5 de 1997 a 2003 (AP RACING CP5555-1025 pin\u00e7as, 6 pist\u00f5es).\" \/>\n<meta property=\"og:url\" content=\"https:\/\/autobarbosa.com\/es\/produto\/jogo-calcos-travoes-nissan-gtr-audi-r8\/\" \/>\n<meta property=\"og:site_name\" content=\"Auto Barbosa\" \/>\n<meta property=\"article:publisher\" content=\"https:\/\/www.facebook.com\/autobarbosaoficina\" \/>\n<meta property=\"article:modified_time\" content=\"2026-04-18T07:03:02+00:00\" \/>\n<meta property=\"og:image\" content=\"https:\/\/autobarbosa.com\/wp-content\/uploads\/2025\/11\/1pfcl5008w52t18.png\" \/>\n\t<meta property=\"og:image:width\" content=\"800\" \/>\n\t<meta property=\"og:image:height\" content=\"800\" \/>\n\t<meta property=\"og:image:type\" content=\"image\/png\" \/>\n<meta name=\"twitter:card\" content=\"summary_large_image\" \/>\n<meta name=\"twitter:label1\" content=\"Tiempo de lectura\" \/>\n\t<meta name=\"twitter:data1\" content=\"2 minutos\" \/>\n<script type=\"application\/ld+json\" class=\"yoast-schema-graph\">{\"@context\":\"https:\/\/schema.org\",\"@graph\":[{\"@type\":\"WebPage\",\"@id\":\"https:\/\/autobarbosa.com\/es\/produto\/jogo-calcos-travoes-nissan-gtr-audi-r8\/\",\"url\":\"https:\/\/autobarbosa.com\/es\/produto\/jogo-calcos-travoes-nissan-gtr-audi-r8\/\",\"name\":\"JOGO CAL\u00c7OS TRAVOES NISSAN GTR \/ AUDI R8 - Auto Barbosa\",\"isPartOf\":{\"@id\":\"https:\/\/autobarbosa.com\/es\/#website\"},\"datePublished\":\"2025-11-26T08:03:23+00:00\",\"dateModified\":\"2026-04-18T07:03:02+00:00\",\"breadcrumb\":{\"@id\":\"https:\/\/autobarbosa.com\/es\/produto\/jogo-calcos-travoes-nissan-gtr-audi-r8\/#breadcrumb\"},\"inLanguage\":\"es\",\"potentialAction\":[{\"@type\":\"ReadAction\",\"target\":[\"https:\/\/autobarbosa.com\/es\/produto\/jogo-calcos-travoes-nissan-gtr-audi-r8\/\"]}]},{\"@type\":\"BreadcrumbList\",\"@id\":\"https:\/\/autobarbosa.com\/es\/produto\/jogo-calcos-travoes-nissan-gtr-audi-r8\/#breadcrumb\",\"itemListElement\":[{\"@type\":\"ListItem\",\"position\":1,\"name\":\"In\u00edcio\",\"item\":\"https:\/\/autobarbosa.com\/es\/\"},{\"@type\":\"ListItem\",\"position\":2,\"name\":\"Loja\",\"item\":\"https:\/\/autobarbosa.com\/\"},{\"@type\":\"ListItem\",\"position\":3,\"name\":\"JOGO CAL\u00c7OS TRAVOES NISSAN GTR \/ AUDI R8\"}]},{\"@type\":\"WebSite\",\"@id\":\"https:\/\/autobarbosa.com\/es\/#website\",\"url\":\"https:\/\/autobarbosa.com\/es\/\",\"name\":\"Auto Barbosa\",\"description\":\"Site institucional\",\"publisher\":{\"@id\":\"https:\/\/autobarbosa.com\/es\/#organization\"},\"potentialAction\":[{\"@type\":\"SearchAction\",\"target\":{\"@type\":\"EntryPoint\",\"urlTemplate\":\"https:\/\/autobarbosa.com\/es\/?s={search_term_string}\"},\"query-input\":\"required name=search_term_string\"}],\"inLanguage\":\"es\"},{\"@type\":\"Organization\",\"@id\":\"https:\/\/autobarbosa.com\/es\/#organization\",\"name\":\"Auto Barbosa\",\"url\":\"https:\/\/autobarbosa.com\/es\/\",\"logo\":{\"@type\":\"ImageObject\",\"inLanguage\":\"es\",\"@id\":\"https:\/\/autobarbosa.com\/es\/#\/schema\/logo\/image\/\",\"url\":\"https:\/\/autobarbosa.com\/wp-content\/uploads\/2023\/03\/AUTO-BARBOSA-LOGO-1-e1678715539111.png\",\"contentUrl\":\"https:\/\/autobarbosa.com\/wp-content\/uploads\/2023\/03\/AUTO-BARBOSA-LOGO-1-e1678715539111.png\",\"width\":3233,\"height\":3233,\"caption\":\"Auto Barbosa\"},\"image\":{\"@id\":\"https:\/\/autobarbosa.com\/es\/#\/schema\/logo\/image\/\"},\"sameAs\":[\"https:\/\/www.facebook.com\/autobarbosaoficina\",\"https:\/\/www.instagram.com\/autobarbosa.oficina\/\"]}]}<\/script>\n<!-- \/ Yoast SEO plugin. -->","yoast_head_json":{"title":"JOGO CAL\u00c7OS TRAVOES NISSAN GTR \/ AUDI R8 - Auto Barbosa","robots":{"index":"index","follow":"follow","max-snippet":"max-snippet:-1","max-image-preview":"max-image-preview:large","max-video-preview":"max-video-preview:-1"},"canonical":"https:\/\/autobarbosa.com\/es\/produto\/jogo-calcos-travoes-nissan-gtr-audi-r8\/","og_locale":"es_ES","og_type":"article","og_title":"JOGO CAL\u00c7OS TRAVOES NISSAN GTR \/ AUDI R8 - Auto Barbosa","og_description":"Pastilhas de freio CL BRAKES RC6E para AUDI A8 ou FERRARI 355 ou PEUGEOT RCZ  CL BRAKES apoia muitos pilotos todos os anos, profissionais ou n\u00e3o, em todos os n\u00edveis, ganhando a experi\u00eancia necess\u00e1ria para o desenvolvimento dos materiais de frenagem mais eficientes. Gra\u00e7as \u00e0 concorr\u00eancia, o desenvolvimento de novos produtos \u00e9 sempre feito com o mais alto n\u00edvel de desempenho. Toda a gama \u00e9 caracterizada por um franco \"ataque\" de travagem.  O composto RC6 Endurance oferece um j\u00e1 alto n\u00edvel de atrito (0,46) combinado com um n\u00edvel muito baixo de desgaste do disco\/pastilha. Ele salva as mudan\u00e7as de almofada durante as corridas de 6 a 24 horas. Quebra-se com muita facilidade e mant\u00e9m uma grande estabilidade tanto a quente como a frio.  Procedimento de arrombamento: N\u00e3o \u00e9 necess\u00e1rio arrombamento espec\u00edfico. Em discos novos: Aque\u00e7a o sistema gradualmente. Em discos lapidados: Alguma travagem m\u00e9dia. Use com fluido de freio de alta qualidade. Sangre os freios frequentemente. Material de fric\u00e7\u00e3o de metal sinterizado. Componentes principais: Grafite, cer\u00e2mica, ferro, cobre e bronze. Esta placa n\u00e3o utiliza chumbo, nem amianto, nem n\u00edquel (tecnologia NoNiTech) para a preserva\u00e7\u00e3o do meio ambiente.  Dimens\u00f5es do wafer: 150,7 mm x 80,6 mm x 18 mm.  Pastilhas de freio de montagem frontal para: - AUDI A8 de 1994 a 2002 (AP RACING CP5555-1007 pin\u00e7as, 6 pist\u00f5es). - BMW E39 Series 5 de 1997 a 2003 (AP RACING CP5555-1025 pin\u00e7as, 6 pist\u00f5es). - FERRARI 355 de 1994 a 1999 (AP RACING CP5555-1028.G8 pin\u00e7as, 6 pist\u00f5es). - JAGUAR XJR8 de 1997 a 2003 (AP RACING CP5555-1004 pin\u00e7as, 6 pist\u00f5es). - JAGUAR XK8 de 1996 a 2006 (AP RACING CP5555-1013 pin\u00e7as, 6 pist\u00f5es). - JAGUAR XKR de 1996 a 2006 (AP RACING CP5555-1013 pin\u00e7as, 6 pist\u00f5es). - MITSUBISHI 3000GT \/ 3000GT VR4 de 1991 a 1996 (AP RACING CP5555-1013R2.G8 pin\u00e7as, 6 pist\u00f5es). - MITSUBISHI LANCER Evo VII de 2001 a 2005 (AP RACING CP5555-1032 pin\u00e7as, 6 pist\u00f5es). - MITSUBISHI LANCER Evo VIII de 2001 a 2005 (AP RACING CP5555-1032 pin\u00e7as, 6 pist\u00f5es). - MITSUBISHI LANCER Evo IX de 2001 a 2005 (pin\u00e7as AP RACING CP5555-1032, 6 pist\u00f5es). - NISSAN 300 ZX de 1989 a 1996 (pin\u00e7as AP RACING CP5555T1000, 6 pist\u00f5es). - PEUGEOT RCZ de 2010.  Pastilhas de trav\u00e3o de montagem traseira para: - BMW E39 S\u00e9rie 5 de 1997 a 2003 (AP RACING CP5555-1025 pin\u00e7as, 6 pist\u00f5es).","og_url":"https:\/\/autobarbosa.com\/es\/produto\/jogo-calcos-travoes-nissan-gtr-audi-r8\/","og_site_name":"Auto Barbosa","article_publisher":"https:\/\/www.facebook.com\/autobarbosaoficina","article_modified_time":"2026-04-18T07:03:02+00:00","og_image":[{"width":800,"height":800,"url":"https:\/\/autobarbosa.com\/wp-content\/uploads\/2025\/11\/1pfcl5008w52t18.png","type":"image\/png"}],"twitter_card":"summary_large_image","twitter_misc":{"Tiempo de lectura":"2 minutos"},"schema":{"@context":"https:\/\/schema.org","@graph":[{"@type":"WebPage","@id":"https:\/\/autobarbosa.com\/es\/produto\/jogo-calcos-travoes-nissan-gtr-audi-r8\/","url":"https:\/\/autobarbosa.com\/es\/produto\/jogo-calcos-travoes-nissan-gtr-audi-r8\/","name":"JOGO CAL\u00c7OS TRAVOES NISSAN GTR \/ AUDI R8 - Auto Barbosa","isPartOf":{"@id":"https:\/\/autobarbosa.com\/es\/#website"},"datePublished":"2025-11-26T08:03:23+00:00","dateModified":"2026-04-18T07:03:02+00:00","breadcrumb":{"@id":"https:\/\/autobarbosa.com\/es\/produto\/jogo-calcos-travoes-nissan-gtr-audi-r8\/#breadcrumb"},"inLanguage":"es","potentialAction":[{"@type":"ReadAction","target":["https:\/\/autobarbosa.com\/es\/produto\/jogo-calcos-travoes-nissan-gtr-audi-r8\/"]}]},{"@type":"BreadcrumbList","@id":"https:\/\/autobarbosa.com\/es\/produto\/jogo-calcos-travoes-nissan-gtr-audi-r8\/#breadcrumb","itemListElement":[{"@type":"ListItem","position":1,"name":"In\u00edcio","item":"https:\/\/autobarbosa.com\/es\/"},{"@type":"ListItem","position":2,"name":"Loja","item":"https:\/\/autobarbosa.com\/"},{"@type":"ListItem","position":3,"name":"JOGO CAL\u00c7OS TRAVOES NISSAN GTR \/ AUDI R8"}]},{"@type":"WebSite","@id":"https:\/\/autobarbosa.com\/es\/#website","url":"https:\/\/autobarbosa.com\/es\/","name":"Auto Barbosa","description":"Site institucional","publisher":{"@id":"https:\/\/autobarbosa.com\/es\/#organization"},"potentialAction":[{"@type":"SearchAction","target":{"@type":"EntryPoint","urlTemplate":"https:\/\/autobarbosa.com\/es\/?s={search_term_string}"},"query-input":"required name=search_term_string"}],"inLanguage":"es"},{"@type":"Organization","@id":"https:\/\/autobarbosa.com\/es\/#organization","name":"Auto Barbosa","url":"https:\/\/autobarbosa.com\/es\/","logo":{"@type":"ImageObject","inLanguage":"es","@id":"https:\/\/autobarbosa.com\/es\/#\/schema\/logo\/image\/","url":"https:\/\/autobarbosa.com\/wp-content\/uploads\/2023\/03\/AUTO-BARBOSA-LOGO-1-e1678715539111.png","contentUrl":"https:\/\/autobarbosa.com\/wp-content\/uploads\/2023\/03\/AUTO-BARBOSA-LOGO-1-e1678715539111.png","width":3233,"height":3233,"caption":"Auto Barbosa"},"image":{"@id":"https:\/\/autobarbosa.com\/es\/#\/schema\/logo\/image\/"},"sameAs":["https:\/\/www.facebook.com\/autobarbosaoficina","https:\/\/www.instagram.com\/autobarbosa.oficina\/"]}]}},"_links":{"self":[{"href":"https:\/\/autobarbosa.com\/es\/wp-json\/wp\/v3\/product\/17845","targetHints":{"allow":["GET"]}}],"collection":[{"href":"https:\/\/autobarbosa.com\/es\/wp-json\/wp\/v3\/product"}],"about":[{"href":"https:\/\/autobarbosa.com\/es\/wp-json\/wp\/v2\/types\/product"}],"wp:featuredmedia":[{"embeddable":true,"href":"https:\/\/autobarbosa.com\/es\/wp-json\/wp\/v2\/media\/17841"}],"wp:attachment":[{"href":"https:\/\/autobarbosa.com\/es\/wp-json\/wp\/v2\/media?parent=17845"}],"wp:term":[{"taxonomy":"product_cat","embeddable":true,"href":"https:\/\/autobarbosa.com\/es\/wp-json\/wp\/v2\/product_cat?post=17845"},{"taxonomy":"product_tag","embeddable":true,"href":"https:\/\/autobarbosa.com\/es\/wp-json\/wp\/v2\/product_tag?post=17845"},{"taxonomy":"marca","embeddable":true,"href":"https:\/\/autobarbosa.com\/es\/wp-json\/wp\/v2\/marca?post=17845"}],"curies":[{"name":"wp","href":"https:\/\/api.w.org\/{rel}","templated":true}]}}