{"id":18229,"date":"2025-11-26T07:05:09","date_gmt":"2025-11-26T08:05:09","guid":{"rendered":"https:\/\/autobarbosa.com\/produto\/corta-corrente-6-poles-c-chave-100-amperes\/"},"modified":"2026-04-16T19:04:29","modified_gmt":"2026-04-16T19:04:29","slug":"corta-corrente-6-poles-c-chave-100-amperes","status":"publish","type":"product","link":"https:\/\/autobarbosa.com\/es\/produto\/corta-corrente-6-poles-c-chave-100-amperes\/","title":{"rendered":"CORTA CORRENTE 6 POLES C\/ CHAVE &#8211; 100 AMPERES"},"content":{"rendered":"<p>Disjuntor mec\u00e2nico 6 polos com chave FIA \u200b\u200b100 amps<\/p>\n<p>Disjuntor 6 polos.<br \/>\nRel\u00e9 tripolar integrado.<br \/>\nCorte de igni\u00e7\u00e3o e prote\u00e7\u00e3o do alternador.<br \/>\nModelo resistente a 500 amperes por 5 segundos.<br \/>\nVem com uma chave.<br \/>\nAprovado pela FIA.<br \/>\n100 amperes cont\u00ednuos a 12 volts.<\/p>\n<p>Montagem obrigat\u00f3ria para todas as viaturas que participem em corridas de velocidade em circuitos, ralis (todos os grupos combinados) ou subidas. Montagem recomendada para outras competi\u00e7\u00f5es.<\/p>\n","protected":false},"excerpt":{"rendered":"<p>Disjuntor mec\u00e2nico 6 polos com chave FIA \u200b\u200b100 amps<\/p>\n<p>Disjuntor 6 polos.<br \/>\nRel\u00e9 tripolar integrado.<br \/>\nCorte de igni\u00e7\u00e3o e prote\u00e7\u00e3o do alternador.<br \/>\nModelo resistente a 500 amperes por 5 segundos.<br \/>\nVem com uma chave.<br \/>\nAprovado pela FIA.<br \/>\n100 amperes cont\u00ednuos a 12 volts.<\/p>\n<p>Montagem obrigat\u00f3ria para todas as viaturas que participem em corridas de velocidade em circuitos, ralis (todos os grupos combinados) ou subidas. Montagem recomendada para outras competi\u00e7\u00f5es.<\/p>\n","protected":false},"featured_media":18225,"template":"","meta":[],"product_cat":[479,497,519],"product_tag":[],"marca":[121],"class_list":["post-18229","product","type-product","status-publish","has-post-thumbnail","hentry","product_cat-viatura","product_cat-eletrecidade","product_cat-corta-corrente-acessorios","marca-red-spec"],"yoast_head":"<!-- This site is optimized with the Yoast SEO plugin v20.5 - https:\/\/yoast.com\/wordpress\/plugins\/seo\/ -->\n<title>CORTA CORRENTE 6 POLES C\/ CHAVE - 100 AMPERES - Auto Barbosa<\/title>\n<meta name=\"robots\" content=\"index, follow, max-snippet:-1, max-image-preview:large, max-video-preview:-1\" \/>\n<link rel=\"canonical\" href=\"https:\/\/autobarbosa.com\/es\/produto\/corta-corrente-6-poles-c-chave-100-amperes\/\" \/>\n<meta property=\"og:locale\" content=\"es_ES\" \/>\n<meta property=\"og:type\" content=\"article\" \/>\n<meta property=\"og:title\" content=\"CORTA CORRENTE 6 POLES C\/ CHAVE - 100 AMPERES - Auto Barbosa\" \/>\n<meta property=\"og:description\" content=\"Disjuntor mec\u00e2nico 6 polos com chave FIA \u200b\u200b100 amps  Disjuntor 6 polos. Rel\u00e9 tripolar integrado. Corte de igni\u00e7\u00e3o e prote\u00e7\u00e3o do alternador. Modelo resistente a 500 amperes por 5 segundos. Vem com uma chave. Aprovado pela FIA. 100 amperes cont\u00ednuos a 12 volts.  Montagem obrigat\u00f3ria para todas as viaturas que participem em corridas de velocidade em circuitos, ralis (todos os grupos combinados) ou subidas. Montagem recomendada para outras competi\u00e7\u00f5es.\" \/>\n<meta property=\"og:url\" content=\"https:\/\/autobarbosa.com\/es\/produto\/corta-corrente-6-poles-c-chave-100-amperes\/\" \/>\n<meta property=\"og:site_name\" content=\"Auto Barbosa\" \/>\n<meta property=\"article:publisher\" content=\"https:\/\/www.facebook.com\/autobarbosaoficina\" \/>\n<meta property=\"article:modified_time\" content=\"2026-04-16T19:04:29+00:00\" \/>\n<meta property=\"og:image\" content=\"https:\/\/autobarbosa.com\/wp-content\/uploads\/2025\/11\/3110c-oreca-1014017001-rrs.png\" \/>\n\t<meta property=\"og:image:width\" content=\"537\" \/>\n\t<meta property=\"og:image:height\" content=\"533\" \/>\n\t<meta property=\"og:image:type\" content=\"image\/png\" \/>\n<meta name=\"twitter:card\" content=\"summary_large_image\" \/>\n<script type=\"application\/ld+json\" class=\"yoast-schema-graph\">{\"@context\":\"https:\/\/schema.org\",\"@graph\":[{\"@type\":\"WebPage\",\"@id\":\"https:\/\/autobarbosa.com\/es\/produto\/corta-corrente-6-poles-c-chave-100-amperes\/\",\"url\":\"https:\/\/autobarbosa.com\/es\/produto\/corta-corrente-6-poles-c-chave-100-amperes\/\",\"name\":\"CORTA CORRENTE 6 POLES C\/ CHAVE - 100 AMPERES - Auto Barbosa\",\"isPartOf\":{\"@id\":\"https:\/\/autobarbosa.com\/es\/#website\"},\"datePublished\":\"2025-11-26T08:05:09+00:00\",\"dateModified\":\"2026-04-16T19:04:29+00:00\",\"breadcrumb\":{\"@id\":\"https:\/\/autobarbosa.com\/es\/produto\/corta-corrente-6-poles-c-chave-100-amperes\/#breadcrumb\"},\"inLanguage\":\"es\",\"potentialAction\":[{\"@type\":\"ReadAction\",\"target\":[\"https:\/\/autobarbosa.com\/es\/produto\/corta-corrente-6-poles-c-chave-100-amperes\/\"]}]},{\"@type\":\"BreadcrumbList\",\"@id\":\"https:\/\/autobarbosa.com\/es\/produto\/corta-corrente-6-poles-c-chave-100-amperes\/#breadcrumb\",\"itemListElement\":[{\"@type\":\"ListItem\",\"position\":1,\"name\":\"In\u00edcio\",\"item\":\"https:\/\/autobarbosa.com\/es\/\"},{\"@type\":\"ListItem\",\"position\":2,\"name\":\"Loja\",\"item\":\"https:\/\/autobarbosa.com\/\"},{\"@type\":\"ListItem\",\"position\":3,\"name\":\"CORTA CORRENTE 6 POLES C\/ CHAVE &#8211; 100 AMPERES\"}]},{\"@type\":\"WebSite\",\"@id\":\"https:\/\/autobarbosa.com\/es\/#website\",\"url\":\"https:\/\/autobarbosa.com\/es\/\",\"name\":\"Auto Barbosa\",\"description\":\"Site institucional\",\"publisher\":{\"@id\":\"https:\/\/autobarbosa.com\/es\/#organization\"},\"potentialAction\":[{\"@type\":\"SearchAction\",\"target\":{\"@type\":\"EntryPoint\",\"urlTemplate\":\"https:\/\/autobarbosa.com\/es\/?s={search_term_string}\"},\"query-input\":\"required name=search_term_string\"}],\"inLanguage\":\"es\"},{\"@type\":\"Organization\",\"@id\":\"https:\/\/autobarbosa.com\/es\/#organization\",\"name\":\"Auto Barbosa\",\"url\":\"https:\/\/autobarbosa.com\/es\/\",\"logo\":{\"@type\":\"ImageObject\",\"inLanguage\":\"es\",\"@id\":\"https:\/\/autobarbosa.com\/es\/#\/schema\/logo\/image\/\",\"url\":\"https:\/\/autobarbosa.com\/wp-content\/uploads\/2023\/03\/AUTO-BARBOSA-LOGO-1-e1678715539111.png\",\"contentUrl\":\"https:\/\/autobarbosa.com\/wp-content\/uploads\/2023\/03\/AUTO-BARBOSA-LOGO-1-e1678715539111.png\",\"width\":3233,\"height\":3233,\"caption\":\"Auto Barbosa\"},\"image\":{\"@id\":\"https:\/\/autobarbosa.com\/es\/#\/schema\/logo\/image\/\"},\"sameAs\":[\"https:\/\/www.facebook.com\/autobarbosaoficina\",\"https:\/\/www.instagram.com\/autobarbosa.oficina\/\"]}]}<\/script>\n<!-- \/ Yoast SEO plugin. -->","yoast_head_json":{"title":"CORTA CORRENTE 6 POLES C\/ CHAVE - 100 AMPERES - Auto Barbosa","robots":{"index":"index","follow":"follow","max-snippet":"max-snippet:-1","max-image-preview":"max-image-preview:large","max-video-preview":"max-video-preview:-1"},"canonical":"https:\/\/autobarbosa.com\/es\/produto\/corta-corrente-6-poles-c-chave-100-amperes\/","og_locale":"es_ES","og_type":"article","og_title":"CORTA CORRENTE 6 POLES C\/ CHAVE - 100 AMPERES - Auto Barbosa","og_description":"Disjuntor mec\u00e2nico 6 polos com chave FIA \u200b\u200b100 amps  Disjuntor 6 polos. Rel\u00e9 tripolar integrado. Corte de igni\u00e7\u00e3o e prote\u00e7\u00e3o do alternador. Modelo resistente a 500 amperes por 5 segundos. Vem com uma chave. Aprovado pela FIA. 100 amperes cont\u00ednuos a 12 volts.  Montagem obrigat\u00f3ria para todas as viaturas que participem em corridas de velocidade em circuitos, ralis (todos os grupos combinados) ou subidas. Montagem recomendada para outras competi\u00e7\u00f5es.","og_url":"https:\/\/autobarbosa.com\/es\/produto\/corta-corrente-6-poles-c-chave-100-amperes\/","og_site_name":"Auto Barbosa","article_publisher":"https:\/\/www.facebook.com\/autobarbosaoficina","article_modified_time":"2026-04-16T19:04:29+00:00","og_image":[{"width":537,"height":533,"url":"https:\/\/autobarbosa.com\/wp-content\/uploads\/2025\/11\/3110c-oreca-1014017001-rrs.png","type":"image\/png"}],"twitter_card":"summary_large_image","schema":{"@context":"https:\/\/schema.org","@graph":[{"@type":"WebPage","@id":"https:\/\/autobarbosa.com\/es\/produto\/corta-corrente-6-poles-c-chave-100-amperes\/","url":"https:\/\/autobarbosa.com\/es\/produto\/corta-corrente-6-poles-c-chave-100-amperes\/","name":"CORTA CORRENTE 6 POLES C\/ CHAVE - 100 AMPERES - Auto Barbosa","isPartOf":{"@id":"https:\/\/autobarbosa.com\/es\/#website"},"datePublished":"2025-11-26T08:05:09+00:00","dateModified":"2026-04-16T19:04:29+00:00","breadcrumb":{"@id":"https:\/\/autobarbosa.com\/es\/produto\/corta-corrente-6-poles-c-chave-100-amperes\/#breadcrumb"},"inLanguage":"es","potentialAction":[{"@type":"ReadAction","target":["https:\/\/autobarbosa.com\/es\/produto\/corta-corrente-6-poles-c-chave-100-amperes\/"]}]},{"@type":"BreadcrumbList","@id":"https:\/\/autobarbosa.com\/es\/produto\/corta-corrente-6-poles-c-chave-100-amperes\/#breadcrumb","itemListElement":[{"@type":"ListItem","position":1,"name":"In\u00edcio","item":"https:\/\/autobarbosa.com\/es\/"},{"@type":"ListItem","position":2,"name":"Loja","item":"https:\/\/autobarbosa.com\/"},{"@type":"ListItem","position":3,"name":"CORTA CORRENTE 6 POLES C\/ CHAVE &#8211; 100 AMPERES"}]},{"@type":"WebSite","@id":"https:\/\/autobarbosa.com\/es\/#website","url":"https:\/\/autobarbosa.com\/es\/","name":"Auto Barbosa","description":"Site institucional","publisher":{"@id":"https:\/\/autobarbosa.com\/es\/#organization"},"potentialAction":[{"@type":"SearchAction","target":{"@type":"EntryPoint","urlTemplate":"https:\/\/autobarbosa.com\/es\/?s={search_term_string}"},"query-input":"required name=search_term_string"}],"inLanguage":"es"},{"@type":"Organization","@id":"https:\/\/autobarbosa.com\/es\/#organization","name":"Auto Barbosa","url":"https:\/\/autobarbosa.com\/es\/","logo":{"@type":"ImageObject","inLanguage":"es","@id":"https:\/\/autobarbosa.com\/es\/#\/schema\/logo\/image\/","url":"https:\/\/autobarbosa.com\/wp-content\/uploads\/2023\/03\/AUTO-BARBOSA-LOGO-1-e1678715539111.png","contentUrl":"https:\/\/autobarbosa.com\/wp-content\/uploads\/2023\/03\/AUTO-BARBOSA-LOGO-1-e1678715539111.png","width":3233,"height":3233,"caption":"Auto Barbosa"},"image":{"@id":"https:\/\/autobarbosa.com\/es\/#\/schema\/logo\/image\/"},"sameAs":["https:\/\/www.facebook.com\/autobarbosaoficina","https:\/\/www.instagram.com\/autobarbosa.oficina\/"]}]}},"_links":{"self":[{"href":"https:\/\/autobarbosa.com\/es\/wp-json\/wp\/v3\/product\/18229","targetHints":{"allow":["GET"]}}],"collection":[{"href":"https:\/\/autobarbosa.com\/es\/wp-json\/wp\/v3\/product"}],"about":[{"href":"https:\/\/autobarbosa.com\/es\/wp-json\/wp\/v2\/types\/product"}],"wp:featuredmedia":[{"embeddable":true,"href":"https:\/\/autobarbosa.com\/es\/wp-json\/wp\/v2\/media\/18225"}],"wp:attachment":[{"href":"https:\/\/autobarbosa.com\/es\/wp-json\/wp\/v2\/media?parent=18229"}],"wp:term":[{"taxonomy":"product_cat","embeddable":true,"href":"https:\/\/autobarbosa.com\/es\/wp-json\/wp\/v2\/product_cat?post=18229"},{"taxonomy":"product_tag","embeddable":true,"href":"https:\/\/autobarbosa.com\/es\/wp-json\/wp\/v2\/product_tag?post=18229"},{"taxonomy":"marca","embeddable":true,"href":"https:\/\/autobarbosa.com\/es\/wp-json\/wp\/v2\/marca?post=18229"}],"curies":[{"name":"wp","href":"https:\/\/api.w.org\/{rel}","templated":true}]}}