{"id":18373,"date":"2025-11-26T07:05:48","date_gmt":"2025-11-26T08:05:48","guid":{"rendered":"https:\/\/autobarbosa.com\/produto\/gicleur-principal-gasolina-140-carburador-40-dcoe\/"},"modified":"2026-04-16T07:05:14","modified_gmt":"2026-04-16T07:05:14","slug":"gicleur-principal-gasolina-140-carburador-40-dcoe","status":"publish","type":"product","link":"https:\/\/autobarbosa.com\/es\/produto\/gicleur-principal-gasolina-140-carburador-40-dcoe\/","title":{"rendered":"GICLEUR PRINCIPAL GASOLINA 140 CARBURADOR 40 DCOE"},"content":{"rendered":"<p>GIGLEUR principal WEBER 140 para carburador 40 DCOE.<br \/>\nPe\u00e7as de reposi\u00e7\u00e3o para carburadores WEBER DCOE e IDF.<br \/>\nDiversas refer\u00eancias dispon\u00edveis.<\/p>\n","protected":false},"excerpt":{"rendered":"<p>GIGLEUR principal WEBER 140 para carburador 40 DCOE.<br \/>\nPe\u00e7as de reposi\u00e7\u00e3o para carburadores WEBER DCOE e IDF.<br \/>\nDiversas refer\u00eancias dispon\u00edveis.<\/p>\n","protected":false},"featured_media":18369,"template":"","meta":[],"product_cat":[479,514,515],"product_tag":[],"marca":[996],"class_list":["post-18373","product","type-product","status-publish","has-post-thumbnail","hentry","product_cat-viatura","product_cat-motor","product_cat-circuito-combustivel","marca-weber"],"yoast_head":"<!-- This site is optimized with the Yoast SEO plugin v20.5 - https:\/\/yoast.com\/wordpress\/plugins\/seo\/ -->\n<title>GICLEUR PRINCIPAL GASOLINA 140 CARBURADOR 40 DCOE - Auto Barbosa<\/title>\n<meta name=\"robots\" content=\"index, follow, max-snippet:-1, max-image-preview:large, max-video-preview:-1\" \/>\n<link rel=\"canonical\" href=\"https:\/\/autobarbosa.com\/es\/produto\/gicleur-principal-gasolina-140-carburador-40-dcoe\/\" \/>\n<meta property=\"og:locale\" content=\"es_ES\" \/>\n<meta property=\"og:type\" content=\"article\" \/>\n<meta property=\"og:title\" content=\"GICLEUR PRINCIPAL GASOLINA 140 CARBURADOR 40 DCOE - Auto Barbosa\" \/>\n<meta property=\"og:description\" content=\"GIGLEUR principal WEBER 140 para carburador 40 DCOE. Pe\u00e7as de reposi\u00e7\u00e3o para carburadores WEBER DCOE e IDF. Diversas refer\u00eancias dispon\u00edveis.\" \/>\n<meta property=\"og:url\" content=\"https:\/\/autobarbosa.com\/es\/produto\/gicleur-principal-gasolina-140-carburador-40-dcoe\/\" \/>\n<meta property=\"og:site_name\" content=\"Auto Barbosa\" \/>\n<meta property=\"article:publisher\" content=\"https:\/\/www.facebook.com\/autobarbosaoficina\" \/>\n<meta property=\"article:modified_time\" content=\"2026-04-16T07:05:14+00:00\" \/>\n<meta property=\"og:image\" content=\"https:\/\/autobarbosa.com\/wp-content\/uploads\/2025\/11\/414401140.png\" \/>\n\t<meta property=\"og:image:width\" content=\"800\" \/>\n\t<meta property=\"og:image:height\" content=\"800\" \/>\n\t<meta property=\"og:image:type\" content=\"image\/png\" \/>\n<meta name=\"twitter:card\" content=\"summary_large_image\" \/>\n<script type=\"application\/ld+json\" class=\"yoast-schema-graph\">{\"@context\":\"https:\/\/schema.org\",\"@graph\":[{\"@type\":\"WebPage\",\"@id\":\"https:\/\/autobarbosa.com\/es\/produto\/gicleur-principal-gasolina-140-carburador-40-dcoe\/\",\"url\":\"https:\/\/autobarbosa.com\/es\/produto\/gicleur-principal-gasolina-140-carburador-40-dcoe\/\",\"name\":\"GICLEUR PRINCIPAL GASOLINA 140 CARBURADOR 40 DCOE - Auto Barbosa\",\"isPartOf\":{\"@id\":\"https:\/\/autobarbosa.com\/es\/#website\"},\"datePublished\":\"2025-11-26T08:05:48+00:00\",\"dateModified\":\"2026-04-16T07:05:14+00:00\",\"breadcrumb\":{\"@id\":\"https:\/\/autobarbosa.com\/es\/produto\/gicleur-principal-gasolina-140-carburador-40-dcoe\/#breadcrumb\"},\"inLanguage\":\"es\",\"potentialAction\":[{\"@type\":\"ReadAction\",\"target\":[\"https:\/\/autobarbosa.com\/es\/produto\/gicleur-principal-gasolina-140-carburador-40-dcoe\/\"]}]},{\"@type\":\"BreadcrumbList\",\"@id\":\"https:\/\/autobarbosa.com\/es\/produto\/gicleur-principal-gasolina-140-carburador-40-dcoe\/#breadcrumb\",\"itemListElement\":[{\"@type\":\"ListItem\",\"position\":1,\"name\":\"In\u00edcio\",\"item\":\"https:\/\/autobarbosa.com\/es\/\"},{\"@type\":\"ListItem\",\"position\":2,\"name\":\"Loja\",\"item\":\"https:\/\/autobarbosa.com\/\"},{\"@type\":\"ListItem\",\"position\":3,\"name\":\"GICLEUR PRINCIPAL GASOLINA 140 CARBURADOR 40 DCOE\"}]},{\"@type\":\"WebSite\",\"@id\":\"https:\/\/autobarbosa.com\/es\/#website\",\"url\":\"https:\/\/autobarbosa.com\/es\/\",\"name\":\"Auto Barbosa\",\"description\":\"Site institucional\",\"publisher\":{\"@id\":\"https:\/\/autobarbosa.com\/es\/#organization\"},\"potentialAction\":[{\"@type\":\"SearchAction\",\"target\":{\"@type\":\"EntryPoint\",\"urlTemplate\":\"https:\/\/autobarbosa.com\/es\/?s={search_term_string}\"},\"query-input\":\"required name=search_term_string\"}],\"inLanguage\":\"es\"},{\"@type\":\"Organization\",\"@id\":\"https:\/\/autobarbosa.com\/es\/#organization\",\"name\":\"Auto Barbosa\",\"url\":\"https:\/\/autobarbosa.com\/es\/\",\"logo\":{\"@type\":\"ImageObject\",\"inLanguage\":\"es\",\"@id\":\"https:\/\/autobarbosa.com\/es\/#\/schema\/logo\/image\/\",\"url\":\"https:\/\/autobarbosa.com\/wp-content\/uploads\/2023\/03\/AUTO-BARBOSA-LOGO-1-e1678715539111.png\",\"contentUrl\":\"https:\/\/autobarbosa.com\/wp-content\/uploads\/2023\/03\/AUTO-BARBOSA-LOGO-1-e1678715539111.png\",\"width\":3233,\"height\":3233,\"caption\":\"Auto Barbosa\"},\"image\":{\"@id\":\"https:\/\/autobarbosa.com\/es\/#\/schema\/logo\/image\/\"},\"sameAs\":[\"https:\/\/www.facebook.com\/autobarbosaoficina\",\"https:\/\/www.instagram.com\/autobarbosa.oficina\/\"]}]}<\/script>\n<!-- \/ Yoast SEO plugin. -->","yoast_head_json":{"title":"GICLEUR PRINCIPAL GASOLINA 140 CARBURADOR 40 DCOE - Auto Barbosa","robots":{"index":"index","follow":"follow","max-snippet":"max-snippet:-1","max-image-preview":"max-image-preview:large","max-video-preview":"max-video-preview:-1"},"canonical":"https:\/\/autobarbosa.com\/es\/produto\/gicleur-principal-gasolina-140-carburador-40-dcoe\/","og_locale":"es_ES","og_type":"article","og_title":"GICLEUR PRINCIPAL GASOLINA 140 CARBURADOR 40 DCOE - Auto Barbosa","og_description":"GIGLEUR principal WEBER 140 para carburador 40 DCOE. Pe\u00e7as de reposi\u00e7\u00e3o para carburadores WEBER DCOE e IDF. Diversas refer\u00eancias dispon\u00edveis.","og_url":"https:\/\/autobarbosa.com\/es\/produto\/gicleur-principal-gasolina-140-carburador-40-dcoe\/","og_site_name":"Auto Barbosa","article_publisher":"https:\/\/www.facebook.com\/autobarbosaoficina","article_modified_time":"2026-04-16T07:05:14+00:00","og_image":[{"width":800,"height":800,"url":"https:\/\/autobarbosa.com\/wp-content\/uploads\/2025\/11\/414401140.png","type":"image\/png"}],"twitter_card":"summary_large_image","schema":{"@context":"https:\/\/schema.org","@graph":[{"@type":"WebPage","@id":"https:\/\/autobarbosa.com\/es\/produto\/gicleur-principal-gasolina-140-carburador-40-dcoe\/","url":"https:\/\/autobarbosa.com\/es\/produto\/gicleur-principal-gasolina-140-carburador-40-dcoe\/","name":"GICLEUR PRINCIPAL GASOLINA 140 CARBURADOR 40 DCOE - Auto Barbosa","isPartOf":{"@id":"https:\/\/autobarbosa.com\/es\/#website"},"datePublished":"2025-11-26T08:05:48+00:00","dateModified":"2026-04-16T07:05:14+00:00","breadcrumb":{"@id":"https:\/\/autobarbosa.com\/es\/produto\/gicleur-principal-gasolina-140-carburador-40-dcoe\/#breadcrumb"},"inLanguage":"es","potentialAction":[{"@type":"ReadAction","target":["https:\/\/autobarbosa.com\/es\/produto\/gicleur-principal-gasolina-140-carburador-40-dcoe\/"]}]},{"@type":"BreadcrumbList","@id":"https:\/\/autobarbosa.com\/es\/produto\/gicleur-principal-gasolina-140-carburador-40-dcoe\/#breadcrumb","itemListElement":[{"@type":"ListItem","position":1,"name":"In\u00edcio","item":"https:\/\/autobarbosa.com\/es\/"},{"@type":"ListItem","position":2,"name":"Loja","item":"https:\/\/autobarbosa.com\/"},{"@type":"ListItem","position":3,"name":"GICLEUR PRINCIPAL GASOLINA 140 CARBURADOR 40 DCOE"}]},{"@type":"WebSite","@id":"https:\/\/autobarbosa.com\/es\/#website","url":"https:\/\/autobarbosa.com\/es\/","name":"Auto Barbosa","description":"Site institucional","publisher":{"@id":"https:\/\/autobarbosa.com\/es\/#organization"},"potentialAction":[{"@type":"SearchAction","target":{"@type":"EntryPoint","urlTemplate":"https:\/\/autobarbosa.com\/es\/?s={search_term_string}"},"query-input":"required name=search_term_string"}],"inLanguage":"es"},{"@type":"Organization","@id":"https:\/\/autobarbosa.com\/es\/#organization","name":"Auto Barbosa","url":"https:\/\/autobarbosa.com\/es\/","logo":{"@type":"ImageObject","inLanguage":"es","@id":"https:\/\/autobarbosa.com\/es\/#\/schema\/logo\/image\/","url":"https:\/\/autobarbosa.com\/wp-content\/uploads\/2023\/03\/AUTO-BARBOSA-LOGO-1-e1678715539111.png","contentUrl":"https:\/\/autobarbosa.com\/wp-content\/uploads\/2023\/03\/AUTO-BARBOSA-LOGO-1-e1678715539111.png","width":3233,"height":3233,"caption":"Auto Barbosa"},"image":{"@id":"https:\/\/autobarbosa.com\/es\/#\/schema\/logo\/image\/"},"sameAs":["https:\/\/www.facebook.com\/autobarbosaoficina","https:\/\/www.instagram.com\/autobarbosa.oficina\/"]}]}},"_links":{"self":[{"href":"https:\/\/autobarbosa.com\/es\/wp-json\/wp\/v3\/product\/18373","targetHints":{"allow":["GET"]}}],"collection":[{"href":"https:\/\/autobarbosa.com\/es\/wp-json\/wp\/v3\/product"}],"about":[{"href":"https:\/\/autobarbosa.com\/es\/wp-json\/wp\/v2\/types\/product"}],"wp:featuredmedia":[{"embeddable":true,"href":"https:\/\/autobarbosa.com\/es\/wp-json\/wp\/v2\/media\/18369"}],"wp:attachment":[{"href":"https:\/\/autobarbosa.com\/es\/wp-json\/wp\/v2\/media?parent=18373"}],"wp:term":[{"taxonomy":"product_cat","embeddable":true,"href":"https:\/\/autobarbosa.com\/es\/wp-json\/wp\/v2\/product_cat?post=18373"},{"taxonomy":"product_tag","embeddable":true,"href":"https:\/\/autobarbosa.com\/es\/wp-json\/wp\/v2\/product_tag?post=18373"},{"taxonomy":"marca","embeddable":true,"href":"https:\/\/autobarbosa.com\/es\/wp-json\/wp\/v2\/marca?post=18373"}],"curies":[{"name":"wp","href":"https:\/\/api.w.org\/{rel}","templated":true}]}}