{"id":18509,"date":"2025-11-26T07:06:24","date_gmt":"2025-11-26T08:06:24","guid":{"rendered":"https:\/\/autobarbosa.com\/produto\/base-de-fixacao-tubos-c-adeviso-4mm\/"},"modified":"2026-04-21T07:05:39","modified_gmt":"2026-04-21T07:05:39","slug":"base-de-fixacao-tubos-c-adeviso-4mm","status":"publish","type":"product","link":"https:\/\/autobarbosa.com\/es\/produto\/base-de-fixacao-tubos-c-adeviso-4mm\/","title":{"rendered":"BASE DE FIXA\u00c7AO TUBOS C\/ ADEVISO 4MM"},"content":{"rendered":"<p>Fixa\u00e7\u00f5es ultraadesivas profissionais para rilsans e abra\u00e7adeiras Largura 4 mm<\/p>\n<p>Bases ultraadesivas para fixa\u00e7\u00e3o de seus cabos e chicotes.<br \/>\nEste suporte autoadesivo foi projetado para segurar e fixar seus arneses em caso de espa\u00e7o apertado.<br \/>\nSeu formato c\u00f4ncavo aumenta sua robustez para suportar cabos maiores que a vers\u00e3o cl\u00e1ssica.<br \/>\nA parte adesiva \u00e9 feita de acrilato, para garantir uma uni\u00e3o forte e mais resistente ao calor.<br \/>\nTem furos se a fixa\u00e7\u00e3o do parafuso for desejada.<\/p>\n<p>Instala\u00e7\u00e3o: Lavar, desengordurar e secar a superf\u00edcie de colagem. Remova o adesivo da base. Deite na superf\u00edcie e pressione o fecho firmemente por alguns segundos. Deixe secar por v\u00e1rias horas para que o adesivo adira totalmente \u00e0 superf\u00edcie.<\/p>\n<p>Caracter\u00edsticas:<br \/>\n&#8211; Suporte retardador de chama UL 94 V-2 (adesivo exclu\u00eddo).<br \/>\n&#8211; Dimens\u00f5es: 20 x 14 x 3,7 mm.<br \/>\n&#8211; Largura m\u00e1xima do rilsan: 4,0 mm.<br \/>\n&#8211; Di\u00e2metro dos furos de fixa\u00e7\u00e3o: 2,2 mm.<br \/>\n&#8211; Material: Nylon 66.<br \/>\n&#8211; Temperatura m\u00ednima de uso: -40\u00b0C.<br \/>\n&#8211; Temperatura m\u00e1xima de utiliza\u00e7\u00e3o: +105\u00b0C.<br \/>\n&#8211; Vendido em embalagens de 10.<\/p>\n","protected":false},"excerpt":{"rendered":"<p>Fixa\u00e7\u00f5es ultraadesivas profissionais para rilsans e abra\u00e7adeiras Largura 4 mm<\/p>\n<p>Bases ultraadesivas para fixa\u00e7\u00e3o de seus cabos e chicotes.<br \/>\nEste suporte autoadesivo foi projetado para segurar e fixar seus arneses em caso de espa\u00e7o apertado.<br \/>\nSeu formato c\u00f4ncavo aumenta sua robustez para suportar cabos maiores que a vers\u00e3o cl\u00e1ssica.<br \/>\nA parte adesiva \u00e9 feita de acrilato, para garantir uma uni\u00e3o forte e mais resistente ao calor.<br \/>\nTem furos se a fixa\u00e7\u00e3o do parafuso for desejada.<\/p>\n<p>Instala\u00e7\u00e3o: Lavar, desengordurar e secar a superf\u00edcie de colagem. Remova o adesivo da base. Deite na superf\u00edcie e pressione o fecho firmemente por alguns segundos. Deixe secar por v\u00e1rias horas para que o adesivo adira totalmente \u00e0 superf\u00edcie.<\/p>\n<p>Caracter\u00edsticas:<br \/>\n&#8211; Suporte retardador de chama UL 94 V-2 (adesivo exclu\u00eddo).<br \/>\n&#8211; Dimens\u00f5es: 20 x 14 x 3,7 mm.<br \/>\n&#8211; Largura m\u00e1xima do rilsan: 4,0 mm.<br \/>\n&#8211; Di\u00e2metro dos furos de fixa\u00e7\u00e3o: 2,2 mm.<br \/>\n&#8211; Material: Nylon 66.<br \/>\n&#8211; Temperatura m\u00ednima de uso: -40\u00b0C.<br \/>\n&#8211; Temperatura m\u00e1xima de utiliza\u00e7\u00e3o: +105\u00b0C.<br \/>\n&#8211; Vendido em embalagens de 10.<\/p>\n","protected":false},"featured_media":18505,"template":"","meta":[],"product_cat":[479,489,492],"product_tag":[],"marca":[121],"class_list":["post-18509","product","type-product","status-publish","has-post-thumbnail","hentry","product_cat-viatura","product_cat-habitaculo","product_cat-equip-habitaculo","marca-red-spec"],"yoast_head":"<!-- This site is optimized with the Yoast SEO plugin v20.5 - https:\/\/yoast.com\/wordpress\/plugins\/seo\/ -->\n<title>BASE DE FIXA\u00c7AO TUBOS C\/ ADEVISO 4MM - Auto Barbosa<\/title>\n<meta name=\"robots\" content=\"index, follow, max-snippet:-1, max-image-preview:large, max-video-preview:-1\" \/>\n<link rel=\"canonical\" href=\"https:\/\/autobarbosa.com\/es\/produto\/base-de-fixacao-tubos-c-adeviso-4mm\/\" \/>\n<meta property=\"og:locale\" content=\"es_ES\" \/>\n<meta property=\"og:type\" content=\"article\" \/>\n<meta property=\"og:title\" content=\"BASE DE FIXA\u00c7AO TUBOS C\/ ADEVISO 4MM - Auto Barbosa\" \/>\n<meta property=\"og:description\" content=\"Fixa\u00e7\u00f5es ultraadesivas profissionais para rilsans e abra\u00e7adeiras Largura 4 mm  Bases ultraadesivas para fixa\u00e7\u00e3o de seus cabos e chicotes. Este suporte autoadesivo foi projetado para segurar e fixar seus arneses em caso de espa\u00e7o apertado. Seu formato c\u00f4ncavo aumenta sua robustez para suportar cabos maiores que a vers\u00e3o cl\u00e1ssica. A parte adesiva \u00e9 feita de acrilato, para garantir uma uni\u00e3o forte e mais resistente ao calor. Tem furos se a fixa\u00e7\u00e3o do parafuso for desejada.  Instala\u00e7\u00e3o: Lavar, desengordurar e secar a superf\u00edcie de colagem. Remova o adesivo da base. Deite na superf\u00edcie e pressione o fecho firmemente por alguns segundos. Deixe secar por v\u00e1rias horas para que o adesivo adira totalmente \u00e0 superf\u00edcie.  Caracter\u00edsticas: - Suporte retardador de chama UL 94 V-2 (adesivo exclu\u00eddo). - Dimens\u00f5es: 20 x 14 x 3,7 mm. - Largura m\u00e1xima do rilsan: 4,0 mm. - Di\u00e2metro dos furos de fixa\u00e7\u00e3o: 2,2 mm. - Material: Nylon 66. - Temperatura m\u00ednima de uso: -40\u00b0C. - Temperatura m\u00e1xima de utiliza\u00e7\u00e3o: +105\u00b0C. - Vendido em embalagens de 10.\" \/>\n<meta property=\"og:url\" content=\"https:\/\/autobarbosa.com\/es\/produto\/base-de-fixacao-tubos-c-adeviso-4mm\/\" \/>\n<meta property=\"og:site_name\" content=\"Auto Barbosa\" \/>\n<meta property=\"article:publisher\" content=\"https:\/\/www.facebook.com\/autobarbosaoficina\" \/>\n<meta property=\"article:modified_time\" content=\"2026-04-21T07:05:39+00:00\" \/>\n<meta property=\"og:image\" content=\"https:\/\/autobarbosa.com\/wp-content\/uploads\/2025\/11\/446627.png\" \/>\n\t<meta property=\"og:image:width\" content=\"500\" \/>\n\t<meta property=\"og:image:height\" content=\"500\" \/>\n\t<meta property=\"og:image:type\" content=\"image\/png\" \/>\n<meta name=\"twitter:card\" content=\"summary_large_image\" \/>\n<meta name=\"twitter:label1\" content=\"Tiempo de lectura\" \/>\n\t<meta name=\"twitter:data1\" content=\"1 minuto\" \/>\n<script type=\"application\/ld+json\" class=\"yoast-schema-graph\">{\"@context\":\"https:\/\/schema.org\",\"@graph\":[{\"@type\":\"WebPage\",\"@id\":\"https:\/\/autobarbosa.com\/es\/produto\/base-de-fixacao-tubos-c-adeviso-4mm\/\",\"url\":\"https:\/\/autobarbosa.com\/es\/produto\/base-de-fixacao-tubos-c-adeviso-4mm\/\",\"name\":\"BASE DE FIXA\u00c7AO TUBOS C\/ ADEVISO 4MM - Auto Barbosa\",\"isPartOf\":{\"@id\":\"https:\/\/autobarbosa.com\/es\/#website\"},\"datePublished\":\"2025-11-26T08:06:24+00:00\",\"dateModified\":\"2026-04-21T07:05:39+00:00\",\"breadcrumb\":{\"@id\":\"https:\/\/autobarbosa.com\/es\/produto\/base-de-fixacao-tubos-c-adeviso-4mm\/#breadcrumb\"},\"inLanguage\":\"es\",\"potentialAction\":[{\"@type\":\"ReadAction\",\"target\":[\"https:\/\/autobarbosa.com\/es\/produto\/base-de-fixacao-tubos-c-adeviso-4mm\/\"]}]},{\"@type\":\"BreadcrumbList\",\"@id\":\"https:\/\/autobarbosa.com\/es\/produto\/base-de-fixacao-tubos-c-adeviso-4mm\/#breadcrumb\",\"itemListElement\":[{\"@type\":\"ListItem\",\"position\":1,\"name\":\"In\u00edcio\",\"item\":\"https:\/\/autobarbosa.com\/es\/\"},{\"@type\":\"ListItem\",\"position\":2,\"name\":\"Loja\",\"item\":\"https:\/\/autobarbosa.com\/\"},{\"@type\":\"ListItem\",\"position\":3,\"name\":\"BASE DE FIXA\u00c7AO TUBOS C\/ ADEVISO 4MM\"}]},{\"@type\":\"WebSite\",\"@id\":\"https:\/\/autobarbosa.com\/es\/#website\",\"url\":\"https:\/\/autobarbosa.com\/es\/\",\"name\":\"Auto Barbosa\",\"description\":\"Site institucional\",\"publisher\":{\"@id\":\"https:\/\/autobarbosa.com\/es\/#organization\"},\"potentialAction\":[{\"@type\":\"SearchAction\",\"target\":{\"@type\":\"EntryPoint\",\"urlTemplate\":\"https:\/\/autobarbosa.com\/es\/?s={search_term_string}\"},\"query-input\":\"required name=search_term_string\"}],\"inLanguage\":\"es\"},{\"@type\":\"Organization\",\"@id\":\"https:\/\/autobarbosa.com\/es\/#organization\",\"name\":\"Auto Barbosa\",\"url\":\"https:\/\/autobarbosa.com\/es\/\",\"logo\":{\"@type\":\"ImageObject\",\"inLanguage\":\"es\",\"@id\":\"https:\/\/autobarbosa.com\/es\/#\/schema\/logo\/image\/\",\"url\":\"https:\/\/autobarbosa.com\/wp-content\/uploads\/2023\/03\/AUTO-BARBOSA-LOGO-1-e1678715539111.png\",\"contentUrl\":\"https:\/\/autobarbosa.com\/wp-content\/uploads\/2023\/03\/AUTO-BARBOSA-LOGO-1-e1678715539111.png\",\"width\":3233,\"height\":3233,\"caption\":\"Auto Barbosa\"},\"image\":{\"@id\":\"https:\/\/autobarbosa.com\/es\/#\/schema\/logo\/image\/\"},\"sameAs\":[\"https:\/\/www.facebook.com\/autobarbosaoficina\",\"https:\/\/www.instagram.com\/autobarbosa.oficina\/\"]}]}<\/script>\n<!-- \/ Yoast SEO plugin. -->","yoast_head_json":{"title":"BASE DE FIXA\u00c7AO TUBOS C\/ ADEVISO 4MM - Auto Barbosa","robots":{"index":"index","follow":"follow","max-snippet":"max-snippet:-1","max-image-preview":"max-image-preview:large","max-video-preview":"max-video-preview:-1"},"canonical":"https:\/\/autobarbosa.com\/es\/produto\/base-de-fixacao-tubos-c-adeviso-4mm\/","og_locale":"es_ES","og_type":"article","og_title":"BASE DE FIXA\u00c7AO TUBOS C\/ ADEVISO 4MM - Auto Barbosa","og_description":"Fixa\u00e7\u00f5es ultraadesivas profissionais para rilsans e abra\u00e7adeiras Largura 4 mm  Bases ultraadesivas para fixa\u00e7\u00e3o de seus cabos e chicotes. Este suporte autoadesivo foi projetado para segurar e fixar seus arneses em caso de espa\u00e7o apertado. Seu formato c\u00f4ncavo aumenta sua robustez para suportar cabos maiores que a vers\u00e3o cl\u00e1ssica. A parte adesiva \u00e9 feita de acrilato, para garantir uma uni\u00e3o forte e mais resistente ao calor. Tem furos se a fixa\u00e7\u00e3o do parafuso for desejada.  Instala\u00e7\u00e3o: Lavar, desengordurar e secar a superf\u00edcie de colagem. Remova o adesivo da base. Deite na superf\u00edcie e pressione o fecho firmemente por alguns segundos. Deixe secar por v\u00e1rias horas para que o adesivo adira totalmente \u00e0 superf\u00edcie.  Caracter\u00edsticas: - Suporte retardador de chama UL 94 V-2 (adesivo exclu\u00eddo). - Dimens\u00f5es: 20 x 14 x 3,7 mm. - Largura m\u00e1xima do rilsan: 4,0 mm. - Di\u00e2metro dos furos de fixa\u00e7\u00e3o: 2,2 mm. - Material: Nylon 66. - Temperatura m\u00ednima de uso: -40\u00b0C. - Temperatura m\u00e1xima de utiliza\u00e7\u00e3o: +105\u00b0C. - Vendido em embalagens de 10.","og_url":"https:\/\/autobarbosa.com\/es\/produto\/base-de-fixacao-tubos-c-adeviso-4mm\/","og_site_name":"Auto Barbosa","article_publisher":"https:\/\/www.facebook.com\/autobarbosaoficina","article_modified_time":"2026-04-21T07:05:39+00:00","og_image":[{"width":500,"height":500,"url":"https:\/\/autobarbosa.com\/wp-content\/uploads\/2025\/11\/446627.png","type":"image\/png"}],"twitter_card":"summary_large_image","twitter_misc":{"Tiempo de lectura":"1 minuto"},"schema":{"@context":"https:\/\/schema.org","@graph":[{"@type":"WebPage","@id":"https:\/\/autobarbosa.com\/es\/produto\/base-de-fixacao-tubos-c-adeviso-4mm\/","url":"https:\/\/autobarbosa.com\/es\/produto\/base-de-fixacao-tubos-c-adeviso-4mm\/","name":"BASE DE FIXA\u00c7AO TUBOS C\/ ADEVISO 4MM - Auto Barbosa","isPartOf":{"@id":"https:\/\/autobarbosa.com\/es\/#website"},"datePublished":"2025-11-26T08:06:24+00:00","dateModified":"2026-04-21T07:05:39+00:00","breadcrumb":{"@id":"https:\/\/autobarbosa.com\/es\/produto\/base-de-fixacao-tubos-c-adeviso-4mm\/#breadcrumb"},"inLanguage":"es","potentialAction":[{"@type":"ReadAction","target":["https:\/\/autobarbosa.com\/es\/produto\/base-de-fixacao-tubos-c-adeviso-4mm\/"]}]},{"@type":"BreadcrumbList","@id":"https:\/\/autobarbosa.com\/es\/produto\/base-de-fixacao-tubos-c-adeviso-4mm\/#breadcrumb","itemListElement":[{"@type":"ListItem","position":1,"name":"In\u00edcio","item":"https:\/\/autobarbosa.com\/es\/"},{"@type":"ListItem","position":2,"name":"Loja","item":"https:\/\/autobarbosa.com\/"},{"@type":"ListItem","position":3,"name":"BASE DE FIXA\u00c7AO TUBOS C\/ ADEVISO 4MM"}]},{"@type":"WebSite","@id":"https:\/\/autobarbosa.com\/es\/#website","url":"https:\/\/autobarbosa.com\/es\/","name":"Auto Barbosa","description":"Site institucional","publisher":{"@id":"https:\/\/autobarbosa.com\/es\/#organization"},"potentialAction":[{"@type":"SearchAction","target":{"@type":"EntryPoint","urlTemplate":"https:\/\/autobarbosa.com\/es\/?s={search_term_string}"},"query-input":"required name=search_term_string"}],"inLanguage":"es"},{"@type":"Organization","@id":"https:\/\/autobarbosa.com\/es\/#organization","name":"Auto Barbosa","url":"https:\/\/autobarbosa.com\/es\/","logo":{"@type":"ImageObject","inLanguage":"es","@id":"https:\/\/autobarbosa.com\/es\/#\/schema\/logo\/image\/","url":"https:\/\/autobarbosa.com\/wp-content\/uploads\/2023\/03\/AUTO-BARBOSA-LOGO-1-e1678715539111.png","contentUrl":"https:\/\/autobarbosa.com\/wp-content\/uploads\/2023\/03\/AUTO-BARBOSA-LOGO-1-e1678715539111.png","width":3233,"height":3233,"caption":"Auto Barbosa"},"image":{"@id":"https:\/\/autobarbosa.com\/es\/#\/schema\/logo\/image\/"},"sameAs":["https:\/\/www.facebook.com\/autobarbosaoficina","https:\/\/www.instagram.com\/autobarbosa.oficina\/"]}]}},"_links":{"self":[{"href":"https:\/\/autobarbosa.com\/es\/wp-json\/wp\/v3\/product\/18509","targetHints":{"allow":["GET"]}}],"collection":[{"href":"https:\/\/autobarbosa.com\/es\/wp-json\/wp\/v3\/product"}],"about":[{"href":"https:\/\/autobarbosa.com\/es\/wp-json\/wp\/v2\/types\/product"}],"wp:featuredmedia":[{"embeddable":true,"href":"https:\/\/autobarbosa.com\/es\/wp-json\/wp\/v2\/media\/18505"}],"wp:attachment":[{"href":"https:\/\/autobarbosa.com\/es\/wp-json\/wp\/v2\/media?parent=18509"}],"wp:term":[{"taxonomy":"product_cat","embeddable":true,"href":"https:\/\/autobarbosa.com\/es\/wp-json\/wp\/v2\/product_cat?post=18509"},{"taxonomy":"product_tag","embeddable":true,"href":"https:\/\/autobarbosa.com\/es\/wp-json\/wp\/v2\/product_tag?post=18509"},{"taxonomy":"marca","embeddable":true,"href":"https:\/\/autobarbosa.com\/es\/wp-json\/wp\/v2\/marca?post=18509"}],"curies":[{"name":"wp","href":"https:\/\/api.w.org\/{rel}","templated":true}]}}