{"id":18541,"date":"2025-11-26T07:06:32","date_gmt":"2025-11-26T08:06:32","guid":{"rendered":"https:\/\/autobarbosa.com\/produto\/filtro-de-ar-green-conico-d65x100x75\/"},"modified":"2026-04-22T07:05:43","modified_gmt":"2026-04-22T07:05:43","slug":"filtro-de-ar-green-conico-d65x100x75","status":"publish","type":"product","link":"https:\/\/autobarbosa.com\/es\/produto\/filtro-de-ar-green-conico-d65x100x75\/","title":{"rendered":"FILTRO DE AR GREEN CONICO D65X100X75"},"content":{"rendered":"<p>Filtro de ar c\u00f4nico universal FILTRO VERDE entrada direita<br \/>\nEste modelo universal padr\u00e3o de formato c\u00f4nico permite reduzir ao mesmo tempo as perdas de press\u00e3o devido \u00e0 passagem do ar pelo filtro original.<br \/>\nEste filtro tamb\u00e9m reduz as quedas de press\u00e3o causadas pela compartimenta\u00e7\u00e3o da caixa de ar e pelos dutos de entrada de ar da caixa.<br \/>\nSua filtragem de 360\u00b0 melhora a orienta\u00e7\u00e3o do fluxo de ar em dire\u00e7\u00e3o ao motor.<br \/>\nN\u00edvel de entrada sem \u00e2ngulo.<br \/>\nDiferentes di\u00e2metros dispon\u00edveis de 20 a 150 mm.<br \/>\nDiferentes comprimentos dispon\u00edveis de 50 a 230 mm.<br \/>\nConsulte a tabela para conhecer as caracter\u00edsticas do seu filtro.<\/p>\n<p>Caracter\u00edstica dos atributos:<br \/>\nDi\u00e2metro interno: D<br \/>\nDi\u00e2metro: D2<br \/>\nComprimento: L<\/p>\n","protected":false},"excerpt":{"rendered":"<p>Filtro de ar c\u00f4nico universal FILTRO VERDE entrada direita<br \/>\nEste modelo universal padr\u00e3o de formato c\u00f4nico permite reduzir ao mesmo tempo as perdas de press\u00e3o devido \u00e0 passagem do ar pelo filtro original.<br \/>\nEste filtro tamb\u00e9m reduz as quedas de press\u00e3o causadas pela compartimenta\u00e7\u00e3o da caixa de ar e pelos dutos de entrada de ar da caixa.<br \/>\nSua filtragem de 360\u00b0 melhora a orienta\u00e7\u00e3o do fluxo de ar em dire\u00e7\u00e3o ao motor.<br \/>\nN\u00edvel de entrada sem \u00e2ngulo.<br \/>\nDiferentes di\u00e2metros dispon\u00edveis de 20 a 150 mm.<br \/>\nDiferentes comprimentos dispon\u00edveis de 50 a 230 mm.<br \/>\nConsulte a tabela para conhecer as caracter\u00edsticas do seu filtro.<\/p>\n<p>Caracter\u00edstica dos atributos:<br \/>\nDi\u00e2metro interno: D<br \/>\nDi\u00e2metro: D2<br \/>\nComprimento: L<\/p>\n","protected":false},"featured_media":18537,"template":"","meta":[],"product_cat":[479,514,525],"product_tag":[],"marca":[158],"class_list":["post-18541","product","type-product","status-publish","has-post-thumbnail","hentry","product_cat-viatura","product_cat-motor","product_cat-filtro-ar-acessorios","marca-green"],"yoast_head":"<!-- This site is optimized with the Yoast SEO plugin v20.5 - https:\/\/yoast.com\/wordpress\/plugins\/seo\/ -->\n<title>FILTRO DE AR GREEN CONICO D65X100X75 - Auto Barbosa<\/title>\n<meta name=\"robots\" content=\"index, follow, max-snippet:-1, max-image-preview:large, max-video-preview:-1\" \/>\n<link rel=\"canonical\" href=\"https:\/\/autobarbosa.com\/es\/produto\/filtro-de-ar-green-conico-d65x100x75\/\" \/>\n<meta property=\"og:locale\" content=\"es_ES\" \/>\n<meta property=\"og:type\" content=\"article\" \/>\n<meta property=\"og:title\" content=\"FILTRO DE AR GREEN CONICO D65X100X75 - Auto Barbosa\" \/>\n<meta property=\"og:description\" content=\"Filtro de ar c\u00f4nico universal FILTRO VERDE entrada direita Este modelo universal padr\u00e3o de formato c\u00f4nico permite reduzir ao mesmo tempo as perdas de press\u00e3o devido \u00e0 passagem do ar pelo filtro original. Este filtro tamb\u00e9m reduz as quedas de press\u00e3o causadas pela compartimenta\u00e7\u00e3o da caixa de ar e pelos dutos de entrada de ar da caixa. Sua filtragem de 360\u00b0 melhora a orienta\u00e7\u00e3o do fluxo de ar em dire\u00e7\u00e3o ao motor. N\u00edvel de entrada sem \u00e2ngulo. Diferentes di\u00e2metros dispon\u00edveis de 20 a 150 mm. Diferentes comprimentos dispon\u00edveis de 50 a 230 mm. Consulte a tabela para conhecer as caracter\u00edsticas do seu filtro.  Caracter\u00edstica dos atributos: Di\u00e2metro interno: D Di\u00e2metro: D2 Comprimento: L\" \/>\n<meta property=\"og:url\" content=\"https:\/\/autobarbosa.com\/es\/produto\/filtro-de-ar-green-conico-d65x100x75\/\" \/>\n<meta property=\"og:site_name\" content=\"Auto Barbosa\" \/>\n<meta property=\"article:publisher\" content=\"https:\/\/www.facebook.com\/autobarbosaoficina\" \/>\n<meta property=\"article:modified_time\" content=\"2026-04-22T07:05:43+00:00\" \/>\n<meta property=\"og:image\" content=\"https:\/\/autobarbosa.com\/wp-content\/uploads\/2025\/11\/451k265.png\" \/>\n\t<meta property=\"og:image:width\" content=\"575\" \/>\n\t<meta property=\"og:image:height\" content=\"597\" \/>\n\t<meta property=\"og:image:type\" content=\"image\/png\" \/>\n<meta name=\"twitter:card\" content=\"summary_large_image\" \/>\n<meta name=\"twitter:label1\" content=\"Tiempo de lectura\" \/>\n\t<meta name=\"twitter:data1\" content=\"1 minuto\" \/>\n<script type=\"application\/ld+json\" class=\"yoast-schema-graph\">{\"@context\":\"https:\/\/schema.org\",\"@graph\":[{\"@type\":\"WebPage\",\"@id\":\"https:\/\/autobarbosa.com\/es\/produto\/filtro-de-ar-green-conico-d65x100x75\/\",\"url\":\"https:\/\/autobarbosa.com\/es\/produto\/filtro-de-ar-green-conico-d65x100x75\/\",\"name\":\"FILTRO DE AR GREEN CONICO D65X100X75 - Auto Barbosa\",\"isPartOf\":{\"@id\":\"https:\/\/autobarbosa.com\/es\/#website\"},\"datePublished\":\"2025-11-26T08:06:32+00:00\",\"dateModified\":\"2026-04-22T07:05:43+00:00\",\"breadcrumb\":{\"@id\":\"https:\/\/autobarbosa.com\/es\/produto\/filtro-de-ar-green-conico-d65x100x75\/#breadcrumb\"},\"inLanguage\":\"es\",\"potentialAction\":[{\"@type\":\"ReadAction\",\"target\":[\"https:\/\/autobarbosa.com\/es\/produto\/filtro-de-ar-green-conico-d65x100x75\/\"]}]},{\"@type\":\"BreadcrumbList\",\"@id\":\"https:\/\/autobarbosa.com\/es\/produto\/filtro-de-ar-green-conico-d65x100x75\/#breadcrumb\",\"itemListElement\":[{\"@type\":\"ListItem\",\"position\":1,\"name\":\"In\u00edcio\",\"item\":\"https:\/\/autobarbosa.com\/es\/\"},{\"@type\":\"ListItem\",\"position\":2,\"name\":\"Loja\",\"item\":\"https:\/\/autobarbosa.com\/\"},{\"@type\":\"ListItem\",\"position\":3,\"name\":\"FILTRO DE AR GREEN CONICO D65X100X75\"}]},{\"@type\":\"WebSite\",\"@id\":\"https:\/\/autobarbosa.com\/es\/#website\",\"url\":\"https:\/\/autobarbosa.com\/es\/\",\"name\":\"Auto Barbosa\",\"description\":\"Site institucional\",\"publisher\":{\"@id\":\"https:\/\/autobarbosa.com\/es\/#organization\"},\"potentialAction\":[{\"@type\":\"SearchAction\",\"target\":{\"@type\":\"EntryPoint\",\"urlTemplate\":\"https:\/\/autobarbosa.com\/es\/?s={search_term_string}\"},\"query-input\":\"required name=search_term_string\"}],\"inLanguage\":\"es\"},{\"@type\":\"Organization\",\"@id\":\"https:\/\/autobarbosa.com\/es\/#organization\",\"name\":\"Auto Barbosa\",\"url\":\"https:\/\/autobarbosa.com\/es\/\",\"logo\":{\"@type\":\"ImageObject\",\"inLanguage\":\"es\",\"@id\":\"https:\/\/autobarbosa.com\/es\/#\/schema\/logo\/image\/\",\"url\":\"https:\/\/autobarbosa.com\/wp-content\/uploads\/2023\/03\/AUTO-BARBOSA-LOGO-1-e1678715539111.png\",\"contentUrl\":\"https:\/\/autobarbosa.com\/wp-content\/uploads\/2023\/03\/AUTO-BARBOSA-LOGO-1-e1678715539111.png\",\"width\":3233,\"height\":3233,\"caption\":\"Auto Barbosa\"},\"image\":{\"@id\":\"https:\/\/autobarbosa.com\/es\/#\/schema\/logo\/image\/\"},\"sameAs\":[\"https:\/\/www.facebook.com\/autobarbosaoficina\",\"https:\/\/www.instagram.com\/autobarbosa.oficina\/\"]}]}<\/script>\n<!-- \/ Yoast SEO plugin. -->","yoast_head_json":{"title":"FILTRO DE AR GREEN CONICO D65X100X75 - Auto Barbosa","robots":{"index":"index","follow":"follow","max-snippet":"max-snippet:-1","max-image-preview":"max-image-preview:large","max-video-preview":"max-video-preview:-1"},"canonical":"https:\/\/autobarbosa.com\/es\/produto\/filtro-de-ar-green-conico-d65x100x75\/","og_locale":"es_ES","og_type":"article","og_title":"FILTRO DE AR GREEN CONICO D65X100X75 - Auto Barbosa","og_description":"Filtro de ar c\u00f4nico universal FILTRO VERDE entrada direita Este modelo universal padr\u00e3o de formato c\u00f4nico permite reduzir ao mesmo tempo as perdas de press\u00e3o devido \u00e0 passagem do ar pelo filtro original. Este filtro tamb\u00e9m reduz as quedas de press\u00e3o causadas pela compartimenta\u00e7\u00e3o da caixa de ar e pelos dutos de entrada de ar da caixa. Sua filtragem de 360\u00b0 melhora a orienta\u00e7\u00e3o do fluxo de ar em dire\u00e7\u00e3o ao motor. N\u00edvel de entrada sem \u00e2ngulo. Diferentes di\u00e2metros dispon\u00edveis de 20 a 150 mm. Diferentes comprimentos dispon\u00edveis de 50 a 230 mm. Consulte a tabela para conhecer as caracter\u00edsticas do seu filtro.  Caracter\u00edstica dos atributos: Di\u00e2metro interno: D Di\u00e2metro: D2 Comprimento: L","og_url":"https:\/\/autobarbosa.com\/es\/produto\/filtro-de-ar-green-conico-d65x100x75\/","og_site_name":"Auto Barbosa","article_publisher":"https:\/\/www.facebook.com\/autobarbosaoficina","article_modified_time":"2026-04-22T07:05:43+00:00","og_image":[{"width":575,"height":597,"url":"https:\/\/autobarbosa.com\/wp-content\/uploads\/2025\/11\/451k265.png","type":"image\/png"}],"twitter_card":"summary_large_image","twitter_misc":{"Tiempo de lectura":"1 minuto"},"schema":{"@context":"https:\/\/schema.org","@graph":[{"@type":"WebPage","@id":"https:\/\/autobarbosa.com\/es\/produto\/filtro-de-ar-green-conico-d65x100x75\/","url":"https:\/\/autobarbosa.com\/es\/produto\/filtro-de-ar-green-conico-d65x100x75\/","name":"FILTRO DE AR GREEN CONICO D65X100X75 - Auto Barbosa","isPartOf":{"@id":"https:\/\/autobarbosa.com\/es\/#website"},"datePublished":"2025-11-26T08:06:32+00:00","dateModified":"2026-04-22T07:05:43+00:00","breadcrumb":{"@id":"https:\/\/autobarbosa.com\/es\/produto\/filtro-de-ar-green-conico-d65x100x75\/#breadcrumb"},"inLanguage":"es","potentialAction":[{"@type":"ReadAction","target":["https:\/\/autobarbosa.com\/es\/produto\/filtro-de-ar-green-conico-d65x100x75\/"]}]},{"@type":"BreadcrumbList","@id":"https:\/\/autobarbosa.com\/es\/produto\/filtro-de-ar-green-conico-d65x100x75\/#breadcrumb","itemListElement":[{"@type":"ListItem","position":1,"name":"In\u00edcio","item":"https:\/\/autobarbosa.com\/es\/"},{"@type":"ListItem","position":2,"name":"Loja","item":"https:\/\/autobarbosa.com\/"},{"@type":"ListItem","position":3,"name":"FILTRO DE AR GREEN CONICO D65X100X75"}]},{"@type":"WebSite","@id":"https:\/\/autobarbosa.com\/es\/#website","url":"https:\/\/autobarbosa.com\/es\/","name":"Auto Barbosa","description":"Site institucional","publisher":{"@id":"https:\/\/autobarbosa.com\/es\/#organization"},"potentialAction":[{"@type":"SearchAction","target":{"@type":"EntryPoint","urlTemplate":"https:\/\/autobarbosa.com\/es\/?s={search_term_string}"},"query-input":"required name=search_term_string"}],"inLanguage":"es"},{"@type":"Organization","@id":"https:\/\/autobarbosa.com\/es\/#organization","name":"Auto Barbosa","url":"https:\/\/autobarbosa.com\/es\/","logo":{"@type":"ImageObject","inLanguage":"es","@id":"https:\/\/autobarbosa.com\/es\/#\/schema\/logo\/image\/","url":"https:\/\/autobarbosa.com\/wp-content\/uploads\/2023\/03\/AUTO-BARBOSA-LOGO-1-e1678715539111.png","contentUrl":"https:\/\/autobarbosa.com\/wp-content\/uploads\/2023\/03\/AUTO-BARBOSA-LOGO-1-e1678715539111.png","width":3233,"height":3233,"caption":"Auto Barbosa"},"image":{"@id":"https:\/\/autobarbosa.com\/es\/#\/schema\/logo\/image\/"},"sameAs":["https:\/\/www.facebook.com\/autobarbosaoficina","https:\/\/www.instagram.com\/autobarbosa.oficina\/"]}]}},"_links":{"self":[{"href":"https:\/\/autobarbosa.com\/es\/wp-json\/wp\/v3\/product\/18541","targetHints":{"allow":["GET"]}}],"collection":[{"href":"https:\/\/autobarbosa.com\/es\/wp-json\/wp\/v3\/product"}],"about":[{"href":"https:\/\/autobarbosa.com\/es\/wp-json\/wp\/v2\/types\/product"}],"wp:featuredmedia":[{"embeddable":true,"href":"https:\/\/autobarbosa.com\/es\/wp-json\/wp\/v2\/media\/18537"}],"wp:attachment":[{"href":"https:\/\/autobarbosa.com\/es\/wp-json\/wp\/v2\/media?parent=18541"}],"wp:term":[{"taxonomy":"product_cat","embeddable":true,"href":"https:\/\/autobarbosa.com\/es\/wp-json\/wp\/v2\/product_cat?post=18541"},{"taxonomy":"product_tag","embeddable":true,"href":"https:\/\/autobarbosa.com\/es\/wp-json\/wp\/v2\/product_tag?post=18541"},{"taxonomy":"marca","embeddable":true,"href":"https:\/\/autobarbosa.com\/es\/wp-json\/wp\/v2\/marca?post=18541"}],"curies":[{"name":"wp","href":"https:\/\/api.w.org\/{rel}","templated":true}]}}