{"id":18581,"date":"2025-11-26T07:06:42","date_gmt":"2025-11-26T08:06:42","guid":{"rendered":"https:\/\/autobarbosa.com\/produto\/filtro-de-ar-green-peug-208-r2\/"},"modified":"2026-04-22T07:05:51","modified_gmt":"2026-04-22T07:05:51","slug":"filtro-de-ar-green-peug-208-r2","status":"publish","type":"product","link":"https:\/\/autobarbosa.com\/es\/produto\/filtro-de-ar-green-peug-208-r2\/","title":{"rendered":"FILTRO DE AR GREEN PEUG. 208 R2"},"content":{"rendered":"<p>Filtro AR para PEUGEOT 208 R2 &#8211; TOYOTA Celica 2.0 Coupe<\/p>\n<p>Este filtro de substitui\u00e7\u00e3o de algod\u00e3o \u00e9 instalado em segundos na caixa de ar original, em vez do filtro de papel original.<\/p>\n<p>Vantagens dos filtros de ar Green:<br \/>\n&#8211; 2 camadas de tecido de fibra natural de algod\u00e3o, protegidas por 2 grelhas de a\u00e7o galvanizado com pintura ep\u00f3xi.<br \/>\n&#8211; Garantia de 100.000 kms primeiro usu\u00e1rio.<br \/>\n&#8211; Lav\u00e1vel e reutiliz\u00e1vel, o que evita a sua substitui\u00e7\u00e3o (todos os anos ou 7000 km).<br \/>\n&#8211; Pode ser armazenado durante toda a vida \u00fatil do ve\u00edculo.<br \/>\n&#8211; Perda de carga reduzida: 30 a 40% a mais de passagem de ar em compara\u00e7\u00e3o com um filtro de ar de papel original.<br \/>\n&#8211; Mais eficiente: ganho de pot\u00eancia do motor, aumento da vida mec\u00e2nica<br \/>\n&#8211; Economia de combust\u00edvel de 2 a 3% com carga igual.<br \/>\n&#8211; Usado pelas maiores equipes de automobilismo.<\/p>\n<p>O material utilizado no lugar do papel \u00e9 o algod\u00e3o, cujas propriedades s\u00e3o:<br \/>\n&#8211; Maior enchimento de ar: +40%, portanto, melhor combust\u00e3o<br \/>\n&#8211; Menor desgaste do motor<br \/>\n&#8211; Vida \u00fatil quase ilimitada<br \/>\n&#8211; Filtro de efeito n\u00e3o mec\u00e2nico, n\u00e3o sens\u00edvel \u00e0 umidade. Os filtros de substitui\u00e7\u00e3o reduzem o fen\u00f4meno da queda de press\u00e3o. A redu\u00e7\u00e3o desse fen\u00f4meno traz flexibilidade ao motor, o que melhora o conforto de dire\u00e7\u00e3o.<\/p>\n<p>Este filtro permite obter uma melhor mistura dos gases devido ao fornecimento de ar adicional.<br \/>\nO filtro \u00e9 simples de instalar e manter.<\/p>\n<p>Filtro de substitui\u00e7\u00e3o para:<br \/>\n&#8211; TOYOTA Celica 2.0 Coupe (150CV) from 1987 to 1990<br \/>\n&#8211; TOYOTA Celica 2.0 GT 4WD Coupe (185CV) from 1987 to 1990 &#8211;<br \/>\nTOYOTA Celica 2.0 GT Coupe (150CV) from 1985 to 1989<br \/>\n&#8211; TOYOTA Celica 2.0 GT Coupe (140CV) from 19 85 a 1989<br \/>\n&#8211; TOYOTA Celica 2.0 GTi Coupe (156CV) de 1989 a 1994<br \/>\n&#8211; TOYOTA Celica 2.0 Turbo 4WD Coupe (208CV) de 1989 a 1994 &#8211; TOYOTA<br \/>\nCelica 2.0 Turbo 4WD Coupe (204CV) de 1989 a 1994<br \/>\n&#8211; TOYOTA Celica 2. 0 Turbo 4WD Coupe (242CV) de 1994 a 1996<\/p>\n<p>Caracter\u00edsticas do filtro:<br \/>\nForma: Flat<br \/>\nL1 (largura): 306 mm<br \/>\nL3 (comprimento): 155 mm<br \/>\nH (altura): 20 mm<\/p>\n<p>A \u00fanica manuten\u00e7\u00e3o \u00e9 a limpeza regular para um \u00f3timo desempenho em todos os momentos. Para a limpeza do seu filtro aconselhamos a utiliza\u00e7\u00e3o de produtos de limpeza FILTRO VERDE como detergente sem solventes e spray de \u00f3leo ref. 451NH01 ou 451NH02.<\/p>\n","protected":false},"excerpt":{"rendered":"<p>Filtro AR para PEUGEOT 208 R2 &#8211; TOYOTA Celica 2.0 Coupe<\/p>\n<p>Este filtro de substitui\u00e7\u00e3o de algod\u00e3o \u00e9 instalado em segundos na caixa de ar original, em vez do filtro de papel original.<\/p>\n<p>Vantagens dos filtros de ar Green:<br \/>\n&#8211; 2 camadas de tecido de fibra natural de algod\u00e3o, protegidas por 2 grelhas de a\u00e7o galvanizado com pintura ep\u00f3xi.<br \/>\n&#8211; Garantia de 100.000 kms primeiro usu\u00e1rio.<br \/>\n&#8211; Lav\u00e1vel e reutiliz\u00e1vel, o que evita a sua substitui\u00e7\u00e3o (todos os anos ou 7000 km).<br \/>\n&#8211; Pode ser armazenado durante toda a vida \u00fatil do ve\u00edculo.<br \/>\n&#8211; Perda de carga reduzida: 30 a 40% a mais de passagem de ar em compara\u00e7\u00e3o com um filtro de ar de papel original.<br \/>\n&#8211; Mais eficiente: ganho de pot\u00eancia do motor, aumento da vida mec\u00e2nica<br \/>\n&#8211; Economia de combust\u00edvel de 2 a 3% com carga igual.<br \/>\n&#8211; Usado pelas maiores equipes de automobilismo.<\/p>\n<p>O material utilizado no lugar do papel \u00e9 o algod\u00e3o, cujas propriedades s\u00e3o:<br \/>\n&#8211; Maior enchimento de ar: +40%, portanto, melhor combust\u00e3o<br \/>\n&#8211; Menor desgaste do motor<br \/>\n&#8211; Vida \u00fatil quase ilimitada<br \/>\n&#8211; Filtro de efeito n\u00e3o mec\u00e2nico, n\u00e3o sens\u00edvel \u00e0 umidade. Os filtros de substitui\u00e7\u00e3o reduzem o fen\u00f4meno da queda de press\u00e3o. A redu\u00e7\u00e3o desse fen\u00f4meno traz flexibilidade ao motor, o que melhora o conforto de dire\u00e7\u00e3o.<\/p>\n<p>Este filtro permite obter uma melhor mistura dos gases devido ao fornecimento de ar adicional.<br \/>\nO filtro \u00e9 simples de instalar e manter.<\/p>\n<p>Filtro de substitui\u00e7\u00e3o para:<br \/>\n&#8211; TOYOTA Celica 2.0 Coupe (150CV) from 1987 to 1990<br \/>\n&#8211; TOYOTA Celica 2.0 GT 4WD Coupe (185CV) from 1987 to 1990 &#8211;<br \/>\nTOYOTA Celica 2.0 GT Coupe (150CV) from 1985 to 1989<br \/>\n&#8211; TOYOTA Celica 2.0 GT Coupe (140CV) from 19 85 a 1989<br \/>\n&#8211; TOYOTA Celica 2.0 GTi Coupe (156CV) de 1989 a 1994<br \/>\n&#8211; TOYOTA Celica 2.0 Turbo 4WD Coupe (208CV) de 1989 a 1994 &#8211; TOYOTA<br \/>\nCelica 2.0 Turbo 4WD Coupe (204CV) de 1989 a 1994<br \/>\n&#8211; TOYOTA Celica 2. 0 Turbo 4WD Coupe (242CV) de 1994 a 1996<\/p>\n<p>Caracter\u00edsticas do filtro:<br \/>\nForma: Flat<br \/>\nL1 (largura): 306 mm<br \/>\nL3 (comprimento): 155 mm<br \/>\nH (altura): 20 mm<\/p>\n<p>A \u00fanica manuten\u00e7\u00e3o \u00e9 a limpeza regular para um \u00f3timo desempenho em todos os momentos. Para a limpeza do seu filtro aconselhamos a utiliza\u00e7\u00e3o de produtos de limpeza FILTRO VERDE como detergente sem solventes e spray de \u00f3leo ref. 451NH01 ou 451NH02.<\/p>\n","protected":false},"featured_media":18577,"template":"","meta":[],"product_cat":[479,514,526],"product_tag":[],"marca":[158],"class_list":["post-18581","product","type-product","status-publish","has-post-thumbnail","hentry","product_cat-viatura","product_cat-motor","product_cat-admissao-ar","marca-green"],"yoast_head":"<!-- This site is optimized with the Yoast SEO plugin v20.5 - https:\/\/yoast.com\/wordpress\/plugins\/seo\/ -->\n<title>FILTRO DE AR GREEN PEUG. 208 R2 - Auto Barbosa<\/title>\n<meta name=\"robots\" content=\"index, follow, max-snippet:-1, max-image-preview:large, max-video-preview:-1\" \/>\n<link rel=\"canonical\" href=\"https:\/\/autobarbosa.com\/es\/produto\/filtro-de-ar-green-peug-208-r2\/\" \/>\n<meta property=\"og:locale\" content=\"es_ES\" \/>\n<meta property=\"og:type\" content=\"article\" \/>\n<meta property=\"og:title\" content=\"FILTRO DE AR GREEN PEUG. 208 R2 - Auto Barbosa\" \/>\n<meta property=\"og:description\" content=\"Filtro AR para PEUGEOT 208 R2 - TOYOTA Celica 2.0 Coupe  Este filtro de substitui\u00e7\u00e3o de algod\u00e3o \u00e9 instalado em segundos na caixa de ar original, em vez do filtro de papel original.  Vantagens dos filtros de ar Green: - 2 camadas de tecido de fibra natural de algod\u00e3o, protegidas por 2 grelhas de a\u00e7o galvanizado com pintura ep\u00f3xi. - Garantia de 100.000 kms primeiro usu\u00e1rio. - Lav\u00e1vel e reutiliz\u00e1vel, o que evita a sua substitui\u00e7\u00e3o (todos os anos ou 7000 km). - Pode ser armazenado durante toda a vida \u00fatil do ve\u00edculo. - Perda de carga reduzida: 30 a 40% a mais de passagem de ar em compara\u00e7\u00e3o com um filtro de ar de papel original. - Mais eficiente: ganho de pot\u00eancia do motor, aumento da vida mec\u00e2nica - Economia de combust\u00edvel de 2 a 3% com carga igual. - Usado pelas maiores equipes de automobilismo.  O material utilizado no lugar do papel \u00e9 o algod\u00e3o, cujas propriedades s\u00e3o: - Maior enchimento de ar: +40%, portanto, melhor combust\u00e3o - Menor desgaste do motor - Vida \u00fatil quase ilimitada - Filtro de efeito n\u00e3o mec\u00e2nico, n\u00e3o sens\u00edvel \u00e0 umidade. Os filtros de substitui\u00e7\u00e3o reduzem o fen\u00f4meno da queda de press\u00e3o. A redu\u00e7\u00e3o desse fen\u00f4meno traz flexibilidade ao motor, o que melhora o conforto de dire\u00e7\u00e3o.  Este filtro permite obter uma melhor mistura dos gases devido ao fornecimento de ar adicional. O filtro \u00e9 simples de instalar e manter.  Filtro de substitui\u00e7\u00e3o para: - TOYOTA Celica 2.0 Coupe (150CV) from 1987 to 1990 - TOYOTA Celica 2.0 GT 4WD Coupe (185CV) from 1987 to 1990 - TOYOTA Celica 2.0 GT Coupe (150CV) from 1985 to 1989 - TOYOTA Celica 2.0 GT Coupe (140CV) from 19 85 a 1989 - TOYOTA Celica 2.0 GTi Coupe (156CV) de 1989 a 1994 - TOYOTA Celica 2.0 Turbo 4WD Coupe (208CV) de 1989 a 1994 - TOYOTA Celica 2.0 Turbo 4WD Coupe (204CV) de 1989 a 1994 - TOYOTA Celica 2. 0 Turbo 4WD Coupe (242CV) de 1994 a 1996  Caracter\u00edsticas do filtro: Forma: Flat L1 (largura): 306 mm L3 (comprimento): 155 mm H (altura): 20 mm  A \u00fanica manuten\u00e7\u00e3o \u00e9 a limpeza regular para um \u00f3timo desempenho em todos os momentos. Para a limpeza do seu filtro aconselhamos a utiliza\u00e7\u00e3o de produtos de limpeza FILTRO VERDE como detergente sem solventes e spray de \u00f3leo ref. 451NH01 ou 451NH02.\" \/>\n<meta property=\"og:url\" content=\"https:\/\/autobarbosa.com\/es\/produto\/filtro-de-ar-green-peug-208-r2\/\" \/>\n<meta property=\"og:site_name\" content=\"Auto Barbosa\" \/>\n<meta property=\"article:publisher\" content=\"https:\/\/www.facebook.com\/autobarbosaoficina\" \/>\n<meta property=\"article:modified_time\" content=\"2026-04-22T07:05:51+00:00\" \/>\n<meta property=\"og:image\" content=\"https:\/\/autobarbosa.com\/wp-content\/uploads\/2025\/11\/451p567293.png\" \/>\n\t<meta property=\"og:image:width\" content=\"800\" \/>\n\t<meta property=\"og:image:height\" content=\"800\" \/>\n\t<meta property=\"og:image:type\" content=\"image\/png\" \/>\n<meta name=\"twitter:card\" content=\"summary_large_image\" \/>\n<meta name=\"twitter:label1\" content=\"Tiempo de lectura\" \/>\n\t<meta name=\"twitter:data1\" content=\"2 minutos\" \/>\n<script type=\"application\/ld+json\" class=\"yoast-schema-graph\">{\"@context\":\"https:\/\/schema.org\",\"@graph\":[{\"@type\":\"WebPage\",\"@id\":\"https:\/\/autobarbosa.com\/es\/produto\/filtro-de-ar-green-peug-208-r2\/\",\"url\":\"https:\/\/autobarbosa.com\/es\/produto\/filtro-de-ar-green-peug-208-r2\/\",\"name\":\"FILTRO DE AR GREEN PEUG. 208 R2 - Auto Barbosa\",\"isPartOf\":{\"@id\":\"https:\/\/autobarbosa.com\/es\/#website\"},\"datePublished\":\"2025-11-26T08:06:42+00:00\",\"dateModified\":\"2026-04-22T07:05:51+00:00\",\"breadcrumb\":{\"@id\":\"https:\/\/autobarbosa.com\/es\/produto\/filtro-de-ar-green-peug-208-r2\/#breadcrumb\"},\"inLanguage\":\"es\",\"potentialAction\":[{\"@type\":\"ReadAction\",\"target\":[\"https:\/\/autobarbosa.com\/es\/produto\/filtro-de-ar-green-peug-208-r2\/\"]}]},{\"@type\":\"BreadcrumbList\",\"@id\":\"https:\/\/autobarbosa.com\/es\/produto\/filtro-de-ar-green-peug-208-r2\/#breadcrumb\",\"itemListElement\":[{\"@type\":\"ListItem\",\"position\":1,\"name\":\"In\u00edcio\",\"item\":\"https:\/\/autobarbosa.com\/es\/\"},{\"@type\":\"ListItem\",\"position\":2,\"name\":\"Loja\",\"item\":\"https:\/\/autobarbosa.com\/\"},{\"@type\":\"ListItem\",\"position\":3,\"name\":\"FILTRO DE AR GREEN PEUG. 208 R2\"}]},{\"@type\":\"WebSite\",\"@id\":\"https:\/\/autobarbosa.com\/es\/#website\",\"url\":\"https:\/\/autobarbosa.com\/es\/\",\"name\":\"Auto Barbosa\",\"description\":\"Site institucional\",\"publisher\":{\"@id\":\"https:\/\/autobarbosa.com\/es\/#organization\"},\"potentialAction\":[{\"@type\":\"SearchAction\",\"target\":{\"@type\":\"EntryPoint\",\"urlTemplate\":\"https:\/\/autobarbosa.com\/es\/?s={search_term_string}\"},\"query-input\":\"required name=search_term_string\"}],\"inLanguage\":\"es\"},{\"@type\":\"Organization\",\"@id\":\"https:\/\/autobarbosa.com\/es\/#organization\",\"name\":\"Auto Barbosa\",\"url\":\"https:\/\/autobarbosa.com\/es\/\",\"logo\":{\"@type\":\"ImageObject\",\"inLanguage\":\"es\",\"@id\":\"https:\/\/autobarbosa.com\/es\/#\/schema\/logo\/image\/\",\"url\":\"https:\/\/autobarbosa.com\/wp-content\/uploads\/2023\/03\/AUTO-BARBOSA-LOGO-1-e1678715539111.png\",\"contentUrl\":\"https:\/\/autobarbosa.com\/wp-content\/uploads\/2023\/03\/AUTO-BARBOSA-LOGO-1-e1678715539111.png\",\"width\":3233,\"height\":3233,\"caption\":\"Auto Barbosa\"},\"image\":{\"@id\":\"https:\/\/autobarbosa.com\/es\/#\/schema\/logo\/image\/\"},\"sameAs\":[\"https:\/\/www.facebook.com\/autobarbosaoficina\",\"https:\/\/www.instagram.com\/autobarbosa.oficina\/\"]}]}<\/script>\n<!-- \/ Yoast SEO plugin. -->","yoast_head_json":{"title":"FILTRO DE AR GREEN PEUG. 208 R2 - Auto Barbosa","robots":{"index":"index","follow":"follow","max-snippet":"max-snippet:-1","max-image-preview":"max-image-preview:large","max-video-preview":"max-video-preview:-1"},"canonical":"https:\/\/autobarbosa.com\/es\/produto\/filtro-de-ar-green-peug-208-r2\/","og_locale":"es_ES","og_type":"article","og_title":"FILTRO DE AR GREEN PEUG. 208 R2 - Auto Barbosa","og_description":"Filtro AR para PEUGEOT 208 R2 - TOYOTA Celica 2.0 Coupe  Este filtro de substitui\u00e7\u00e3o de algod\u00e3o \u00e9 instalado em segundos na caixa de ar original, em vez do filtro de papel original.  Vantagens dos filtros de ar Green: - 2 camadas de tecido de fibra natural de algod\u00e3o, protegidas por 2 grelhas de a\u00e7o galvanizado com pintura ep\u00f3xi. - Garantia de 100.000 kms primeiro usu\u00e1rio. - Lav\u00e1vel e reutiliz\u00e1vel, o que evita a sua substitui\u00e7\u00e3o (todos os anos ou 7000 km). - Pode ser armazenado durante toda a vida \u00fatil do ve\u00edculo. - Perda de carga reduzida: 30 a 40% a mais de passagem de ar em compara\u00e7\u00e3o com um filtro de ar de papel original. - Mais eficiente: ganho de pot\u00eancia do motor, aumento da vida mec\u00e2nica - Economia de combust\u00edvel de 2 a 3% com carga igual. - Usado pelas maiores equipes de automobilismo.  O material utilizado no lugar do papel \u00e9 o algod\u00e3o, cujas propriedades s\u00e3o: - Maior enchimento de ar: +40%, portanto, melhor combust\u00e3o - Menor desgaste do motor - Vida \u00fatil quase ilimitada - Filtro de efeito n\u00e3o mec\u00e2nico, n\u00e3o sens\u00edvel \u00e0 umidade. Os filtros de substitui\u00e7\u00e3o reduzem o fen\u00f4meno da queda de press\u00e3o. A redu\u00e7\u00e3o desse fen\u00f4meno traz flexibilidade ao motor, o que melhora o conforto de dire\u00e7\u00e3o.  Este filtro permite obter uma melhor mistura dos gases devido ao fornecimento de ar adicional. O filtro \u00e9 simples de instalar e manter.  Filtro de substitui\u00e7\u00e3o para: - TOYOTA Celica 2.0 Coupe (150CV) from 1987 to 1990 - TOYOTA Celica 2.0 GT 4WD Coupe (185CV) from 1987 to 1990 - TOYOTA Celica 2.0 GT Coupe (150CV) from 1985 to 1989 - TOYOTA Celica 2.0 GT Coupe (140CV) from 19 85 a 1989 - TOYOTA Celica 2.0 GTi Coupe (156CV) de 1989 a 1994 - TOYOTA Celica 2.0 Turbo 4WD Coupe (208CV) de 1989 a 1994 - TOYOTA Celica 2.0 Turbo 4WD Coupe (204CV) de 1989 a 1994 - TOYOTA Celica 2. 0 Turbo 4WD Coupe (242CV) de 1994 a 1996  Caracter\u00edsticas do filtro: Forma: Flat L1 (largura): 306 mm L3 (comprimento): 155 mm H (altura): 20 mm  A \u00fanica manuten\u00e7\u00e3o \u00e9 a limpeza regular para um \u00f3timo desempenho em todos os momentos. Para a limpeza do seu filtro aconselhamos a utiliza\u00e7\u00e3o de produtos de limpeza FILTRO VERDE como detergente sem solventes e spray de \u00f3leo ref. 451NH01 ou 451NH02.","og_url":"https:\/\/autobarbosa.com\/es\/produto\/filtro-de-ar-green-peug-208-r2\/","og_site_name":"Auto Barbosa","article_publisher":"https:\/\/www.facebook.com\/autobarbosaoficina","article_modified_time":"2026-04-22T07:05:51+00:00","og_image":[{"width":800,"height":800,"url":"https:\/\/autobarbosa.com\/wp-content\/uploads\/2025\/11\/451p567293.png","type":"image\/png"}],"twitter_card":"summary_large_image","twitter_misc":{"Tiempo de lectura":"2 minutos"},"schema":{"@context":"https:\/\/schema.org","@graph":[{"@type":"WebPage","@id":"https:\/\/autobarbosa.com\/es\/produto\/filtro-de-ar-green-peug-208-r2\/","url":"https:\/\/autobarbosa.com\/es\/produto\/filtro-de-ar-green-peug-208-r2\/","name":"FILTRO DE AR GREEN PEUG. 208 R2 - Auto Barbosa","isPartOf":{"@id":"https:\/\/autobarbosa.com\/es\/#website"},"datePublished":"2025-11-26T08:06:42+00:00","dateModified":"2026-04-22T07:05:51+00:00","breadcrumb":{"@id":"https:\/\/autobarbosa.com\/es\/produto\/filtro-de-ar-green-peug-208-r2\/#breadcrumb"},"inLanguage":"es","potentialAction":[{"@type":"ReadAction","target":["https:\/\/autobarbosa.com\/es\/produto\/filtro-de-ar-green-peug-208-r2\/"]}]},{"@type":"BreadcrumbList","@id":"https:\/\/autobarbosa.com\/es\/produto\/filtro-de-ar-green-peug-208-r2\/#breadcrumb","itemListElement":[{"@type":"ListItem","position":1,"name":"In\u00edcio","item":"https:\/\/autobarbosa.com\/es\/"},{"@type":"ListItem","position":2,"name":"Loja","item":"https:\/\/autobarbosa.com\/"},{"@type":"ListItem","position":3,"name":"FILTRO DE AR GREEN PEUG. 208 R2"}]},{"@type":"WebSite","@id":"https:\/\/autobarbosa.com\/es\/#website","url":"https:\/\/autobarbosa.com\/es\/","name":"Auto Barbosa","description":"Site institucional","publisher":{"@id":"https:\/\/autobarbosa.com\/es\/#organization"},"potentialAction":[{"@type":"SearchAction","target":{"@type":"EntryPoint","urlTemplate":"https:\/\/autobarbosa.com\/es\/?s={search_term_string}"},"query-input":"required name=search_term_string"}],"inLanguage":"es"},{"@type":"Organization","@id":"https:\/\/autobarbosa.com\/es\/#organization","name":"Auto Barbosa","url":"https:\/\/autobarbosa.com\/es\/","logo":{"@type":"ImageObject","inLanguage":"es","@id":"https:\/\/autobarbosa.com\/es\/#\/schema\/logo\/image\/","url":"https:\/\/autobarbosa.com\/wp-content\/uploads\/2023\/03\/AUTO-BARBOSA-LOGO-1-e1678715539111.png","contentUrl":"https:\/\/autobarbosa.com\/wp-content\/uploads\/2023\/03\/AUTO-BARBOSA-LOGO-1-e1678715539111.png","width":3233,"height":3233,"caption":"Auto Barbosa"},"image":{"@id":"https:\/\/autobarbosa.com\/es\/#\/schema\/logo\/image\/"},"sameAs":["https:\/\/www.facebook.com\/autobarbosaoficina","https:\/\/www.instagram.com\/autobarbosa.oficina\/"]}]}},"_links":{"self":[{"href":"https:\/\/autobarbosa.com\/es\/wp-json\/wp\/v3\/product\/18581","targetHints":{"allow":["GET"]}}],"collection":[{"href":"https:\/\/autobarbosa.com\/es\/wp-json\/wp\/v3\/product"}],"about":[{"href":"https:\/\/autobarbosa.com\/es\/wp-json\/wp\/v2\/types\/product"}],"wp:featuredmedia":[{"embeddable":true,"href":"https:\/\/autobarbosa.com\/es\/wp-json\/wp\/v2\/media\/18577"}],"wp:attachment":[{"href":"https:\/\/autobarbosa.com\/es\/wp-json\/wp\/v2\/media?parent=18581"}],"wp:term":[{"taxonomy":"product_cat","embeddable":true,"href":"https:\/\/autobarbosa.com\/es\/wp-json\/wp\/v2\/product_cat?post=18581"},{"taxonomy":"product_tag","embeddable":true,"href":"https:\/\/autobarbosa.com\/es\/wp-json\/wp\/v2\/product_tag?post=18581"},{"taxonomy":"marca","embeddable":true,"href":"https:\/\/autobarbosa.com\/es\/wp-json\/wp\/v2\/marca?post=18581"}],"curies":[{"name":"wp","href":"https:\/\/api.w.org\/{rel}","templated":true}]}}