{"id":19021,"date":"2025-11-26T07:08:44","date_gmt":"2025-11-26T08:08:44","guid":{"rendered":"https:\/\/autobarbosa.com\/produto\/sistema-hans-club-serie-3-sz-m\/"},"modified":"2026-04-30T19:08:28","modified_gmt":"2026-04-30T19:08:28","slug":"sistema-hans-club-serie-3-sz-m","status":"publish","type":"product","link":"https:\/\/autobarbosa.com\/es\/produto\/sistema-hans-club-serie-3-sz-m\/","title":{"rendered":"SISTEMA HANS CLUB SERIE 3 SZ M"},"content":{"rendered":"<p>Sistema HANS\u00ae Club Series 3<\/p>\n<p>Descubra o FHR HANS\u00ae Club Series 3, o best-seller essencial de sistemas HANS\/FHR para seguran\u00e7a no automobilismo. Mais leve que o modelo Sport Series, o Club Series 3 destaca-se como a melhor escolha para pilotos, qualquer que seja o seu n\u00edvel.<\/p>\n<p>Projetado para oferecer prote\u00e7\u00e3o ideal, este sistema HANS\u00ae \u00e9 perfeitamente adequado para todas as disciplinas do automobilismo: rally, circuito, subida de colina, drift e muito mais. Seja voc\u00ea amador ou profissional, escolha o HANS\u00ae Club Series 3, sin\u00f4nimo de desempenho, leveza e seguran\u00e7a.<\/p>\n<p>Material: Resina termopl\u00e1stica injetada.<br \/>\nPeso: 640g.<br \/>\nInclina\u00e7\u00e3o: 20\u00b0.<br \/>\nTamanhos: M, L.<br \/>\nAprova\u00e7\u00e3o: FIA 8858-2010<\/p>\n<p>Como escolho meu sistema Hans\u00ae \/ FHR?<\/p>\n<p>Prepare-se previamente com a cinta de pesco\u00e7o e tamb\u00e9m com o grau de inclina\u00e7\u00e3o do assento, escolhido de acordo com a sua posi\u00e7\u00e3o de condu\u00e7\u00e3o.<\/p>\n<p>2 larguras:<br \/>\n&#8211; M\u00e9dia: Decote entre 38 e 45,5 cm (15 a 18 polegadas).<br \/>\n&#8211; Grande: Decote superior a 45,5 cm (18 polegadas).<\/p>\n<p>Vem com estofamento preto, al\u00e7a deslizante e capa protetora.<br \/>\nPreenchimentos de cor azul, amarelo, vermelho ou laranja vendidos separadamente.<\/p>\n","protected":false},"excerpt":{"rendered":"<p>Sistema HANS\u00ae Club Series 3<\/p>\n<p>Descubra o FHR HANS\u00ae Club Series 3, o best-seller essencial de sistemas HANS\/FHR para seguran\u00e7a no automobilismo. Mais leve que o modelo Sport Series, o Club Series 3 destaca-se como a melhor escolha para pilotos, qualquer que seja o seu n\u00edvel.<\/p>\n<p>Projetado para oferecer prote\u00e7\u00e3o ideal, este sistema HANS\u00ae \u00e9 perfeitamente adequado para todas as disciplinas do automobilismo: rally, circuito, subida de colina, drift e muito mais. Seja voc\u00ea amador ou profissional, escolha o HANS\u00ae Club Series 3, sin\u00f4nimo de desempenho, leveza e seguran\u00e7a.<\/p>\n<p>Material: Resina termopl\u00e1stica injetada.<br \/>\nPeso: 640g.<br \/>\nInclina\u00e7\u00e3o: 20\u00b0.<br \/>\nTamanhos: M, L.<br \/>\nAprova\u00e7\u00e3o: FIA 8858-2010<\/p>\n<p>Como escolho meu sistema Hans\u00ae \/ FHR?<\/p>\n<p>Prepare-se previamente com a cinta de pesco\u00e7o e tamb\u00e9m com o grau de inclina\u00e7\u00e3o do assento, escolhido de acordo com a sua posi\u00e7\u00e3o de condu\u00e7\u00e3o.<\/p>\n<p>2 larguras:<br \/>\n&#8211; M\u00e9dia: Decote entre 38 e 45,5 cm (15 a 18 polegadas).<br \/>\n&#8211; Grande: Decote superior a 45,5 cm (18 polegadas).<\/p>\n<p>Vem com estofamento preto, al\u00e7a deslizante e capa protetora.<br \/>\nPreenchimentos de cor azul, amarelo, vermelho ou laranja vendidos separadamente.<\/p>\n","protected":false},"featured_media":19017,"template":"","meta":[],"product_cat":[528,532],"product_tag":[],"marca":[161],"class_list":["post-19021","product","type-product","status-publish","has-post-thumbnail","hentry","product_cat-piloto","product_cat-sistema-hans","marca-stand-21"],"yoast_head":"<!-- This site is optimized with the Yoast SEO plugin v20.5 - https:\/\/yoast.com\/wordpress\/plugins\/seo\/ -->\n<title>SISTEMA HANS CLUB SERIE 3 SZ M - Auto Barbosa<\/title>\n<meta name=\"robots\" content=\"index, follow, max-snippet:-1, max-image-preview:large, max-video-preview:-1\" \/>\n<link rel=\"canonical\" href=\"https:\/\/autobarbosa.com\/es\/produto\/sistema-hans-club-serie-3-sz-m\/\" \/>\n<meta property=\"og:locale\" content=\"es_ES\" \/>\n<meta property=\"og:type\" content=\"article\" \/>\n<meta property=\"og:title\" content=\"SISTEMA HANS CLUB SERIE 3 SZ M - Auto Barbosa\" \/>\n<meta property=\"og:description\" content=\"Sistema HANS\u00ae Club Series 3  Descubra o FHR HANS\u00ae Club Series 3, o best-seller essencial de sistemas HANS\/FHR para seguran\u00e7a no automobilismo. Mais leve que o modelo Sport Series, o Club Series 3 destaca-se como a melhor escolha para pilotos, qualquer que seja o seu n\u00edvel.  Projetado para oferecer prote\u00e7\u00e3o ideal, este sistema HANS\u00ae \u00e9 perfeitamente adequado para todas as disciplinas do automobilismo: rally, circuito, subida de colina, drift e muito mais. Seja voc\u00ea amador ou profissional, escolha o HANS\u00ae Club Series 3, sin\u00f4nimo de desempenho, leveza e seguran\u00e7a.  Material: Resina termopl\u00e1stica injetada. Peso: 640g. Inclina\u00e7\u00e3o: 20\u00b0. Tamanhos: M, L. Aprova\u00e7\u00e3o: FIA 8858-2010  Como escolho meu sistema Hans\u00ae \/ FHR?  Prepare-se previamente com a cinta de pesco\u00e7o e tamb\u00e9m com o grau de inclina\u00e7\u00e3o do assento, escolhido de acordo com a sua posi\u00e7\u00e3o de condu\u00e7\u00e3o.  2 larguras: - M\u00e9dia: Decote entre 38 e 45,5 cm (15 a 18 polegadas). - Grande: Decote superior a 45,5 cm (18 polegadas).  Vem com estofamento preto, al\u00e7a deslizante e capa protetora. Preenchimentos de cor azul, amarelo, vermelho ou laranja vendidos separadamente.\" \/>\n<meta property=\"og:url\" content=\"https:\/\/autobarbosa.com\/es\/produto\/sistema-hans-club-serie-3-sz-m\/\" \/>\n<meta property=\"og:site_name\" content=\"Auto Barbosa\" \/>\n<meta property=\"article:publisher\" content=\"https:\/\/www.facebook.com\/autobarbosaoficina\" \/>\n<meta property=\"article:modified_time\" content=\"2026-04-30T19:08:28+00:00\" \/>\n<meta property=\"og:image\" content=\"https:\/\/autobarbosa.com\/wp-content\/uploads\/2025\/11\/607h20mcs3.png\" \/>\n\t<meta property=\"og:image:width\" content=\"700\" \/>\n\t<meta property=\"og:image:height\" content=\"700\" \/>\n\t<meta property=\"og:image:type\" content=\"image\/png\" \/>\n<meta name=\"twitter:card\" content=\"summary_large_image\" \/>\n<meta name=\"twitter:label1\" content=\"Tiempo de lectura\" \/>\n\t<meta name=\"twitter:data1\" content=\"1 minuto\" \/>\n<script type=\"application\/ld+json\" class=\"yoast-schema-graph\">{\"@context\":\"https:\/\/schema.org\",\"@graph\":[{\"@type\":\"WebPage\",\"@id\":\"https:\/\/autobarbosa.com\/es\/produto\/sistema-hans-club-serie-3-sz-m\/\",\"url\":\"https:\/\/autobarbosa.com\/es\/produto\/sistema-hans-club-serie-3-sz-m\/\",\"name\":\"SISTEMA HANS CLUB SERIE 3 SZ M - Auto Barbosa\",\"isPartOf\":{\"@id\":\"https:\/\/autobarbosa.com\/es\/#website\"},\"datePublished\":\"2025-11-26T08:08:44+00:00\",\"dateModified\":\"2026-04-30T19:08:28+00:00\",\"breadcrumb\":{\"@id\":\"https:\/\/autobarbosa.com\/es\/produto\/sistema-hans-club-serie-3-sz-m\/#breadcrumb\"},\"inLanguage\":\"es\",\"potentialAction\":[{\"@type\":\"ReadAction\",\"target\":[\"https:\/\/autobarbosa.com\/es\/produto\/sistema-hans-club-serie-3-sz-m\/\"]}]},{\"@type\":\"BreadcrumbList\",\"@id\":\"https:\/\/autobarbosa.com\/es\/produto\/sistema-hans-club-serie-3-sz-m\/#breadcrumb\",\"itemListElement\":[{\"@type\":\"ListItem\",\"position\":1,\"name\":\"In\u00edcio\",\"item\":\"https:\/\/autobarbosa.com\/es\/\"},{\"@type\":\"ListItem\",\"position\":2,\"name\":\"Loja\",\"item\":\"https:\/\/autobarbosa.com\/\"},{\"@type\":\"ListItem\",\"position\":3,\"name\":\"SISTEMA HANS CLUB SERIE 3 SZ M\"}]},{\"@type\":\"WebSite\",\"@id\":\"https:\/\/autobarbosa.com\/es\/#website\",\"url\":\"https:\/\/autobarbosa.com\/es\/\",\"name\":\"Auto Barbosa\",\"description\":\"Site institucional\",\"publisher\":{\"@id\":\"https:\/\/autobarbosa.com\/es\/#organization\"},\"potentialAction\":[{\"@type\":\"SearchAction\",\"target\":{\"@type\":\"EntryPoint\",\"urlTemplate\":\"https:\/\/autobarbosa.com\/es\/?s={search_term_string}\"},\"query-input\":\"required name=search_term_string\"}],\"inLanguage\":\"es\"},{\"@type\":\"Organization\",\"@id\":\"https:\/\/autobarbosa.com\/es\/#organization\",\"name\":\"Auto Barbosa\",\"url\":\"https:\/\/autobarbosa.com\/es\/\",\"logo\":{\"@type\":\"ImageObject\",\"inLanguage\":\"es\",\"@id\":\"https:\/\/autobarbosa.com\/es\/#\/schema\/logo\/image\/\",\"url\":\"https:\/\/autobarbosa.com\/wp-content\/uploads\/2023\/03\/AUTO-BARBOSA-LOGO-1-e1678715539111.png\",\"contentUrl\":\"https:\/\/autobarbosa.com\/wp-content\/uploads\/2023\/03\/AUTO-BARBOSA-LOGO-1-e1678715539111.png\",\"width\":3233,\"height\":3233,\"caption\":\"Auto Barbosa\"},\"image\":{\"@id\":\"https:\/\/autobarbosa.com\/es\/#\/schema\/logo\/image\/\"},\"sameAs\":[\"https:\/\/www.facebook.com\/autobarbosaoficina\",\"https:\/\/www.instagram.com\/autobarbosa.oficina\/\"]}]}<\/script>\n<!-- \/ Yoast SEO plugin. -->","yoast_head_json":{"title":"SISTEMA HANS CLUB SERIE 3 SZ M - Auto Barbosa","robots":{"index":"index","follow":"follow","max-snippet":"max-snippet:-1","max-image-preview":"max-image-preview:large","max-video-preview":"max-video-preview:-1"},"canonical":"https:\/\/autobarbosa.com\/es\/produto\/sistema-hans-club-serie-3-sz-m\/","og_locale":"es_ES","og_type":"article","og_title":"SISTEMA HANS CLUB SERIE 3 SZ M - Auto Barbosa","og_description":"Sistema HANS\u00ae Club Series 3  Descubra o FHR HANS\u00ae Club Series 3, o best-seller essencial de sistemas HANS\/FHR para seguran\u00e7a no automobilismo. Mais leve que o modelo Sport Series, o Club Series 3 destaca-se como a melhor escolha para pilotos, qualquer que seja o seu n\u00edvel.  Projetado para oferecer prote\u00e7\u00e3o ideal, este sistema HANS\u00ae \u00e9 perfeitamente adequado para todas as disciplinas do automobilismo: rally, circuito, subida de colina, drift e muito mais. Seja voc\u00ea amador ou profissional, escolha o HANS\u00ae Club Series 3, sin\u00f4nimo de desempenho, leveza e seguran\u00e7a.  Material: Resina termopl\u00e1stica injetada. Peso: 640g. Inclina\u00e7\u00e3o: 20\u00b0. Tamanhos: M, L. Aprova\u00e7\u00e3o: FIA 8858-2010  Como escolho meu sistema Hans\u00ae \/ FHR?  Prepare-se previamente com a cinta de pesco\u00e7o e tamb\u00e9m com o grau de inclina\u00e7\u00e3o do assento, escolhido de acordo com a sua posi\u00e7\u00e3o de condu\u00e7\u00e3o.  2 larguras: - M\u00e9dia: Decote entre 38 e 45,5 cm (15 a 18 polegadas). - Grande: Decote superior a 45,5 cm (18 polegadas).  Vem com estofamento preto, al\u00e7a deslizante e capa protetora. Preenchimentos de cor azul, amarelo, vermelho ou laranja vendidos separadamente.","og_url":"https:\/\/autobarbosa.com\/es\/produto\/sistema-hans-club-serie-3-sz-m\/","og_site_name":"Auto Barbosa","article_publisher":"https:\/\/www.facebook.com\/autobarbosaoficina","article_modified_time":"2026-04-30T19:08:28+00:00","og_image":[{"width":700,"height":700,"url":"https:\/\/autobarbosa.com\/wp-content\/uploads\/2025\/11\/607h20mcs3.png","type":"image\/png"}],"twitter_card":"summary_large_image","twitter_misc":{"Tiempo de lectura":"1 minuto"},"schema":{"@context":"https:\/\/schema.org","@graph":[{"@type":"WebPage","@id":"https:\/\/autobarbosa.com\/es\/produto\/sistema-hans-club-serie-3-sz-m\/","url":"https:\/\/autobarbosa.com\/es\/produto\/sistema-hans-club-serie-3-sz-m\/","name":"SISTEMA HANS CLUB SERIE 3 SZ M - Auto Barbosa","isPartOf":{"@id":"https:\/\/autobarbosa.com\/es\/#website"},"datePublished":"2025-11-26T08:08:44+00:00","dateModified":"2026-04-30T19:08:28+00:00","breadcrumb":{"@id":"https:\/\/autobarbosa.com\/es\/produto\/sistema-hans-club-serie-3-sz-m\/#breadcrumb"},"inLanguage":"es","potentialAction":[{"@type":"ReadAction","target":["https:\/\/autobarbosa.com\/es\/produto\/sistema-hans-club-serie-3-sz-m\/"]}]},{"@type":"BreadcrumbList","@id":"https:\/\/autobarbosa.com\/es\/produto\/sistema-hans-club-serie-3-sz-m\/#breadcrumb","itemListElement":[{"@type":"ListItem","position":1,"name":"In\u00edcio","item":"https:\/\/autobarbosa.com\/es\/"},{"@type":"ListItem","position":2,"name":"Loja","item":"https:\/\/autobarbosa.com\/"},{"@type":"ListItem","position":3,"name":"SISTEMA HANS CLUB SERIE 3 SZ M"}]},{"@type":"WebSite","@id":"https:\/\/autobarbosa.com\/es\/#website","url":"https:\/\/autobarbosa.com\/es\/","name":"Auto Barbosa","description":"Site institucional","publisher":{"@id":"https:\/\/autobarbosa.com\/es\/#organization"},"potentialAction":[{"@type":"SearchAction","target":{"@type":"EntryPoint","urlTemplate":"https:\/\/autobarbosa.com\/es\/?s={search_term_string}"},"query-input":"required name=search_term_string"}],"inLanguage":"es"},{"@type":"Organization","@id":"https:\/\/autobarbosa.com\/es\/#organization","name":"Auto Barbosa","url":"https:\/\/autobarbosa.com\/es\/","logo":{"@type":"ImageObject","inLanguage":"es","@id":"https:\/\/autobarbosa.com\/es\/#\/schema\/logo\/image\/","url":"https:\/\/autobarbosa.com\/wp-content\/uploads\/2023\/03\/AUTO-BARBOSA-LOGO-1-e1678715539111.png","contentUrl":"https:\/\/autobarbosa.com\/wp-content\/uploads\/2023\/03\/AUTO-BARBOSA-LOGO-1-e1678715539111.png","width":3233,"height":3233,"caption":"Auto Barbosa"},"image":{"@id":"https:\/\/autobarbosa.com\/es\/#\/schema\/logo\/image\/"},"sameAs":["https:\/\/www.facebook.com\/autobarbosaoficina","https:\/\/www.instagram.com\/autobarbosa.oficina\/"]}]}},"_links":{"self":[{"href":"https:\/\/autobarbosa.com\/es\/wp-json\/wp\/v3\/product\/19021","targetHints":{"allow":["GET"]}}],"collection":[{"href":"https:\/\/autobarbosa.com\/es\/wp-json\/wp\/v3\/product"}],"about":[{"href":"https:\/\/autobarbosa.com\/es\/wp-json\/wp\/v2\/types\/product"}],"wp:featuredmedia":[{"embeddable":true,"href":"https:\/\/autobarbosa.com\/es\/wp-json\/wp\/v2\/media\/19017"}],"wp:attachment":[{"href":"https:\/\/autobarbosa.com\/es\/wp-json\/wp\/v2\/media?parent=19021"}],"wp:term":[{"taxonomy":"product_cat","embeddable":true,"href":"https:\/\/autobarbosa.com\/es\/wp-json\/wp\/v2\/product_cat?post=19021"},{"taxonomy":"product_tag","embeddable":true,"href":"https:\/\/autobarbosa.com\/es\/wp-json\/wp\/v2\/product_tag?post=19021"},{"taxonomy":"marca","embeddable":true,"href":"https:\/\/autobarbosa.com\/es\/wp-json\/wp\/v2\/marca?post=19021"}],"curies":[{"name":"wp","href":"https:\/\/api.w.org\/{rel}","templated":true}]}}