{"id":19109,"date":"2025-11-26T07:09:07","date_gmt":"2025-11-26T08:09:07","guid":{"rendered":"https:\/\/autobarbosa.com\/produto\/mochila-stilo-zainetto-co-piloto\/"},"modified":"2026-04-29T19:08:40","modified_gmt":"2026-04-29T19:08:40","slug":"mochila-stilo-zainetto-co-piloto","status":"publish","type":"product","link":"https:\/\/autobarbosa.com\/es\/produto\/mochila-stilo-zainetto-co-piloto\/","title":{"rendered":"MOCHILA STILO ZAINETTO &#8211; CO-PILOTO"},"content":{"rendered":"<p>Mochila STILO Zainetto<\/p>\n<p>Mochila essencial para carregar todos os seus itens essenciais.<br \/>\nFeita de tecido oxford de poli\u00e9ster dur\u00e1vel, esta bolsa possui v\u00e1rios compartimentos projetados com pain\u00e9is de espuma para prote\u00e7\u00e3o adicional.<br \/>\nO painel traseiro \u00e9 acolchoado para maior conforto de uso e as al\u00e7as de ombro e tronco s\u00e3o ergon\u00f4micas e ajust\u00e1veis.<\/p>\n<p>Compartimento para laptop de 15&#8243; (comporta objetos de at\u00e9 43 cm)<br \/>\nPain\u00e9is de espuma integrados para melhor prote\u00e7\u00e3o<br \/>\nBolso especial para tablet<br \/>\nCompartimento antiesmagamento separado para seus \u00f3culos ou qualquer outro objeto fr\u00e1gil<br \/>\nV\u00e1rios bolsos nas laterais e na frente da bolsa<br \/>\nPainel acolchoado nas costas para maior conforto<br \/>\nAl\u00e7a regul\u00e1vel<\/p>\n<p>Dim.: (C) 40 x (L) 20 x (A) 46 cm.<br \/>\nPeso: 1200g<\/p>\n","protected":false},"excerpt":{"rendered":"<p>Mochila STILO Zainetto<\/p>\n<p>Mochila essencial para carregar todos os seus itens essenciais.<br \/>\nFeita de tecido oxford de poli\u00e9ster dur\u00e1vel, esta bolsa possui v\u00e1rios compartimentos projetados com pain\u00e9is de espuma para prote\u00e7\u00e3o adicional.<br \/>\nO painel traseiro \u00e9 acolchoado para maior conforto de uso e as al\u00e7as de ombro e tronco s\u00e3o ergon\u00f4micas e ajust\u00e1veis.<\/p>\n<p>Compartimento para laptop de 15&#8243; (comporta objetos de at\u00e9 43 cm)<br \/>\nPain\u00e9is de espuma integrados para melhor prote\u00e7\u00e3o<br \/>\nBolso especial para tablet<br \/>\nCompartimento antiesmagamento separado para seus \u00f3culos ou qualquer outro objeto fr\u00e1gil<br \/>\nV\u00e1rios bolsos nas laterais e na frente da bolsa<br \/>\nPainel acolchoado nas costas para maior conforto<br \/>\nAl\u00e7a regul\u00e1vel<\/p>\n<p>Dim.: (C) 40 x (L) 20 x (A) 46 cm.<br \/>\nPeso: 1200g<\/p>\n","protected":false},"featured_media":19105,"template":"","meta":[],"product_cat":[528,534],"product_tag":[],"marca":[160],"class_list":["post-19109","product","type-product","status-publish","has-post-thumbnail","hentry","product_cat-piloto","product_cat-co-piloto","marca-stilo"],"yoast_head":"<!-- This site is optimized with the Yoast SEO plugin v20.5 - https:\/\/yoast.com\/wordpress\/plugins\/seo\/ -->\n<title>MOCHILA STILO ZAINETTO - CO-PILOTO - Auto Barbosa<\/title>\n<meta name=\"robots\" content=\"index, follow, max-snippet:-1, max-image-preview:large, max-video-preview:-1\" \/>\n<link rel=\"canonical\" href=\"https:\/\/autobarbosa.com\/es\/produto\/mochila-stilo-zainetto-co-piloto\/\" \/>\n<meta property=\"og:locale\" content=\"es_ES\" \/>\n<meta property=\"og:type\" content=\"article\" \/>\n<meta property=\"og:title\" content=\"MOCHILA STILO ZAINETTO - CO-PILOTO - Auto Barbosa\" \/>\n<meta property=\"og:description\" content=\"Mochila STILO Zainetto   Mochila essencial para carregar todos os seus itens essenciais. Feita de tecido oxford de poli\u00e9ster dur\u00e1vel, esta bolsa possui v\u00e1rios compartimentos projetados com pain\u00e9is de espuma para prote\u00e7\u00e3o adicional. O painel traseiro \u00e9 acolchoado para maior conforto de uso e as al\u00e7as de ombro e tronco s\u00e3o ergon\u00f4micas e ajust\u00e1veis.   Compartimento para laptop de 15&quot; (comporta objetos de at\u00e9 43 cm) Pain\u00e9is de espuma integrados para melhor prote\u00e7\u00e3o Bolso especial para tablet Compartimento antiesmagamento separado para seus \u00f3culos ou qualquer outro objeto fr\u00e1gil V\u00e1rios bolsos nas laterais e na frente da bolsa Painel acolchoado nas costas para maior conforto Al\u00e7a regul\u00e1vel  Dim.: (C) 40 x (L) 20 x (A) 46 cm. Peso: 1200g\" \/>\n<meta property=\"og:url\" content=\"https:\/\/autobarbosa.com\/es\/produto\/mochila-stilo-zainetto-co-piloto\/\" \/>\n<meta property=\"og:site_name\" content=\"Auto Barbosa\" \/>\n<meta property=\"article:publisher\" content=\"https:\/\/www.facebook.com\/autobarbosaoficina\" \/>\n<meta property=\"article:modified_time\" content=\"2026-04-29T19:08:40+00:00\" \/>\n<meta property=\"og:image\" content=\"https:\/\/autobarbosa.com\/wp-content\/uploads\/2025\/11\/607yy0045.png\" \/>\n\t<meta property=\"og:image:width\" content=\"800\" \/>\n\t<meta property=\"og:image:height\" content=\"800\" \/>\n\t<meta property=\"og:image:type\" content=\"image\/png\" \/>\n<meta name=\"twitter:card\" content=\"summary_large_image\" \/>\n<meta name=\"twitter:label1\" content=\"Tiempo de lectura\" \/>\n\t<meta name=\"twitter:data1\" content=\"1 minuto\" \/>\n<script type=\"application\/ld+json\" class=\"yoast-schema-graph\">{\"@context\":\"https:\/\/schema.org\",\"@graph\":[{\"@type\":\"WebPage\",\"@id\":\"https:\/\/autobarbosa.com\/es\/produto\/mochila-stilo-zainetto-co-piloto\/\",\"url\":\"https:\/\/autobarbosa.com\/es\/produto\/mochila-stilo-zainetto-co-piloto\/\",\"name\":\"MOCHILA STILO ZAINETTO - CO-PILOTO - Auto Barbosa\",\"isPartOf\":{\"@id\":\"https:\/\/autobarbosa.com\/es\/#website\"},\"datePublished\":\"2025-11-26T08:09:07+00:00\",\"dateModified\":\"2026-04-29T19:08:40+00:00\",\"breadcrumb\":{\"@id\":\"https:\/\/autobarbosa.com\/es\/produto\/mochila-stilo-zainetto-co-piloto\/#breadcrumb\"},\"inLanguage\":\"es\",\"potentialAction\":[{\"@type\":\"ReadAction\",\"target\":[\"https:\/\/autobarbosa.com\/es\/produto\/mochila-stilo-zainetto-co-piloto\/\"]}]},{\"@type\":\"BreadcrumbList\",\"@id\":\"https:\/\/autobarbosa.com\/es\/produto\/mochila-stilo-zainetto-co-piloto\/#breadcrumb\",\"itemListElement\":[{\"@type\":\"ListItem\",\"position\":1,\"name\":\"In\u00edcio\",\"item\":\"https:\/\/autobarbosa.com\/es\/\"},{\"@type\":\"ListItem\",\"position\":2,\"name\":\"Loja\",\"item\":\"https:\/\/autobarbosa.com\/\"},{\"@type\":\"ListItem\",\"position\":3,\"name\":\"MOCHILA STILO ZAINETTO &#8211; CO-PILOTO\"}]},{\"@type\":\"WebSite\",\"@id\":\"https:\/\/autobarbosa.com\/es\/#website\",\"url\":\"https:\/\/autobarbosa.com\/es\/\",\"name\":\"Auto Barbosa\",\"description\":\"Site institucional\",\"publisher\":{\"@id\":\"https:\/\/autobarbosa.com\/es\/#organization\"},\"potentialAction\":[{\"@type\":\"SearchAction\",\"target\":{\"@type\":\"EntryPoint\",\"urlTemplate\":\"https:\/\/autobarbosa.com\/es\/?s={search_term_string}\"},\"query-input\":\"required name=search_term_string\"}],\"inLanguage\":\"es\"},{\"@type\":\"Organization\",\"@id\":\"https:\/\/autobarbosa.com\/es\/#organization\",\"name\":\"Auto Barbosa\",\"url\":\"https:\/\/autobarbosa.com\/es\/\",\"logo\":{\"@type\":\"ImageObject\",\"inLanguage\":\"es\",\"@id\":\"https:\/\/autobarbosa.com\/es\/#\/schema\/logo\/image\/\",\"url\":\"https:\/\/autobarbosa.com\/wp-content\/uploads\/2023\/03\/AUTO-BARBOSA-LOGO-1-e1678715539111.png\",\"contentUrl\":\"https:\/\/autobarbosa.com\/wp-content\/uploads\/2023\/03\/AUTO-BARBOSA-LOGO-1-e1678715539111.png\",\"width\":3233,\"height\":3233,\"caption\":\"Auto Barbosa\"},\"image\":{\"@id\":\"https:\/\/autobarbosa.com\/es\/#\/schema\/logo\/image\/\"},\"sameAs\":[\"https:\/\/www.facebook.com\/autobarbosaoficina\",\"https:\/\/www.instagram.com\/autobarbosa.oficina\/\"]}]}<\/script>\n<!-- \/ Yoast SEO plugin. -->","yoast_head_json":{"title":"MOCHILA STILO ZAINETTO - CO-PILOTO - Auto Barbosa","robots":{"index":"index","follow":"follow","max-snippet":"max-snippet:-1","max-image-preview":"max-image-preview:large","max-video-preview":"max-video-preview:-1"},"canonical":"https:\/\/autobarbosa.com\/es\/produto\/mochila-stilo-zainetto-co-piloto\/","og_locale":"es_ES","og_type":"article","og_title":"MOCHILA STILO ZAINETTO - CO-PILOTO - Auto Barbosa","og_description":"Mochila STILO Zainetto   Mochila essencial para carregar todos os seus itens essenciais. Feita de tecido oxford de poli\u00e9ster dur\u00e1vel, esta bolsa possui v\u00e1rios compartimentos projetados com pain\u00e9is de espuma para prote\u00e7\u00e3o adicional. O painel traseiro \u00e9 acolchoado para maior conforto de uso e as al\u00e7as de ombro e tronco s\u00e3o ergon\u00f4micas e ajust\u00e1veis.   Compartimento para laptop de 15\" (comporta objetos de at\u00e9 43 cm) Pain\u00e9is de espuma integrados para melhor prote\u00e7\u00e3o Bolso especial para tablet Compartimento antiesmagamento separado para seus \u00f3culos ou qualquer outro objeto fr\u00e1gil V\u00e1rios bolsos nas laterais e na frente da bolsa Painel acolchoado nas costas para maior conforto Al\u00e7a regul\u00e1vel  Dim.: (C) 40 x (L) 20 x (A) 46 cm. Peso: 1200g","og_url":"https:\/\/autobarbosa.com\/es\/produto\/mochila-stilo-zainetto-co-piloto\/","og_site_name":"Auto Barbosa","article_publisher":"https:\/\/www.facebook.com\/autobarbosaoficina","article_modified_time":"2026-04-29T19:08:40+00:00","og_image":[{"width":800,"height":800,"url":"https:\/\/autobarbosa.com\/wp-content\/uploads\/2025\/11\/607yy0045.png","type":"image\/png"}],"twitter_card":"summary_large_image","twitter_misc":{"Tiempo de lectura":"1 minuto"},"schema":{"@context":"https:\/\/schema.org","@graph":[{"@type":"WebPage","@id":"https:\/\/autobarbosa.com\/es\/produto\/mochila-stilo-zainetto-co-piloto\/","url":"https:\/\/autobarbosa.com\/es\/produto\/mochila-stilo-zainetto-co-piloto\/","name":"MOCHILA STILO ZAINETTO - CO-PILOTO - Auto Barbosa","isPartOf":{"@id":"https:\/\/autobarbosa.com\/es\/#website"},"datePublished":"2025-11-26T08:09:07+00:00","dateModified":"2026-04-29T19:08:40+00:00","breadcrumb":{"@id":"https:\/\/autobarbosa.com\/es\/produto\/mochila-stilo-zainetto-co-piloto\/#breadcrumb"},"inLanguage":"es","potentialAction":[{"@type":"ReadAction","target":["https:\/\/autobarbosa.com\/es\/produto\/mochila-stilo-zainetto-co-piloto\/"]}]},{"@type":"BreadcrumbList","@id":"https:\/\/autobarbosa.com\/es\/produto\/mochila-stilo-zainetto-co-piloto\/#breadcrumb","itemListElement":[{"@type":"ListItem","position":1,"name":"In\u00edcio","item":"https:\/\/autobarbosa.com\/es\/"},{"@type":"ListItem","position":2,"name":"Loja","item":"https:\/\/autobarbosa.com\/"},{"@type":"ListItem","position":3,"name":"MOCHILA STILO ZAINETTO &#8211; CO-PILOTO"}]},{"@type":"WebSite","@id":"https:\/\/autobarbosa.com\/es\/#website","url":"https:\/\/autobarbosa.com\/es\/","name":"Auto Barbosa","description":"Site institucional","publisher":{"@id":"https:\/\/autobarbosa.com\/es\/#organization"},"potentialAction":[{"@type":"SearchAction","target":{"@type":"EntryPoint","urlTemplate":"https:\/\/autobarbosa.com\/es\/?s={search_term_string}"},"query-input":"required name=search_term_string"}],"inLanguage":"es"},{"@type":"Organization","@id":"https:\/\/autobarbosa.com\/es\/#organization","name":"Auto Barbosa","url":"https:\/\/autobarbosa.com\/es\/","logo":{"@type":"ImageObject","inLanguage":"es","@id":"https:\/\/autobarbosa.com\/es\/#\/schema\/logo\/image\/","url":"https:\/\/autobarbosa.com\/wp-content\/uploads\/2023\/03\/AUTO-BARBOSA-LOGO-1-e1678715539111.png","contentUrl":"https:\/\/autobarbosa.com\/wp-content\/uploads\/2023\/03\/AUTO-BARBOSA-LOGO-1-e1678715539111.png","width":3233,"height":3233,"caption":"Auto Barbosa"},"image":{"@id":"https:\/\/autobarbosa.com\/es\/#\/schema\/logo\/image\/"},"sameAs":["https:\/\/www.facebook.com\/autobarbosaoficina","https:\/\/www.instagram.com\/autobarbosa.oficina\/"]}]}},"_links":{"self":[{"href":"https:\/\/autobarbosa.com\/es\/wp-json\/wp\/v3\/product\/19109","targetHints":{"allow":["GET"]}}],"collection":[{"href":"https:\/\/autobarbosa.com\/es\/wp-json\/wp\/v3\/product"}],"about":[{"href":"https:\/\/autobarbosa.com\/es\/wp-json\/wp\/v2\/types\/product"}],"wp:featuredmedia":[{"embeddable":true,"href":"https:\/\/autobarbosa.com\/es\/wp-json\/wp\/v2\/media\/19105"}],"wp:attachment":[{"href":"https:\/\/autobarbosa.com\/es\/wp-json\/wp\/v2\/media?parent=19109"}],"wp:term":[{"taxonomy":"product_cat","embeddable":true,"href":"https:\/\/autobarbosa.com\/es\/wp-json\/wp\/v2\/product_cat?post=19109"},{"taxonomy":"product_tag","embeddable":true,"href":"https:\/\/autobarbosa.com\/es\/wp-json\/wp\/v2\/product_tag?post=19109"},{"taxonomy":"marca","embeddable":true,"href":"https:\/\/autobarbosa.com\/es\/wp-json\/wp\/v2\/marca?post=19109"}],"curies":[{"name":"wp","href":"https:\/\/api.w.org\/{rel}","templated":true}]}}