{"id":19229,"date":"2025-11-26T07:09:40","date_gmt":"2025-11-26T08:09:40","guid":{"rendered":"https:\/\/autobarbosa.com\/produto\/volante-turn-one-nike-d350-preto-70mm-profundidade\/"},"modified":"2026-04-15T07:08:20","modified_gmt":"2026-04-15T07:08:20","slug":"volante-turn-one-nike-d350-preto-70mm-profundidade","status":"publish","type":"product","link":"https:\/\/autobarbosa.com\/es\/produto\/volante-turn-one-nike-d350-preto-70mm-profundidade\/","title":{"rendered":"VOLANTE TURN ONE NIKE &#8211; D350 PRETO 70MM (profundidade)"},"content":{"rendered":"<p>Volante Nike TURN ONE em shearling<\/p>\n<p>Volante de 3 raios com excelente rigidez<\/p>\n<p>Caracter\u00edsticas t\u00e9cnicas:<br \/>\n&#8211; Di\u00e2metro: 350 mm.<br \/>\n&#8211; Se\u00e7\u00e3o: Oval 32 x 26 mm.<br \/>\n&#8211; Tulipagem: 70 ou 90 mm.<br \/>\n&#8211; Material: Pele torneada.<br \/>\n&#8211; Cor do revestimento: Preto, vermelho, cinza.<br \/>\n&#8211; Cor do templo: Preto, azul anodizado, prata.<br \/>\nFeito na It\u00e1lia.<\/p>\n","protected":false},"excerpt":{"rendered":"<p>Volante Nike TURN ONE em shearling<\/p>\n<p>Volante de 3 raios com excelente rigidez<\/p>\n<p>Caracter\u00edsticas t\u00e9cnicas:<br \/>\n&#8211; Di\u00e2metro: 350 mm.<br \/>\n&#8211; Se\u00e7\u00e3o: Oval 32 x 26 mm.<br \/>\n&#8211; Tulipagem: 70 ou 90 mm.<br \/>\n&#8211; Material: Pele torneada.<br \/>\n&#8211; Cor do revestimento: Preto, vermelho, cinza.<br \/>\n&#8211; Cor do templo: Preto, azul anodizado, prata.<br \/>\nFeito na It\u00e1lia.<\/p>\n","protected":false},"featured_media":19225,"template":"","meta":[],"product_cat":[479,489,536],"product_tag":[],"marca":[163],"class_list":["post-19229","product","type-product","status-publish","has-post-thumbnail","hentry","product_cat-viatura","product_cat-habitaculo","product_cat-volantes","marca-turn-one"],"yoast_head":"<!-- This site is optimized with the Yoast SEO plugin v20.5 - https:\/\/yoast.com\/wordpress\/plugins\/seo\/ -->\n<title>VOLANTE TURN ONE NIKE - D350 PRETO 70MM (profundidade) - Auto Barbosa<\/title>\n<meta name=\"robots\" content=\"index, follow, max-snippet:-1, max-image-preview:large, max-video-preview:-1\" \/>\n<link rel=\"canonical\" href=\"https:\/\/autobarbosa.com\/es\/produto\/volante-turn-one-nike-d350-preto-70mm-profundidade\/\" \/>\n<meta property=\"og:locale\" content=\"es_ES\" \/>\n<meta property=\"og:type\" content=\"article\" \/>\n<meta property=\"og:title\" content=\"VOLANTE TURN ONE NIKE - D350 PRETO 70MM (profundidade) - Auto Barbosa\" \/>\n<meta property=\"og:description\" content=\"Volante Nike TURN ONE em shearling  Volante de 3 raios com excelente rigidez  Caracter\u00edsticas t\u00e9cnicas: - Di\u00e2metro: 350 mm. - Se\u00e7\u00e3o: Oval 32 x 26 mm. - Tulipagem: 70 ou 90 mm. - Material: Pele torneada. - Cor do revestimento: Preto, vermelho, cinza. - Cor do templo: Preto, azul anodizado, prata. Feito na It\u00e1lia.\" \/>\n<meta property=\"og:url\" content=\"https:\/\/autobarbosa.com\/es\/produto\/volante-turn-one-nike-d350-preto-70mm-profundidade\/\" \/>\n<meta property=\"og:site_name\" content=\"Auto Barbosa\" \/>\n<meta property=\"article:publisher\" content=\"https:\/\/www.facebook.com\/autobarbosaoficina\" \/>\n<meta property=\"article:modified_time\" content=\"2026-04-15T07:08:20+00:00\" \/>\n<meta property=\"og:image\" content=\"https:\/\/autobarbosa.com\/wp-content\/uploads\/2025\/11\/614014.png\" \/>\n\t<meta property=\"og:image:width\" content=\"700\" \/>\n\t<meta property=\"og:image:height\" content=\"700\" \/>\n\t<meta property=\"og:image:type\" content=\"image\/png\" \/>\n<meta name=\"twitter:card\" content=\"summary_large_image\" \/>\n<script type=\"application\/ld+json\" class=\"yoast-schema-graph\">{\"@context\":\"https:\/\/schema.org\",\"@graph\":[{\"@type\":\"WebPage\",\"@id\":\"https:\/\/autobarbosa.com\/es\/produto\/volante-turn-one-nike-d350-preto-70mm-profundidade\/\",\"url\":\"https:\/\/autobarbosa.com\/es\/produto\/volante-turn-one-nike-d350-preto-70mm-profundidade\/\",\"name\":\"VOLANTE TURN ONE NIKE - D350 PRETO 70MM (profundidade) - Auto Barbosa\",\"isPartOf\":{\"@id\":\"https:\/\/autobarbosa.com\/es\/#website\"},\"datePublished\":\"2025-11-26T08:09:40+00:00\",\"dateModified\":\"2026-04-15T07:08:20+00:00\",\"breadcrumb\":{\"@id\":\"https:\/\/autobarbosa.com\/es\/produto\/volante-turn-one-nike-d350-preto-70mm-profundidade\/#breadcrumb\"},\"inLanguage\":\"es\",\"potentialAction\":[{\"@type\":\"ReadAction\",\"target\":[\"https:\/\/autobarbosa.com\/es\/produto\/volante-turn-one-nike-d350-preto-70mm-profundidade\/\"]}]},{\"@type\":\"BreadcrumbList\",\"@id\":\"https:\/\/autobarbosa.com\/es\/produto\/volante-turn-one-nike-d350-preto-70mm-profundidade\/#breadcrumb\",\"itemListElement\":[{\"@type\":\"ListItem\",\"position\":1,\"name\":\"In\u00edcio\",\"item\":\"https:\/\/autobarbosa.com\/es\/\"},{\"@type\":\"ListItem\",\"position\":2,\"name\":\"Loja\",\"item\":\"https:\/\/autobarbosa.com\/\"},{\"@type\":\"ListItem\",\"position\":3,\"name\":\"VOLANTE TURN ONE NIKE &#8211; D350 PRETO 70MM (profundidade)\"}]},{\"@type\":\"WebSite\",\"@id\":\"https:\/\/autobarbosa.com\/es\/#website\",\"url\":\"https:\/\/autobarbosa.com\/es\/\",\"name\":\"Auto Barbosa\",\"description\":\"Site institucional\",\"publisher\":{\"@id\":\"https:\/\/autobarbosa.com\/es\/#organization\"},\"potentialAction\":[{\"@type\":\"SearchAction\",\"target\":{\"@type\":\"EntryPoint\",\"urlTemplate\":\"https:\/\/autobarbosa.com\/es\/?s={search_term_string}\"},\"query-input\":\"required name=search_term_string\"}],\"inLanguage\":\"es\"},{\"@type\":\"Organization\",\"@id\":\"https:\/\/autobarbosa.com\/es\/#organization\",\"name\":\"Auto Barbosa\",\"url\":\"https:\/\/autobarbosa.com\/es\/\",\"logo\":{\"@type\":\"ImageObject\",\"inLanguage\":\"es\",\"@id\":\"https:\/\/autobarbosa.com\/es\/#\/schema\/logo\/image\/\",\"url\":\"https:\/\/autobarbosa.com\/wp-content\/uploads\/2023\/03\/AUTO-BARBOSA-LOGO-1-e1678715539111.png\",\"contentUrl\":\"https:\/\/autobarbosa.com\/wp-content\/uploads\/2023\/03\/AUTO-BARBOSA-LOGO-1-e1678715539111.png\",\"width\":3233,\"height\":3233,\"caption\":\"Auto Barbosa\"},\"image\":{\"@id\":\"https:\/\/autobarbosa.com\/es\/#\/schema\/logo\/image\/\"},\"sameAs\":[\"https:\/\/www.facebook.com\/autobarbosaoficina\",\"https:\/\/www.instagram.com\/autobarbosa.oficina\/\"]}]}<\/script>\n<!-- \/ Yoast SEO plugin. -->","yoast_head_json":{"title":"VOLANTE TURN ONE NIKE - D350 PRETO 70MM (profundidade) - Auto Barbosa","robots":{"index":"index","follow":"follow","max-snippet":"max-snippet:-1","max-image-preview":"max-image-preview:large","max-video-preview":"max-video-preview:-1"},"canonical":"https:\/\/autobarbosa.com\/es\/produto\/volante-turn-one-nike-d350-preto-70mm-profundidade\/","og_locale":"es_ES","og_type":"article","og_title":"VOLANTE TURN ONE NIKE - D350 PRETO 70MM (profundidade) - Auto Barbosa","og_description":"Volante Nike TURN ONE em shearling  Volante de 3 raios com excelente rigidez  Caracter\u00edsticas t\u00e9cnicas: - Di\u00e2metro: 350 mm. - Se\u00e7\u00e3o: Oval 32 x 26 mm. - Tulipagem: 70 ou 90 mm. - Material: Pele torneada. - Cor do revestimento: Preto, vermelho, cinza. - Cor do templo: Preto, azul anodizado, prata. Feito na It\u00e1lia.","og_url":"https:\/\/autobarbosa.com\/es\/produto\/volante-turn-one-nike-d350-preto-70mm-profundidade\/","og_site_name":"Auto Barbosa","article_publisher":"https:\/\/www.facebook.com\/autobarbosaoficina","article_modified_time":"2026-04-15T07:08:20+00:00","og_image":[{"width":700,"height":700,"url":"https:\/\/autobarbosa.com\/wp-content\/uploads\/2025\/11\/614014.png","type":"image\/png"}],"twitter_card":"summary_large_image","schema":{"@context":"https:\/\/schema.org","@graph":[{"@type":"WebPage","@id":"https:\/\/autobarbosa.com\/es\/produto\/volante-turn-one-nike-d350-preto-70mm-profundidade\/","url":"https:\/\/autobarbosa.com\/es\/produto\/volante-turn-one-nike-d350-preto-70mm-profundidade\/","name":"VOLANTE TURN ONE NIKE - D350 PRETO 70MM (profundidade) - Auto Barbosa","isPartOf":{"@id":"https:\/\/autobarbosa.com\/es\/#website"},"datePublished":"2025-11-26T08:09:40+00:00","dateModified":"2026-04-15T07:08:20+00:00","breadcrumb":{"@id":"https:\/\/autobarbosa.com\/es\/produto\/volante-turn-one-nike-d350-preto-70mm-profundidade\/#breadcrumb"},"inLanguage":"es","potentialAction":[{"@type":"ReadAction","target":["https:\/\/autobarbosa.com\/es\/produto\/volante-turn-one-nike-d350-preto-70mm-profundidade\/"]}]},{"@type":"BreadcrumbList","@id":"https:\/\/autobarbosa.com\/es\/produto\/volante-turn-one-nike-d350-preto-70mm-profundidade\/#breadcrumb","itemListElement":[{"@type":"ListItem","position":1,"name":"In\u00edcio","item":"https:\/\/autobarbosa.com\/es\/"},{"@type":"ListItem","position":2,"name":"Loja","item":"https:\/\/autobarbosa.com\/"},{"@type":"ListItem","position":3,"name":"VOLANTE TURN ONE NIKE &#8211; D350 PRETO 70MM (profundidade)"}]},{"@type":"WebSite","@id":"https:\/\/autobarbosa.com\/es\/#website","url":"https:\/\/autobarbosa.com\/es\/","name":"Auto Barbosa","description":"Site institucional","publisher":{"@id":"https:\/\/autobarbosa.com\/es\/#organization"},"potentialAction":[{"@type":"SearchAction","target":{"@type":"EntryPoint","urlTemplate":"https:\/\/autobarbosa.com\/es\/?s={search_term_string}"},"query-input":"required name=search_term_string"}],"inLanguage":"es"},{"@type":"Organization","@id":"https:\/\/autobarbosa.com\/es\/#organization","name":"Auto Barbosa","url":"https:\/\/autobarbosa.com\/es\/","logo":{"@type":"ImageObject","inLanguage":"es","@id":"https:\/\/autobarbosa.com\/es\/#\/schema\/logo\/image\/","url":"https:\/\/autobarbosa.com\/wp-content\/uploads\/2023\/03\/AUTO-BARBOSA-LOGO-1-e1678715539111.png","contentUrl":"https:\/\/autobarbosa.com\/wp-content\/uploads\/2023\/03\/AUTO-BARBOSA-LOGO-1-e1678715539111.png","width":3233,"height":3233,"caption":"Auto Barbosa"},"image":{"@id":"https:\/\/autobarbosa.com\/es\/#\/schema\/logo\/image\/"},"sameAs":["https:\/\/www.facebook.com\/autobarbosaoficina","https:\/\/www.instagram.com\/autobarbosa.oficina\/"]}]}},"_links":{"self":[{"href":"https:\/\/autobarbosa.com\/es\/wp-json\/wp\/v3\/product\/19229","targetHints":{"allow":["GET"]}}],"collection":[{"href":"https:\/\/autobarbosa.com\/es\/wp-json\/wp\/v3\/product"}],"about":[{"href":"https:\/\/autobarbosa.com\/es\/wp-json\/wp\/v2\/types\/product"}],"wp:featuredmedia":[{"embeddable":true,"href":"https:\/\/autobarbosa.com\/es\/wp-json\/wp\/v2\/media\/19225"}],"wp:attachment":[{"href":"https:\/\/autobarbosa.com\/es\/wp-json\/wp\/v2\/media?parent=19229"}],"wp:term":[{"taxonomy":"product_cat","embeddable":true,"href":"https:\/\/autobarbosa.com\/es\/wp-json\/wp\/v2\/product_cat?post=19229"},{"taxonomy":"product_tag","embeddable":true,"href":"https:\/\/autobarbosa.com\/es\/wp-json\/wp\/v2\/product_tag?post=19229"},{"taxonomy":"marca","embeddable":true,"href":"https:\/\/autobarbosa.com\/es\/wp-json\/wp\/v2\/marca?post=19229"}],"curies":[{"name":"wp","href":"https:\/\/api.w.org\/{rel}","templated":true}]}}