{"id":19293,"date":"2025-11-26T07:09:56","date_gmt":"2025-11-26T08:09:56","guid":{"rendered":"https:\/\/autobarbosa.com\/produto\/cabo-de-extintor-corta-corrente-3mt\/"},"modified":"2026-04-30T19:09:44","modified_gmt":"2026-04-30T19:09:44","slug":"cabo-de-extintor-corta-corrente-3mt","status":"publish","type":"product","link":"https:\/\/autobarbosa.com\/es\/produto\/cabo-de-extintor-corta-corrente-3mt\/","title":{"rendered":"CABO DE EXTINTOR\/ CORTA CORRENTE 3MT"},"content":{"rendered":"<p>CABO DE EXTINTOR\/ CORTA CORRENTE 3MT<\/p>\n<p>Destaca-se pela sua qualidade de fabrica\u00e7\u00e3o significativamente superior \u00e0 dos modelos padr\u00e3o. \u00c9 equipado com um batente de bainha real, garantindo uma fixa\u00e7\u00e3o precisa e segura. Totalmente \u00e0 prova d&#8217;\u00e1gua, oferece confiabilidade ideal mesmo nas condi\u00e7\u00f5es mais exigentes. O cabo desliza perfeitamente na bainha, garantindo uma a\u00e7\u00e3o suave e sem enroscos.<\/p>\n<p>Comprimento: 3 metros.<\/p>\n<p>Fabricado nas oficinas da Lifeline no Reino Unido.<br \/>\nRef.: 616LL953100013<\/p>\n","protected":false},"excerpt":{"rendered":"<p>CABO DE EXTINTOR\/ CORTA CORRENTE 3MT<\/p>\n<p>Destaca-se pela sua qualidade de fabrica\u00e7\u00e3o significativamente superior \u00e0 dos modelos padr\u00e3o. \u00c9 equipado com um batente de bainha real, garantindo uma fixa\u00e7\u00e3o precisa e segura. Totalmente \u00e0 prova d&#8217;\u00e1gua, oferece confiabilidade ideal mesmo nas condi\u00e7\u00f5es mais exigentes. O cabo desliza perfeitamente na bainha, garantindo uma a\u00e7\u00e3o suave e sem enroscos.<\/p>\n<p>Comprimento: 3 metros.<\/p>\n<p>Fabricado nas oficinas da Lifeline no Reino Unido.<br \/>\nRef.: 616LL953100013<\/p>\n","protected":false},"featured_media":19289,"template":"","meta":[],"product_cat":[479,489,504,505],"product_tag":[],"marca":[995],"class_list":["post-19293","product","type-product","status-publish","has-post-thumbnail","hentry","product_cat-viatura","product_cat-habitaculo","product_cat-extintores-e-acessorios","product_cat-acessorios-extintores","marca-lifeline"],"yoast_head":"<!-- This site is optimized with the Yoast SEO plugin v20.5 - https:\/\/yoast.com\/wordpress\/plugins\/seo\/ -->\n<title>CABO DE EXTINTOR\/ CORTA CORRENTE 3MT - Auto Barbosa<\/title>\n<meta name=\"robots\" content=\"index, follow, max-snippet:-1, max-image-preview:large, max-video-preview:-1\" \/>\n<link rel=\"canonical\" href=\"https:\/\/autobarbosa.com\/es\/produto\/cabo-de-extintor-corta-corrente-3mt\/\" \/>\n<meta property=\"og:locale\" content=\"es_ES\" \/>\n<meta property=\"og:type\" content=\"article\" \/>\n<meta property=\"og:title\" content=\"CABO DE EXTINTOR\/ CORTA CORRENTE 3MT - Auto Barbosa\" \/>\n<meta property=\"og:description\" content=\"CABO DE EXTINTOR\/ CORTA CORRENTE 3MT  Destaca-se pela sua qualidade de fabrica\u00e7\u00e3o significativamente superior \u00e0 dos modelos padr\u00e3o. \u00c9 equipado com um batente de bainha real, garantindo uma fixa\u00e7\u00e3o precisa e segura. Totalmente \u00e0 prova d&#039;\u00e1gua, oferece confiabilidade ideal mesmo nas condi\u00e7\u00f5es mais exigentes. O cabo desliza perfeitamente na bainha, garantindo uma a\u00e7\u00e3o suave e sem enroscos.  Comprimento: 3 metros.  Fabricado nas oficinas da Lifeline no Reino Unido. Ref.: 616LL953100013\" \/>\n<meta property=\"og:url\" content=\"https:\/\/autobarbosa.com\/es\/produto\/cabo-de-extintor-corta-corrente-3mt\/\" \/>\n<meta property=\"og:site_name\" content=\"Auto Barbosa\" \/>\n<meta property=\"article:publisher\" content=\"https:\/\/www.facebook.com\/autobarbosaoficina\" \/>\n<meta property=\"article:modified_time\" content=\"2026-04-30T19:09:44+00:00\" \/>\n<meta property=\"og:image\" content=\"https:\/\/autobarbosa.com\/wp-content\/uploads\/2025\/11\/616ll953100013.png\" \/>\n\t<meta property=\"og:image:width\" content=\"800\" \/>\n\t<meta property=\"og:image:height\" content=\"800\" \/>\n\t<meta property=\"og:image:type\" content=\"image\/png\" \/>\n<meta name=\"twitter:card\" content=\"summary_large_image\" \/>\n<script type=\"application\/ld+json\" class=\"yoast-schema-graph\">{\"@context\":\"https:\/\/schema.org\",\"@graph\":[{\"@type\":\"WebPage\",\"@id\":\"https:\/\/autobarbosa.com\/es\/produto\/cabo-de-extintor-corta-corrente-3mt\/\",\"url\":\"https:\/\/autobarbosa.com\/es\/produto\/cabo-de-extintor-corta-corrente-3mt\/\",\"name\":\"CABO DE EXTINTOR\/ CORTA CORRENTE 3MT - Auto Barbosa\",\"isPartOf\":{\"@id\":\"https:\/\/autobarbosa.com\/es\/#website\"},\"datePublished\":\"2025-11-26T08:09:56+00:00\",\"dateModified\":\"2026-04-30T19:09:44+00:00\",\"breadcrumb\":{\"@id\":\"https:\/\/autobarbosa.com\/es\/produto\/cabo-de-extintor-corta-corrente-3mt\/#breadcrumb\"},\"inLanguage\":\"es\",\"potentialAction\":[{\"@type\":\"ReadAction\",\"target\":[\"https:\/\/autobarbosa.com\/es\/produto\/cabo-de-extintor-corta-corrente-3mt\/\"]}]},{\"@type\":\"BreadcrumbList\",\"@id\":\"https:\/\/autobarbosa.com\/es\/produto\/cabo-de-extintor-corta-corrente-3mt\/#breadcrumb\",\"itemListElement\":[{\"@type\":\"ListItem\",\"position\":1,\"name\":\"In\u00edcio\",\"item\":\"https:\/\/autobarbosa.com\/es\/\"},{\"@type\":\"ListItem\",\"position\":2,\"name\":\"Loja\",\"item\":\"https:\/\/autobarbosa.com\/\"},{\"@type\":\"ListItem\",\"position\":3,\"name\":\"CABO DE EXTINTOR\/ CORTA CORRENTE 3MT\"}]},{\"@type\":\"WebSite\",\"@id\":\"https:\/\/autobarbosa.com\/es\/#website\",\"url\":\"https:\/\/autobarbosa.com\/es\/\",\"name\":\"Auto Barbosa\",\"description\":\"Site institucional\",\"publisher\":{\"@id\":\"https:\/\/autobarbosa.com\/es\/#organization\"},\"potentialAction\":[{\"@type\":\"SearchAction\",\"target\":{\"@type\":\"EntryPoint\",\"urlTemplate\":\"https:\/\/autobarbosa.com\/es\/?s={search_term_string}\"},\"query-input\":\"required name=search_term_string\"}],\"inLanguage\":\"es\"},{\"@type\":\"Organization\",\"@id\":\"https:\/\/autobarbosa.com\/es\/#organization\",\"name\":\"Auto Barbosa\",\"url\":\"https:\/\/autobarbosa.com\/es\/\",\"logo\":{\"@type\":\"ImageObject\",\"inLanguage\":\"es\",\"@id\":\"https:\/\/autobarbosa.com\/es\/#\/schema\/logo\/image\/\",\"url\":\"https:\/\/autobarbosa.com\/wp-content\/uploads\/2023\/03\/AUTO-BARBOSA-LOGO-1-e1678715539111.png\",\"contentUrl\":\"https:\/\/autobarbosa.com\/wp-content\/uploads\/2023\/03\/AUTO-BARBOSA-LOGO-1-e1678715539111.png\",\"width\":3233,\"height\":3233,\"caption\":\"Auto Barbosa\"},\"image\":{\"@id\":\"https:\/\/autobarbosa.com\/es\/#\/schema\/logo\/image\/\"},\"sameAs\":[\"https:\/\/www.facebook.com\/autobarbosaoficina\",\"https:\/\/www.instagram.com\/autobarbosa.oficina\/\"]}]}<\/script>\n<!-- \/ Yoast SEO plugin. -->","yoast_head_json":{"title":"CABO DE EXTINTOR\/ CORTA CORRENTE 3MT - Auto Barbosa","robots":{"index":"index","follow":"follow","max-snippet":"max-snippet:-1","max-image-preview":"max-image-preview:large","max-video-preview":"max-video-preview:-1"},"canonical":"https:\/\/autobarbosa.com\/es\/produto\/cabo-de-extintor-corta-corrente-3mt\/","og_locale":"es_ES","og_type":"article","og_title":"CABO DE EXTINTOR\/ CORTA CORRENTE 3MT - Auto Barbosa","og_description":"CABO DE EXTINTOR\/ CORTA CORRENTE 3MT  Destaca-se pela sua qualidade de fabrica\u00e7\u00e3o significativamente superior \u00e0 dos modelos padr\u00e3o. \u00c9 equipado com um batente de bainha real, garantindo uma fixa\u00e7\u00e3o precisa e segura. Totalmente \u00e0 prova d'\u00e1gua, oferece confiabilidade ideal mesmo nas condi\u00e7\u00f5es mais exigentes. O cabo desliza perfeitamente na bainha, garantindo uma a\u00e7\u00e3o suave e sem enroscos.  Comprimento: 3 metros.  Fabricado nas oficinas da Lifeline no Reino Unido. Ref.: 616LL953100013","og_url":"https:\/\/autobarbosa.com\/es\/produto\/cabo-de-extintor-corta-corrente-3mt\/","og_site_name":"Auto Barbosa","article_publisher":"https:\/\/www.facebook.com\/autobarbosaoficina","article_modified_time":"2026-04-30T19:09:44+00:00","og_image":[{"width":800,"height":800,"url":"https:\/\/autobarbosa.com\/wp-content\/uploads\/2025\/11\/616ll953100013.png","type":"image\/png"}],"twitter_card":"summary_large_image","schema":{"@context":"https:\/\/schema.org","@graph":[{"@type":"WebPage","@id":"https:\/\/autobarbosa.com\/es\/produto\/cabo-de-extintor-corta-corrente-3mt\/","url":"https:\/\/autobarbosa.com\/es\/produto\/cabo-de-extintor-corta-corrente-3mt\/","name":"CABO DE EXTINTOR\/ CORTA CORRENTE 3MT - Auto Barbosa","isPartOf":{"@id":"https:\/\/autobarbosa.com\/es\/#website"},"datePublished":"2025-11-26T08:09:56+00:00","dateModified":"2026-04-30T19:09:44+00:00","breadcrumb":{"@id":"https:\/\/autobarbosa.com\/es\/produto\/cabo-de-extintor-corta-corrente-3mt\/#breadcrumb"},"inLanguage":"es","potentialAction":[{"@type":"ReadAction","target":["https:\/\/autobarbosa.com\/es\/produto\/cabo-de-extintor-corta-corrente-3mt\/"]}]},{"@type":"BreadcrumbList","@id":"https:\/\/autobarbosa.com\/es\/produto\/cabo-de-extintor-corta-corrente-3mt\/#breadcrumb","itemListElement":[{"@type":"ListItem","position":1,"name":"In\u00edcio","item":"https:\/\/autobarbosa.com\/es\/"},{"@type":"ListItem","position":2,"name":"Loja","item":"https:\/\/autobarbosa.com\/"},{"@type":"ListItem","position":3,"name":"CABO DE EXTINTOR\/ CORTA CORRENTE 3MT"}]},{"@type":"WebSite","@id":"https:\/\/autobarbosa.com\/es\/#website","url":"https:\/\/autobarbosa.com\/es\/","name":"Auto Barbosa","description":"Site institucional","publisher":{"@id":"https:\/\/autobarbosa.com\/es\/#organization"},"potentialAction":[{"@type":"SearchAction","target":{"@type":"EntryPoint","urlTemplate":"https:\/\/autobarbosa.com\/es\/?s={search_term_string}"},"query-input":"required name=search_term_string"}],"inLanguage":"es"},{"@type":"Organization","@id":"https:\/\/autobarbosa.com\/es\/#organization","name":"Auto Barbosa","url":"https:\/\/autobarbosa.com\/es\/","logo":{"@type":"ImageObject","inLanguage":"es","@id":"https:\/\/autobarbosa.com\/es\/#\/schema\/logo\/image\/","url":"https:\/\/autobarbosa.com\/wp-content\/uploads\/2023\/03\/AUTO-BARBOSA-LOGO-1-e1678715539111.png","contentUrl":"https:\/\/autobarbosa.com\/wp-content\/uploads\/2023\/03\/AUTO-BARBOSA-LOGO-1-e1678715539111.png","width":3233,"height":3233,"caption":"Auto Barbosa"},"image":{"@id":"https:\/\/autobarbosa.com\/es\/#\/schema\/logo\/image\/"},"sameAs":["https:\/\/www.facebook.com\/autobarbosaoficina","https:\/\/www.instagram.com\/autobarbosa.oficina\/"]}]}},"_links":{"self":[{"href":"https:\/\/autobarbosa.com\/es\/wp-json\/wp\/v3\/product\/19293","targetHints":{"allow":["GET"]}}],"collection":[{"href":"https:\/\/autobarbosa.com\/es\/wp-json\/wp\/v3\/product"}],"about":[{"href":"https:\/\/autobarbosa.com\/es\/wp-json\/wp\/v2\/types\/product"}],"wp:featuredmedia":[{"embeddable":true,"href":"https:\/\/autobarbosa.com\/es\/wp-json\/wp\/v2\/media\/19289"}],"wp:attachment":[{"href":"https:\/\/autobarbosa.com\/es\/wp-json\/wp\/v2\/media?parent=19293"}],"wp:term":[{"taxonomy":"product_cat","embeddable":true,"href":"https:\/\/autobarbosa.com\/es\/wp-json\/wp\/v2\/product_cat?post=19293"},{"taxonomy":"product_tag","embeddable":true,"href":"https:\/\/autobarbosa.com\/es\/wp-json\/wp\/v2\/product_tag?post=19293"},{"taxonomy":"marca","embeddable":true,"href":"https:\/\/autobarbosa.com\/es\/wp-json\/wp\/v2\/marca?post=19293"}],"curies":[{"name":"wp","href":"https:\/\/api.w.org\/{rel}","templated":true}]}}