{"id":19573,"date":"2025-12-06T07:18:46","date_gmt":"2025-12-06T08:18:46","guid":{"rendered":"https:\/\/autobarbosa.com\/produto\/spoiler-renault-clio-ii-v6\/"},"modified":"2026-04-21T19:24:23","modified_gmt":"2026-04-21T19:24:23","slug":"spoiler-renault-clio-ii-v6","status":"publish","type":"product","link":"https:\/\/autobarbosa.com\/es\/produto\/spoiler-renault-clio-ii-v6\/","title":{"rendered":"SPOILER RENAULT CLIO II V6"},"content":{"rendered":"<p>O spoiler para o Clio V6 \u00e9 um acess\u00f3rio essencial para adicionar um visual esportivo e agressivo ao seu Clio II V6 RS, al\u00e9m de melhorar a aerodin\u00e2mica do ve\u00edculo. A pe\u00e7a \u00e9 fornecida sem pintura, pronta para ser personalizada ao seu gosto.<\/p>\n<p>\u00c9 fabricada por meio de moldagem por inje\u00e7\u00e3o em base de poliuretano, garantindo excelente durabilidade. O spoiler \u00e9 instalado no lugar do l\u00e1bio original sem a necessidade de grandes modifica\u00e7\u00f5es no para-choque original e \u00e9 vendido com todos os acess\u00f3rios de montagem necess\u00e1rios.<\/p>\n<p>Fabricado na B\u00e9lgica. Homologado pela T\u00dcV.<\/p>\n<p>Este produto e seus acess\u00f3rios s\u00e3o homologados apenas para o Clio II V6 RS.<br \/>\nPara qualquer outro ve\u00edculo, a instala\u00e7\u00e3o modificar\u00e1 as especifica\u00e7\u00f5es t\u00e9cnicas do ve\u00edculo e, portanto, este produto e seus acess\u00f3rios n\u00e3o s\u00e3o homologados para uso em vias p\u00fablicas. A instala\u00e7\u00e3o deste produto e seus acess\u00f3rios anular\u00e1 a garantia do fabricante do ve\u00edculo e poder\u00e1 invalidar sua cobertura de seguro. A instala\u00e7\u00e3o deste produto e seus acess\u00f3rios deve ser realizada por um profissional.<\/p>\n<p>Para entregas fora da Europa, nosso servi\u00e7o de atendimento ao cliente entrar\u00e1 em contato ap\u00f3s a sua compra.<\/p>\n","protected":false},"excerpt":{"rendered":"<p>O spoiler para o Clio V6 \u00e9 um acess\u00f3rio essencial para adicionar um visual esportivo e agressivo ao seu Clio II V6 RS, al\u00e9m de melhorar a aerodin\u00e2mica do ve\u00edculo. A pe\u00e7a \u00e9 fornecida sem pintura, pronta para ser personalizada ao seu gosto.<\/p>\n<p>\u00c9 fabricada por meio de moldagem por inje\u00e7\u00e3o em base de poliuretano, garantindo excelente durabilidade. O spoiler \u00e9 instalado no lugar do l\u00e1bio original sem a necessidade de grandes modifica\u00e7\u00f5es no para-choque original e \u00e9 vendido com todos os acess\u00f3rios de montagem necess\u00e1rios.<\/p>\n<p>Fabricado na B\u00e9lgica. Homologado pela T\u00dcV.<\/p>\n<p>Este produto e seus acess\u00f3rios s\u00e3o homologados apenas para o Clio II V6 RS.<br \/>\nPara qualquer outro ve\u00edculo, a instala\u00e7\u00e3o modificar\u00e1 as especifica\u00e7\u00f5es t\u00e9cnicas do ve\u00edculo e, portanto, este produto e seus acess\u00f3rios n\u00e3o s\u00e3o homologados para uso em vias p\u00fablicas. A instala\u00e7\u00e3o deste produto e seus acess\u00f3rios anular\u00e1 a garantia do fabricante do ve\u00edculo e poder\u00e1 invalidar sua cobertura de seguro. A instala\u00e7\u00e3o deste produto e seus acess\u00f3rios deve ser realizada por um profissional.<\/p>\n<p>Para entregas fora da Europa, nosso servi\u00e7o de atendimento ao cliente entrar\u00e1 em contato ap\u00f3s a sua compra.<\/p>\n","protected":false},"featured_media":19569,"template":"","meta":[],"product_cat":[479,499,928],"product_tag":[],"marca":[1003],"class_list":["post-19573","product","type-product","status-publish","has-post-thumbnail","hentry","product_cat-viatura","product_cat-carrocaria","product_cat-pecas-poliester","marca-renault-sport-performance"],"yoast_head":"<!-- This site is optimized with the Yoast SEO plugin v20.5 - https:\/\/yoast.com\/wordpress\/plugins\/seo\/ -->\n<title>SPOILER RENAULT CLIO II V6 - Auto Barbosa<\/title>\n<meta name=\"robots\" content=\"index, follow, max-snippet:-1, max-image-preview:large, max-video-preview:-1\" \/>\n<link rel=\"canonical\" href=\"https:\/\/autobarbosa.com\/es\/produto\/spoiler-renault-clio-ii-v6\/\" \/>\n<meta property=\"og:locale\" content=\"es_ES\" \/>\n<meta property=\"og:type\" content=\"article\" \/>\n<meta property=\"og:title\" content=\"SPOILER RENAULT CLIO II V6 - Auto Barbosa\" \/>\n<meta property=\"og:description\" content=\"O spoiler para o Clio V6 \u00e9 um acess\u00f3rio essencial para adicionar um visual esportivo e agressivo ao seu Clio II V6 RS, al\u00e9m de melhorar a aerodin\u00e2mica do ve\u00edculo. A pe\u00e7a \u00e9 fornecida sem pintura, pronta para ser personalizada ao seu gosto.  \u00c9 fabricada por meio de moldagem por inje\u00e7\u00e3o em base de poliuretano, garantindo excelente durabilidade. O spoiler \u00e9 instalado no lugar do l\u00e1bio original sem a necessidade de grandes modifica\u00e7\u00f5es no para-choque original e \u00e9 vendido com todos os acess\u00f3rios de montagem necess\u00e1rios.  Fabricado na B\u00e9lgica. Homologado pela T\u00dcV.  Este produto e seus acess\u00f3rios s\u00e3o homologados apenas para o Clio II V6 RS. Para qualquer outro ve\u00edculo, a instala\u00e7\u00e3o modificar\u00e1 as especifica\u00e7\u00f5es t\u00e9cnicas do ve\u00edculo e, portanto, este produto e seus acess\u00f3rios n\u00e3o s\u00e3o homologados para uso em vias p\u00fablicas. A instala\u00e7\u00e3o deste produto e seus acess\u00f3rios anular\u00e1 a garantia do fabricante do ve\u00edculo e poder\u00e1 invalidar sua cobertura de seguro. A instala\u00e7\u00e3o deste produto e seus acess\u00f3rios deve ser realizada por um profissional.  Para entregas fora da Europa, nosso servi\u00e7o de atendimento ao cliente entrar\u00e1 em contato ap\u00f3s a sua compra.\" \/>\n<meta property=\"og:url\" content=\"https:\/\/autobarbosa.com\/es\/produto\/spoiler-renault-clio-ii-v6\/\" \/>\n<meta property=\"og:site_name\" content=\"Auto Barbosa\" \/>\n<meta property=\"article:publisher\" content=\"https:\/\/www.facebook.com\/autobarbosaoficina\" \/>\n<meta property=\"article:modified_time\" content=\"2026-04-21T19:24:23+00:00\" \/>\n<meta property=\"og:image\" content=\"https:\/\/autobarbosa.com\/wp-content\/uploads\/2025\/12\/rsp_x65_1203.png\" \/>\n\t<meta property=\"og:image:width\" content=\"800\" \/>\n\t<meta property=\"og:image:height\" content=\"800\" \/>\n\t<meta property=\"og:image:type\" content=\"image\/png\" \/>\n<meta name=\"twitter:card\" content=\"summary_large_image\" \/>\n<meta name=\"twitter:label1\" content=\"Tiempo de lectura\" \/>\n\t<meta name=\"twitter:data1\" content=\"1 minuto\" \/>\n<script type=\"application\/ld+json\" class=\"yoast-schema-graph\">{\"@context\":\"https:\/\/schema.org\",\"@graph\":[{\"@type\":\"WebPage\",\"@id\":\"https:\/\/autobarbosa.com\/es\/produto\/spoiler-renault-clio-ii-v6\/\",\"url\":\"https:\/\/autobarbosa.com\/es\/produto\/spoiler-renault-clio-ii-v6\/\",\"name\":\"SPOILER RENAULT CLIO II V6 - Auto Barbosa\",\"isPartOf\":{\"@id\":\"https:\/\/autobarbosa.com\/es\/#website\"},\"datePublished\":\"2025-12-06T08:18:46+00:00\",\"dateModified\":\"2026-04-21T19:24:23+00:00\",\"breadcrumb\":{\"@id\":\"https:\/\/autobarbosa.com\/es\/produto\/spoiler-renault-clio-ii-v6\/#breadcrumb\"},\"inLanguage\":\"es\",\"potentialAction\":[{\"@type\":\"ReadAction\",\"target\":[\"https:\/\/autobarbosa.com\/es\/produto\/spoiler-renault-clio-ii-v6\/\"]}]},{\"@type\":\"BreadcrumbList\",\"@id\":\"https:\/\/autobarbosa.com\/es\/produto\/spoiler-renault-clio-ii-v6\/#breadcrumb\",\"itemListElement\":[{\"@type\":\"ListItem\",\"position\":1,\"name\":\"In\u00edcio\",\"item\":\"https:\/\/autobarbosa.com\/es\/\"},{\"@type\":\"ListItem\",\"position\":2,\"name\":\"Loja\",\"item\":\"https:\/\/autobarbosa.com\/\"},{\"@type\":\"ListItem\",\"position\":3,\"name\":\"SPOILER RENAULT CLIO II V6\"}]},{\"@type\":\"WebSite\",\"@id\":\"https:\/\/autobarbosa.com\/es\/#website\",\"url\":\"https:\/\/autobarbosa.com\/es\/\",\"name\":\"Auto Barbosa\",\"description\":\"Site institucional\",\"publisher\":{\"@id\":\"https:\/\/autobarbosa.com\/es\/#organization\"},\"potentialAction\":[{\"@type\":\"SearchAction\",\"target\":{\"@type\":\"EntryPoint\",\"urlTemplate\":\"https:\/\/autobarbosa.com\/es\/?s={search_term_string}\"},\"query-input\":\"required name=search_term_string\"}],\"inLanguage\":\"es\"},{\"@type\":\"Organization\",\"@id\":\"https:\/\/autobarbosa.com\/es\/#organization\",\"name\":\"Auto Barbosa\",\"url\":\"https:\/\/autobarbosa.com\/es\/\",\"logo\":{\"@type\":\"ImageObject\",\"inLanguage\":\"es\",\"@id\":\"https:\/\/autobarbosa.com\/es\/#\/schema\/logo\/image\/\",\"url\":\"https:\/\/autobarbosa.com\/wp-content\/uploads\/2023\/03\/AUTO-BARBOSA-LOGO-1-e1678715539111.png\",\"contentUrl\":\"https:\/\/autobarbosa.com\/wp-content\/uploads\/2023\/03\/AUTO-BARBOSA-LOGO-1-e1678715539111.png\",\"width\":3233,\"height\":3233,\"caption\":\"Auto Barbosa\"},\"image\":{\"@id\":\"https:\/\/autobarbosa.com\/es\/#\/schema\/logo\/image\/\"},\"sameAs\":[\"https:\/\/www.facebook.com\/autobarbosaoficina\",\"https:\/\/www.instagram.com\/autobarbosa.oficina\/\"]}]}<\/script>\n<!-- \/ Yoast SEO plugin. -->","yoast_head_json":{"title":"SPOILER RENAULT CLIO II V6 - Auto Barbosa","robots":{"index":"index","follow":"follow","max-snippet":"max-snippet:-1","max-image-preview":"max-image-preview:large","max-video-preview":"max-video-preview:-1"},"canonical":"https:\/\/autobarbosa.com\/es\/produto\/spoiler-renault-clio-ii-v6\/","og_locale":"es_ES","og_type":"article","og_title":"SPOILER RENAULT CLIO II V6 - Auto Barbosa","og_description":"O spoiler para o Clio V6 \u00e9 um acess\u00f3rio essencial para adicionar um visual esportivo e agressivo ao seu Clio II V6 RS, al\u00e9m de melhorar a aerodin\u00e2mica do ve\u00edculo. A pe\u00e7a \u00e9 fornecida sem pintura, pronta para ser personalizada ao seu gosto.  \u00c9 fabricada por meio de moldagem por inje\u00e7\u00e3o em base de poliuretano, garantindo excelente durabilidade. O spoiler \u00e9 instalado no lugar do l\u00e1bio original sem a necessidade de grandes modifica\u00e7\u00f5es no para-choque original e \u00e9 vendido com todos os acess\u00f3rios de montagem necess\u00e1rios.  Fabricado na B\u00e9lgica. Homologado pela T\u00dcV.  Este produto e seus acess\u00f3rios s\u00e3o homologados apenas para o Clio II V6 RS. Para qualquer outro ve\u00edculo, a instala\u00e7\u00e3o modificar\u00e1 as especifica\u00e7\u00f5es t\u00e9cnicas do ve\u00edculo e, portanto, este produto e seus acess\u00f3rios n\u00e3o s\u00e3o homologados para uso em vias p\u00fablicas. A instala\u00e7\u00e3o deste produto e seus acess\u00f3rios anular\u00e1 a garantia do fabricante do ve\u00edculo e poder\u00e1 invalidar sua cobertura de seguro. A instala\u00e7\u00e3o deste produto e seus acess\u00f3rios deve ser realizada por um profissional.  Para entregas fora da Europa, nosso servi\u00e7o de atendimento ao cliente entrar\u00e1 em contato ap\u00f3s a sua compra.","og_url":"https:\/\/autobarbosa.com\/es\/produto\/spoiler-renault-clio-ii-v6\/","og_site_name":"Auto Barbosa","article_publisher":"https:\/\/www.facebook.com\/autobarbosaoficina","article_modified_time":"2026-04-21T19:24:23+00:00","og_image":[{"width":800,"height":800,"url":"https:\/\/autobarbosa.com\/wp-content\/uploads\/2025\/12\/rsp_x65_1203.png","type":"image\/png"}],"twitter_card":"summary_large_image","twitter_misc":{"Tiempo de lectura":"1 minuto"},"schema":{"@context":"https:\/\/schema.org","@graph":[{"@type":"WebPage","@id":"https:\/\/autobarbosa.com\/es\/produto\/spoiler-renault-clio-ii-v6\/","url":"https:\/\/autobarbosa.com\/es\/produto\/spoiler-renault-clio-ii-v6\/","name":"SPOILER RENAULT CLIO II V6 - Auto Barbosa","isPartOf":{"@id":"https:\/\/autobarbosa.com\/es\/#website"},"datePublished":"2025-12-06T08:18:46+00:00","dateModified":"2026-04-21T19:24:23+00:00","breadcrumb":{"@id":"https:\/\/autobarbosa.com\/es\/produto\/spoiler-renault-clio-ii-v6\/#breadcrumb"},"inLanguage":"es","potentialAction":[{"@type":"ReadAction","target":["https:\/\/autobarbosa.com\/es\/produto\/spoiler-renault-clio-ii-v6\/"]}]},{"@type":"BreadcrumbList","@id":"https:\/\/autobarbosa.com\/es\/produto\/spoiler-renault-clio-ii-v6\/#breadcrumb","itemListElement":[{"@type":"ListItem","position":1,"name":"In\u00edcio","item":"https:\/\/autobarbosa.com\/es\/"},{"@type":"ListItem","position":2,"name":"Loja","item":"https:\/\/autobarbosa.com\/"},{"@type":"ListItem","position":3,"name":"SPOILER RENAULT CLIO II V6"}]},{"@type":"WebSite","@id":"https:\/\/autobarbosa.com\/es\/#website","url":"https:\/\/autobarbosa.com\/es\/","name":"Auto Barbosa","description":"Site institucional","publisher":{"@id":"https:\/\/autobarbosa.com\/es\/#organization"},"potentialAction":[{"@type":"SearchAction","target":{"@type":"EntryPoint","urlTemplate":"https:\/\/autobarbosa.com\/es\/?s={search_term_string}"},"query-input":"required name=search_term_string"}],"inLanguage":"es"},{"@type":"Organization","@id":"https:\/\/autobarbosa.com\/es\/#organization","name":"Auto Barbosa","url":"https:\/\/autobarbosa.com\/es\/","logo":{"@type":"ImageObject","inLanguage":"es","@id":"https:\/\/autobarbosa.com\/es\/#\/schema\/logo\/image\/","url":"https:\/\/autobarbosa.com\/wp-content\/uploads\/2023\/03\/AUTO-BARBOSA-LOGO-1-e1678715539111.png","contentUrl":"https:\/\/autobarbosa.com\/wp-content\/uploads\/2023\/03\/AUTO-BARBOSA-LOGO-1-e1678715539111.png","width":3233,"height":3233,"caption":"Auto Barbosa"},"image":{"@id":"https:\/\/autobarbosa.com\/es\/#\/schema\/logo\/image\/"},"sameAs":["https:\/\/www.facebook.com\/autobarbosaoficina","https:\/\/www.instagram.com\/autobarbosa.oficina\/"]}]}},"_links":{"self":[{"href":"https:\/\/autobarbosa.com\/es\/wp-json\/wp\/v3\/product\/19573","targetHints":{"allow":["GET"]}}],"collection":[{"href":"https:\/\/autobarbosa.com\/es\/wp-json\/wp\/v3\/product"}],"about":[{"href":"https:\/\/autobarbosa.com\/es\/wp-json\/wp\/v2\/types\/product"}],"wp:featuredmedia":[{"embeddable":true,"href":"https:\/\/autobarbosa.com\/es\/wp-json\/wp\/v2\/media\/19569"}],"wp:attachment":[{"href":"https:\/\/autobarbosa.com\/es\/wp-json\/wp\/v2\/media?parent=19573"}],"wp:term":[{"taxonomy":"product_cat","embeddable":true,"href":"https:\/\/autobarbosa.com\/es\/wp-json\/wp\/v2\/product_cat?post=19573"},{"taxonomy":"product_tag","embeddable":true,"href":"https:\/\/autobarbosa.com\/es\/wp-json\/wp\/v2\/product_tag?post=19573"},{"taxonomy":"marca","embeddable":true,"href":"https:\/\/autobarbosa.com\/es\/wp-json\/wp\/v2\/marca?post=19573"}],"curies":[{"name":"wp","href":"https:\/\/api.w.org\/{rel}","templated":true}]}}