{"id":19581,"date":"2025-12-06T07:19:18","date_gmt":"2025-12-06T08:19:18","guid":{"rendered":"https:\/\/autobarbosa.com\/produto\/kit-de-rampas-farois-led-180w-hemerra\/"},"modified":"2026-04-22T07:23:46","modified_gmt":"2026-04-22T07:23:46","slug":"kit-de-rampas-farois-led-180w-hemerra","status":"publish","type":"product","link":"https:\/\/autobarbosa.com\/es\/produto\/kit-de-rampas-farois-led-180w-hemerra\/","title":{"rendered":"KIT DE RAMPAS FAROIS LED 180W HEMERRA"},"content":{"rendered":"<p>Kit de rampa LED HEMERRA 180W<\/p>\n<p>A linha X-PRO foi especialmente projetada e desenvolvida para corridas de autom\u00f3veis: aprovada pela FFSA, atendendo ao padr\u00e3o IP68 e resistente a choques, este kit \u00e9 ideal para as etapas de rali mais extremas.<br \/>\nQuatro vezes mais potente do que a ilumina\u00e7\u00e3o convencional, a tecnologia LED permite uma visibilidade noturna impec\u00e1vel.<\/p>\n<p>Este kit inclui:<br \/>\n&#8211; 1 rampa de longo alcance pr\u00e9-cabeada.<br \/>\n&#8211; 2 luzes de curva pr\u00e9-cabeadas.<br \/>\n&#8211; 6 suportes de montagem laterais.<br \/>\n&#8211; O hardware de montagem necess\u00e1rio.<\/p>\n<p>Pot\u00eancia: 120W e 2 x 30W.<br \/>\nFonte de alimenta\u00e7\u00e3o: 10V a 30V.<br \/>\nPot\u00eancia de ilumina\u00e7\u00e3o de longo alcance: 15600 l\u00famens.<br \/>\nPot\u00eancia de ilumina\u00e7\u00e3o das luzes de curva: 2 x 3900 l\u00famens.<br \/>\nCor: 6000k (luz do dia).<br \/>\nVida \u00fatil: 50.000 horas.<\/p>\n<p>Dimens\u00f5es:<br \/>\nRampa de longo alcance: 602 x 66 x 104 mm.<br \/>\nLuzes de curva: 197 x 66 x 104 mm.<\/p>\n","protected":false},"excerpt":{"rendered":"<p>Kit de rampa LED HEMERRA 180W<\/p>\n<p>A linha X-PRO foi especialmente projetada e desenvolvida para corridas de autom\u00f3veis: aprovada pela FFSA, atendendo ao padr\u00e3o IP68 e resistente a choques, este kit \u00e9 ideal para as etapas de rali mais extremas.<br \/>\nQuatro vezes mais potente do que a ilumina\u00e7\u00e3o convencional, a tecnologia LED permite uma visibilidade noturna impec\u00e1vel.<\/p>\n<p>Este kit inclui:<br \/>\n&#8211; 1 rampa de longo alcance pr\u00e9-cabeada.<br \/>\n&#8211; 2 luzes de curva pr\u00e9-cabeadas.<br \/>\n&#8211; 6 suportes de montagem laterais.<br \/>\n&#8211; O hardware de montagem necess\u00e1rio.<\/p>\n<p>Pot\u00eancia: 120W e 2 x 30W.<br \/>\nFonte de alimenta\u00e7\u00e3o: 10V a 30V.<br \/>\nPot\u00eancia de ilumina\u00e7\u00e3o de longo alcance: 15600 l\u00famens.<br \/>\nPot\u00eancia de ilumina\u00e7\u00e3o das luzes de curva: 2 x 3900 l\u00famens.<br \/>\nCor: 6000k (luz do dia).<br \/>\nVida \u00fatil: 50.000 horas.<\/p>\n<p>Dimens\u00f5es:<br \/>\nRampa de longo alcance: 602 x 66 x 104 mm.<br \/>\nLuzes de curva: 197 x 66 x 104 mm.<\/p>\n","protected":false},"featured_media":19577,"template":"","meta":[],"product_cat":[988,495,496],"product_tag":[],"marca":[989],"class_list":["post-19581","product","type-product","status-publish","has-post-thumbnail","hentry","product_cat-rampas-led","product_cat-iluminacao","product_cat-iluminacao-iluminacao","marca-hemerra"],"yoast_head":"<!-- This site is optimized with the Yoast SEO plugin v20.5 - https:\/\/yoast.com\/wordpress\/plugins\/seo\/ -->\n<title>KIT DE RAMPAS FAROIS LED 180W HEMERRA - Auto Barbosa<\/title>\n<meta name=\"robots\" content=\"index, follow, max-snippet:-1, max-image-preview:large, max-video-preview:-1\" \/>\n<link rel=\"canonical\" href=\"https:\/\/autobarbosa.com\/es\/produto\/kit-de-rampas-farois-led-180w-hemerra\/\" \/>\n<meta property=\"og:locale\" content=\"es_ES\" \/>\n<meta property=\"og:type\" content=\"article\" \/>\n<meta property=\"og:title\" content=\"KIT DE RAMPAS FAROIS LED 180W HEMERRA - Auto Barbosa\" \/>\n<meta property=\"og:description\" content=\"Kit de rampa LED HEMERRA 180W   A linha X-PRO foi especialmente projetada e desenvolvida para corridas de autom\u00f3veis: aprovada pela FFSA, atendendo ao padr\u00e3o IP68 e resistente a choques, este kit \u00e9 ideal para as etapas de rali mais extremas. Quatro vezes mais potente do que a ilumina\u00e7\u00e3o convencional, a tecnologia LED permite uma visibilidade noturna impec\u00e1vel.  Este kit inclui: - 1 rampa de longo alcance pr\u00e9-cabeada. - 2 luzes de curva pr\u00e9-cabeadas. - 6 suportes de montagem laterais. - O hardware de montagem necess\u00e1rio.  Pot\u00eancia: 120W e 2 x 30W. Fonte de alimenta\u00e7\u00e3o: 10V a 30V. Pot\u00eancia de ilumina\u00e7\u00e3o de longo alcance: 15600 l\u00famens. Pot\u00eancia de ilumina\u00e7\u00e3o das luzes de curva: 2 x 3900 l\u00famens. Cor: 6000k (luz do dia). Vida \u00fatil: 50.000 horas.  Dimens\u00f5es: Rampa de longo alcance: 602 x 66 x 104 mm. Luzes de curva: 197 x 66 x 104 mm.\" \/>\n<meta property=\"og:url\" content=\"https:\/\/autobarbosa.com\/es\/produto\/kit-de-rampas-farois-led-180w-hemerra\/\" \/>\n<meta property=\"og:site_name\" content=\"Auto Barbosa\" \/>\n<meta property=\"article:publisher\" content=\"https:\/\/www.facebook.com\/autobarbosaoficina\" \/>\n<meta property=\"article:modified_time\" content=\"2026-04-22T07:23:46+00:00\" \/>\n<meta property=\"og:image\" content=\"https:\/\/autobarbosa.com\/wp-content\/uploads\/2025\/12\/xprokit.png\" \/>\n\t<meta property=\"og:image:width\" content=\"800\" \/>\n\t<meta property=\"og:image:height\" content=\"800\" \/>\n\t<meta property=\"og:image:type\" content=\"image\/png\" \/>\n<meta name=\"twitter:card\" content=\"summary_large_image\" \/>\n<meta name=\"twitter:label1\" content=\"Tiempo de lectura\" \/>\n\t<meta name=\"twitter:data1\" content=\"1 minuto\" \/>\n<script type=\"application\/ld+json\" class=\"yoast-schema-graph\">{\"@context\":\"https:\/\/schema.org\",\"@graph\":[{\"@type\":\"WebPage\",\"@id\":\"https:\/\/autobarbosa.com\/es\/produto\/kit-de-rampas-farois-led-180w-hemerra\/\",\"url\":\"https:\/\/autobarbosa.com\/es\/produto\/kit-de-rampas-farois-led-180w-hemerra\/\",\"name\":\"KIT DE RAMPAS FAROIS LED 180W HEMERRA - Auto Barbosa\",\"isPartOf\":{\"@id\":\"https:\/\/autobarbosa.com\/es\/#website\"},\"datePublished\":\"2025-12-06T08:19:18+00:00\",\"dateModified\":\"2026-04-22T07:23:46+00:00\",\"breadcrumb\":{\"@id\":\"https:\/\/autobarbosa.com\/es\/produto\/kit-de-rampas-farois-led-180w-hemerra\/#breadcrumb\"},\"inLanguage\":\"es\",\"potentialAction\":[{\"@type\":\"ReadAction\",\"target\":[\"https:\/\/autobarbosa.com\/es\/produto\/kit-de-rampas-farois-led-180w-hemerra\/\"]}]},{\"@type\":\"BreadcrumbList\",\"@id\":\"https:\/\/autobarbosa.com\/es\/produto\/kit-de-rampas-farois-led-180w-hemerra\/#breadcrumb\",\"itemListElement\":[{\"@type\":\"ListItem\",\"position\":1,\"name\":\"In\u00edcio\",\"item\":\"https:\/\/autobarbosa.com\/es\/\"},{\"@type\":\"ListItem\",\"position\":2,\"name\":\"Loja\",\"item\":\"https:\/\/autobarbosa.com\/\"},{\"@type\":\"ListItem\",\"position\":3,\"name\":\"KIT DE RAMPAS FAROIS LED 180W HEMERRA\"}]},{\"@type\":\"WebSite\",\"@id\":\"https:\/\/autobarbosa.com\/es\/#website\",\"url\":\"https:\/\/autobarbosa.com\/es\/\",\"name\":\"Auto Barbosa\",\"description\":\"Site institucional\",\"publisher\":{\"@id\":\"https:\/\/autobarbosa.com\/es\/#organization\"},\"potentialAction\":[{\"@type\":\"SearchAction\",\"target\":{\"@type\":\"EntryPoint\",\"urlTemplate\":\"https:\/\/autobarbosa.com\/es\/?s={search_term_string}\"},\"query-input\":\"required name=search_term_string\"}],\"inLanguage\":\"es\"},{\"@type\":\"Organization\",\"@id\":\"https:\/\/autobarbosa.com\/es\/#organization\",\"name\":\"Auto Barbosa\",\"url\":\"https:\/\/autobarbosa.com\/es\/\",\"logo\":{\"@type\":\"ImageObject\",\"inLanguage\":\"es\",\"@id\":\"https:\/\/autobarbosa.com\/es\/#\/schema\/logo\/image\/\",\"url\":\"https:\/\/autobarbosa.com\/wp-content\/uploads\/2023\/03\/AUTO-BARBOSA-LOGO-1-e1678715539111.png\",\"contentUrl\":\"https:\/\/autobarbosa.com\/wp-content\/uploads\/2023\/03\/AUTO-BARBOSA-LOGO-1-e1678715539111.png\",\"width\":3233,\"height\":3233,\"caption\":\"Auto Barbosa\"},\"image\":{\"@id\":\"https:\/\/autobarbosa.com\/es\/#\/schema\/logo\/image\/\"},\"sameAs\":[\"https:\/\/www.facebook.com\/autobarbosaoficina\",\"https:\/\/www.instagram.com\/autobarbosa.oficina\/\"]}]}<\/script>\n<!-- \/ Yoast SEO plugin. -->","yoast_head_json":{"title":"KIT DE RAMPAS FAROIS LED 180W HEMERRA - Auto Barbosa","robots":{"index":"index","follow":"follow","max-snippet":"max-snippet:-1","max-image-preview":"max-image-preview:large","max-video-preview":"max-video-preview:-1"},"canonical":"https:\/\/autobarbosa.com\/es\/produto\/kit-de-rampas-farois-led-180w-hemerra\/","og_locale":"es_ES","og_type":"article","og_title":"KIT DE RAMPAS FAROIS LED 180W HEMERRA - Auto Barbosa","og_description":"Kit de rampa LED HEMERRA 180W   A linha X-PRO foi especialmente projetada e desenvolvida para corridas de autom\u00f3veis: aprovada pela FFSA, atendendo ao padr\u00e3o IP68 e resistente a choques, este kit \u00e9 ideal para as etapas de rali mais extremas. Quatro vezes mais potente do que a ilumina\u00e7\u00e3o convencional, a tecnologia LED permite uma visibilidade noturna impec\u00e1vel.  Este kit inclui: - 1 rampa de longo alcance pr\u00e9-cabeada. - 2 luzes de curva pr\u00e9-cabeadas. - 6 suportes de montagem laterais. - O hardware de montagem necess\u00e1rio.  Pot\u00eancia: 120W e 2 x 30W. Fonte de alimenta\u00e7\u00e3o: 10V a 30V. Pot\u00eancia de ilumina\u00e7\u00e3o de longo alcance: 15600 l\u00famens. Pot\u00eancia de ilumina\u00e7\u00e3o das luzes de curva: 2 x 3900 l\u00famens. Cor: 6000k (luz do dia). Vida \u00fatil: 50.000 horas.  Dimens\u00f5es: Rampa de longo alcance: 602 x 66 x 104 mm. Luzes de curva: 197 x 66 x 104 mm.","og_url":"https:\/\/autobarbosa.com\/es\/produto\/kit-de-rampas-farois-led-180w-hemerra\/","og_site_name":"Auto Barbosa","article_publisher":"https:\/\/www.facebook.com\/autobarbosaoficina","article_modified_time":"2026-04-22T07:23:46+00:00","og_image":[{"width":800,"height":800,"url":"https:\/\/autobarbosa.com\/wp-content\/uploads\/2025\/12\/xprokit.png","type":"image\/png"}],"twitter_card":"summary_large_image","twitter_misc":{"Tiempo de lectura":"1 minuto"},"schema":{"@context":"https:\/\/schema.org","@graph":[{"@type":"WebPage","@id":"https:\/\/autobarbosa.com\/es\/produto\/kit-de-rampas-farois-led-180w-hemerra\/","url":"https:\/\/autobarbosa.com\/es\/produto\/kit-de-rampas-farois-led-180w-hemerra\/","name":"KIT DE RAMPAS FAROIS LED 180W HEMERRA - Auto Barbosa","isPartOf":{"@id":"https:\/\/autobarbosa.com\/es\/#website"},"datePublished":"2025-12-06T08:19:18+00:00","dateModified":"2026-04-22T07:23:46+00:00","breadcrumb":{"@id":"https:\/\/autobarbosa.com\/es\/produto\/kit-de-rampas-farois-led-180w-hemerra\/#breadcrumb"},"inLanguage":"es","potentialAction":[{"@type":"ReadAction","target":["https:\/\/autobarbosa.com\/es\/produto\/kit-de-rampas-farois-led-180w-hemerra\/"]}]},{"@type":"BreadcrumbList","@id":"https:\/\/autobarbosa.com\/es\/produto\/kit-de-rampas-farois-led-180w-hemerra\/#breadcrumb","itemListElement":[{"@type":"ListItem","position":1,"name":"In\u00edcio","item":"https:\/\/autobarbosa.com\/es\/"},{"@type":"ListItem","position":2,"name":"Loja","item":"https:\/\/autobarbosa.com\/"},{"@type":"ListItem","position":3,"name":"KIT DE RAMPAS FAROIS LED 180W HEMERRA"}]},{"@type":"WebSite","@id":"https:\/\/autobarbosa.com\/es\/#website","url":"https:\/\/autobarbosa.com\/es\/","name":"Auto Barbosa","description":"Site institucional","publisher":{"@id":"https:\/\/autobarbosa.com\/es\/#organization"},"potentialAction":[{"@type":"SearchAction","target":{"@type":"EntryPoint","urlTemplate":"https:\/\/autobarbosa.com\/es\/?s={search_term_string}"},"query-input":"required name=search_term_string"}],"inLanguage":"es"},{"@type":"Organization","@id":"https:\/\/autobarbosa.com\/es\/#organization","name":"Auto Barbosa","url":"https:\/\/autobarbosa.com\/es\/","logo":{"@type":"ImageObject","inLanguage":"es","@id":"https:\/\/autobarbosa.com\/es\/#\/schema\/logo\/image\/","url":"https:\/\/autobarbosa.com\/wp-content\/uploads\/2023\/03\/AUTO-BARBOSA-LOGO-1-e1678715539111.png","contentUrl":"https:\/\/autobarbosa.com\/wp-content\/uploads\/2023\/03\/AUTO-BARBOSA-LOGO-1-e1678715539111.png","width":3233,"height":3233,"caption":"Auto Barbosa"},"image":{"@id":"https:\/\/autobarbosa.com\/es\/#\/schema\/logo\/image\/"},"sameAs":["https:\/\/www.facebook.com\/autobarbosaoficina","https:\/\/www.instagram.com\/autobarbosa.oficina\/"]}]}},"_links":{"self":[{"href":"https:\/\/autobarbosa.com\/es\/wp-json\/wp\/v3\/product\/19581","targetHints":{"allow":["GET"]}}],"collection":[{"href":"https:\/\/autobarbosa.com\/es\/wp-json\/wp\/v3\/product"}],"about":[{"href":"https:\/\/autobarbosa.com\/es\/wp-json\/wp\/v2\/types\/product"}],"wp:featuredmedia":[{"embeddable":true,"href":"https:\/\/autobarbosa.com\/es\/wp-json\/wp\/v2\/media\/19577"}],"wp:attachment":[{"href":"https:\/\/autobarbosa.com\/es\/wp-json\/wp\/v2\/media?parent=19581"}],"wp:term":[{"taxonomy":"product_cat","embeddable":true,"href":"https:\/\/autobarbosa.com\/es\/wp-json\/wp\/v2\/product_cat?post=19581"},{"taxonomy":"product_tag","embeddable":true,"href":"https:\/\/autobarbosa.com\/es\/wp-json\/wp\/v2\/product_tag?post=19581"},{"taxonomy":"marca","embeddable":true,"href":"https:\/\/autobarbosa.com\/es\/wp-json\/wp\/v2\/marca?post=19581"}],"curies":[{"name":"wp","href":"https:\/\/api.w.org\/{rel}","templated":true}]}}