{"id":19589,"date":"2025-12-06T07:19:20","date_gmt":"2025-12-06T08:19:20","guid":{"rendered":"https:\/\/autobarbosa.com\/produto\/filtro-ar-green-208-rally-4\/"},"modified":"2026-05-01T07:25:10","modified_gmt":"2026-05-01T07:25:10","slug":"filtro-ar-green-208-rally-4","status":"publish","type":"product","link":"https:\/\/autobarbosa.com\/es\/produto\/filtro-ar-green-208-rally-4\/","title":{"rendered":"FILTRO AR GREEN 208 RALLY 4"},"content":{"rendered":"<p>Tipo de filtro: filtro desportivo de substitui\u00e7\u00e3o original GREEN FILTER<br \/>\nAtribui\u00e7\u00e3o : Peugeot 208 Rally 4<br \/>\nGreen FILTER desenvolve filtros de alto desempenho para caixas de ar originais. Com as dimens\u00f5es exactas do filtro original do seu Peugeot 208 Rally 4, \u00e9 f\u00e1cil de instalar e melhora imediatamente o desempenho do seu motor. Gra\u00e7as \u00e0 tecnologia de algod\u00e3o oleado multicamada, proporciona um melhor fluxo de ar e filtra perfeitamente o ar que entra. O seu motor ganhar\u00e1 em efic\u00e1cia e consumo. Fabricado em Fran\u00e7a, este filtro pode ser utilizado para toda a vida gra\u00e7as a uma limpeza e lubrifica\u00e7\u00e3o regulares e f\u00e1ceis com produtos especiais (dispon\u00edveis no site GT2I).<br \/>\nEficientes, econ\u00f3micos e ecol\u00f3gicos, os produtos GREEN FILTER s\u00e3o compat\u00edveis com todos os tipos de motores, preparados ou n\u00e3o. T\u00eam garantia vital\u00edcia<\/p>\n<p>Forma : REDONDA<br \/>\nFigura :<br \/>\nD1 : 95 mm<br \/>\nD2 :<br \/>\nD3 : 135 mm<br \/>\nD4 :<br \/>\nH : 181 mm<\/p>\n","protected":false},"excerpt":{"rendered":"<p>Tipo de filtro: filtro desportivo de substitui\u00e7\u00e3o original GREEN FILTER<br \/>\nAtribui\u00e7\u00e3o : Peugeot 208 Rally 4<br \/>\nGreen FILTER desenvolve filtros de alto desempenho para caixas de ar originais. Com as dimens\u00f5es exactas do filtro original do seu Peugeot 208 Rally 4, \u00e9 f\u00e1cil de instalar e melhora imediatamente o desempenho do seu motor. Gra\u00e7as \u00e0 tecnologia de algod\u00e3o oleado multicamada, proporciona um melhor fluxo de ar e filtra perfeitamente o ar que entra. O seu motor ganhar\u00e1 em efic\u00e1cia e consumo. Fabricado em Fran\u00e7a, este filtro pode ser utilizado para toda a vida gra\u00e7as a uma limpeza e lubrifica\u00e7\u00e3o regulares e f\u00e1ceis com produtos especiais (dispon\u00edveis no site GT2I).<br \/>\nEficientes, econ\u00f3micos e ecol\u00f3gicos, os produtos GREEN FILTER s\u00e3o compat\u00edveis com todos os tipos de motores, preparados ou n\u00e3o. T\u00eam garantia vital\u00edcia<\/p>\n<p>Forma : REDONDA<br \/>\nFigura :<br \/>\nD1 : 95 mm<br \/>\nD2 :<br \/>\nD3 : 135 mm<br \/>\nD4 :<br \/>\nH : 181 mm<\/p>\n","protected":false},"featured_media":19585,"template":"","meta":[],"product_cat":[479,514,525],"product_tag":[],"marca":[158],"class_list":["post-19589","product","type-product","status-publish","has-post-thumbnail","hentry","product_cat-viatura","product_cat-motor","product_cat-filtro-ar-acessorios","marca-green"],"yoast_head":"<!-- This site is optimized with the Yoast SEO plugin v20.5 - https:\/\/yoast.com\/wordpress\/plugins\/seo\/ -->\n<title>FILTRO AR GREEN 208 RALLY 4 - Auto Barbosa<\/title>\n<meta name=\"robots\" content=\"index, follow, max-snippet:-1, max-image-preview:large, max-video-preview:-1\" \/>\n<link rel=\"canonical\" href=\"https:\/\/autobarbosa.com\/es\/produto\/filtro-ar-green-208-rally-4\/\" \/>\n<meta property=\"og:locale\" content=\"es_ES\" \/>\n<meta property=\"og:type\" content=\"article\" \/>\n<meta property=\"og:title\" content=\"FILTRO AR GREEN 208 RALLY 4 - Auto Barbosa\" \/>\n<meta property=\"og:description\" content=\"Tipo de filtro: filtro desportivo de substitui\u00e7\u00e3o original GREEN FILTER Atribui\u00e7\u00e3o : Peugeot 208 Rally 4 Green FILTER desenvolve filtros de alto desempenho para caixas de ar originais. Com as dimens\u00f5es exactas do filtro original do seu Peugeot 208 Rally 4, \u00e9 f\u00e1cil de instalar e melhora imediatamente o desempenho do seu motor. Gra\u00e7as \u00e0 tecnologia de algod\u00e3o oleado multicamada, proporciona um melhor fluxo de ar e filtra perfeitamente o ar que entra. O seu motor ganhar\u00e1 em efic\u00e1cia e consumo. Fabricado em Fran\u00e7a, este filtro pode ser utilizado para toda a vida gra\u00e7as a uma limpeza e lubrifica\u00e7\u00e3o regulares e f\u00e1ceis com produtos especiais (dispon\u00edveis no site GT2I). Eficientes, econ\u00f3micos e ecol\u00f3gicos, os produtos GREEN FILTER s\u00e3o compat\u00edveis com todos os tipos de motores, preparados ou n\u00e3o. T\u00eam garantia vital\u00edcia  Forma : REDONDA Figura : D1 : 95 mm D2 : D3 : 135 mm D4 : H : 181 mm\" \/>\n<meta property=\"og:url\" content=\"https:\/\/autobarbosa.com\/es\/produto\/filtro-ar-green-208-rally-4\/\" \/>\n<meta property=\"og:site_name\" content=\"Auto Barbosa\" \/>\n<meta property=\"article:publisher\" content=\"https:\/\/www.facebook.com\/autobarbosaoficina\" \/>\n<meta property=\"article:modified_time\" content=\"2026-05-01T07:25:10+00:00\" \/>\n<meta property=\"og:image\" content=\"https:\/\/autobarbosa.com\/wp-content\/uploads\/2025\/12\/xr025.png\" \/>\n\t<meta property=\"og:image:width\" content=\"800\" \/>\n\t<meta property=\"og:image:height\" content=\"419\" \/>\n\t<meta property=\"og:image:type\" content=\"image\/png\" \/>\n<meta name=\"twitter:card\" content=\"summary_large_image\" \/>\n<meta name=\"twitter:label1\" content=\"Tiempo de lectura\" \/>\n\t<meta name=\"twitter:data1\" content=\"1 minuto\" \/>\n<script type=\"application\/ld+json\" class=\"yoast-schema-graph\">{\"@context\":\"https:\/\/schema.org\",\"@graph\":[{\"@type\":\"WebPage\",\"@id\":\"https:\/\/autobarbosa.com\/es\/produto\/filtro-ar-green-208-rally-4\/\",\"url\":\"https:\/\/autobarbosa.com\/es\/produto\/filtro-ar-green-208-rally-4\/\",\"name\":\"FILTRO AR GREEN 208 RALLY 4 - Auto Barbosa\",\"isPartOf\":{\"@id\":\"https:\/\/autobarbosa.com\/es\/#website\"},\"datePublished\":\"2025-12-06T08:19:20+00:00\",\"dateModified\":\"2026-05-01T07:25:10+00:00\",\"breadcrumb\":{\"@id\":\"https:\/\/autobarbosa.com\/es\/produto\/filtro-ar-green-208-rally-4\/#breadcrumb\"},\"inLanguage\":\"es\",\"potentialAction\":[{\"@type\":\"ReadAction\",\"target\":[\"https:\/\/autobarbosa.com\/es\/produto\/filtro-ar-green-208-rally-4\/\"]}]},{\"@type\":\"BreadcrumbList\",\"@id\":\"https:\/\/autobarbosa.com\/es\/produto\/filtro-ar-green-208-rally-4\/#breadcrumb\",\"itemListElement\":[{\"@type\":\"ListItem\",\"position\":1,\"name\":\"In\u00edcio\",\"item\":\"https:\/\/autobarbosa.com\/es\/\"},{\"@type\":\"ListItem\",\"position\":2,\"name\":\"Loja\",\"item\":\"https:\/\/autobarbosa.com\/\"},{\"@type\":\"ListItem\",\"position\":3,\"name\":\"FILTRO AR GREEN 208 RALLY 4\"}]},{\"@type\":\"WebSite\",\"@id\":\"https:\/\/autobarbosa.com\/es\/#website\",\"url\":\"https:\/\/autobarbosa.com\/es\/\",\"name\":\"Auto Barbosa\",\"description\":\"Site institucional\",\"publisher\":{\"@id\":\"https:\/\/autobarbosa.com\/es\/#organization\"},\"potentialAction\":[{\"@type\":\"SearchAction\",\"target\":{\"@type\":\"EntryPoint\",\"urlTemplate\":\"https:\/\/autobarbosa.com\/es\/?s={search_term_string}\"},\"query-input\":\"required name=search_term_string\"}],\"inLanguage\":\"es\"},{\"@type\":\"Organization\",\"@id\":\"https:\/\/autobarbosa.com\/es\/#organization\",\"name\":\"Auto Barbosa\",\"url\":\"https:\/\/autobarbosa.com\/es\/\",\"logo\":{\"@type\":\"ImageObject\",\"inLanguage\":\"es\",\"@id\":\"https:\/\/autobarbosa.com\/es\/#\/schema\/logo\/image\/\",\"url\":\"https:\/\/autobarbosa.com\/wp-content\/uploads\/2023\/03\/AUTO-BARBOSA-LOGO-1-e1678715539111.png\",\"contentUrl\":\"https:\/\/autobarbosa.com\/wp-content\/uploads\/2023\/03\/AUTO-BARBOSA-LOGO-1-e1678715539111.png\",\"width\":3233,\"height\":3233,\"caption\":\"Auto Barbosa\"},\"image\":{\"@id\":\"https:\/\/autobarbosa.com\/es\/#\/schema\/logo\/image\/\"},\"sameAs\":[\"https:\/\/www.facebook.com\/autobarbosaoficina\",\"https:\/\/www.instagram.com\/autobarbosa.oficina\/\"]}]}<\/script>\n<!-- \/ Yoast SEO plugin. -->","yoast_head_json":{"title":"FILTRO AR GREEN 208 RALLY 4 - Auto Barbosa","robots":{"index":"index","follow":"follow","max-snippet":"max-snippet:-1","max-image-preview":"max-image-preview:large","max-video-preview":"max-video-preview:-1"},"canonical":"https:\/\/autobarbosa.com\/es\/produto\/filtro-ar-green-208-rally-4\/","og_locale":"es_ES","og_type":"article","og_title":"FILTRO AR GREEN 208 RALLY 4 - Auto Barbosa","og_description":"Tipo de filtro: filtro desportivo de substitui\u00e7\u00e3o original GREEN FILTER Atribui\u00e7\u00e3o : Peugeot 208 Rally 4 Green FILTER desenvolve filtros de alto desempenho para caixas de ar originais. Com as dimens\u00f5es exactas do filtro original do seu Peugeot 208 Rally 4, \u00e9 f\u00e1cil de instalar e melhora imediatamente o desempenho do seu motor. Gra\u00e7as \u00e0 tecnologia de algod\u00e3o oleado multicamada, proporciona um melhor fluxo de ar e filtra perfeitamente o ar que entra. O seu motor ganhar\u00e1 em efic\u00e1cia e consumo. Fabricado em Fran\u00e7a, este filtro pode ser utilizado para toda a vida gra\u00e7as a uma limpeza e lubrifica\u00e7\u00e3o regulares e f\u00e1ceis com produtos especiais (dispon\u00edveis no site GT2I). Eficientes, econ\u00f3micos e ecol\u00f3gicos, os produtos GREEN FILTER s\u00e3o compat\u00edveis com todos os tipos de motores, preparados ou n\u00e3o. T\u00eam garantia vital\u00edcia  Forma : REDONDA Figura : D1 : 95 mm D2 : D3 : 135 mm D4 : H : 181 mm","og_url":"https:\/\/autobarbosa.com\/es\/produto\/filtro-ar-green-208-rally-4\/","og_site_name":"Auto Barbosa","article_publisher":"https:\/\/www.facebook.com\/autobarbosaoficina","article_modified_time":"2026-05-01T07:25:10+00:00","og_image":[{"width":800,"height":419,"url":"https:\/\/autobarbosa.com\/wp-content\/uploads\/2025\/12\/xr025.png","type":"image\/png"}],"twitter_card":"summary_large_image","twitter_misc":{"Tiempo de lectura":"1 minuto"},"schema":{"@context":"https:\/\/schema.org","@graph":[{"@type":"WebPage","@id":"https:\/\/autobarbosa.com\/es\/produto\/filtro-ar-green-208-rally-4\/","url":"https:\/\/autobarbosa.com\/es\/produto\/filtro-ar-green-208-rally-4\/","name":"FILTRO AR GREEN 208 RALLY 4 - Auto Barbosa","isPartOf":{"@id":"https:\/\/autobarbosa.com\/es\/#website"},"datePublished":"2025-12-06T08:19:20+00:00","dateModified":"2026-05-01T07:25:10+00:00","breadcrumb":{"@id":"https:\/\/autobarbosa.com\/es\/produto\/filtro-ar-green-208-rally-4\/#breadcrumb"},"inLanguage":"es","potentialAction":[{"@type":"ReadAction","target":["https:\/\/autobarbosa.com\/es\/produto\/filtro-ar-green-208-rally-4\/"]}]},{"@type":"BreadcrumbList","@id":"https:\/\/autobarbosa.com\/es\/produto\/filtro-ar-green-208-rally-4\/#breadcrumb","itemListElement":[{"@type":"ListItem","position":1,"name":"In\u00edcio","item":"https:\/\/autobarbosa.com\/es\/"},{"@type":"ListItem","position":2,"name":"Loja","item":"https:\/\/autobarbosa.com\/"},{"@type":"ListItem","position":3,"name":"FILTRO AR GREEN 208 RALLY 4"}]},{"@type":"WebSite","@id":"https:\/\/autobarbosa.com\/es\/#website","url":"https:\/\/autobarbosa.com\/es\/","name":"Auto Barbosa","description":"Site institucional","publisher":{"@id":"https:\/\/autobarbosa.com\/es\/#organization"},"potentialAction":[{"@type":"SearchAction","target":{"@type":"EntryPoint","urlTemplate":"https:\/\/autobarbosa.com\/es\/?s={search_term_string}"},"query-input":"required name=search_term_string"}],"inLanguage":"es"},{"@type":"Organization","@id":"https:\/\/autobarbosa.com\/es\/#organization","name":"Auto Barbosa","url":"https:\/\/autobarbosa.com\/es\/","logo":{"@type":"ImageObject","inLanguage":"es","@id":"https:\/\/autobarbosa.com\/es\/#\/schema\/logo\/image\/","url":"https:\/\/autobarbosa.com\/wp-content\/uploads\/2023\/03\/AUTO-BARBOSA-LOGO-1-e1678715539111.png","contentUrl":"https:\/\/autobarbosa.com\/wp-content\/uploads\/2023\/03\/AUTO-BARBOSA-LOGO-1-e1678715539111.png","width":3233,"height":3233,"caption":"Auto Barbosa"},"image":{"@id":"https:\/\/autobarbosa.com\/es\/#\/schema\/logo\/image\/"},"sameAs":["https:\/\/www.facebook.com\/autobarbosaoficina","https:\/\/www.instagram.com\/autobarbosa.oficina\/"]}]}},"_links":{"self":[{"href":"https:\/\/autobarbosa.com\/es\/wp-json\/wp\/v3\/product\/19589","targetHints":{"allow":["GET"]}}],"collection":[{"href":"https:\/\/autobarbosa.com\/es\/wp-json\/wp\/v3\/product"}],"about":[{"href":"https:\/\/autobarbosa.com\/es\/wp-json\/wp\/v2\/types\/product"}],"wp:featuredmedia":[{"embeddable":true,"href":"https:\/\/autobarbosa.com\/es\/wp-json\/wp\/v2\/media\/19585"}],"wp:attachment":[{"href":"https:\/\/autobarbosa.com\/es\/wp-json\/wp\/v2\/media?parent=19589"}],"wp:term":[{"taxonomy":"product_cat","embeddable":true,"href":"https:\/\/autobarbosa.com\/es\/wp-json\/wp\/v2\/product_cat?post=19589"},{"taxonomy":"product_tag","embeddable":true,"href":"https:\/\/autobarbosa.com\/es\/wp-json\/wp\/v2\/product_tag?post=19589"},{"taxonomy":"marca","embeddable":true,"href":"https:\/\/autobarbosa.com\/es\/wp-json\/wp\/v2\/marca?post=19589"}],"curies":[{"name":"wp","href":"https:\/\/api.w.org\/{rel}","templated":true}]}}