{"id":19661,"date":"2025-12-12T19:15:08","date_gmt":"2025-12-12T20:15:08","guid":{"rendered":"https:\/\/autobarbosa.com\/produto\/roll-bar-ast-v3-citroen-ax-3-portas-fia-appendix-j\/"},"modified":"2026-05-01T07:21:40","modified_gmt":"2026-05-01T07:21:40","slug":"roll-bar-ast-v3-citroen-ax-3-portas-fia-appendix-j","status":"publish","type":"product","link":"https:\/\/autobarbosa.com\/es\/produto\/roll-bar-ast-v3-citroen-ax-3-portas-fia-appendix-j\/","title":{"rendered":"ROLL BAR AST V3 CITROEN AX 3 PORTAS FIA APPENDIX J"},"content":{"rendered":"<p>Este Roll Bar de prote\u00e7\u00e3o \u00e9 fabricada de acordo com o Ap\u00eandice J da FIA nas seguintes vers\u00f5es: Citro\u00ebn AX GT 1.4i, Citro\u00ebn AX GTI e Citro\u00ebn AX 1.3 Sport<\/p>\n<p>Roll Bar de prote\u00e7\u00e3o AST Weld In V3 com 8 pontos na carroceria. As placas de refor\u00e7o s\u00e3o de a\u00e7o de 3mm de espessura e s\u00e3o projetadas e fabricadas especificamente para cada carro, alcan\u00e7ando m\u00e1xima seguran\u00e7a e encaixe no chassi. A gaiola de prote\u00e7\u00e3o \u00e9 entregue em kit de soldagem, n\u00e3o pintada, e \u00e9 composta por um aro principal de 45mm de di\u00e2metro em a\u00e7o E355; o restante da estrutura \u00e9 feito de 40mm de di\u00e2metro em a\u00e7o E355.<\/p>\n<p>Gra\u00e7as \u00e0 nossa tecnologia de scanner a laser, garantimos um design 3D preciso que se encaixa no seu ve\u00edculo.<\/p>\n<p>No pre\u00e7o deste artigo est\u00e3o inclu\u00eddos:<\/p>\n<p>&#8211; Kit de soldagem<\/p>\n<p>&#8211; Trav\u00f5es<\/p>\n<p>&#8211; Placas de refor\u00e7o<\/p>\n<p>&#8211; Parafusos, arruelas e porcas<\/p>\n<p>&#8211; Documenta\u00e7\u00e3o individual<\/p>\n<p>&#8211; Manual de instala\u00e7\u00e3o<\/p>\n<p>&#8211; Conjunto de adesivos<\/p>\n<p>&#8211; Amostra de soldagem em T<\/p>\n<p>* Esta estrutura foi projetada e constru\u00edda de acordo com o Anexo J da FIA. Consulte sua Federa\u00e7\u00e3o\/Organiza\u00e7\u00e3o Esportiva os requisitos m\u00ednimos de seguran\u00e7a espec\u00edficos para seu ve\u00edculo, vers\u00e3o, motor e tipo de teste e\/ou campeonato a ser disputado, mesmo que essa gaiola de prote\u00e7\u00e3o se encaixe em todos os motores dos modelos.<\/p>\n","protected":false},"excerpt":{"rendered":"<p>Este Roll Bar de prote\u00e7\u00e3o \u00e9 fabricada de acordo com o Ap\u00eandice J da FIA nas seguintes vers\u00f5es: Citro\u00ebn AX GT 1.4i, Citro\u00ebn AX GTI e Citro\u00ebn AX 1.3 Sport<\/p>\n<p>Roll Bar de prote\u00e7\u00e3o AST Weld In V3 com 8 pontos na carroceria. As placas de refor\u00e7o s\u00e3o de a\u00e7o de 3mm de espessura e s\u00e3o projetadas e fabricadas especificamente para cada carro, alcan\u00e7ando m\u00e1xima seguran\u00e7a e encaixe no chassi. A gaiola de prote\u00e7\u00e3o \u00e9 entregue em kit de soldagem, n\u00e3o pintada, e \u00e9 composta por um aro principal de 45mm de di\u00e2metro em a\u00e7o E355; o restante da estrutura \u00e9 feito de 40mm de di\u00e2metro em a\u00e7o E355.<\/p>\n<p>Gra\u00e7as \u00e0 nossa tecnologia de scanner a laser, garantimos um design 3D preciso que se encaixa no seu ve\u00edculo.<\/p>\n<p>No pre\u00e7o deste artigo est\u00e3o inclu\u00eddos:<\/p>\n<p>&#8211; Kit de soldagem<\/p>\n<p>&#8211; Trav\u00f5es<\/p>\n<p>&#8211; Placas de refor\u00e7o<\/p>\n<p>&#8211; Parafusos, arruelas e porcas<\/p>\n<p>&#8211; Documenta\u00e7\u00e3o individual<\/p>\n<p>&#8211; Manual de instala\u00e7\u00e3o<\/p>\n<p>&#8211; Conjunto de adesivos<\/p>\n<p>&#8211; Amostra de soldagem em T<\/p>\n<p>* Esta estrutura foi projetada e constru\u00edda de acordo com o Anexo J da FIA. Consulte sua Federa\u00e7\u00e3o\/Organiza\u00e7\u00e3o Esportiva os requisitos m\u00ednimos de seguran\u00e7a espec\u00edficos para seu ve\u00edculo, vers\u00e3o, motor e tipo de teste e\/ou campeonato a ser disputado, mesmo que essa gaiola de prote\u00e7\u00e3o se encaixe em todos os motores dos modelos.<\/p>\n","protected":false},"featured_media":19657,"template":"","meta":[],"product_cat":[965,479,489,490],"product_tag":[],"marca":[976],"class_list":["post-19661","product","type-product","status-publish","has-post-thumbnail","hentry","product_cat-rollbar-e-acessorios","product_cat-viatura","product_cat-habitaculo","product_cat-rollbar","marca-ast-roll-cages"],"yoast_head":"<!-- This site is optimized with the Yoast SEO plugin v20.5 - https:\/\/yoast.com\/wordpress\/plugins\/seo\/ -->\n<title>ROLL BAR AST V3 CITROEN AX 3 PORTAS FIA APPENDIX J - Auto Barbosa<\/title>\n<meta name=\"robots\" content=\"index, follow, max-snippet:-1, max-image-preview:large, max-video-preview:-1\" \/>\n<link rel=\"canonical\" href=\"https:\/\/autobarbosa.com\/es\/produto\/roll-bar-ast-v3-citroen-ax-3-portas-fia-appendix-j\/\" \/>\n<meta property=\"og:locale\" content=\"es_ES\" \/>\n<meta property=\"og:type\" content=\"article\" \/>\n<meta property=\"og:title\" content=\"ROLL BAR AST V3 CITROEN AX 3 PORTAS FIA APPENDIX J - Auto Barbosa\" \/>\n<meta property=\"og:description\" content=\"Este Roll Bar de prote\u00e7\u00e3o \u00e9 fabricada de acordo com o Ap\u00eandice J da FIA nas seguintes vers\u00f5es: Citro\u00ebn AX GT 1.4i, Citro\u00ebn AX GTI e Citro\u00ebn AX 1.3 Sport  Roll Bar de prote\u00e7\u00e3o AST Weld In V3 com 8 pontos na carroceria. As placas de refor\u00e7o s\u00e3o de a\u00e7o de 3mm de espessura e s\u00e3o projetadas e fabricadas especificamente para cada carro, alcan\u00e7ando m\u00e1xima seguran\u00e7a e encaixe no chassi. A gaiola de prote\u00e7\u00e3o \u00e9 entregue em kit de soldagem, n\u00e3o pintada, e \u00e9 composta por um aro principal de 45mm de di\u00e2metro em a\u00e7o E355; o restante da estrutura \u00e9 feito de 40mm de di\u00e2metro em a\u00e7o E355.  Gra\u00e7as \u00e0 nossa tecnologia de scanner a laser, garantimos um design 3D preciso que se encaixa no seu ve\u00edculo.  No pre\u00e7o deste artigo est\u00e3o inclu\u00eddos:  - Kit de soldagem  - Trav\u00f5es  - Placas de refor\u00e7o  - Parafusos, arruelas e porcas  - Documenta\u00e7\u00e3o individual  - Manual de instala\u00e7\u00e3o  - Conjunto de adesivos  - Amostra de soldagem em T  * Esta estrutura foi projetada e constru\u00edda de acordo com o Anexo J da FIA. Consulte sua Federa\u00e7\u00e3o\/Organiza\u00e7\u00e3o Esportiva os requisitos m\u00ednimos de seguran\u00e7a espec\u00edficos para seu ve\u00edculo, vers\u00e3o, motor e tipo de teste e\/ou campeonato a ser disputado, mesmo que essa gaiola de prote\u00e7\u00e3o se encaixe em todos os motores dos modelos.\" \/>\n<meta property=\"og:url\" content=\"https:\/\/autobarbosa.com\/es\/produto\/roll-bar-ast-v3-citroen-ax-3-portas-fia-appendix-j\/\" \/>\n<meta property=\"og:site_name\" content=\"Auto Barbosa\" \/>\n<meta property=\"article:publisher\" content=\"https:\/\/www.facebook.com\/autobarbosaoficina\" \/>\n<meta property=\"article:modified_time\" content=\"2026-05-01T07:21:40+00:00\" \/>\n<meta property=\"og:image\" content=\"https:\/\/autobarbosa.com\/wp-content\/uploads\/2025\/12\/cmbn00741.png\" \/>\n\t<meta property=\"og:image:width\" content=\"800\" \/>\n\t<meta property=\"og:image:height\" content=\"800\" \/>\n\t<meta property=\"og:image:type\" content=\"image\/png\" \/>\n<meta name=\"twitter:card\" content=\"summary_large_image\" \/>\n<meta name=\"twitter:label1\" content=\"Tiempo de lectura\" \/>\n\t<meta name=\"twitter:data1\" content=\"1 minuto\" \/>\n<script type=\"application\/ld+json\" class=\"yoast-schema-graph\">{\"@context\":\"https:\/\/schema.org\",\"@graph\":[{\"@type\":\"WebPage\",\"@id\":\"https:\/\/autobarbosa.com\/es\/produto\/roll-bar-ast-v3-citroen-ax-3-portas-fia-appendix-j\/\",\"url\":\"https:\/\/autobarbosa.com\/es\/produto\/roll-bar-ast-v3-citroen-ax-3-portas-fia-appendix-j\/\",\"name\":\"ROLL BAR AST V3 CITROEN AX 3 PORTAS FIA APPENDIX J - Auto Barbosa\",\"isPartOf\":{\"@id\":\"https:\/\/autobarbosa.com\/es\/#website\"},\"datePublished\":\"2025-12-12T20:15:08+00:00\",\"dateModified\":\"2026-05-01T07:21:40+00:00\",\"breadcrumb\":{\"@id\":\"https:\/\/autobarbosa.com\/es\/produto\/roll-bar-ast-v3-citroen-ax-3-portas-fia-appendix-j\/#breadcrumb\"},\"inLanguage\":\"es\",\"potentialAction\":[{\"@type\":\"ReadAction\",\"target\":[\"https:\/\/autobarbosa.com\/es\/produto\/roll-bar-ast-v3-citroen-ax-3-portas-fia-appendix-j\/\"]}]},{\"@type\":\"BreadcrumbList\",\"@id\":\"https:\/\/autobarbosa.com\/es\/produto\/roll-bar-ast-v3-citroen-ax-3-portas-fia-appendix-j\/#breadcrumb\",\"itemListElement\":[{\"@type\":\"ListItem\",\"position\":1,\"name\":\"In\u00edcio\",\"item\":\"https:\/\/autobarbosa.com\/es\/\"},{\"@type\":\"ListItem\",\"position\":2,\"name\":\"Loja\",\"item\":\"https:\/\/autobarbosa.com\/\"},{\"@type\":\"ListItem\",\"position\":3,\"name\":\"ROLL BAR AST V3 CITROEN AX 3 PORTAS FIA APPENDIX J\"}]},{\"@type\":\"WebSite\",\"@id\":\"https:\/\/autobarbosa.com\/es\/#website\",\"url\":\"https:\/\/autobarbosa.com\/es\/\",\"name\":\"Auto Barbosa\",\"description\":\"Site institucional\",\"publisher\":{\"@id\":\"https:\/\/autobarbosa.com\/es\/#organization\"},\"potentialAction\":[{\"@type\":\"SearchAction\",\"target\":{\"@type\":\"EntryPoint\",\"urlTemplate\":\"https:\/\/autobarbosa.com\/es\/?s={search_term_string}\"},\"query-input\":\"required name=search_term_string\"}],\"inLanguage\":\"es\"},{\"@type\":\"Organization\",\"@id\":\"https:\/\/autobarbosa.com\/es\/#organization\",\"name\":\"Auto Barbosa\",\"url\":\"https:\/\/autobarbosa.com\/es\/\",\"logo\":{\"@type\":\"ImageObject\",\"inLanguage\":\"es\",\"@id\":\"https:\/\/autobarbosa.com\/es\/#\/schema\/logo\/image\/\",\"url\":\"https:\/\/autobarbosa.com\/wp-content\/uploads\/2023\/03\/AUTO-BARBOSA-LOGO-1-e1678715539111.png\",\"contentUrl\":\"https:\/\/autobarbosa.com\/wp-content\/uploads\/2023\/03\/AUTO-BARBOSA-LOGO-1-e1678715539111.png\",\"width\":3233,\"height\":3233,\"caption\":\"Auto Barbosa\"},\"image\":{\"@id\":\"https:\/\/autobarbosa.com\/es\/#\/schema\/logo\/image\/\"},\"sameAs\":[\"https:\/\/www.facebook.com\/autobarbosaoficina\",\"https:\/\/www.instagram.com\/autobarbosa.oficina\/\"]}]}<\/script>\n<!-- \/ Yoast SEO plugin. -->","yoast_head_json":{"title":"ROLL BAR AST V3 CITROEN AX 3 PORTAS FIA APPENDIX J - Auto Barbosa","robots":{"index":"index","follow":"follow","max-snippet":"max-snippet:-1","max-image-preview":"max-image-preview:large","max-video-preview":"max-video-preview:-1"},"canonical":"https:\/\/autobarbosa.com\/es\/produto\/roll-bar-ast-v3-citroen-ax-3-portas-fia-appendix-j\/","og_locale":"es_ES","og_type":"article","og_title":"ROLL BAR AST V3 CITROEN AX 3 PORTAS FIA APPENDIX J - Auto Barbosa","og_description":"Este Roll Bar de prote\u00e7\u00e3o \u00e9 fabricada de acordo com o Ap\u00eandice J da FIA nas seguintes vers\u00f5es: Citro\u00ebn AX GT 1.4i, Citro\u00ebn AX GTI e Citro\u00ebn AX 1.3 Sport  Roll Bar de prote\u00e7\u00e3o AST Weld In V3 com 8 pontos na carroceria. As placas de refor\u00e7o s\u00e3o de a\u00e7o de 3mm de espessura e s\u00e3o projetadas e fabricadas especificamente para cada carro, alcan\u00e7ando m\u00e1xima seguran\u00e7a e encaixe no chassi. A gaiola de prote\u00e7\u00e3o \u00e9 entregue em kit de soldagem, n\u00e3o pintada, e \u00e9 composta por um aro principal de 45mm de di\u00e2metro em a\u00e7o E355; o restante da estrutura \u00e9 feito de 40mm de di\u00e2metro em a\u00e7o E355.  Gra\u00e7as \u00e0 nossa tecnologia de scanner a laser, garantimos um design 3D preciso que se encaixa no seu ve\u00edculo.  No pre\u00e7o deste artigo est\u00e3o inclu\u00eddos:  - Kit de soldagem  - Trav\u00f5es  - Placas de refor\u00e7o  - Parafusos, arruelas e porcas  - Documenta\u00e7\u00e3o individual  - Manual de instala\u00e7\u00e3o  - Conjunto de adesivos  - Amostra de soldagem em T  * Esta estrutura foi projetada e constru\u00edda de acordo com o Anexo J da FIA. Consulte sua Federa\u00e7\u00e3o\/Organiza\u00e7\u00e3o Esportiva os requisitos m\u00ednimos de seguran\u00e7a espec\u00edficos para seu ve\u00edculo, vers\u00e3o, motor e tipo de teste e\/ou campeonato a ser disputado, mesmo que essa gaiola de prote\u00e7\u00e3o se encaixe em todos os motores dos modelos.","og_url":"https:\/\/autobarbosa.com\/es\/produto\/roll-bar-ast-v3-citroen-ax-3-portas-fia-appendix-j\/","og_site_name":"Auto Barbosa","article_publisher":"https:\/\/www.facebook.com\/autobarbosaoficina","article_modified_time":"2026-05-01T07:21:40+00:00","og_image":[{"width":800,"height":800,"url":"https:\/\/autobarbosa.com\/wp-content\/uploads\/2025\/12\/cmbn00741.png","type":"image\/png"}],"twitter_card":"summary_large_image","twitter_misc":{"Tiempo de lectura":"1 minuto"},"schema":{"@context":"https:\/\/schema.org","@graph":[{"@type":"WebPage","@id":"https:\/\/autobarbosa.com\/es\/produto\/roll-bar-ast-v3-citroen-ax-3-portas-fia-appendix-j\/","url":"https:\/\/autobarbosa.com\/es\/produto\/roll-bar-ast-v3-citroen-ax-3-portas-fia-appendix-j\/","name":"ROLL BAR AST V3 CITROEN AX 3 PORTAS FIA APPENDIX J - Auto Barbosa","isPartOf":{"@id":"https:\/\/autobarbosa.com\/es\/#website"},"datePublished":"2025-12-12T20:15:08+00:00","dateModified":"2026-05-01T07:21:40+00:00","breadcrumb":{"@id":"https:\/\/autobarbosa.com\/es\/produto\/roll-bar-ast-v3-citroen-ax-3-portas-fia-appendix-j\/#breadcrumb"},"inLanguage":"es","potentialAction":[{"@type":"ReadAction","target":["https:\/\/autobarbosa.com\/es\/produto\/roll-bar-ast-v3-citroen-ax-3-portas-fia-appendix-j\/"]}]},{"@type":"BreadcrumbList","@id":"https:\/\/autobarbosa.com\/es\/produto\/roll-bar-ast-v3-citroen-ax-3-portas-fia-appendix-j\/#breadcrumb","itemListElement":[{"@type":"ListItem","position":1,"name":"In\u00edcio","item":"https:\/\/autobarbosa.com\/es\/"},{"@type":"ListItem","position":2,"name":"Loja","item":"https:\/\/autobarbosa.com\/"},{"@type":"ListItem","position":3,"name":"ROLL BAR AST V3 CITROEN AX 3 PORTAS FIA APPENDIX J"}]},{"@type":"WebSite","@id":"https:\/\/autobarbosa.com\/es\/#website","url":"https:\/\/autobarbosa.com\/es\/","name":"Auto Barbosa","description":"Site institucional","publisher":{"@id":"https:\/\/autobarbosa.com\/es\/#organization"},"potentialAction":[{"@type":"SearchAction","target":{"@type":"EntryPoint","urlTemplate":"https:\/\/autobarbosa.com\/es\/?s={search_term_string}"},"query-input":"required name=search_term_string"}],"inLanguage":"es"},{"@type":"Organization","@id":"https:\/\/autobarbosa.com\/es\/#organization","name":"Auto Barbosa","url":"https:\/\/autobarbosa.com\/es\/","logo":{"@type":"ImageObject","inLanguage":"es","@id":"https:\/\/autobarbosa.com\/es\/#\/schema\/logo\/image\/","url":"https:\/\/autobarbosa.com\/wp-content\/uploads\/2023\/03\/AUTO-BARBOSA-LOGO-1-e1678715539111.png","contentUrl":"https:\/\/autobarbosa.com\/wp-content\/uploads\/2023\/03\/AUTO-BARBOSA-LOGO-1-e1678715539111.png","width":3233,"height":3233,"caption":"Auto Barbosa"},"image":{"@id":"https:\/\/autobarbosa.com\/es\/#\/schema\/logo\/image\/"},"sameAs":["https:\/\/www.facebook.com\/autobarbosaoficina","https:\/\/www.instagram.com\/autobarbosa.oficina\/"]}]}},"_links":{"self":[{"href":"https:\/\/autobarbosa.com\/es\/wp-json\/wp\/v3\/product\/19661","targetHints":{"allow":["GET"]}}],"collection":[{"href":"https:\/\/autobarbosa.com\/es\/wp-json\/wp\/v3\/product"}],"about":[{"href":"https:\/\/autobarbosa.com\/es\/wp-json\/wp\/v2\/types\/product"}],"wp:featuredmedia":[{"embeddable":true,"href":"https:\/\/autobarbosa.com\/es\/wp-json\/wp\/v2\/media\/19657"}],"wp:attachment":[{"href":"https:\/\/autobarbosa.com\/es\/wp-json\/wp\/v2\/media?parent=19661"}],"wp:term":[{"taxonomy":"product_cat","embeddable":true,"href":"https:\/\/autobarbosa.com\/es\/wp-json\/wp\/v2\/product_cat?post=19661"},{"taxonomy":"product_tag","embeddable":true,"href":"https:\/\/autobarbosa.com\/es\/wp-json\/wp\/v2\/product_tag?post=19661"},{"taxonomy":"marca","embeddable":true,"href":"https:\/\/autobarbosa.com\/es\/wp-json\/wp\/v2\/marca?post=19661"}],"curies":[{"name":"wp","href":"https:\/\/api.w.org\/{rel}","templated":true}]}}