{"id":19749,"date":"2025-12-16T07:07:04","date_gmt":"2025-12-16T08:07:04","guid":{"rendered":"https:\/\/autobarbosa.com\/produto\/entrada-de-ar-tejadilho-redsepec-universal\/"},"modified":"2026-04-21T07:09:23","modified_gmt":"2026-04-21T07:09:23","slug":"entrada-de-ar-tejadilho-redsepec-universal","status":"publish","type":"product","link":"https:\/\/autobarbosa.com\/es\/produto\/entrada-de-ar-tejadilho-redsepec-universal\/","title":{"rendered":"ENTRADA DE AR TEJADILHO &#8211; REDSEPEC &#8211;  UNIVERSAL"},"content":{"rendered":"<p>Entrada de ar  universal REDSPEC Carbono e fibra<\/p>\n<p>Peso reduzido!<br \/>\nEst\u00e1 em conformidade com os regulamentos F2000.<br \/>\nEntrada de ar  de teto de fibra e ventila\u00e7\u00e3o de carbono com ajuste separado do fluxo de ar esquerdo\/direito.<br \/>\nDimens\u00f5es:<br \/>\n&#8211; Exterior: 370 x 290 mm.<br \/>\n&#8211; Interior: 210 x 250 mm.<\/p>\n","protected":false},"excerpt":{"rendered":"<p>Entrada de ar  universal REDSPEC Carbono e fibra<\/p>\n<p>Peso reduzido!<br \/>\nEst\u00e1 em conformidade com os regulamentos F2000.<br \/>\nEntrada de ar  de teto de fibra e ventila\u00e7\u00e3o de carbono com ajuste separado do fluxo de ar esquerdo\/direito.<br \/>\nDimens\u00f5es:<br \/>\n&#8211; Exterior: 370 x 290 mm.<br \/>\n&#8211; Interior: 210 x 250 mm.<\/p>\n","protected":false},"featured_media":19745,"template":"","meta":[],"product_cat":[479,499,928],"product_tag":[],"marca":[162],"class_list":["post-19749","product","type-product","status-publish","has-post-thumbnail","hentry","product_cat-viatura","product_cat-carrocaria","product_cat-pecas-poliester","marca-trs"],"yoast_head":"<!-- This site is optimized with the Yoast SEO plugin v20.5 - https:\/\/yoast.com\/wordpress\/plugins\/seo\/ -->\n<title>ENTRADA DE AR TEJADILHO - REDSEPEC - UNIVERSAL - Auto Barbosa<\/title>\n<meta name=\"robots\" content=\"index, follow, max-snippet:-1, max-image-preview:large, max-video-preview:-1\" \/>\n<link rel=\"canonical\" href=\"https:\/\/autobarbosa.com\/es\/produto\/entrada-de-ar-tejadilho-redsepec-universal\/\" \/>\n<meta property=\"og:locale\" content=\"es_ES\" \/>\n<meta property=\"og:type\" content=\"article\" \/>\n<meta property=\"og:title\" content=\"ENTRADA DE AR TEJADILHO - REDSEPEC - UNIVERSAL - Auto Barbosa\" \/>\n<meta property=\"og:description\" content=\"Entrada de ar universal REDSPEC Carbono e fibra  Peso reduzido! Est\u00e1 em conformidade com os regulamentos F2000. Entrada de ar de teto de fibra e ventila\u00e7\u00e3o de carbono com ajuste separado do fluxo de ar esquerdo\/direito. Dimens\u00f5es: - Exterior: 370 x 290 mm. - Interior: 210 x 250 mm.\" \/>\n<meta property=\"og:url\" content=\"https:\/\/autobarbosa.com\/es\/produto\/entrada-de-ar-tejadilho-redsepec-universal\/\" \/>\n<meta property=\"og:site_name\" content=\"Auto Barbosa\" \/>\n<meta property=\"article:publisher\" content=\"https:\/\/www.facebook.com\/autobarbosaoficina\" \/>\n<meta property=\"article:modified_time\" content=\"2026-04-21T07:09:23+00:00\" \/>\n<meta property=\"og:image\" content=\"https:\/\/autobarbosa.com\/wp-content\/uploads\/2025\/12\/6460001.png\" \/>\n\t<meta property=\"og:image:width\" content=\"800\" \/>\n\t<meta property=\"og:image:height\" content=\"800\" \/>\n\t<meta property=\"og:image:type\" content=\"image\/png\" \/>\n<meta name=\"twitter:card\" content=\"summary_large_image\" \/>\n<script type=\"application\/ld+json\" class=\"yoast-schema-graph\">{\"@context\":\"https:\/\/schema.org\",\"@graph\":[{\"@type\":\"WebPage\",\"@id\":\"https:\/\/autobarbosa.com\/es\/produto\/entrada-de-ar-tejadilho-redsepec-universal\/\",\"url\":\"https:\/\/autobarbosa.com\/es\/produto\/entrada-de-ar-tejadilho-redsepec-universal\/\",\"name\":\"ENTRADA DE AR TEJADILHO - REDSEPEC - UNIVERSAL - Auto Barbosa\",\"isPartOf\":{\"@id\":\"https:\/\/autobarbosa.com\/es\/#website\"},\"datePublished\":\"2025-12-16T08:07:04+00:00\",\"dateModified\":\"2026-04-21T07:09:23+00:00\",\"breadcrumb\":{\"@id\":\"https:\/\/autobarbosa.com\/es\/produto\/entrada-de-ar-tejadilho-redsepec-universal\/#breadcrumb\"},\"inLanguage\":\"es\",\"potentialAction\":[{\"@type\":\"ReadAction\",\"target\":[\"https:\/\/autobarbosa.com\/es\/produto\/entrada-de-ar-tejadilho-redsepec-universal\/\"]}]},{\"@type\":\"BreadcrumbList\",\"@id\":\"https:\/\/autobarbosa.com\/es\/produto\/entrada-de-ar-tejadilho-redsepec-universal\/#breadcrumb\",\"itemListElement\":[{\"@type\":\"ListItem\",\"position\":1,\"name\":\"In\u00edcio\",\"item\":\"https:\/\/autobarbosa.com\/es\/\"},{\"@type\":\"ListItem\",\"position\":2,\"name\":\"Loja\",\"item\":\"https:\/\/autobarbosa.com\/\"},{\"@type\":\"ListItem\",\"position\":3,\"name\":\"ENTRADA DE AR TEJADILHO &#8211; REDSEPEC &#8211; UNIVERSAL\"}]},{\"@type\":\"WebSite\",\"@id\":\"https:\/\/autobarbosa.com\/es\/#website\",\"url\":\"https:\/\/autobarbosa.com\/es\/\",\"name\":\"Auto Barbosa\",\"description\":\"Site institucional\",\"publisher\":{\"@id\":\"https:\/\/autobarbosa.com\/es\/#organization\"},\"potentialAction\":[{\"@type\":\"SearchAction\",\"target\":{\"@type\":\"EntryPoint\",\"urlTemplate\":\"https:\/\/autobarbosa.com\/es\/?s={search_term_string}\"},\"query-input\":\"required name=search_term_string\"}],\"inLanguage\":\"es\"},{\"@type\":\"Organization\",\"@id\":\"https:\/\/autobarbosa.com\/es\/#organization\",\"name\":\"Auto Barbosa\",\"url\":\"https:\/\/autobarbosa.com\/es\/\",\"logo\":{\"@type\":\"ImageObject\",\"inLanguage\":\"es\",\"@id\":\"https:\/\/autobarbosa.com\/es\/#\/schema\/logo\/image\/\",\"url\":\"https:\/\/autobarbosa.com\/wp-content\/uploads\/2023\/03\/AUTO-BARBOSA-LOGO-1-e1678715539111.png\",\"contentUrl\":\"https:\/\/autobarbosa.com\/wp-content\/uploads\/2023\/03\/AUTO-BARBOSA-LOGO-1-e1678715539111.png\",\"width\":3233,\"height\":3233,\"caption\":\"Auto Barbosa\"},\"image\":{\"@id\":\"https:\/\/autobarbosa.com\/es\/#\/schema\/logo\/image\/\"},\"sameAs\":[\"https:\/\/www.facebook.com\/autobarbosaoficina\",\"https:\/\/www.instagram.com\/autobarbosa.oficina\/\"]}]}<\/script>\n<!-- \/ Yoast SEO plugin. -->","yoast_head_json":{"title":"ENTRADA DE AR TEJADILHO - REDSEPEC - UNIVERSAL - Auto Barbosa","robots":{"index":"index","follow":"follow","max-snippet":"max-snippet:-1","max-image-preview":"max-image-preview:large","max-video-preview":"max-video-preview:-1"},"canonical":"https:\/\/autobarbosa.com\/es\/produto\/entrada-de-ar-tejadilho-redsepec-universal\/","og_locale":"es_ES","og_type":"article","og_title":"ENTRADA DE AR TEJADILHO - REDSEPEC - UNIVERSAL - Auto Barbosa","og_description":"Entrada de ar universal REDSPEC Carbono e fibra  Peso reduzido! Est\u00e1 em conformidade com os regulamentos F2000. Entrada de ar de teto de fibra e ventila\u00e7\u00e3o de carbono com ajuste separado do fluxo de ar esquerdo\/direito. Dimens\u00f5es: - Exterior: 370 x 290 mm. - Interior: 210 x 250 mm.","og_url":"https:\/\/autobarbosa.com\/es\/produto\/entrada-de-ar-tejadilho-redsepec-universal\/","og_site_name":"Auto Barbosa","article_publisher":"https:\/\/www.facebook.com\/autobarbosaoficina","article_modified_time":"2026-04-21T07:09:23+00:00","og_image":[{"width":800,"height":800,"url":"https:\/\/autobarbosa.com\/wp-content\/uploads\/2025\/12\/6460001.png","type":"image\/png"}],"twitter_card":"summary_large_image","schema":{"@context":"https:\/\/schema.org","@graph":[{"@type":"WebPage","@id":"https:\/\/autobarbosa.com\/es\/produto\/entrada-de-ar-tejadilho-redsepec-universal\/","url":"https:\/\/autobarbosa.com\/es\/produto\/entrada-de-ar-tejadilho-redsepec-universal\/","name":"ENTRADA DE AR TEJADILHO - REDSEPEC - UNIVERSAL - Auto Barbosa","isPartOf":{"@id":"https:\/\/autobarbosa.com\/es\/#website"},"datePublished":"2025-12-16T08:07:04+00:00","dateModified":"2026-04-21T07:09:23+00:00","breadcrumb":{"@id":"https:\/\/autobarbosa.com\/es\/produto\/entrada-de-ar-tejadilho-redsepec-universal\/#breadcrumb"},"inLanguage":"es","potentialAction":[{"@type":"ReadAction","target":["https:\/\/autobarbosa.com\/es\/produto\/entrada-de-ar-tejadilho-redsepec-universal\/"]}]},{"@type":"BreadcrumbList","@id":"https:\/\/autobarbosa.com\/es\/produto\/entrada-de-ar-tejadilho-redsepec-universal\/#breadcrumb","itemListElement":[{"@type":"ListItem","position":1,"name":"In\u00edcio","item":"https:\/\/autobarbosa.com\/es\/"},{"@type":"ListItem","position":2,"name":"Loja","item":"https:\/\/autobarbosa.com\/"},{"@type":"ListItem","position":3,"name":"ENTRADA DE AR TEJADILHO &#8211; REDSEPEC &#8211; UNIVERSAL"}]},{"@type":"WebSite","@id":"https:\/\/autobarbosa.com\/es\/#website","url":"https:\/\/autobarbosa.com\/es\/","name":"Auto Barbosa","description":"Site institucional","publisher":{"@id":"https:\/\/autobarbosa.com\/es\/#organization"},"potentialAction":[{"@type":"SearchAction","target":{"@type":"EntryPoint","urlTemplate":"https:\/\/autobarbosa.com\/es\/?s={search_term_string}"},"query-input":"required name=search_term_string"}],"inLanguage":"es"},{"@type":"Organization","@id":"https:\/\/autobarbosa.com\/es\/#organization","name":"Auto Barbosa","url":"https:\/\/autobarbosa.com\/es\/","logo":{"@type":"ImageObject","inLanguage":"es","@id":"https:\/\/autobarbosa.com\/es\/#\/schema\/logo\/image\/","url":"https:\/\/autobarbosa.com\/wp-content\/uploads\/2023\/03\/AUTO-BARBOSA-LOGO-1-e1678715539111.png","contentUrl":"https:\/\/autobarbosa.com\/wp-content\/uploads\/2023\/03\/AUTO-BARBOSA-LOGO-1-e1678715539111.png","width":3233,"height":3233,"caption":"Auto Barbosa"},"image":{"@id":"https:\/\/autobarbosa.com\/es\/#\/schema\/logo\/image\/"},"sameAs":["https:\/\/www.facebook.com\/autobarbosaoficina","https:\/\/www.instagram.com\/autobarbosa.oficina\/"]}]}},"_links":{"self":[{"href":"https:\/\/autobarbosa.com\/es\/wp-json\/wp\/v3\/product\/19749","targetHints":{"allow":["GET"]}}],"collection":[{"href":"https:\/\/autobarbosa.com\/es\/wp-json\/wp\/v3\/product"}],"about":[{"href":"https:\/\/autobarbosa.com\/es\/wp-json\/wp\/v2\/types\/product"}],"wp:featuredmedia":[{"embeddable":true,"href":"https:\/\/autobarbosa.com\/es\/wp-json\/wp\/v2\/media\/19745"}],"wp:attachment":[{"href":"https:\/\/autobarbosa.com\/es\/wp-json\/wp\/v2\/media?parent=19749"}],"wp:term":[{"taxonomy":"product_cat","embeddable":true,"href":"https:\/\/autobarbosa.com\/es\/wp-json\/wp\/v2\/product_cat?post=19749"},{"taxonomy":"product_tag","embeddable":true,"href":"https:\/\/autobarbosa.com\/es\/wp-json\/wp\/v2\/product_tag?post=19749"},{"taxonomy":"marca","embeddable":true,"href":"https:\/\/autobarbosa.com\/es\/wp-json\/wp\/v2\/marca?post=19749"}],"curies":[{"name":"wp","href":"https:\/\/api.w.org\/{rel}","templated":true}]}}