{"id":20412,"date":"2025-12-16T07:10:20","date_gmt":"2025-12-16T08:10:20","guid":{"rendered":"https:\/\/autobarbosa.com\/produto\/fato-omp-first-s-fia-8856-2028-preto-sz-52\/"},"modified":"2025-12-16T07:10:20","modified_gmt":"2025-12-16T08:10:20","slug":"fato-omp-first-s-fia-8856-2028-preto-sz-52","status":"publish","type":"product","link":"https:\/\/autobarbosa.com\/es\/produto\/fato-omp-first-s-fia-8856-2028-preto-sz-52\/","title":{"rendered":"FATO OMP FIRST-S FIA 8856-2028 &#8211; PRETO &#8211;  SZ 52"},"content":{"rendered":"<p>FATO OMP FIRST-S FIA<\/p>\n<p>O FATO OMP FIRST-S FIA foi projetado para garantir seguran\u00e7a e conforto ideal para o piloto e o navegador. Aprovado de acordo com os rigorosos padr\u00f5es da FIA, oferece prote\u00e7\u00e3o antichamas de alta qualidade gra\u00e7as aos seus materiais avan\u00e7ados. Seu design ergon\u00f4mico garante um ajuste preciso e m\u00e1xima liberdade de movimento, essencial para um desempenho ideal durante as competi\u00e7\u00f5es. O macac\u00e3o OMP FIRST-S \u00e9 a escolha ideal para equipes de rali e automobilismo que exigem seguran\u00e7a, conforto e efici\u00eancia em todos os tipos de terreno.<\/p>\n<p>Macac\u00e3o profissional de n\u00edvel b\u00e1sico, dur\u00e1vel e confort\u00e1vel, com um visual moderno.<\/p>\n<p>\u2022 Composi\u00e7\u00e3o: Camada externa em tecido leve \/ Forro em tric\u00f4 macio antichamas<br \/>\n\u2022 N\u00famero de camadas: 2.<br \/>\n\u2022 Peso: 385 g\/m\u00b2 (+\/\u2022 5%).<br \/>\n.<br \/>\n\u2022 Bolsos externos.<br \/>\n\u2022 Cinto: Sim.<br \/>\n\u2022 Mangas soltas.<br \/>\n\u2022 El\u00e1stico lombar: Sim.<br \/>\n\u2022 Costuras ultraplanas.<br \/>\n\u2022 Costura em V.<\/p>\n<p>Personaliza\u00e7\u00e3o sob encomenda.<\/p>\n<p>Homologa\u00e7\u00e3o: FIA 8856-2018.<br \/>\nCor: Preto.<br \/>\nTamanhos: Do 44 ao 64.<br \/>\nFabricado na It\u00e1lia.<\/p>\n","protected":false},"excerpt":{"rendered":"<p>FATO OMP FIRST-S FIA<\/p>\n<p>O FATO OMP FIRST-S FIA foi projetado para garantir seguran\u00e7a e conforto ideal para o piloto e o navegador. Aprovado de acordo com os rigorosos padr\u00f5es da FIA, oferece prote\u00e7\u00e3o antichamas de alta qualidade gra\u00e7as aos seus materiais avan\u00e7ados. Seu design ergon\u00f4mico garante um ajuste preciso e m\u00e1xima liberdade de movimento, essencial para um desempenho ideal durante as competi\u00e7\u00f5es. O macac\u00e3o OMP FIRST-S \u00e9 a escolha ideal para equipes de rali e automobilismo que exigem seguran\u00e7a, conforto e efici\u00eancia em todos os tipos de terreno.<\/p>\n<p>Macac\u00e3o profissional de n\u00edvel b\u00e1sico, dur\u00e1vel e confort\u00e1vel, com um visual moderno.<\/p>\n<p>\u2022 Composi\u00e7\u00e3o: Camada externa em tecido leve \/ Forro em tric\u00f4 macio antichamas<br \/>\n\u2022 N\u00famero de camadas: 2.<br \/>\n\u2022 Peso: 385 g\/m\u00b2 (+\/\u2022 5%).<br \/>\n.<br \/>\n\u2022 Bolsos externos.<br \/>\n\u2022 Cinto: Sim.<br \/>\n\u2022 Mangas soltas.<br \/>\n\u2022 El\u00e1stico lombar: Sim.<br \/>\n\u2022 Costuras ultraplanas.<br \/>\n\u2022 Costura em V.<\/p>\n<p>Personaliza\u00e7\u00e3o sob encomenda.<\/p>\n<p>Homologa\u00e7\u00e3o: FIA 8856-2018.<br \/>\nCor: Preto.<br \/>\nTamanhos: Do 44 ao 64.<br \/>\nFabricado na It\u00e1lia.<\/p>\n","protected":false},"featured_media":0,"template":"","meta":[],"product_cat":[548],"product_tag":[],"marca":[171],"class_list":["post-20412","product","type-product","status-publish","hentry","product_cat-fatos-competicao","marca-omp"],"yoast_head":"<!-- This site is optimized with the Yoast SEO plugin v20.5 - https:\/\/yoast.com\/wordpress\/plugins\/seo\/ -->\n<title>FATO OMP FIRST-S FIA 8856-2028 - PRETO - SZ 52 - Auto Barbosa<\/title>\n<meta name=\"robots\" content=\"index, follow, max-snippet:-1, max-image-preview:large, max-video-preview:-1\" \/>\n<link rel=\"canonical\" href=\"https:\/\/autobarbosa.com\/es\/produto\/fato-omp-first-s-fia-8856-2028-preto-sz-52\/\" \/>\n<meta property=\"og:locale\" content=\"es_ES\" \/>\n<meta property=\"og:type\" content=\"article\" \/>\n<meta property=\"og:title\" content=\"FATO OMP FIRST-S FIA 8856-2028 - PRETO - SZ 52 - Auto Barbosa\" \/>\n<meta property=\"og:description\" content=\"FATO OMP FIRST-S FIA  O FATO OMP FIRST-S FIA foi projetado para garantir seguran\u00e7a e conforto ideal para o piloto e o navegador. Aprovado de acordo com os rigorosos padr\u00f5es da FIA, oferece prote\u00e7\u00e3o antichamas de alta qualidade gra\u00e7as aos seus materiais avan\u00e7ados. Seu design ergon\u00f4mico garante um ajuste preciso e m\u00e1xima liberdade de movimento, essencial para um desempenho ideal durante as competi\u00e7\u00f5es. O macac\u00e3o OMP FIRST-S \u00e9 a escolha ideal para equipes de rali e automobilismo que exigem seguran\u00e7a, conforto e efici\u00eancia em todos os tipos de terreno.  Macac\u00e3o profissional de n\u00edvel b\u00e1sico, dur\u00e1vel e confort\u00e1vel, com um visual moderno.  \u2022 Composi\u00e7\u00e3o: Camada externa em tecido leve \/ Forro em tric\u00f4 macio antichamas \u2022 N\u00famero de camadas: 2. \u2022 Peso: 385 g\/m\u00b2 (+\/\u2022 5%). . \u2022 Bolsos externos. \u2022 Cinto: Sim. \u2022 Mangas soltas. \u2022 El\u00e1stico lombar: Sim. \u2022 Costuras ultraplanas. \u2022 Costura em V.  Personaliza\u00e7\u00e3o sob encomenda.  Homologa\u00e7\u00e3o: FIA 8856-2018. Cor: Preto. Tamanhos: Do 44 ao 64. Fabricado na It\u00e1lia.\" \/>\n<meta property=\"og:url\" content=\"https:\/\/autobarbosa.com\/es\/produto\/fato-omp-first-s-fia-8856-2028-preto-sz-52\/\" \/>\n<meta property=\"og:site_name\" content=\"Auto Barbosa\" \/>\n<meta property=\"article:publisher\" content=\"https:\/\/www.facebook.com\/autobarbosaoficina\" \/>\n<meta name=\"twitter:card\" content=\"summary_large_image\" \/>\n<meta name=\"twitter:label1\" content=\"Tiempo de lectura\" \/>\n\t<meta name=\"twitter:data1\" content=\"1 minuto\" \/>\n<script type=\"application\/ld+json\" class=\"yoast-schema-graph\">{\"@context\":\"https:\/\/schema.org\",\"@graph\":[{\"@type\":\"WebPage\",\"@id\":\"https:\/\/autobarbosa.com\/es\/produto\/fato-omp-first-s-fia-8856-2028-preto-sz-52\/\",\"url\":\"https:\/\/autobarbosa.com\/es\/produto\/fato-omp-first-s-fia-8856-2028-preto-sz-52\/\",\"name\":\"FATO OMP FIRST-S FIA 8856-2028 - PRETO - SZ 52 - Auto Barbosa\",\"isPartOf\":{\"@id\":\"https:\/\/autobarbosa.com\/es\/#website\"},\"datePublished\":\"2025-12-16T08:10:20+00:00\",\"dateModified\":\"2025-12-16T08:10:20+00:00\",\"breadcrumb\":{\"@id\":\"https:\/\/autobarbosa.com\/es\/produto\/fato-omp-first-s-fia-8856-2028-preto-sz-52\/#breadcrumb\"},\"inLanguage\":\"es\",\"potentialAction\":[{\"@type\":\"ReadAction\",\"target\":[\"https:\/\/autobarbosa.com\/es\/produto\/fato-omp-first-s-fia-8856-2028-preto-sz-52\/\"]}]},{\"@type\":\"BreadcrumbList\",\"@id\":\"https:\/\/autobarbosa.com\/es\/produto\/fato-omp-first-s-fia-8856-2028-preto-sz-52\/#breadcrumb\",\"itemListElement\":[{\"@type\":\"ListItem\",\"position\":1,\"name\":\"In\u00edcio\",\"item\":\"https:\/\/autobarbosa.com\/es\/\"},{\"@type\":\"ListItem\",\"position\":2,\"name\":\"Loja\",\"item\":\"https:\/\/autobarbosa.com\/\"},{\"@type\":\"ListItem\",\"position\":3,\"name\":\"FATO OMP FIRST-S FIA 8856-2028 &#8211; PRETO &#8211; SZ 52\"}]},{\"@type\":\"WebSite\",\"@id\":\"https:\/\/autobarbosa.com\/es\/#website\",\"url\":\"https:\/\/autobarbosa.com\/es\/\",\"name\":\"Auto Barbosa\",\"description\":\"Site institucional\",\"publisher\":{\"@id\":\"https:\/\/autobarbosa.com\/es\/#organization\"},\"potentialAction\":[{\"@type\":\"SearchAction\",\"target\":{\"@type\":\"EntryPoint\",\"urlTemplate\":\"https:\/\/autobarbosa.com\/es\/?s={search_term_string}\"},\"query-input\":\"required name=search_term_string\"}],\"inLanguage\":\"es\"},{\"@type\":\"Organization\",\"@id\":\"https:\/\/autobarbosa.com\/es\/#organization\",\"name\":\"Auto Barbosa\",\"url\":\"https:\/\/autobarbosa.com\/es\/\",\"logo\":{\"@type\":\"ImageObject\",\"inLanguage\":\"es\",\"@id\":\"https:\/\/autobarbosa.com\/es\/#\/schema\/logo\/image\/\",\"url\":\"https:\/\/autobarbosa.com\/wp-content\/uploads\/2023\/03\/AUTO-BARBOSA-LOGO-1-e1678715539111.png\",\"contentUrl\":\"https:\/\/autobarbosa.com\/wp-content\/uploads\/2023\/03\/AUTO-BARBOSA-LOGO-1-e1678715539111.png\",\"width\":3233,\"height\":3233,\"caption\":\"Auto Barbosa\"},\"image\":{\"@id\":\"https:\/\/autobarbosa.com\/es\/#\/schema\/logo\/image\/\"},\"sameAs\":[\"https:\/\/www.facebook.com\/autobarbosaoficina\",\"https:\/\/www.instagram.com\/autobarbosa.oficina\/\"]}]}<\/script>\n<!-- \/ Yoast SEO plugin. -->","yoast_head_json":{"title":"FATO OMP FIRST-S FIA 8856-2028 - PRETO - SZ 52 - Auto Barbosa","robots":{"index":"index","follow":"follow","max-snippet":"max-snippet:-1","max-image-preview":"max-image-preview:large","max-video-preview":"max-video-preview:-1"},"canonical":"https:\/\/autobarbosa.com\/es\/produto\/fato-omp-first-s-fia-8856-2028-preto-sz-52\/","og_locale":"es_ES","og_type":"article","og_title":"FATO OMP FIRST-S FIA 8856-2028 - PRETO - SZ 52 - Auto Barbosa","og_description":"FATO OMP FIRST-S FIA  O FATO OMP FIRST-S FIA foi projetado para garantir seguran\u00e7a e conforto ideal para o piloto e o navegador. Aprovado de acordo com os rigorosos padr\u00f5es da FIA, oferece prote\u00e7\u00e3o antichamas de alta qualidade gra\u00e7as aos seus materiais avan\u00e7ados. Seu design ergon\u00f4mico garante um ajuste preciso e m\u00e1xima liberdade de movimento, essencial para um desempenho ideal durante as competi\u00e7\u00f5es. O macac\u00e3o OMP FIRST-S \u00e9 a escolha ideal para equipes de rali e automobilismo que exigem seguran\u00e7a, conforto e efici\u00eancia em todos os tipos de terreno.  Macac\u00e3o profissional de n\u00edvel b\u00e1sico, dur\u00e1vel e confort\u00e1vel, com um visual moderno.  \u2022 Composi\u00e7\u00e3o: Camada externa em tecido leve \/ Forro em tric\u00f4 macio antichamas \u2022 N\u00famero de camadas: 2. \u2022 Peso: 385 g\/m\u00b2 (+\/\u2022 5%). . \u2022 Bolsos externos. \u2022 Cinto: Sim. \u2022 Mangas soltas. \u2022 El\u00e1stico lombar: Sim. \u2022 Costuras ultraplanas. \u2022 Costura em V.  Personaliza\u00e7\u00e3o sob encomenda.  Homologa\u00e7\u00e3o: FIA 8856-2018. Cor: Preto. Tamanhos: Do 44 ao 64. Fabricado na It\u00e1lia.","og_url":"https:\/\/autobarbosa.com\/es\/produto\/fato-omp-first-s-fia-8856-2028-preto-sz-52\/","og_site_name":"Auto Barbosa","article_publisher":"https:\/\/www.facebook.com\/autobarbosaoficina","twitter_card":"summary_large_image","twitter_misc":{"Tiempo de lectura":"1 minuto"},"schema":{"@context":"https:\/\/schema.org","@graph":[{"@type":"WebPage","@id":"https:\/\/autobarbosa.com\/es\/produto\/fato-omp-first-s-fia-8856-2028-preto-sz-52\/","url":"https:\/\/autobarbosa.com\/es\/produto\/fato-omp-first-s-fia-8856-2028-preto-sz-52\/","name":"FATO OMP FIRST-S FIA 8856-2028 - PRETO - SZ 52 - Auto Barbosa","isPartOf":{"@id":"https:\/\/autobarbosa.com\/es\/#website"},"datePublished":"2025-12-16T08:10:20+00:00","dateModified":"2025-12-16T08:10:20+00:00","breadcrumb":{"@id":"https:\/\/autobarbosa.com\/es\/produto\/fato-omp-first-s-fia-8856-2028-preto-sz-52\/#breadcrumb"},"inLanguage":"es","potentialAction":[{"@type":"ReadAction","target":["https:\/\/autobarbosa.com\/es\/produto\/fato-omp-first-s-fia-8856-2028-preto-sz-52\/"]}]},{"@type":"BreadcrumbList","@id":"https:\/\/autobarbosa.com\/es\/produto\/fato-omp-first-s-fia-8856-2028-preto-sz-52\/#breadcrumb","itemListElement":[{"@type":"ListItem","position":1,"name":"In\u00edcio","item":"https:\/\/autobarbosa.com\/es\/"},{"@type":"ListItem","position":2,"name":"Loja","item":"https:\/\/autobarbosa.com\/"},{"@type":"ListItem","position":3,"name":"FATO OMP FIRST-S FIA 8856-2028 &#8211; PRETO &#8211; SZ 52"}]},{"@type":"WebSite","@id":"https:\/\/autobarbosa.com\/es\/#website","url":"https:\/\/autobarbosa.com\/es\/","name":"Auto Barbosa","description":"Site institucional","publisher":{"@id":"https:\/\/autobarbosa.com\/es\/#organization"},"potentialAction":[{"@type":"SearchAction","target":{"@type":"EntryPoint","urlTemplate":"https:\/\/autobarbosa.com\/es\/?s={search_term_string}"},"query-input":"required name=search_term_string"}],"inLanguage":"es"},{"@type":"Organization","@id":"https:\/\/autobarbosa.com\/es\/#organization","name":"Auto Barbosa","url":"https:\/\/autobarbosa.com\/es\/","logo":{"@type":"ImageObject","inLanguage":"es","@id":"https:\/\/autobarbosa.com\/es\/#\/schema\/logo\/image\/","url":"https:\/\/autobarbosa.com\/wp-content\/uploads\/2023\/03\/AUTO-BARBOSA-LOGO-1-e1678715539111.png","contentUrl":"https:\/\/autobarbosa.com\/wp-content\/uploads\/2023\/03\/AUTO-BARBOSA-LOGO-1-e1678715539111.png","width":3233,"height":3233,"caption":"Auto Barbosa"},"image":{"@id":"https:\/\/autobarbosa.com\/es\/#\/schema\/logo\/image\/"},"sameAs":["https:\/\/www.facebook.com\/autobarbosaoficina","https:\/\/www.instagram.com\/autobarbosa.oficina\/"]}]}},"_links":{"self":[{"href":"https:\/\/autobarbosa.com\/es\/wp-json\/wp\/v3\/product\/20412","targetHints":{"allow":["GET"]}}],"collection":[{"href":"https:\/\/autobarbosa.com\/es\/wp-json\/wp\/v3\/product"}],"about":[{"href":"https:\/\/autobarbosa.com\/es\/wp-json\/wp\/v2\/types\/product"}],"wp:attachment":[{"href":"https:\/\/autobarbosa.com\/es\/wp-json\/wp\/v2\/media?parent=20412"}],"wp:term":[{"taxonomy":"product_cat","embeddable":true,"href":"https:\/\/autobarbosa.com\/es\/wp-json\/wp\/v2\/product_cat?post=20412"},{"taxonomy":"product_tag","embeddable":true,"href":"https:\/\/autobarbosa.com\/es\/wp-json\/wp\/v2\/product_tag?post=20412"},{"taxonomy":"marca","embeddable":true,"href":"https:\/\/autobarbosa.com\/es\/wp-json\/wp\/v2\/marca?post=20412"}],"curies":[{"name":"wp","href":"https:\/\/api.w.org\/{rel}","templated":true}]}}