{"id":20508,"date":"2025-12-16T07:10:47","date_gmt":"2025-12-16T08:10:47","guid":{"rendered":"https:\/\/autobarbosa.com\/produto\/fato-omp-first-evo-fia-8856-2018-preto-branco-sz-52\/"},"modified":"2025-12-16T07:10:47","modified_gmt":"2025-12-16T08:10:47","slug":"fato-omp-first-evo-fia-8856-2018-preto-branco-sz-52","status":"publish","type":"product","link":"https:\/\/autobarbosa.com\/es\/produto\/fato-omp-first-evo-fia-8856-2018-preto-branco-sz-52\/","title":{"rendered":"FATO OMP FIRST EVO  FIA 8856-2018 PRETO \/ BRANCO SZ 52"},"content":{"rendered":"<p>Fato FIA OMP FIRST EVO<\/p>\n<p>O fato FIA \u200b\u200bOMP FIRST EVO foi projetado para fornecer prote\u00e7\u00e3o ideal e conforto superior tanto para o piloto quanto para o acompanhante. Aprovado de acordo com os r\u00edgidos padr\u00f5es da FIA, \u00e9 fabricado com materiais de alta tecnologia, proporcionando prote\u00e7\u00e3o avan\u00e7ada contra chamas. Seu design ergon\u00f4mico garante um ajuste perfeito e \u00f3tima liberdade de movimentos, essenciais para o m\u00e1ximo desempenho nos diversos percursos do automobilismo. O fato OMP FIRST EVO \u00e9 a escolha ideal para tripula\u00e7\u00f5es que procuram aliar seguran\u00e7a, conforto e desempenho durante as suas competi\u00e7\u00f5es.<\/p>\n<p>Terno dur\u00e1vel de gama m\u00e9dia que oferece um design moderno em dois tons.<\/p>\n<p>\u2022 Composi\u00e7\u00e3o: Camada externa em fibra de aramida \/ Forro em malha macia.<br \/>\n\u2022 N\u00famero de espessuras: 2.<br \/>\n\u2022 Gramagem: 345 g\/m\u00b2 (+\/\u2022 5%).<\/p>\n<p>\u2022 Bolsos internos.<br \/>\n\u2022 Cinto: Sim.<br \/>\n\u2022 Mangas flutuantes.<br \/>\n\u2022 Inser\u00e7\u00e3o Lombar El\u00e1stica: Sim.<br \/>\n\u2022 Inser\u00e7\u00e3o respir\u00e1vel nas mangas.<br \/>\n\u2022 Costura em V.<\/p>\n<p>Personaliza\u00e7\u00e3o sob consulta.<\/p>\n<p>Aprova\u00e7\u00e3o: FIA 8856-2018.<br \/>\nCores: Preto\/Branco.<br \/>\nTamanhos: 42 a 64.<br \/>\nFabricado na It\u00e1lia.<\/p>\n","protected":false},"excerpt":{"rendered":"<p>Fato FIA OMP FIRST EVO<\/p>\n<p>O fato FIA \u200b\u200bOMP FIRST EVO foi projetado para fornecer prote\u00e7\u00e3o ideal e conforto superior tanto para o piloto quanto para o acompanhante. Aprovado de acordo com os r\u00edgidos padr\u00f5es da FIA, \u00e9 fabricado com materiais de alta tecnologia, proporcionando prote\u00e7\u00e3o avan\u00e7ada contra chamas. Seu design ergon\u00f4mico garante um ajuste perfeito e \u00f3tima liberdade de movimentos, essenciais para o m\u00e1ximo desempenho nos diversos percursos do automobilismo. O fato OMP FIRST EVO \u00e9 a escolha ideal para tripula\u00e7\u00f5es que procuram aliar seguran\u00e7a, conforto e desempenho durante as suas competi\u00e7\u00f5es.<\/p>\n<p>Terno dur\u00e1vel de gama m\u00e9dia que oferece um design moderno em dois tons.<\/p>\n<p>\u2022 Composi\u00e7\u00e3o: Camada externa em fibra de aramida \/ Forro em malha macia.<br \/>\n\u2022 N\u00famero de espessuras: 2.<br \/>\n\u2022 Gramagem: 345 g\/m\u00b2 (+\/\u2022 5%).<\/p>\n<p>\u2022 Bolsos internos.<br \/>\n\u2022 Cinto: Sim.<br \/>\n\u2022 Mangas flutuantes.<br \/>\n\u2022 Inser\u00e7\u00e3o Lombar El\u00e1stica: Sim.<br \/>\n\u2022 Inser\u00e7\u00e3o respir\u00e1vel nas mangas.<br \/>\n\u2022 Costura em V.<\/p>\n<p>Personaliza\u00e7\u00e3o sob consulta.<\/p>\n<p>Aprova\u00e7\u00e3o: FIA 8856-2018.<br \/>\nCores: Preto\/Branco.<br \/>\nTamanhos: 42 a 64.<br \/>\nFabricado na It\u00e1lia.<\/p>\n","protected":false},"featured_media":0,"template":"","meta":[],"product_cat":[548],"product_tag":[],"marca":[171],"class_list":["post-20508","product","type-product","status-publish","hentry","product_cat-fatos-competicao","marca-omp"],"yoast_head":"<!-- This site is optimized with the Yoast SEO plugin v20.5 - https:\/\/yoast.com\/wordpress\/plugins\/seo\/ -->\n<title>FATO OMP FIRST EVO FIA 8856-2018 PRETO \/ BRANCO SZ 52 - Auto Barbosa<\/title>\n<meta name=\"robots\" content=\"index, follow, max-snippet:-1, max-image-preview:large, max-video-preview:-1\" \/>\n<link rel=\"canonical\" href=\"https:\/\/autobarbosa.com\/es\/produto\/fato-omp-first-evo-fia-8856-2018-preto-branco-sz-52\/\" \/>\n<meta property=\"og:locale\" content=\"es_ES\" \/>\n<meta property=\"og:type\" content=\"article\" \/>\n<meta property=\"og:title\" content=\"FATO OMP FIRST EVO FIA 8856-2018 PRETO \/ BRANCO SZ 52 - Auto Barbosa\" \/>\n<meta property=\"og:description\" content=\"Fato FIA OMP FIRST EVO  O fato FIA \u200b\u200bOMP FIRST EVO foi projetado para fornecer prote\u00e7\u00e3o ideal e conforto superior tanto para o piloto quanto para o acompanhante. Aprovado de acordo com os r\u00edgidos padr\u00f5es da FIA, \u00e9 fabricado com materiais de alta tecnologia, proporcionando prote\u00e7\u00e3o avan\u00e7ada contra chamas. Seu design ergon\u00f4mico garante um ajuste perfeito e \u00f3tima liberdade de movimentos, essenciais para o m\u00e1ximo desempenho nos diversos percursos do automobilismo. O fato OMP FIRST EVO \u00e9 a escolha ideal para tripula\u00e7\u00f5es que procuram aliar seguran\u00e7a, conforto e desempenho durante as suas competi\u00e7\u00f5es.  Terno dur\u00e1vel de gama m\u00e9dia que oferece um design moderno em dois tons.  \u2022 Composi\u00e7\u00e3o: Camada externa em fibra de aramida \/ Forro em malha macia. \u2022 N\u00famero de espessuras: 2. \u2022 Gramagem: 345 g\/m\u00b2 (+\/\u2022 5%).  \u2022 Bolsos internos. \u2022 Cinto: Sim. \u2022 Mangas flutuantes. \u2022 Inser\u00e7\u00e3o Lombar El\u00e1stica: Sim. \u2022 Inser\u00e7\u00e3o respir\u00e1vel nas mangas. \u2022 Costura em V.  Personaliza\u00e7\u00e3o sob consulta.  Aprova\u00e7\u00e3o: FIA 8856-2018. Cores: Preto\/Branco. Tamanhos: 42 a 64. Fabricado na It\u00e1lia.\" \/>\n<meta property=\"og:url\" content=\"https:\/\/autobarbosa.com\/es\/produto\/fato-omp-first-evo-fia-8856-2018-preto-branco-sz-52\/\" \/>\n<meta property=\"og:site_name\" content=\"Auto Barbosa\" \/>\n<meta property=\"article:publisher\" content=\"https:\/\/www.facebook.com\/autobarbosaoficina\" \/>\n<meta name=\"twitter:card\" content=\"summary_large_image\" \/>\n<meta name=\"twitter:label1\" content=\"Tiempo de lectura\" \/>\n\t<meta name=\"twitter:data1\" content=\"1 minuto\" \/>\n<script type=\"application\/ld+json\" class=\"yoast-schema-graph\">{\"@context\":\"https:\/\/schema.org\",\"@graph\":[{\"@type\":\"WebPage\",\"@id\":\"https:\/\/autobarbosa.com\/es\/produto\/fato-omp-first-evo-fia-8856-2018-preto-branco-sz-52\/\",\"url\":\"https:\/\/autobarbosa.com\/es\/produto\/fato-omp-first-evo-fia-8856-2018-preto-branco-sz-52\/\",\"name\":\"FATO OMP FIRST EVO FIA 8856-2018 PRETO \/ BRANCO SZ 52 - Auto Barbosa\",\"isPartOf\":{\"@id\":\"https:\/\/autobarbosa.com\/es\/#website\"},\"datePublished\":\"2025-12-16T08:10:47+00:00\",\"dateModified\":\"2025-12-16T08:10:47+00:00\",\"breadcrumb\":{\"@id\":\"https:\/\/autobarbosa.com\/es\/produto\/fato-omp-first-evo-fia-8856-2018-preto-branco-sz-52\/#breadcrumb\"},\"inLanguage\":\"es\",\"potentialAction\":[{\"@type\":\"ReadAction\",\"target\":[\"https:\/\/autobarbosa.com\/es\/produto\/fato-omp-first-evo-fia-8856-2018-preto-branco-sz-52\/\"]}]},{\"@type\":\"BreadcrumbList\",\"@id\":\"https:\/\/autobarbosa.com\/es\/produto\/fato-omp-first-evo-fia-8856-2018-preto-branco-sz-52\/#breadcrumb\",\"itemListElement\":[{\"@type\":\"ListItem\",\"position\":1,\"name\":\"In\u00edcio\",\"item\":\"https:\/\/autobarbosa.com\/es\/\"},{\"@type\":\"ListItem\",\"position\":2,\"name\":\"Loja\",\"item\":\"https:\/\/autobarbosa.com\/\"},{\"@type\":\"ListItem\",\"position\":3,\"name\":\"FATO OMP FIRST EVO FIA 8856-2018 PRETO \/ BRANCO SZ 52\"}]},{\"@type\":\"WebSite\",\"@id\":\"https:\/\/autobarbosa.com\/es\/#website\",\"url\":\"https:\/\/autobarbosa.com\/es\/\",\"name\":\"Auto Barbosa\",\"description\":\"Site institucional\",\"publisher\":{\"@id\":\"https:\/\/autobarbosa.com\/es\/#organization\"},\"potentialAction\":[{\"@type\":\"SearchAction\",\"target\":{\"@type\":\"EntryPoint\",\"urlTemplate\":\"https:\/\/autobarbosa.com\/es\/?s={search_term_string}\"},\"query-input\":\"required name=search_term_string\"}],\"inLanguage\":\"es\"},{\"@type\":\"Organization\",\"@id\":\"https:\/\/autobarbosa.com\/es\/#organization\",\"name\":\"Auto Barbosa\",\"url\":\"https:\/\/autobarbosa.com\/es\/\",\"logo\":{\"@type\":\"ImageObject\",\"inLanguage\":\"es\",\"@id\":\"https:\/\/autobarbosa.com\/es\/#\/schema\/logo\/image\/\",\"url\":\"https:\/\/autobarbosa.com\/wp-content\/uploads\/2023\/03\/AUTO-BARBOSA-LOGO-1-e1678715539111.png\",\"contentUrl\":\"https:\/\/autobarbosa.com\/wp-content\/uploads\/2023\/03\/AUTO-BARBOSA-LOGO-1-e1678715539111.png\",\"width\":3233,\"height\":3233,\"caption\":\"Auto Barbosa\"},\"image\":{\"@id\":\"https:\/\/autobarbosa.com\/es\/#\/schema\/logo\/image\/\"},\"sameAs\":[\"https:\/\/www.facebook.com\/autobarbosaoficina\",\"https:\/\/www.instagram.com\/autobarbosa.oficina\/\"]}]}<\/script>\n<!-- \/ Yoast SEO plugin. -->","yoast_head_json":{"title":"FATO OMP FIRST EVO FIA 8856-2018 PRETO \/ BRANCO SZ 52 - Auto Barbosa","robots":{"index":"index","follow":"follow","max-snippet":"max-snippet:-1","max-image-preview":"max-image-preview:large","max-video-preview":"max-video-preview:-1"},"canonical":"https:\/\/autobarbosa.com\/es\/produto\/fato-omp-first-evo-fia-8856-2018-preto-branco-sz-52\/","og_locale":"es_ES","og_type":"article","og_title":"FATO OMP FIRST EVO FIA 8856-2018 PRETO \/ BRANCO SZ 52 - Auto Barbosa","og_description":"Fato FIA OMP FIRST EVO  O fato FIA \u200b\u200bOMP FIRST EVO foi projetado para fornecer prote\u00e7\u00e3o ideal e conforto superior tanto para o piloto quanto para o acompanhante. Aprovado de acordo com os r\u00edgidos padr\u00f5es da FIA, \u00e9 fabricado com materiais de alta tecnologia, proporcionando prote\u00e7\u00e3o avan\u00e7ada contra chamas. Seu design ergon\u00f4mico garante um ajuste perfeito e \u00f3tima liberdade de movimentos, essenciais para o m\u00e1ximo desempenho nos diversos percursos do automobilismo. O fato OMP FIRST EVO \u00e9 a escolha ideal para tripula\u00e7\u00f5es que procuram aliar seguran\u00e7a, conforto e desempenho durante as suas competi\u00e7\u00f5es.  Terno dur\u00e1vel de gama m\u00e9dia que oferece um design moderno em dois tons.  \u2022 Composi\u00e7\u00e3o: Camada externa em fibra de aramida \/ Forro em malha macia. \u2022 N\u00famero de espessuras: 2. \u2022 Gramagem: 345 g\/m\u00b2 (+\/\u2022 5%).  \u2022 Bolsos internos. \u2022 Cinto: Sim. \u2022 Mangas flutuantes. \u2022 Inser\u00e7\u00e3o Lombar El\u00e1stica: Sim. \u2022 Inser\u00e7\u00e3o respir\u00e1vel nas mangas. \u2022 Costura em V.  Personaliza\u00e7\u00e3o sob consulta.  Aprova\u00e7\u00e3o: FIA 8856-2018. Cores: Preto\/Branco. Tamanhos: 42 a 64. Fabricado na It\u00e1lia.","og_url":"https:\/\/autobarbosa.com\/es\/produto\/fato-omp-first-evo-fia-8856-2018-preto-branco-sz-52\/","og_site_name":"Auto Barbosa","article_publisher":"https:\/\/www.facebook.com\/autobarbosaoficina","twitter_card":"summary_large_image","twitter_misc":{"Tiempo de lectura":"1 minuto"},"schema":{"@context":"https:\/\/schema.org","@graph":[{"@type":"WebPage","@id":"https:\/\/autobarbosa.com\/es\/produto\/fato-omp-first-evo-fia-8856-2018-preto-branco-sz-52\/","url":"https:\/\/autobarbosa.com\/es\/produto\/fato-omp-first-evo-fia-8856-2018-preto-branco-sz-52\/","name":"FATO OMP FIRST EVO FIA 8856-2018 PRETO \/ BRANCO SZ 52 - Auto Barbosa","isPartOf":{"@id":"https:\/\/autobarbosa.com\/es\/#website"},"datePublished":"2025-12-16T08:10:47+00:00","dateModified":"2025-12-16T08:10:47+00:00","breadcrumb":{"@id":"https:\/\/autobarbosa.com\/es\/produto\/fato-omp-first-evo-fia-8856-2018-preto-branco-sz-52\/#breadcrumb"},"inLanguage":"es","potentialAction":[{"@type":"ReadAction","target":["https:\/\/autobarbosa.com\/es\/produto\/fato-omp-first-evo-fia-8856-2018-preto-branco-sz-52\/"]}]},{"@type":"BreadcrumbList","@id":"https:\/\/autobarbosa.com\/es\/produto\/fato-omp-first-evo-fia-8856-2018-preto-branco-sz-52\/#breadcrumb","itemListElement":[{"@type":"ListItem","position":1,"name":"In\u00edcio","item":"https:\/\/autobarbosa.com\/es\/"},{"@type":"ListItem","position":2,"name":"Loja","item":"https:\/\/autobarbosa.com\/"},{"@type":"ListItem","position":3,"name":"FATO OMP FIRST EVO FIA 8856-2018 PRETO \/ BRANCO SZ 52"}]},{"@type":"WebSite","@id":"https:\/\/autobarbosa.com\/es\/#website","url":"https:\/\/autobarbosa.com\/es\/","name":"Auto Barbosa","description":"Site institucional","publisher":{"@id":"https:\/\/autobarbosa.com\/es\/#organization"},"potentialAction":[{"@type":"SearchAction","target":{"@type":"EntryPoint","urlTemplate":"https:\/\/autobarbosa.com\/es\/?s={search_term_string}"},"query-input":"required name=search_term_string"}],"inLanguage":"es"},{"@type":"Organization","@id":"https:\/\/autobarbosa.com\/es\/#organization","name":"Auto Barbosa","url":"https:\/\/autobarbosa.com\/es\/","logo":{"@type":"ImageObject","inLanguage":"es","@id":"https:\/\/autobarbosa.com\/es\/#\/schema\/logo\/image\/","url":"https:\/\/autobarbosa.com\/wp-content\/uploads\/2023\/03\/AUTO-BARBOSA-LOGO-1-e1678715539111.png","contentUrl":"https:\/\/autobarbosa.com\/wp-content\/uploads\/2023\/03\/AUTO-BARBOSA-LOGO-1-e1678715539111.png","width":3233,"height":3233,"caption":"Auto Barbosa"},"image":{"@id":"https:\/\/autobarbosa.com\/es\/#\/schema\/logo\/image\/"},"sameAs":["https:\/\/www.facebook.com\/autobarbosaoficina","https:\/\/www.instagram.com\/autobarbosa.oficina\/"]}]}},"_links":{"self":[{"href":"https:\/\/autobarbosa.com\/es\/wp-json\/wp\/v3\/product\/20508","targetHints":{"allow":["GET"]}}],"collection":[{"href":"https:\/\/autobarbosa.com\/es\/wp-json\/wp\/v3\/product"}],"about":[{"href":"https:\/\/autobarbosa.com\/es\/wp-json\/wp\/v2\/types\/product"}],"wp:attachment":[{"href":"https:\/\/autobarbosa.com\/es\/wp-json\/wp\/v2\/media?parent=20508"}],"wp:term":[{"taxonomy":"product_cat","embeddable":true,"href":"https:\/\/autobarbosa.com\/es\/wp-json\/wp\/v2\/product_cat?post=20508"},{"taxonomy":"product_tag","embeddable":true,"href":"https:\/\/autobarbosa.com\/es\/wp-json\/wp\/v2\/product_tag?post=20508"},{"taxonomy":"marca","embeddable":true,"href":"https:\/\/autobarbosa.com\/es\/wp-json\/wp\/v2\/marca?post=20508"}],"curies":[{"name":"wp","href":"https:\/\/api.w.org\/{rel}","templated":true}]}}