{"id":20764,"date":"2025-12-16T07:12:06","date_gmt":"2025-12-16T08:12:06","guid":{"rendered":"https:\/\/autobarbosa.com\/produto\/botas-omp-one-evo-x-r-branco-sz-42-fia-8856-2018\/"},"modified":"2025-12-16T07:12:06","modified_gmt":"2025-12-16T08:12:06","slug":"botas-omp-one-evo-x-r-branco-sz-42-fia-8856-2018","status":"publish","type":"product","link":"https:\/\/autobarbosa.com\/es\/produto\/botas-omp-one-evo-x-r-branco-sz-42-fia-8856-2018\/","title":{"rendered":"BOTAS OMP ONE EVO X R  BRANCO SZ 42  FIA 8856-2018"},"content":{"rendered":"<p>Botas OMP One Evo XR FIA 8856-2018<\/p>\n<p>Homologa\u00e7\u00e3o: FIA 8856-2018.<br \/>\nCores: Branco, preto, amarelo fluorescente, preto\/prata\/vermelho, preto\/prata\/ciano, preto\/prata\/amarelo.<br \/>\nTamanhos dispon\u00edveis: Do 37 ao 48.<\/p>\n<p>Botas profissionais muito leves e confort\u00e1veis.<br \/>\nBotas em pele e tecido, concebidos para uma melhor sensibilidade ao pedal.<br \/>\nSistema de fecho girat\u00f3rio para ajuste perfeito do aperto da renda.<br \/>\nPain\u00e9is laterais perfurados para maior respirabilidade.<br \/>\nParte traseira inferior da bota facilitando o movimento do tornozelo.<br \/>\nCorte: cintura m\u00e9dia.<br \/>\nEncerramento: Renda.<br \/>\nRevestimento: Couro.<br \/>\nRefor\u00e7os laterais: Sim.<br \/>\nSola resistente a \u00f3leo: Sim.<\/p>\n","protected":false},"excerpt":{"rendered":"<p>Botas OMP One Evo XR FIA 8856-2018<\/p>\n<p>Homologa\u00e7\u00e3o: FIA 8856-2018.<br \/>\nCores: Branco, preto, amarelo fluorescente, preto\/prata\/vermelho, preto\/prata\/ciano, preto\/prata\/amarelo.<br \/>\nTamanhos dispon\u00edveis: Do 37 ao 48.<\/p>\n<p>Botas profissionais muito leves e confort\u00e1veis.<br \/>\nBotas em pele e tecido, concebidos para uma melhor sensibilidade ao pedal.<br \/>\nSistema de fecho girat\u00f3rio para ajuste perfeito do aperto da renda.<br \/>\nPain\u00e9is laterais perfurados para maior respirabilidade.<br \/>\nParte traseira inferior da bota facilitando o movimento do tornozelo.<br \/>\nCorte: cintura m\u00e9dia.<br \/>\nEncerramento: Renda.<br \/>\nRevestimento: Couro.<br \/>\nRefor\u00e7os laterais: Sim.<br \/>\nSola resistente a \u00f3leo: Sim.<\/p>\n","protected":false},"featured_media":0,"template":"","meta":[],"product_cat":[554],"product_tag":[],"marca":[171],"class_list":["post-20764","product","type-product","status-publish","hentry","product_cat-botas-de-competicao","marca-omp"],"yoast_head":"<!-- This site is optimized with the Yoast SEO plugin v20.5 - https:\/\/yoast.com\/wordpress\/plugins\/seo\/ -->\n<title>BOTAS OMP ONE EVO X R BRANCO SZ 42 FIA 8856-2018 - Auto Barbosa<\/title>\n<meta name=\"robots\" content=\"index, follow, max-snippet:-1, max-image-preview:large, max-video-preview:-1\" \/>\n<link rel=\"canonical\" href=\"https:\/\/autobarbosa.com\/es\/produto\/botas-omp-one-evo-x-r-branco-sz-42-fia-8856-2018\/\" \/>\n<meta property=\"og:locale\" content=\"es_ES\" \/>\n<meta property=\"og:type\" content=\"article\" \/>\n<meta property=\"og:title\" content=\"BOTAS OMP ONE EVO X R BRANCO SZ 42 FIA 8856-2018 - Auto Barbosa\" \/>\n<meta property=\"og:description\" content=\"Botas OMP One Evo XR FIA 8856-2018  Homologa\u00e7\u00e3o: FIA 8856-2018. Cores: Branco, preto, amarelo fluorescente, preto\/prata\/vermelho, preto\/prata\/ciano, preto\/prata\/amarelo. Tamanhos dispon\u00edveis: Do 37 ao 48.  Botas profissionais muito leves e confort\u00e1veis. Botas em pele e tecido, concebidos para uma melhor sensibilidade ao pedal. Sistema de fecho girat\u00f3rio para ajuste perfeito do aperto da renda. Pain\u00e9is laterais perfurados para maior respirabilidade. Parte traseira inferior da bota facilitando o movimento do tornozelo. Corte: cintura m\u00e9dia. Encerramento: Renda. Revestimento: Couro. Refor\u00e7os laterais: Sim. Sola resistente a \u00f3leo: Sim.\" \/>\n<meta property=\"og:url\" content=\"https:\/\/autobarbosa.com\/es\/produto\/botas-omp-one-evo-x-r-branco-sz-42-fia-8856-2018\/\" \/>\n<meta property=\"og:site_name\" content=\"Auto Barbosa\" \/>\n<meta property=\"article:publisher\" content=\"https:\/\/www.facebook.com\/autobarbosaoficina\" \/>\n<meta name=\"twitter:card\" content=\"summary_large_image\" \/>\n<script type=\"application\/ld+json\" class=\"yoast-schema-graph\">{\"@context\":\"https:\/\/schema.org\",\"@graph\":[{\"@type\":\"WebPage\",\"@id\":\"https:\/\/autobarbosa.com\/es\/produto\/botas-omp-one-evo-x-r-branco-sz-42-fia-8856-2018\/\",\"url\":\"https:\/\/autobarbosa.com\/es\/produto\/botas-omp-one-evo-x-r-branco-sz-42-fia-8856-2018\/\",\"name\":\"BOTAS OMP ONE EVO X R BRANCO SZ 42 FIA 8856-2018 - Auto Barbosa\",\"isPartOf\":{\"@id\":\"https:\/\/autobarbosa.com\/es\/#website\"},\"datePublished\":\"2025-12-16T08:12:06+00:00\",\"dateModified\":\"2025-12-16T08:12:06+00:00\",\"breadcrumb\":{\"@id\":\"https:\/\/autobarbosa.com\/es\/produto\/botas-omp-one-evo-x-r-branco-sz-42-fia-8856-2018\/#breadcrumb\"},\"inLanguage\":\"es\",\"potentialAction\":[{\"@type\":\"ReadAction\",\"target\":[\"https:\/\/autobarbosa.com\/es\/produto\/botas-omp-one-evo-x-r-branco-sz-42-fia-8856-2018\/\"]}]},{\"@type\":\"BreadcrumbList\",\"@id\":\"https:\/\/autobarbosa.com\/es\/produto\/botas-omp-one-evo-x-r-branco-sz-42-fia-8856-2018\/#breadcrumb\",\"itemListElement\":[{\"@type\":\"ListItem\",\"position\":1,\"name\":\"In\u00edcio\",\"item\":\"https:\/\/autobarbosa.com\/es\/\"},{\"@type\":\"ListItem\",\"position\":2,\"name\":\"Loja\",\"item\":\"https:\/\/autobarbosa.com\/\"},{\"@type\":\"ListItem\",\"position\":3,\"name\":\"BOTAS OMP ONE EVO X R BRANCO SZ 42 FIA 8856-2018\"}]},{\"@type\":\"WebSite\",\"@id\":\"https:\/\/autobarbosa.com\/es\/#website\",\"url\":\"https:\/\/autobarbosa.com\/es\/\",\"name\":\"Auto Barbosa\",\"description\":\"Site institucional\",\"publisher\":{\"@id\":\"https:\/\/autobarbosa.com\/es\/#organization\"},\"potentialAction\":[{\"@type\":\"SearchAction\",\"target\":{\"@type\":\"EntryPoint\",\"urlTemplate\":\"https:\/\/autobarbosa.com\/es\/?s={search_term_string}\"},\"query-input\":\"required name=search_term_string\"}],\"inLanguage\":\"es\"},{\"@type\":\"Organization\",\"@id\":\"https:\/\/autobarbosa.com\/es\/#organization\",\"name\":\"Auto Barbosa\",\"url\":\"https:\/\/autobarbosa.com\/es\/\",\"logo\":{\"@type\":\"ImageObject\",\"inLanguage\":\"es\",\"@id\":\"https:\/\/autobarbosa.com\/es\/#\/schema\/logo\/image\/\",\"url\":\"https:\/\/autobarbosa.com\/wp-content\/uploads\/2023\/03\/AUTO-BARBOSA-LOGO-1-e1678715539111.png\",\"contentUrl\":\"https:\/\/autobarbosa.com\/wp-content\/uploads\/2023\/03\/AUTO-BARBOSA-LOGO-1-e1678715539111.png\",\"width\":3233,\"height\":3233,\"caption\":\"Auto Barbosa\"},\"image\":{\"@id\":\"https:\/\/autobarbosa.com\/es\/#\/schema\/logo\/image\/\"},\"sameAs\":[\"https:\/\/www.facebook.com\/autobarbosaoficina\",\"https:\/\/www.instagram.com\/autobarbosa.oficina\/\"]}]}<\/script>\n<!-- \/ Yoast SEO plugin. -->","yoast_head_json":{"title":"BOTAS OMP ONE EVO X R BRANCO SZ 42 FIA 8856-2018 - Auto Barbosa","robots":{"index":"index","follow":"follow","max-snippet":"max-snippet:-1","max-image-preview":"max-image-preview:large","max-video-preview":"max-video-preview:-1"},"canonical":"https:\/\/autobarbosa.com\/es\/produto\/botas-omp-one-evo-x-r-branco-sz-42-fia-8856-2018\/","og_locale":"es_ES","og_type":"article","og_title":"BOTAS OMP ONE EVO X R BRANCO SZ 42 FIA 8856-2018 - Auto Barbosa","og_description":"Botas OMP One Evo XR FIA 8856-2018  Homologa\u00e7\u00e3o: FIA 8856-2018. Cores: Branco, preto, amarelo fluorescente, preto\/prata\/vermelho, preto\/prata\/ciano, preto\/prata\/amarelo. Tamanhos dispon\u00edveis: Do 37 ao 48.  Botas profissionais muito leves e confort\u00e1veis. Botas em pele e tecido, concebidos para uma melhor sensibilidade ao pedal. Sistema de fecho girat\u00f3rio para ajuste perfeito do aperto da renda. Pain\u00e9is laterais perfurados para maior respirabilidade. Parte traseira inferior da bota facilitando o movimento do tornozelo. Corte: cintura m\u00e9dia. Encerramento: Renda. Revestimento: Couro. Refor\u00e7os laterais: Sim. Sola resistente a \u00f3leo: Sim.","og_url":"https:\/\/autobarbosa.com\/es\/produto\/botas-omp-one-evo-x-r-branco-sz-42-fia-8856-2018\/","og_site_name":"Auto Barbosa","article_publisher":"https:\/\/www.facebook.com\/autobarbosaoficina","twitter_card":"summary_large_image","schema":{"@context":"https:\/\/schema.org","@graph":[{"@type":"WebPage","@id":"https:\/\/autobarbosa.com\/es\/produto\/botas-omp-one-evo-x-r-branco-sz-42-fia-8856-2018\/","url":"https:\/\/autobarbosa.com\/es\/produto\/botas-omp-one-evo-x-r-branco-sz-42-fia-8856-2018\/","name":"BOTAS OMP ONE EVO X R BRANCO SZ 42 FIA 8856-2018 - Auto Barbosa","isPartOf":{"@id":"https:\/\/autobarbosa.com\/es\/#website"},"datePublished":"2025-12-16T08:12:06+00:00","dateModified":"2025-12-16T08:12:06+00:00","breadcrumb":{"@id":"https:\/\/autobarbosa.com\/es\/produto\/botas-omp-one-evo-x-r-branco-sz-42-fia-8856-2018\/#breadcrumb"},"inLanguage":"es","potentialAction":[{"@type":"ReadAction","target":["https:\/\/autobarbosa.com\/es\/produto\/botas-omp-one-evo-x-r-branco-sz-42-fia-8856-2018\/"]}]},{"@type":"BreadcrumbList","@id":"https:\/\/autobarbosa.com\/es\/produto\/botas-omp-one-evo-x-r-branco-sz-42-fia-8856-2018\/#breadcrumb","itemListElement":[{"@type":"ListItem","position":1,"name":"In\u00edcio","item":"https:\/\/autobarbosa.com\/es\/"},{"@type":"ListItem","position":2,"name":"Loja","item":"https:\/\/autobarbosa.com\/"},{"@type":"ListItem","position":3,"name":"BOTAS OMP ONE EVO X R BRANCO SZ 42 FIA 8856-2018"}]},{"@type":"WebSite","@id":"https:\/\/autobarbosa.com\/es\/#website","url":"https:\/\/autobarbosa.com\/es\/","name":"Auto Barbosa","description":"Site institucional","publisher":{"@id":"https:\/\/autobarbosa.com\/es\/#organization"},"potentialAction":[{"@type":"SearchAction","target":{"@type":"EntryPoint","urlTemplate":"https:\/\/autobarbosa.com\/es\/?s={search_term_string}"},"query-input":"required name=search_term_string"}],"inLanguage":"es"},{"@type":"Organization","@id":"https:\/\/autobarbosa.com\/es\/#organization","name":"Auto Barbosa","url":"https:\/\/autobarbosa.com\/es\/","logo":{"@type":"ImageObject","inLanguage":"es","@id":"https:\/\/autobarbosa.com\/es\/#\/schema\/logo\/image\/","url":"https:\/\/autobarbosa.com\/wp-content\/uploads\/2023\/03\/AUTO-BARBOSA-LOGO-1-e1678715539111.png","contentUrl":"https:\/\/autobarbosa.com\/wp-content\/uploads\/2023\/03\/AUTO-BARBOSA-LOGO-1-e1678715539111.png","width":3233,"height":3233,"caption":"Auto Barbosa"},"image":{"@id":"https:\/\/autobarbosa.com\/es\/#\/schema\/logo\/image\/"},"sameAs":["https:\/\/www.facebook.com\/autobarbosaoficina","https:\/\/www.instagram.com\/autobarbosa.oficina\/"]}]}},"_links":{"self":[{"href":"https:\/\/autobarbosa.com\/es\/wp-json\/wp\/v3\/product\/20764","targetHints":{"allow":["GET"]}}],"collection":[{"href":"https:\/\/autobarbosa.com\/es\/wp-json\/wp\/v3\/product"}],"about":[{"href":"https:\/\/autobarbosa.com\/es\/wp-json\/wp\/v2\/types\/product"}],"wp:attachment":[{"href":"https:\/\/autobarbosa.com\/es\/wp-json\/wp\/v2\/media?parent=20764"}],"wp:term":[{"taxonomy":"product_cat","embeddable":true,"href":"https:\/\/autobarbosa.com\/es\/wp-json\/wp\/v2\/product_cat?post=20764"},{"taxonomy":"product_tag","embeddable":true,"href":"https:\/\/autobarbosa.com\/es\/wp-json\/wp\/v2\/product_tag?post=20764"},{"taxonomy":"marca","embeddable":true,"href":"https:\/\/autobarbosa.com\/es\/wp-json\/wp\/v2\/marca?post=20764"}],"curies":[{"name":"wp","href":"https:\/\/api.w.org\/{rel}","templated":true}]}}