{"id":20772,"date":"2025-12-16T07:12:08","date_gmt":"2025-12-16T08:12:08","guid":{"rendered":"https:\/\/autobarbosa.com\/produto\/botas-omp-one-evo-x-verde-fluo-amarelo-size-45\/"},"modified":"2025-12-16T07:12:08","modified_gmt":"2025-12-16T08:12:08","slug":"botas-omp-one-evo-x-verde-fluo-amarelo-size-45","status":"publish","type":"product","link":"https:\/\/autobarbosa.com\/es\/produto\/botas-omp-one-evo-x-verde-fluo-amarelo-size-45\/","title":{"rendered":"BOTAS OMP ONE EVO X &#8211; VERDE FLUO \/ AMARELO SIZE 45"},"content":{"rendered":"<p>Botas OMP One Evo X FIA 8856-2018<\/p>\n<p>Homologa\u00e7\u00e3o: FIA 8856-2018.<br \/>\nCores: Branco, preto, vermelho, amarelo fluo.<br \/>\nTamanhos dispon\u00edveis: do 36 ao 48.<\/p>\n<p>Corte: Cintura m\u00e9dia.<br \/>\nRecorte no tornozelo.<br \/>\nFechamento: Atacadores finos + Velcro\u00ae.<br \/>\nEstofamento: Couro perfurado + aplica\u00e7\u00e3o de tecido estampado.<br \/>\nRefor\u00e7os laterais e dedo do p\u00e9: Sim.<br \/>\nSola resistente a \u00f3leo: Sim.<br \/>\nSolado injetado antiderrapante.<\/p>\n","protected":false},"excerpt":{"rendered":"<p>Botas OMP One Evo X FIA 8856-2018<\/p>\n<p>Homologa\u00e7\u00e3o: FIA 8856-2018.<br \/>\nCores: Branco, preto, vermelho, amarelo fluo.<br \/>\nTamanhos dispon\u00edveis: do 36 ao 48.<\/p>\n<p>Corte: Cintura m\u00e9dia.<br \/>\nRecorte no tornozelo.<br \/>\nFechamento: Atacadores finos + Velcro\u00ae.<br \/>\nEstofamento: Couro perfurado + aplica\u00e7\u00e3o de tecido estampado.<br \/>\nRefor\u00e7os laterais e dedo do p\u00e9: Sim.<br \/>\nSola resistente a \u00f3leo: Sim.<br \/>\nSolado injetado antiderrapante.<\/p>\n","protected":false},"featured_media":0,"template":"","meta":[],"product_cat":[554],"product_tag":[],"marca":[171],"class_list":["post-20772","product","type-product","status-publish","hentry","product_cat-botas-de-competicao","marca-omp"],"yoast_head":"<!-- This site is optimized with the Yoast SEO plugin v20.5 - https:\/\/yoast.com\/wordpress\/plugins\/seo\/ -->\n<title>BOTAS OMP ONE EVO X - VERDE FLUO \/ AMARELO SIZE 45 - Auto Barbosa<\/title>\n<meta name=\"robots\" content=\"index, follow, max-snippet:-1, max-image-preview:large, max-video-preview:-1\" \/>\n<link rel=\"canonical\" href=\"https:\/\/autobarbosa.com\/es\/produto\/botas-omp-one-evo-x-verde-fluo-amarelo-size-45\/\" \/>\n<meta property=\"og:locale\" content=\"es_ES\" \/>\n<meta property=\"og:type\" content=\"article\" \/>\n<meta property=\"og:title\" content=\"BOTAS OMP ONE EVO X - VERDE FLUO \/ AMARELO SIZE 45 - Auto Barbosa\" \/>\n<meta property=\"og:description\" content=\"Botas OMP One Evo X FIA 8856-2018  Homologa\u00e7\u00e3o: FIA 8856-2018. Cores: Branco, preto, vermelho, amarelo fluo. Tamanhos dispon\u00edveis: do 36 ao 48.  Corte: Cintura m\u00e9dia. Recorte no tornozelo. Fechamento: Atacadores finos + Velcro\u00ae. Estofamento: Couro perfurado + aplica\u00e7\u00e3o de tecido estampado. Refor\u00e7os laterais e dedo do p\u00e9: Sim. Sola resistente a \u00f3leo: Sim. Solado injetado antiderrapante.\" \/>\n<meta property=\"og:url\" content=\"https:\/\/autobarbosa.com\/es\/produto\/botas-omp-one-evo-x-verde-fluo-amarelo-size-45\/\" \/>\n<meta property=\"og:site_name\" content=\"Auto Barbosa\" \/>\n<meta property=\"article:publisher\" content=\"https:\/\/www.facebook.com\/autobarbosaoficina\" \/>\n<meta name=\"twitter:card\" content=\"summary_large_image\" \/>\n<script type=\"application\/ld+json\" class=\"yoast-schema-graph\">{\"@context\":\"https:\/\/schema.org\",\"@graph\":[{\"@type\":\"WebPage\",\"@id\":\"https:\/\/autobarbosa.com\/es\/produto\/botas-omp-one-evo-x-verde-fluo-amarelo-size-45\/\",\"url\":\"https:\/\/autobarbosa.com\/es\/produto\/botas-omp-one-evo-x-verde-fluo-amarelo-size-45\/\",\"name\":\"BOTAS OMP ONE EVO X - VERDE FLUO \/ AMARELO SIZE 45 - Auto Barbosa\",\"isPartOf\":{\"@id\":\"https:\/\/autobarbosa.com\/es\/#website\"},\"datePublished\":\"2025-12-16T08:12:08+00:00\",\"dateModified\":\"2025-12-16T08:12:08+00:00\",\"breadcrumb\":{\"@id\":\"https:\/\/autobarbosa.com\/es\/produto\/botas-omp-one-evo-x-verde-fluo-amarelo-size-45\/#breadcrumb\"},\"inLanguage\":\"es\",\"potentialAction\":[{\"@type\":\"ReadAction\",\"target\":[\"https:\/\/autobarbosa.com\/es\/produto\/botas-omp-one-evo-x-verde-fluo-amarelo-size-45\/\"]}]},{\"@type\":\"BreadcrumbList\",\"@id\":\"https:\/\/autobarbosa.com\/es\/produto\/botas-omp-one-evo-x-verde-fluo-amarelo-size-45\/#breadcrumb\",\"itemListElement\":[{\"@type\":\"ListItem\",\"position\":1,\"name\":\"In\u00edcio\",\"item\":\"https:\/\/autobarbosa.com\/es\/\"},{\"@type\":\"ListItem\",\"position\":2,\"name\":\"Loja\",\"item\":\"https:\/\/autobarbosa.com\/\"},{\"@type\":\"ListItem\",\"position\":3,\"name\":\"BOTAS OMP ONE EVO X &#8211; VERDE FLUO \/ AMARELO SIZE 45\"}]},{\"@type\":\"WebSite\",\"@id\":\"https:\/\/autobarbosa.com\/es\/#website\",\"url\":\"https:\/\/autobarbosa.com\/es\/\",\"name\":\"Auto Barbosa\",\"description\":\"Site institucional\",\"publisher\":{\"@id\":\"https:\/\/autobarbosa.com\/es\/#organization\"},\"potentialAction\":[{\"@type\":\"SearchAction\",\"target\":{\"@type\":\"EntryPoint\",\"urlTemplate\":\"https:\/\/autobarbosa.com\/es\/?s={search_term_string}\"},\"query-input\":\"required name=search_term_string\"}],\"inLanguage\":\"es\"},{\"@type\":\"Organization\",\"@id\":\"https:\/\/autobarbosa.com\/es\/#organization\",\"name\":\"Auto Barbosa\",\"url\":\"https:\/\/autobarbosa.com\/es\/\",\"logo\":{\"@type\":\"ImageObject\",\"inLanguage\":\"es\",\"@id\":\"https:\/\/autobarbosa.com\/es\/#\/schema\/logo\/image\/\",\"url\":\"https:\/\/autobarbosa.com\/wp-content\/uploads\/2023\/03\/AUTO-BARBOSA-LOGO-1-e1678715539111.png\",\"contentUrl\":\"https:\/\/autobarbosa.com\/wp-content\/uploads\/2023\/03\/AUTO-BARBOSA-LOGO-1-e1678715539111.png\",\"width\":3233,\"height\":3233,\"caption\":\"Auto Barbosa\"},\"image\":{\"@id\":\"https:\/\/autobarbosa.com\/es\/#\/schema\/logo\/image\/\"},\"sameAs\":[\"https:\/\/www.facebook.com\/autobarbosaoficina\",\"https:\/\/www.instagram.com\/autobarbosa.oficina\/\"]}]}<\/script>\n<!-- \/ Yoast SEO plugin. -->","yoast_head_json":{"title":"BOTAS OMP ONE EVO X - VERDE FLUO \/ AMARELO SIZE 45 - Auto Barbosa","robots":{"index":"index","follow":"follow","max-snippet":"max-snippet:-1","max-image-preview":"max-image-preview:large","max-video-preview":"max-video-preview:-1"},"canonical":"https:\/\/autobarbosa.com\/es\/produto\/botas-omp-one-evo-x-verde-fluo-amarelo-size-45\/","og_locale":"es_ES","og_type":"article","og_title":"BOTAS OMP ONE EVO X - VERDE FLUO \/ AMARELO SIZE 45 - Auto Barbosa","og_description":"Botas OMP One Evo X FIA 8856-2018  Homologa\u00e7\u00e3o: FIA 8856-2018. Cores: Branco, preto, vermelho, amarelo fluo. Tamanhos dispon\u00edveis: do 36 ao 48.  Corte: Cintura m\u00e9dia. Recorte no tornozelo. Fechamento: Atacadores finos + Velcro\u00ae. Estofamento: Couro perfurado + aplica\u00e7\u00e3o de tecido estampado. Refor\u00e7os laterais e dedo do p\u00e9: Sim. Sola resistente a \u00f3leo: Sim. Solado injetado antiderrapante.","og_url":"https:\/\/autobarbosa.com\/es\/produto\/botas-omp-one-evo-x-verde-fluo-amarelo-size-45\/","og_site_name":"Auto Barbosa","article_publisher":"https:\/\/www.facebook.com\/autobarbosaoficina","twitter_card":"summary_large_image","schema":{"@context":"https:\/\/schema.org","@graph":[{"@type":"WebPage","@id":"https:\/\/autobarbosa.com\/es\/produto\/botas-omp-one-evo-x-verde-fluo-amarelo-size-45\/","url":"https:\/\/autobarbosa.com\/es\/produto\/botas-omp-one-evo-x-verde-fluo-amarelo-size-45\/","name":"BOTAS OMP ONE EVO X - VERDE FLUO \/ AMARELO SIZE 45 - Auto Barbosa","isPartOf":{"@id":"https:\/\/autobarbosa.com\/es\/#website"},"datePublished":"2025-12-16T08:12:08+00:00","dateModified":"2025-12-16T08:12:08+00:00","breadcrumb":{"@id":"https:\/\/autobarbosa.com\/es\/produto\/botas-omp-one-evo-x-verde-fluo-amarelo-size-45\/#breadcrumb"},"inLanguage":"es","potentialAction":[{"@type":"ReadAction","target":["https:\/\/autobarbosa.com\/es\/produto\/botas-omp-one-evo-x-verde-fluo-amarelo-size-45\/"]}]},{"@type":"BreadcrumbList","@id":"https:\/\/autobarbosa.com\/es\/produto\/botas-omp-one-evo-x-verde-fluo-amarelo-size-45\/#breadcrumb","itemListElement":[{"@type":"ListItem","position":1,"name":"In\u00edcio","item":"https:\/\/autobarbosa.com\/es\/"},{"@type":"ListItem","position":2,"name":"Loja","item":"https:\/\/autobarbosa.com\/"},{"@type":"ListItem","position":3,"name":"BOTAS OMP ONE EVO X &#8211; VERDE FLUO \/ AMARELO SIZE 45"}]},{"@type":"WebSite","@id":"https:\/\/autobarbosa.com\/es\/#website","url":"https:\/\/autobarbosa.com\/es\/","name":"Auto Barbosa","description":"Site institucional","publisher":{"@id":"https:\/\/autobarbosa.com\/es\/#organization"},"potentialAction":[{"@type":"SearchAction","target":{"@type":"EntryPoint","urlTemplate":"https:\/\/autobarbosa.com\/es\/?s={search_term_string}"},"query-input":"required name=search_term_string"}],"inLanguage":"es"},{"@type":"Organization","@id":"https:\/\/autobarbosa.com\/es\/#organization","name":"Auto Barbosa","url":"https:\/\/autobarbosa.com\/es\/","logo":{"@type":"ImageObject","inLanguage":"es","@id":"https:\/\/autobarbosa.com\/es\/#\/schema\/logo\/image\/","url":"https:\/\/autobarbosa.com\/wp-content\/uploads\/2023\/03\/AUTO-BARBOSA-LOGO-1-e1678715539111.png","contentUrl":"https:\/\/autobarbosa.com\/wp-content\/uploads\/2023\/03\/AUTO-BARBOSA-LOGO-1-e1678715539111.png","width":3233,"height":3233,"caption":"Auto Barbosa"},"image":{"@id":"https:\/\/autobarbosa.com\/es\/#\/schema\/logo\/image\/"},"sameAs":["https:\/\/www.facebook.com\/autobarbosaoficina","https:\/\/www.instagram.com\/autobarbosa.oficina\/"]}]}},"_links":{"self":[{"href":"https:\/\/autobarbosa.com\/es\/wp-json\/wp\/v3\/product\/20772","targetHints":{"allow":["GET"]}}],"collection":[{"href":"https:\/\/autobarbosa.com\/es\/wp-json\/wp\/v3\/product"}],"about":[{"href":"https:\/\/autobarbosa.com\/es\/wp-json\/wp\/v2\/types\/product"}],"wp:attachment":[{"href":"https:\/\/autobarbosa.com\/es\/wp-json\/wp\/v2\/media?parent=20772"}],"wp:term":[{"taxonomy":"product_cat","embeddable":true,"href":"https:\/\/autobarbosa.com\/es\/wp-json\/wp\/v2\/product_cat?post=20772"},{"taxonomy":"product_tag","embeddable":true,"href":"https:\/\/autobarbosa.com\/es\/wp-json\/wp\/v2\/product_tag?post=20772"},{"taxonomy":"marca","embeddable":true,"href":"https:\/\/autobarbosa.com\/es\/wp-json\/wp\/v2\/marca?post=20772"}],"curies":[{"name":"wp","href":"https:\/\/api.w.org\/{rel}","templated":true}]}}