{"id":20828,"date":"2025-12-16T07:12:26","date_gmt":"2025-12-16T08:12:26","guid":{"rendered":"https:\/\/autobarbosa.com\/produto\/botas-omp-one-tt-co-driver-meca-fia-8856-2018-sz-43\/"},"modified":"2026-04-15T19:14:10","modified_gmt":"2026-04-15T19:14:10","slug":"botas-omp-one-tt-co-driver-meca-fia-8856-2018-sz-43","status":"publish","type":"product","link":"https:\/\/autobarbosa.com\/es\/produto\/botas-omp-one-tt-co-driver-meca-fia-8856-2018-sz-43\/","title":{"rendered":"BOTAS OMP  ONE TT CO-DRIVER \/ MECA.  FIA 8856-2018  SZ 43"},"content":{"rendered":"<p>Botas mec\u00e2nicas FIA 8856-2018 OMP One TT cal\u00e7ados de co-piloto &#8220;todo-o-terreno&#8221;.<br \/>\nIdeal para co-pilotos e mec\u00e2nicos.<\/p>\n<p>Aprova\u00e7\u00e3o: FIA 8856-2018.<br \/>\nCor preta.<br \/>\nTamanhos dispon\u00edveis: 37 a 48.<\/p>\n<p>Corte: cintura m\u00e9dia.<br \/>\nEncerramento: Cadar\u00e7os + Velcro\u00ae.<br \/>\nRecorte no tornozelo.<br \/>\nRevestimento: Couro.<br \/>\nInser\u00e7\u00f5es respir\u00e1veis.<br \/>\nRefor\u00e7os: Sim.<br \/>\nSola antiderrapante.<br \/>\nSola em EVA resistente a \u00f3leo.<\/p>\n","protected":false},"excerpt":{"rendered":"<p>Botas mec\u00e2nicas FIA 8856-2018 OMP One TT cal\u00e7ados de co-piloto &#8220;todo-o-terreno&#8221;.<br \/>\nIdeal para co-pilotos e mec\u00e2nicos.<\/p>\n<p>Aprova\u00e7\u00e3o: FIA 8856-2018.<br \/>\nCor preta.<br \/>\nTamanhos dispon\u00edveis: 37 a 48.<\/p>\n<p>Corte: cintura m\u00e9dia.<br \/>\nEncerramento: Cadar\u00e7os + Velcro\u00ae.<br \/>\nRecorte no tornozelo.<br \/>\nRevestimento: Couro.<br \/>\nInser\u00e7\u00f5es respir\u00e1veis.<br \/>\nRefor\u00e7os: Sim.<br \/>\nSola antiderrapante.<br \/>\nSola em EVA resistente a \u00f3leo.<\/p>\n","protected":false},"featured_media":20824,"template":"","meta":[],"product_cat":[554],"product_tag":[],"marca":[171],"class_list":["post-20828","product","type-product","status-publish","has-post-thumbnail","hentry","product_cat-botas-de-competicao","marca-omp"],"yoast_head":"<!-- This site is optimized with the Yoast SEO plugin v20.5 - https:\/\/yoast.com\/wordpress\/plugins\/seo\/ -->\n<title>BOTAS OMP ONE TT CO-DRIVER \/ MECA. FIA 8856-2018 SZ 43 - Auto Barbosa<\/title>\n<meta name=\"robots\" content=\"index, follow, max-snippet:-1, max-image-preview:large, max-video-preview:-1\" \/>\n<link rel=\"canonical\" href=\"https:\/\/autobarbosa.com\/es\/produto\/botas-omp-one-tt-co-driver-meca-fia-8856-2018-sz-43\/\" \/>\n<meta property=\"og:locale\" content=\"es_ES\" \/>\n<meta property=\"og:type\" content=\"article\" \/>\n<meta property=\"og:title\" content=\"BOTAS OMP ONE TT CO-DRIVER \/ MECA. FIA 8856-2018 SZ 43 - Auto Barbosa\" \/>\n<meta property=\"og:description\" content=\"Botas mec\u00e2nicas FIA 8856-2018 OMP One TT cal\u00e7ados de co-piloto &quot;todo-o-terreno&quot;. Ideal para co-pilotos e mec\u00e2nicos.  Aprova\u00e7\u00e3o: FIA 8856-2018. Cor preta. Tamanhos dispon\u00edveis: 37 a 48.  Corte: cintura m\u00e9dia. Encerramento: Cadar\u00e7os + Velcro\u00ae. Recorte no tornozelo. Revestimento: Couro. Inser\u00e7\u00f5es respir\u00e1veis. Refor\u00e7os: Sim. Sola antiderrapante. Sola em EVA resistente a \u00f3leo.\" \/>\n<meta property=\"og:url\" content=\"https:\/\/autobarbosa.com\/es\/produto\/botas-omp-one-tt-co-driver-meca-fia-8856-2018-sz-43\/\" \/>\n<meta property=\"og:site_name\" content=\"Auto Barbosa\" \/>\n<meta property=\"article:publisher\" content=\"https:\/\/www.facebook.com\/autobarbosaoficina\" \/>\n<meta property=\"article:modified_time\" content=\"2026-04-15T19:14:10+00:00\" \/>\n<meta property=\"og:image\" content=\"https:\/\/autobarbosa.com\/wp-content\/uploads\/2025\/12\/8ompic82807143.png\" \/>\n\t<meta property=\"og:image:width\" content=\"800\" \/>\n\t<meta property=\"og:image:height\" content=\"800\" \/>\n\t<meta property=\"og:image:type\" content=\"image\/png\" \/>\n<meta name=\"twitter:card\" content=\"summary_large_image\" \/>\n<script type=\"application\/ld+json\" class=\"yoast-schema-graph\">{\"@context\":\"https:\/\/schema.org\",\"@graph\":[{\"@type\":\"WebPage\",\"@id\":\"https:\/\/autobarbosa.com\/es\/produto\/botas-omp-one-tt-co-driver-meca-fia-8856-2018-sz-43\/\",\"url\":\"https:\/\/autobarbosa.com\/es\/produto\/botas-omp-one-tt-co-driver-meca-fia-8856-2018-sz-43\/\",\"name\":\"BOTAS OMP ONE TT CO-DRIVER \/ MECA. FIA 8856-2018 SZ 43 - Auto Barbosa\",\"isPartOf\":{\"@id\":\"https:\/\/autobarbosa.com\/es\/#website\"},\"datePublished\":\"2025-12-16T08:12:26+00:00\",\"dateModified\":\"2026-04-15T19:14:10+00:00\",\"breadcrumb\":{\"@id\":\"https:\/\/autobarbosa.com\/es\/produto\/botas-omp-one-tt-co-driver-meca-fia-8856-2018-sz-43\/#breadcrumb\"},\"inLanguage\":\"es\",\"potentialAction\":[{\"@type\":\"ReadAction\",\"target\":[\"https:\/\/autobarbosa.com\/es\/produto\/botas-omp-one-tt-co-driver-meca-fia-8856-2018-sz-43\/\"]}]},{\"@type\":\"BreadcrumbList\",\"@id\":\"https:\/\/autobarbosa.com\/es\/produto\/botas-omp-one-tt-co-driver-meca-fia-8856-2018-sz-43\/#breadcrumb\",\"itemListElement\":[{\"@type\":\"ListItem\",\"position\":1,\"name\":\"In\u00edcio\",\"item\":\"https:\/\/autobarbosa.com\/es\/\"},{\"@type\":\"ListItem\",\"position\":2,\"name\":\"Loja\",\"item\":\"https:\/\/autobarbosa.com\/\"},{\"@type\":\"ListItem\",\"position\":3,\"name\":\"BOTAS OMP ONE TT CO-DRIVER \/ MECA. FIA 8856-2018 SZ 43\"}]},{\"@type\":\"WebSite\",\"@id\":\"https:\/\/autobarbosa.com\/es\/#website\",\"url\":\"https:\/\/autobarbosa.com\/es\/\",\"name\":\"Auto Barbosa\",\"description\":\"Site institucional\",\"publisher\":{\"@id\":\"https:\/\/autobarbosa.com\/es\/#organization\"},\"potentialAction\":[{\"@type\":\"SearchAction\",\"target\":{\"@type\":\"EntryPoint\",\"urlTemplate\":\"https:\/\/autobarbosa.com\/es\/?s={search_term_string}\"},\"query-input\":\"required name=search_term_string\"}],\"inLanguage\":\"es\"},{\"@type\":\"Organization\",\"@id\":\"https:\/\/autobarbosa.com\/es\/#organization\",\"name\":\"Auto Barbosa\",\"url\":\"https:\/\/autobarbosa.com\/es\/\",\"logo\":{\"@type\":\"ImageObject\",\"inLanguage\":\"es\",\"@id\":\"https:\/\/autobarbosa.com\/es\/#\/schema\/logo\/image\/\",\"url\":\"https:\/\/autobarbosa.com\/wp-content\/uploads\/2023\/03\/AUTO-BARBOSA-LOGO-1-e1678715539111.png\",\"contentUrl\":\"https:\/\/autobarbosa.com\/wp-content\/uploads\/2023\/03\/AUTO-BARBOSA-LOGO-1-e1678715539111.png\",\"width\":3233,\"height\":3233,\"caption\":\"Auto Barbosa\"},\"image\":{\"@id\":\"https:\/\/autobarbosa.com\/es\/#\/schema\/logo\/image\/\"},\"sameAs\":[\"https:\/\/www.facebook.com\/autobarbosaoficina\",\"https:\/\/www.instagram.com\/autobarbosa.oficina\/\"]}]}<\/script>\n<!-- \/ Yoast SEO plugin. -->","yoast_head_json":{"title":"BOTAS OMP ONE TT CO-DRIVER \/ MECA. FIA 8856-2018 SZ 43 - Auto Barbosa","robots":{"index":"index","follow":"follow","max-snippet":"max-snippet:-1","max-image-preview":"max-image-preview:large","max-video-preview":"max-video-preview:-1"},"canonical":"https:\/\/autobarbosa.com\/es\/produto\/botas-omp-one-tt-co-driver-meca-fia-8856-2018-sz-43\/","og_locale":"es_ES","og_type":"article","og_title":"BOTAS OMP ONE TT CO-DRIVER \/ MECA. FIA 8856-2018 SZ 43 - Auto Barbosa","og_description":"Botas mec\u00e2nicas FIA 8856-2018 OMP One TT cal\u00e7ados de co-piloto \"todo-o-terreno\". Ideal para co-pilotos e mec\u00e2nicos.  Aprova\u00e7\u00e3o: FIA 8856-2018. Cor preta. Tamanhos dispon\u00edveis: 37 a 48.  Corte: cintura m\u00e9dia. Encerramento: Cadar\u00e7os + Velcro\u00ae. Recorte no tornozelo. Revestimento: Couro. Inser\u00e7\u00f5es respir\u00e1veis. Refor\u00e7os: Sim. Sola antiderrapante. Sola em EVA resistente a \u00f3leo.","og_url":"https:\/\/autobarbosa.com\/es\/produto\/botas-omp-one-tt-co-driver-meca-fia-8856-2018-sz-43\/","og_site_name":"Auto Barbosa","article_publisher":"https:\/\/www.facebook.com\/autobarbosaoficina","article_modified_time":"2026-04-15T19:14:10+00:00","og_image":[{"width":800,"height":800,"url":"https:\/\/autobarbosa.com\/wp-content\/uploads\/2025\/12\/8ompic82807143.png","type":"image\/png"}],"twitter_card":"summary_large_image","schema":{"@context":"https:\/\/schema.org","@graph":[{"@type":"WebPage","@id":"https:\/\/autobarbosa.com\/es\/produto\/botas-omp-one-tt-co-driver-meca-fia-8856-2018-sz-43\/","url":"https:\/\/autobarbosa.com\/es\/produto\/botas-omp-one-tt-co-driver-meca-fia-8856-2018-sz-43\/","name":"BOTAS OMP ONE TT CO-DRIVER \/ MECA. FIA 8856-2018 SZ 43 - Auto Barbosa","isPartOf":{"@id":"https:\/\/autobarbosa.com\/es\/#website"},"datePublished":"2025-12-16T08:12:26+00:00","dateModified":"2026-04-15T19:14:10+00:00","breadcrumb":{"@id":"https:\/\/autobarbosa.com\/es\/produto\/botas-omp-one-tt-co-driver-meca-fia-8856-2018-sz-43\/#breadcrumb"},"inLanguage":"es","potentialAction":[{"@type":"ReadAction","target":["https:\/\/autobarbosa.com\/es\/produto\/botas-omp-one-tt-co-driver-meca-fia-8856-2018-sz-43\/"]}]},{"@type":"BreadcrumbList","@id":"https:\/\/autobarbosa.com\/es\/produto\/botas-omp-one-tt-co-driver-meca-fia-8856-2018-sz-43\/#breadcrumb","itemListElement":[{"@type":"ListItem","position":1,"name":"In\u00edcio","item":"https:\/\/autobarbosa.com\/es\/"},{"@type":"ListItem","position":2,"name":"Loja","item":"https:\/\/autobarbosa.com\/"},{"@type":"ListItem","position":3,"name":"BOTAS OMP ONE TT CO-DRIVER \/ MECA. FIA 8856-2018 SZ 43"}]},{"@type":"WebSite","@id":"https:\/\/autobarbosa.com\/es\/#website","url":"https:\/\/autobarbosa.com\/es\/","name":"Auto Barbosa","description":"Site institucional","publisher":{"@id":"https:\/\/autobarbosa.com\/es\/#organization"},"potentialAction":[{"@type":"SearchAction","target":{"@type":"EntryPoint","urlTemplate":"https:\/\/autobarbosa.com\/es\/?s={search_term_string}"},"query-input":"required name=search_term_string"}],"inLanguage":"es"},{"@type":"Organization","@id":"https:\/\/autobarbosa.com\/es\/#organization","name":"Auto Barbosa","url":"https:\/\/autobarbosa.com\/es\/","logo":{"@type":"ImageObject","inLanguage":"es","@id":"https:\/\/autobarbosa.com\/es\/#\/schema\/logo\/image\/","url":"https:\/\/autobarbosa.com\/wp-content\/uploads\/2023\/03\/AUTO-BARBOSA-LOGO-1-e1678715539111.png","contentUrl":"https:\/\/autobarbosa.com\/wp-content\/uploads\/2023\/03\/AUTO-BARBOSA-LOGO-1-e1678715539111.png","width":3233,"height":3233,"caption":"Auto Barbosa"},"image":{"@id":"https:\/\/autobarbosa.com\/es\/#\/schema\/logo\/image\/"},"sameAs":["https:\/\/www.facebook.com\/autobarbosaoficina","https:\/\/www.instagram.com\/autobarbosa.oficina\/"]}]}},"_links":{"self":[{"href":"https:\/\/autobarbosa.com\/es\/wp-json\/wp\/v3\/product\/20828","targetHints":{"allow":["GET"]}}],"collection":[{"href":"https:\/\/autobarbosa.com\/es\/wp-json\/wp\/v3\/product"}],"about":[{"href":"https:\/\/autobarbosa.com\/es\/wp-json\/wp\/v2\/types\/product"}],"wp:featuredmedia":[{"embeddable":true,"href":"https:\/\/autobarbosa.com\/es\/wp-json\/wp\/v2\/media\/20824"}],"wp:attachment":[{"href":"https:\/\/autobarbosa.com\/es\/wp-json\/wp\/v2\/media?parent=20828"}],"wp:term":[{"taxonomy":"product_cat","embeddable":true,"href":"https:\/\/autobarbosa.com\/es\/wp-json\/wp\/v2\/product_cat?post=20828"},{"taxonomy":"product_tag","embeddable":true,"href":"https:\/\/autobarbosa.com\/es\/wp-json\/wp\/v2\/product_tag?post=20828"},{"taxonomy":"marca","embeddable":true,"href":"https:\/\/autobarbosa.com\/es\/wp-json\/wp\/v2\/marca?post=20828"}],"curies":[{"name":"wp","href":"https:\/\/api.w.org\/{rel}","templated":true}]}}