{"id":21036,"date":"2025-12-16T07:13:30","date_gmt":"2025-12-16T08:13:30","guid":{"rendered":"https:\/\/autobarbosa.com\/produto\/baquet-turn-one-regulavel-tecido\/"},"modified":"2025-12-16T07:13:30","modified_gmt":"2025-12-16T08:13:30","slug":"baquet-turn-one-regulavel-tecido","status":"publish","type":"product","link":"https:\/\/autobarbosa.com\/es\/produto\/baquet-turn-one-regulavel-tecido\/","title":{"rendered":"BAQUET TURN ONE REGULAVEL TECIDO"},"content":{"rendered":"<p>TURN ONE Track &amp; Road, vers\u00e3o em imita\u00e7\u00e3o de pele<\/p>\n<p>Assento tubular dobr\u00e1vel em imita\u00e7\u00e3o de pele, que pode ser usado tanto com cintos de 3 ou 4 pontos como com um cinto original.<br \/>\nO uso com arn\u00eas ainda \u00e9 recomendado.<br \/>\nEncosto regul\u00e1vel e reclin\u00e1vel.<br \/>\nApoios laterais claramente perfilados, para se fundir com o ve\u00edculo curvo.<br \/>\nAssento n\u00e3o homologado para competi\u00e7\u00e3o.<br \/>\nCor preta.<br \/>\nCorredi\u00e7as universais de fixa\u00e7\u00e3o inclu\u00eddas.<\/p>\n<p>Dimens\u00f5es:<br \/>\n&#8211; B: 559mm.<br \/>\n-D: 505mm.<br \/>\n&#8211; D: 574 mm.<br \/>\n&#8211; F: 956 mil\u00edmetros.<br \/>\n-X: 294mm.<br \/>\n-Z: 315mm.<br \/>\nPeso do assento: 15,2 kg (slides inclu\u00eddos).<\/p>\n","protected":false},"excerpt":{"rendered":"<p>TURN ONE Track &amp; Road, vers\u00e3o em imita\u00e7\u00e3o de pele<\/p>\n<p>Assento tubular dobr\u00e1vel em imita\u00e7\u00e3o de pele, que pode ser usado tanto com cintos de 3 ou 4 pontos como com um cinto original.<br \/>\nO uso com arn\u00eas ainda \u00e9 recomendado.<br \/>\nEncosto regul\u00e1vel e reclin\u00e1vel.<br \/>\nApoios laterais claramente perfilados, para se fundir com o ve\u00edculo curvo.<br \/>\nAssento n\u00e3o homologado para competi\u00e7\u00e3o.<br \/>\nCor preta.<br \/>\nCorredi\u00e7as universais de fixa\u00e7\u00e3o inclu\u00eddas.<\/p>\n<p>Dimens\u00f5es:<br \/>\n&#8211; B: 559mm.<br \/>\n-D: 505mm.<br \/>\n&#8211; D: 574 mm.<br \/>\n&#8211; F: 956 mil\u00edmetros.<br \/>\n-X: 294mm.<br \/>\n-Z: 315mm.<br \/>\nPeso do assento: 15,2 kg (slides inclu\u00eddos).<\/p>\n","protected":false},"featured_media":0,"template":"","meta":[],"product_cat":[557],"product_tag":[],"marca":[163],"class_list":["post-21036","product","type-product","status-publish","hentry","product_cat-baquets","marca-turn-one"],"yoast_head":"<!-- This site is optimized with the Yoast SEO plugin v20.5 - https:\/\/yoast.com\/wordpress\/plugins\/seo\/ -->\n<title>BAQUET TURN ONE REGULAVEL TECIDO - Auto Barbosa<\/title>\n<meta name=\"robots\" content=\"index, follow, max-snippet:-1, max-image-preview:large, max-video-preview:-1\" \/>\n<link rel=\"canonical\" href=\"https:\/\/autobarbosa.com\/es\/produto\/baquet-turn-one-regulavel-tecido\/\" \/>\n<meta property=\"og:locale\" content=\"es_ES\" \/>\n<meta property=\"og:type\" content=\"article\" \/>\n<meta property=\"og:title\" content=\"BAQUET TURN ONE REGULAVEL TECIDO - Auto Barbosa\" \/>\n<meta property=\"og:description\" content=\"TURN ONE Track &amp; Road, vers\u00e3o em imita\u00e7\u00e3o de pele  Assento tubular dobr\u00e1vel em imita\u00e7\u00e3o de pele, que pode ser usado tanto com cintos de 3 ou 4 pontos como com um cinto original. O uso com arn\u00eas ainda \u00e9 recomendado. Encosto regul\u00e1vel e reclin\u00e1vel. Apoios laterais claramente perfilados, para se fundir com o ve\u00edculo curvo. Assento n\u00e3o homologado para competi\u00e7\u00e3o. Cor preta. Corredi\u00e7as universais de fixa\u00e7\u00e3o inclu\u00eddas.  Dimens\u00f5es: - B: 559mm. -D: 505mm. - D: 574 mm. - F: 956 mil\u00edmetros. -X: 294mm. -Z: 315mm. Peso do assento: 15,2 kg (slides inclu\u00eddos).\" \/>\n<meta property=\"og:url\" content=\"https:\/\/autobarbosa.com\/es\/produto\/baquet-turn-one-regulavel-tecido\/\" \/>\n<meta property=\"og:site_name\" content=\"Auto Barbosa\" \/>\n<meta property=\"article:publisher\" content=\"https:\/\/www.facebook.com\/autobarbosaoficina\" \/>\n<meta name=\"twitter:card\" content=\"summary_large_image\" \/>\n<meta name=\"twitter:label1\" content=\"Tiempo de lectura\" \/>\n\t<meta name=\"twitter:data1\" content=\"1 minuto\" \/>\n<script type=\"application\/ld+json\" class=\"yoast-schema-graph\">{\"@context\":\"https:\/\/schema.org\",\"@graph\":[{\"@type\":\"WebPage\",\"@id\":\"https:\/\/autobarbosa.com\/es\/produto\/baquet-turn-one-regulavel-tecido\/\",\"url\":\"https:\/\/autobarbosa.com\/es\/produto\/baquet-turn-one-regulavel-tecido\/\",\"name\":\"BAQUET TURN ONE REGULAVEL TECIDO - Auto Barbosa\",\"isPartOf\":{\"@id\":\"https:\/\/autobarbosa.com\/es\/#website\"},\"datePublished\":\"2025-12-16T08:13:30+00:00\",\"dateModified\":\"2025-12-16T08:13:30+00:00\",\"breadcrumb\":{\"@id\":\"https:\/\/autobarbosa.com\/es\/produto\/baquet-turn-one-regulavel-tecido\/#breadcrumb\"},\"inLanguage\":\"es\",\"potentialAction\":[{\"@type\":\"ReadAction\",\"target\":[\"https:\/\/autobarbosa.com\/es\/produto\/baquet-turn-one-regulavel-tecido\/\"]}]},{\"@type\":\"BreadcrumbList\",\"@id\":\"https:\/\/autobarbosa.com\/es\/produto\/baquet-turn-one-regulavel-tecido\/#breadcrumb\",\"itemListElement\":[{\"@type\":\"ListItem\",\"position\":1,\"name\":\"In\u00edcio\",\"item\":\"https:\/\/autobarbosa.com\/es\/\"},{\"@type\":\"ListItem\",\"position\":2,\"name\":\"Loja\",\"item\":\"https:\/\/autobarbosa.com\/\"},{\"@type\":\"ListItem\",\"position\":3,\"name\":\"BAQUET TURN ONE REGULAVEL TECIDO\"}]},{\"@type\":\"WebSite\",\"@id\":\"https:\/\/autobarbosa.com\/es\/#website\",\"url\":\"https:\/\/autobarbosa.com\/es\/\",\"name\":\"Auto Barbosa\",\"description\":\"Site institucional\",\"publisher\":{\"@id\":\"https:\/\/autobarbosa.com\/es\/#organization\"},\"potentialAction\":[{\"@type\":\"SearchAction\",\"target\":{\"@type\":\"EntryPoint\",\"urlTemplate\":\"https:\/\/autobarbosa.com\/es\/?s={search_term_string}\"},\"query-input\":\"required name=search_term_string\"}],\"inLanguage\":\"es\"},{\"@type\":\"Organization\",\"@id\":\"https:\/\/autobarbosa.com\/es\/#organization\",\"name\":\"Auto Barbosa\",\"url\":\"https:\/\/autobarbosa.com\/es\/\",\"logo\":{\"@type\":\"ImageObject\",\"inLanguage\":\"es\",\"@id\":\"https:\/\/autobarbosa.com\/es\/#\/schema\/logo\/image\/\",\"url\":\"https:\/\/autobarbosa.com\/wp-content\/uploads\/2023\/03\/AUTO-BARBOSA-LOGO-1-e1678715539111.png\",\"contentUrl\":\"https:\/\/autobarbosa.com\/wp-content\/uploads\/2023\/03\/AUTO-BARBOSA-LOGO-1-e1678715539111.png\",\"width\":3233,\"height\":3233,\"caption\":\"Auto Barbosa\"},\"image\":{\"@id\":\"https:\/\/autobarbosa.com\/es\/#\/schema\/logo\/image\/\"},\"sameAs\":[\"https:\/\/www.facebook.com\/autobarbosaoficina\",\"https:\/\/www.instagram.com\/autobarbosa.oficina\/\"]}]}<\/script>\n<!-- \/ Yoast SEO plugin. -->","yoast_head_json":{"title":"BAQUET TURN ONE REGULAVEL TECIDO - Auto Barbosa","robots":{"index":"index","follow":"follow","max-snippet":"max-snippet:-1","max-image-preview":"max-image-preview:large","max-video-preview":"max-video-preview:-1"},"canonical":"https:\/\/autobarbosa.com\/es\/produto\/baquet-turn-one-regulavel-tecido\/","og_locale":"es_ES","og_type":"article","og_title":"BAQUET TURN ONE REGULAVEL TECIDO - Auto Barbosa","og_description":"TURN ONE Track &amp; Road, vers\u00e3o em imita\u00e7\u00e3o de pele  Assento tubular dobr\u00e1vel em imita\u00e7\u00e3o de pele, que pode ser usado tanto com cintos de 3 ou 4 pontos como com um cinto original. O uso com arn\u00eas ainda \u00e9 recomendado. Encosto regul\u00e1vel e reclin\u00e1vel. Apoios laterais claramente perfilados, para se fundir com o ve\u00edculo curvo. Assento n\u00e3o homologado para competi\u00e7\u00e3o. Cor preta. Corredi\u00e7as universais de fixa\u00e7\u00e3o inclu\u00eddas.  Dimens\u00f5es: - B: 559mm. -D: 505mm. - D: 574 mm. - F: 956 mil\u00edmetros. -X: 294mm. -Z: 315mm. Peso do assento: 15,2 kg (slides inclu\u00eddos).","og_url":"https:\/\/autobarbosa.com\/es\/produto\/baquet-turn-one-regulavel-tecido\/","og_site_name":"Auto Barbosa","article_publisher":"https:\/\/www.facebook.com\/autobarbosaoficina","twitter_card":"summary_large_image","twitter_misc":{"Tiempo de lectura":"1 minuto"},"schema":{"@context":"https:\/\/schema.org","@graph":[{"@type":"WebPage","@id":"https:\/\/autobarbosa.com\/es\/produto\/baquet-turn-one-regulavel-tecido\/","url":"https:\/\/autobarbosa.com\/es\/produto\/baquet-turn-one-regulavel-tecido\/","name":"BAQUET TURN ONE REGULAVEL TECIDO - Auto Barbosa","isPartOf":{"@id":"https:\/\/autobarbosa.com\/es\/#website"},"datePublished":"2025-12-16T08:13:30+00:00","dateModified":"2025-12-16T08:13:30+00:00","breadcrumb":{"@id":"https:\/\/autobarbosa.com\/es\/produto\/baquet-turn-one-regulavel-tecido\/#breadcrumb"},"inLanguage":"es","potentialAction":[{"@type":"ReadAction","target":["https:\/\/autobarbosa.com\/es\/produto\/baquet-turn-one-regulavel-tecido\/"]}]},{"@type":"BreadcrumbList","@id":"https:\/\/autobarbosa.com\/es\/produto\/baquet-turn-one-regulavel-tecido\/#breadcrumb","itemListElement":[{"@type":"ListItem","position":1,"name":"In\u00edcio","item":"https:\/\/autobarbosa.com\/es\/"},{"@type":"ListItem","position":2,"name":"Loja","item":"https:\/\/autobarbosa.com\/"},{"@type":"ListItem","position":3,"name":"BAQUET TURN ONE REGULAVEL TECIDO"}]},{"@type":"WebSite","@id":"https:\/\/autobarbosa.com\/es\/#website","url":"https:\/\/autobarbosa.com\/es\/","name":"Auto Barbosa","description":"Site institucional","publisher":{"@id":"https:\/\/autobarbosa.com\/es\/#organization"},"potentialAction":[{"@type":"SearchAction","target":{"@type":"EntryPoint","urlTemplate":"https:\/\/autobarbosa.com\/es\/?s={search_term_string}"},"query-input":"required name=search_term_string"}],"inLanguage":"es"},{"@type":"Organization","@id":"https:\/\/autobarbosa.com\/es\/#organization","name":"Auto Barbosa","url":"https:\/\/autobarbosa.com\/es\/","logo":{"@type":"ImageObject","inLanguage":"es","@id":"https:\/\/autobarbosa.com\/es\/#\/schema\/logo\/image\/","url":"https:\/\/autobarbosa.com\/wp-content\/uploads\/2023\/03\/AUTO-BARBOSA-LOGO-1-e1678715539111.png","contentUrl":"https:\/\/autobarbosa.com\/wp-content\/uploads\/2023\/03\/AUTO-BARBOSA-LOGO-1-e1678715539111.png","width":3233,"height":3233,"caption":"Auto Barbosa"},"image":{"@id":"https:\/\/autobarbosa.com\/es\/#\/schema\/logo\/image\/"},"sameAs":["https:\/\/www.facebook.com\/autobarbosaoficina","https:\/\/www.instagram.com\/autobarbosa.oficina\/"]}]}},"_links":{"self":[{"href":"https:\/\/autobarbosa.com\/es\/wp-json\/wp\/v3\/product\/21036","targetHints":{"allow":["GET"]}}],"collection":[{"href":"https:\/\/autobarbosa.com\/es\/wp-json\/wp\/v3\/product"}],"about":[{"href":"https:\/\/autobarbosa.com\/es\/wp-json\/wp\/v2\/types\/product"}],"wp:attachment":[{"href":"https:\/\/autobarbosa.com\/es\/wp-json\/wp\/v2\/media?parent=21036"}],"wp:term":[{"taxonomy":"product_cat","embeddable":true,"href":"https:\/\/autobarbosa.com\/es\/wp-json\/wp\/v2\/product_cat?post=21036"},{"taxonomy":"product_tag","embeddable":true,"href":"https:\/\/autobarbosa.com\/es\/wp-json\/wp\/v2\/product_tag?post=21036"},{"taxonomy":"marca","embeddable":true,"href":"https:\/\/autobarbosa.com\/es\/wp-json\/wp\/v2\/marca?post=21036"}],"curies":[{"name":"wp","href":"https:\/\/api.w.org\/{rel}","templated":true}]}}