{"id":21060,"date":"2025-12-16T07:13:36","date_gmt":"2025-12-16T08:13:36","guid":{"rendered":"https:\/\/autobarbosa.com\/produto\/cinto-4-pontos-estrada-vermelho\/"},"modified":"2026-04-29T19:15:41","modified_gmt":"2026-04-29T19:15:41","slug":"cinto-4-pontos-estrada-vermelho","status":"publish","type":"product","link":"https:\/\/autobarbosa.com\/es\/produto\/cinto-4-pontos-estrada-vermelho\/","title":{"rendered":"CINTO 4 PONTOS (ESTRADA) VERMELHO"},"content":{"rendered":"<p>Cintos  rodovi\u00e1rios TURN ONE<\/p>\n<p>Aplica\u00e7\u00e3o: Trackdays.<br \/>\nComo na competi\u00e7\u00e3o, opte pelo arn\u00eas de 4 pontos para um suporte ideal!<br \/>\nMuito c\u00f3modo gra\u00e7as ao seu refor\u00e7o abdominal, este arn\u00eas ser\u00e1 o companheiro perfeito para as suas escapadelas desportivas.<br \/>\nA fixa\u00e7\u00e3o no ve\u00edculo \u00e9 feita por suportes aparafusados.<br \/>\n2&#8221; ombro e 2&#8221; cintas de cintura.<br \/>\nOs parafusos de fixa\u00e7\u00e3o (comprimento de 25 mm, rosca padr\u00e3o 7\/16 UNF adequados para a maioria dos ve\u00edculos) s\u00e3o fornecidos com o arn\u00eas!<\/p>\n<p>Aprovado pela CEE (norma E4).<br \/>\nCor vermelha.<br \/>\nArn\u00eas de 4 pontos.<\/p>\n<p>Para uso na estrada, seu ve\u00edculo deve manter os cintos de seguran\u00e7a originais para manter o padr\u00e3o.<\/p>\n","protected":false},"excerpt":{"rendered":"<p>Cintos  rodovi\u00e1rios TURN ONE<\/p>\n<p>Aplica\u00e7\u00e3o: Trackdays.<br \/>\nComo na competi\u00e7\u00e3o, opte pelo arn\u00eas de 4 pontos para um suporte ideal!<br \/>\nMuito c\u00f3modo gra\u00e7as ao seu refor\u00e7o abdominal, este arn\u00eas ser\u00e1 o companheiro perfeito para as suas escapadelas desportivas.<br \/>\nA fixa\u00e7\u00e3o no ve\u00edculo \u00e9 feita por suportes aparafusados.<br \/>\n2&#8221; ombro e 2&#8221; cintas de cintura.<br \/>\nOs parafusos de fixa\u00e7\u00e3o (comprimento de 25 mm, rosca padr\u00e3o 7\/16 UNF adequados para a maioria dos ve\u00edculos) s\u00e3o fornecidos com o arn\u00eas!<\/p>\n<p>Aprovado pela CEE (norma E4).<br \/>\nCor vermelha.<br \/>\nArn\u00eas de 4 pontos.<\/p>\n<p>Para uso na estrada, seu ve\u00edculo deve manter os cintos de seguran\u00e7a originais para manter o padr\u00e3o.<\/p>\n","protected":false},"featured_media":21056,"template":"","meta":[],"product_cat":[535],"product_tag":[],"marca":[163],"class_list":["post-21060","product","type-product","status-publish","has-post-thumbnail","hentry","product_cat-cintos","marca-turn-one"],"yoast_head":"<!-- This site is optimized with the Yoast SEO plugin v20.5 - https:\/\/yoast.com\/wordpress\/plugins\/seo\/ -->\n<title>CINTO 4 PONTOS (ESTRADA) VERMELHO - Auto Barbosa<\/title>\n<meta name=\"robots\" content=\"index, follow, max-snippet:-1, max-image-preview:large, max-video-preview:-1\" \/>\n<link rel=\"canonical\" href=\"https:\/\/autobarbosa.com\/es\/produto\/cinto-4-pontos-estrada-vermelho\/\" \/>\n<meta property=\"og:locale\" content=\"es_ES\" \/>\n<meta property=\"og:type\" content=\"article\" \/>\n<meta property=\"og:title\" content=\"CINTO 4 PONTOS (ESTRADA) VERMELHO - Auto Barbosa\" \/>\n<meta property=\"og:description\" content=\"Cintos rodovi\u00e1rios TURN ONE  Aplica\u00e7\u00e3o: Trackdays. Como na competi\u00e7\u00e3o, opte pelo arn\u00eas de 4 pontos para um suporte ideal! Muito c\u00f3modo gra\u00e7as ao seu refor\u00e7o abdominal, este arn\u00eas ser\u00e1 o companheiro perfeito para as suas escapadelas desportivas. A fixa\u00e7\u00e3o no ve\u00edculo \u00e9 feita por suportes aparafusados. 2&#039;&#039; ombro e 2&#039;&#039; cintas de cintura. Os parafusos de fixa\u00e7\u00e3o (comprimento de 25 mm, rosca padr\u00e3o 7\/16 UNF adequados para a maioria dos ve\u00edculos) s\u00e3o fornecidos com o arn\u00eas!  Aprovado pela CEE (norma E4). Cor vermelha. Arn\u00eas de 4 pontos.  Para uso na estrada, seu ve\u00edculo deve manter os cintos de seguran\u00e7a originais para manter o padr\u00e3o.\" \/>\n<meta property=\"og:url\" content=\"https:\/\/autobarbosa.com\/es\/produto\/cinto-4-pontos-estrada-vermelho\/\" \/>\n<meta property=\"og:site_name\" content=\"Auto Barbosa\" \/>\n<meta property=\"article:publisher\" content=\"https:\/\/www.facebook.com\/autobarbosaoficina\" \/>\n<meta property=\"article:modified_time\" content=\"2026-04-29T19:15:41+00:00\" \/>\n<meta property=\"og:image\" content=\"https:\/\/autobarbosa.com\/wp-content\/uploads\/2025\/12\/8or630202.png\" \/>\n\t<meta property=\"og:image:width\" content=\"672\" \/>\n\t<meta property=\"og:image:height\" content=\"610\" \/>\n\t<meta property=\"og:image:type\" content=\"image\/png\" \/>\n<meta name=\"twitter:card\" content=\"summary_large_image\" \/>\n<meta name=\"twitter:label1\" content=\"Tiempo de lectura\" \/>\n\t<meta name=\"twitter:data1\" content=\"1 minuto\" \/>\n<script type=\"application\/ld+json\" class=\"yoast-schema-graph\">{\"@context\":\"https:\/\/schema.org\",\"@graph\":[{\"@type\":\"WebPage\",\"@id\":\"https:\/\/autobarbosa.com\/es\/produto\/cinto-4-pontos-estrada-vermelho\/\",\"url\":\"https:\/\/autobarbosa.com\/es\/produto\/cinto-4-pontos-estrada-vermelho\/\",\"name\":\"CINTO 4 PONTOS (ESTRADA) VERMELHO - Auto Barbosa\",\"isPartOf\":{\"@id\":\"https:\/\/autobarbosa.com\/es\/#website\"},\"datePublished\":\"2025-12-16T08:13:36+00:00\",\"dateModified\":\"2026-04-29T19:15:41+00:00\",\"breadcrumb\":{\"@id\":\"https:\/\/autobarbosa.com\/es\/produto\/cinto-4-pontos-estrada-vermelho\/#breadcrumb\"},\"inLanguage\":\"es\",\"potentialAction\":[{\"@type\":\"ReadAction\",\"target\":[\"https:\/\/autobarbosa.com\/es\/produto\/cinto-4-pontos-estrada-vermelho\/\"]}]},{\"@type\":\"BreadcrumbList\",\"@id\":\"https:\/\/autobarbosa.com\/es\/produto\/cinto-4-pontos-estrada-vermelho\/#breadcrumb\",\"itemListElement\":[{\"@type\":\"ListItem\",\"position\":1,\"name\":\"In\u00edcio\",\"item\":\"https:\/\/autobarbosa.com\/es\/\"},{\"@type\":\"ListItem\",\"position\":2,\"name\":\"Loja\",\"item\":\"https:\/\/autobarbosa.com\/\"},{\"@type\":\"ListItem\",\"position\":3,\"name\":\"CINTO 4 PONTOS (ESTRADA) VERMELHO\"}]},{\"@type\":\"WebSite\",\"@id\":\"https:\/\/autobarbosa.com\/es\/#website\",\"url\":\"https:\/\/autobarbosa.com\/es\/\",\"name\":\"Auto Barbosa\",\"description\":\"Site institucional\",\"publisher\":{\"@id\":\"https:\/\/autobarbosa.com\/es\/#organization\"},\"potentialAction\":[{\"@type\":\"SearchAction\",\"target\":{\"@type\":\"EntryPoint\",\"urlTemplate\":\"https:\/\/autobarbosa.com\/es\/?s={search_term_string}\"},\"query-input\":\"required name=search_term_string\"}],\"inLanguage\":\"es\"},{\"@type\":\"Organization\",\"@id\":\"https:\/\/autobarbosa.com\/es\/#organization\",\"name\":\"Auto Barbosa\",\"url\":\"https:\/\/autobarbosa.com\/es\/\",\"logo\":{\"@type\":\"ImageObject\",\"inLanguage\":\"es\",\"@id\":\"https:\/\/autobarbosa.com\/es\/#\/schema\/logo\/image\/\",\"url\":\"https:\/\/autobarbosa.com\/wp-content\/uploads\/2023\/03\/AUTO-BARBOSA-LOGO-1-e1678715539111.png\",\"contentUrl\":\"https:\/\/autobarbosa.com\/wp-content\/uploads\/2023\/03\/AUTO-BARBOSA-LOGO-1-e1678715539111.png\",\"width\":3233,\"height\":3233,\"caption\":\"Auto Barbosa\"},\"image\":{\"@id\":\"https:\/\/autobarbosa.com\/es\/#\/schema\/logo\/image\/\"},\"sameAs\":[\"https:\/\/www.facebook.com\/autobarbosaoficina\",\"https:\/\/www.instagram.com\/autobarbosa.oficina\/\"]}]}<\/script>\n<!-- \/ Yoast SEO plugin. -->","yoast_head_json":{"title":"CINTO 4 PONTOS (ESTRADA) VERMELHO - Auto Barbosa","robots":{"index":"index","follow":"follow","max-snippet":"max-snippet:-1","max-image-preview":"max-image-preview:large","max-video-preview":"max-video-preview:-1"},"canonical":"https:\/\/autobarbosa.com\/es\/produto\/cinto-4-pontos-estrada-vermelho\/","og_locale":"es_ES","og_type":"article","og_title":"CINTO 4 PONTOS (ESTRADA) VERMELHO - Auto Barbosa","og_description":"Cintos rodovi\u00e1rios TURN ONE  Aplica\u00e7\u00e3o: Trackdays. Como na competi\u00e7\u00e3o, opte pelo arn\u00eas de 4 pontos para um suporte ideal! Muito c\u00f3modo gra\u00e7as ao seu refor\u00e7o abdominal, este arn\u00eas ser\u00e1 o companheiro perfeito para as suas escapadelas desportivas. A fixa\u00e7\u00e3o no ve\u00edculo \u00e9 feita por suportes aparafusados. 2'' ombro e 2'' cintas de cintura. Os parafusos de fixa\u00e7\u00e3o (comprimento de 25 mm, rosca padr\u00e3o 7\/16 UNF adequados para a maioria dos ve\u00edculos) s\u00e3o fornecidos com o arn\u00eas!  Aprovado pela CEE (norma E4). Cor vermelha. Arn\u00eas de 4 pontos.  Para uso na estrada, seu ve\u00edculo deve manter os cintos de seguran\u00e7a originais para manter o padr\u00e3o.","og_url":"https:\/\/autobarbosa.com\/es\/produto\/cinto-4-pontos-estrada-vermelho\/","og_site_name":"Auto Barbosa","article_publisher":"https:\/\/www.facebook.com\/autobarbosaoficina","article_modified_time":"2026-04-29T19:15:41+00:00","og_image":[{"width":672,"height":610,"url":"https:\/\/autobarbosa.com\/wp-content\/uploads\/2025\/12\/8or630202.png","type":"image\/png"}],"twitter_card":"summary_large_image","twitter_misc":{"Tiempo de lectura":"1 minuto"},"schema":{"@context":"https:\/\/schema.org","@graph":[{"@type":"WebPage","@id":"https:\/\/autobarbosa.com\/es\/produto\/cinto-4-pontos-estrada-vermelho\/","url":"https:\/\/autobarbosa.com\/es\/produto\/cinto-4-pontos-estrada-vermelho\/","name":"CINTO 4 PONTOS (ESTRADA) VERMELHO - Auto Barbosa","isPartOf":{"@id":"https:\/\/autobarbosa.com\/es\/#website"},"datePublished":"2025-12-16T08:13:36+00:00","dateModified":"2026-04-29T19:15:41+00:00","breadcrumb":{"@id":"https:\/\/autobarbosa.com\/es\/produto\/cinto-4-pontos-estrada-vermelho\/#breadcrumb"},"inLanguage":"es","potentialAction":[{"@type":"ReadAction","target":["https:\/\/autobarbosa.com\/es\/produto\/cinto-4-pontos-estrada-vermelho\/"]}]},{"@type":"BreadcrumbList","@id":"https:\/\/autobarbosa.com\/es\/produto\/cinto-4-pontos-estrada-vermelho\/#breadcrumb","itemListElement":[{"@type":"ListItem","position":1,"name":"In\u00edcio","item":"https:\/\/autobarbosa.com\/es\/"},{"@type":"ListItem","position":2,"name":"Loja","item":"https:\/\/autobarbosa.com\/"},{"@type":"ListItem","position":3,"name":"CINTO 4 PONTOS (ESTRADA) VERMELHO"}]},{"@type":"WebSite","@id":"https:\/\/autobarbosa.com\/es\/#website","url":"https:\/\/autobarbosa.com\/es\/","name":"Auto Barbosa","description":"Site institucional","publisher":{"@id":"https:\/\/autobarbosa.com\/es\/#organization"},"potentialAction":[{"@type":"SearchAction","target":{"@type":"EntryPoint","urlTemplate":"https:\/\/autobarbosa.com\/es\/?s={search_term_string}"},"query-input":"required name=search_term_string"}],"inLanguage":"es"},{"@type":"Organization","@id":"https:\/\/autobarbosa.com\/es\/#organization","name":"Auto Barbosa","url":"https:\/\/autobarbosa.com\/es\/","logo":{"@type":"ImageObject","inLanguage":"es","@id":"https:\/\/autobarbosa.com\/es\/#\/schema\/logo\/image\/","url":"https:\/\/autobarbosa.com\/wp-content\/uploads\/2023\/03\/AUTO-BARBOSA-LOGO-1-e1678715539111.png","contentUrl":"https:\/\/autobarbosa.com\/wp-content\/uploads\/2023\/03\/AUTO-BARBOSA-LOGO-1-e1678715539111.png","width":3233,"height":3233,"caption":"Auto Barbosa"},"image":{"@id":"https:\/\/autobarbosa.com\/es\/#\/schema\/logo\/image\/"},"sameAs":["https:\/\/www.facebook.com\/autobarbosaoficina","https:\/\/www.instagram.com\/autobarbosa.oficina\/"]}]}},"_links":{"self":[{"href":"https:\/\/autobarbosa.com\/es\/wp-json\/wp\/v3\/product\/21060","targetHints":{"allow":["GET"]}}],"collection":[{"href":"https:\/\/autobarbosa.com\/es\/wp-json\/wp\/v3\/product"}],"about":[{"href":"https:\/\/autobarbosa.com\/es\/wp-json\/wp\/v2\/types\/product"}],"wp:featuredmedia":[{"embeddable":true,"href":"https:\/\/autobarbosa.com\/es\/wp-json\/wp\/v2\/media\/21056"}],"wp:attachment":[{"href":"https:\/\/autobarbosa.com\/es\/wp-json\/wp\/v2\/media?parent=21060"}],"wp:term":[{"taxonomy":"product_cat","embeddable":true,"href":"https:\/\/autobarbosa.com\/es\/wp-json\/wp\/v2\/product_cat?post=21060"},{"taxonomy":"product_tag","embeddable":true,"href":"https:\/\/autobarbosa.com\/es\/wp-json\/wp\/v2\/product_tag?post=21060"},{"taxonomy":"marca","embeddable":true,"href":"https:\/\/autobarbosa.com\/es\/wp-json\/wp\/v2\/marca?post=21060"}],"curies":[{"name":"wp","href":"https:\/\/api.w.org\/{rel}","templated":true}]}}