{"id":21132,"date":"2025-12-16T07:13:58","date_gmt":"2025-12-16T08:13:58","guid":{"rendered":"https:\/\/autobarbosa.com\/produto\/extintor-po-red-spec-manual-2-kg-aluminio\/"},"modified":"2025-12-16T07:13:58","modified_gmt":"2025-12-16T08:13:58","slug":"extintor-po-red-spec-manual-2-kg-aluminio","status":"publish","type":"product","link":"https:\/\/autobarbosa.com\/es\/produto\/extintor-po-red-spec-manual-2-kg-aluminio\/","title":{"rendered":"EXTINTOR P\u00d3  RED SPEC MANUAL 2 KG  &#8211; ALUMINIO"},"content":{"rendered":"<p>Extintor manual de p\u00f3 FIA REDSPEC 2 kg<\/p>\n<p>Extintor manual de p\u00f3 2 kg em alum\u00ednio.<br \/>\nEquipado com man\u00f4metro.<br \/>\nAltura: 370mm.<br \/>\nDi\u00e2metro: 110mm.<br \/>\nPeso: 2,55kg.<br \/>\nEntregue com suporte e 2 suportes de montagem.<br \/>\nAtende aos regulamentos da FIA, padr\u00e3o EN3. Autorizado em eventos nacionais e regionais.<\/p>\n","protected":false},"excerpt":{"rendered":"<p>Extintor manual de p\u00f3 FIA REDSPEC 2 kg<\/p>\n<p>Extintor manual de p\u00f3 2 kg em alum\u00ednio.<br \/>\nEquipado com man\u00f4metro.<br \/>\nAltura: 370mm.<br \/>\nDi\u00e2metro: 110mm.<br \/>\nPeso: 2,55kg.<br \/>\nEntregue com suporte e 2 suportes de montagem.<br \/>\nAtende aos regulamentos da FIA, padr\u00e3o EN3. Autorizado em eventos nacionais e regionais.<\/p>\n","protected":false},"featured_media":0,"template":"","meta":[],"product_cat":[878],"product_tag":[],"marca":[121],"class_list":["post-21132","product","type-product","status-publish","hentry","product_cat-extintores-manuais","marca-red-spec"],"yoast_head":"<!-- This site is optimized with the Yoast SEO plugin v20.5 - https:\/\/yoast.com\/wordpress\/plugins\/seo\/ -->\n<title>EXTINTOR P\u00d3 RED SPEC MANUAL 2 KG - ALUMINIO - Auto Barbosa<\/title>\n<meta name=\"robots\" content=\"index, follow, max-snippet:-1, max-image-preview:large, max-video-preview:-1\" \/>\n<link rel=\"canonical\" href=\"https:\/\/autobarbosa.com\/es\/produto\/extintor-po-red-spec-manual-2-kg-aluminio\/\" \/>\n<meta property=\"og:locale\" content=\"es_ES\" \/>\n<meta property=\"og:type\" content=\"article\" \/>\n<meta property=\"og:title\" content=\"EXTINTOR P\u00d3 RED SPEC MANUAL 2 KG - ALUMINIO - Auto Barbosa\" \/>\n<meta property=\"og:description\" content=\"Extintor manual de p\u00f3 FIA REDSPEC 2 kg  Extintor manual de p\u00f3 2 kg em alum\u00ednio. Equipado com man\u00f4metro. Altura: 370mm. Di\u00e2metro: 110mm. Peso: 2,55kg. Entregue com suporte e 2 suportes de montagem. Atende aos regulamentos da FIA, padr\u00e3o EN3. Autorizado em eventos nacionais e regionais.\" \/>\n<meta property=\"og:url\" content=\"https:\/\/autobarbosa.com\/es\/produto\/extintor-po-red-spec-manual-2-kg-aluminio\/\" \/>\n<meta property=\"og:site_name\" content=\"Auto Barbosa\" \/>\n<meta property=\"article:publisher\" content=\"https:\/\/www.facebook.com\/autobarbosaoficina\" \/>\n<meta name=\"twitter:card\" content=\"summary_large_image\" \/>\n<script type=\"application\/ld+json\" class=\"yoast-schema-graph\">{\"@context\":\"https:\/\/schema.org\",\"@graph\":[{\"@type\":\"WebPage\",\"@id\":\"https:\/\/autobarbosa.com\/es\/produto\/extintor-po-red-spec-manual-2-kg-aluminio\/\",\"url\":\"https:\/\/autobarbosa.com\/es\/produto\/extintor-po-red-spec-manual-2-kg-aluminio\/\",\"name\":\"EXTINTOR P\u00d3 RED SPEC MANUAL 2 KG - ALUMINIO - Auto Barbosa\",\"isPartOf\":{\"@id\":\"https:\/\/autobarbosa.com\/es\/#website\"},\"datePublished\":\"2025-12-16T08:13:58+00:00\",\"dateModified\":\"2025-12-16T08:13:58+00:00\",\"breadcrumb\":{\"@id\":\"https:\/\/autobarbosa.com\/es\/produto\/extintor-po-red-spec-manual-2-kg-aluminio\/#breadcrumb\"},\"inLanguage\":\"es\",\"potentialAction\":[{\"@type\":\"ReadAction\",\"target\":[\"https:\/\/autobarbosa.com\/es\/produto\/extintor-po-red-spec-manual-2-kg-aluminio\/\"]}]},{\"@type\":\"BreadcrumbList\",\"@id\":\"https:\/\/autobarbosa.com\/es\/produto\/extintor-po-red-spec-manual-2-kg-aluminio\/#breadcrumb\",\"itemListElement\":[{\"@type\":\"ListItem\",\"position\":1,\"name\":\"In\u00edcio\",\"item\":\"https:\/\/autobarbosa.com\/es\/\"},{\"@type\":\"ListItem\",\"position\":2,\"name\":\"Loja\",\"item\":\"https:\/\/autobarbosa.com\/\"},{\"@type\":\"ListItem\",\"position\":3,\"name\":\"EXTINTOR P\u00d3 RED SPEC MANUAL 2 KG &#8211; ALUMINIO\"}]},{\"@type\":\"WebSite\",\"@id\":\"https:\/\/autobarbosa.com\/es\/#website\",\"url\":\"https:\/\/autobarbosa.com\/es\/\",\"name\":\"Auto Barbosa\",\"description\":\"Site institucional\",\"publisher\":{\"@id\":\"https:\/\/autobarbosa.com\/es\/#organization\"},\"potentialAction\":[{\"@type\":\"SearchAction\",\"target\":{\"@type\":\"EntryPoint\",\"urlTemplate\":\"https:\/\/autobarbosa.com\/es\/?s={search_term_string}\"},\"query-input\":\"required name=search_term_string\"}],\"inLanguage\":\"es\"},{\"@type\":\"Organization\",\"@id\":\"https:\/\/autobarbosa.com\/es\/#organization\",\"name\":\"Auto Barbosa\",\"url\":\"https:\/\/autobarbosa.com\/es\/\",\"logo\":{\"@type\":\"ImageObject\",\"inLanguage\":\"es\",\"@id\":\"https:\/\/autobarbosa.com\/es\/#\/schema\/logo\/image\/\",\"url\":\"https:\/\/autobarbosa.com\/wp-content\/uploads\/2023\/03\/AUTO-BARBOSA-LOGO-1-e1678715539111.png\",\"contentUrl\":\"https:\/\/autobarbosa.com\/wp-content\/uploads\/2023\/03\/AUTO-BARBOSA-LOGO-1-e1678715539111.png\",\"width\":3233,\"height\":3233,\"caption\":\"Auto Barbosa\"},\"image\":{\"@id\":\"https:\/\/autobarbosa.com\/es\/#\/schema\/logo\/image\/\"},\"sameAs\":[\"https:\/\/www.facebook.com\/autobarbosaoficina\",\"https:\/\/www.instagram.com\/autobarbosa.oficina\/\"]}]}<\/script>\n<!-- \/ Yoast SEO plugin. -->","yoast_head_json":{"title":"EXTINTOR P\u00d3 RED SPEC MANUAL 2 KG - ALUMINIO - Auto Barbosa","robots":{"index":"index","follow":"follow","max-snippet":"max-snippet:-1","max-image-preview":"max-image-preview:large","max-video-preview":"max-video-preview:-1"},"canonical":"https:\/\/autobarbosa.com\/es\/produto\/extintor-po-red-spec-manual-2-kg-aluminio\/","og_locale":"es_ES","og_type":"article","og_title":"EXTINTOR P\u00d3 RED SPEC MANUAL 2 KG - ALUMINIO - Auto Barbosa","og_description":"Extintor manual de p\u00f3 FIA REDSPEC 2 kg  Extintor manual de p\u00f3 2 kg em alum\u00ednio. Equipado com man\u00f4metro. Altura: 370mm. Di\u00e2metro: 110mm. Peso: 2,55kg. Entregue com suporte e 2 suportes de montagem. Atende aos regulamentos da FIA, padr\u00e3o EN3. Autorizado em eventos nacionais e regionais.","og_url":"https:\/\/autobarbosa.com\/es\/produto\/extintor-po-red-spec-manual-2-kg-aluminio\/","og_site_name":"Auto Barbosa","article_publisher":"https:\/\/www.facebook.com\/autobarbosaoficina","twitter_card":"summary_large_image","schema":{"@context":"https:\/\/schema.org","@graph":[{"@type":"WebPage","@id":"https:\/\/autobarbosa.com\/es\/produto\/extintor-po-red-spec-manual-2-kg-aluminio\/","url":"https:\/\/autobarbosa.com\/es\/produto\/extintor-po-red-spec-manual-2-kg-aluminio\/","name":"EXTINTOR P\u00d3 RED SPEC MANUAL 2 KG - ALUMINIO - Auto Barbosa","isPartOf":{"@id":"https:\/\/autobarbosa.com\/es\/#website"},"datePublished":"2025-12-16T08:13:58+00:00","dateModified":"2025-12-16T08:13:58+00:00","breadcrumb":{"@id":"https:\/\/autobarbosa.com\/es\/produto\/extintor-po-red-spec-manual-2-kg-aluminio\/#breadcrumb"},"inLanguage":"es","potentialAction":[{"@type":"ReadAction","target":["https:\/\/autobarbosa.com\/es\/produto\/extintor-po-red-spec-manual-2-kg-aluminio\/"]}]},{"@type":"BreadcrumbList","@id":"https:\/\/autobarbosa.com\/es\/produto\/extintor-po-red-spec-manual-2-kg-aluminio\/#breadcrumb","itemListElement":[{"@type":"ListItem","position":1,"name":"In\u00edcio","item":"https:\/\/autobarbosa.com\/es\/"},{"@type":"ListItem","position":2,"name":"Loja","item":"https:\/\/autobarbosa.com\/"},{"@type":"ListItem","position":3,"name":"EXTINTOR P\u00d3 RED SPEC MANUAL 2 KG &#8211; ALUMINIO"}]},{"@type":"WebSite","@id":"https:\/\/autobarbosa.com\/es\/#website","url":"https:\/\/autobarbosa.com\/es\/","name":"Auto Barbosa","description":"Site institucional","publisher":{"@id":"https:\/\/autobarbosa.com\/es\/#organization"},"potentialAction":[{"@type":"SearchAction","target":{"@type":"EntryPoint","urlTemplate":"https:\/\/autobarbosa.com\/es\/?s={search_term_string}"},"query-input":"required name=search_term_string"}],"inLanguage":"es"},{"@type":"Organization","@id":"https:\/\/autobarbosa.com\/es\/#organization","name":"Auto Barbosa","url":"https:\/\/autobarbosa.com\/es\/","logo":{"@type":"ImageObject","inLanguage":"es","@id":"https:\/\/autobarbosa.com\/es\/#\/schema\/logo\/image\/","url":"https:\/\/autobarbosa.com\/wp-content\/uploads\/2023\/03\/AUTO-BARBOSA-LOGO-1-e1678715539111.png","contentUrl":"https:\/\/autobarbosa.com\/wp-content\/uploads\/2023\/03\/AUTO-BARBOSA-LOGO-1-e1678715539111.png","width":3233,"height":3233,"caption":"Auto Barbosa"},"image":{"@id":"https:\/\/autobarbosa.com\/es\/#\/schema\/logo\/image\/"},"sameAs":["https:\/\/www.facebook.com\/autobarbosaoficina","https:\/\/www.instagram.com\/autobarbosa.oficina\/"]}]}},"_links":{"self":[{"href":"https:\/\/autobarbosa.com\/es\/wp-json\/wp\/v3\/product\/21132","targetHints":{"allow":["GET"]}}],"collection":[{"href":"https:\/\/autobarbosa.com\/es\/wp-json\/wp\/v3\/product"}],"about":[{"href":"https:\/\/autobarbosa.com\/es\/wp-json\/wp\/v2\/types\/product"}],"wp:attachment":[{"href":"https:\/\/autobarbosa.com\/es\/wp-json\/wp\/v2\/media?parent=21132"}],"wp:term":[{"taxonomy":"product_cat","embeddable":true,"href":"https:\/\/autobarbosa.com\/es\/wp-json\/wp\/v2\/product_cat?post=21132"},{"taxonomy":"product_tag","embeddable":true,"href":"https:\/\/autobarbosa.com\/es\/wp-json\/wp\/v2\/product_tag?post=21132"},{"taxonomy":"marca","embeddable":true,"href":"https:\/\/autobarbosa.com\/es\/wp-json\/wp\/v2\/marca?post=21132"}],"curies":[{"name":"wp","href":"https:\/\/api.w.org\/{rel}","templated":true}]}}