{"id":21220,"date":"2025-12-16T07:14:23","date_gmt":"2025-12-16T08:14:23","guid":{"rendered":"https:\/\/autobarbosa.com\/produto\/fato-sparco-sprint-fia-8856-2018-preto-laranja-sz-62\/"},"modified":"2025-12-16T07:14:23","modified_gmt":"2025-12-16T08:14:23","slug":"fato-sparco-sprint-fia-8856-2018-preto-laranja-sz-62","status":"publish","type":"product","link":"https:\/\/autobarbosa.com\/es\/produto\/fato-sparco-sprint-fia-8856-2018-preto-laranja-sz-62\/","title":{"rendered":"FATO SPARCO SPRINT &#8211; FIA 8856-2018  PRETO\/ LARANJA &#8211; SZ 62"},"content":{"rendered":"<p>Fato FIA SPRINT Edi\u00e7\u00e3o Limitada<\/p>\n<p>Cor desenvolvida exclusivamente para Oreca-store.com<br \/>\nBotas Slalom e luvas Land coordenadas tamb\u00e9m dispon\u00edveis.<\/p>\n<p>O ic\u00f4nico traje b\u00e1sico da SPARCO atende ao padr\u00e3o FIA 8856-2018, o mais rigoroso j\u00e1 adotado pela FIA:<\/p>\n<p>\u2022 Dura\u00e7\u00e3o da resist\u00eancia \u00e0 chama direta: 12 segundos<br \/>\n\u2022 \u00cdndice de transfer\u00eancia de calor (HTI) aumentado em 20%<br \/>\n\u2022 Prote\u00e7\u00e3o refor\u00e7ada contra chamas diretas e queimaduras de segundo grau<\/p>\n<p>Composi\u00e7\u00e3o: Camada externa 100% aramida<br \/>\nN\u00famero de espessuras: 2.<br \/>\nPeso: 360 \u2022 390 g\/m\u00b2 (+\/\u2022 5%) dependendo dos tamanhos.<\/p>\n<p>\u2022 Bolsos externos.<br \/>\n\u2022 Cinto: Sim.<br \/>\n\u2022 Mangas semi-flutuantes.<br \/>\n\u2022 Inser\u00e7\u00e3o extens\u00edvel ao n\u00edvel lombar.<br \/>\n\u2022 Acabamento semibrilhante<\/p>\n<p>Personaliza\u00e7\u00e3o sob consulta.<\/p>\n<p>Aprova\u00e7\u00e3o: FIA 8856-2018.<br \/>\nCores: Preto\/Laranja.<br \/>\nTamanhos dispon\u00edveis: Do 48 ao 62.<\/p>\n","protected":false},"excerpt":{"rendered":"<p>Fato FIA SPRINT Edi\u00e7\u00e3o Limitada<\/p>\n<p>Cor desenvolvida exclusivamente para Oreca-store.com<br \/>\nBotas Slalom e luvas Land coordenadas tamb\u00e9m dispon\u00edveis.<\/p>\n<p>O ic\u00f4nico traje b\u00e1sico da SPARCO atende ao padr\u00e3o FIA 8856-2018, o mais rigoroso j\u00e1 adotado pela FIA:<\/p>\n<p>\u2022 Dura\u00e7\u00e3o da resist\u00eancia \u00e0 chama direta: 12 segundos<br \/>\n\u2022 \u00cdndice de transfer\u00eancia de calor (HTI) aumentado em 20%<br \/>\n\u2022 Prote\u00e7\u00e3o refor\u00e7ada contra chamas diretas e queimaduras de segundo grau<\/p>\n<p>Composi\u00e7\u00e3o: Camada externa 100% aramida<br \/>\nN\u00famero de espessuras: 2.<br \/>\nPeso: 360 \u2022 390 g\/m\u00b2 (+\/\u2022 5%) dependendo dos tamanhos.<\/p>\n<p>\u2022 Bolsos externos.<br \/>\n\u2022 Cinto: Sim.<br \/>\n\u2022 Mangas semi-flutuantes.<br \/>\n\u2022 Inser\u00e7\u00e3o extens\u00edvel ao n\u00edvel lombar.<br \/>\n\u2022 Acabamento semibrilhante<\/p>\n<p>Personaliza\u00e7\u00e3o sob consulta.<\/p>\n<p>Aprova\u00e7\u00e3o: FIA 8856-2018.<br \/>\nCores: Preto\/Laranja.<br \/>\nTamanhos dispon\u00edveis: Do 48 ao 62.<\/p>\n","protected":false},"featured_media":0,"template":"","meta":[],"product_cat":[548],"product_tag":[],"marca":[172],"class_list":["post-21220","product","type-product","status-publish","hentry","product_cat-fatos-competicao","marca-sparco"],"yoast_head":"<!-- This site is optimized with the Yoast SEO plugin v20.5 - https:\/\/yoast.com\/wordpress\/plugins\/seo\/ -->\n<title>FATO SPARCO SPRINT - FIA 8856-2018 PRETO\/ LARANJA - SZ 62 - Auto Barbosa<\/title>\n<meta name=\"robots\" content=\"index, follow, max-snippet:-1, max-image-preview:large, max-video-preview:-1\" \/>\n<link rel=\"canonical\" href=\"https:\/\/autobarbosa.com\/es\/produto\/fato-sparco-sprint-fia-8856-2018-preto-laranja-sz-62\/\" \/>\n<meta property=\"og:locale\" content=\"es_ES\" \/>\n<meta property=\"og:type\" content=\"article\" \/>\n<meta property=\"og:title\" content=\"FATO SPARCO SPRINT - FIA 8856-2018 PRETO\/ LARANJA - SZ 62 - Auto Barbosa\" \/>\n<meta property=\"og:description\" content=\"Fato FIA SPRINT Edi\u00e7\u00e3o Limitada   Cor desenvolvida exclusivamente para Oreca-store.com Botas Slalom e luvas Land coordenadas tamb\u00e9m dispon\u00edveis.  O ic\u00f4nico traje b\u00e1sico da SPARCO atende ao padr\u00e3o FIA 8856-2018, o mais rigoroso j\u00e1 adotado pela FIA:  \u2022 Dura\u00e7\u00e3o da resist\u00eancia \u00e0 chama direta: 12 segundos \u2022 \u00cdndice de transfer\u00eancia de calor (HTI) aumentado em 20% \u2022 Prote\u00e7\u00e3o refor\u00e7ada contra chamas diretas e queimaduras de segundo grau  Composi\u00e7\u00e3o: Camada externa 100% aramida N\u00famero de espessuras: 2. Peso: 360 \u2022 390 g\/m\u00b2 (+\/\u2022 5%) dependendo dos tamanhos.  \u2022 Bolsos externos. \u2022 Cinto: Sim. \u2022 Mangas semi-flutuantes. \u2022 Inser\u00e7\u00e3o extens\u00edvel ao n\u00edvel lombar. \u2022 Acabamento semibrilhante  Personaliza\u00e7\u00e3o sob consulta.  Aprova\u00e7\u00e3o: FIA 8856-2018. Cores: Preto\/Laranja. Tamanhos dispon\u00edveis: Do 48 ao 62.\" \/>\n<meta property=\"og:url\" content=\"https:\/\/autobarbosa.com\/es\/produto\/fato-sparco-sprint-fia-8856-2018-preto-laranja-sz-62\/\" \/>\n<meta property=\"og:site_name\" content=\"Auto Barbosa\" \/>\n<meta property=\"article:publisher\" content=\"https:\/\/www.facebook.com\/autobarbosaoficina\" \/>\n<meta name=\"twitter:card\" content=\"summary_large_image\" \/>\n<meta name=\"twitter:label1\" content=\"Tiempo de lectura\" \/>\n\t<meta name=\"twitter:data1\" content=\"1 minuto\" \/>\n<script type=\"application\/ld+json\" class=\"yoast-schema-graph\">{\"@context\":\"https:\/\/schema.org\",\"@graph\":[{\"@type\":\"WebPage\",\"@id\":\"https:\/\/autobarbosa.com\/es\/produto\/fato-sparco-sprint-fia-8856-2018-preto-laranja-sz-62\/\",\"url\":\"https:\/\/autobarbosa.com\/es\/produto\/fato-sparco-sprint-fia-8856-2018-preto-laranja-sz-62\/\",\"name\":\"FATO SPARCO SPRINT - FIA 8856-2018 PRETO\/ LARANJA - SZ 62 - Auto Barbosa\",\"isPartOf\":{\"@id\":\"https:\/\/autobarbosa.com\/es\/#website\"},\"datePublished\":\"2025-12-16T08:14:23+00:00\",\"dateModified\":\"2025-12-16T08:14:23+00:00\",\"breadcrumb\":{\"@id\":\"https:\/\/autobarbosa.com\/es\/produto\/fato-sparco-sprint-fia-8856-2018-preto-laranja-sz-62\/#breadcrumb\"},\"inLanguage\":\"es\",\"potentialAction\":[{\"@type\":\"ReadAction\",\"target\":[\"https:\/\/autobarbosa.com\/es\/produto\/fato-sparco-sprint-fia-8856-2018-preto-laranja-sz-62\/\"]}]},{\"@type\":\"BreadcrumbList\",\"@id\":\"https:\/\/autobarbosa.com\/es\/produto\/fato-sparco-sprint-fia-8856-2018-preto-laranja-sz-62\/#breadcrumb\",\"itemListElement\":[{\"@type\":\"ListItem\",\"position\":1,\"name\":\"In\u00edcio\",\"item\":\"https:\/\/autobarbosa.com\/es\/\"},{\"@type\":\"ListItem\",\"position\":2,\"name\":\"Loja\",\"item\":\"https:\/\/autobarbosa.com\/\"},{\"@type\":\"ListItem\",\"position\":3,\"name\":\"FATO SPARCO SPRINT &#8211; FIA 8856-2018 PRETO\/ LARANJA &#8211; SZ 62\"}]},{\"@type\":\"WebSite\",\"@id\":\"https:\/\/autobarbosa.com\/es\/#website\",\"url\":\"https:\/\/autobarbosa.com\/es\/\",\"name\":\"Auto Barbosa\",\"description\":\"Site institucional\",\"publisher\":{\"@id\":\"https:\/\/autobarbosa.com\/es\/#organization\"},\"potentialAction\":[{\"@type\":\"SearchAction\",\"target\":{\"@type\":\"EntryPoint\",\"urlTemplate\":\"https:\/\/autobarbosa.com\/es\/?s={search_term_string}\"},\"query-input\":\"required name=search_term_string\"}],\"inLanguage\":\"es\"},{\"@type\":\"Organization\",\"@id\":\"https:\/\/autobarbosa.com\/es\/#organization\",\"name\":\"Auto Barbosa\",\"url\":\"https:\/\/autobarbosa.com\/es\/\",\"logo\":{\"@type\":\"ImageObject\",\"inLanguage\":\"es\",\"@id\":\"https:\/\/autobarbosa.com\/es\/#\/schema\/logo\/image\/\",\"url\":\"https:\/\/autobarbosa.com\/wp-content\/uploads\/2023\/03\/AUTO-BARBOSA-LOGO-1-e1678715539111.png\",\"contentUrl\":\"https:\/\/autobarbosa.com\/wp-content\/uploads\/2023\/03\/AUTO-BARBOSA-LOGO-1-e1678715539111.png\",\"width\":3233,\"height\":3233,\"caption\":\"Auto Barbosa\"},\"image\":{\"@id\":\"https:\/\/autobarbosa.com\/es\/#\/schema\/logo\/image\/\"},\"sameAs\":[\"https:\/\/www.facebook.com\/autobarbosaoficina\",\"https:\/\/www.instagram.com\/autobarbosa.oficina\/\"]}]}<\/script>\n<!-- \/ Yoast SEO plugin. -->","yoast_head_json":{"title":"FATO SPARCO SPRINT - FIA 8856-2018 PRETO\/ LARANJA - SZ 62 - Auto Barbosa","robots":{"index":"index","follow":"follow","max-snippet":"max-snippet:-1","max-image-preview":"max-image-preview:large","max-video-preview":"max-video-preview:-1"},"canonical":"https:\/\/autobarbosa.com\/es\/produto\/fato-sparco-sprint-fia-8856-2018-preto-laranja-sz-62\/","og_locale":"es_ES","og_type":"article","og_title":"FATO SPARCO SPRINT - FIA 8856-2018 PRETO\/ LARANJA - SZ 62 - Auto Barbosa","og_description":"Fato FIA SPRINT Edi\u00e7\u00e3o Limitada   Cor desenvolvida exclusivamente para Oreca-store.com Botas Slalom e luvas Land coordenadas tamb\u00e9m dispon\u00edveis.  O ic\u00f4nico traje b\u00e1sico da SPARCO atende ao padr\u00e3o FIA 8856-2018, o mais rigoroso j\u00e1 adotado pela FIA:  \u2022 Dura\u00e7\u00e3o da resist\u00eancia \u00e0 chama direta: 12 segundos \u2022 \u00cdndice de transfer\u00eancia de calor (HTI) aumentado em 20% \u2022 Prote\u00e7\u00e3o refor\u00e7ada contra chamas diretas e queimaduras de segundo grau  Composi\u00e7\u00e3o: Camada externa 100% aramida N\u00famero de espessuras: 2. Peso: 360 \u2022 390 g\/m\u00b2 (+\/\u2022 5%) dependendo dos tamanhos.  \u2022 Bolsos externos. \u2022 Cinto: Sim. \u2022 Mangas semi-flutuantes. \u2022 Inser\u00e7\u00e3o extens\u00edvel ao n\u00edvel lombar. \u2022 Acabamento semibrilhante  Personaliza\u00e7\u00e3o sob consulta.  Aprova\u00e7\u00e3o: FIA 8856-2018. Cores: Preto\/Laranja. Tamanhos dispon\u00edveis: Do 48 ao 62.","og_url":"https:\/\/autobarbosa.com\/es\/produto\/fato-sparco-sprint-fia-8856-2018-preto-laranja-sz-62\/","og_site_name":"Auto Barbosa","article_publisher":"https:\/\/www.facebook.com\/autobarbosaoficina","twitter_card":"summary_large_image","twitter_misc":{"Tiempo de lectura":"1 minuto"},"schema":{"@context":"https:\/\/schema.org","@graph":[{"@type":"WebPage","@id":"https:\/\/autobarbosa.com\/es\/produto\/fato-sparco-sprint-fia-8856-2018-preto-laranja-sz-62\/","url":"https:\/\/autobarbosa.com\/es\/produto\/fato-sparco-sprint-fia-8856-2018-preto-laranja-sz-62\/","name":"FATO SPARCO SPRINT - FIA 8856-2018 PRETO\/ LARANJA - SZ 62 - Auto Barbosa","isPartOf":{"@id":"https:\/\/autobarbosa.com\/es\/#website"},"datePublished":"2025-12-16T08:14:23+00:00","dateModified":"2025-12-16T08:14:23+00:00","breadcrumb":{"@id":"https:\/\/autobarbosa.com\/es\/produto\/fato-sparco-sprint-fia-8856-2018-preto-laranja-sz-62\/#breadcrumb"},"inLanguage":"es","potentialAction":[{"@type":"ReadAction","target":["https:\/\/autobarbosa.com\/es\/produto\/fato-sparco-sprint-fia-8856-2018-preto-laranja-sz-62\/"]}]},{"@type":"BreadcrumbList","@id":"https:\/\/autobarbosa.com\/es\/produto\/fato-sparco-sprint-fia-8856-2018-preto-laranja-sz-62\/#breadcrumb","itemListElement":[{"@type":"ListItem","position":1,"name":"In\u00edcio","item":"https:\/\/autobarbosa.com\/es\/"},{"@type":"ListItem","position":2,"name":"Loja","item":"https:\/\/autobarbosa.com\/"},{"@type":"ListItem","position":3,"name":"FATO SPARCO SPRINT &#8211; FIA 8856-2018 PRETO\/ LARANJA &#8211; SZ 62"}]},{"@type":"WebSite","@id":"https:\/\/autobarbosa.com\/es\/#website","url":"https:\/\/autobarbosa.com\/es\/","name":"Auto Barbosa","description":"Site institucional","publisher":{"@id":"https:\/\/autobarbosa.com\/es\/#organization"},"potentialAction":[{"@type":"SearchAction","target":{"@type":"EntryPoint","urlTemplate":"https:\/\/autobarbosa.com\/es\/?s={search_term_string}"},"query-input":"required name=search_term_string"}],"inLanguage":"es"},{"@type":"Organization","@id":"https:\/\/autobarbosa.com\/es\/#organization","name":"Auto Barbosa","url":"https:\/\/autobarbosa.com\/es\/","logo":{"@type":"ImageObject","inLanguage":"es","@id":"https:\/\/autobarbosa.com\/es\/#\/schema\/logo\/image\/","url":"https:\/\/autobarbosa.com\/wp-content\/uploads\/2023\/03\/AUTO-BARBOSA-LOGO-1-e1678715539111.png","contentUrl":"https:\/\/autobarbosa.com\/wp-content\/uploads\/2023\/03\/AUTO-BARBOSA-LOGO-1-e1678715539111.png","width":3233,"height":3233,"caption":"Auto Barbosa"},"image":{"@id":"https:\/\/autobarbosa.com\/es\/#\/schema\/logo\/image\/"},"sameAs":["https:\/\/www.facebook.com\/autobarbosaoficina","https:\/\/www.instagram.com\/autobarbosa.oficina\/"]}]}},"_links":{"self":[{"href":"https:\/\/autobarbosa.com\/es\/wp-json\/wp\/v3\/product\/21220","targetHints":{"allow":["GET"]}}],"collection":[{"href":"https:\/\/autobarbosa.com\/es\/wp-json\/wp\/v3\/product"}],"about":[{"href":"https:\/\/autobarbosa.com\/es\/wp-json\/wp\/v2\/types\/product"}],"wp:attachment":[{"href":"https:\/\/autobarbosa.com\/es\/wp-json\/wp\/v2\/media?parent=21220"}],"wp:term":[{"taxonomy":"product_cat","embeddable":true,"href":"https:\/\/autobarbosa.com\/es\/wp-json\/wp\/v2\/product_cat?post=21220"},{"taxonomy":"product_tag","embeddable":true,"href":"https:\/\/autobarbosa.com\/es\/wp-json\/wp\/v2\/product_tag?post=21220"},{"taxonomy":"marca","embeddable":true,"href":"https:\/\/autobarbosa.com\/es\/wp-json\/wp\/v2\/marca?post=21220"}],"curies":[{"name":"wp","href":"https:\/\/api.w.org\/{rel}","templated":true}]}}