{"id":21252,"date":"2025-12-16T07:14:32","date_gmt":"2025-12-16T08:14:32","guid":{"rendered":"https:\/\/autobarbosa.com\/produto\/fato-sparco-futura-fia-8856-2018-preto-amarelo-sz-54\/"},"modified":"2026-04-22T07:15:29","modified_gmt":"2026-04-22T07:15:29","slug":"fato-sparco-futura-fia-8856-2018-preto-amarelo-sz-54","status":"publish","type":"product","link":"https:\/\/autobarbosa.com\/es\/produto\/fato-sparco-futura-fia-8856-2018-preto-amarelo-sz-54\/","title":{"rendered":"FATO SPARCO FUTURA FIA 8856-2018 PRETO\/AMARELO &#8211; SZ 54"},"content":{"rendered":"<p>FATO SPARCO FUTURA FIA<\/p>\n<p>O Fato Sparco Futura FIA \u00e9 um modelo avan\u00e7ado projetado para oferecer desempenho ideal e m\u00e1xima prote\u00e7\u00e3o aos pilotos de corrida.<\/p>\n<p>Da linha SPARCO &#8220;Full Efficiency&#8221;, que se baseia no desenvolvimento sustent\u00e1vel.<br \/>\n\u2022 Certifica\u00e7\u00e3o LCA (Life Cycle Assessment).<br \/>\n\u2022 Redu\u00e7\u00e3o de 21% no impacto nas mudan\u00e7as clim\u00e1ticas*.<br \/>\n\u2022 70% de fibras regeneradas.<br \/>\n\u2022 Zero desperd\u00edcio.**<br \/>\n*Valor compar\u00e1vel \u00e0 produ\u00e7\u00e3o tradicional. A redu\u00e7\u00e3o \u00e9 equivalente \u00e0 quantidade de CO2 liberada no meio ambiente ao percorrer aproximadamente 58 km de carro.<br \/>\n**Objetivo alcan\u00e7ado gra\u00e7as \u00e0 regenera\u00e7\u00e3o das fibras utilizadas na produ\u00e7\u00e3o em massa.<\/p>\n<p>Composi\u00e7\u00e3o: Camada interna e forro inteiramente feitos de tecidos reciclados.<br \/>\nN\u00famero de camadas: 3.<\/p>\n<p>\u2022 Bolsos internos.<br \/>\n\u2022 Cinto: Sim.<br \/>\n\u2022 Mangas soltas.<br \/>\n\u2022 Inser\u00e7\u00e3o el\u00e1stica na regi\u00e3o lombar. \u2022<br \/>\nInser\u00e7\u00f5es el\u00e1sticas na virilha.<br \/>\n\u2022 Al\u00e7as de extra\u00e7\u00e3o e refor\u00e7os nos joelhos feitos de tecidos reciclados.<\/p>\n<p>\u2022 Mochila para guardar o macac\u00e3o inclu\u00edda como parte da pol\u00edtica &#8220;Zero desperd\u00edcio&#8221;.<\/p>\n<p>Personaliza\u00e7\u00e3o sob encomenda.<\/p>\n<p>Homologa\u00e7\u00e3o: FIA 8856-2018.<br \/>\nCores: Preto\/Amarelo Fluorescente.<br \/>\nTamanhos dispon\u00edveis: do 48 ao 66.<\/p>\n<p>Refor\u00e7o interno feito de materiais reciclados.<\/p>\n","protected":false},"excerpt":{"rendered":"<p>FATO SPARCO FUTURA FIA<\/p>\n<p>O Fato Sparco Futura FIA \u00e9 um modelo avan\u00e7ado projetado para oferecer desempenho ideal e m\u00e1xima prote\u00e7\u00e3o aos pilotos de corrida.<\/p>\n<p>Da linha SPARCO &#8220;Full Efficiency&#8221;, que se baseia no desenvolvimento sustent\u00e1vel.<br \/>\n\u2022 Certifica\u00e7\u00e3o LCA (Life Cycle Assessment).<br \/>\n\u2022 Redu\u00e7\u00e3o de 21% no impacto nas mudan\u00e7as clim\u00e1ticas*.<br \/>\n\u2022 70% de fibras regeneradas.<br \/>\n\u2022 Zero desperd\u00edcio.**<br \/>\n*Valor compar\u00e1vel \u00e0 produ\u00e7\u00e3o tradicional. A redu\u00e7\u00e3o \u00e9 equivalente \u00e0 quantidade de CO2 liberada no meio ambiente ao percorrer aproximadamente 58 km de carro.<br \/>\n**Objetivo alcan\u00e7ado gra\u00e7as \u00e0 regenera\u00e7\u00e3o das fibras utilizadas na produ\u00e7\u00e3o em massa.<\/p>\n<p>Composi\u00e7\u00e3o: Camada interna e forro inteiramente feitos de tecidos reciclados.<br \/>\nN\u00famero de camadas: 3.<\/p>\n<p>\u2022 Bolsos internos.<br \/>\n\u2022 Cinto: Sim.<br \/>\n\u2022 Mangas soltas.<br \/>\n\u2022 Inser\u00e7\u00e3o el\u00e1stica na regi\u00e3o lombar. \u2022<br \/>\nInser\u00e7\u00f5es el\u00e1sticas na virilha.<br \/>\n\u2022 Al\u00e7as de extra\u00e7\u00e3o e refor\u00e7os nos joelhos feitos de tecidos reciclados.<\/p>\n<p>\u2022 Mochila para guardar o macac\u00e3o inclu\u00edda como parte da pol\u00edtica &#8220;Zero desperd\u00edcio&#8221;.<\/p>\n<p>Personaliza\u00e7\u00e3o sob encomenda.<\/p>\n<p>Homologa\u00e7\u00e3o: FIA 8856-2018.<br \/>\nCores: Preto\/Amarelo Fluorescente.<br \/>\nTamanhos dispon\u00edveis: do 48 ao 66.<\/p>\n<p>Refor\u00e7o interno feito de materiais reciclados.<\/p>\n","protected":false},"featured_media":21248,"template":"","meta":[],"product_cat":[548],"product_tag":[],"marca":[172],"class_list":["post-21252","product","type-product","status-publish","has-post-thumbnail","hentry","product_cat-fatos-competicao","marca-sparco"],"yoast_head":"<!-- This site is optimized with the Yoast SEO plugin v20.5 - https:\/\/yoast.com\/wordpress\/plugins\/seo\/ -->\n<title>FATO SPARCO FUTURA FIA 8856-2018 PRETO\/AMARELO - SZ 54 - Auto Barbosa<\/title>\n<meta name=\"robots\" content=\"index, follow, max-snippet:-1, max-image-preview:large, max-video-preview:-1\" \/>\n<link rel=\"canonical\" href=\"https:\/\/autobarbosa.com\/es\/produto\/fato-sparco-futura-fia-8856-2018-preto-amarelo-sz-54\/\" \/>\n<meta property=\"og:locale\" content=\"es_ES\" \/>\n<meta property=\"og:type\" content=\"article\" \/>\n<meta property=\"og:title\" content=\"FATO SPARCO FUTURA FIA 8856-2018 PRETO\/AMARELO - SZ 54 - Auto Barbosa\" \/>\n<meta property=\"og:description\" content=\"FATO SPARCO FUTURA FIA   O Fato Sparco Futura FIA \u00e9 um modelo avan\u00e7ado projetado para oferecer desempenho ideal e m\u00e1xima prote\u00e7\u00e3o aos pilotos de corrida.   Da linha SPARCO &quot;Full Efficiency&quot;, que se baseia no desenvolvimento sustent\u00e1vel. \u2022 Certifica\u00e7\u00e3o LCA (Life Cycle Assessment). \u2022 Redu\u00e7\u00e3o de 21% no impacto nas mudan\u00e7as clim\u00e1ticas*. \u2022 70% de fibras regeneradas. \u2022 Zero desperd\u00edcio.** *Valor compar\u00e1vel \u00e0 produ\u00e7\u00e3o tradicional. A redu\u00e7\u00e3o \u00e9 equivalente \u00e0 quantidade de CO2 liberada no meio ambiente ao percorrer aproximadamente 58 km de carro. **Objetivo alcan\u00e7ado gra\u00e7as \u00e0 regenera\u00e7\u00e3o das fibras utilizadas na produ\u00e7\u00e3o em massa.  Composi\u00e7\u00e3o: Camada interna e forro inteiramente feitos de tecidos reciclados. N\u00famero de camadas: 3.  \u2022 Bolsos internos. \u2022 Cinto: Sim. \u2022 Mangas soltas. \u2022 Inser\u00e7\u00e3o el\u00e1stica na regi\u00e3o lombar. \u2022 Inser\u00e7\u00f5es el\u00e1sticas na virilha. \u2022 Al\u00e7as de extra\u00e7\u00e3o e refor\u00e7os nos joelhos feitos de tecidos reciclados.  \u2022 Mochila para guardar o macac\u00e3o inclu\u00edda como parte da pol\u00edtica &quot;Zero desperd\u00edcio&quot;.  Personaliza\u00e7\u00e3o sob encomenda.  Homologa\u00e7\u00e3o: FIA 8856-2018. Cores: Preto\/Amarelo Fluorescente. Tamanhos dispon\u00edveis: do 48 ao 66.  Refor\u00e7o interno feito de materiais reciclados.\" \/>\n<meta property=\"og:url\" content=\"https:\/\/autobarbosa.com\/es\/produto\/fato-sparco-futura-fia-8856-2018-preto-amarelo-sz-54\/\" \/>\n<meta property=\"og:site_name\" content=\"Auto Barbosa\" \/>\n<meta property=\"article:publisher\" content=\"https:\/\/www.facebook.com\/autobarbosaoficina\" \/>\n<meta property=\"article:modified_time\" content=\"2026-04-22T07:15:29+00:00\" \/>\n<meta property=\"og:image\" content=\"https:\/\/autobarbosa.com\/wp-content\/uploads\/2025\/12\/8sp00115554nrgf.png\" \/>\n\t<meta property=\"og:image:width\" content=\"800\" \/>\n\t<meta property=\"og:image:height\" content=\"800\" \/>\n\t<meta property=\"og:image:type\" content=\"image\/png\" \/>\n<meta name=\"twitter:card\" content=\"summary_large_image\" \/>\n<meta name=\"twitter:label1\" content=\"Tiempo de lectura\" \/>\n\t<meta name=\"twitter:data1\" content=\"1 minuto\" \/>\n<script type=\"application\/ld+json\" class=\"yoast-schema-graph\">{\"@context\":\"https:\/\/schema.org\",\"@graph\":[{\"@type\":\"WebPage\",\"@id\":\"https:\/\/autobarbosa.com\/es\/produto\/fato-sparco-futura-fia-8856-2018-preto-amarelo-sz-54\/\",\"url\":\"https:\/\/autobarbosa.com\/es\/produto\/fato-sparco-futura-fia-8856-2018-preto-amarelo-sz-54\/\",\"name\":\"FATO SPARCO FUTURA FIA 8856-2018 PRETO\/AMARELO - SZ 54 - Auto Barbosa\",\"isPartOf\":{\"@id\":\"https:\/\/autobarbosa.com\/es\/#website\"},\"datePublished\":\"2025-12-16T08:14:32+00:00\",\"dateModified\":\"2026-04-22T07:15:29+00:00\",\"breadcrumb\":{\"@id\":\"https:\/\/autobarbosa.com\/es\/produto\/fato-sparco-futura-fia-8856-2018-preto-amarelo-sz-54\/#breadcrumb\"},\"inLanguage\":\"es\",\"potentialAction\":[{\"@type\":\"ReadAction\",\"target\":[\"https:\/\/autobarbosa.com\/es\/produto\/fato-sparco-futura-fia-8856-2018-preto-amarelo-sz-54\/\"]}]},{\"@type\":\"BreadcrumbList\",\"@id\":\"https:\/\/autobarbosa.com\/es\/produto\/fato-sparco-futura-fia-8856-2018-preto-amarelo-sz-54\/#breadcrumb\",\"itemListElement\":[{\"@type\":\"ListItem\",\"position\":1,\"name\":\"In\u00edcio\",\"item\":\"https:\/\/autobarbosa.com\/es\/\"},{\"@type\":\"ListItem\",\"position\":2,\"name\":\"Loja\",\"item\":\"https:\/\/autobarbosa.com\/\"},{\"@type\":\"ListItem\",\"position\":3,\"name\":\"FATO SPARCO FUTURA FIA 8856-2018 PRETO\/AMARELO &#8211; SZ 54\"}]},{\"@type\":\"WebSite\",\"@id\":\"https:\/\/autobarbosa.com\/es\/#website\",\"url\":\"https:\/\/autobarbosa.com\/es\/\",\"name\":\"Auto Barbosa\",\"description\":\"Site institucional\",\"publisher\":{\"@id\":\"https:\/\/autobarbosa.com\/es\/#organization\"},\"potentialAction\":[{\"@type\":\"SearchAction\",\"target\":{\"@type\":\"EntryPoint\",\"urlTemplate\":\"https:\/\/autobarbosa.com\/es\/?s={search_term_string}\"},\"query-input\":\"required name=search_term_string\"}],\"inLanguage\":\"es\"},{\"@type\":\"Organization\",\"@id\":\"https:\/\/autobarbosa.com\/es\/#organization\",\"name\":\"Auto Barbosa\",\"url\":\"https:\/\/autobarbosa.com\/es\/\",\"logo\":{\"@type\":\"ImageObject\",\"inLanguage\":\"es\",\"@id\":\"https:\/\/autobarbosa.com\/es\/#\/schema\/logo\/image\/\",\"url\":\"https:\/\/autobarbosa.com\/wp-content\/uploads\/2023\/03\/AUTO-BARBOSA-LOGO-1-e1678715539111.png\",\"contentUrl\":\"https:\/\/autobarbosa.com\/wp-content\/uploads\/2023\/03\/AUTO-BARBOSA-LOGO-1-e1678715539111.png\",\"width\":3233,\"height\":3233,\"caption\":\"Auto Barbosa\"},\"image\":{\"@id\":\"https:\/\/autobarbosa.com\/es\/#\/schema\/logo\/image\/\"},\"sameAs\":[\"https:\/\/www.facebook.com\/autobarbosaoficina\",\"https:\/\/www.instagram.com\/autobarbosa.oficina\/\"]}]}<\/script>\n<!-- \/ Yoast SEO plugin. -->","yoast_head_json":{"title":"FATO SPARCO FUTURA FIA 8856-2018 PRETO\/AMARELO - SZ 54 - Auto Barbosa","robots":{"index":"index","follow":"follow","max-snippet":"max-snippet:-1","max-image-preview":"max-image-preview:large","max-video-preview":"max-video-preview:-1"},"canonical":"https:\/\/autobarbosa.com\/es\/produto\/fato-sparco-futura-fia-8856-2018-preto-amarelo-sz-54\/","og_locale":"es_ES","og_type":"article","og_title":"FATO SPARCO FUTURA FIA 8856-2018 PRETO\/AMARELO - SZ 54 - Auto Barbosa","og_description":"FATO SPARCO FUTURA FIA   O Fato Sparco Futura FIA \u00e9 um modelo avan\u00e7ado projetado para oferecer desempenho ideal e m\u00e1xima prote\u00e7\u00e3o aos pilotos de corrida.   Da linha SPARCO \"Full Efficiency\", que se baseia no desenvolvimento sustent\u00e1vel. \u2022 Certifica\u00e7\u00e3o LCA (Life Cycle Assessment). \u2022 Redu\u00e7\u00e3o de 21% no impacto nas mudan\u00e7as clim\u00e1ticas*. \u2022 70% de fibras regeneradas. \u2022 Zero desperd\u00edcio.** *Valor compar\u00e1vel \u00e0 produ\u00e7\u00e3o tradicional. A redu\u00e7\u00e3o \u00e9 equivalente \u00e0 quantidade de CO2 liberada no meio ambiente ao percorrer aproximadamente 58 km de carro. **Objetivo alcan\u00e7ado gra\u00e7as \u00e0 regenera\u00e7\u00e3o das fibras utilizadas na produ\u00e7\u00e3o em massa.  Composi\u00e7\u00e3o: Camada interna e forro inteiramente feitos de tecidos reciclados. N\u00famero de camadas: 3.  \u2022 Bolsos internos. \u2022 Cinto: Sim. \u2022 Mangas soltas. \u2022 Inser\u00e7\u00e3o el\u00e1stica na regi\u00e3o lombar. \u2022 Inser\u00e7\u00f5es el\u00e1sticas na virilha. \u2022 Al\u00e7as de extra\u00e7\u00e3o e refor\u00e7os nos joelhos feitos de tecidos reciclados.  \u2022 Mochila para guardar o macac\u00e3o inclu\u00edda como parte da pol\u00edtica \"Zero desperd\u00edcio\".  Personaliza\u00e7\u00e3o sob encomenda.  Homologa\u00e7\u00e3o: FIA 8856-2018. Cores: Preto\/Amarelo Fluorescente. Tamanhos dispon\u00edveis: do 48 ao 66.  Refor\u00e7o interno feito de materiais reciclados.","og_url":"https:\/\/autobarbosa.com\/es\/produto\/fato-sparco-futura-fia-8856-2018-preto-amarelo-sz-54\/","og_site_name":"Auto Barbosa","article_publisher":"https:\/\/www.facebook.com\/autobarbosaoficina","article_modified_time":"2026-04-22T07:15:29+00:00","og_image":[{"width":800,"height":800,"url":"https:\/\/autobarbosa.com\/wp-content\/uploads\/2025\/12\/8sp00115554nrgf.png","type":"image\/png"}],"twitter_card":"summary_large_image","twitter_misc":{"Tiempo de lectura":"1 minuto"},"schema":{"@context":"https:\/\/schema.org","@graph":[{"@type":"WebPage","@id":"https:\/\/autobarbosa.com\/es\/produto\/fato-sparco-futura-fia-8856-2018-preto-amarelo-sz-54\/","url":"https:\/\/autobarbosa.com\/es\/produto\/fato-sparco-futura-fia-8856-2018-preto-amarelo-sz-54\/","name":"FATO SPARCO FUTURA FIA 8856-2018 PRETO\/AMARELO - SZ 54 - Auto Barbosa","isPartOf":{"@id":"https:\/\/autobarbosa.com\/es\/#website"},"datePublished":"2025-12-16T08:14:32+00:00","dateModified":"2026-04-22T07:15:29+00:00","breadcrumb":{"@id":"https:\/\/autobarbosa.com\/es\/produto\/fato-sparco-futura-fia-8856-2018-preto-amarelo-sz-54\/#breadcrumb"},"inLanguage":"es","potentialAction":[{"@type":"ReadAction","target":["https:\/\/autobarbosa.com\/es\/produto\/fato-sparco-futura-fia-8856-2018-preto-amarelo-sz-54\/"]}]},{"@type":"BreadcrumbList","@id":"https:\/\/autobarbosa.com\/es\/produto\/fato-sparco-futura-fia-8856-2018-preto-amarelo-sz-54\/#breadcrumb","itemListElement":[{"@type":"ListItem","position":1,"name":"In\u00edcio","item":"https:\/\/autobarbosa.com\/es\/"},{"@type":"ListItem","position":2,"name":"Loja","item":"https:\/\/autobarbosa.com\/"},{"@type":"ListItem","position":3,"name":"FATO SPARCO FUTURA FIA 8856-2018 PRETO\/AMARELO &#8211; SZ 54"}]},{"@type":"WebSite","@id":"https:\/\/autobarbosa.com\/es\/#website","url":"https:\/\/autobarbosa.com\/es\/","name":"Auto Barbosa","description":"Site institucional","publisher":{"@id":"https:\/\/autobarbosa.com\/es\/#organization"},"potentialAction":[{"@type":"SearchAction","target":{"@type":"EntryPoint","urlTemplate":"https:\/\/autobarbosa.com\/es\/?s={search_term_string}"},"query-input":"required name=search_term_string"}],"inLanguage":"es"},{"@type":"Organization","@id":"https:\/\/autobarbosa.com\/es\/#organization","name":"Auto Barbosa","url":"https:\/\/autobarbosa.com\/es\/","logo":{"@type":"ImageObject","inLanguage":"es","@id":"https:\/\/autobarbosa.com\/es\/#\/schema\/logo\/image\/","url":"https:\/\/autobarbosa.com\/wp-content\/uploads\/2023\/03\/AUTO-BARBOSA-LOGO-1-e1678715539111.png","contentUrl":"https:\/\/autobarbosa.com\/wp-content\/uploads\/2023\/03\/AUTO-BARBOSA-LOGO-1-e1678715539111.png","width":3233,"height":3233,"caption":"Auto Barbosa"},"image":{"@id":"https:\/\/autobarbosa.com\/es\/#\/schema\/logo\/image\/"},"sameAs":["https:\/\/www.facebook.com\/autobarbosaoficina","https:\/\/www.instagram.com\/autobarbosa.oficina\/"]}]}},"_links":{"self":[{"href":"https:\/\/autobarbosa.com\/es\/wp-json\/wp\/v3\/product\/21252","targetHints":{"allow":["GET"]}}],"collection":[{"href":"https:\/\/autobarbosa.com\/es\/wp-json\/wp\/v3\/product"}],"about":[{"href":"https:\/\/autobarbosa.com\/es\/wp-json\/wp\/v2\/types\/product"}],"wp:featuredmedia":[{"embeddable":true,"href":"https:\/\/autobarbosa.com\/es\/wp-json\/wp\/v2\/media\/21248"}],"wp:attachment":[{"href":"https:\/\/autobarbosa.com\/es\/wp-json\/wp\/v2\/media?parent=21252"}],"wp:term":[{"taxonomy":"product_cat","embeddable":true,"href":"https:\/\/autobarbosa.com\/es\/wp-json\/wp\/v2\/product_cat?post=21252"},{"taxonomy":"product_tag","embeddable":true,"href":"https:\/\/autobarbosa.com\/es\/wp-json\/wp\/v2\/product_tag?post=21252"},{"taxonomy":"marca","embeddable":true,"href":"https:\/\/autobarbosa.com\/es\/wp-json\/wp\/v2\/marca?post=21252"}],"curies":[{"name":"wp","href":"https:\/\/api.w.org\/{rel}","templated":true}]}}