{"id":21364,"date":"2025-12-16T07:15:09","date_gmt":"2025-12-16T08:15:09","guid":{"rendered":"https:\/\/autobarbosa.com\/produto\/luvas-sparco-land-vermelho-tam-11-fia-8856-2018\/"},"modified":"2025-12-16T07:15:09","modified_gmt":"2025-12-16T08:15:09","slug":"luvas-sparco-land-vermelho-tam-11-fia-8856-2018","status":"publish","type":"product","link":"https:\/\/autobarbosa.com\/es\/produto\/luvas-sparco-land-vermelho-tam-11-fia-8856-2018\/","title":{"rendered":"LUVAS SPARCO LAND +  VERMELHO &#8211; TAM 11 &#8211; FIA 8856-2018"},"content":{"rendered":"<p>Luvas SPARCO Land + FIA 8856-2018 Aprova\u00e7\u00e3o<\/p>\n<p>: FIA 8856-2018.<br \/>\nCores: Vermelho, azul, preto, amarelo fluorescente.<br \/>\nTamanhos dispon\u00edveis: 8 a 13.<\/p>\n<p>Composi\u00e7\u00e3o: jersey 100% meta-aram\u00eddico.<br \/>\nCosturas: Internas.<br \/>\nPalma pr\u00e9-formada: N\u00e3o.<br \/>\nSem costura entre a palma e o polegar.<br \/>\nRefor\u00e7os antiderrapantes: Silicone.<br \/>\nFechamento do pulso: El\u00e1stico.<br \/>\nPunho reto.<\/p>\n","protected":false},"excerpt":{"rendered":"<p>Luvas SPARCO Land + FIA 8856-2018 Aprova\u00e7\u00e3o<\/p>\n<p>: FIA 8856-2018.<br \/>\nCores: Vermelho, azul, preto, amarelo fluorescente.<br \/>\nTamanhos dispon\u00edveis: 8 a 13.<\/p>\n<p>Composi\u00e7\u00e3o: jersey 100% meta-aram\u00eddico.<br \/>\nCosturas: Internas.<br \/>\nPalma pr\u00e9-formada: N\u00e3o.<br \/>\nSem costura entre a palma e o polegar.<br \/>\nRefor\u00e7os antiderrapantes: Silicone.<br \/>\nFechamento do pulso: El\u00e1stico.<br \/>\nPunho reto.<\/p>\n","protected":false},"featured_media":0,"template":"","meta":[],"product_cat":[546],"product_tag":[],"marca":[172],"class_list":["post-21364","product","type-product","status-publish","hentry","product_cat-luvas-de-competicao","marca-sparco"],"yoast_head":"<!-- This site is optimized with the Yoast SEO plugin v20.5 - https:\/\/yoast.com\/wordpress\/plugins\/seo\/ -->\n<title>LUVAS SPARCO LAND + VERMELHO - TAM 11 - FIA 8856-2018 - Auto Barbosa<\/title>\n<meta name=\"robots\" content=\"index, follow, max-snippet:-1, max-image-preview:large, max-video-preview:-1\" \/>\n<link rel=\"canonical\" href=\"https:\/\/autobarbosa.com\/es\/produto\/luvas-sparco-land-vermelho-tam-11-fia-8856-2018\/\" \/>\n<meta property=\"og:locale\" content=\"es_ES\" \/>\n<meta property=\"og:type\" content=\"article\" \/>\n<meta property=\"og:title\" content=\"LUVAS SPARCO LAND + VERMELHO - TAM 11 - FIA 8856-2018 - Auto Barbosa\" \/>\n<meta property=\"og:description\" content=\"Luvas SPARCO Land + FIA 8856-2018 Aprova\u00e7\u00e3o  : FIA 8856-2018. Cores: Vermelho, azul, preto, amarelo fluorescente. Tamanhos dispon\u00edveis: 8 a 13.  Composi\u00e7\u00e3o: jersey 100% meta-aram\u00eddico. Costuras: Internas. Palma pr\u00e9-formada: N\u00e3o. Sem costura entre a palma e o polegar. Refor\u00e7os antiderrapantes: Silicone. Fechamento do pulso: El\u00e1stico. Punho reto.\" \/>\n<meta property=\"og:url\" content=\"https:\/\/autobarbosa.com\/es\/produto\/luvas-sparco-land-vermelho-tam-11-fia-8856-2018\/\" \/>\n<meta property=\"og:site_name\" content=\"Auto Barbosa\" \/>\n<meta property=\"article:publisher\" content=\"https:\/\/www.facebook.com\/autobarbosaoficina\" \/>\n<meta name=\"twitter:card\" content=\"summary_large_image\" \/>\n<script type=\"application\/ld+json\" class=\"yoast-schema-graph\">{\"@context\":\"https:\/\/schema.org\",\"@graph\":[{\"@type\":\"WebPage\",\"@id\":\"https:\/\/autobarbosa.com\/es\/produto\/luvas-sparco-land-vermelho-tam-11-fia-8856-2018\/\",\"url\":\"https:\/\/autobarbosa.com\/es\/produto\/luvas-sparco-land-vermelho-tam-11-fia-8856-2018\/\",\"name\":\"LUVAS SPARCO LAND + VERMELHO - TAM 11 - FIA 8856-2018 - Auto Barbosa\",\"isPartOf\":{\"@id\":\"https:\/\/autobarbosa.com\/es\/#website\"},\"datePublished\":\"2025-12-16T08:15:09+00:00\",\"dateModified\":\"2025-12-16T08:15:09+00:00\",\"breadcrumb\":{\"@id\":\"https:\/\/autobarbosa.com\/es\/produto\/luvas-sparco-land-vermelho-tam-11-fia-8856-2018\/#breadcrumb\"},\"inLanguage\":\"es\",\"potentialAction\":[{\"@type\":\"ReadAction\",\"target\":[\"https:\/\/autobarbosa.com\/es\/produto\/luvas-sparco-land-vermelho-tam-11-fia-8856-2018\/\"]}]},{\"@type\":\"BreadcrumbList\",\"@id\":\"https:\/\/autobarbosa.com\/es\/produto\/luvas-sparco-land-vermelho-tam-11-fia-8856-2018\/#breadcrumb\",\"itemListElement\":[{\"@type\":\"ListItem\",\"position\":1,\"name\":\"In\u00edcio\",\"item\":\"https:\/\/autobarbosa.com\/es\/\"},{\"@type\":\"ListItem\",\"position\":2,\"name\":\"Loja\",\"item\":\"https:\/\/autobarbosa.com\/\"},{\"@type\":\"ListItem\",\"position\":3,\"name\":\"LUVAS SPARCO LAND + VERMELHO &#8211; TAM 11 &#8211; FIA 8856-2018\"}]},{\"@type\":\"WebSite\",\"@id\":\"https:\/\/autobarbosa.com\/es\/#website\",\"url\":\"https:\/\/autobarbosa.com\/es\/\",\"name\":\"Auto Barbosa\",\"description\":\"Site institucional\",\"publisher\":{\"@id\":\"https:\/\/autobarbosa.com\/es\/#organization\"},\"potentialAction\":[{\"@type\":\"SearchAction\",\"target\":{\"@type\":\"EntryPoint\",\"urlTemplate\":\"https:\/\/autobarbosa.com\/es\/?s={search_term_string}\"},\"query-input\":\"required name=search_term_string\"}],\"inLanguage\":\"es\"},{\"@type\":\"Organization\",\"@id\":\"https:\/\/autobarbosa.com\/es\/#organization\",\"name\":\"Auto Barbosa\",\"url\":\"https:\/\/autobarbosa.com\/es\/\",\"logo\":{\"@type\":\"ImageObject\",\"inLanguage\":\"es\",\"@id\":\"https:\/\/autobarbosa.com\/es\/#\/schema\/logo\/image\/\",\"url\":\"https:\/\/autobarbosa.com\/wp-content\/uploads\/2023\/03\/AUTO-BARBOSA-LOGO-1-e1678715539111.png\",\"contentUrl\":\"https:\/\/autobarbosa.com\/wp-content\/uploads\/2023\/03\/AUTO-BARBOSA-LOGO-1-e1678715539111.png\",\"width\":3233,\"height\":3233,\"caption\":\"Auto Barbosa\"},\"image\":{\"@id\":\"https:\/\/autobarbosa.com\/es\/#\/schema\/logo\/image\/\"},\"sameAs\":[\"https:\/\/www.facebook.com\/autobarbosaoficina\",\"https:\/\/www.instagram.com\/autobarbosa.oficina\/\"]}]}<\/script>\n<!-- \/ Yoast SEO plugin. -->","yoast_head_json":{"title":"LUVAS SPARCO LAND + VERMELHO - TAM 11 - FIA 8856-2018 - Auto Barbosa","robots":{"index":"index","follow":"follow","max-snippet":"max-snippet:-1","max-image-preview":"max-image-preview:large","max-video-preview":"max-video-preview:-1"},"canonical":"https:\/\/autobarbosa.com\/es\/produto\/luvas-sparco-land-vermelho-tam-11-fia-8856-2018\/","og_locale":"es_ES","og_type":"article","og_title":"LUVAS SPARCO LAND + VERMELHO - TAM 11 - FIA 8856-2018 - Auto Barbosa","og_description":"Luvas SPARCO Land + FIA 8856-2018 Aprova\u00e7\u00e3o  : FIA 8856-2018. Cores: Vermelho, azul, preto, amarelo fluorescente. Tamanhos dispon\u00edveis: 8 a 13.  Composi\u00e7\u00e3o: jersey 100% meta-aram\u00eddico. Costuras: Internas. Palma pr\u00e9-formada: N\u00e3o. Sem costura entre a palma e o polegar. Refor\u00e7os antiderrapantes: Silicone. Fechamento do pulso: El\u00e1stico. Punho reto.","og_url":"https:\/\/autobarbosa.com\/es\/produto\/luvas-sparco-land-vermelho-tam-11-fia-8856-2018\/","og_site_name":"Auto Barbosa","article_publisher":"https:\/\/www.facebook.com\/autobarbosaoficina","twitter_card":"summary_large_image","schema":{"@context":"https:\/\/schema.org","@graph":[{"@type":"WebPage","@id":"https:\/\/autobarbosa.com\/es\/produto\/luvas-sparco-land-vermelho-tam-11-fia-8856-2018\/","url":"https:\/\/autobarbosa.com\/es\/produto\/luvas-sparco-land-vermelho-tam-11-fia-8856-2018\/","name":"LUVAS SPARCO LAND + VERMELHO - TAM 11 - FIA 8856-2018 - Auto Barbosa","isPartOf":{"@id":"https:\/\/autobarbosa.com\/es\/#website"},"datePublished":"2025-12-16T08:15:09+00:00","dateModified":"2025-12-16T08:15:09+00:00","breadcrumb":{"@id":"https:\/\/autobarbosa.com\/es\/produto\/luvas-sparco-land-vermelho-tam-11-fia-8856-2018\/#breadcrumb"},"inLanguage":"es","potentialAction":[{"@type":"ReadAction","target":["https:\/\/autobarbosa.com\/es\/produto\/luvas-sparco-land-vermelho-tam-11-fia-8856-2018\/"]}]},{"@type":"BreadcrumbList","@id":"https:\/\/autobarbosa.com\/es\/produto\/luvas-sparco-land-vermelho-tam-11-fia-8856-2018\/#breadcrumb","itemListElement":[{"@type":"ListItem","position":1,"name":"In\u00edcio","item":"https:\/\/autobarbosa.com\/es\/"},{"@type":"ListItem","position":2,"name":"Loja","item":"https:\/\/autobarbosa.com\/"},{"@type":"ListItem","position":3,"name":"LUVAS SPARCO LAND + VERMELHO &#8211; TAM 11 &#8211; FIA 8856-2018"}]},{"@type":"WebSite","@id":"https:\/\/autobarbosa.com\/es\/#website","url":"https:\/\/autobarbosa.com\/es\/","name":"Auto Barbosa","description":"Site institucional","publisher":{"@id":"https:\/\/autobarbosa.com\/es\/#organization"},"potentialAction":[{"@type":"SearchAction","target":{"@type":"EntryPoint","urlTemplate":"https:\/\/autobarbosa.com\/es\/?s={search_term_string}"},"query-input":"required name=search_term_string"}],"inLanguage":"es"},{"@type":"Organization","@id":"https:\/\/autobarbosa.com\/es\/#organization","name":"Auto Barbosa","url":"https:\/\/autobarbosa.com\/es\/","logo":{"@type":"ImageObject","inLanguage":"es","@id":"https:\/\/autobarbosa.com\/es\/#\/schema\/logo\/image\/","url":"https:\/\/autobarbosa.com\/wp-content\/uploads\/2023\/03\/AUTO-BARBOSA-LOGO-1-e1678715539111.png","contentUrl":"https:\/\/autobarbosa.com\/wp-content\/uploads\/2023\/03\/AUTO-BARBOSA-LOGO-1-e1678715539111.png","width":3233,"height":3233,"caption":"Auto Barbosa"},"image":{"@id":"https:\/\/autobarbosa.com\/es\/#\/schema\/logo\/image\/"},"sameAs":["https:\/\/www.facebook.com\/autobarbosaoficina","https:\/\/www.instagram.com\/autobarbosa.oficina\/"]}]}},"_links":{"self":[{"href":"https:\/\/autobarbosa.com\/es\/wp-json\/wp\/v3\/product\/21364","targetHints":{"allow":["GET"]}}],"collection":[{"href":"https:\/\/autobarbosa.com\/es\/wp-json\/wp\/v3\/product"}],"about":[{"href":"https:\/\/autobarbosa.com\/es\/wp-json\/wp\/v2\/types\/product"}],"wp:attachment":[{"href":"https:\/\/autobarbosa.com\/es\/wp-json\/wp\/v2\/media?parent=21364"}],"wp:term":[{"taxonomy":"product_cat","embeddable":true,"href":"https:\/\/autobarbosa.com\/es\/wp-json\/wp\/v2\/product_cat?post=21364"},{"taxonomy":"product_tag","embeddable":true,"href":"https:\/\/autobarbosa.com\/es\/wp-json\/wp\/v2\/product_tag?post=21364"},{"taxonomy":"marca","embeddable":true,"href":"https:\/\/autobarbosa.com\/es\/wp-json\/wp\/v2\/marca?post=21364"}],"curies":[{"name":"wp","href":"https:\/\/api.w.org\/{rel}","templated":true}]}}