{"id":21492,"date":"2025-12-16T07:15:51","date_gmt":"2025-12-16T08:15:51","guid":{"rendered":"https:\/\/autobarbosa.com\/produto\/saco-capacetes-basico-sparco-preto\/"},"modified":"2025-12-16T07:15:51","modified_gmt":"2025-12-16T08:15:51","slug":"saco-capacetes-basico-sparco-preto","status":"publish","type":"product","link":"https:\/\/autobarbosa.com\/es\/produto\/saco-capacetes-basico-sparco-preto\/","title":{"rendered":"SACO CAPACETES BASICO SPARCO &#8211; PRETO"},"content":{"rendered":"<p>Bolsa para capacete SPARCO<\/p>\n<p>Bolsa para capacete cl\u00e1ssica.<br \/>\nCor preta.<br \/>\nS\u00f3 suporta capacete sem sistema HANS\u00ae.<br \/>\nOrif\u00edcios de ventila\u00e7\u00e3o. P\u00e9s de borracha.<br \/>\nMaterial: Poli\u00e9ster.<br \/>\nDimens\u00f5es: (L) 42 x (D) 24 x (A) 28 cm. Volume: 28 litros.<\/p>\n","protected":false},"excerpt":{"rendered":"<p>Bolsa para capacete SPARCO<\/p>\n<p>Bolsa para capacete cl\u00e1ssica.<br \/>\nCor preta.<br \/>\nS\u00f3 suporta capacete sem sistema HANS\u00ae.<br \/>\nOrif\u00edcios de ventila\u00e7\u00e3o. P\u00e9s de borracha.<br \/>\nMaterial: Poli\u00e9ster.<br \/>\nDimens\u00f5es: (L) 42 x (D) 24 x (A) 28 cm. Volume: 28 litros.<\/p>\n","protected":false},"featured_media":0,"template":"","meta":[],"product_cat":[533],"product_tag":[],"marca":[172],"class_list":["post-21492","product","type-product","status-publish","hentry","product_cat-acessorios-de-capacetes","marca-sparco"],"yoast_head":"<!-- This site is optimized with the Yoast SEO plugin v20.5 - https:\/\/yoast.com\/wordpress\/plugins\/seo\/ -->\n<title>SACO CAPACETES BASICO SPARCO - PRETO - Auto Barbosa<\/title>\n<meta name=\"robots\" content=\"index, follow, max-snippet:-1, max-image-preview:large, max-video-preview:-1\" \/>\n<link rel=\"canonical\" href=\"https:\/\/autobarbosa.com\/es\/produto\/saco-capacetes-basico-sparco-preto\/\" \/>\n<meta property=\"og:locale\" content=\"es_ES\" \/>\n<meta property=\"og:type\" content=\"article\" \/>\n<meta property=\"og:title\" content=\"SACO CAPACETES BASICO SPARCO - PRETO - Auto Barbosa\" \/>\n<meta property=\"og:description\" content=\"Bolsa para capacete SPARCO  Bolsa para capacete cl\u00e1ssica. Cor preta. S\u00f3 suporta capacete sem sistema HANS\u00ae. Orif\u00edcios de ventila\u00e7\u00e3o. P\u00e9s de borracha. Material: Poli\u00e9ster. Dimens\u00f5es: (L) 42 x (D) 24 x (A) 28 cm. Volume: 28 litros.\" \/>\n<meta property=\"og:url\" content=\"https:\/\/autobarbosa.com\/es\/produto\/saco-capacetes-basico-sparco-preto\/\" \/>\n<meta property=\"og:site_name\" content=\"Auto Barbosa\" \/>\n<meta property=\"article:publisher\" content=\"https:\/\/www.facebook.com\/autobarbosaoficina\" \/>\n<meta name=\"twitter:card\" content=\"summary_large_image\" \/>\n<script type=\"application\/ld+json\" class=\"yoast-schema-graph\">{\"@context\":\"https:\/\/schema.org\",\"@graph\":[{\"@type\":\"WebPage\",\"@id\":\"https:\/\/autobarbosa.com\/es\/produto\/saco-capacetes-basico-sparco-preto\/\",\"url\":\"https:\/\/autobarbosa.com\/es\/produto\/saco-capacetes-basico-sparco-preto\/\",\"name\":\"SACO CAPACETES BASICO SPARCO - PRETO - Auto Barbosa\",\"isPartOf\":{\"@id\":\"https:\/\/autobarbosa.com\/es\/#website\"},\"datePublished\":\"2025-12-16T08:15:51+00:00\",\"dateModified\":\"2025-12-16T08:15:51+00:00\",\"breadcrumb\":{\"@id\":\"https:\/\/autobarbosa.com\/es\/produto\/saco-capacetes-basico-sparco-preto\/#breadcrumb\"},\"inLanguage\":\"es\",\"potentialAction\":[{\"@type\":\"ReadAction\",\"target\":[\"https:\/\/autobarbosa.com\/es\/produto\/saco-capacetes-basico-sparco-preto\/\"]}]},{\"@type\":\"BreadcrumbList\",\"@id\":\"https:\/\/autobarbosa.com\/es\/produto\/saco-capacetes-basico-sparco-preto\/#breadcrumb\",\"itemListElement\":[{\"@type\":\"ListItem\",\"position\":1,\"name\":\"In\u00edcio\",\"item\":\"https:\/\/autobarbosa.com\/es\/\"},{\"@type\":\"ListItem\",\"position\":2,\"name\":\"Loja\",\"item\":\"https:\/\/autobarbosa.com\/\"},{\"@type\":\"ListItem\",\"position\":3,\"name\":\"SACO CAPACETES BASICO SPARCO &#8211; PRETO\"}]},{\"@type\":\"WebSite\",\"@id\":\"https:\/\/autobarbosa.com\/es\/#website\",\"url\":\"https:\/\/autobarbosa.com\/es\/\",\"name\":\"Auto Barbosa\",\"description\":\"Site institucional\",\"publisher\":{\"@id\":\"https:\/\/autobarbosa.com\/es\/#organization\"},\"potentialAction\":[{\"@type\":\"SearchAction\",\"target\":{\"@type\":\"EntryPoint\",\"urlTemplate\":\"https:\/\/autobarbosa.com\/es\/?s={search_term_string}\"},\"query-input\":\"required name=search_term_string\"}],\"inLanguage\":\"es\"},{\"@type\":\"Organization\",\"@id\":\"https:\/\/autobarbosa.com\/es\/#organization\",\"name\":\"Auto Barbosa\",\"url\":\"https:\/\/autobarbosa.com\/es\/\",\"logo\":{\"@type\":\"ImageObject\",\"inLanguage\":\"es\",\"@id\":\"https:\/\/autobarbosa.com\/es\/#\/schema\/logo\/image\/\",\"url\":\"https:\/\/autobarbosa.com\/wp-content\/uploads\/2023\/03\/AUTO-BARBOSA-LOGO-1-e1678715539111.png\",\"contentUrl\":\"https:\/\/autobarbosa.com\/wp-content\/uploads\/2023\/03\/AUTO-BARBOSA-LOGO-1-e1678715539111.png\",\"width\":3233,\"height\":3233,\"caption\":\"Auto Barbosa\"},\"image\":{\"@id\":\"https:\/\/autobarbosa.com\/es\/#\/schema\/logo\/image\/\"},\"sameAs\":[\"https:\/\/www.facebook.com\/autobarbosaoficina\",\"https:\/\/www.instagram.com\/autobarbosa.oficina\/\"]}]}<\/script>\n<!-- \/ Yoast SEO plugin. -->","yoast_head_json":{"title":"SACO CAPACETES BASICO SPARCO - PRETO - Auto Barbosa","robots":{"index":"index","follow":"follow","max-snippet":"max-snippet:-1","max-image-preview":"max-image-preview:large","max-video-preview":"max-video-preview:-1"},"canonical":"https:\/\/autobarbosa.com\/es\/produto\/saco-capacetes-basico-sparco-preto\/","og_locale":"es_ES","og_type":"article","og_title":"SACO CAPACETES BASICO SPARCO - PRETO - Auto Barbosa","og_description":"Bolsa para capacete SPARCO  Bolsa para capacete cl\u00e1ssica. Cor preta. S\u00f3 suporta capacete sem sistema HANS\u00ae. Orif\u00edcios de ventila\u00e7\u00e3o. P\u00e9s de borracha. Material: Poli\u00e9ster. Dimens\u00f5es: (L) 42 x (D) 24 x (A) 28 cm. Volume: 28 litros.","og_url":"https:\/\/autobarbosa.com\/es\/produto\/saco-capacetes-basico-sparco-preto\/","og_site_name":"Auto Barbosa","article_publisher":"https:\/\/www.facebook.com\/autobarbosaoficina","twitter_card":"summary_large_image","schema":{"@context":"https:\/\/schema.org","@graph":[{"@type":"WebPage","@id":"https:\/\/autobarbosa.com\/es\/produto\/saco-capacetes-basico-sparco-preto\/","url":"https:\/\/autobarbosa.com\/es\/produto\/saco-capacetes-basico-sparco-preto\/","name":"SACO CAPACETES BASICO SPARCO - PRETO - Auto Barbosa","isPartOf":{"@id":"https:\/\/autobarbosa.com\/es\/#website"},"datePublished":"2025-12-16T08:15:51+00:00","dateModified":"2025-12-16T08:15:51+00:00","breadcrumb":{"@id":"https:\/\/autobarbosa.com\/es\/produto\/saco-capacetes-basico-sparco-preto\/#breadcrumb"},"inLanguage":"es","potentialAction":[{"@type":"ReadAction","target":["https:\/\/autobarbosa.com\/es\/produto\/saco-capacetes-basico-sparco-preto\/"]}]},{"@type":"BreadcrumbList","@id":"https:\/\/autobarbosa.com\/es\/produto\/saco-capacetes-basico-sparco-preto\/#breadcrumb","itemListElement":[{"@type":"ListItem","position":1,"name":"In\u00edcio","item":"https:\/\/autobarbosa.com\/es\/"},{"@type":"ListItem","position":2,"name":"Loja","item":"https:\/\/autobarbosa.com\/"},{"@type":"ListItem","position":3,"name":"SACO CAPACETES BASICO SPARCO &#8211; PRETO"}]},{"@type":"WebSite","@id":"https:\/\/autobarbosa.com\/es\/#website","url":"https:\/\/autobarbosa.com\/es\/","name":"Auto Barbosa","description":"Site institucional","publisher":{"@id":"https:\/\/autobarbosa.com\/es\/#organization"},"potentialAction":[{"@type":"SearchAction","target":{"@type":"EntryPoint","urlTemplate":"https:\/\/autobarbosa.com\/es\/?s={search_term_string}"},"query-input":"required name=search_term_string"}],"inLanguage":"es"},{"@type":"Organization","@id":"https:\/\/autobarbosa.com\/es\/#organization","name":"Auto Barbosa","url":"https:\/\/autobarbosa.com\/es\/","logo":{"@type":"ImageObject","inLanguage":"es","@id":"https:\/\/autobarbosa.com\/es\/#\/schema\/logo\/image\/","url":"https:\/\/autobarbosa.com\/wp-content\/uploads\/2023\/03\/AUTO-BARBOSA-LOGO-1-e1678715539111.png","contentUrl":"https:\/\/autobarbosa.com\/wp-content\/uploads\/2023\/03\/AUTO-BARBOSA-LOGO-1-e1678715539111.png","width":3233,"height":3233,"caption":"Auto Barbosa"},"image":{"@id":"https:\/\/autobarbosa.com\/es\/#\/schema\/logo\/image\/"},"sameAs":["https:\/\/www.facebook.com\/autobarbosaoficina","https:\/\/www.instagram.com\/autobarbosa.oficina\/"]}]}},"_links":{"self":[{"href":"https:\/\/autobarbosa.com\/es\/wp-json\/wp\/v3\/product\/21492","targetHints":{"allow":["GET"]}}],"collection":[{"href":"https:\/\/autobarbosa.com\/es\/wp-json\/wp\/v3\/product"}],"about":[{"href":"https:\/\/autobarbosa.com\/es\/wp-json\/wp\/v2\/types\/product"}],"wp:attachment":[{"href":"https:\/\/autobarbosa.com\/es\/wp-json\/wp\/v2\/media?parent=21492"}],"wp:term":[{"taxonomy":"product_cat","embeddable":true,"href":"https:\/\/autobarbosa.com\/es\/wp-json\/wp\/v2\/product_cat?post=21492"},{"taxonomy":"product_tag","embeddable":true,"href":"https:\/\/autobarbosa.com\/es\/wp-json\/wp\/v2\/product_tag?post=21492"},{"taxonomy":"marca","embeddable":true,"href":"https:\/\/autobarbosa.com\/es\/wp-json\/wp\/v2\/marca?post=21492"}],"curies":[{"name":"wp","href":"https:\/\/api.w.org\/{rel}","templated":true}]}}