{"id":21524,"date":"2025-12-16T07:16:01","date_gmt":"2025-12-16T08:16:01","guid":{"rendered":"https:\/\/autobarbosa.com\/produto\/proteccao-roll-bar-sparco-diam-45mm-fia-par-comprimento-500mm-cada\/"},"modified":"2025-12-16T07:16:01","modified_gmt":"2025-12-16T08:16:01","slug":"proteccao-roll-bar-sparco-diam-45mm-fia-par-comprimento-500mm-cada","status":"publish","type":"product","link":"https:\/\/autobarbosa.com\/es\/produto\/proteccao-roll-bar-sparco-diam-45mm-fia-par-comprimento-500mm-cada\/","title":{"rendered":"PROTEC\u00c7\u00c3O ROLL BAR  SPARCO &#8211;  DIAM. 45MM &#8211; FIA &#8211;  (PAR)  Comprimento: 500mm  Cada"},"content":{"rendered":"<p>Prote\u00e7\u00e3o  do roll bar SPARCO FIA &#8211; o par<\/p>\n<p>de coxins Fireproof do roll bar, homologados pela FIA.<br \/>\nObrigat\u00f3rio para os grupos N, A, R, GT e F2000 a partir de 01\/01\/2018.<\/p>\n<p>Consertos com rilsans ref. 30262 e fita dupla face ref. 35309 vendido separadamente.<br \/>\nNORMAS DE MELHORIA DE ROPS: Cada estofamento deve ser fixado de forma que n\u00e3o possa se mover em rela\u00e7\u00e3o ao tubo.<\/p>\n<p>Di\u00e2metros dispon\u00edveis: 35 mm, 38\/40 mm, 45 mm e 50 mm.<br \/>\nComprimento: 500mm.<br \/>\nVendido em pares.<br \/>\nDispon\u00edvel apenas em preto.<\/p>\n","protected":false},"excerpt":{"rendered":"<p>Prote\u00e7\u00e3o  do roll bar SPARCO FIA &#8211; o par<\/p>\n<p>de coxins Fireproof do roll bar, homologados pela FIA.<br \/>\nObrigat\u00f3rio para os grupos N, A, R, GT e F2000 a partir de 01\/01\/2018.<\/p>\n<p>Consertos com rilsans ref. 30262 e fita dupla face ref. 35309 vendido separadamente.<br \/>\nNORMAS DE MELHORIA DE ROPS: Cada estofamento deve ser fixado de forma que n\u00e3o possa se mover em rela\u00e7\u00e3o ao tubo.<\/p>\n<p>Di\u00e2metros dispon\u00edveis: 35 mm, 38\/40 mm, 45 mm e 50 mm.<br \/>\nComprimento: 500mm.<br \/>\nVendido em pares.<br \/>\nDispon\u00edvel apenas em preto.<\/p>\n","protected":false},"featured_media":0,"template":"","meta":[],"product_cat":[491],"product_tag":[],"marca":[172],"class_list":["post-21524","product","type-product","status-publish","hentry","product_cat-protecoes-rollbar","marca-sparco"],"yoast_head":"<!-- This site is optimized with the Yoast SEO plugin v20.5 - https:\/\/yoast.com\/wordpress\/plugins\/seo\/ -->\n<title>PROTEC\u00c7\u00c3O ROLL BAR SPARCO - DIAM. 45MM - FIA - (PAR) Comprimento: 500mm Cada - Auto Barbosa<\/title>\n<meta name=\"robots\" content=\"index, follow, max-snippet:-1, max-image-preview:large, max-video-preview:-1\" \/>\n<link rel=\"canonical\" href=\"https:\/\/autobarbosa.com\/es\/produto\/proteccao-roll-bar-sparco-diam-45mm-fia-par-comprimento-500mm-cada\/\" \/>\n<meta property=\"og:locale\" content=\"es_ES\" \/>\n<meta property=\"og:type\" content=\"article\" \/>\n<meta property=\"og:title\" content=\"PROTEC\u00c7\u00c3O ROLL BAR SPARCO - DIAM. 45MM - FIA - (PAR) Comprimento: 500mm Cada - Auto Barbosa\" \/>\n<meta property=\"og:description\" content=\"Prote\u00e7\u00e3o do roll bar SPARCO FIA - o par  de coxins Fireproof do roll bar, homologados pela FIA. Obrigat\u00f3rio para os grupos N, A, R, GT e F2000 a partir de 01\/01\/2018.  Consertos com rilsans ref. 30262 e fita dupla face ref. 35309 vendido separadamente. NORMAS DE MELHORIA DE ROPS: Cada estofamento deve ser fixado de forma que n\u00e3o possa se mover em rela\u00e7\u00e3o ao tubo.  Di\u00e2metros dispon\u00edveis: 35 mm, 38\/40 mm, 45 mm e 50 mm. Comprimento: 500mm. Vendido em pares. Dispon\u00edvel apenas em preto.\" \/>\n<meta property=\"og:url\" content=\"https:\/\/autobarbosa.com\/es\/produto\/proteccao-roll-bar-sparco-diam-45mm-fia-par-comprimento-500mm-cada\/\" \/>\n<meta property=\"og:site_name\" content=\"Auto Barbosa\" \/>\n<meta property=\"article:publisher\" content=\"https:\/\/www.facebook.com\/autobarbosaoficina\" \/>\n<meta name=\"twitter:card\" content=\"summary_large_image\" \/>\n<script type=\"application\/ld+json\" class=\"yoast-schema-graph\">{\"@context\":\"https:\/\/schema.org\",\"@graph\":[{\"@type\":\"WebPage\",\"@id\":\"https:\/\/autobarbosa.com\/es\/produto\/proteccao-roll-bar-sparco-diam-45mm-fia-par-comprimento-500mm-cada\/\",\"url\":\"https:\/\/autobarbosa.com\/es\/produto\/proteccao-roll-bar-sparco-diam-45mm-fia-par-comprimento-500mm-cada\/\",\"name\":\"PROTEC\u00c7\u00c3O ROLL BAR SPARCO - DIAM. 45MM - FIA - (PAR) Comprimento: 500mm Cada - Auto Barbosa\",\"isPartOf\":{\"@id\":\"https:\/\/autobarbosa.com\/es\/#website\"},\"datePublished\":\"2025-12-16T08:16:01+00:00\",\"dateModified\":\"2025-12-16T08:16:01+00:00\",\"breadcrumb\":{\"@id\":\"https:\/\/autobarbosa.com\/es\/produto\/proteccao-roll-bar-sparco-diam-45mm-fia-par-comprimento-500mm-cada\/#breadcrumb\"},\"inLanguage\":\"es\",\"potentialAction\":[{\"@type\":\"ReadAction\",\"target\":[\"https:\/\/autobarbosa.com\/es\/produto\/proteccao-roll-bar-sparco-diam-45mm-fia-par-comprimento-500mm-cada\/\"]}]},{\"@type\":\"BreadcrumbList\",\"@id\":\"https:\/\/autobarbosa.com\/es\/produto\/proteccao-roll-bar-sparco-diam-45mm-fia-par-comprimento-500mm-cada\/#breadcrumb\",\"itemListElement\":[{\"@type\":\"ListItem\",\"position\":1,\"name\":\"In\u00edcio\",\"item\":\"https:\/\/autobarbosa.com\/es\/\"},{\"@type\":\"ListItem\",\"position\":2,\"name\":\"Loja\",\"item\":\"https:\/\/autobarbosa.com\/\"},{\"@type\":\"ListItem\",\"position\":3,\"name\":\"PROTEC\u00c7\u00c3O ROLL BAR SPARCO &#8211; DIAM. 45MM &#8211; FIA &#8211; (PAR) Comprimento: 500mm Cada\"}]},{\"@type\":\"WebSite\",\"@id\":\"https:\/\/autobarbosa.com\/es\/#website\",\"url\":\"https:\/\/autobarbosa.com\/es\/\",\"name\":\"Auto Barbosa\",\"description\":\"Site institucional\",\"publisher\":{\"@id\":\"https:\/\/autobarbosa.com\/es\/#organization\"},\"potentialAction\":[{\"@type\":\"SearchAction\",\"target\":{\"@type\":\"EntryPoint\",\"urlTemplate\":\"https:\/\/autobarbosa.com\/es\/?s={search_term_string}\"},\"query-input\":\"required name=search_term_string\"}],\"inLanguage\":\"es\"},{\"@type\":\"Organization\",\"@id\":\"https:\/\/autobarbosa.com\/es\/#organization\",\"name\":\"Auto Barbosa\",\"url\":\"https:\/\/autobarbosa.com\/es\/\",\"logo\":{\"@type\":\"ImageObject\",\"inLanguage\":\"es\",\"@id\":\"https:\/\/autobarbosa.com\/es\/#\/schema\/logo\/image\/\",\"url\":\"https:\/\/autobarbosa.com\/wp-content\/uploads\/2023\/03\/AUTO-BARBOSA-LOGO-1-e1678715539111.png\",\"contentUrl\":\"https:\/\/autobarbosa.com\/wp-content\/uploads\/2023\/03\/AUTO-BARBOSA-LOGO-1-e1678715539111.png\",\"width\":3233,\"height\":3233,\"caption\":\"Auto Barbosa\"},\"image\":{\"@id\":\"https:\/\/autobarbosa.com\/es\/#\/schema\/logo\/image\/\"},\"sameAs\":[\"https:\/\/www.facebook.com\/autobarbosaoficina\",\"https:\/\/www.instagram.com\/autobarbosa.oficina\/\"]}]}<\/script>\n<!-- \/ Yoast SEO plugin. -->","yoast_head_json":{"title":"PROTEC\u00c7\u00c3O ROLL BAR SPARCO - DIAM. 45MM - FIA - (PAR) Comprimento: 500mm Cada - Auto Barbosa","robots":{"index":"index","follow":"follow","max-snippet":"max-snippet:-1","max-image-preview":"max-image-preview:large","max-video-preview":"max-video-preview:-1"},"canonical":"https:\/\/autobarbosa.com\/es\/produto\/proteccao-roll-bar-sparco-diam-45mm-fia-par-comprimento-500mm-cada\/","og_locale":"es_ES","og_type":"article","og_title":"PROTEC\u00c7\u00c3O ROLL BAR SPARCO - DIAM. 45MM - FIA - (PAR) Comprimento: 500mm Cada - Auto Barbosa","og_description":"Prote\u00e7\u00e3o do roll bar SPARCO FIA - o par  de coxins Fireproof do roll bar, homologados pela FIA. Obrigat\u00f3rio para os grupos N, A, R, GT e F2000 a partir de 01\/01\/2018.  Consertos com rilsans ref. 30262 e fita dupla face ref. 35309 vendido separadamente. NORMAS DE MELHORIA DE ROPS: Cada estofamento deve ser fixado de forma que n\u00e3o possa se mover em rela\u00e7\u00e3o ao tubo.  Di\u00e2metros dispon\u00edveis: 35 mm, 38\/40 mm, 45 mm e 50 mm. Comprimento: 500mm. Vendido em pares. Dispon\u00edvel apenas em preto.","og_url":"https:\/\/autobarbosa.com\/es\/produto\/proteccao-roll-bar-sparco-diam-45mm-fia-par-comprimento-500mm-cada\/","og_site_name":"Auto Barbosa","article_publisher":"https:\/\/www.facebook.com\/autobarbosaoficina","twitter_card":"summary_large_image","schema":{"@context":"https:\/\/schema.org","@graph":[{"@type":"WebPage","@id":"https:\/\/autobarbosa.com\/es\/produto\/proteccao-roll-bar-sparco-diam-45mm-fia-par-comprimento-500mm-cada\/","url":"https:\/\/autobarbosa.com\/es\/produto\/proteccao-roll-bar-sparco-diam-45mm-fia-par-comprimento-500mm-cada\/","name":"PROTEC\u00c7\u00c3O ROLL BAR SPARCO - DIAM. 45MM - FIA - (PAR) Comprimento: 500mm Cada - Auto Barbosa","isPartOf":{"@id":"https:\/\/autobarbosa.com\/es\/#website"},"datePublished":"2025-12-16T08:16:01+00:00","dateModified":"2025-12-16T08:16:01+00:00","breadcrumb":{"@id":"https:\/\/autobarbosa.com\/es\/produto\/proteccao-roll-bar-sparco-diam-45mm-fia-par-comprimento-500mm-cada\/#breadcrumb"},"inLanguage":"es","potentialAction":[{"@type":"ReadAction","target":["https:\/\/autobarbosa.com\/es\/produto\/proteccao-roll-bar-sparco-diam-45mm-fia-par-comprimento-500mm-cada\/"]}]},{"@type":"BreadcrumbList","@id":"https:\/\/autobarbosa.com\/es\/produto\/proteccao-roll-bar-sparco-diam-45mm-fia-par-comprimento-500mm-cada\/#breadcrumb","itemListElement":[{"@type":"ListItem","position":1,"name":"In\u00edcio","item":"https:\/\/autobarbosa.com\/es\/"},{"@type":"ListItem","position":2,"name":"Loja","item":"https:\/\/autobarbosa.com\/"},{"@type":"ListItem","position":3,"name":"PROTEC\u00c7\u00c3O ROLL BAR SPARCO &#8211; DIAM. 45MM &#8211; FIA &#8211; (PAR) Comprimento: 500mm Cada"}]},{"@type":"WebSite","@id":"https:\/\/autobarbosa.com\/es\/#website","url":"https:\/\/autobarbosa.com\/es\/","name":"Auto Barbosa","description":"Site institucional","publisher":{"@id":"https:\/\/autobarbosa.com\/es\/#organization"},"potentialAction":[{"@type":"SearchAction","target":{"@type":"EntryPoint","urlTemplate":"https:\/\/autobarbosa.com\/es\/?s={search_term_string}"},"query-input":"required name=search_term_string"}],"inLanguage":"es"},{"@type":"Organization","@id":"https:\/\/autobarbosa.com\/es\/#organization","name":"Auto Barbosa","url":"https:\/\/autobarbosa.com\/es\/","logo":{"@type":"ImageObject","inLanguage":"es","@id":"https:\/\/autobarbosa.com\/es\/#\/schema\/logo\/image\/","url":"https:\/\/autobarbosa.com\/wp-content\/uploads\/2023\/03\/AUTO-BARBOSA-LOGO-1-e1678715539111.png","contentUrl":"https:\/\/autobarbosa.com\/wp-content\/uploads\/2023\/03\/AUTO-BARBOSA-LOGO-1-e1678715539111.png","width":3233,"height":3233,"caption":"Auto Barbosa"},"image":{"@id":"https:\/\/autobarbosa.com\/es\/#\/schema\/logo\/image\/"},"sameAs":["https:\/\/www.facebook.com\/autobarbosaoficina","https:\/\/www.instagram.com\/autobarbosa.oficina\/"]}]}},"_links":{"self":[{"href":"https:\/\/autobarbosa.com\/es\/wp-json\/wp\/v3\/product\/21524","targetHints":{"allow":["GET"]}}],"collection":[{"href":"https:\/\/autobarbosa.com\/es\/wp-json\/wp\/v3\/product"}],"about":[{"href":"https:\/\/autobarbosa.com\/es\/wp-json\/wp\/v2\/types\/product"}],"wp:attachment":[{"href":"https:\/\/autobarbosa.com\/es\/wp-json\/wp\/v2\/media?parent=21524"}],"wp:term":[{"taxonomy":"product_cat","embeddable":true,"href":"https:\/\/autobarbosa.com\/es\/wp-json\/wp\/v2\/product_cat?post=21524"},{"taxonomy":"product_tag","embeddable":true,"href":"https:\/\/autobarbosa.com\/es\/wp-json\/wp\/v2\/product_tag?post=21524"},{"taxonomy":"marca","embeddable":true,"href":"https:\/\/autobarbosa.com\/es\/wp-json\/wp\/v2\/marca?post=21524"}],"curies":[{"name":"wp","href":"https:\/\/api.w.org\/{rel}","templated":true}]}}