{"id":21792,"date":"2025-12-16T07:17:27","date_gmt":"2025-12-16T08:17:27","guid":{"rendered":"https:\/\/autobarbosa.com\/produto\/cintos-competicao-sparco-h3-h-32-6-pontos-fia-8853-2016-vermelho\/"},"modified":"2026-04-22T07:17:53","modified_gmt":"2026-04-22T07:17:53","slug":"cintos-competicao-sparco-h3-h-32-6-pontos-fia-8853-2016-vermelho","status":"publish","type":"product","link":"https:\/\/autobarbosa.com\/es\/produto\/cintos-competicao-sparco-h3-h-32-6-pontos-fia-8853-2016-vermelho\/","title":{"rendered":"CINTOS COMPETI\u00c7\u00c3O SPARCO H3 H-3+2 6 PONTOS &#8211; FIA 8853-2016 Vermelho"},"content":{"rendered":"<p>Cintos SPARCO Competition H-3+2 de 6 pontos FIA 8853-2016 Vermelho<\/p>\n<p>Os arneses da marca SPARCO s\u00e3o essenciais no automobilismo. Eles garantem seguran\u00e7a ideal para pilotos e co-pilotos.<\/p>\n<p>Aplica\u00e7\u00e3o: Rally\/Touring\/GT.<br \/>\nAjustadores: A\u00e7o.<br \/>\nLargura da al\u00e7a de ombro: 3&#8221;\/2&#8221;.<br \/>\nLargura das al\u00e7as na cintura: 3&#8221;.<br \/>\nTipo de fixa\u00e7\u00e3o: Mosquet\u00f5es ou em arco.<br \/>\nAprova\u00e7\u00e3o: FIA 8853-2016.<br \/>\nSistema de ajuste: Pull Up.<br \/>\nEspec\u00edfico para FCF\/HANS\u00ae.<\/p>\n","protected":false},"excerpt":{"rendered":"<p>Cintos SPARCO Competition H-3+2 de 6 pontos FIA 8853-2016 Vermelho<\/p>\n<p>Os arneses da marca SPARCO s\u00e3o essenciais no automobilismo. Eles garantem seguran\u00e7a ideal para pilotos e co-pilotos.<\/p>\n<p>Aplica\u00e7\u00e3o: Rally\/Touring\/GT.<br \/>\nAjustadores: A\u00e7o.<br \/>\nLargura da al\u00e7a de ombro: 3&#8221;\/2&#8221;.<br \/>\nLargura das al\u00e7as na cintura: 3&#8221;.<br \/>\nTipo de fixa\u00e7\u00e3o: Mosquet\u00f5es ou em arco.<br \/>\nAprova\u00e7\u00e3o: FIA 8853-2016.<br \/>\nSistema de ajuste: Pull Up.<br \/>\nEspec\u00edfico para FCF\/HANS\u00ae.<\/p>\n","protected":false},"featured_media":21788,"template":"","meta":[],"product_cat":[535],"product_tag":[],"marca":[172],"class_list":["post-21792","product","type-product","status-publish","has-post-thumbnail","hentry","product_cat-cintos","marca-sparco"],"yoast_head":"<!-- This site is optimized with the Yoast SEO plugin v20.5 - https:\/\/yoast.com\/wordpress\/plugins\/seo\/ -->\n<title>CINTOS COMPETI\u00c7\u00c3O SPARCO H3 H-3+2 6 PONTOS - FIA 8853-2016 Vermelho - Auto Barbosa<\/title>\n<meta name=\"robots\" content=\"index, follow, max-snippet:-1, max-image-preview:large, max-video-preview:-1\" \/>\n<link rel=\"canonical\" href=\"https:\/\/autobarbosa.com\/es\/produto\/cintos-competicao-sparco-h3-h-32-6-pontos-fia-8853-2016-vermelho\/\" \/>\n<meta property=\"og:locale\" content=\"es_ES\" \/>\n<meta property=\"og:type\" content=\"article\" \/>\n<meta property=\"og:title\" content=\"CINTOS COMPETI\u00c7\u00c3O SPARCO H3 H-3+2 6 PONTOS - FIA 8853-2016 Vermelho - Auto Barbosa\" \/>\n<meta property=\"og:description\" content=\"Cintos SPARCO Competition H-3+2 de 6 pontos FIA 8853-2016 Vermelho  Os arneses da marca SPARCO s\u00e3o essenciais no automobilismo. Eles garantem seguran\u00e7a ideal para pilotos e co-pilotos.  Aplica\u00e7\u00e3o: Rally\/Touring\/GT. Ajustadores: A\u00e7o. Largura da al\u00e7a de ombro: 3&#039;&#039;\/2&#039;&#039;. Largura das al\u00e7as na cintura: 3&#039;&#039;. Tipo de fixa\u00e7\u00e3o: Mosquet\u00f5es ou em arco. Aprova\u00e7\u00e3o: FIA 8853-2016. Sistema de ajuste: Pull Up. Espec\u00edfico para FCF\/HANS\u00ae.\" \/>\n<meta property=\"og:url\" content=\"https:\/\/autobarbosa.com\/es\/produto\/cintos-competicao-sparco-h3-h-32-6-pontos-fia-8853-2016-vermelho\/\" \/>\n<meta property=\"og:site_name\" content=\"Auto Barbosa\" \/>\n<meta property=\"article:publisher\" content=\"https:\/\/www.facebook.com\/autobarbosaoficina\" \/>\n<meta property=\"article:modified_time\" content=\"2026-04-22T07:17:53+00:00\" \/>\n<meta property=\"og:image\" content=\"https:\/\/autobarbosa.com\/wp-content\/uploads\/2025\/12\/8sp04818rh1rs.png\" \/>\n\t<meta property=\"og:image:width\" content=\"800\" \/>\n\t<meta property=\"og:image:height\" content=\"800\" \/>\n\t<meta property=\"og:image:type\" content=\"image\/png\" \/>\n<meta name=\"twitter:card\" content=\"summary_large_image\" \/>\n<script type=\"application\/ld+json\" class=\"yoast-schema-graph\">{\"@context\":\"https:\/\/schema.org\",\"@graph\":[{\"@type\":\"WebPage\",\"@id\":\"https:\/\/autobarbosa.com\/es\/produto\/cintos-competicao-sparco-h3-h-32-6-pontos-fia-8853-2016-vermelho\/\",\"url\":\"https:\/\/autobarbosa.com\/es\/produto\/cintos-competicao-sparco-h3-h-32-6-pontos-fia-8853-2016-vermelho\/\",\"name\":\"CINTOS COMPETI\u00c7\u00c3O SPARCO H3 H-3+2 6 PONTOS - FIA 8853-2016 Vermelho - Auto Barbosa\",\"isPartOf\":{\"@id\":\"https:\/\/autobarbosa.com\/es\/#website\"},\"datePublished\":\"2025-12-16T08:17:27+00:00\",\"dateModified\":\"2026-04-22T07:17:53+00:00\",\"breadcrumb\":{\"@id\":\"https:\/\/autobarbosa.com\/es\/produto\/cintos-competicao-sparco-h3-h-32-6-pontos-fia-8853-2016-vermelho\/#breadcrumb\"},\"inLanguage\":\"es\",\"potentialAction\":[{\"@type\":\"ReadAction\",\"target\":[\"https:\/\/autobarbosa.com\/es\/produto\/cintos-competicao-sparco-h3-h-32-6-pontos-fia-8853-2016-vermelho\/\"]}]},{\"@type\":\"BreadcrumbList\",\"@id\":\"https:\/\/autobarbosa.com\/es\/produto\/cintos-competicao-sparco-h3-h-32-6-pontos-fia-8853-2016-vermelho\/#breadcrumb\",\"itemListElement\":[{\"@type\":\"ListItem\",\"position\":1,\"name\":\"In\u00edcio\",\"item\":\"https:\/\/autobarbosa.com\/es\/\"},{\"@type\":\"ListItem\",\"position\":2,\"name\":\"Loja\",\"item\":\"https:\/\/autobarbosa.com\/\"},{\"@type\":\"ListItem\",\"position\":3,\"name\":\"CINTOS COMPETI\u00c7\u00c3O SPARCO H3 H-3+2 6 PONTOS &#8211; FIA 8853-2016 Vermelho\"}]},{\"@type\":\"WebSite\",\"@id\":\"https:\/\/autobarbosa.com\/es\/#website\",\"url\":\"https:\/\/autobarbosa.com\/es\/\",\"name\":\"Auto Barbosa\",\"description\":\"Site institucional\",\"publisher\":{\"@id\":\"https:\/\/autobarbosa.com\/es\/#organization\"},\"potentialAction\":[{\"@type\":\"SearchAction\",\"target\":{\"@type\":\"EntryPoint\",\"urlTemplate\":\"https:\/\/autobarbosa.com\/es\/?s={search_term_string}\"},\"query-input\":\"required name=search_term_string\"}],\"inLanguage\":\"es\"},{\"@type\":\"Organization\",\"@id\":\"https:\/\/autobarbosa.com\/es\/#organization\",\"name\":\"Auto Barbosa\",\"url\":\"https:\/\/autobarbosa.com\/es\/\",\"logo\":{\"@type\":\"ImageObject\",\"inLanguage\":\"es\",\"@id\":\"https:\/\/autobarbosa.com\/es\/#\/schema\/logo\/image\/\",\"url\":\"https:\/\/autobarbosa.com\/wp-content\/uploads\/2023\/03\/AUTO-BARBOSA-LOGO-1-e1678715539111.png\",\"contentUrl\":\"https:\/\/autobarbosa.com\/wp-content\/uploads\/2023\/03\/AUTO-BARBOSA-LOGO-1-e1678715539111.png\",\"width\":3233,\"height\":3233,\"caption\":\"Auto Barbosa\"},\"image\":{\"@id\":\"https:\/\/autobarbosa.com\/es\/#\/schema\/logo\/image\/\"},\"sameAs\":[\"https:\/\/www.facebook.com\/autobarbosaoficina\",\"https:\/\/www.instagram.com\/autobarbosa.oficina\/\"]}]}<\/script>\n<!-- \/ Yoast SEO plugin. -->","yoast_head_json":{"title":"CINTOS COMPETI\u00c7\u00c3O SPARCO H3 H-3+2 6 PONTOS - FIA 8853-2016 Vermelho - Auto Barbosa","robots":{"index":"index","follow":"follow","max-snippet":"max-snippet:-1","max-image-preview":"max-image-preview:large","max-video-preview":"max-video-preview:-1"},"canonical":"https:\/\/autobarbosa.com\/es\/produto\/cintos-competicao-sparco-h3-h-32-6-pontos-fia-8853-2016-vermelho\/","og_locale":"es_ES","og_type":"article","og_title":"CINTOS COMPETI\u00c7\u00c3O SPARCO H3 H-3+2 6 PONTOS - FIA 8853-2016 Vermelho - Auto Barbosa","og_description":"Cintos SPARCO Competition H-3+2 de 6 pontos FIA 8853-2016 Vermelho  Os arneses da marca SPARCO s\u00e3o essenciais no automobilismo. Eles garantem seguran\u00e7a ideal para pilotos e co-pilotos.  Aplica\u00e7\u00e3o: Rally\/Touring\/GT. Ajustadores: A\u00e7o. Largura da al\u00e7a de ombro: 3''\/2''. Largura das al\u00e7as na cintura: 3''. Tipo de fixa\u00e7\u00e3o: Mosquet\u00f5es ou em arco. Aprova\u00e7\u00e3o: FIA 8853-2016. Sistema de ajuste: Pull Up. Espec\u00edfico para FCF\/HANS\u00ae.","og_url":"https:\/\/autobarbosa.com\/es\/produto\/cintos-competicao-sparco-h3-h-32-6-pontos-fia-8853-2016-vermelho\/","og_site_name":"Auto Barbosa","article_publisher":"https:\/\/www.facebook.com\/autobarbosaoficina","article_modified_time":"2026-04-22T07:17:53+00:00","og_image":[{"width":800,"height":800,"url":"https:\/\/autobarbosa.com\/wp-content\/uploads\/2025\/12\/8sp04818rh1rs.png","type":"image\/png"}],"twitter_card":"summary_large_image","schema":{"@context":"https:\/\/schema.org","@graph":[{"@type":"WebPage","@id":"https:\/\/autobarbosa.com\/es\/produto\/cintos-competicao-sparco-h3-h-32-6-pontos-fia-8853-2016-vermelho\/","url":"https:\/\/autobarbosa.com\/es\/produto\/cintos-competicao-sparco-h3-h-32-6-pontos-fia-8853-2016-vermelho\/","name":"CINTOS COMPETI\u00c7\u00c3O SPARCO H3 H-3+2 6 PONTOS - FIA 8853-2016 Vermelho - Auto Barbosa","isPartOf":{"@id":"https:\/\/autobarbosa.com\/es\/#website"},"datePublished":"2025-12-16T08:17:27+00:00","dateModified":"2026-04-22T07:17:53+00:00","breadcrumb":{"@id":"https:\/\/autobarbosa.com\/es\/produto\/cintos-competicao-sparco-h3-h-32-6-pontos-fia-8853-2016-vermelho\/#breadcrumb"},"inLanguage":"es","potentialAction":[{"@type":"ReadAction","target":["https:\/\/autobarbosa.com\/es\/produto\/cintos-competicao-sparco-h3-h-32-6-pontos-fia-8853-2016-vermelho\/"]}]},{"@type":"BreadcrumbList","@id":"https:\/\/autobarbosa.com\/es\/produto\/cintos-competicao-sparco-h3-h-32-6-pontos-fia-8853-2016-vermelho\/#breadcrumb","itemListElement":[{"@type":"ListItem","position":1,"name":"In\u00edcio","item":"https:\/\/autobarbosa.com\/es\/"},{"@type":"ListItem","position":2,"name":"Loja","item":"https:\/\/autobarbosa.com\/"},{"@type":"ListItem","position":3,"name":"CINTOS COMPETI\u00c7\u00c3O SPARCO H3 H-3+2 6 PONTOS &#8211; FIA 8853-2016 Vermelho"}]},{"@type":"WebSite","@id":"https:\/\/autobarbosa.com\/es\/#website","url":"https:\/\/autobarbosa.com\/es\/","name":"Auto Barbosa","description":"Site institucional","publisher":{"@id":"https:\/\/autobarbosa.com\/es\/#organization"},"potentialAction":[{"@type":"SearchAction","target":{"@type":"EntryPoint","urlTemplate":"https:\/\/autobarbosa.com\/es\/?s={search_term_string}"},"query-input":"required name=search_term_string"}],"inLanguage":"es"},{"@type":"Organization","@id":"https:\/\/autobarbosa.com\/es\/#organization","name":"Auto Barbosa","url":"https:\/\/autobarbosa.com\/es\/","logo":{"@type":"ImageObject","inLanguage":"es","@id":"https:\/\/autobarbosa.com\/es\/#\/schema\/logo\/image\/","url":"https:\/\/autobarbosa.com\/wp-content\/uploads\/2023\/03\/AUTO-BARBOSA-LOGO-1-e1678715539111.png","contentUrl":"https:\/\/autobarbosa.com\/wp-content\/uploads\/2023\/03\/AUTO-BARBOSA-LOGO-1-e1678715539111.png","width":3233,"height":3233,"caption":"Auto Barbosa"},"image":{"@id":"https:\/\/autobarbosa.com\/es\/#\/schema\/logo\/image\/"},"sameAs":["https:\/\/www.facebook.com\/autobarbosaoficina","https:\/\/www.instagram.com\/autobarbosa.oficina\/"]}]}},"_links":{"self":[{"href":"https:\/\/autobarbosa.com\/es\/wp-json\/wp\/v3\/product\/21792","targetHints":{"allow":["GET"]}}],"collection":[{"href":"https:\/\/autobarbosa.com\/es\/wp-json\/wp\/v3\/product"}],"about":[{"href":"https:\/\/autobarbosa.com\/es\/wp-json\/wp\/v2\/types\/product"}],"wp:featuredmedia":[{"embeddable":true,"href":"https:\/\/autobarbosa.com\/es\/wp-json\/wp\/v2\/media\/21788"}],"wp:attachment":[{"href":"https:\/\/autobarbosa.com\/es\/wp-json\/wp\/v2\/media?parent=21792"}],"wp:term":[{"taxonomy":"product_cat","embeddable":true,"href":"https:\/\/autobarbosa.com\/es\/wp-json\/wp\/v2\/product_cat?post=21792"},{"taxonomy":"product_tag","embeddable":true,"href":"https:\/\/autobarbosa.com\/es\/wp-json\/wp\/v2\/product_tag?post=21792"},{"taxonomy":"marca","embeddable":true,"href":"https:\/\/autobarbosa.com\/es\/wp-json\/wp\/v2\/marca?post=21792"}],"curies":[{"name":"wp","href":"https:\/\/api.w.org\/{rel}","templated":true}]}}