{"id":22056,"date":"2025-12-16T07:18:49","date_gmt":"2025-12-16T08:18:49","guid":{"rendered":"https:\/\/autobarbosa.com\/produto\/caderno-de-notas-110-pag-20-5x26-5cm\/"},"modified":"2025-12-16T07:18:49","modified_gmt":"2025-12-16T08:18:49","slug":"caderno-de-notas-110-pag-20-5x26-5cm","status":"publish","type":"product","link":"https:\/\/autobarbosa.com\/es\/produto\/caderno-de-notas-110-pag-20-5x26-5cm\/","title":{"rendered":"CADERNO DE NOTAS 110 PAG. 20.5X26.5CM"},"content":{"rendered":"<p>TURN ONE Notebook<\/p>\n<p>Projetado por co-pilotos para co-pilotos, o TURN ONE Notebook foi testado e aprovado pelos melhores co-pilotos nos mais altos n\u00edveis de automobilismo.<\/p>\n<p>Caracter\u00edsticas:<br \/>\n&#8211; Altura: 26,5 cm.<br \/>\n&#8211; Largura: 20,5 cm.<br \/>\n&#8211; 110 p\u00e1ginas quadriculadas com 5 linhas.<br \/>\n&#8211; 5 divis\u00f3rias.<br \/>\n&#8211; 4 folhas de ponto<br \/>\n&#8211; 24 memorandos t\u00e9cnicos para a configura\u00e7\u00e3o.<br \/>\n&#8211; Mont\u00e1vel e remov\u00edvel.<br \/>\n&#8211; Espiral r\u00edgida em a\u00e7o inox.<br \/>\n&#8211; Capa de papel\u00e3o e verso r\u00edgido.<\/p>\n","protected":false},"excerpt":{"rendered":"<p>TURN ONE Notebook<\/p>\n<p>Projetado por co-pilotos para co-pilotos, o TURN ONE Notebook foi testado e aprovado pelos melhores co-pilotos nos mais altos n\u00edveis de automobilismo.<\/p>\n<p>Caracter\u00edsticas:<br \/>\n&#8211; Altura: 26,5 cm.<br \/>\n&#8211; Largura: 20,5 cm.<br \/>\n&#8211; 110 p\u00e1ginas quadriculadas com 5 linhas.<br \/>\n&#8211; 5 divis\u00f3rias.<br \/>\n&#8211; 4 folhas de ponto<br \/>\n&#8211; 24 memorandos t\u00e9cnicos para a configura\u00e7\u00e3o.<br \/>\n&#8211; Mont\u00e1vel e remov\u00edvel.<br \/>\n&#8211; Espiral r\u00edgida em a\u00e7o inox.<br \/>\n&#8211; Capa de papel\u00e3o e verso r\u00edgido.<\/p>\n","protected":false},"featured_media":0,"template":"","meta":[],"product_cat":[534],"product_tag":[],"marca":[163],"class_list":["post-22056","product","type-product","status-publish","hentry","product_cat-co-piloto","marca-turn-one"],"yoast_head":"<!-- This site is optimized with the Yoast SEO plugin v20.5 - https:\/\/yoast.com\/wordpress\/plugins\/seo\/ -->\n<title>CADERNO DE NOTAS 110 PAG. 20.5X26.5CM - Auto Barbosa<\/title>\n<meta name=\"robots\" content=\"index, follow, max-snippet:-1, max-image-preview:large, max-video-preview:-1\" \/>\n<link rel=\"canonical\" href=\"https:\/\/autobarbosa.com\/es\/produto\/caderno-de-notas-110-pag-20-5x26-5cm\/\" \/>\n<meta property=\"og:locale\" content=\"es_ES\" \/>\n<meta property=\"og:type\" content=\"article\" \/>\n<meta property=\"og:title\" content=\"CADERNO DE NOTAS 110 PAG. 20.5X26.5CM - Auto Barbosa\" \/>\n<meta property=\"og:description\" content=\"TURN ONE Notebook  Projetado por co-pilotos para co-pilotos, o TURN ONE Notebook foi testado e aprovado pelos melhores co-pilotos nos mais altos n\u00edveis de automobilismo.  Caracter\u00edsticas: - Altura: 26,5 cm. - Largura: 20,5 cm. - 110 p\u00e1ginas quadriculadas com 5 linhas. - 5 divis\u00f3rias. - 4 folhas de ponto - 24 memorandos t\u00e9cnicos para a configura\u00e7\u00e3o. - Mont\u00e1vel e remov\u00edvel. - Espiral r\u00edgida em a\u00e7o inox. - Capa de papel\u00e3o e verso r\u00edgido.\" \/>\n<meta property=\"og:url\" content=\"https:\/\/autobarbosa.com\/es\/produto\/caderno-de-notas-110-pag-20-5x26-5cm\/\" \/>\n<meta property=\"og:site_name\" content=\"Auto Barbosa\" \/>\n<meta property=\"article:publisher\" content=\"https:\/\/www.facebook.com\/autobarbosaoficina\" \/>\n<meta name=\"twitter:card\" content=\"summary_large_image\" \/>\n<script type=\"application\/ld+json\" class=\"yoast-schema-graph\">{\"@context\":\"https:\/\/schema.org\",\"@graph\":[{\"@type\":\"WebPage\",\"@id\":\"https:\/\/autobarbosa.com\/es\/produto\/caderno-de-notas-110-pag-20-5x26-5cm\/\",\"url\":\"https:\/\/autobarbosa.com\/es\/produto\/caderno-de-notas-110-pag-20-5x26-5cm\/\",\"name\":\"CADERNO DE NOTAS 110 PAG. 20.5X26.5CM - Auto Barbosa\",\"isPartOf\":{\"@id\":\"https:\/\/autobarbosa.com\/es\/#website\"},\"datePublished\":\"2025-12-16T08:18:49+00:00\",\"dateModified\":\"2025-12-16T08:18:49+00:00\",\"breadcrumb\":{\"@id\":\"https:\/\/autobarbosa.com\/es\/produto\/caderno-de-notas-110-pag-20-5x26-5cm\/#breadcrumb\"},\"inLanguage\":\"es\",\"potentialAction\":[{\"@type\":\"ReadAction\",\"target\":[\"https:\/\/autobarbosa.com\/es\/produto\/caderno-de-notas-110-pag-20-5x26-5cm\/\"]}]},{\"@type\":\"BreadcrumbList\",\"@id\":\"https:\/\/autobarbosa.com\/es\/produto\/caderno-de-notas-110-pag-20-5x26-5cm\/#breadcrumb\",\"itemListElement\":[{\"@type\":\"ListItem\",\"position\":1,\"name\":\"In\u00edcio\",\"item\":\"https:\/\/autobarbosa.com\/es\/\"},{\"@type\":\"ListItem\",\"position\":2,\"name\":\"Loja\",\"item\":\"https:\/\/autobarbosa.com\/\"},{\"@type\":\"ListItem\",\"position\":3,\"name\":\"CADERNO DE NOTAS 110 PAG. 20.5X26.5CM\"}]},{\"@type\":\"WebSite\",\"@id\":\"https:\/\/autobarbosa.com\/es\/#website\",\"url\":\"https:\/\/autobarbosa.com\/es\/\",\"name\":\"Auto Barbosa\",\"description\":\"Site institucional\",\"publisher\":{\"@id\":\"https:\/\/autobarbosa.com\/es\/#organization\"},\"potentialAction\":[{\"@type\":\"SearchAction\",\"target\":{\"@type\":\"EntryPoint\",\"urlTemplate\":\"https:\/\/autobarbosa.com\/es\/?s={search_term_string}\"},\"query-input\":\"required name=search_term_string\"}],\"inLanguage\":\"es\"},{\"@type\":\"Organization\",\"@id\":\"https:\/\/autobarbosa.com\/es\/#organization\",\"name\":\"Auto Barbosa\",\"url\":\"https:\/\/autobarbosa.com\/es\/\",\"logo\":{\"@type\":\"ImageObject\",\"inLanguage\":\"es\",\"@id\":\"https:\/\/autobarbosa.com\/es\/#\/schema\/logo\/image\/\",\"url\":\"https:\/\/autobarbosa.com\/wp-content\/uploads\/2023\/03\/AUTO-BARBOSA-LOGO-1-e1678715539111.png\",\"contentUrl\":\"https:\/\/autobarbosa.com\/wp-content\/uploads\/2023\/03\/AUTO-BARBOSA-LOGO-1-e1678715539111.png\",\"width\":3233,\"height\":3233,\"caption\":\"Auto Barbosa\"},\"image\":{\"@id\":\"https:\/\/autobarbosa.com\/es\/#\/schema\/logo\/image\/\"},\"sameAs\":[\"https:\/\/www.facebook.com\/autobarbosaoficina\",\"https:\/\/www.instagram.com\/autobarbosa.oficina\/\"]}]}<\/script>\n<!-- \/ Yoast SEO plugin. -->","yoast_head_json":{"title":"CADERNO DE NOTAS 110 PAG. 20.5X26.5CM - Auto Barbosa","robots":{"index":"index","follow":"follow","max-snippet":"max-snippet:-1","max-image-preview":"max-image-preview:large","max-video-preview":"max-video-preview:-1"},"canonical":"https:\/\/autobarbosa.com\/es\/produto\/caderno-de-notas-110-pag-20-5x26-5cm\/","og_locale":"es_ES","og_type":"article","og_title":"CADERNO DE NOTAS 110 PAG. 20.5X26.5CM - Auto Barbosa","og_description":"TURN ONE Notebook  Projetado por co-pilotos para co-pilotos, o TURN ONE Notebook foi testado e aprovado pelos melhores co-pilotos nos mais altos n\u00edveis de automobilismo.  Caracter\u00edsticas: - Altura: 26,5 cm. - Largura: 20,5 cm. - 110 p\u00e1ginas quadriculadas com 5 linhas. - 5 divis\u00f3rias. - 4 folhas de ponto - 24 memorandos t\u00e9cnicos para a configura\u00e7\u00e3o. - Mont\u00e1vel e remov\u00edvel. - Espiral r\u00edgida em a\u00e7o inox. - Capa de papel\u00e3o e verso r\u00edgido.","og_url":"https:\/\/autobarbosa.com\/es\/produto\/caderno-de-notas-110-pag-20-5x26-5cm\/","og_site_name":"Auto Barbosa","article_publisher":"https:\/\/www.facebook.com\/autobarbosaoficina","twitter_card":"summary_large_image","schema":{"@context":"https:\/\/schema.org","@graph":[{"@type":"WebPage","@id":"https:\/\/autobarbosa.com\/es\/produto\/caderno-de-notas-110-pag-20-5x26-5cm\/","url":"https:\/\/autobarbosa.com\/es\/produto\/caderno-de-notas-110-pag-20-5x26-5cm\/","name":"CADERNO DE NOTAS 110 PAG. 20.5X26.5CM - Auto Barbosa","isPartOf":{"@id":"https:\/\/autobarbosa.com\/es\/#website"},"datePublished":"2025-12-16T08:18:49+00:00","dateModified":"2025-12-16T08:18:49+00:00","breadcrumb":{"@id":"https:\/\/autobarbosa.com\/es\/produto\/caderno-de-notas-110-pag-20-5x26-5cm\/#breadcrumb"},"inLanguage":"es","potentialAction":[{"@type":"ReadAction","target":["https:\/\/autobarbosa.com\/es\/produto\/caderno-de-notas-110-pag-20-5x26-5cm\/"]}]},{"@type":"BreadcrumbList","@id":"https:\/\/autobarbosa.com\/es\/produto\/caderno-de-notas-110-pag-20-5x26-5cm\/#breadcrumb","itemListElement":[{"@type":"ListItem","position":1,"name":"In\u00edcio","item":"https:\/\/autobarbosa.com\/es\/"},{"@type":"ListItem","position":2,"name":"Loja","item":"https:\/\/autobarbosa.com\/"},{"@type":"ListItem","position":3,"name":"CADERNO DE NOTAS 110 PAG. 20.5X26.5CM"}]},{"@type":"WebSite","@id":"https:\/\/autobarbosa.com\/es\/#website","url":"https:\/\/autobarbosa.com\/es\/","name":"Auto Barbosa","description":"Site institucional","publisher":{"@id":"https:\/\/autobarbosa.com\/es\/#organization"},"potentialAction":[{"@type":"SearchAction","target":{"@type":"EntryPoint","urlTemplate":"https:\/\/autobarbosa.com\/es\/?s={search_term_string}"},"query-input":"required name=search_term_string"}],"inLanguage":"es"},{"@type":"Organization","@id":"https:\/\/autobarbosa.com\/es\/#organization","name":"Auto Barbosa","url":"https:\/\/autobarbosa.com\/es\/","logo":{"@type":"ImageObject","inLanguage":"es","@id":"https:\/\/autobarbosa.com\/es\/#\/schema\/logo\/image\/","url":"https:\/\/autobarbosa.com\/wp-content\/uploads\/2023\/03\/AUTO-BARBOSA-LOGO-1-e1678715539111.png","contentUrl":"https:\/\/autobarbosa.com\/wp-content\/uploads\/2023\/03\/AUTO-BARBOSA-LOGO-1-e1678715539111.png","width":3233,"height":3233,"caption":"Auto Barbosa"},"image":{"@id":"https:\/\/autobarbosa.com\/es\/#\/schema\/logo\/image\/"},"sameAs":["https:\/\/www.facebook.com\/autobarbosaoficina","https:\/\/www.instagram.com\/autobarbosa.oficina\/"]}]}},"_links":{"self":[{"href":"https:\/\/autobarbosa.com\/es\/wp-json\/wp\/v3\/product\/22056","targetHints":{"allow":["GET"]}}],"collection":[{"href":"https:\/\/autobarbosa.com\/es\/wp-json\/wp\/v3\/product"}],"about":[{"href":"https:\/\/autobarbosa.com\/es\/wp-json\/wp\/v2\/types\/product"}],"wp:attachment":[{"href":"https:\/\/autobarbosa.com\/es\/wp-json\/wp\/v2\/media?parent=22056"}],"wp:term":[{"taxonomy":"product_cat","embeddable":true,"href":"https:\/\/autobarbosa.com\/es\/wp-json\/wp\/v2\/product_cat?post=22056"},{"taxonomy":"product_tag","embeddable":true,"href":"https:\/\/autobarbosa.com\/es\/wp-json\/wp\/v2\/product_tag?post=22056"},{"taxonomy":"marca","embeddable":true,"href":"https:\/\/autobarbosa.com\/es\/wp-json\/wp\/v2\/marca?post=22056"}],"curies":[{"name":"wp","href":"https:\/\/api.w.org\/{rel}","templated":true}]}}