{"id":22272,"date":"2025-12-16T07:19:50","date_gmt":"2025-12-16T08:19:50","guid":{"rendered":"https:\/\/autobarbosa.com\/produto\/macaco-hidraulico-rapido-sport-v3-700-kg-pkm\/"},"modified":"2025-12-16T07:19:50","modified_gmt":"2025-12-16T08:19:50","slug":"macaco-hidraulico-rapido-sport-v3-700-kg-pkm","status":"publish","type":"product","link":"https:\/\/autobarbosa.com\/es\/produto\/macaco-hidraulico-rapido-sport-v3-700-kg-pkm\/","title":{"rendered":"MACACO HIDRAULICO RAPIDO SPORT V3 700 KG. PKM"},"content":{"rendered":"<p>Macaco hidr\u00e1ulico PKM Sport Jack V3 700kg<\/p>\n<p>Sport Jack \u00e9 um macaco hidr\u00e1ulico de levantamento r\u00e1pido projetado para levantar todos os tipos de carros de rally com rapidez e seguran\u00e7a.<\/p>\n<p>A mais recente inova\u00e7\u00e3o da PKM, fabricada em Fran\u00e7a, beneficia de uma excelente rela\u00e7\u00e3o qualidade\/pre\u00e7o.<br \/>\nNa verdade, o conector Sport Jack V3 combina leveza, simplicidade, velocidade e seguran\u00e7a.<br \/>\nForte, mas leve, \u00e9 feito de alum\u00ednio e a\u00e7o inoxid\u00e1vel para aeronaves.<br \/>\nSeu peso de 3,2 quilos permite lev\u00e1-lo facilmente no kit de bordo e pode ser fixado em qualquer dire\u00e7\u00e3o sem medo de vazar, enquanto seu p\u00e9 refor\u00e7ado garante sua estabilidade.<\/p>\n<p>Equipado com retorno autom\u00e1tico, o uso do Sport Jack economizar\u00e1 um tempo valioso na troca de rodas.<br \/>\n10 golpes s\u00e3o suficientes para aproveitar a eleva\u00e7\u00e3o m\u00e1xima (320 mm) e apenas 2 segundos s\u00e3o necess\u00e1rios para dobrar completamente o macaco.<br \/>\nAo desbloquear o bot\u00e3o aparafusado, o cilindro retrai-se automaticamente para dentro do macaco para um r\u00e1pido retorno \u00e0 posi\u00e7\u00e3o armazenada ap\u00f3s o uso.<br \/>\nEste macaco \u00e9 ideal para carros que possuem cavaletes laterais.<br \/>\nAl\u00e9m disso, nenhuma ferramenta adicional \u00e9 necess\u00e1ria para us\u00e1-lo.<br \/>\nN\u00famero de s\u00e9rie gravado espec\u00edfico para cada conector.<br \/>\nO QR Code na tomada fornecer\u00e1 todas as informa\u00e7\u00f5es que voc\u00ea precisa.<\/p>\n<p>Tecnologia do jack PKM WRC que j\u00e1 foi comprovada por 3 equipes de prest\u00edgio.<\/p>\n<p>Caracter\u00edsticas t\u00e9cnicas:<br \/>\n\u2022 Curso: 320 mm<br \/>\n\u2022 N\u00famero de cursos para levantamento m\u00e1ximo: 10 cursos<br \/>\n\u2022 Peso: 3,2 kg<br \/>\n\u2022 Bot\u00e3o de regula\u00e7\u00e3o da velocidade de retorno<br \/>\n\u2022 Altura do pino ajust\u00e1vel de 90 a 360 mm (sem ferramentas)<br \/>\n\u2022 Dimens\u00f5es do volume ocupado na posi\u00e7\u00e3o dobrada (mm): 598 x 109 x 132<br \/>\n\u2022 Carga m\u00e1xima: 700 kg<br \/>\n\u2022 Material do corpo: Alum\u00ednio<br \/>\n\u2022 Material do p\u00e9: Alum\u00ednio<\/p>\n<p>Acess\u00f3rios opcionais:<br \/>\n\u2022 Refer\u00eancia de suporte do kit de fixa\u00e7\u00e3o plana: SUPP1AAPKM00200<br \/>\n\u2022 Op\u00e7\u00e3o de arco para prato do kit de fixa\u00e7\u00e3o plana refer\u00eancia: OPARC1AAPKM00200<\/p>\n","protected":false},"excerpt":{"rendered":"<p>Macaco hidr\u00e1ulico PKM Sport Jack V3 700kg<\/p>\n<p>Sport Jack \u00e9 um macaco hidr\u00e1ulico de levantamento r\u00e1pido projetado para levantar todos os tipos de carros de rally com rapidez e seguran\u00e7a.<\/p>\n<p>A mais recente inova\u00e7\u00e3o da PKM, fabricada em Fran\u00e7a, beneficia de uma excelente rela\u00e7\u00e3o qualidade\/pre\u00e7o.<br \/>\nNa verdade, o conector Sport Jack V3 combina leveza, simplicidade, velocidade e seguran\u00e7a.<br \/>\nForte, mas leve, \u00e9 feito de alum\u00ednio e a\u00e7o inoxid\u00e1vel para aeronaves.<br \/>\nSeu peso de 3,2 quilos permite lev\u00e1-lo facilmente no kit de bordo e pode ser fixado em qualquer dire\u00e7\u00e3o sem medo de vazar, enquanto seu p\u00e9 refor\u00e7ado garante sua estabilidade.<\/p>\n<p>Equipado com retorno autom\u00e1tico, o uso do Sport Jack economizar\u00e1 um tempo valioso na troca de rodas.<br \/>\n10 golpes s\u00e3o suficientes para aproveitar a eleva\u00e7\u00e3o m\u00e1xima (320 mm) e apenas 2 segundos s\u00e3o necess\u00e1rios para dobrar completamente o macaco.<br \/>\nAo desbloquear o bot\u00e3o aparafusado, o cilindro retrai-se automaticamente para dentro do macaco para um r\u00e1pido retorno \u00e0 posi\u00e7\u00e3o armazenada ap\u00f3s o uso.<br \/>\nEste macaco \u00e9 ideal para carros que possuem cavaletes laterais.<br \/>\nAl\u00e9m disso, nenhuma ferramenta adicional \u00e9 necess\u00e1ria para us\u00e1-lo.<br \/>\nN\u00famero de s\u00e9rie gravado espec\u00edfico para cada conector.<br \/>\nO QR Code na tomada fornecer\u00e1 todas as informa\u00e7\u00f5es que voc\u00ea precisa.<\/p>\n<p>Tecnologia do jack PKM WRC que j\u00e1 foi comprovada por 3 equipes de prest\u00edgio.<\/p>\n<p>Caracter\u00edsticas t\u00e9cnicas:<br \/>\n\u2022 Curso: 320 mm<br \/>\n\u2022 N\u00famero de cursos para levantamento m\u00e1ximo: 10 cursos<br \/>\n\u2022 Peso: 3,2 kg<br \/>\n\u2022 Bot\u00e3o de regula\u00e7\u00e3o da velocidade de retorno<br \/>\n\u2022 Altura do pino ajust\u00e1vel de 90 a 360 mm (sem ferramentas)<br \/>\n\u2022 Dimens\u00f5es do volume ocupado na posi\u00e7\u00e3o dobrada (mm): 598 x 109 x 132<br \/>\n\u2022 Carga m\u00e1xima: 700 kg<br \/>\n\u2022 Material do corpo: Alum\u00ednio<br \/>\n\u2022 Material do p\u00e9: Alum\u00ednio<\/p>\n<p>Acess\u00f3rios opcionais:<br \/>\n\u2022 Refer\u00eancia de suporte do kit de fixa\u00e7\u00e3o plana: SUPP1AAPKM00200<br \/>\n\u2022 Op\u00e7\u00e3o de arco para prato do kit de fixa\u00e7\u00e3o plana refer\u00eancia: OPARC1AAPKM00200<\/p>\n","protected":false},"featured_media":0,"template":"","meta":[],"product_cat":[560],"product_tag":[],"marca":[905],"class_list":["post-22272","product","type-product","status-publish","hentry","product_cat-macacos-rapidos","marca-pkm"],"yoast_head":"<!-- This site is optimized with the Yoast SEO plugin v20.5 - https:\/\/yoast.com\/wordpress\/plugins\/seo\/ -->\n<title>MACACO HIDRAULICO RAPIDO SPORT V3 700 KG. PKM - Auto Barbosa<\/title>\n<meta name=\"robots\" content=\"index, follow, max-snippet:-1, max-image-preview:large, max-video-preview:-1\" \/>\n<link rel=\"canonical\" href=\"https:\/\/autobarbosa.com\/es\/produto\/macaco-hidraulico-rapido-sport-v3-700-kg-pkm\/\" \/>\n<meta property=\"og:locale\" content=\"es_ES\" \/>\n<meta property=\"og:type\" content=\"article\" \/>\n<meta property=\"og:title\" content=\"MACACO HIDRAULICO RAPIDO SPORT V3 700 KG. PKM - Auto Barbosa\" \/>\n<meta property=\"og:description\" content=\"Macaco hidr\u00e1ulico PKM Sport Jack V3 700kg  Sport Jack \u00e9 um macaco hidr\u00e1ulico de levantamento r\u00e1pido projetado para levantar todos os tipos de carros de rally com rapidez e seguran\u00e7a.  A mais recente inova\u00e7\u00e3o da PKM, fabricada em Fran\u00e7a, beneficia de uma excelente rela\u00e7\u00e3o qualidade\/pre\u00e7o. Na verdade, o conector Sport Jack V3 combina leveza, simplicidade, velocidade e seguran\u00e7a. Forte, mas leve, \u00e9 feito de alum\u00ednio e a\u00e7o inoxid\u00e1vel para aeronaves. Seu peso de 3,2 quilos permite lev\u00e1-lo facilmente no kit de bordo e pode ser fixado em qualquer dire\u00e7\u00e3o sem medo de vazar, enquanto seu p\u00e9 refor\u00e7ado garante sua estabilidade.  Equipado com retorno autom\u00e1tico, o uso do Sport Jack economizar\u00e1 um tempo valioso na troca de rodas. 10 golpes s\u00e3o suficientes para aproveitar a eleva\u00e7\u00e3o m\u00e1xima (320 mm) e apenas 2 segundos s\u00e3o necess\u00e1rios para dobrar completamente o macaco. Ao desbloquear o bot\u00e3o aparafusado, o cilindro retrai-se automaticamente para dentro do macaco para um r\u00e1pido retorno \u00e0 posi\u00e7\u00e3o armazenada ap\u00f3s o uso. Este macaco \u00e9 ideal para carros que possuem cavaletes laterais. Al\u00e9m disso, nenhuma ferramenta adicional \u00e9 necess\u00e1ria para us\u00e1-lo. N\u00famero de s\u00e9rie gravado espec\u00edfico para cada conector. O QR Code na tomada fornecer\u00e1 todas as informa\u00e7\u00f5es que voc\u00ea precisa.  Tecnologia do jack PKM WRC que j\u00e1 foi comprovada por 3 equipes de prest\u00edgio.  Caracter\u00edsticas t\u00e9cnicas: \u2022 Curso: 320 mm \u2022 N\u00famero de cursos para levantamento m\u00e1ximo: 10 cursos \u2022 Peso: 3,2 kg \u2022 Bot\u00e3o de regula\u00e7\u00e3o da velocidade de retorno \u2022 Altura do pino ajust\u00e1vel de 90 a 360 mm (sem ferramentas) \u2022 Dimens\u00f5es do volume ocupado na posi\u00e7\u00e3o dobrada (mm): 598 x 109 x 132 \u2022 Carga m\u00e1xima: 700 kg \u2022 Material do corpo: Alum\u00ednio \u2022 Material do p\u00e9: Alum\u00ednio  Acess\u00f3rios opcionais: \u2022 Refer\u00eancia de suporte do kit de fixa\u00e7\u00e3o plana: SUPP1AAPKM00200 \u2022 Op\u00e7\u00e3o de arco para prato do kit de fixa\u00e7\u00e3o plana refer\u00eancia: OPARC1AAPKM00200\" \/>\n<meta property=\"og:url\" content=\"https:\/\/autobarbosa.com\/es\/produto\/macaco-hidraulico-rapido-sport-v3-700-kg-pkm\/\" \/>\n<meta property=\"og:site_name\" content=\"Auto Barbosa\" \/>\n<meta property=\"article:publisher\" content=\"https:\/\/www.facebook.com\/autobarbosaoficina\" \/>\n<meta name=\"twitter:card\" content=\"summary_large_image\" \/>\n<meta name=\"twitter:label1\" content=\"Tiempo de lectura\" \/>\n\t<meta name=\"twitter:data1\" content=\"2 minutos\" \/>\n<script type=\"application\/ld+json\" class=\"yoast-schema-graph\">{\"@context\":\"https:\/\/schema.org\",\"@graph\":[{\"@type\":\"WebPage\",\"@id\":\"https:\/\/autobarbosa.com\/es\/produto\/macaco-hidraulico-rapido-sport-v3-700-kg-pkm\/\",\"url\":\"https:\/\/autobarbosa.com\/es\/produto\/macaco-hidraulico-rapido-sport-v3-700-kg-pkm\/\",\"name\":\"MACACO HIDRAULICO RAPIDO SPORT V3 700 KG. PKM - Auto Barbosa\",\"isPartOf\":{\"@id\":\"https:\/\/autobarbosa.com\/es\/#website\"},\"datePublished\":\"2025-12-16T08:19:50+00:00\",\"dateModified\":\"2025-12-16T08:19:50+00:00\",\"breadcrumb\":{\"@id\":\"https:\/\/autobarbosa.com\/es\/produto\/macaco-hidraulico-rapido-sport-v3-700-kg-pkm\/#breadcrumb\"},\"inLanguage\":\"es\",\"potentialAction\":[{\"@type\":\"ReadAction\",\"target\":[\"https:\/\/autobarbosa.com\/es\/produto\/macaco-hidraulico-rapido-sport-v3-700-kg-pkm\/\"]}]},{\"@type\":\"BreadcrumbList\",\"@id\":\"https:\/\/autobarbosa.com\/es\/produto\/macaco-hidraulico-rapido-sport-v3-700-kg-pkm\/#breadcrumb\",\"itemListElement\":[{\"@type\":\"ListItem\",\"position\":1,\"name\":\"In\u00edcio\",\"item\":\"https:\/\/autobarbosa.com\/es\/\"},{\"@type\":\"ListItem\",\"position\":2,\"name\":\"Loja\",\"item\":\"https:\/\/autobarbosa.com\/\"},{\"@type\":\"ListItem\",\"position\":3,\"name\":\"MACACO HIDRAULICO RAPIDO SPORT V3 700 KG. PKM\"}]},{\"@type\":\"WebSite\",\"@id\":\"https:\/\/autobarbosa.com\/es\/#website\",\"url\":\"https:\/\/autobarbosa.com\/es\/\",\"name\":\"Auto Barbosa\",\"description\":\"Site institucional\",\"publisher\":{\"@id\":\"https:\/\/autobarbosa.com\/es\/#organization\"},\"potentialAction\":[{\"@type\":\"SearchAction\",\"target\":{\"@type\":\"EntryPoint\",\"urlTemplate\":\"https:\/\/autobarbosa.com\/es\/?s={search_term_string}\"},\"query-input\":\"required name=search_term_string\"}],\"inLanguage\":\"es\"},{\"@type\":\"Organization\",\"@id\":\"https:\/\/autobarbosa.com\/es\/#organization\",\"name\":\"Auto Barbosa\",\"url\":\"https:\/\/autobarbosa.com\/es\/\",\"logo\":{\"@type\":\"ImageObject\",\"inLanguage\":\"es\",\"@id\":\"https:\/\/autobarbosa.com\/es\/#\/schema\/logo\/image\/\",\"url\":\"https:\/\/autobarbosa.com\/wp-content\/uploads\/2023\/03\/AUTO-BARBOSA-LOGO-1-e1678715539111.png\",\"contentUrl\":\"https:\/\/autobarbosa.com\/wp-content\/uploads\/2023\/03\/AUTO-BARBOSA-LOGO-1-e1678715539111.png\",\"width\":3233,\"height\":3233,\"caption\":\"Auto Barbosa\"},\"image\":{\"@id\":\"https:\/\/autobarbosa.com\/es\/#\/schema\/logo\/image\/\"},\"sameAs\":[\"https:\/\/www.facebook.com\/autobarbosaoficina\",\"https:\/\/www.instagram.com\/autobarbosa.oficina\/\"]}]}<\/script>\n<!-- \/ Yoast SEO plugin. -->","yoast_head_json":{"title":"MACACO HIDRAULICO RAPIDO SPORT V3 700 KG. PKM - Auto Barbosa","robots":{"index":"index","follow":"follow","max-snippet":"max-snippet:-1","max-image-preview":"max-image-preview:large","max-video-preview":"max-video-preview:-1"},"canonical":"https:\/\/autobarbosa.com\/es\/produto\/macaco-hidraulico-rapido-sport-v3-700-kg-pkm\/","og_locale":"es_ES","og_type":"article","og_title":"MACACO HIDRAULICO RAPIDO SPORT V3 700 KG. PKM - Auto Barbosa","og_description":"Macaco hidr\u00e1ulico PKM Sport Jack V3 700kg  Sport Jack \u00e9 um macaco hidr\u00e1ulico de levantamento r\u00e1pido projetado para levantar todos os tipos de carros de rally com rapidez e seguran\u00e7a.  A mais recente inova\u00e7\u00e3o da PKM, fabricada em Fran\u00e7a, beneficia de uma excelente rela\u00e7\u00e3o qualidade\/pre\u00e7o. Na verdade, o conector Sport Jack V3 combina leveza, simplicidade, velocidade e seguran\u00e7a. Forte, mas leve, \u00e9 feito de alum\u00ednio e a\u00e7o inoxid\u00e1vel para aeronaves. Seu peso de 3,2 quilos permite lev\u00e1-lo facilmente no kit de bordo e pode ser fixado em qualquer dire\u00e7\u00e3o sem medo de vazar, enquanto seu p\u00e9 refor\u00e7ado garante sua estabilidade.  Equipado com retorno autom\u00e1tico, o uso do Sport Jack economizar\u00e1 um tempo valioso na troca de rodas. 10 golpes s\u00e3o suficientes para aproveitar a eleva\u00e7\u00e3o m\u00e1xima (320 mm) e apenas 2 segundos s\u00e3o necess\u00e1rios para dobrar completamente o macaco. Ao desbloquear o bot\u00e3o aparafusado, o cilindro retrai-se automaticamente para dentro do macaco para um r\u00e1pido retorno \u00e0 posi\u00e7\u00e3o armazenada ap\u00f3s o uso. Este macaco \u00e9 ideal para carros que possuem cavaletes laterais. Al\u00e9m disso, nenhuma ferramenta adicional \u00e9 necess\u00e1ria para us\u00e1-lo. N\u00famero de s\u00e9rie gravado espec\u00edfico para cada conector. O QR Code na tomada fornecer\u00e1 todas as informa\u00e7\u00f5es que voc\u00ea precisa.  Tecnologia do jack PKM WRC que j\u00e1 foi comprovada por 3 equipes de prest\u00edgio.  Caracter\u00edsticas t\u00e9cnicas: \u2022 Curso: 320 mm \u2022 N\u00famero de cursos para levantamento m\u00e1ximo: 10 cursos \u2022 Peso: 3,2 kg \u2022 Bot\u00e3o de regula\u00e7\u00e3o da velocidade de retorno \u2022 Altura do pino ajust\u00e1vel de 90 a 360 mm (sem ferramentas) \u2022 Dimens\u00f5es do volume ocupado na posi\u00e7\u00e3o dobrada (mm): 598 x 109 x 132 \u2022 Carga m\u00e1xima: 700 kg \u2022 Material do corpo: Alum\u00ednio \u2022 Material do p\u00e9: Alum\u00ednio  Acess\u00f3rios opcionais: \u2022 Refer\u00eancia de suporte do kit de fixa\u00e7\u00e3o plana: SUPP1AAPKM00200 \u2022 Op\u00e7\u00e3o de arco para prato do kit de fixa\u00e7\u00e3o plana refer\u00eancia: OPARC1AAPKM00200","og_url":"https:\/\/autobarbosa.com\/es\/produto\/macaco-hidraulico-rapido-sport-v3-700-kg-pkm\/","og_site_name":"Auto Barbosa","article_publisher":"https:\/\/www.facebook.com\/autobarbosaoficina","twitter_card":"summary_large_image","twitter_misc":{"Tiempo de lectura":"2 minutos"},"schema":{"@context":"https:\/\/schema.org","@graph":[{"@type":"WebPage","@id":"https:\/\/autobarbosa.com\/es\/produto\/macaco-hidraulico-rapido-sport-v3-700-kg-pkm\/","url":"https:\/\/autobarbosa.com\/es\/produto\/macaco-hidraulico-rapido-sport-v3-700-kg-pkm\/","name":"MACACO HIDRAULICO RAPIDO SPORT V3 700 KG. PKM - Auto Barbosa","isPartOf":{"@id":"https:\/\/autobarbosa.com\/es\/#website"},"datePublished":"2025-12-16T08:19:50+00:00","dateModified":"2025-12-16T08:19:50+00:00","breadcrumb":{"@id":"https:\/\/autobarbosa.com\/es\/produto\/macaco-hidraulico-rapido-sport-v3-700-kg-pkm\/#breadcrumb"},"inLanguage":"es","potentialAction":[{"@type":"ReadAction","target":["https:\/\/autobarbosa.com\/es\/produto\/macaco-hidraulico-rapido-sport-v3-700-kg-pkm\/"]}]},{"@type":"BreadcrumbList","@id":"https:\/\/autobarbosa.com\/es\/produto\/macaco-hidraulico-rapido-sport-v3-700-kg-pkm\/#breadcrumb","itemListElement":[{"@type":"ListItem","position":1,"name":"In\u00edcio","item":"https:\/\/autobarbosa.com\/es\/"},{"@type":"ListItem","position":2,"name":"Loja","item":"https:\/\/autobarbosa.com\/"},{"@type":"ListItem","position":3,"name":"MACACO HIDRAULICO RAPIDO SPORT V3 700 KG. PKM"}]},{"@type":"WebSite","@id":"https:\/\/autobarbosa.com\/es\/#website","url":"https:\/\/autobarbosa.com\/es\/","name":"Auto Barbosa","description":"Site institucional","publisher":{"@id":"https:\/\/autobarbosa.com\/es\/#organization"},"potentialAction":[{"@type":"SearchAction","target":{"@type":"EntryPoint","urlTemplate":"https:\/\/autobarbosa.com\/es\/?s={search_term_string}"},"query-input":"required name=search_term_string"}],"inLanguage":"es"},{"@type":"Organization","@id":"https:\/\/autobarbosa.com\/es\/#organization","name":"Auto Barbosa","url":"https:\/\/autobarbosa.com\/es\/","logo":{"@type":"ImageObject","inLanguage":"es","@id":"https:\/\/autobarbosa.com\/es\/#\/schema\/logo\/image\/","url":"https:\/\/autobarbosa.com\/wp-content\/uploads\/2023\/03\/AUTO-BARBOSA-LOGO-1-e1678715539111.png","contentUrl":"https:\/\/autobarbosa.com\/wp-content\/uploads\/2023\/03\/AUTO-BARBOSA-LOGO-1-e1678715539111.png","width":3233,"height":3233,"caption":"Auto Barbosa"},"image":{"@id":"https:\/\/autobarbosa.com\/es\/#\/schema\/logo\/image\/"},"sameAs":["https:\/\/www.facebook.com\/autobarbosaoficina","https:\/\/www.instagram.com\/autobarbosa.oficina\/"]}]}},"_links":{"self":[{"href":"https:\/\/autobarbosa.com\/es\/wp-json\/wp\/v3\/product\/22272","targetHints":{"allow":["GET"]}}],"collection":[{"href":"https:\/\/autobarbosa.com\/es\/wp-json\/wp\/v3\/product"}],"about":[{"href":"https:\/\/autobarbosa.com\/es\/wp-json\/wp\/v2\/types\/product"}],"wp:attachment":[{"href":"https:\/\/autobarbosa.com\/es\/wp-json\/wp\/v2\/media?parent=22272"}],"wp:term":[{"taxonomy":"product_cat","embeddable":true,"href":"https:\/\/autobarbosa.com\/es\/wp-json\/wp\/v2\/product_cat?post=22272"},{"taxonomy":"product_tag","embeddable":true,"href":"https:\/\/autobarbosa.com\/es\/wp-json\/wp\/v2\/product_tag?post=22272"},{"taxonomy":"marca","embeddable":true,"href":"https:\/\/autobarbosa.com\/es\/wp-json\/wp\/v2\/marca?post=22272"}],"curies":[{"name":"wp","href":"https:\/\/api.w.org\/{rel}","templated":true}]}}