{"id":22432,"date":"2025-12-16T07:20:40","date_gmt":"2025-12-16T08:20:40","guid":{"rendered":"https:\/\/autobarbosa.com\/produto\/bomba-principal-ap-racing-cp2623-d19-10mm-5-16unf-lg160mm\/"},"modified":"2026-04-21T19:21:40","modified_gmt":"2026-04-21T19:21:40","slug":"bomba-principal-ap-racing-cp2623-d19-10mm-5-16unf-lg160mm","status":"publish","type":"product","link":"https:\/\/autobarbosa.com\/es\/produto\/bomba-principal-ap-racing-cp2623-d19-10mm-5-16unf-lg160mm\/","title":{"rendered":"BOMBA PRINCIPAL AP RACING &#8211; CP2623 D19.10mm 5\/16UNF LG160mm"},"content":{"rendered":"<p>Cilindro Mestre AP Racing CP2623-92PRT160 D19,10mm 5\/16UNF LG160mm<\/p>\n<p>S\u00e9rie: CP2623<br \/>\nCurso m\u00e1ximo: 25,4mm<br \/>\nPeso: 0,31Kg<br \/>\nDi\u00e2metro do pist\u00e3o: 19,10mm<br \/>\nTipo de empurrar\/puxar: Empurrar<br \/>\nCor do colar: Verde<br \/>\nReservat\u00f3rio n\u00e3o inclu\u00eddo<\/p>\n<p>Tipo de haste: 5\/16UNF<br \/>\nComprimento da haste: LG160mm Rosca<br \/>\n&#8211; entrada: 7\/16&#8243; x 20UNF<br \/>\nRosca &#8211; sa\u00edda: 3\/8&#8243; x 24UNF<\/p>\n<p>N\u00famero da pe\u00e7a AP Racing: CP2623-92PRT160<\/p>\n","protected":false},"excerpt":{"rendered":"<p>Cilindro Mestre AP Racing CP2623-92PRT160 D19,10mm 5\/16UNF LG160mm<\/p>\n<p>S\u00e9rie: CP2623<br \/>\nCurso m\u00e1ximo: 25,4mm<br \/>\nPeso: 0,31Kg<br \/>\nDi\u00e2metro do pist\u00e3o: 19,10mm<br \/>\nTipo de empurrar\/puxar: Empurrar<br \/>\nCor do colar: Verde<br \/>\nReservat\u00f3rio n\u00e3o inclu\u00eddo<\/p>\n<p>Tipo de haste: 5\/16UNF<br \/>\nComprimento da haste: LG160mm Rosca<br \/>\n&#8211; entrada: 7\/16&#8243; x 20UNF<br \/>\nRosca &#8211; sa\u00edda: 3\/8&#8243; x 24UNF<\/p>\n<p>N\u00famero da pe\u00e7a AP Racing: CP2623-92PRT160<\/p>\n","protected":false},"featured_media":22428,"template":"","meta":[],"product_cat":[521],"product_tag":[],"marca":[901],"class_list":["post-22432","product","type-product","status-publish","has-post-thumbnail","hentry","product_cat-bombas-travoes-principal","marca-ap-racing"],"yoast_head":"<!-- This site is optimized with the Yoast SEO plugin v20.5 - https:\/\/yoast.com\/wordpress\/plugins\/seo\/ -->\n<title>BOMBA PRINCIPAL AP RACING - CP2623 D19.10mm 5\/16UNF LG160mm - Auto Barbosa<\/title>\n<meta name=\"robots\" content=\"index, follow, max-snippet:-1, max-image-preview:large, max-video-preview:-1\" \/>\n<link rel=\"canonical\" href=\"https:\/\/autobarbosa.com\/es\/produto\/bomba-principal-ap-racing-cp2623-d19-10mm-5-16unf-lg160mm\/\" \/>\n<meta property=\"og:locale\" content=\"es_ES\" \/>\n<meta property=\"og:type\" content=\"article\" \/>\n<meta property=\"og:title\" content=\"BOMBA PRINCIPAL AP RACING - CP2623 D19.10mm 5\/16UNF LG160mm - Auto Barbosa\" \/>\n<meta property=\"og:description\" content=\"Cilindro Mestre AP Racing CP2623-92PRT160 D19,10mm 5\/16UNF LG160mm  S\u00e9rie: CP2623 Curso m\u00e1ximo: 25,4mm Peso: 0,31Kg Di\u00e2metro do pist\u00e3o: 19,10mm Tipo de empurrar\/puxar: Empurrar Cor do colar: Verde Reservat\u00f3rio n\u00e3o inclu\u00eddo  Tipo de haste: 5\/16UNF Comprimento da haste: LG160mm Rosca - entrada: 7\/16&quot; x 20UNF Rosca - sa\u00edda: 3\/8&quot; x 24UNF  N\u00famero da pe\u00e7a AP Racing: CP2623-92PRT160\" \/>\n<meta property=\"og:url\" content=\"https:\/\/autobarbosa.com\/es\/produto\/bomba-principal-ap-racing-cp2623-d19-10mm-5-16unf-lg160mm\/\" \/>\n<meta property=\"og:site_name\" content=\"Auto Barbosa\" \/>\n<meta property=\"article:publisher\" content=\"https:\/\/www.facebook.com\/autobarbosaoficina\" \/>\n<meta property=\"article:modified_time\" content=\"2026-04-21T19:21:40+00:00\" \/>\n<meta property=\"og:image\" content=\"https:\/\/autobarbosa.com\/wp-content\/uploads\/2025\/12\/cp2623192prt160.png\" \/>\n\t<meta property=\"og:image:width\" content=\"800\" \/>\n\t<meta property=\"og:image:height\" content=\"800\" \/>\n\t<meta property=\"og:image:type\" content=\"image\/png\" \/>\n<meta name=\"twitter:card\" content=\"summary_large_image\" \/>\n<script type=\"application\/ld+json\" class=\"yoast-schema-graph\">{\"@context\":\"https:\/\/schema.org\",\"@graph\":[{\"@type\":\"WebPage\",\"@id\":\"https:\/\/autobarbosa.com\/es\/produto\/bomba-principal-ap-racing-cp2623-d19-10mm-5-16unf-lg160mm\/\",\"url\":\"https:\/\/autobarbosa.com\/es\/produto\/bomba-principal-ap-racing-cp2623-d19-10mm-5-16unf-lg160mm\/\",\"name\":\"BOMBA PRINCIPAL AP RACING - CP2623 D19.10mm 5\/16UNF LG160mm - Auto Barbosa\",\"isPartOf\":{\"@id\":\"https:\/\/autobarbosa.com\/es\/#website\"},\"datePublished\":\"2025-12-16T08:20:40+00:00\",\"dateModified\":\"2026-04-21T19:21:40+00:00\",\"breadcrumb\":{\"@id\":\"https:\/\/autobarbosa.com\/es\/produto\/bomba-principal-ap-racing-cp2623-d19-10mm-5-16unf-lg160mm\/#breadcrumb\"},\"inLanguage\":\"es\",\"potentialAction\":[{\"@type\":\"ReadAction\",\"target\":[\"https:\/\/autobarbosa.com\/es\/produto\/bomba-principal-ap-racing-cp2623-d19-10mm-5-16unf-lg160mm\/\"]}]},{\"@type\":\"BreadcrumbList\",\"@id\":\"https:\/\/autobarbosa.com\/es\/produto\/bomba-principal-ap-racing-cp2623-d19-10mm-5-16unf-lg160mm\/#breadcrumb\",\"itemListElement\":[{\"@type\":\"ListItem\",\"position\":1,\"name\":\"In\u00edcio\",\"item\":\"https:\/\/autobarbosa.com\/es\/\"},{\"@type\":\"ListItem\",\"position\":2,\"name\":\"Loja\",\"item\":\"https:\/\/autobarbosa.com\/\"},{\"@type\":\"ListItem\",\"position\":3,\"name\":\"BOMBA PRINCIPAL AP RACING &#8211; CP2623 D19.10mm 5\/16UNF LG160mm\"}]},{\"@type\":\"WebSite\",\"@id\":\"https:\/\/autobarbosa.com\/es\/#website\",\"url\":\"https:\/\/autobarbosa.com\/es\/\",\"name\":\"Auto Barbosa\",\"description\":\"Site institucional\",\"publisher\":{\"@id\":\"https:\/\/autobarbosa.com\/es\/#organization\"},\"potentialAction\":[{\"@type\":\"SearchAction\",\"target\":{\"@type\":\"EntryPoint\",\"urlTemplate\":\"https:\/\/autobarbosa.com\/es\/?s={search_term_string}\"},\"query-input\":\"required name=search_term_string\"}],\"inLanguage\":\"es\"},{\"@type\":\"Organization\",\"@id\":\"https:\/\/autobarbosa.com\/es\/#organization\",\"name\":\"Auto Barbosa\",\"url\":\"https:\/\/autobarbosa.com\/es\/\",\"logo\":{\"@type\":\"ImageObject\",\"inLanguage\":\"es\",\"@id\":\"https:\/\/autobarbosa.com\/es\/#\/schema\/logo\/image\/\",\"url\":\"https:\/\/autobarbosa.com\/wp-content\/uploads\/2023\/03\/AUTO-BARBOSA-LOGO-1-e1678715539111.png\",\"contentUrl\":\"https:\/\/autobarbosa.com\/wp-content\/uploads\/2023\/03\/AUTO-BARBOSA-LOGO-1-e1678715539111.png\",\"width\":3233,\"height\":3233,\"caption\":\"Auto Barbosa\"},\"image\":{\"@id\":\"https:\/\/autobarbosa.com\/es\/#\/schema\/logo\/image\/\"},\"sameAs\":[\"https:\/\/www.facebook.com\/autobarbosaoficina\",\"https:\/\/www.instagram.com\/autobarbosa.oficina\/\"]}]}<\/script>\n<!-- \/ Yoast SEO plugin. -->","yoast_head_json":{"title":"BOMBA PRINCIPAL AP RACING - CP2623 D19.10mm 5\/16UNF LG160mm - Auto Barbosa","robots":{"index":"index","follow":"follow","max-snippet":"max-snippet:-1","max-image-preview":"max-image-preview:large","max-video-preview":"max-video-preview:-1"},"canonical":"https:\/\/autobarbosa.com\/es\/produto\/bomba-principal-ap-racing-cp2623-d19-10mm-5-16unf-lg160mm\/","og_locale":"es_ES","og_type":"article","og_title":"BOMBA PRINCIPAL AP RACING - CP2623 D19.10mm 5\/16UNF LG160mm - Auto Barbosa","og_description":"Cilindro Mestre AP Racing CP2623-92PRT160 D19,10mm 5\/16UNF LG160mm  S\u00e9rie: CP2623 Curso m\u00e1ximo: 25,4mm Peso: 0,31Kg Di\u00e2metro do pist\u00e3o: 19,10mm Tipo de empurrar\/puxar: Empurrar Cor do colar: Verde Reservat\u00f3rio n\u00e3o inclu\u00eddo  Tipo de haste: 5\/16UNF Comprimento da haste: LG160mm Rosca - entrada: 7\/16\" x 20UNF Rosca - sa\u00edda: 3\/8\" x 24UNF  N\u00famero da pe\u00e7a AP Racing: CP2623-92PRT160","og_url":"https:\/\/autobarbosa.com\/es\/produto\/bomba-principal-ap-racing-cp2623-d19-10mm-5-16unf-lg160mm\/","og_site_name":"Auto Barbosa","article_publisher":"https:\/\/www.facebook.com\/autobarbosaoficina","article_modified_time":"2026-04-21T19:21:40+00:00","og_image":[{"width":800,"height":800,"url":"https:\/\/autobarbosa.com\/wp-content\/uploads\/2025\/12\/cp2623192prt160.png","type":"image\/png"}],"twitter_card":"summary_large_image","schema":{"@context":"https:\/\/schema.org","@graph":[{"@type":"WebPage","@id":"https:\/\/autobarbosa.com\/es\/produto\/bomba-principal-ap-racing-cp2623-d19-10mm-5-16unf-lg160mm\/","url":"https:\/\/autobarbosa.com\/es\/produto\/bomba-principal-ap-racing-cp2623-d19-10mm-5-16unf-lg160mm\/","name":"BOMBA PRINCIPAL AP RACING - CP2623 D19.10mm 5\/16UNF LG160mm - Auto Barbosa","isPartOf":{"@id":"https:\/\/autobarbosa.com\/es\/#website"},"datePublished":"2025-12-16T08:20:40+00:00","dateModified":"2026-04-21T19:21:40+00:00","breadcrumb":{"@id":"https:\/\/autobarbosa.com\/es\/produto\/bomba-principal-ap-racing-cp2623-d19-10mm-5-16unf-lg160mm\/#breadcrumb"},"inLanguage":"es","potentialAction":[{"@type":"ReadAction","target":["https:\/\/autobarbosa.com\/es\/produto\/bomba-principal-ap-racing-cp2623-d19-10mm-5-16unf-lg160mm\/"]}]},{"@type":"BreadcrumbList","@id":"https:\/\/autobarbosa.com\/es\/produto\/bomba-principal-ap-racing-cp2623-d19-10mm-5-16unf-lg160mm\/#breadcrumb","itemListElement":[{"@type":"ListItem","position":1,"name":"In\u00edcio","item":"https:\/\/autobarbosa.com\/es\/"},{"@type":"ListItem","position":2,"name":"Loja","item":"https:\/\/autobarbosa.com\/"},{"@type":"ListItem","position":3,"name":"BOMBA PRINCIPAL AP RACING &#8211; CP2623 D19.10mm 5\/16UNF LG160mm"}]},{"@type":"WebSite","@id":"https:\/\/autobarbosa.com\/es\/#website","url":"https:\/\/autobarbosa.com\/es\/","name":"Auto Barbosa","description":"Site institucional","publisher":{"@id":"https:\/\/autobarbosa.com\/es\/#organization"},"potentialAction":[{"@type":"SearchAction","target":{"@type":"EntryPoint","urlTemplate":"https:\/\/autobarbosa.com\/es\/?s={search_term_string}"},"query-input":"required name=search_term_string"}],"inLanguage":"es"},{"@type":"Organization","@id":"https:\/\/autobarbosa.com\/es\/#organization","name":"Auto Barbosa","url":"https:\/\/autobarbosa.com\/es\/","logo":{"@type":"ImageObject","inLanguage":"es","@id":"https:\/\/autobarbosa.com\/es\/#\/schema\/logo\/image\/","url":"https:\/\/autobarbosa.com\/wp-content\/uploads\/2023\/03\/AUTO-BARBOSA-LOGO-1-e1678715539111.png","contentUrl":"https:\/\/autobarbosa.com\/wp-content\/uploads\/2023\/03\/AUTO-BARBOSA-LOGO-1-e1678715539111.png","width":3233,"height":3233,"caption":"Auto Barbosa"},"image":{"@id":"https:\/\/autobarbosa.com\/es\/#\/schema\/logo\/image\/"},"sameAs":["https:\/\/www.facebook.com\/autobarbosaoficina","https:\/\/www.instagram.com\/autobarbosa.oficina\/"]}]}},"_links":{"self":[{"href":"https:\/\/autobarbosa.com\/es\/wp-json\/wp\/v3\/product\/22432","targetHints":{"allow":["GET"]}}],"collection":[{"href":"https:\/\/autobarbosa.com\/es\/wp-json\/wp\/v3\/product"}],"about":[{"href":"https:\/\/autobarbosa.com\/es\/wp-json\/wp\/v2\/types\/product"}],"wp:featuredmedia":[{"embeddable":true,"href":"https:\/\/autobarbosa.com\/es\/wp-json\/wp\/v2\/media\/22428"}],"wp:attachment":[{"href":"https:\/\/autobarbosa.com\/es\/wp-json\/wp\/v2\/media?parent=22432"}],"wp:term":[{"taxonomy":"product_cat","embeddable":true,"href":"https:\/\/autobarbosa.com\/es\/wp-json\/wp\/v2\/product_cat?post=22432"},{"taxonomy":"product_tag","embeddable":true,"href":"https:\/\/autobarbosa.com\/es\/wp-json\/wp\/v2\/product_tag?post=22432"},{"taxonomy":"marca","embeddable":true,"href":"https:\/\/autobarbosa.com\/es\/wp-json\/wp\/v2\/marca?post=22432"}],"curies":[{"name":"wp","href":"https:\/\/api.w.org\/{rel}","templated":true}]}}