{"id":22536,"date":"2025-12-16T07:21:13","date_gmt":"2025-12-16T08:21:13","guid":{"rendered":"https:\/\/autobarbosa.com\/produto\/racord-t-826-9-16-2-macho-1-femea\/"},"modified":"2026-05-02T19:22:35","modified_gmt":"2026-05-02T19:22:35","slug":"racord-t-826-9-16-2-macho-1-femea","status":"publish","type":"product","link":"https:\/\/autobarbosa.com\/es\/produto\/racord-t-826-9-16-2-macho-1-femea\/","title":{"rendered":"RACORD &#8220;T&#8221;  826 &#8211; 9\/16   2 MACHO &#8211;  1 FEMEA"},"content":{"rendered":"<p>GOODRIDGE JIC 826 tee 2 machos de alum\u00ednio + 1 f\u00eamea no<br \/>\nadaptador JIC lateral (UNF).<br \/>\nMaterial: Alum\u00ednio anodizado<br \/>\nDiferentes roscas dispon\u00edveis:<br \/>\n7\/16x20UNF<br \/>\n9\/16x18UNF<br \/>\n3\/4x16UNF<br \/>\n7\/8x14UNF<\/p>\n","protected":false},"excerpt":{"rendered":"<p>GOODRIDGE JIC 826 tee 2 machos de alum\u00ednio + 1 f\u00eamea no<br \/>\nadaptador JIC lateral (UNF).<br \/>\nMaterial: Alum\u00ednio anodizado<br \/>\nDiferentes roscas dispon\u00edveis:<br \/>\n7\/16x20UNF<br \/>\n9\/16x18UNF<br \/>\n3\/4x16UNF<br \/>\n7\/8x14UNF<\/p>\n","protected":false},"featured_media":22532,"template":"","meta":[],"product_cat":[516],"product_tag":[],"marca":[140],"class_list":["post-22536","product","type-product","status-publish","has-post-thumbnail","hentry","product_cat-tubos-racord-valvulas","marca-goodridge"],"yoast_head":"<!-- This site is optimized with the Yoast SEO plugin v20.5 - https:\/\/yoast.com\/wordpress\/plugins\/seo\/ -->\n<title>RACORD &quot;T&quot; 826 - 9\/16  2 MACHO - 1 FEMEA - Auto Barbosa<\/title>\n<meta name=\"robots\" content=\"index, follow, max-snippet:-1, max-image-preview:large, max-video-preview:-1\" \/>\n<link rel=\"canonical\" href=\"https:\/\/autobarbosa.com\/es\/produto\/racord-t-826-9-16-2-macho-1-femea\/\" \/>\n<meta property=\"og:locale\" content=\"es_ES\" \/>\n<meta property=\"og:type\" content=\"article\" \/>\n<meta property=\"og:title\" content=\"RACORD &quot;T&quot; 826 - 9\/16  2 MACHO - 1 FEMEA - Auto Barbosa\" \/>\n<meta property=\"og:description\" content=\"GOODRIDGE JIC 826 tee 2 machos de alum\u00ednio + 1 f\u00eamea no adaptador JIC lateral (UNF). Material: Alum\u00ednio anodizado Diferentes roscas dispon\u00edveis: 7\/16x20UNF 9\/16x18UNF 3\/4x16UNF 7\/8x14UNF\" \/>\n<meta property=\"og:url\" content=\"https:\/\/autobarbosa.com\/es\/produto\/racord-t-826-9-16-2-macho-1-femea\/\" \/>\n<meta property=\"og:site_name\" content=\"Auto Barbosa\" \/>\n<meta property=\"article:publisher\" content=\"https:\/\/www.facebook.com\/autobarbosaoficina\" \/>\n<meta property=\"article:modified_time\" content=\"2026-05-02T19:22:35+00:00\" \/>\n<meta property=\"og:image\" content=\"https:\/\/autobarbosa.com\/wp-content\/uploads\/2025\/12\/cpl8266d.png\" \/>\n\t<meta property=\"og:image:width\" content=\"600\" \/>\n\t<meta property=\"og:image:height\" content=\"600\" \/>\n\t<meta property=\"og:image:type\" content=\"image\/png\" \/>\n<meta name=\"twitter:card\" content=\"summary_large_image\" \/>\n<script type=\"application\/ld+json\" class=\"yoast-schema-graph\">{\"@context\":\"https:\/\/schema.org\",\"@graph\":[{\"@type\":\"WebPage\",\"@id\":\"https:\/\/autobarbosa.com\/es\/produto\/racord-t-826-9-16-2-macho-1-femea\/\",\"url\":\"https:\/\/autobarbosa.com\/es\/produto\/racord-t-826-9-16-2-macho-1-femea\/\",\"name\":\"RACORD \\\"T\\\" 826 - 9\/16 2 MACHO - 1 FEMEA - Auto Barbosa\",\"isPartOf\":{\"@id\":\"https:\/\/autobarbosa.com\/es\/#website\"},\"datePublished\":\"2025-12-16T08:21:13+00:00\",\"dateModified\":\"2026-05-02T19:22:35+00:00\",\"breadcrumb\":{\"@id\":\"https:\/\/autobarbosa.com\/es\/produto\/racord-t-826-9-16-2-macho-1-femea\/#breadcrumb\"},\"inLanguage\":\"es\",\"potentialAction\":[{\"@type\":\"ReadAction\",\"target\":[\"https:\/\/autobarbosa.com\/es\/produto\/racord-t-826-9-16-2-macho-1-femea\/\"]}]},{\"@type\":\"BreadcrumbList\",\"@id\":\"https:\/\/autobarbosa.com\/es\/produto\/racord-t-826-9-16-2-macho-1-femea\/#breadcrumb\",\"itemListElement\":[{\"@type\":\"ListItem\",\"position\":1,\"name\":\"In\u00edcio\",\"item\":\"https:\/\/autobarbosa.com\/es\/\"},{\"@type\":\"ListItem\",\"position\":2,\"name\":\"Loja\",\"item\":\"https:\/\/autobarbosa.com\/\"},{\"@type\":\"ListItem\",\"position\":3,\"name\":\"RACORD &#8220;T&#8221; 826 &#8211; 9\/16 2 MACHO &#8211; 1 FEMEA\"}]},{\"@type\":\"WebSite\",\"@id\":\"https:\/\/autobarbosa.com\/es\/#website\",\"url\":\"https:\/\/autobarbosa.com\/es\/\",\"name\":\"Auto Barbosa\",\"description\":\"Site institucional\",\"publisher\":{\"@id\":\"https:\/\/autobarbosa.com\/es\/#organization\"},\"potentialAction\":[{\"@type\":\"SearchAction\",\"target\":{\"@type\":\"EntryPoint\",\"urlTemplate\":\"https:\/\/autobarbosa.com\/es\/?s={search_term_string}\"},\"query-input\":\"required name=search_term_string\"}],\"inLanguage\":\"es\"},{\"@type\":\"Organization\",\"@id\":\"https:\/\/autobarbosa.com\/es\/#organization\",\"name\":\"Auto Barbosa\",\"url\":\"https:\/\/autobarbosa.com\/es\/\",\"logo\":{\"@type\":\"ImageObject\",\"inLanguage\":\"es\",\"@id\":\"https:\/\/autobarbosa.com\/es\/#\/schema\/logo\/image\/\",\"url\":\"https:\/\/autobarbosa.com\/wp-content\/uploads\/2023\/03\/AUTO-BARBOSA-LOGO-1-e1678715539111.png\",\"contentUrl\":\"https:\/\/autobarbosa.com\/wp-content\/uploads\/2023\/03\/AUTO-BARBOSA-LOGO-1-e1678715539111.png\",\"width\":3233,\"height\":3233,\"caption\":\"Auto Barbosa\"},\"image\":{\"@id\":\"https:\/\/autobarbosa.com\/es\/#\/schema\/logo\/image\/\"},\"sameAs\":[\"https:\/\/www.facebook.com\/autobarbosaoficina\",\"https:\/\/www.instagram.com\/autobarbosa.oficina\/\"]}]}<\/script>\n<!-- \/ Yoast SEO plugin. -->","yoast_head_json":{"title":"RACORD \"T\" 826 - 9\/16  2 MACHO - 1 FEMEA - Auto Barbosa","robots":{"index":"index","follow":"follow","max-snippet":"max-snippet:-1","max-image-preview":"max-image-preview:large","max-video-preview":"max-video-preview:-1"},"canonical":"https:\/\/autobarbosa.com\/es\/produto\/racord-t-826-9-16-2-macho-1-femea\/","og_locale":"es_ES","og_type":"article","og_title":"RACORD \"T\" 826 - 9\/16  2 MACHO - 1 FEMEA - Auto Barbosa","og_description":"GOODRIDGE JIC 826 tee 2 machos de alum\u00ednio + 1 f\u00eamea no adaptador JIC lateral (UNF). Material: Alum\u00ednio anodizado Diferentes roscas dispon\u00edveis: 7\/16x20UNF 9\/16x18UNF 3\/4x16UNF 7\/8x14UNF","og_url":"https:\/\/autobarbosa.com\/es\/produto\/racord-t-826-9-16-2-macho-1-femea\/","og_site_name":"Auto Barbosa","article_publisher":"https:\/\/www.facebook.com\/autobarbosaoficina","article_modified_time":"2026-05-02T19:22:35+00:00","og_image":[{"width":600,"height":600,"url":"https:\/\/autobarbosa.com\/wp-content\/uploads\/2025\/12\/cpl8266d.png","type":"image\/png"}],"twitter_card":"summary_large_image","schema":{"@context":"https:\/\/schema.org","@graph":[{"@type":"WebPage","@id":"https:\/\/autobarbosa.com\/es\/produto\/racord-t-826-9-16-2-macho-1-femea\/","url":"https:\/\/autobarbosa.com\/es\/produto\/racord-t-826-9-16-2-macho-1-femea\/","name":"RACORD \"T\" 826 - 9\/16 2 MACHO - 1 FEMEA - Auto Barbosa","isPartOf":{"@id":"https:\/\/autobarbosa.com\/es\/#website"},"datePublished":"2025-12-16T08:21:13+00:00","dateModified":"2026-05-02T19:22:35+00:00","breadcrumb":{"@id":"https:\/\/autobarbosa.com\/es\/produto\/racord-t-826-9-16-2-macho-1-femea\/#breadcrumb"},"inLanguage":"es","potentialAction":[{"@type":"ReadAction","target":["https:\/\/autobarbosa.com\/es\/produto\/racord-t-826-9-16-2-macho-1-femea\/"]}]},{"@type":"BreadcrumbList","@id":"https:\/\/autobarbosa.com\/es\/produto\/racord-t-826-9-16-2-macho-1-femea\/#breadcrumb","itemListElement":[{"@type":"ListItem","position":1,"name":"In\u00edcio","item":"https:\/\/autobarbosa.com\/es\/"},{"@type":"ListItem","position":2,"name":"Loja","item":"https:\/\/autobarbosa.com\/"},{"@type":"ListItem","position":3,"name":"RACORD &#8220;T&#8221; 826 &#8211; 9\/16 2 MACHO &#8211; 1 FEMEA"}]},{"@type":"WebSite","@id":"https:\/\/autobarbosa.com\/es\/#website","url":"https:\/\/autobarbosa.com\/es\/","name":"Auto Barbosa","description":"Site institucional","publisher":{"@id":"https:\/\/autobarbosa.com\/es\/#organization"},"potentialAction":[{"@type":"SearchAction","target":{"@type":"EntryPoint","urlTemplate":"https:\/\/autobarbosa.com\/es\/?s={search_term_string}"},"query-input":"required name=search_term_string"}],"inLanguage":"es"},{"@type":"Organization","@id":"https:\/\/autobarbosa.com\/es\/#organization","name":"Auto Barbosa","url":"https:\/\/autobarbosa.com\/es\/","logo":{"@type":"ImageObject","inLanguage":"es","@id":"https:\/\/autobarbosa.com\/es\/#\/schema\/logo\/image\/","url":"https:\/\/autobarbosa.com\/wp-content\/uploads\/2023\/03\/AUTO-BARBOSA-LOGO-1-e1678715539111.png","contentUrl":"https:\/\/autobarbosa.com\/wp-content\/uploads\/2023\/03\/AUTO-BARBOSA-LOGO-1-e1678715539111.png","width":3233,"height":3233,"caption":"Auto Barbosa"},"image":{"@id":"https:\/\/autobarbosa.com\/es\/#\/schema\/logo\/image\/"},"sameAs":["https:\/\/www.facebook.com\/autobarbosaoficina","https:\/\/www.instagram.com\/autobarbosa.oficina\/"]}]}},"_links":{"self":[{"href":"https:\/\/autobarbosa.com\/es\/wp-json\/wp\/v3\/product\/22536","targetHints":{"allow":["GET"]}}],"collection":[{"href":"https:\/\/autobarbosa.com\/es\/wp-json\/wp\/v3\/product"}],"about":[{"href":"https:\/\/autobarbosa.com\/es\/wp-json\/wp\/v2\/types\/product"}],"wp:featuredmedia":[{"embeddable":true,"href":"https:\/\/autobarbosa.com\/es\/wp-json\/wp\/v2\/media\/22532"}],"wp:attachment":[{"href":"https:\/\/autobarbosa.com\/es\/wp-json\/wp\/v2\/media?parent=22536"}],"wp:term":[{"taxonomy":"product_cat","embeddable":true,"href":"https:\/\/autobarbosa.com\/es\/wp-json\/wp\/v2\/product_cat?post=22536"},{"taxonomy":"product_tag","embeddable":true,"href":"https:\/\/autobarbosa.com\/es\/wp-json\/wp\/v2\/product_tag?post=22536"},{"taxonomy":"marca","embeddable":true,"href":"https:\/\/autobarbosa.com\/es\/wp-json\/wp\/v2\/marca?post=22536"}],"curies":[{"name":"wp","href":"https:\/\/api.w.org\/{rel}","templated":true}]}}