{"id":22656,"date":"2025-12-16T07:21:48","date_gmt":"2025-12-16T08:21:48","guid":{"rendered":"https:\/\/autobarbosa.com\/produto\/bone-ferrari-f1\/"},"modified":"2025-12-16T07:21:48","modified_gmt":"2025-12-16T08:21:48","slug":"bone-ferrari-f1","status":"publish","type":"product","link":"https:\/\/autobarbosa.com\/es\/produto\/bone-ferrari-f1\/","title":{"rendered":"BON\u00c9 FERRARI F1"},"content":{"rendered":"<p>FERRARI F1 Team Red<\/p>\n<p>Bon\u00e9 oficial da equipe Scuderia Ferrari.<br \/>\n&#8211; Material eco-respons\u00e1vel<br \/>\n&#8211; Detalhes gr\u00e1ficos sob a viseira<br \/>\n&#8211; Logotipo na frente do bon\u00e9<br \/>\n&#8211; Fecho de press\u00e3o na parte traseira para ajustar o bon\u00e9 \u00e0 cabe\u00e7a<\/p>\n<p>Composi\u00e7\u00e3o: 100% poli\u00e9ster reciclado<br \/>\nCor: Vermelho<br \/>\nTamanho \u00fanico.<\/p>\n","protected":false},"excerpt":{"rendered":"<p>FERRARI F1 Team Red<\/p>\n<p>Bon\u00e9 oficial da equipe Scuderia Ferrari.<br \/>\n&#8211; Material eco-respons\u00e1vel<br \/>\n&#8211; Detalhes gr\u00e1ficos sob a viseira<br \/>\n&#8211; Logotipo na frente do bon\u00e9<br \/>\n&#8211; Fecho de press\u00e3o na parte traseira para ajustar o bon\u00e9 \u00e0 cabe\u00e7a<\/p>\n<p>Composi\u00e7\u00e3o: 100% poli\u00e9ster reciclado<br \/>\nCor: Vermelho<br \/>\nTamanho \u00fanico.<\/p>\n","protected":false},"featured_media":0,"template":"","meta":[],"product_cat":[556],"product_tag":[],"marca":[970],"class_list":["post-22656","product","type-product","status-publish","hentry","product_cat-acessorios","marca-ferrari"],"yoast_head":"<!-- This site is optimized with the Yoast SEO plugin v20.5 - https:\/\/yoast.com\/wordpress\/plugins\/seo\/ -->\n<title>BON\u00c9 FERRARI F1 - Auto Barbosa<\/title>\n<meta name=\"robots\" content=\"index, follow, max-snippet:-1, max-image-preview:large, max-video-preview:-1\" \/>\n<link rel=\"canonical\" href=\"https:\/\/autobarbosa.com\/es\/produto\/bone-ferrari-f1\/\" \/>\n<meta property=\"og:locale\" content=\"es_ES\" \/>\n<meta property=\"og:type\" content=\"article\" \/>\n<meta property=\"og:title\" content=\"BON\u00c9 FERRARI F1 - Auto Barbosa\" \/>\n<meta property=\"og:description\" content=\"FERRARI F1 Team Red  Bon\u00e9 oficial da equipe Scuderia Ferrari. - Material eco-respons\u00e1vel - Detalhes gr\u00e1ficos sob a viseira - Logotipo na frente do bon\u00e9 - Fecho de press\u00e3o na parte traseira para ajustar o bon\u00e9 \u00e0 cabe\u00e7a  Composi\u00e7\u00e3o: 100% poli\u00e9ster reciclado Cor: Vermelho Tamanho \u00fanico.\" \/>\n<meta property=\"og:url\" content=\"https:\/\/autobarbosa.com\/es\/produto\/bone-ferrari-f1\/\" \/>\n<meta property=\"og:site_name\" content=\"Auto Barbosa\" \/>\n<meta property=\"article:publisher\" content=\"https:\/\/www.facebook.com\/autobarbosaoficina\" \/>\n<meta name=\"twitter:card\" content=\"summary_large_image\" \/>\n<script type=\"application\/ld+json\" class=\"yoast-schema-graph\">{\"@context\":\"https:\/\/schema.org\",\"@graph\":[{\"@type\":\"WebPage\",\"@id\":\"https:\/\/autobarbosa.com\/es\/produto\/bone-ferrari-f1\/\",\"url\":\"https:\/\/autobarbosa.com\/es\/produto\/bone-ferrari-f1\/\",\"name\":\"BON\u00c9 FERRARI F1 - Auto Barbosa\",\"isPartOf\":{\"@id\":\"https:\/\/autobarbosa.com\/es\/#website\"},\"datePublished\":\"2025-12-16T08:21:48+00:00\",\"dateModified\":\"2025-12-16T08:21:48+00:00\",\"breadcrumb\":{\"@id\":\"https:\/\/autobarbosa.com\/es\/produto\/bone-ferrari-f1\/#breadcrumb\"},\"inLanguage\":\"es\",\"potentialAction\":[{\"@type\":\"ReadAction\",\"target\":[\"https:\/\/autobarbosa.com\/es\/produto\/bone-ferrari-f1\/\"]}]},{\"@type\":\"BreadcrumbList\",\"@id\":\"https:\/\/autobarbosa.com\/es\/produto\/bone-ferrari-f1\/#breadcrumb\",\"itemListElement\":[{\"@type\":\"ListItem\",\"position\":1,\"name\":\"In\u00edcio\",\"item\":\"https:\/\/autobarbosa.com\/es\/\"},{\"@type\":\"ListItem\",\"position\":2,\"name\":\"Loja\",\"item\":\"https:\/\/autobarbosa.com\/\"},{\"@type\":\"ListItem\",\"position\":3,\"name\":\"BON\u00c9 FERRARI F1\"}]},{\"@type\":\"WebSite\",\"@id\":\"https:\/\/autobarbosa.com\/es\/#website\",\"url\":\"https:\/\/autobarbosa.com\/es\/\",\"name\":\"Auto Barbosa\",\"description\":\"Site institucional\",\"publisher\":{\"@id\":\"https:\/\/autobarbosa.com\/es\/#organization\"},\"potentialAction\":[{\"@type\":\"SearchAction\",\"target\":{\"@type\":\"EntryPoint\",\"urlTemplate\":\"https:\/\/autobarbosa.com\/es\/?s={search_term_string}\"},\"query-input\":\"required name=search_term_string\"}],\"inLanguage\":\"es\"},{\"@type\":\"Organization\",\"@id\":\"https:\/\/autobarbosa.com\/es\/#organization\",\"name\":\"Auto Barbosa\",\"url\":\"https:\/\/autobarbosa.com\/es\/\",\"logo\":{\"@type\":\"ImageObject\",\"inLanguage\":\"es\",\"@id\":\"https:\/\/autobarbosa.com\/es\/#\/schema\/logo\/image\/\",\"url\":\"https:\/\/autobarbosa.com\/wp-content\/uploads\/2023\/03\/AUTO-BARBOSA-LOGO-1-e1678715539111.png\",\"contentUrl\":\"https:\/\/autobarbosa.com\/wp-content\/uploads\/2023\/03\/AUTO-BARBOSA-LOGO-1-e1678715539111.png\",\"width\":3233,\"height\":3233,\"caption\":\"Auto Barbosa\"},\"image\":{\"@id\":\"https:\/\/autobarbosa.com\/es\/#\/schema\/logo\/image\/\"},\"sameAs\":[\"https:\/\/www.facebook.com\/autobarbosaoficina\",\"https:\/\/www.instagram.com\/autobarbosa.oficina\/\"]}]}<\/script>\n<!-- \/ Yoast SEO plugin. -->","yoast_head_json":{"title":"BON\u00c9 FERRARI F1 - Auto Barbosa","robots":{"index":"index","follow":"follow","max-snippet":"max-snippet:-1","max-image-preview":"max-image-preview:large","max-video-preview":"max-video-preview:-1"},"canonical":"https:\/\/autobarbosa.com\/es\/produto\/bone-ferrari-f1\/","og_locale":"es_ES","og_type":"article","og_title":"BON\u00c9 FERRARI F1 - Auto Barbosa","og_description":"FERRARI F1 Team Red  Bon\u00e9 oficial da equipe Scuderia Ferrari. - Material eco-respons\u00e1vel - Detalhes gr\u00e1ficos sob a viseira - Logotipo na frente do bon\u00e9 - Fecho de press\u00e3o na parte traseira para ajustar o bon\u00e9 \u00e0 cabe\u00e7a  Composi\u00e7\u00e3o: 100% poli\u00e9ster reciclado Cor: Vermelho Tamanho \u00fanico.","og_url":"https:\/\/autobarbosa.com\/es\/produto\/bone-ferrari-f1\/","og_site_name":"Auto Barbosa","article_publisher":"https:\/\/www.facebook.com\/autobarbosaoficina","twitter_card":"summary_large_image","schema":{"@context":"https:\/\/schema.org","@graph":[{"@type":"WebPage","@id":"https:\/\/autobarbosa.com\/es\/produto\/bone-ferrari-f1\/","url":"https:\/\/autobarbosa.com\/es\/produto\/bone-ferrari-f1\/","name":"BON\u00c9 FERRARI F1 - Auto Barbosa","isPartOf":{"@id":"https:\/\/autobarbosa.com\/es\/#website"},"datePublished":"2025-12-16T08:21:48+00:00","dateModified":"2025-12-16T08:21:48+00:00","breadcrumb":{"@id":"https:\/\/autobarbosa.com\/es\/produto\/bone-ferrari-f1\/#breadcrumb"},"inLanguage":"es","potentialAction":[{"@type":"ReadAction","target":["https:\/\/autobarbosa.com\/es\/produto\/bone-ferrari-f1\/"]}]},{"@type":"BreadcrumbList","@id":"https:\/\/autobarbosa.com\/es\/produto\/bone-ferrari-f1\/#breadcrumb","itemListElement":[{"@type":"ListItem","position":1,"name":"In\u00edcio","item":"https:\/\/autobarbosa.com\/es\/"},{"@type":"ListItem","position":2,"name":"Loja","item":"https:\/\/autobarbosa.com\/"},{"@type":"ListItem","position":3,"name":"BON\u00c9 FERRARI F1"}]},{"@type":"WebSite","@id":"https:\/\/autobarbosa.com\/es\/#website","url":"https:\/\/autobarbosa.com\/es\/","name":"Auto Barbosa","description":"Site institucional","publisher":{"@id":"https:\/\/autobarbosa.com\/es\/#organization"},"potentialAction":[{"@type":"SearchAction","target":{"@type":"EntryPoint","urlTemplate":"https:\/\/autobarbosa.com\/es\/?s={search_term_string}"},"query-input":"required name=search_term_string"}],"inLanguage":"es"},{"@type":"Organization","@id":"https:\/\/autobarbosa.com\/es\/#organization","name":"Auto Barbosa","url":"https:\/\/autobarbosa.com\/es\/","logo":{"@type":"ImageObject","inLanguage":"es","@id":"https:\/\/autobarbosa.com\/es\/#\/schema\/logo\/image\/","url":"https:\/\/autobarbosa.com\/wp-content\/uploads\/2023\/03\/AUTO-BARBOSA-LOGO-1-e1678715539111.png","contentUrl":"https:\/\/autobarbosa.com\/wp-content\/uploads\/2023\/03\/AUTO-BARBOSA-LOGO-1-e1678715539111.png","width":3233,"height":3233,"caption":"Auto Barbosa"},"image":{"@id":"https:\/\/autobarbosa.com\/es\/#\/schema\/logo\/image\/"},"sameAs":["https:\/\/www.facebook.com\/autobarbosaoficina","https:\/\/www.instagram.com\/autobarbosa.oficina\/"]}]}},"_links":{"self":[{"href":"https:\/\/autobarbosa.com\/es\/wp-json\/wp\/v3\/product\/22656","targetHints":{"allow":["GET"]}}],"collection":[{"href":"https:\/\/autobarbosa.com\/es\/wp-json\/wp\/v3\/product"}],"about":[{"href":"https:\/\/autobarbosa.com\/es\/wp-json\/wp\/v2\/types\/product"}],"wp:attachment":[{"href":"https:\/\/autobarbosa.com\/es\/wp-json\/wp\/v2\/media?parent=22656"}],"wp:term":[{"taxonomy":"product_cat","embeddable":true,"href":"https:\/\/autobarbosa.com\/es\/wp-json\/wp\/v2\/product_cat?post=22656"},{"taxonomy":"product_tag","embeddable":true,"href":"https:\/\/autobarbosa.com\/es\/wp-json\/wp\/v2\/product_tag?post=22656"},{"taxonomy":"marca","embeddable":true,"href":"https:\/\/autobarbosa.com\/es\/wp-json\/wp\/v2\/marca?post=22656"}],"curies":[{"name":"wp","href":"https:\/\/api.w.org\/{rel}","templated":true}]}}