{"id":22804,"date":"2025-12-16T07:22:34","date_gmt":"2025-12-16T08:22:34","guid":{"rendered":"https:\/\/autobarbosa.com\/produto\/filtro-de-ar-itg-p-turbinas-alt-int-25-larg-148-comp-436\/"},"modified":"2025-12-16T07:22:34","modified_gmt":"2025-12-16T08:22:34","slug":"filtro-de-ar-itg-p-turbinas-alt-int-25-larg-148-comp-436","status":"publish","type":"product","link":"https:\/\/autobarbosa.com\/es\/produto\/filtro-de-ar-itg-p-turbinas-alt-int-25-larg-148-comp-436\/","title":{"rendered":"FILTRO DE AR ITG P\/ TURBINAS ALT INT 25 LARG 148 COMP 436"},"content":{"rendered":"<p>Filtro de ar ITG Megaflow JC50<\/p>\n<p>Caixa de ar longa para dois carburadores.<br \/>\nFiltro de ar de espuma com alto poder de filtragem (poeira at\u00e9 5 m\u00edcrons).<br \/>\nMant\u00e9m o n\u00edvel de desempenho mesmo em altas temperaturas. Garante fluxo de ar e press\u00e3o ideais. Feito de espuma especial \u201cTriFoam\u201d.<br \/>\nFiltro de ar entregue completo.<br \/>\n\u00d3leo antes de usar.<br \/>\nDiferentes dimens\u00f5es dispon\u00edveis: alturas internas 25, 40, 65, 100 mm.<\/p>\n<p>Especifica\u00e7\u00f5es JC50_25:<br \/>\nAltura interna (A): 25<br \/>\nLargura (B): 148<br \/>\nComprimento (C): 436<br \/>\nAltura total (D): 50<\/p>\n<p>Especifica\u00e7\u00f5es JC50_40:<br \/>\nAltura interna (A): 40<br \/>\nLargura (B): 148<br \/>\nComprimento (C): 436<br \/>\nAltura total (D): 65<\/p>\n<p>Especifica\u00e7\u00f5es JC50_65:<br \/>\nAltura interna (A): 65<br \/>\nLargura (B): 148<br \/>\nComprimento (C): 436<br \/>\nAltura total (D): 90<\/p>\n<p>Especifica\u00e7\u00f5es JC50_100:<br \/>\nAltura interna (A): 100<br \/>\nLargura (B) : 148<br \/>\nComprimento (C): 436<br \/>\nAltura total (D): 125<\/p>\n","protected":false},"excerpt":{"rendered":"<p>Filtro de ar ITG Megaflow JC50<\/p>\n<p>Caixa de ar longa para dois carburadores.<br \/>\nFiltro de ar de espuma com alto poder de filtragem (poeira at\u00e9 5 m\u00edcrons).<br \/>\nMant\u00e9m o n\u00edvel de desempenho mesmo em altas temperaturas. Garante fluxo de ar e press\u00e3o ideais. Feito de espuma especial \u201cTriFoam\u201d.<br \/>\nFiltro de ar entregue completo.<br \/>\n\u00d3leo antes de usar.<br \/>\nDiferentes dimens\u00f5es dispon\u00edveis: alturas internas 25, 40, 65, 100 mm.<\/p>\n<p>Especifica\u00e7\u00f5es JC50_25:<br \/>\nAltura interna (A): 25<br \/>\nLargura (B): 148<br \/>\nComprimento (C): 436<br \/>\nAltura total (D): 50<\/p>\n<p>Especifica\u00e7\u00f5es JC50_40:<br \/>\nAltura interna (A): 40<br \/>\nLargura (B): 148<br \/>\nComprimento (C): 436<br \/>\nAltura total (D): 65<\/p>\n<p>Especifica\u00e7\u00f5es JC50_65:<br \/>\nAltura interna (A): 65<br \/>\nLargura (B): 148<br \/>\nComprimento (C): 436<br \/>\nAltura total (D): 90<\/p>\n<p>Especifica\u00e7\u00f5es JC50_100:<br \/>\nAltura interna (A): 100<br \/>\nLargura (B) : 148<br \/>\nComprimento (C): 436<br \/>\nAltura total (D): 125<\/p>\n","protected":false},"featured_media":0,"template":"","meta":[],"product_cat":[526],"product_tag":[],"marca":[179],"class_list":["post-22804","product","type-product","status-publish","hentry","product_cat-admissao-ar","marca-itg"],"yoast_head":"<!-- This site is optimized with the Yoast SEO plugin v20.5 - https:\/\/yoast.com\/wordpress\/plugins\/seo\/ -->\n<title>FILTRO DE AR ITG P\/ TURBINAS ALT INT 25 LARG 148 COMP 436 - Auto Barbosa<\/title>\n<meta name=\"robots\" content=\"index, follow, max-snippet:-1, max-image-preview:large, max-video-preview:-1\" \/>\n<link rel=\"canonical\" href=\"https:\/\/autobarbosa.com\/es\/produto\/filtro-de-ar-itg-p-turbinas-alt-int-25-larg-148-comp-436\/\" \/>\n<meta property=\"og:locale\" content=\"es_ES\" \/>\n<meta property=\"og:type\" content=\"article\" \/>\n<meta property=\"og:title\" content=\"FILTRO DE AR ITG P\/ TURBINAS ALT INT 25 LARG 148 COMP 436 - Auto Barbosa\" \/>\n<meta property=\"og:description\" content=\"Filtro de ar ITG Megaflow JC50  Caixa de ar longa para dois carburadores. Filtro de ar de espuma com alto poder de filtragem (poeira at\u00e9 5 m\u00edcrons). Mant\u00e9m o n\u00edvel de desempenho mesmo em altas temperaturas. Garante fluxo de ar e press\u00e3o ideais. Feito de espuma especial \u201cTriFoam\u201d. Filtro de ar entregue completo. \u00d3leo antes de usar. Diferentes dimens\u00f5es dispon\u00edveis: alturas internas 25, 40, 65, 100 mm.  Especifica\u00e7\u00f5es JC50_25: Altura interna (A): 25 Largura (B): 148 Comprimento (C): 436 Altura total (D): 50  Especifica\u00e7\u00f5es JC50_40: Altura interna (A): 40 Largura (B): 148 Comprimento (C): 436 Altura total (D): 65  Especifica\u00e7\u00f5es JC50_65: Altura interna (A): 65 Largura (B): 148 Comprimento (C): 436 Altura total (D): 90  Especifica\u00e7\u00f5es JC50_100: Altura interna (A): 100 Largura (B) : 148 Comprimento (C): 436 Altura total (D): 125\" \/>\n<meta property=\"og:url\" content=\"https:\/\/autobarbosa.com\/es\/produto\/filtro-de-ar-itg-p-turbinas-alt-int-25-larg-148-comp-436\/\" \/>\n<meta property=\"og:site_name\" content=\"Auto Barbosa\" \/>\n<meta property=\"article:publisher\" content=\"https:\/\/www.facebook.com\/autobarbosaoficina\" \/>\n<meta name=\"twitter:card\" content=\"summary_large_image\" \/>\n<meta name=\"twitter:label1\" content=\"Tiempo de lectura\" \/>\n\t<meta name=\"twitter:data1\" content=\"1 minuto\" \/>\n<script type=\"application\/ld+json\" class=\"yoast-schema-graph\">{\"@context\":\"https:\/\/schema.org\",\"@graph\":[{\"@type\":\"WebPage\",\"@id\":\"https:\/\/autobarbosa.com\/es\/produto\/filtro-de-ar-itg-p-turbinas-alt-int-25-larg-148-comp-436\/\",\"url\":\"https:\/\/autobarbosa.com\/es\/produto\/filtro-de-ar-itg-p-turbinas-alt-int-25-larg-148-comp-436\/\",\"name\":\"FILTRO DE AR ITG P\/ TURBINAS ALT INT 25 LARG 148 COMP 436 - Auto Barbosa\",\"isPartOf\":{\"@id\":\"https:\/\/autobarbosa.com\/es\/#website\"},\"datePublished\":\"2025-12-16T08:22:34+00:00\",\"dateModified\":\"2025-12-16T08:22:34+00:00\",\"breadcrumb\":{\"@id\":\"https:\/\/autobarbosa.com\/es\/produto\/filtro-de-ar-itg-p-turbinas-alt-int-25-larg-148-comp-436\/#breadcrumb\"},\"inLanguage\":\"es\",\"potentialAction\":[{\"@type\":\"ReadAction\",\"target\":[\"https:\/\/autobarbosa.com\/es\/produto\/filtro-de-ar-itg-p-turbinas-alt-int-25-larg-148-comp-436\/\"]}]},{\"@type\":\"BreadcrumbList\",\"@id\":\"https:\/\/autobarbosa.com\/es\/produto\/filtro-de-ar-itg-p-turbinas-alt-int-25-larg-148-comp-436\/#breadcrumb\",\"itemListElement\":[{\"@type\":\"ListItem\",\"position\":1,\"name\":\"In\u00edcio\",\"item\":\"https:\/\/autobarbosa.com\/es\/\"},{\"@type\":\"ListItem\",\"position\":2,\"name\":\"Loja\",\"item\":\"https:\/\/autobarbosa.com\/\"},{\"@type\":\"ListItem\",\"position\":3,\"name\":\"FILTRO DE AR ITG P\/ TURBINAS ALT INT 25 LARG 148 COMP 436\"}]},{\"@type\":\"WebSite\",\"@id\":\"https:\/\/autobarbosa.com\/es\/#website\",\"url\":\"https:\/\/autobarbosa.com\/es\/\",\"name\":\"Auto Barbosa\",\"description\":\"Site institucional\",\"publisher\":{\"@id\":\"https:\/\/autobarbosa.com\/es\/#organization\"},\"potentialAction\":[{\"@type\":\"SearchAction\",\"target\":{\"@type\":\"EntryPoint\",\"urlTemplate\":\"https:\/\/autobarbosa.com\/es\/?s={search_term_string}\"},\"query-input\":\"required name=search_term_string\"}],\"inLanguage\":\"es\"},{\"@type\":\"Organization\",\"@id\":\"https:\/\/autobarbosa.com\/es\/#organization\",\"name\":\"Auto Barbosa\",\"url\":\"https:\/\/autobarbosa.com\/es\/\",\"logo\":{\"@type\":\"ImageObject\",\"inLanguage\":\"es\",\"@id\":\"https:\/\/autobarbosa.com\/es\/#\/schema\/logo\/image\/\",\"url\":\"https:\/\/autobarbosa.com\/wp-content\/uploads\/2023\/03\/AUTO-BARBOSA-LOGO-1-e1678715539111.png\",\"contentUrl\":\"https:\/\/autobarbosa.com\/wp-content\/uploads\/2023\/03\/AUTO-BARBOSA-LOGO-1-e1678715539111.png\",\"width\":3233,\"height\":3233,\"caption\":\"Auto Barbosa\"},\"image\":{\"@id\":\"https:\/\/autobarbosa.com\/es\/#\/schema\/logo\/image\/\"},\"sameAs\":[\"https:\/\/www.facebook.com\/autobarbosaoficina\",\"https:\/\/www.instagram.com\/autobarbosa.oficina\/\"]}]}<\/script>\n<!-- \/ Yoast SEO plugin. -->","yoast_head_json":{"title":"FILTRO DE AR ITG P\/ TURBINAS ALT INT 25 LARG 148 COMP 436 - Auto Barbosa","robots":{"index":"index","follow":"follow","max-snippet":"max-snippet:-1","max-image-preview":"max-image-preview:large","max-video-preview":"max-video-preview:-1"},"canonical":"https:\/\/autobarbosa.com\/es\/produto\/filtro-de-ar-itg-p-turbinas-alt-int-25-larg-148-comp-436\/","og_locale":"es_ES","og_type":"article","og_title":"FILTRO DE AR ITG P\/ TURBINAS ALT INT 25 LARG 148 COMP 436 - Auto Barbosa","og_description":"Filtro de ar ITG Megaflow JC50  Caixa de ar longa para dois carburadores. Filtro de ar de espuma com alto poder de filtragem (poeira at\u00e9 5 m\u00edcrons). Mant\u00e9m o n\u00edvel de desempenho mesmo em altas temperaturas. Garante fluxo de ar e press\u00e3o ideais. Feito de espuma especial \u201cTriFoam\u201d. Filtro de ar entregue completo. \u00d3leo antes de usar. Diferentes dimens\u00f5es dispon\u00edveis: alturas internas 25, 40, 65, 100 mm.  Especifica\u00e7\u00f5es JC50_25: Altura interna (A): 25 Largura (B): 148 Comprimento (C): 436 Altura total (D): 50  Especifica\u00e7\u00f5es JC50_40: Altura interna (A): 40 Largura (B): 148 Comprimento (C): 436 Altura total (D): 65  Especifica\u00e7\u00f5es JC50_65: Altura interna (A): 65 Largura (B): 148 Comprimento (C): 436 Altura total (D): 90  Especifica\u00e7\u00f5es JC50_100: Altura interna (A): 100 Largura (B) : 148 Comprimento (C): 436 Altura total (D): 125","og_url":"https:\/\/autobarbosa.com\/es\/produto\/filtro-de-ar-itg-p-turbinas-alt-int-25-larg-148-comp-436\/","og_site_name":"Auto Barbosa","article_publisher":"https:\/\/www.facebook.com\/autobarbosaoficina","twitter_card":"summary_large_image","twitter_misc":{"Tiempo de lectura":"1 minuto"},"schema":{"@context":"https:\/\/schema.org","@graph":[{"@type":"WebPage","@id":"https:\/\/autobarbosa.com\/es\/produto\/filtro-de-ar-itg-p-turbinas-alt-int-25-larg-148-comp-436\/","url":"https:\/\/autobarbosa.com\/es\/produto\/filtro-de-ar-itg-p-turbinas-alt-int-25-larg-148-comp-436\/","name":"FILTRO DE AR ITG P\/ TURBINAS ALT INT 25 LARG 148 COMP 436 - Auto Barbosa","isPartOf":{"@id":"https:\/\/autobarbosa.com\/es\/#website"},"datePublished":"2025-12-16T08:22:34+00:00","dateModified":"2025-12-16T08:22:34+00:00","breadcrumb":{"@id":"https:\/\/autobarbosa.com\/es\/produto\/filtro-de-ar-itg-p-turbinas-alt-int-25-larg-148-comp-436\/#breadcrumb"},"inLanguage":"es","potentialAction":[{"@type":"ReadAction","target":["https:\/\/autobarbosa.com\/es\/produto\/filtro-de-ar-itg-p-turbinas-alt-int-25-larg-148-comp-436\/"]}]},{"@type":"BreadcrumbList","@id":"https:\/\/autobarbosa.com\/es\/produto\/filtro-de-ar-itg-p-turbinas-alt-int-25-larg-148-comp-436\/#breadcrumb","itemListElement":[{"@type":"ListItem","position":1,"name":"In\u00edcio","item":"https:\/\/autobarbosa.com\/es\/"},{"@type":"ListItem","position":2,"name":"Loja","item":"https:\/\/autobarbosa.com\/"},{"@type":"ListItem","position":3,"name":"FILTRO DE AR ITG P\/ TURBINAS ALT INT 25 LARG 148 COMP 436"}]},{"@type":"WebSite","@id":"https:\/\/autobarbosa.com\/es\/#website","url":"https:\/\/autobarbosa.com\/es\/","name":"Auto Barbosa","description":"Site institucional","publisher":{"@id":"https:\/\/autobarbosa.com\/es\/#organization"},"potentialAction":[{"@type":"SearchAction","target":{"@type":"EntryPoint","urlTemplate":"https:\/\/autobarbosa.com\/es\/?s={search_term_string}"},"query-input":"required name=search_term_string"}],"inLanguage":"es"},{"@type":"Organization","@id":"https:\/\/autobarbosa.com\/es\/#organization","name":"Auto Barbosa","url":"https:\/\/autobarbosa.com\/es\/","logo":{"@type":"ImageObject","inLanguage":"es","@id":"https:\/\/autobarbosa.com\/es\/#\/schema\/logo\/image\/","url":"https:\/\/autobarbosa.com\/wp-content\/uploads\/2023\/03\/AUTO-BARBOSA-LOGO-1-e1678715539111.png","contentUrl":"https:\/\/autobarbosa.com\/wp-content\/uploads\/2023\/03\/AUTO-BARBOSA-LOGO-1-e1678715539111.png","width":3233,"height":3233,"caption":"Auto Barbosa"},"image":{"@id":"https:\/\/autobarbosa.com\/es\/#\/schema\/logo\/image\/"},"sameAs":["https:\/\/www.facebook.com\/autobarbosaoficina","https:\/\/www.instagram.com\/autobarbosa.oficina\/"]}]}},"_links":{"self":[{"href":"https:\/\/autobarbosa.com\/es\/wp-json\/wp\/v3\/product\/22804","targetHints":{"allow":["GET"]}}],"collection":[{"href":"https:\/\/autobarbosa.com\/es\/wp-json\/wp\/v3\/product"}],"about":[{"href":"https:\/\/autobarbosa.com\/es\/wp-json\/wp\/v2\/types\/product"}],"wp:attachment":[{"href":"https:\/\/autobarbosa.com\/es\/wp-json\/wp\/v2\/media?parent=22804"}],"wp:term":[{"taxonomy":"product_cat","embeddable":true,"href":"https:\/\/autobarbosa.com\/es\/wp-json\/wp\/v2\/product_cat?post=22804"},{"taxonomy":"product_tag","embeddable":true,"href":"https:\/\/autobarbosa.com\/es\/wp-json\/wp\/v2\/product_tag?post=22804"},{"taxonomy":"marca","embeddable":true,"href":"https:\/\/autobarbosa.com\/es\/wp-json\/wp\/v2\/marca?post=22804"}],"curies":[{"name":"wp","href":"https:\/\/api.w.org\/{rel}","templated":true}]}}