{"id":23152,"date":"2025-12-16T07:24:19","date_gmt":"2025-12-16T08:24:19","guid":{"rendered":"https:\/\/autobarbosa.com\/produto\/kit-de-suportes-fixacao-macaco-hidraulico-pkm\/"},"modified":"2025-12-16T07:24:19","modified_gmt":"2025-12-16T08:24:19","slug":"kit-de-suportes-fixacao-macaco-hidraulico-pkm","status":"publish","type":"product","link":"https:\/\/autobarbosa.com\/es\/produto\/kit-de-suportes-fixacao-macaco-hidraulico-pkm\/","title":{"rendered":"KIT DE SUPORTES FIXA\u00c7\u00c3O &#8211; MACACO HIDRAULICO  PKM"},"content":{"rendered":"<p>Kit de suporte de montagem plano para macaco hidr\u00e1ulico PKM Sport Jack<\/p>\n<p>O kit de suporte Sport Jack \u00e9 um kit adequado para o macaco PKM Consulting SPORT JACK refer\u00eancia: AAPKM00200.<br \/>\nEste kit permite fixar com seguran\u00e7a o macaco num ve\u00edculo, ao mesmo tempo que permite um f\u00e1cil manuseamento (1 pino para desfazer).<br \/>\nProjetado para ser fixado horizontal ou verticalmente, este kit oferece in\u00fameras op\u00e7\u00f5es de montagem.<br \/>\nFeito em alum\u00ednio, este kit \u00e9 robusto e leve.<br \/>\nUma refer\u00eancia de op\u00e7\u00e3o \u201ckit de bra\u00e7o\u201d: OPARC1AAPKM00200 permite que este kit seja fixado em um tubo com bra\u00e7adeiras.<\/p>\n<p>Caracter\u00edsticas t\u00e9cnicas:<br \/>\nPeso: 370 g (kit completo)<br \/>\nMateriais: Alum\u00ednio<\/p>\n<p>Este kit n\u00e3o inclui o macaco.<\/p>\n","protected":false},"excerpt":{"rendered":"<p>Kit de suporte de montagem plano para macaco hidr\u00e1ulico PKM Sport Jack<\/p>\n<p>O kit de suporte Sport Jack \u00e9 um kit adequado para o macaco PKM Consulting SPORT JACK refer\u00eancia: AAPKM00200.<br \/>\nEste kit permite fixar com seguran\u00e7a o macaco num ve\u00edculo, ao mesmo tempo que permite um f\u00e1cil manuseamento (1 pino para desfazer).<br \/>\nProjetado para ser fixado horizontal ou verticalmente, este kit oferece in\u00fameras op\u00e7\u00f5es de montagem.<br \/>\nFeito em alum\u00ednio, este kit \u00e9 robusto e leve.<br \/>\nUma refer\u00eancia de op\u00e7\u00e3o \u201ckit de bra\u00e7o\u201d: OPARC1AAPKM00200 permite que este kit seja fixado em um tubo com bra\u00e7adeiras.<\/p>\n<p>Caracter\u00edsticas t\u00e9cnicas:<br \/>\nPeso: 370 g (kit completo)<br \/>\nMateriais: Alum\u00ednio<\/p>\n<p>Este kit n\u00e3o inclui o macaco.<\/p>\n","protected":false},"featured_media":0,"template":"","meta":[],"product_cat":[560],"product_tag":[],"marca":[905],"class_list":["post-23152","product","type-product","status-publish","hentry","product_cat-macacos-rapidos","marca-pkm"],"yoast_head":"<!-- This site is optimized with the Yoast SEO plugin v20.5 - https:\/\/yoast.com\/wordpress\/plugins\/seo\/ -->\n<title>KIT DE SUPORTES FIXA\u00c7\u00c3O - MACACO HIDRAULICO PKM - Auto Barbosa<\/title>\n<meta name=\"robots\" content=\"index, follow, max-snippet:-1, max-image-preview:large, max-video-preview:-1\" \/>\n<link rel=\"canonical\" href=\"https:\/\/autobarbosa.com\/es\/produto\/kit-de-suportes-fixacao-macaco-hidraulico-pkm\/\" \/>\n<meta property=\"og:locale\" content=\"es_ES\" \/>\n<meta property=\"og:type\" content=\"article\" \/>\n<meta property=\"og:title\" content=\"KIT DE SUPORTES FIXA\u00c7\u00c3O - MACACO HIDRAULICO PKM - Auto Barbosa\" \/>\n<meta property=\"og:description\" content=\"Kit de suporte de montagem plano para macaco hidr\u00e1ulico PKM Sport Jack  O kit de suporte Sport Jack \u00e9 um kit adequado para o macaco PKM Consulting SPORT JACK refer\u00eancia: AAPKM00200. Este kit permite fixar com seguran\u00e7a o macaco num ve\u00edculo, ao mesmo tempo que permite um f\u00e1cil manuseamento (1 pino para desfazer). Projetado para ser fixado horizontal ou verticalmente, este kit oferece in\u00fameras op\u00e7\u00f5es de montagem. Feito em alum\u00ednio, este kit \u00e9 robusto e leve. Uma refer\u00eancia de op\u00e7\u00e3o \u201ckit de bra\u00e7o\u201d: OPARC1AAPKM00200 permite que este kit seja fixado em um tubo com bra\u00e7adeiras.  Caracter\u00edsticas t\u00e9cnicas: Peso: 370 g (kit completo) Materiais: Alum\u00ednio  Este kit n\u00e3o inclui o macaco.\" \/>\n<meta property=\"og:url\" content=\"https:\/\/autobarbosa.com\/es\/produto\/kit-de-suportes-fixacao-macaco-hidraulico-pkm\/\" \/>\n<meta property=\"og:site_name\" content=\"Auto Barbosa\" \/>\n<meta property=\"article:publisher\" content=\"https:\/\/www.facebook.com\/autobarbosaoficina\" \/>\n<meta name=\"twitter:card\" content=\"summary_large_image\" \/>\n<meta name=\"twitter:label1\" content=\"Tiempo de lectura\" \/>\n\t<meta name=\"twitter:data1\" content=\"1 minuto\" \/>\n<script type=\"application\/ld+json\" class=\"yoast-schema-graph\">{\"@context\":\"https:\/\/schema.org\",\"@graph\":[{\"@type\":\"WebPage\",\"@id\":\"https:\/\/autobarbosa.com\/es\/produto\/kit-de-suportes-fixacao-macaco-hidraulico-pkm\/\",\"url\":\"https:\/\/autobarbosa.com\/es\/produto\/kit-de-suportes-fixacao-macaco-hidraulico-pkm\/\",\"name\":\"KIT DE SUPORTES FIXA\u00c7\u00c3O - MACACO HIDRAULICO PKM - Auto Barbosa\",\"isPartOf\":{\"@id\":\"https:\/\/autobarbosa.com\/es\/#website\"},\"datePublished\":\"2025-12-16T08:24:19+00:00\",\"dateModified\":\"2025-12-16T08:24:19+00:00\",\"breadcrumb\":{\"@id\":\"https:\/\/autobarbosa.com\/es\/produto\/kit-de-suportes-fixacao-macaco-hidraulico-pkm\/#breadcrumb\"},\"inLanguage\":\"es\",\"potentialAction\":[{\"@type\":\"ReadAction\",\"target\":[\"https:\/\/autobarbosa.com\/es\/produto\/kit-de-suportes-fixacao-macaco-hidraulico-pkm\/\"]}]},{\"@type\":\"BreadcrumbList\",\"@id\":\"https:\/\/autobarbosa.com\/es\/produto\/kit-de-suportes-fixacao-macaco-hidraulico-pkm\/#breadcrumb\",\"itemListElement\":[{\"@type\":\"ListItem\",\"position\":1,\"name\":\"In\u00edcio\",\"item\":\"https:\/\/autobarbosa.com\/es\/\"},{\"@type\":\"ListItem\",\"position\":2,\"name\":\"Loja\",\"item\":\"https:\/\/autobarbosa.com\/\"},{\"@type\":\"ListItem\",\"position\":3,\"name\":\"KIT DE SUPORTES FIXA\u00c7\u00c3O &#8211; MACACO HIDRAULICO PKM\"}]},{\"@type\":\"WebSite\",\"@id\":\"https:\/\/autobarbosa.com\/es\/#website\",\"url\":\"https:\/\/autobarbosa.com\/es\/\",\"name\":\"Auto Barbosa\",\"description\":\"Site institucional\",\"publisher\":{\"@id\":\"https:\/\/autobarbosa.com\/es\/#organization\"},\"potentialAction\":[{\"@type\":\"SearchAction\",\"target\":{\"@type\":\"EntryPoint\",\"urlTemplate\":\"https:\/\/autobarbosa.com\/es\/?s={search_term_string}\"},\"query-input\":\"required name=search_term_string\"}],\"inLanguage\":\"es\"},{\"@type\":\"Organization\",\"@id\":\"https:\/\/autobarbosa.com\/es\/#organization\",\"name\":\"Auto Barbosa\",\"url\":\"https:\/\/autobarbosa.com\/es\/\",\"logo\":{\"@type\":\"ImageObject\",\"inLanguage\":\"es\",\"@id\":\"https:\/\/autobarbosa.com\/es\/#\/schema\/logo\/image\/\",\"url\":\"https:\/\/autobarbosa.com\/wp-content\/uploads\/2023\/03\/AUTO-BARBOSA-LOGO-1-e1678715539111.png\",\"contentUrl\":\"https:\/\/autobarbosa.com\/wp-content\/uploads\/2023\/03\/AUTO-BARBOSA-LOGO-1-e1678715539111.png\",\"width\":3233,\"height\":3233,\"caption\":\"Auto Barbosa\"},\"image\":{\"@id\":\"https:\/\/autobarbosa.com\/es\/#\/schema\/logo\/image\/\"},\"sameAs\":[\"https:\/\/www.facebook.com\/autobarbosaoficina\",\"https:\/\/www.instagram.com\/autobarbosa.oficina\/\"]}]}<\/script>\n<!-- \/ Yoast SEO plugin. -->","yoast_head_json":{"title":"KIT DE SUPORTES FIXA\u00c7\u00c3O - MACACO HIDRAULICO PKM - Auto Barbosa","robots":{"index":"index","follow":"follow","max-snippet":"max-snippet:-1","max-image-preview":"max-image-preview:large","max-video-preview":"max-video-preview:-1"},"canonical":"https:\/\/autobarbosa.com\/es\/produto\/kit-de-suportes-fixacao-macaco-hidraulico-pkm\/","og_locale":"es_ES","og_type":"article","og_title":"KIT DE SUPORTES FIXA\u00c7\u00c3O - MACACO HIDRAULICO PKM - Auto Barbosa","og_description":"Kit de suporte de montagem plano para macaco hidr\u00e1ulico PKM Sport Jack  O kit de suporte Sport Jack \u00e9 um kit adequado para o macaco PKM Consulting SPORT JACK refer\u00eancia: AAPKM00200. Este kit permite fixar com seguran\u00e7a o macaco num ve\u00edculo, ao mesmo tempo que permite um f\u00e1cil manuseamento (1 pino para desfazer). Projetado para ser fixado horizontal ou verticalmente, este kit oferece in\u00fameras op\u00e7\u00f5es de montagem. Feito em alum\u00ednio, este kit \u00e9 robusto e leve. Uma refer\u00eancia de op\u00e7\u00e3o \u201ckit de bra\u00e7o\u201d: OPARC1AAPKM00200 permite que este kit seja fixado em um tubo com bra\u00e7adeiras.  Caracter\u00edsticas t\u00e9cnicas: Peso: 370 g (kit completo) Materiais: Alum\u00ednio  Este kit n\u00e3o inclui o macaco.","og_url":"https:\/\/autobarbosa.com\/es\/produto\/kit-de-suportes-fixacao-macaco-hidraulico-pkm\/","og_site_name":"Auto Barbosa","article_publisher":"https:\/\/www.facebook.com\/autobarbosaoficina","twitter_card":"summary_large_image","twitter_misc":{"Tiempo de lectura":"1 minuto"},"schema":{"@context":"https:\/\/schema.org","@graph":[{"@type":"WebPage","@id":"https:\/\/autobarbosa.com\/es\/produto\/kit-de-suportes-fixacao-macaco-hidraulico-pkm\/","url":"https:\/\/autobarbosa.com\/es\/produto\/kit-de-suportes-fixacao-macaco-hidraulico-pkm\/","name":"KIT DE SUPORTES FIXA\u00c7\u00c3O - MACACO HIDRAULICO PKM - Auto Barbosa","isPartOf":{"@id":"https:\/\/autobarbosa.com\/es\/#website"},"datePublished":"2025-12-16T08:24:19+00:00","dateModified":"2025-12-16T08:24:19+00:00","breadcrumb":{"@id":"https:\/\/autobarbosa.com\/es\/produto\/kit-de-suportes-fixacao-macaco-hidraulico-pkm\/#breadcrumb"},"inLanguage":"es","potentialAction":[{"@type":"ReadAction","target":["https:\/\/autobarbosa.com\/es\/produto\/kit-de-suportes-fixacao-macaco-hidraulico-pkm\/"]}]},{"@type":"BreadcrumbList","@id":"https:\/\/autobarbosa.com\/es\/produto\/kit-de-suportes-fixacao-macaco-hidraulico-pkm\/#breadcrumb","itemListElement":[{"@type":"ListItem","position":1,"name":"In\u00edcio","item":"https:\/\/autobarbosa.com\/es\/"},{"@type":"ListItem","position":2,"name":"Loja","item":"https:\/\/autobarbosa.com\/"},{"@type":"ListItem","position":3,"name":"KIT DE SUPORTES FIXA\u00c7\u00c3O &#8211; MACACO HIDRAULICO PKM"}]},{"@type":"WebSite","@id":"https:\/\/autobarbosa.com\/es\/#website","url":"https:\/\/autobarbosa.com\/es\/","name":"Auto Barbosa","description":"Site institucional","publisher":{"@id":"https:\/\/autobarbosa.com\/es\/#organization"},"potentialAction":[{"@type":"SearchAction","target":{"@type":"EntryPoint","urlTemplate":"https:\/\/autobarbosa.com\/es\/?s={search_term_string}"},"query-input":"required name=search_term_string"}],"inLanguage":"es"},{"@type":"Organization","@id":"https:\/\/autobarbosa.com\/es\/#organization","name":"Auto Barbosa","url":"https:\/\/autobarbosa.com\/es\/","logo":{"@type":"ImageObject","inLanguage":"es","@id":"https:\/\/autobarbosa.com\/es\/#\/schema\/logo\/image\/","url":"https:\/\/autobarbosa.com\/wp-content\/uploads\/2023\/03\/AUTO-BARBOSA-LOGO-1-e1678715539111.png","contentUrl":"https:\/\/autobarbosa.com\/wp-content\/uploads\/2023\/03\/AUTO-BARBOSA-LOGO-1-e1678715539111.png","width":3233,"height":3233,"caption":"Auto Barbosa"},"image":{"@id":"https:\/\/autobarbosa.com\/es\/#\/schema\/logo\/image\/"},"sameAs":["https:\/\/www.facebook.com\/autobarbosaoficina","https:\/\/www.instagram.com\/autobarbosa.oficina\/"]}]}},"_links":{"self":[{"href":"https:\/\/autobarbosa.com\/es\/wp-json\/wp\/v3\/product\/23152","targetHints":{"allow":["GET"]}}],"collection":[{"href":"https:\/\/autobarbosa.com\/es\/wp-json\/wp\/v3\/product"}],"about":[{"href":"https:\/\/autobarbosa.com\/es\/wp-json\/wp\/v2\/types\/product"}],"wp:attachment":[{"href":"https:\/\/autobarbosa.com\/es\/wp-json\/wp\/v2\/media?parent=23152"}],"wp:term":[{"taxonomy":"product_cat","embeddable":true,"href":"https:\/\/autobarbosa.com\/es\/wp-json\/wp\/v2\/product_cat?post=23152"},{"taxonomy":"product_tag","embeddable":true,"href":"https:\/\/autobarbosa.com\/es\/wp-json\/wp\/v2\/product_tag?post=23152"},{"taxonomy":"marca","embeddable":true,"href":"https:\/\/autobarbosa.com\/es\/wp-json\/wp\/v2\/marca?post=23152"}],"curies":[{"name":"wp","href":"https:\/\/api.w.org\/{rel}","templated":true}]}}