{"id":23510,"date":"2026-01-20T19:07:03","date_gmt":"2026-01-20T20:07:03","guid":{"rendered":"https:\/\/autobarbosa.com\/produto\/extintor-lifeline-275l-eletrico-automatico-so-botija\/"},"modified":"2026-01-20T19:07:03","modified_gmt":"2026-01-20T20:07:03","slug":"extintor-lifeline-275l-eletrico-automatico-so-botija","status":"publish","type":"product","link":"https:\/\/autobarbosa.com\/es\/produto\/extintor-lifeline-275l-eletrico-automatico-so-botija\/","title":{"rendered":"EXTINTOR LIFELINE 275L   ELETRICO AUTOMATICO &#8211; (S\u00d3 BOTIJA)"},"content":{"rendered":"<p>Botija do extintor de inc\u00eandio el\u00e9trico autom\u00e1tico Zero 275, 2,6 kg, em alum\u00ednio.<\/p>\n<p>Desde sua funda\u00e7\u00e3o em 1994, a Lifeline se consolidou como uma refer\u00eancia no desenvolvimento de produtos de seguran\u00e7a para o automobilismo, garantindo qualidade e desempenho incompar\u00e1veis. Presente em todos os campeonatos, da F\u00f3rmula 1 ao WEC, incluindo F\u00f3rmula E e WRC, os produtos Lifeline s\u00e3o sin\u00f4nimo de desempenho e confiabilidade.<\/p>\n<p>Projetado para atender \u00e0 norma FIA 8865-2015, o sistema Zero 275L \u00e9 o extintor de inc\u00eandio utilizado, em particular, em carros Rally2 movidos a etanol E85.<\/p>\n<p>Observa\u00e7\u00e3o: Se o seu ve\u00edculo j\u00e1 estiver equipado com um sistema Zero 275 padr\u00e3o (ref. 105-001-019) e voc\u00ea precisar atualizar para o sistema 275L (ref. 105-001-028), somente o cilindro pode ser substitu\u00eddo. Todos os outros componentes permanecem exatamente os mesmos.<\/p>\n<p>Modelo: Zero 275L (somente o tanque)<br \/>\nTipo: El\u00e9trico autom\u00e1tico<br \/>\nMaterial do tanque\/cilindro: Alum\u00ednio<br \/>\nCor do tanque\/cilindro: Preto<\/p>\n<p>Dimens\u00f5es (comprimento): 404 mm<br \/>\nDimens\u00f5es (di\u00e2metro): 125 mm<\/p>\n<p>Homologa\u00e7\u00e3o: FIA 8865-2015 (Lista T\u00e9cnica n\u00ba 52). A norma FIA 8865 \u00e9 obrigat\u00f3ria nas categorias R4, R5, RGT, S2000, T1 e WRC.<\/p>\n<p>Lembre-se de fazer a manuten\u00e7\u00e3o dos seus extintores de inc\u00eandio na Oreca!<br \/>\n\u00c9 obrigat\u00f3rio; os extintores de inc\u00eandio devem ser revisados \u200b\u200ba cada 2 anos durante 10 anos*. Um extintor de inc\u00eandio com mais de 10 anos \u00e9 considerado obsoleto e deve ser completamente substitu\u00eddo.<br \/>\nA Oreca \u00e9 homologada pela LIFELINE, OMP e SPARCO para recarga de extintores de inc\u00eandio (exceto modelos de p\u00f3 qu\u00edmico).<br \/>\nRecargas NOVEC est\u00e3o dispon\u00edveis somente mediante or\u00e7amento.<br \/>\n*Observa\u00e7\u00e3o: O cilindro deve estar em perfeitas condi\u00e7\u00f5es, como novo.<\/p>\n","protected":false},"excerpt":{"rendered":"<p>Botija do extintor de inc\u00eandio el\u00e9trico autom\u00e1tico Zero 275, 2,6 kg, em alum\u00ednio.<\/p>\n<p>Desde sua funda\u00e7\u00e3o em 1994, a Lifeline se consolidou como uma refer\u00eancia no desenvolvimento de produtos de seguran\u00e7a para o automobilismo, garantindo qualidade e desempenho incompar\u00e1veis. Presente em todos os campeonatos, da F\u00f3rmula 1 ao WEC, incluindo F\u00f3rmula E e WRC, os produtos Lifeline s\u00e3o sin\u00f4nimo de desempenho e confiabilidade.<\/p>\n<p>Projetado para atender \u00e0 norma FIA 8865-2015, o sistema Zero 275L \u00e9 o extintor de inc\u00eandio utilizado, em particular, em carros Rally2 movidos a etanol E85.<\/p>\n<p>Observa\u00e7\u00e3o: Se o seu ve\u00edculo j\u00e1 estiver equipado com um sistema Zero 275 padr\u00e3o (ref. 105-001-019) e voc\u00ea precisar atualizar para o sistema 275L (ref. 105-001-028), somente o cilindro pode ser substitu\u00eddo. Todos os outros componentes permanecem exatamente os mesmos.<\/p>\n<p>Modelo: Zero 275L (somente o tanque)<br \/>\nTipo: El\u00e9trico autom\u00e1tico<br \/>\nMaterial do tanque\/cilindro: Alum\u00ednio<br \/>\nCor do tanque\/cilindro: Preto<\/p>\n<p>Dimens\u00f5es (comprimento): 404 mm<br \/>\nDimens\u00f5es (di\u00e2metro): 125 mm<\/p>\n<p>Homologa\u00e7\u00e3o: FIA 8865-2015 (Lista T\u00e9cnica n\u00ba 52). A norma FIA 8865 \u00e9 obrigat\u00f3ria nas categorias R4, R5, RGT, S2000, T1 e WRC.<\/p>\n<p>Lembre-se de fazer a manuten\u00e7\u00e3o dos seus extintores de inc\u00eandio na Oreca!<br \/>\n\u00c9 obrigat\u00f3rio; os extintores de inc\u00eandio devem ser revisados \u200b\u200ba cada 2 anos durante 10 anos*. Um extintor de inc\u00eandio com mais de 10 anos \u00e9 considerado obsoleto e deve ser completamente substitu\u00eddo.<br \/>\nA Oreca \u00e9 homologada pela LIFELINE, OMP e SPARCO para recarga de extintores de inc\u00eandio (exceto modelos de p\u00f3 qu\u00edmico).<br \/>\nRecargas NOVEC est\u00e3o dispon\u00edveis somente mediante or\u00e7amento.<br \/>\n*Observa\u00e7\u00e3o: O cilindro deve estar em perfeitas condi\u00e7\u00f5es, como novo.<\/p>\n","protected":false},"featured_media":0,"template":"","meta":[],"product_cat":[874],"product_tag":[],"marca":[995],"class_list":["post-23510","product","type-product","status-publish","hentry","product_cat-extintores-automaticos","marca-lifeline"],"yoast_head":"<!-- This site is optimized with the Yoast SEO plugin v20.5 - https:\/\/yoast.com\/wordpress\/plugins\/seo\/ -->\n<title>EXTINTOR LIFELINE 275L  ELETRICO AUTOMATICO - (S\u00d3 BOTIJA) - Auto Barbosa<\/title>\n<meta name=\"robots\" content=\"index, follow, max-snippet:-1, max-image-preview:large, max-video-preview:-1\" \/>\n<link rel=\"canonical\" href=\"https:\/\/autobarbosa.com\/es\/produto\/extintor-lifeline-275l-eletrico-automatico-so-botija\/\" \/>\n<meta property=\"og:locale\" content=\"es_ES\" \/>\n<meta property=\"og:type\" content=\"article\" \/>\n<meta property=\"og:title\" content=\"EXTINTOR LIFELINE 275L  ELETRICO AUTOMATICO - (S\u00d3 BOTIJA) - Auto Barbosa\" \/>\n<meta property=\"og:description\" content=\"Botija do extintor de inc\u00eandio el\u00e9trico autom\u00e1tico Zero 275, 2,6 kg, em alum\u00ednio.  Desde sua funda\u00e7\u00e3o em 1994, a Lifeline se consolidou como uma refer\u00eancia no desenvolvimento de produtos de seguran\u00e7a para o automobilismo, garantindo qualidade e desempenho incompar\u00e1veis. Presente em todos os campeonatos, da F\u00f3rmula 1 ao WEC, incluindo F\u00f3rmula E e WRC, os produtos Lifeline s\u00e3o sin\u00f4nimo de desempenho e confiabilidade.  Projetado para atender \u00e0 norma FIA 8865-2015, o sistema Zero 275L \u00e9 o extintor de inc\u00eandio utilizado, em particular, em carros Rally2 movidos a etanol E85.  Observa\u00e7\u00e3o: Se o seu ve\u00edculo j\u00e1 estiver equipado com um sistema Zero 275 padr\u00e3o (ref. 105-001-019) e voc\u00ea precisar atualizar para o sistema 275L (ref. 105-001-028), somente o cilindro pode ser substitu\u00eddo. Todos os outros componentes permanecem exatamente os mesmos.  Modelo: Zero 275L (somente o tanque) Tipo: El\u00e9trico autom\u00e1tico Material do tanque\/cilindro: Alum\u00ednio Cor do tanque\/cilindro: Preto  Dimens\u00f5es (comprimento): 404 mm Dimens\u00f5es (di\u00e2metro): 125 mm  Homologa\u00e7\u00e3o: FIA 8865-2015 (Lista T\u00e9cnica n\u00ba 52). A norma FIA 8865 \u00e9 obrigat\u00f3ria nas categorias R4, R5, RGT, S2000, T1 e WRC.  Lembre-se de fazer a manuten\u00e7\u00e3o dos seus extintores de inc\u00eandio na Oreca! \u00c9 obrigat\u00f3rio; os extintores de inc\u00eandio devem ser revisados \u200b\u200ba cada 2 anos durante 10 anos*. Um extintor de inc\u00eandio com mais de 10 anos \u00e9 considerado obsoleto e deve ser completamente substitu\u00eddo. A Oreca \u00e9 homologada pela LIFELINE, OMP e SPARCO para recarga de extintores de inc\u00eandio (exceto modelos de p\u00f3 qu\u00edmico). Recargas NOVEC est\u00e3o dispon\u00edveis somente mediante or\u00e7amento. *Observa\u00e7\u00e3o: O cilindro deve estar em perfeitas condi\u00e7\u00f5es, como novo.\" \/>\n<meta property=\"og:url\" content=\"https:\/\/autobarbosa.com\/es\/produto\/extintor-lifeline-275l-eletrico-automatico-so-botija\/\" \/>\n<meta property=\"og:site_name\" content=\"Auto Barbosa\" \/>\n<meta property=\"article:publisher\" content=\"https:\/\/www.facebook.com\/autobarbosaoficina\" \/>\n<meta name=\"twitter:card\" content=\"summary_large_image\" \/>\n<meta name=\"twitter:label1\" content=\"Tiempo de lectura\" \/>\n\t<meta name=\"twitter:data1\" content=\"1 minuto\" \/>\n<script type=\"application\/ld+json\" class=\"yoast-schema-graph\">{\"@context\":\"https:\/\/schema.org\",\"@graph\":[{\"@type\":\"WebPage\",\"@id\":\"https:\/\/autobarbosa.com\/es\/produto\/extintor-lifeline-275l-eletrico-automatico-so-botija\/\",\"url\":\"https:\/\/autobarbosa.com\/es\/produto\/extintor-lifeline-275l-eletrico-automatico-so-botija\/\",\"name\":\"EXTINTOR LIFELINE 275L ELETRICO AUTOMATICO - (S\u00d3 BOTIJA) - Auto Barbosa\",\"isPartOf\":{\"@id\":\"https:\/\/autobarbosa.com\/es\/#website\"},\"datePublished\":\"2026-01-20T20:07:03+00:00\",\"dateModified\":\"2026-01-20T20:07:03+00:00\",\"breadcrumb\":{\"@id\":\"https:\/\/autobarbosa.com\/es\/produto\/extintor-lifeline-275l-eletrico-automatico-so-botija\/#breadcrumb\"},\"inLanguage\":\"es\",\"potentialAction\":[{\"@type\":\"ReadAction\",\"target\":[\"https:\/\/autobarbosa.com\/es\/produto\/extintor-lifeline-275l-eletrico-automatico-so-botija\/\"]}]},{\"@type\":\"BreadcrumbList\",\"@id\":\"https:\/\/autobarbosa.com\/es\/produto\/extintor-lifeline-275l-eletrico-automatico-so-botija\/#breadcrumb\",\"itemListElement\":[{\"@type\":\"ListItem\",\"position\":1,\"name\":\"In\u00edcio\",\"item\":\"https:\/\/autobarbosa.com\/es\/\"},{\"@type\":\"ListItem\",\"position\":2,\"name\":\"Loja\",\"item\":\"https:\/\/autobarbosa.com\/\"},{\"@type\":\"ListItem\",\"position\":3,\"name\":\"EXTINTOR LIFELINE 275L ELETRICO AUTOMATICO &#8211; (S\u00d3 BOTIJA)\"}]},{\"@type\":\"WebSite\",\"@id\":\"https:\/\/autobarbosa.com\/es\/#website\",\"url\":\"https:\/\/autobarbosa.com\/es\/\",\"name\":\"Auto Barbosa\",\"description\":\"Site institucional\",\"publisher\":{\"@id\":\"https:\/\/autobarbosa.com\/es\/#organization\"},\"potentialAction\":[{\"@type\":\"SearchAction\",\"target\":{\"@type\":\"EntryPoint\",\"urlTemplate\":\"https:\/\/autobarbosa.com\/es\/?s={search_term_string}\"},\"query-input\":\"required name=search_term_string\"}],\"inLanguage\":\"es\"},{\"@type\":\"Organization\",\"@id\":\"https:\/\/autobarbosa.com\/es\/#organization\",\"name\":\"Auto Barbosa\",\"url\":\"https:\/\/autobarbosa.com\/es\/\",\"logo\":{\"@type\":\"ImageObject\",\"inLanguage\":\"es\",\"@id\":\"https:\/\/autobarbosa.com\/es\/#\/schema\/logo\/image\/\",\"url\":\"https:\/\/autobarbosa.com\/wp-content\/uploads\/2023\/03\/AUTO-BARBOSA-LOGO-1-e1678715539111.png\",\"contentUrl\":\"https:\/\/autobarbosa.com\/wp-content\/uploads\/2023\/03\/AUTO-BARBOSA-LOGO-1-e1678715539111.png\",\"width\":3233,\"height\":3233,\"caption\":\"Auto Barbosa\"},\"image\":{\"@id\":\"https:\/\/autobarbosa.com\/es\/#\/schema\/logo\/image\/\"},\"sameAs\":[\"https:\/\/www.facebook.com\/autobarbosaoficina\",\"https:\/\/www.instagram.com\/autobarbosa.oficina\/\"]}]}<\/script>\n<!-- \/ Yoast SEO plugin. -->","yoast_head_json":{"title":"EXTINTOR LIFELINE 275L  ELETRICO AUTOMATICO - (S\u00d3 BOTIJA) - Auto Barbosa","robots":{"index":"index","follow":"follow","max-snippet":"max-snippet:-1","max-image-preview":"max-image-preview:large","max-video-preview":"max-video-preview:-1"},"canonical":"https:\/\/autobarbosa.com\/es\/produto\/extintor-lifeline-275l-eletrico-automatico-so-botija\/","og_locale":"es_ES","og_type":"article","og_title":"EXTINTOR LIFELINE 275L  ELETRICO AUTOMATICO - (S\u00d3 BOTIJA) - Auto Barbosa","og_description":"Botija do extintor de inc\u00eandio el\u00e9trico autom\u00e1tico Zero 275, 2,6 kg, em alum\u00ednio.  Desde sua funda\u00e7\u00e3o em 1994, a Lifeline se consolidou como uma refer\u00eancia no desenvolvimento de produtos de seguran\u00e7a para o automobilismo, garantindo qualidade e desempenho incompar\u00e1veis. Presente em todos os campeonatos, da F\u00f3rmula 1 ao WEC, incluindo F\u00f3rmula E e WRC, os produtos Lifeline s\u00e3o sin\u00f4nimo de desempenho e confiabilidade.  Projetado para atender \u00e0 norma FIA 8865-2015, o sistema Zero 275L \u00e9 o extintor de inc\u00eandio utilizado, em particular, em carros Rally2 movidos a etanol E85.  Observa\u00e7\u00e3o: Se o seu ve\u00edculo j\u00e1 estiver equipado com um sistema Zero 275 padr\u00e3o (ref. 105-001-019) e voc\u00ea precisar atualizar para o sistema 275L (ref. 105-001-028), somente o cilindro pode ser substitu\u00eddo. Todos os outros componentes permanecem exatamente os mesmos.  Modelo: Zero 275L (somente o tanque) Tipo: El\u00e9trico autom\u00e1tico Material do tanque\/cilindro: Alum\u00ednio Cor do tanque\/cilindro: Preto  Dimens\u00f5es (comprimento): 404 mm Dimens\u00f5es (di\u00e2metro): 125 mm  Homologa\u00e7\u00e3o: FIA 8865-2015 (Lista T\u00e9cnica n\u00ba 52). A norma FIA 8865 \u00e9 obrigat\u00f3ria nas categorias R4, R5, RGT, S2000, T1 e WRC.  Lembre-se de fazer a manuten\u00e7\u00e3o dos seus extintores de inc\u00eandio na Oreca! \u00c9 obrigat\u00f3rio; os extintores de inc\u00eandio devem ser revisados \u200b\u200ba cada 2 anos durante 10 anos*. Um extintor de inc\u00eandio com mais de 10 anos \u00e9 considerado obsoleto e deve ser completamente substitu\u00eddo. A Oreca \u00e9 homologada pela LIFELINE, OMP e SPARCO para recarga de extintores de inc\u00eandio (exceto modelos de p\u00f3 qu\u00edmico). Recargas NOVEC est\u00e3o dispon\u00edveis somente mediante or\u00e7amento. *Observa\u00e7\u00e3o: O cilindro deve estar em perfeitas condi\u00e7\u00f5es, como novo.","og_url":"https:\/\/autobarbosa.com\/es\/produto\/extintor-lifeline-275l-eletrico-automatico-so-botija\/","og_site_name":"Auto Barbosa","article_publisher":"https:\/\/www.facebook.com\/autobarbosaoficina","twitter_card":"summary_large_image","twitter_misc":{"Tiempo de lectura":"1 minuto"},"schema":{"@context":"https:\/\/schema.org","@graph":[{"@type":"WebPage","@id":"https:\/\/autobarbosa.com\/es\/produto\/extintor-lifeline-275l-eletrico-automatico-so-botija\/","url":"https:\/\/autobarbosa.com\/es\/produto\/extintor-lifeline-275l-eletrico-automatico-so-botija\/","name":"EXTINTOR LIFELINE 275L ELETRICO AUTOMATICO - (S\u00d3 BOTIJA) - Auto Barbosa","isPartOf":{"@id":"https:\/\/autobarbosa.com\/es\/#website"},"datePublished":"2026-01-20T20:07:03+00:00","dateModified":"2026-01-20T20:07:03+00:00","breadcrumb":{"@id":"https:\/\/autobarbosa.com\/es\/produto\/extintor-lifeline-275l-eletrico-automatico-so-botija\/#breadcrumb"},"inLanguage":"es","potentialAction":[{"@type":"ReadAction","target":["https:\/\/autobarbosa.com\/es\/produto\/extintor-lifeline-275l-eletrico-automatico-so-botija\/"]}]},{"@type":"BreadcrumbList","@id":"https:\/\/autobarbosa.com\/es\/produto\/extintor-lifeline-275l-eletrico-automatico-so-botija\/#breadcrumb","itemListElement":[{"@type":"ListItem","position":1,"name":"In\u00edcio","item":"https:\/\/autobarbosa.com\/es\/"},{"@type":"ListItem","position":2,"name":"Loja","item":"https:\/\/autobarbosa.com\/"},{"@type":"ListItem","position":3,"name":"EXTINTOR LIFELINE 275L ELETRICO AUTOMATICO &#8211; (S\u00d3 BOTIJA)"}]},{"@type":"WebSite","@id":"https:\/\/autobarbosa.com\/es\/#website","url":"https:\/\/autobarbosa.com\/es\/","name":"Auto Barbosa","description":"Site institucional","publisher":{"@id":"https:\/\/autobarbosa.com\/es\/#organization"},"potentialAction":[{"@type":"SearchAction","target":{"@type":"EntryPoint","urlTemplate":"https:\/\/autobarbosa.com\/es\/?s={search_term_string}"},"query-input":"required name=search_term_string"}],"inLanguage":"es"},{"@type":"Organization","@id":"https:\/\/autobarbosa.com\/es\/#organization","name":"Auto Barbosa","url":"https:\/\/autobarbosa.com\/es\/","logo":{"@type":"ImageObject","inLanguage":"es","@id":"https:\/\/autobarbosa.com\/es\/#\/schema\/logo\/image\/","url":"https:\/\/autobarbosa.com\/wp-content\/uploads\/2023\/03\/AUTO-BARBOSA-LOGO-1-e1678715539111.png","contentUrl":"https:\/\/autobarbosa.com\/wp-content\/uploads\/2023\/03\/AUTO-BARBOSA-LOGO-1-e1678715539111.png","width":3233,"height":3233,"caption":"Auto Barbosa"},"image":{"@id":"https:\/\/autobarbosa.com\/es\/#\/schema\/logo\/image\/"},"sameAs":["https:\/\/www.facebook.com\/autobarbosaoficina","https:\/\/www.instagram.com\/autobarbosa.oficina\/"]}]}},"_links":{"self":[{"href":"https:\/\/autobarbosa.com\/es\/wp-json\/wp\/v3\/product\/23510","targetHints":{"allow":["GET"]}}],"collection":[{"href":"https:\/\/autobarbosa.com\/es\/wp-json\/wp\/v3\/product"}],"about":[{"href":"https:\/\/autobarbosa.com\/es\/wp-json\/wp\/v2\/types\/product"}],"wp:attachment":[{"href":"https:\/\/autobarbosa.com\/es\/wp-json\/wp\/v2\/media?parent=23510"}],"wp:term":[{"taxonomy":"product_cat","embeddable":true,"href":"https:\/\/autobarbosa.com\/es\/wp-json\/wp\/v2\/product_cat?post=23510"},{"taxonomy":"product_tag","embeddable":true,"href":"https:\/\/autobarbosa.com\/es\/wp-json\/wp\/v2\/product_tag?post=23510"},{"taxonomy":"marca","embeddable":true,"href":"https:\/\/autobarbosa.com\/es\/wp-json\/wp\/v2\/marca?post=23510"}],"curies":[{"name":"wp","href":"https:\/\/api.w.org\/{rel}","templated":true}]}}