{"id":23702,"date":"2026-02-06T19:24:30","date_gmt":"2026-02-06T20:24:30","guid":{"rendered":"https:\/\/autobarbosa.com\/produto\/rotula-smg16x50-rosca-direita-m16x-200\/"},"modified":"2026-02-06T19:24:30","modified_gmt":"2026-02-06T20:24:30","slug":"rotula-smg16x50-rosca-direita-m16x-200","status":"publish","type":"product","link":"https:\/\/autobarbosa.com\/es\/produto\/rotula-smg16x50-rosca-direita-m16x-200\/","title":{"rendered":"ROTULA SMG16X50 ROSCA  DIREITA &#8211; M16X 200"},"content":{"rendered":"<p>Junta Esf\u00e9rica Macho Lubrificada UNIBAL Competition.<\/p>\n<p>As juntas esf\u00e9ricas Unibal conquistaram uma reputa\u00e7\u00e3o extraordin\u00e1ria no automobilismo gra\u00e7as \u00e0 sua qualidade excepcional e longa vida \u00fatil.<br \/>\nSeu design, derivado diretamente da aeron\u00e1utica, tornou essas juntas esf\u00e9ricas uma refer\u00eancia no campo dos sistemas de suspens\u00e3o, com folga operacional m\u00ednima, durabilidade incompar\u00e1vel e alt\u00edssima resist\u00eancia.<\/p>\n<p>Especifica\u00e7\u00f5es:<br \/>\n&#8211; Linha Unibal: Competition.<br \/>\n&#8211; Tipo de junta esf\u00e9rica: com extremidade.<br \/>\n&#8211; Tipo de rosca: macho.<br \/>\n&#8211; Lubrifica\u00e7\u00e3o: lubrifica\u00e7\u00e3o regular com graxa.<br \/>\n&#8211; Material: a\u00e7o\/bronze.<br \/>\n&#8211; Sentido da rosca: opcional.<\/p>\n<p>Para todas as dimens\u00f5es e cargas est\u00e1ticas dispon\u00edveis das juntas esf\u00e9ricas, consulte a tabela na foto 2.<\/p>\n<p>As juntas esf\u00e9ricas Unibal s\u00e3o testadas at\u00e9 o ponto de deforma\u00e7\u00e3o do material, e n\u00e3o at\u00e9 a ruptura, como a maioria das concorrentes.<br \/>\nAssim, uma carga est\u00e1tica de 2400 daN em uma junta esf\u00e9rica da concorr\u00eancia \u00e9 aproximadamente equivalente a uma carga est\u00e1tica de 2000 daN em uma junta esf\u00e9rica Unibal.<\/p>\n","protected":false},"excerpt":{"rendered":"<p>Junta Esf\u00e9rica Macho Lubrificada UNIBAL Competition.<\/p>\n<p>As juntas esf\u00e9ricas Unibal conquistaram uma reputa\u00e7\u00e3o extraordin\u00e1ria no automobilismo gra\u00e7as \u00e0 sua qualidade excepcional e longa vida \u00fatil.<br \/>\nSeu design, derivado diretamente da aeron\u00e1utica, tornou essas juntas esf\u00e9ricas uma refer\u00eancia no campo dos sistemas de suspens\u00e3o, com folga operacional m\u00ednima, durabilidade incompar\u00e1vel e alt\u00edssima resist\u00eancia.<\/p>\n<p>Especifica\u00e7\u00f5es:<br \/>\n&#8211; Linha Unibal: Competition.<br \/>\n&#8211; Tipo de junta esf\u00e9rica: com extremidade.<br \/>\n&#8211; Tipo de rosca: macho.<br \/>\n&#8211; Lubrifica\u00e7\u00e3o: lubrifica\u00e7\u00e3o regular com graxa.<br \/>\n&#8211; Material: a\u00e7o\/bronze.<br \/>\n&#8211; Sentido da rosca: opcional.<\/p>\n<p>Para todas as dimens\u00f5es e cargas est\u00e1ticas dispon\u00edveis das juntas esf\u00e9ricas, consulte a tabela na foto 2.<\/p>\n<p>As juntas esf\u00e9ricas Unibal s\u00e3o testadas at\u00e9 o ponto de deforma\u00e7\u00e3o do material, e n\u00e3o at\u00e9 a ruptura, como a maioria das concorrentes.<br \/>\nAssim, uma carga est\u00e1tica de 2400 daN em uma junta esf\u00e9rica da concorr\u00eancia \u00e9 aproximadamente equivalente a uma carga est\u00e1tica de 2000 daN em uma junta esf\u00e9rica Unibal.<\/p>\n","protected":false},"featured_media":0,"template":"","meta":[],"product_cat":[570],"product_tag":[],"marca":[275],"class_list":["post-23702","product","type-product","status-publish","hentry","product_cat-rotulas-cardan","marca-uniball"],"yoast_head":"<!-- This site is optimized with the Yoast SEO plugin v20.5 - https:\/\/yoast.com\/wordpress\/plugins\/seo\/ -->\n<title>ROTULA SMG16X50 ROSCA DIREITA - M16X 200 - Auto Barbosa<\/title>\n<meta name=\"robots\" content=\"index, follow, max-snippet:-1, max-image-preview:large, max-video-preview:-1\" \/>\n<link rel=\"canonical\" href=\"https:\/\/autobarbosa.com\/es\/produto\/rotula-smg16x50-rosca-direita-m16x-200\/\" \/>\n<meta property=\"og:locale\" content=\"es_ES\" \/>\n<meta property=\"og:type\" content=\"article\" \/>\n<meta property=\"og:title\" content=\"ROTULA SMG16X50 ROSCA DIREITA - M16X 200 - Auto Barbosa\" \/>\n<meta property=\"og:description\" content=\"Junta Esf\u00e9rica Macho Lubrificada UNIBAL Competition.   As juntas esf\u00e9ricas Unibal conquistaram uma reputa\u00e7\u00e3o extraordin\u00e1ria no automobilismo gra\u00e7as \u00e0 sua qualidade excepcional e longa vida \u00fatil. Seu design, derivado diretamente da aeron\u00e1utica, tornou essas juntas esf\u00e9ricas uma refer\u00eancia no campo dos sistemas de suspens\u00e3o, com folga operacional m\u00ednima, durabilidade incompar\u00e1vel e alt\u00edssima resist\u00eancia.  Especifica\u00e7\u00f5es: - Linha Unibal: Competition. - Tipo de junta esf\u00e9rica: com extremidade. - Tipo de rosca: macho. - Lubrifica\u00e7\u00e3o: lubrifica\u00e7\u00e3o regular com graxa. - Material: a\u00e7o\/bronze. - Sentido da rosca: opcional.  Para todas as dimens\u00f5es e cargas est\u00e1ticas dispon\u00edveis das juntas esf\u00e9ricas, consulte a tabela na foto 2.  As juntas esf\u00e9ricas Unibal s\u00e3o testadas at\u00e9 o ponto de deforma\u00e7\u00e3o do material, e n\u00e3o at\u00e9 a ruptura, como a maioria das concorrentes. Assim, uma carga est\u00e1tica de 2400 daN em uma junta esf\u00e9rica da concorr\u00eancia \u00e9 aproximadamente equivalente a uma carga est\u00e1tica de 2000 daN em uma junta esf\u00e9rica Unibal.\" \/>\n<meta property=\"og:url\" content=\"https:\/\/autobarbosa.com\/es\/produto\/rotula-smg16x50-rosca-direita-m16x-200\/\" \/>\n<meta property=\"og:site_name\" content=\"Auto Barbosa\" \/>\n<meta property=\"article:publisher\" content=\"https:\/\/www.facebook.com\/autobarbosaoficina\" \/>\n<meta name=\"twitter:card\" content=\"summary_large_image\" \/>\n<meta name=\"twitter:label1\" content=\"Tiempo de lectura\" \/>\n\t<meta name=\"twitter:data1\" content=\"1 minuto\" \/>\n<script type=\"application\/ld+json\" class=\"yoast-schema-graph\">{\"@context\":\"https:\/\/schema.org\",\"@graph\":[{\"@type\":\"WebPage\",\"@id\":\"https:\/\/autobarbosa.com\/es\/produto\/rotula-smg16x50-rosca-direita-m16x-200\/\",\"url\":\"https:\/\/autobarbosa.com\/es\/produto\/rotula-smg16x50-rosca-direita-m16x-200\/\",\"name\":\"ROTULA SMG16X50 ROSCA DIREITA - M16X 200 - Auto Barbosa\",\"isPartOf\":{\"@id\":\"https:\/\/autobarbosa.com\/es\/#website\"},\"datePublished\":\"2026-02-06T20:24:30+00:00\",\"dateModified\":\"2026-02-06T20:24:30+00:00\",\"breadcrumb\":{\"@id\":\"https:\/\/autobarbosa.com\/es\/produto\/rotula-smg16x50-rosca-direita-m16x-200\/#breadcrumb\"},\"inLanguage\":\"es\",\"potentialAction\":[{\"@type\":\"ReadAction\",\"target\":[\"https:\/\/autobarbosa.com\/es\/produto\/rotula-smg16x50-rosca-direita-m16x-200\/\"]}]},{\"@type\":\"BreadcrumbList\",\"@id\":\"https:\/\/autobarbosa.com\/es\/produto\/rotula-smg16x50-rosca-direita-m16x-200\/#breadcrumb\",\"itemListElement\":[{\"@type\":\"ListItem\",\"position\":1,\"name\":\"In\u00edcio\",\"item\":\"https:\/\/autobarbosa.com\/es\/\"},{\"@type\":\"ListItem\",\"position\":2,\"name\":\"Loja\",\"item\":\"https:\/\/autobarbosa.com\/\"},{\"@type\":\"ListItem\",\"position\":3,\"name\":\"ROTULA SMG16X50 ROSCA DIREITA &#8211; M16X 200\"}]},{\"@type\":\"WebSite\",\"@id\":\"https:\/\/autobarbosa.com\/es\/#website\",\"url\":\"https:\/\/autobarbosa.com\/es\/\",\"name\":\"Auto Barbosa\",\"description\":\"Site institucional\",\"publisher\":{\"@id\":\"https:\/\/autobarbosa.com\/es\/#organization\"},\"potentialAction\":[{\"@type\":\"SearchAction\",\"target\":{\"@type\":\"EntryPoint\",\"urlTemplate\":\"https:\/\/autobarbosa.com\/es\/?s={search_term_string}\"},\"query-input\":\"required name=search_term_string\"}],\"inLanguage\":\"es\"},{\"@type\":\"Organization\",\"@id\":\"https:\/\/autobarbosa.com\/es\/#organization\",\"name\":\"Auto Barbosa\",\"url\":\"https:\/\/autobarbosa.com\/es\/\",\"logo\":{\"@type\":\"ImageObject\",\"inLanguage\":\"es\",\"@id\":\"https:\/\/autobarbosa.com\/es\/#\/schema\/logo\/image\/\",\"url\":\"https:\/\/autobarbosa.com\/wp-content\/uploads\/2023\/03\/AUTO-BARBOSA-LOGO-1-e1678715539111.png\",\"contentUrl\":\"https:\/\/autobarbosa.com\/wp-content\/uploads\/2023\/03\/AUTO-BARBOSA-LOGO-1-e1678715539111.png\",\"width\":3233,\"height\":3233,\"caption\":\"Auto Barbosa\"},\"image\":{\"@id\":\"https:\/\/autobarbosa.com\/es\/#\/schema\/logo\/image\/\"},\"sameAs\":[\"https:\/\/www.facebook.com\/autobarbosaoficina\",\"https:\/\/www.instagram.com\/autobarbosa.oficina\/\"]}]}<\/script>\n<!-- \/ Yoast SEO plugin. -->","yoast_head_json":{"title":"ROTULA SMG16X50 ROSCA DIREITA - M16X 200 - Auto Barbosa","robots":{"index":"index","follow":"follow","max-snippet":"max-snippet:-1","max-image-preview":"max-image-preview:large","max-video-preview":"max-video-preview:-1"},"canonical":"https:\/\/autobarbosa.com\/es\/produto\/rotula-smg16x50-rosca-direita-m16x-200\/","og_locale":"es_ES","og_type":"article","og_title":"ROTULA SMG16X50 ROSCA DIREITA - M16X 200 - Auto Barbosa","og_description":"Junta Esf\u00e9rica Macho Lubrificada UNIBAL Competition.   As juntas esf\u00e9ricas Unibal conquistaram uma reputa\u00e7\u00e3o extraordin\u00e1ria no automobilismo gra\u00e7as \u00e0 sua qualidade excepcional e longa vida \u00fatil. Seu design, derivado diretamente da aeron\u00e1utica, tornou essas juntas esf\u00e9ricas uma refer\u00eancia no campo dos sistemas de suspens\u00e3o, com folga operacional m\u00ednima, durabilidade incompar\u00e1vel e alt\u00edssima resist\u00eancia.  Especifica\u00e7\u00f5es: - Linha Unibal: Competition. - Tipo de junta esf\u00e9rica: com extremidade. - Tipo de rosca: macho. - Lubrifica\u00e7\u00e3o: lubrifica\u00e7\u00e3o regular com graxa. - Material: a\u00e7o\/bronze. - Sentido da rosca: opcional.  Para todas as dimens\u00f5es e cargas est\u00e1ticas dispon\u00edveis das juntas esf\u00e9ricas, consulte a tabela na foto 2.  As juntas esf\u00e9ricas Unibal s\u00e3o testadas at\u00e9 o ponto de deforma\u00e7\u00e3o do material, e n\u00e3o at\u00e9 a ruptura, como a maioria das concorrentes. Assim, uma carga est\u00e1tica de 2400 daN em uma junta esf\u00e9rica da concorr\u00eancia \u00e9 aproximadamente equivalente a uma carga est\u00e1tica de 2000 daN em uma junta esf\u00e9rica Unibal.","og_url":"https:\/\/autobarbosa.com\/es\/produto\/rotula-smg16x50-rosca-direita-m16x-200\/","og_site_name":"Auto Barbosa","article_publisher":"https:\/\/www.facebook.com\/autobarbosaoficina","twitter_card":"summary_large_image","twitter_misc":{"Tiempo de lectura":"1 minuto"},"schema":{"@context":"https:\/\/schema.org","@graph":[{"@type":"WebPage","@id":"https:\/\/autobarbosa.com\/es\/produto\/rotula-smg16x50-rosca-direita-m16x-200\/","url":"https:\/\/autobarbosa.com\/es\/produto\/rotula-smg16x50-rosca-direita-m16x-200\/","name":"ROTULA SMG16X50 ROSCA DIREITA - M16X 200 - Auto Barbosa","isPartOf":{"@id":"https:\/\/autobarbosa.com\/es\/#website"},"datePublished":"2026-02-06T20:24:30+00:00","dateModified":"2026-02-06T20:24:30+00:00","breadcrumb":{"@id":"https:\/\/autobarbosa.com\/es\/produto\/rotula-smg16x50-rosca-direita-m16x-200\/#breadcrumb"},"inLanguage":"es","potentialAction":[{"@type":"ReadAction","target":["https:\/\/autobarbosa.com\/es\/produto\/rotula-smg16x50-rosca-direita-m16x-200\/"]}]},{"@type":"BreadcrumbList","@id":"https:\/\/autobarbosa.com\/es\/produto\/rotula-smg16x50-rosca-direita-m16x-200\/#breadcrumb","itemListElement":[{"@type":"ListItem","position":1,"name":"In\u00edcio","item":"https:\/\/autobarbosa.com\/es\/"},{"@type":"ListItem","position":2,"name":"Loja","item":"https:\/\/autobarbosa.com\/"},{"@type":"ListItem","position":3,"name":"ROTULA SMG16X50 ROSCA DIREITA &#8211; M16X 200"}]},{"@type":"WebSite","@id":"https:\/\/autobarbosa.com\/es\/#website","url":"https:\/\/autobarbosa.com\/es\/","name":"Auto Barbosa","description":"Site institucional","publisher":{"@id":"https:\/\/autobarbosa.com\/es\/#organization"},"potentialAction":[{"@type":"SearchAction","target":{"@type":"EntryPoint","urlTemplate":"https:\/\/autobarbosa.com\/es\/?s={search_term_string}"},"query-input":"required name=search_term_string"}],"inLanguage":"es"},{"@type":"Organization","@id":"https:\/\/autobarbosa.com\/es\/#organization","name":"Auto Barbosa","url":"https:\/\/autobarbosa.com\/es\/","logo":{"@type":"ImageObject","inLanguage":"es","@id":"https:\/\/autobarbosa.com\/es\/#\/schema\/logo\/image\/","url":"https:\/\/autobarbosa.com\/wp-content\/uploads\/2023\/03\/AUTO-BARBOSA-LOGO-1-e1678715539111.png","contentUrl":"https:\/\/autobarbosa.com\/wp-content\/uploads\/2023\/03\/AUTO-BARBOSA-LOGO-1-e1678715539111.png","width":3233,"height":3233,"caption":"Auto Barbosa"},"image":{"@id":"https:\/\/autobarbosa.com\/es\/#\/schema\/logo\/image\/"},"sameAs":["https:\/\/www.facebook.com\/autobarbosaoficina","https:\/\/www.instagram.com\/autobarbosa.oficina\/"]}]}},"_links":{"self":[{"href":"https:\/\/autobarbosa.com\/es\/wp-json\/wp\/v3\/product\/23702","targetHints":{"allow":["GET"]}}],"collection":[{"href":"https:\/\/autobarbosa.com\/es\/wp-json\/wp\/v3\/product"}],"about":[{"href":"https:\/\/autobarbosa.com\/es\/wp-json\/wp\/v2\/types\/product"}],"wp:attachment":[{"href":"https:\/\/autobarbosa.com\/es\/wp-json\/wp\/v2\/media?parent=23702"}],"wp:term":[{"taxonomy":"product_cat","embeddable":true,"href":"https:\/\/autobarbosa.com\/es\/wp-json\/wp\/v2\/product_cat?post=23702"},{"taxonomy":"product_tag","embeddable":true,"href":"https:\/\/autobarbosa.com\/es\/wp-json\/wp\/v2\/product_tag?post=23702"},{"taxonomy":"marca","embeddable":true,"href":"https:\/\/autobarbosa.com\/es\/wp-json\/wp\/v2\/marca?post=23702"}],"curies":[{"name":"wp","href":"https:\/\/api.w.org\/{rel}","templated":true}]}}