{"id":23799,"date":"2026-02-21T19:04:14","date_gmt":"2026-02-21T20:04:14","guid":{"rendered":"https:\/\/autobarbosa.com\/produto\/manometro-de-temperatura-vdo-40-120c-52mm\/"},"modified":"2026-02-21T19:04:14","modified_gmt":"2026-02-21T20:04:14","slug":"manometro-de-temperatura-vdo-40-120c-52mm","status":"publish","type":"product","link":"https:\/\/autobarbosa.com\/es\/produto\/manometro-de-temperatura-vdo-40-120c-52mm\/","title":{"rendered":"MANOMETRO DE TEMPERATURA VDO  40-120\u00b0C 52mm"},"content":{"rendered":"<p>Medidor de Temperatura da \u00c1gua 40-120\u00b0C 52mm VDO Cockpit Vision<\/p>\n<p>LINHA COCKPIT VISION<br \/>\nUma linha vers\u00e1til de instrumentos!<\/p>\n<p>Tipo: Medidor de temperatura da \u00e1gua<br \/>\nEscala: 40 &#8211; 120\u00b0C<br \/>\nDi\u00e2metro: 52 mm<br \/>\nMontagem:<br \/>\nSuporte de montagem Mostrador: Preto<\/p>\n<p>Alimenta\u00e7\u00e3o: 12 V<br \/>\nIlumina\u00e7\u00e3o<\/p>\n<p>: 12 V Di\u00e2metro de embutir: 52 mm &#8211; 2 1\/16 polegadas<br \/>\nDi\u00e2metro externo: 59,25 mm &#8211; 2 1\/3 polegadas<br \/>\nProfundidade de instala\u00e7\u00e3o: 67,5 mm<br \/>\nEspessura do painel com perfil de montagem: 0,5 mm &#8211; 8 mm<br \/>\nJun\u00e7\u00e3o: Conector plano 6,3 x 0,8 mm (4x)<br \/>\nConex\u00e3o da ilumina\u00e7\u00e3o da escala: Conector plano 6,3 x 0,8 mm (2x)<\/p>\n","protected":false},"excerpt":{"rendered":"<p>Medidor de Temperatura da \u00c1gua 40-120\u00b0C 52mm VDO Cockpit Vision<\/p>\n<p>LINHA COCKPIT VISION<br \/>\nUma linha vers\u00e1til de instrumentos!<\/p>\n<p>Tipo: Medidor de temperatura da \u00e1gua<br \/>\nEscala: 40 &#8211; 120\u00b0C<br \/>\nDi\u00e2metro: 52 mm<br \/>\nMontagem:<br \/>\nSuporte de montagem Mostrador: Preto<\/p>\n<p>Alimenta\u00e7\u00e3o: 12 V<br \/>\nIlumina\u00e7\u00e3o<\/p>\n<p>: 12 V Di\u00e2metro de embutir: 52 mm &#8211; 2 1\/16 polegadas<br \/>\nDi\u00e2metro externo: 59,25 mm &#8211; 2 1\/3 polegadas<br \/>\nProfundidade de instala\u00e7\u00e3o: 67,5 mm<br \/>\nEspessura do painel com perfil de montagem: 0,5 mm &#8211; 8 mm<br \/>\nJun\u00e7\u00e3o: Conector plano 6,3 x 0,8 mm (4x)<br \/>\nConex\u00e3o da ilumina\u00e7\u00e3o da escala: Conector plano 6,3 x 0,8 mm (2x)<\/p>\n","protected":false},"featured_media":0,"template":"","meta":[],"product_cat":[541],"product_tag":[],"marca":[166],"class_list":["post-23799","product","type-product","status-publish","hentry","product_cat-manometros-acessorios","marca-vdo"],"yoast_head":"<!-- This site is optimized with the Yoast SEO plugin v20.5 - https:\/\/yoast.com\/wordpress\/plugins\/seo\/ -->\n<title>MANOMETRO DE TEMPERATURA VDO 40-120\u00b0C 52mm - Auto Barbosa<\/title>\n<meta name=\"robots\" content=\"index, follow, max-snippet:-1, max-image-preview:large, max-video-preview:-1\" \/>\n<link rel=\"canonical\" href=\"https:\/\/autobarbosa.com\/es\/produto\/manometro-de-temperatura-vdo-40-120c-52mm\/\" \/>\n<meta property=\"og:locale\" content=\"es_ES\" \/>\n<meta property=\"og:type\" content=\"article\" \/>\n<meta property=\"og:title\" content=\"MANOMETRO DE TEMPERATURA VDO 40-120\u00b0C 52mm - Auto Barbosa\" \/>\n<meta property=\"og:description\" content=\"Medidor de Temperatura da \u00c1gua 40-120\u00b0C 52mm VDO Cockpit Vision  LINHA COCKPIT VISION Uma linha vers\u00e1til de instrumentos!  Tipo: Medidor de temperatura da \u00e1gua Escala: 40 - 120\u00b0C Di\u00e2metro: 52 mm Montagem: Suporte de montagem Mostrador: Preto  Alimenta\u00e7\u00e3o: 12 V Ilumina\u00e7\u00e3o  : 12 V Di\u00e2metro de embutir: 52 mm - 2 1\/16 polegadas Di\u00e2metro externo: 59,25 mm - 2 1\/3 polegadas Profundidade de instala\u00e7\u00e3o: 67,5 mm Espessura do painel com perfil de montagem: 0,5 mm - 8 mm Jun\u00e7\u00e3o: Conector plano 6,3 x 0,8 mm (4x) Conex\u00e3o da ilumina\u00e7\u00e3o da escala: Conector plano 6,3 x 0,8 mm (2x)\" \/>\n<meta property=\"og:url\" content=\"https:\/\/autobarbosa.com\/es\/produto\/manometro-de-temperatura-vdo-40-120c-52mm\/\" \/>\n<meta property=\"og:site_name\" content=\"Auto Barbosa\" \/>\n<meta property=\"article:publisher\" content=\"https:\/\/www.facebook.com\/autobarbosaoficina\" \/>\n<meta name=\"twitter:card\" content=\"summary_large_image\" \/>\n<script type=\"application\/ld+json\" class=\"yoast-schema-graph\">{\"@context\":\"https:\/\/schema.org\",\"@graph\":[{\"@type\":\"WebPage\",\"@id\":\"https:\/\/autobarbosa.com\/es\/produto\/manometro-de-temperatura-vdo-40-120c-52mm\/\",\"url\":\"https:\/\/autobarbosa.com\/es\/produto\/manometro-de-temperatura-vdo-40-120c-52mm\/\",\"name\":\"MANOMETRO DE TEMPERATURA VDO 40-120\u00b0C 52mm - Auto Barbosa\",\"isPartOf\":{\"@id\":\"https:\/\/autobarbosa.com\/es\/#website\"},\"datePublished\":\"2026-02-21T20:04:14+00:00\",\"dateModified\":\"2026-02-21T20:04:14+00:00\",\"breadcrumb\":{\"@id\":\"https:\/\/autobarbosa.com\/es\/produto\/manometro-de-temperatura-vdo-40-120c-52mm\/#breadcrumb\"},\"inLanguage\":\"es\",\"potentialAction\":[{\"@type\":\"ReadAction\",\"target\":[\"https:\/\/autobarbosa.com\/es\/produto\/manometro-de-temperatura-vdo-40-120c-52mm\/\"]}]},{\"@type\":\"BreadcrumbList\",\"@id\":\"https:\/\/autobarbosa.com\/es\/produto\/manometro-de-temperatura-vdo-40-120c-52mm\/#breadcrumb\",\"itemListElement\":[{\"@type\":\"ListItem\",\"position\":1,\"name\":\"In\u00edcio\",\"item\":\"https:\/\/autobarbosa.com\/es\/\"},{\"@type\":\"ListItem\",\"position\":2,\"name\":\"Loja\",\"item\":\"https:\/\/autobarbosa.com\/\"},{\"@type\":\"ListItem\",\"position\":3,\"name\":\"MANOMETRO DE TEMPERATURA VDO 40-120\u00b0C 52mm\"}]},{\"@type\":\"WebSite\",\"@id\":\"https:\/\/autobarbosa.com\/es\/#website\",\"url\":\"https:\/\/autobarbosa.com\/es\/\",\"name\":\"Auto Barbosa\",\"description\":\"Site institucional\",\"publisher\":{\"@id\":\"https:\/\/autobarbosa.com\/es\/#organization\"},\"potentialAction\":[{\"@type\":\"SearchAction\",\"target\":{\"@type\":\"EntryPoint\",\"urlTemplate\":\"https:\/\/autobarbosa.com\/es\/?s={search_term_string}\"},\"query-input\":\"required name=search_term_string\"}],\"inLanguage\":\"es\"},{\"@type\":\"Organization\",\"@id\":\"https:\/\/autobarbosa.com\/es\/#organization\",\"name\":\"Auto Barbosa\",\"url\":\"https:\/\/autobarbosa.com\/es\/\",\"logo\":{\"@type\":\"ImageObject\",\"inLanguage\":\"es\",\"@id\":\"https:\/\/autobarbosa.com\/es\/#\/schema\/logo\/image\/\",\"url\":\"https:\/\/autobarbosa.com\/wp-content\/uploads\/2023\/03\/AUTO-BARBOSA-LOGO-1-e1678715539111.png\",\"contentUrl\":\"https:\/\/autobarbosa.com\/wp-content\/uploads\/2023\/03\/AUTO-BARBOSA-LOGO-1-e1678715539111.png\",\"width\":3233,\"height\":3233,\"caption\":\"Auto Barbosa\"},\"image\":{\"@id\":\"https:\/\/autobarbosa.com\/es\/#\/schema\/logo\/image\/\"},\"sameAs\":[\"https:\/\/www.facebook.com\/autobarbosaoficina\",\"https:\/\/www.instagram.com\/autobarbosa.oficina\/\"]}]}<\/script>\n<!-- \/ Yoast SEO plugin. -->","yoast_head_json":{"title":"MANOMETRO DE TEMPERATURA VDO 40-120\u00b0C 52mm - Auto Barbosa","robots":{"index":"index","follow":"follow","max-snippet":"max-snippet:-1","max-image-preview":"max-image-preview:large","max-video-preview":"max-video-preview:-1"},"canonical":"https:\/\/autobarbosa.com\/es\/produto\/manometro-de-temperatura-vdo-40-120c-52mm\/","og_locale":"es_ES","og_type":"article","og_title":"MANOMETRO DE TEMPERATURA VDO 40-120\u00b0C 52mm - Auto Barbosa","og_description":"Medidor de Temperatura da \u00c1gua 40-120\u00b0C 52mm VDO Cockpit Vision  LINHA COCKPIT VISION Uma linha vers\u00e1til de instrumentos!  Tipo: Medidor de temperatura da \u00e1gua Escala: 40 - 120\u00b0C Di\u00e2metro: 52 mm Montagem: Suporte de montagem Mostrador: Preto  Alimenta\u00e7\u00e3o: 12 V Ilumina\u00e7\u00e3o  : 12 V Di\u00e2metro de embutir: 52 mm - 2 1\/16 polegadas Di\u00e2metro externo: 59,25 mm - 2 1\/3 polegadas Profundidade de instala\u00e7\u00e3o: 67,5 mm Espessura do painel com perfil de montagem: 0,5 mm - 8 mm Jun\u00e7\u00e3o: Conector plano 6,3 x 0,8 mm (4x) Conex\u00e3o da ilumina\u00e7\u00e3o da escala: Conector plano 6,3 x 0,8 mm (2x)","og_url":"https:\/\/autobarbosa.com\/es\/produto\/manometro-de-temperatura-vdo-40-120c-52mm\/","og_site_name":"Auto Barbosa","article_publisher":"https:\/\/www.facebook.com\/autobarbosaoficina","twitter_card":"summary_large_image","schema":{"@context":"https:\/\/schema.org","@graph":[{"@type":"WebPage","@id":"https:\/\/autobarbosa.com\/es\/produto\/manometro-de-temperatura-vdo-40-120c-52mm\/","url":"https:\/\/autobarbosa.com\/es\/produto\/manometro-de-temperatura-vdo-40-120c-52mm\/","name":"MANOMETRO DE TEMPERATURA VDO 40-120\u00b0C 52mm - Auto Barbosa","isPartOf":{"@id":"https:\/\/autobarbosa.com\/es\/#website"},"datePublished":"2026-02-21T20:04:14+00:00","dateModified":"2026-02-21T20:04:14+00:00","breadcrumb":{"@id":"https:\/\/autobarbosa.com\/es\/produto\/manometro-de-temperatura-vdo-40-120c-52mm\/#breadcrumb"},"inLanguage":"es","potentialAction":[{"@type":"ReadAction","target":["https:\/\/autobarbosa.com\/es\/produto\/manometro-de-temperatura-vdo-40-120c-52mm\/"]}]},{"@type":"BreadcrumbList","@id":"https:\/\/autobarbosa.com\/es\/produto\/manometro-de-temperatura-vdo-40-120c-52mm\/#breadcrumb","itemListElement":[{"@type":"ListItem","position":1,"name":"In\u00edcio","item":"https:\/\/autobarbosa.com\/es\/"},{"@type":"ListItem","position":2,"name":"Loja","item":"https:\/\/autobarbosa.com\/"},{"@type":"ListItem","position":3,"name":"MANOMETRO DE TEMPERATURA VDO 40-120\u00b0C 52mm"}]},{"@type":"WebSite","@id":"https:\/\/autobarbosa.com\/es\/#website","url":"https:\/\/autobarbosa.com\/es\/","name":"Auto Barbosa","description":"Site institucional","publisher":{"@id":"https:\/\/autobarbosa.com\/es\/#organization"},"potentialAction":[{"@type":"SearchAction","target":{"@type":"EntryPoint","urlTemplate":"https:\/\/autobarbosa.com\/es\/?s={search_term_string}"},"query-input":"required name=search_term_string"}],"inLanguage":"es"},{"@type":"Organization","@id":"https:\/\/autobarbosa.com\/es\/#organization","name":"Auto Barbosa","url":"https:\/\/autobarbosa.com\/es\/","logo":{"@type":"ImageObject","inLanguage":"es","@id":"https:\/\/autobarbosa.com\/es\/#\/schema\/logo\/image\/","url":"https:\/\/autobarbosa.com\/wp-content\/uploads\/2023\/03\/AUTO-BARBOSA-LOGO-1-e1678715539111.png","contentUrl":"https:\/\/autobarbosa.com\/wp-content\/uploads\/2023\/03\/AUTO-BARBOSA-LOGO-1-e1678715539111.png","width":3233,"height":3233,"caption":"Auto Barbosa"},"image":{"@id":"https:\/\/autobarbosa.com\/es\/#\/schema\/logo\/image\/"},"sameAs":["https:\/\/www.facebook.com\/autobarbosaoficina","https:\/\/www.instagram.com\/autobarbosa.oficina\/"]}]}},"_links":{"self":[{"href":"https:\/\/autobarbosa.com\/es\/wp-json\/wp\/v3\/product\/23799","targetHints":{"allow":["GET"]}}],"collection":[{"href":"https:\/\/autobarbosa.com\/es\/wp-json\/wp\/v3\/product"}],"about":[{"href":"https:\/\/autobarbosa.com\/es\/wp-json\/wp\/v2\/types\/product"}],"wp:attachment":[{"href":"https:\/\/autobarbosa.com\/es\/wp-json\/wp\/v2\/media?parent=23799"}],"wp:term":[{"taxonomy":"product_cat","embeddable":true,"href":"https:\/\/autobarbosa.com\/es\/wp-json\/wp\/v2\/product_cat?post=23799"},{"taxonomy":"product_tag","embeddable":true,"href":"https:\/\/autobarbosa.com\/es\/wp-json\/wp\/v2\/product_tag?post=23799"},{"taxonomy":"marca","embeddable":true,"href":"https:\/\/autobarbosa.com\/es\/wp-json\/wp\/v2\/marca?post=23799"}],"curies":[{"name":"wp","href":"https:\/\/api.w.org\/{rel}","templated":true}]}}