{"id":23847,"date":"2026-02-24T07:20:32","date_gmt":"2026-02-24T08:20:32","guid":{"rendered":"https:\/\/autobarbosa.com\/produto\/kit-de-montagem-p-2-rampas-lazer-carbon-6\/"},"modified":"2026-02-24T07:20:32","modified_gmt":"2026-02-24T08:20:32","slug":"kit-de-montagem-p-2-rampas-lazer-carbon-6","status":"publish","type":"product","link":"https:\/\/autobarbosa.com\/es\/produto\/kit-de-montagem-p-2-rampas-lazer-carbon-6\/","title":{"rendered":"KIT DE MONTAGEM P\/ 2 RAMPAS LAZER CARBON 6"},"content":{"rendered":"<p>Kit de Montagem LAZER LAMPS para 2 Barras de Luz Carbon 6.<\/p>\n<p>Este kit foi desenvolvido para garantir uma instala\u00e7\u00e3o r\u00e1pida e f\u00e1cil em qualquer ve\u00edculo. Utilizado com duas barras de luz LAZER Carbon 6, ele distribui o peso das barras por uma \u00e1rea maior do ve\u00edculo. \u00c9 totalmente ajust\u00e1vel para se adaptar a qualquer ve\u00edculo, enquanto as hastes roscadas permitem a f\u00e1cil instala\u00e7\u00e3o do chicote el\u00e9trico.<\/p>\n<p>Material: Alum\u00ednio anodizado.<\/p>\n<p>Cont\u00e9m:<br \/>\n&#8211; 2 suportes laterais<br \/>\n&#8211; 1 pe\u00e7a de liga\u00e7\u00e3o central<br \/>\n&#8211; Parafusos Dzus e instru\u00e7\u00f5es de montagem<\/p>\n","protected":false},"excerpt":{"rendered":"<p>Kit de Montagem LAZER LAMPS para 2 Barras de Luz Carbon 6.<\/p>\n<p>Este kit foi desenvolvido para garantir uma instala\u00e7\u00e3o r\u00e1pida e f\u00e1cil em qualquer ve\u00edculo. Utilizado com duas barras de luz LAZER Carbon 6, ele distribui o peso das barras por uma \u00e1rea maior do ve\u00edculo. \u00c9 totalmente ajust\u00e1vel para se adaptar a qualquer ve\u00edculo, enquanto as hastes roscadas permitem a f\u00e1cil instala\u00e7\u00e3o do chicote el\u00e9trico.<\/p>\n<p>Material: Alum\u00ednio anodizado.<\/p>\n<p>Cont\u00e9m:<br \/>\n&#8211; 2 suportes laterais<br \/>\n&#8211; 1 pe\u00e7a de liga\u00e7\u00e3o central<br \/>\n&#8211; Parafusos Dzus e instru\u00e7\u00f5es de montagem<\/p>\n","protected":false},"featured_media":0,"template":"","meta":[],"product_cat":[988],"product_tag":[],"marca":[1029],"class_list":["post-23847","product","type-product","status-publish","hentry","product_cat-rampas-led","marca-lazer"],"yoast_head":"<!-- This site is optimized with the Yoast SEO plugin v20.5 - https:\/\/yoast.com\/wordpress\/plugins\/seo\/ -->\n<title>KIT DE MONTAGEM P\/ 2 RAMPAS LAZER CARBON 6 - Auto Barbosa<\/title>\n<meta name=\"robots\" content=\"index, follow, max-snippet:-1, max-image-preview:large, max-video-preview:-1\" \/>\n<link rel=\"canonical\" href=\"https:\/\/autobarbosa.com\/es\/produto\/kit-de-montagem-p-2-rampas-lazer-carbon-6\/\" \/>\n<meta property=\"og:locale\" content=\"es_ES\" \/>\n<meta property=\"og:type\" content=\"article\" \/>\n<meta property=\"og:title\" content=\"KIT DE MONTAGEM P\/ 2 RAMPAS LAZER CARBON 6 - Auto Barbosa\" \/>\n<meta property=\"og:description\" content=\"Kit de Montagem LAZER LAMPS para 2 Barras de Luz Carbon 6.  Este kit foi desenvolvido para garantir uma instala\u00e7\u00e3o r\u00e1pida e f\u00e1cil em qualquer ve\u00edculo. Utilizado com duas barras de luz LAZER Carbon 6, ele distribui o peso das barras por uma \u00e1rea maior do ve\u00edculo. \u00c9 totalmente ajust\u00e1vel para se adaptar a qualquer ve\u00edculo, enquanto as hastes roscadas permitem a f\u00e1cil instala\u00e7\u00e3o do chicote el\u00e9trico.  Material: Alum\u00ednio anodizado.  Cont\u00e9m: - 2 suportes laterais - 1 pe\u00e7a de liga\u00e7\u00e3o central - Parafusos Dzus e instru\u00e7\u00f5es de montagem\" \/>\n<meta property=\"og:url\" content=\"https:\/\/autobarbosa.com\/es\/produto\/kit-de-montagem-p-2-rampas-lazer-carbon-6\/\" \/>\n<meta property=\"og:site_name\" content=\"Auto Barbosa\" \/>\n<meta property=\"article:publisher\" content=\"https:\/\/www.facebook.com\/autobarbosaoficina\" \/>\n<meta name=\"twitter:card\" content=\"summary_large_image\" \/>\n<script type=\"application\/ld+json\" class=\"yoast-schema-graph\">{\"@context\":\"https:\/\/schema.org\",\"@graph\":[{\"@type\":\"WebPage\",\"@id\":\"https:\/\/autobarbosa.com\/es\/produto\/kit-de-montagem-p-2-rampas-lazer-carbon-6\/\",\"url\":\"https:\/\/autobarbosa.com\/es\/produto\/kit-de-montagem-p-2-rampas-lazer-carbon-6\/\",\"name\":\"KIT DE MONTAGEM P\/ 2 RAMPAS LAZER CARBON 6 - Auto Barbosa\",\"isPartOf\":{\"@id\":\"https:\/\/autobarbosa.com\/es\/#website\"},\"datePublished\":\"2026-02-24T08:20:32+00:00\",\"dateModified\":\"2026-02-24T08:20:32+00:00\",\"breadcrumb\":{\"@id\":\"https:\/\/autobarbosa.com\/es\/produto\/kit-de-montagem-p-2-rampas-lazer-carbon-6\/#breadcrumb\"},\"inLanguage\":\"es\",\"potentialAction\":[{\"@type\":\"ReadAction\",\"target\":[\"https:\/\/autobarbosa.com\/es\/produto\/kit-de-montagem-p-2-rampas-lazer-carbon-6\/\"]}]},{\"@type\":\"BreadcrumbList\",\"@id\":\"https:\/\/autobarbosa.com\/es\/produto\/kit-de-montagem-p-2-rampas-lazer-carbon-6\/#breadcrumb\",\"itemListElement\":[{\"@type\":\"ListItem\",\"position\":1,\"name\":\"In\u00edcio\",\"item\":\"https:\/\/autobarbosa.com\/es\/\"},{\"@type\":\"ListItem\",\"position\":2,\"name\":\"Loja\",\"item\":\"https:\/\/autobarbosa.com\/\"},{\"@type\":\"ListItem\",\"position\":3,\"name\":\"KIT DE MONTAGEM P\/ 2 RAMPAS LAZER CARBON 6\"}]},{\"@type\":\"WebSite\",\"@id\":\"https:\/\/autobarbosa.com\/es\/#website\",\"url\":\"https:\/\/autobarbosa.com\/es\/\",\"name\":\"Auto Barbosa\",\"description\":\"Site institucional\",\"publisher\":{\"@id\":\"https:\/\/autobarbosa.com\/es\/#organization\"},\"potentialAction\":[{\"@type\":\"SearchAction\",\"target\":{\"@type\":\"EntryPoint\",\"urlTemplate\":\"https:\/\/autobarbosa.com\/es\/?s={search_term_string}\"},\"query-input\":\"required name=search_term_string\"}],\"inLanguage\":\"es\"},{\"@type\":\"Organization\",\"@id\":\"https:\/\/autobarbosa.com\/es\/#organization\",\"name\":\"Auto Barbosa\",\"url\":\"https:\/\/autobarbosa.com\/es\/\",\"logo\":{\"@type\":\"ImageObject\",\"inLanguage\":\"es\",\"@id\":\"https:\/\/autobarbosa.com\/es\/#\/schema\/logo\/image\/\",\"url\":\"https:\/\/autobarbosa.com\/wp-content\/uploads\/2023\/03\/AUTO-BARBOSA-LOGO-1-e1678715539111.png\",\"contentUrl\":\"https:\/\/autobarbosa.com\/wp-content\/uploads\/2023\/03\/AUTO-BARBOSA-LOGO-1-e1678715539111.png\",\"width\":3233,\"height\":3233,\"caption\":\"Auto Barbosa\"},\"image\":{\"@id\":\"https:\/\/autobarbosa.com\/es\/#\/schema\/logo\/image\/\"},\"sameAs\":[\"https:\/\/www.facebook.com\/autobarbosaoficina\",\"https:\/\/www.instagram.com\/autobarbosa.oficina\/\"]}]}<\/script>\n<!-- \/ Yoast SEO plugin. -->","yoast_head_json":{"title":"KIT DE MONTAGEM P\/ 2 RAMPAS LAZER CARBON 6 - Auto Barbosa","robots":{"index":"index","follow":"follow","max-snippet":"max-snippet:-1","max-image-preview":"max-image-preview:large","max-video-preview":"max-video-preview:-1"},"canonical":"https:\/\/autobarbosa.com\/es\/produto\/kit-de-montagem-p-2-rampas-lazer-carbon-6\/","og_locale":"es_ES","og_type":"article","og_title":"KIT DE MONTAGEM P\/ 2 RAMPAS LAZER CARBON 6 - Auto Barbosa","og_description":"Kit de Montagem LAZER LAMPS para 2 Barras de Luz Carbon 6.  Este kit foi desenvolvido para garantir uma instala\u00e7\u00e3o r\u00e1pida e f\u00e1cil em qualquer ve\u00edculo. Utilizado com duas barras de luz LAZER Carbon 6, ele distribui o peso das barras por uma \u00e1rea maior do ve\u00edculo. \u00c9 totalmente ajust\u00e1vel para se adaptar a qualquer ve\u00edculo, enquanto as hastes roscadas permitem a f\u00e1cil instala\u00e7\u00e3o do chicote el\u00e9trico.  Material: Alum\u00ednio anodizado.  Cont\u00e9m: - 2 suportes laterais - 1 pe\u00e7a de liga\u00e7\u00e3o central - Parafusos Dzus e instru\u00e7\u00f5es de montagem","og_url":"https:\/\/autobarbosa.com\/es\/produto\/kit-de-montagem-p-2-rampas-lazer-carbon-6\/","og_site_name":"Auto Barbosa","article_publisher":"https:\/\/www.facebook.com\/autobarbosaoficina","twitter_card":"summary_large_image","schema":{"@context":"https:\/\/schema.org","@graph":[{"@type":"WebPage","@id":"https:\/\/autobarbosa.com\/es\/produto\/kit-de-montagem-p-2-rampas-lazer-carbon-6\/","url":"https:\/\/autobarbosa.com\/es\/produto\/kit-de-montagem-p-2-rampas-lazer-carbon-6\/","name":"KIT DE MONTAGEM P\/ 2 RAMPAS LAZER CARBON 6 - Auto Barbosa","isPartOf":{"@id":"https:\/\/autobarbosa.com\/es\/#website"},"datePublished":"2026-02-24T08:20:32+00:00","dateModified":"2026-02-24T08:20:32+00:00","breadcrumb":{"@id":"https:\/\/autobarbosa.com\/es\/produto\/kit-de-montagem-p-2-rampas-lazer-carbon-6\/#breadcrumb"},"inLanguage":"es","potentialAction":[{"@type":"ReadAction","target":["https:\/\/autobarbosa.com\/es\/produto\/kit-de-montagem-p-2-rampas-lazer-carbon-6\/"]}]},{"@type":"BreadcrumbList","@id":"https:\/\/autobarbosa.com\/es\/produto\/kit-de-montagem-p-2-rampas-lazer-carbon-6\/#breadcrumb","itemListElement":[{"@type":"ListItem","position":1,"name":"In\u00edcio","item":"https:\/\/autobarbosa.com\/es\/"},{"@type":"ListItem","position":2,"name":"Loja","item":"https:\/\/autobarbosa.com\/"},{"@type":"ListItem","position":3,"name":"KIT DE MONTAGEM P\/ 2 RAMPAS LAZER CARBON 6"}]},{"@type":"WebSite","@id":"https:\/\/autobarbosa.com\/es\/#website","url":"https:\/\/autobarbosa.com\/es\/","name":"Auto Barbosa","description":"Site institucional","publisher":{"@id":"https:\/\/autobarbosa.com\/es\/#organization"},"potentialAction":[{"@type":"SearchAction","target":{"@type":"EntryPoint","urlTemplate":"https:\/\/autobarbosa.com\/es\/?s={search_term_string}"},"query-input":"required name=search_term_string"}],"inLanguage":"es"},{"@type":"Organization","@id":"https:\/\/autobarbosa.com\/es\/#organization","name":"Auto Barbosa","url":"https:\/\/autobarbosa.com\/es\/","logo":{"@type":"ImageObject","inLanguage":"es","@id":"https:\/\/autobarbosa.com\/es\/#\/schema\/logo\/image\/","url":"https:\/\/autobarbosa.com\/wp-content\/uploads\/2023\/03\/AUTO-BARBOSA-LOGO-1-e1678715539111.png","contentUrl":"https:\/\/autobarbosa.com\/wp-content\/uploads\/2023\/03\/AUTO-BARBOSA-LOGO-1-e1678715539111.png","width":3233,"height":3233,"caption":"Auto Barbosa"},"image":{"@id":"https:\/\/autobarbosa.com\/es\/#\/schema\/logo\/image\/"},"sameAs":["https:\/\/www.facebook.com\/autobarbosaoficina","https:\/\/www.instagram.com\/autobarbosa.oficina\/"]}]}},"_links":{"self":[{"href":"https:\/\/autobarbosa.com\/es\/wp-json\/wp\/v3\/product\/23847","targetHints":{"allow":["GET"]}}],"collection":[{"href":"https:\/\/autobarbosa.com\/es\/wp-json\/wp\/v3\/product"}],"about":[{"href":"https:\/\/autobarbosa.com\/es\/wp-json\/wp\/v2\/types\/product"}],"wp:attachment":[{"href":"https:\/\/autobarbosa.com\/es\/wp-json\/wp\/v2\/media?parent=23847"}],"wp:term":[{"taxonomy":"product_cat","embeddable":true,"href":"https:\/\/autobarbosa.com\/es\/wp-json\/wp\/v2\/product_cat?post=23847"},{"taxonomy":"product_tag","embeddable":true,"href":"https:\/\/autobarbosa.com\/es\/wp-json\/wp\/v2\/product_tag?post=23847"},{"taxonomy":"marca","embeddable":true,"href":"https:\/\/autobarbosa.com\/es\/wp-json\/wp\/v2\/marca?post=23847"}],"curies":[{"name":"wp","href":"https:\/\/api.w.org\/{rel}","templated":true}]}}