{"id":24389,"date":"2026-04-23T07:23:36","date_gmt":"2026-04-23T07:23:36","guid":{"rendered":"https:\/\/autobarbosa.com\/produto\/oleo-mobil-racing-formula-10w-60-5l\/"},"modified":"2026-04-23T07:23:36","modified_gmt":"2026-04-23T07:23:36","slug":"oleo-mobil-racing-formula-10w-60-5l","status":"publish","type":"product","link":"https:\/\/autobarbosa.com\/es\/produto\/oleo-mobil-racing-formula-10w-60-5l\/","title":{"rendered":"OLEO MOBIL RACING  Formula 10W-60 5L"},"content":{"rendered":"<p>Este \u00e9 um \u00f3leo sint\u00e9tico de alto desempenho especialmente formulado para as necessidades espec\u00edficas de ve\u00edculos de passageiros e comerciais mais antigos e de alta quilometragem. A sua adapta\u00e7\u00e3o a condi\u00e7\u00f5es extremas de utiliza\u00e7\u00e3o permite a sua aplica\u00e7\u00e3o no automobilismo. Seus condicionadores de veda\u00e7\u00e3o adicionais e filme de \u00f3leo ajudam a prevenir vazamentos e proteger motores mais antigos, respectivamente. Recomendado para prolongar a vida \u00fatil do ve\u00edculo, o Mobil 1 Motorsport Formula 10W60 ajuda ativamente a reduzir dep\u00f3sitos, manter os motores limpos e evitar o desgaste.<\/p>\n","protected":false},"excerpt":{"rendered":"<p>Este \u00e9 um \u00f3leo sint\u00e9tico de alto desempenho especialmente formulado para as necessidades espec\u00edficas de ve\u00edculos de passageiros e comerciais mais antigos e de alta quilometragem. A sua adapta\u00e7\u00e3o a condi\u00e7\u00f5es extremas de utiliza\u00e7\u00e3o permite a sua aplica\u00e7\u00e3o no automobilismo. Seus condicionadores de veda\u00e7\u00e3o adicionais e filme de \u00f3leo ajudam a prevenir vazamentos e proteger motores mais antigos, respectivamente. Recomendado para prolongar a vida \u00fatil do ve\u00edculo, o Mobil 1 Motorsport Formula 10W60 ajuda ativamente a reduzir dep\u00f3sitos, manter os motores limpos e evitar o desgaste.<\/p>\n","protected":false},"featured_media":0,"template":"","meta":[],"product_cat":[1002],"product_tag":[],"marca":[1040],"class_list":["post-24389","product","type-product","status-publish","hentry","product_cat-motor-oleos","marca-mobil"],"yoast_head":"<!-- This site is optimized with the Yoast SEO plugin v20.5 - https:\/\/yoast.com\/wordpress\/plugins\/seo\/ -->\n<title>OLEO MOBIL RACING Formula 10W-60 5L - Auto Barbosa<\/title>\n<meta name=\"robots\" content=\"index, follow, max-snippet:-1, max-image-preview:large, max-video-preview:-1\" \/>\n<link rel=\"canonical\" href=\"https:\/\/autobarbosa.com\/es\/produto\/oleo-mobil-racing-formula-10w-60-5l\/\" \/>\n<meta property=\"og:locale\" content=\"es_ES\" \/>\n<meta property=\"og:type\" content=\"article\" \/>\n<meta property=\"og:title\" content=\"OLEO MOBIL RACING Formula 10W-60 5L - Auto Barbosa\" \/>\n<meta property=\"og:description\" content=\"Este \u00e9 um \u00f3leo sint\u00e9tico de alto desempenho especialmente formulado para as necessidades espec\u00edficas de ve\u00edculos de passageiros e comerciais mais antigos e de alta quilometragem. A sua adapta\u00e7\u00e3o a condi\u00e7\u00f5es extremas de utiliza\u00e7\u00e3o permite a sua aplica\u00e7\u00e3o no automobilismo. Seus condicionadores de veda\u00e7\u00e3o adicionais e filme de \u00f3leo ajudam a prevenir vazamentos e proteger motores mais antigos, respectivamente. Recomendado para prolongar a vida \u00fatil do ve\u00edculo, o Mobil 1 Motorsport Formula 10W60 ajuda ativamente a reduzir dep\u00f3sitos, manter os motores limpos e evitar o desgaste.\" \/>\n<meta property=\"og:url\" content=\"https:\/\/autobarbosa.com\/es\/produto\/oleo-mobil-racing-formula-10w-60-5l\/\" \/>\n<meta property=\"og:site_name\" content=\"Auto Barbosa\" \/>\n<meta property=\"article:publisher\" content=\"https:\/\/www.facebook.com\/autobarbosaoficina\" \/>\n<meta name=\"twitter:card\" content=\"summary_large_image\" \/>\n<script type=\"application\/ld+json\" class=\"yoast-schema-graph\">{\"@context\":\"https:\/\/schema.org\",\"@graph\":[{\"@type\":\"WebPage\",\"@id\":\"https:\/\/autobarbosa.com\/es\/produto\/oleo-mobil-racing-formula-10w-60-5l\/\",\"url\":\"https:\/\/autobarbosa.com\/es\/produto\/oleo-mobil-racing-formula-10w-60-5l\/\",\"name\":\"OLEO MOBIL RACING Formula 10W-60 5L - Auto Barbosa\",\"isPartOf\":{\"@id\":\"https:\/\/autobarbosa.com\/es\/#website\"},\"datePublished\":\"2026-04-23T07:23:36+00:00\",\"dateModified\":\"2026-04-23T07:23:36+00:00\",\"breadcrumb\":{\"@id\":\"https:\/\/autobarbosa.com\/es\/produto\/oleo-mobil-racing-formula-10w-60-5l\/#breadcrumb\"},\"inLanguage\":\"es\",\"potentialAction\":[{\"@type\":\"ReadAction\",\"target\":[\"https:\/\/autobarbosa.com\/es\/produto\/oleo-mobil-racing-formula-10w-60-5l\/\"]}]},{\"@type\":\"BreadcrumbList\",\"@id\":\"https:\/\/autobarbosa.com\/es\/produto\/oleo-mobil-racing-formula-10w-60-5l\/#breadcrumb\",\"itemListElement\":[{\"@type\":\"ListItem\",\"position\":1,\"name\":\"In\u00edcio\",\"item\":\"https:\/\/autobarbosa.com\/es\/\"},{\"@type\":\"ListItem\",\"position\":2,\"name\":\"Loja\",\"item\":\"https:\/\/autobarbosa.com\/\"},{\"@type\":\"ListItem\",\"position\":3,\"name\":\"OLEO MOBIL RACING Formula 10W-60 5L\"}]},{\"@type\":\"WebSite\",\"@id\":\"https:\/\/autobarbosa.com\/es\/#website\",\"url\":\"https:\/\/autobarbosa.com\/es\/\",\"name\":\"Auto Barbosa\",\"description\":\"Site institucional\",\"publisher\":{\"@id\":\"https:\/\/autobarbosa.com\/es\/#organization\"},\"potentialAction\":[{\"@type\":\"SearchAction\",\"target\":{\"@type\":\"EntryPoint\",\"urlTemplate\":\"https:\/\/autobarbosa.com\/es\/?s={search_term_string}\"},\"query-input\":\"required name=search_term_string\"}],\"inLanguage\":\"es\"},{\"@type\":\"Organization\",\"@id\":\"https:\/\/autobarbosa.com\/es\/#organization\",\"name\":\"Auto Barbosa\",\"url\":\"https:\/\/autobarbosa.com\/es\/\",\"logo\":{\"@type\":\"ImageObject\",\"inLanguage\":\"es\",\"@id\":\"https:\/\/autobarbosa.com\/es\/#\/schema\/logo\/image\/\",\"url\":\"https:\/\/autobarbosa.com\/wp-content\/uploads\/2023\/03\/AUTO-BARBOSA-LOGO-1-e1678715539111.png\",\"contentUrl\":\"https:\/\/autobarbosa.com\/wp-content\/uploads\/2023\/03\/AUTO-BARBOSA-LOGO-1-e1678715539111.png\",\"width\":3233,\"height\":3233,\"caption\":\"Auto Barbosa\"},\"image\":{\"@id\":\"https:\/\/autobarbosa.com\/es\/#\/schema\/logo\/image\/\"},\"sameAs\":[\"https:\/\/www.facebook.com\/autobarbosaoficina\",\"https:\/\/www.instagram.com\/autobarbosa.oficina\/\"]}]}<\/script>\n<!-- \/ Yoast SEO plugin. -->","yoast_head_json":{"title":"OLEO MOBIL RACING Formula 10W-60 5L - Auto Barbosa","robots":{"index":"index","follow":"follow","max-snippet":"max-snippet:-1","max-image-preview":"max-image-preview:large","max-video-preview":"max-video-preview:-1"},"canonical":"https:\/\/autobarbosa.com\/es\/produto\/oleo-mobil-racing-formula-10w-60-5l\/","og_locale":"es_ES","og_type":"article","og_title":"OLEO MOBIL RACING Formula 10W-60 5L - Auto Barbosa","og_description":"Este \u00e9 um \u00f3leo sint\u00e9tico de alto desempenho especialmente formulado para as necessidades espec\u00edficas de ve\u00edculos de passageiros e comerciais mais antigos e de alta quilometragem. A sua adapta\u00e7\u00e3o a condi\u00e7\u00f5es extremas de utiliza\u00e7\u00e3o permite a sua aplica\u00e7\u00e3o no automobilismo. Seus condicionadores de veda\u00e7\u00e3o adicionais e filme de \u00f3leo ajudam a prevenir vazamentos e proteger motores mais antigos, respectivamente. Recomendado para prolongar a vida \u00fatil do ve\u00edculo, o Mobil 1 Motorsport Formula 10W60 ajuda ativamente a reduzir dep\u00f3sitos, manter os motores limpos e evitar o desgaste.","og_url":"https:\/\/autobarbosa.com\/es\/produto\/oleo-mobil-racing-formula-10w-60-5l\/","og_site_name":"Auto Barbosa","article_publisher":"https:\/\/www.facebook.com\/autobarbosaoficina","twitter_card":"summary_large_image","schema":{"@context":"https:\/\/schema.org","@graph":[{"@type":"WebPage","@id":"https:\/\/autobarbosa.com\/es\/produto\/oleo-mobil-racing-formula-10w-60-5l\/","url":"https:\/\/autobarbosa.com\/es\/produto\/oleo-mobil-racing-formula-10w-60-5l\/","name":"OLEO MOBIL RACING Formula 10W-60 5L - Auto Barbosa","isPartOf":{"@id":"https:\/\/autobarbosa.com\/es\/#website"},"datePublished":"2026-04-23T07:23:36+00:00","dateModified":"2026-04-23T07:23:36+00:00","breadcrumb":{"@id":"https:\/\/autobarbosa.com\/es\/produto\/oleo-mobil-racing-formula-10w-60-5l\/#breadcrumb"},"inLanguage":"es","potentialAction":[{"@type":"ReadAction","target":["https:\/\/autobarbosa.com\/es\/produto\/oleo-mobil-racing-formula-10w-60-5l\/"]}]},{"@type":"BreadcrumbList","@id":"https:\/\/autobarbosa.com\/es\/produto\/oleo-mobil-racing-formula-10w-60-5l\/#breadcrumb","itemListElement":[{"@type":"ListItem","position":1,"name":"In\u00edcio","item":"https:\/\/autobarbosa.com\/es\/"},{"@type":"ListItem","position":2,"name":"Loja","item":"https:\/\/autobarbosa.com\/"},{"@type":"ListItem","position":3,"name":"OLEO MOBIL RACING Formula 10W-60 5L"}]},{"@type":"WebSite","@id":"https:\/\/autobarbosa.com\/es\/#website","url":"https:\/\/autobarbosa.com\/es\/","name":"Auto Barbosa","description":"Site institucional","publisher":{"@id":"https:\/\/autobarbosa.com\/es\/#organization"},"potentialAction":[{"@type":"SearchAction","target":{"@type":"EntryPoint","urlTemplate":"https:\/\/autobarbosa.com\/es\/?s={search_term_string}"},"query-input":"required name=search_term_string"}],"inLanguage":"es"},{"@type":"Organization","@id":"https:\/\/autobarbosa.com\/es\/#organization","name":"Auto Barbosa","url":"https:\/\/autobarbosa.com\/es\/","logo":{"@type":"ImageObject","inLanguage":"es","@id":"https:\/\/autobarbosa.com\/es\/#\/schema\/logo\/image\/","url":"https:\/\/autobarbosa.com\/wp-content\/uploads\/2023\/03\/AUTO-BARBOSA-LOGO-1-e1678715539111.png","contentUrl":"https:\/\/autobarbosa.com\/wp-content\/uploads\/2023\/03\/AUTO-BARBOSA-LOGO-1-e1678715539111.png","width":3233,"height":3233,"caption":"Auto Barbosa"},"image":{"@id":"https:\/\/autobarbosa.com\/es\/#\/schema\/logo\/image\/"},"sameAs":["https:\/\/www.facebook.com\/autobarbosaoficina","https:\/\/www.instagram.com\/autobarbosa.oficina\/"]}]}},"_links":{"self":[{"href":"https:\/\/autobarbosa.com\/es\/wp-json\/wp\/v3\/product\/24389","targetHints":{"allow":["GET"]}}],"collection":[{"href":"https:\/\/autobarbosa.com\/es\/wp-json\/wp\/v3\/product"}],"about":[{"href":"https:\/\/autobarbosa.com\/es\/wp-json\/wp\/v2\/types\/product"}],"wp:attachment":[{"href":"https:\/\/autobarbosa.com\/es\/wp-json\/wp\/v2\/media?parent=24389"}],"wp:term":[{"taxonomy":"product_cat","embeddable":true,"href":"https:\/\/autobarbosa.com\/es\/wp-json\/wp\/v2\/product_cat?post=24389"},{"taxonomy":"product_tag","embeddable":true,"href":"https:\/\/autobarbosa.com\/es\/wp-json\/wp\/v2\/product_tag?post=24389"},{"taxonomy":"marca","embeddable":true,"href":"https:\/\/autobarbosa.com\/es\/wp-json\/wp\/v2\/marca?post=24389"}],"curies":[{"name":"wp","href":"https:\/\/api.w.org\/{rel}","templated":true}]}}