{"id":24461,"date":"2026-04-28T07:13:56","date_gmt":"2026-04-28T07:13:56","guid":{"rendered":"https:\/\/autobarbosa.com\/produto\/medidor-de-desgaste-electronico-e-controlador-de-pressao-schrader\/"},"modified":"2026-04-30T19:11:14","modified_gmt":"2026-04-30T19:11:14","slug":"medidor-de-desgaste-electronico-e-controlador-de-pressao-schrader","status":"publish","type":"product","link":"https:\/\/autobarbosa.com\/es\/produto\/medidor-de-desgaste-electronico-e-controlador-de-pressao-schrader\/","title":{"rendered":"MEDIDOR DE DESGASTE ELECTRONICO E CONTROLADOR DE PRESS\u00c3O &#8211; SCHRADER"},"content":{"rendered":"<p>Medidor de desgaste e man\u00f4metro eletr\u00f4nico<\/p>\n<p>com 2 fun\u00e7\u00f5es em uma \u00fanica ferramenta<br \/>\n\u2022 Desligamento autom\u00e1tico<br \/>\n. \u2022 Mostrador retroiluminado.<br \/>\n\u2022 2 baterias de l\u00edtio CR2032 intercambi\u00e1veis.<br \/>\n\u2022 Bot\u00e3o para sele\u00e7\u00e3o do man\u00f4metro ou da fun\u00e7\u00e3o do man\u00f4metro.<\/p>\n<p>Especifica\u00e7\u00f5es t\u00e9cnicas:<\/p>\n<p>Man\u00f4metro:<br \/>\n185-67<br \/>\n\u2022 0,35 a 6,8 bar (5-99 psi ou 35-680 kPa<br \/>\nou 0,4-7,00 kg\/cm\u00b2).<br \/>\n\u2022 Precis\u00e3o da medi\u00e7\u00e3o: 1% \u00b10,05 bar.<\/p>\n<p>Medidor de desgaste:<br \/>\n\u2022 Graduado de 0 a 15 mm (0 a 19\/32&#8243;).<br \/>\n\u2022 Zonas coloridas de acordo com a profundidade:<br \/>\n3,2 mm = zona verde.<br \/>\n\u2022 Precis\u00e3o: 0,3 mm.<br \/>\n\u2022 Resolu\u00e7\u00e3o: 0,1 mm.<\/p>\n","protected":false},"excerpt":{"rendered":"<p>Medidor de desgaste e man\u00f4metro eletr\u00f4nico<\/p>\n<p>com 2 fun\u00e7\u00f5es em uma \u00fanica ferramenta<br \/>\n\u2022 Desligamento autom\u00e1tico<br \/>\n. \u2022 Mostrador retroiluminado.<br \/>\n\u2022 2 baterias de l\u00edtio CR2032 intercambi\u00e1veis.<br \/>\n\u2022 Bot\u00e3o para sele\u00e7\u00e3o do man\u00f4metro ou da fun\u00e7\u00e3o do man\u00f4metro.<\/p>\n<p>Especifica\u00e7\u00f5es t\u00e9cnicas:<\/p>\n<p>Man\u00f4metro:<br \/>\n185-67<br \/>\n\u2022 0,35 a 6,8 bar (5-99 psi ou 35-680 kPa<br \/>\nou 0,4-7,00 kg\/cm\u00b2).<br \/>\n\u2022 Precis\u00e3o da medi\u00e7\u00e3o: 1% \u00b10,05 bar.<\/p>\n<p>Medidor de desgaste:<br \/>\n\u2022 Graduado de 0 a 15 mm (0 a 19\/32&#8243;).<br \/>\n\u2022 Zonas coloridas de acordo com a profundidade:<br \/>\n3,2 mm = zona verde.<br \/>\n\u2022 Precis\u00e3o: 0,3 mm.<br \/>\n\u2022 Resolu\u00e7\u00e3o: 0,1 mm.<\/p>\n","protected":false},"featured_media":24457,"template":"","meta":[],"product_cat":[568],"product_tag":[],"marca":[1044],"class_list":["post-24461","product","type-product","status-publish","has-post-thumbnail","hentry","product_cat-ferramentas-pneus","marca-schrader"],"yoast_head":"<!-- This site is optimized with the Yoast SEO plugin v20.5 - https:\/\/yoast.com\/wordpress\/plugins\/seo\/ -->\n<title>MEDIDOR DE DESGASTE ELECTRONICO E CONTROLADOR DE PRESS\u00c3O - SCHRADER - Auto Barbosa<\/title>\n<meta name=\"robots\" content=\"index, follow, max-snippet:-1, max-image-preview:large, max-video-preview:-1\" \/>\n<link rel=\"canonical\" href=\"https:\/\/autobarbosa.com\/es\/produto\/medidor-de-desgaste-electronico-e-controlador-de-pressao-schrader\/\" \/>\n<meta property=\"og:locale\" content=\"es_ES\" \/>\n<meta property=\"og:type\" content=\"article\" \/>\n<meta property=\"og:title\" content=\"MEDIDOR DE DESGASTE ELECTRONICO E CONTROLADOR DE PRESS\u00c3O - SCHRADER - Auto Barbosa\" \/>\n<meta property=\"og:description\" content=\"Medidor de desgaste e man\u00f4metro eletr\u00f4nico  com 2 fun\u00e7\u00f5es em uma \u00fanica ferramenta \u2022 Desligamento autom\u00e1tico . \u2022 Mostrador retroiluminado. \u2022 2 baterias de l\u00edtio CR2032 intercambi\u00e1veis. \u2022 Bot\u00e3o para sele\u00e7\u00e3o do man\u00f4metro ou da fun\u00e7\u00e3o do man\u00f4metro.  Especifica\u00e7\u00f5es t\u00e9cnicas:  Man\u00f4metro: 185-67 \u2022 0,35 a 6,8 bar (5-99 psi ou 35-680 kPa ou 0,4-7,00 kg\/cm\u00b2). \u2022 Precis\u00e3o da medi\u00e7\u00e3o: 1% \u00b10,05 bar.  Medidor de desgaste: \u2022 Graduado de 0 a 15 mm (0 a 19\/32&quot;). \u2022 Zonas coloridas de acordo com a profundidade: 3,2 mm = zona verde. \u2022 Precis\u00e3o: 0,3 mm. \u2022 Resolu\u00e7\u00e3o: 0,1 mm.\" \/>\n<meta property=\"og:url\" content=\"https:\/\/autobarbosa.com\/es\/produto\/medidor-de-desgaste-electronico-e-controlador-de-pressao-schrader\/\" \/>\n<meta property=\"og:site_name\" content=\"Auto Barbosa\" \/>\n<meta property=\"article:publisher\" content=\"https:\/\/www.facebook.com\/autobarbosaoficina\" \/>\n<meta property=\"article:modified_time\" content=\"2026-04-30T19:11:14+00:00\" \/>\n<meta property=\"og:image\" content=\"https:\/\/autobarbosa.com\/wp-content\/uploads\/2026\/04\/7126618567.png\" \/>\n\t<meta property=\"og:image:width\" content=\"800\" \/>\n\t<meta property=\"og:image:height\" content=\"800\" \/>\n\t<meta property=\"og:image:type\" content=\"image\/png\" \/>\n<meta name=\"twitter:card\" content=\"summary_large_image\" \/>\n<script type=\"application\/ld+json\" class=\"yoast-schema-graph\">{\"@context\":\"https:\/\/schema.org\",\"@graph\":[{\"@type\":\"WebPage\",\"@id\":\"https:\/\/autobarbosa.com\/es\/produto\/medidor-de-desgaste-electronico-e-controlador-de-pressao-schrader\/\",\"url\":\"https:\/\/autobarbosa.com\/es\/produto\/medidor-de-desgaste-electronico-e-controlador-de-pressao-schrader\/\",\"name\":\"MEDIDOR DE DESGASTE ELECTRONICO E CONTROLADOR DE PRESS\u00c3O - SCHRADER - Auto Barbosa\",\"isPartOf\":{\"@id\":\"https:\/\/autobarbosa.com\/es\/#website\"},\"datePublished\":\"2026-04-28T07:13:56+00:00\",\"dateModified\":\"2026-04-30T19:11:14+00:00\",\"breadcrumb\":{\"@id\":\"https:\/\/autobarbosa.com\/es\/produto\/medidor-de-desgaste-electronico-e-controlador-de-pressao-schrader\/#breadcrumb\"},\"inLanguage\":\"es\",\"potentialAction\":[{\"@type\":\"ReadAction\",\"target\":[\"https:\/\/autobarbosa.com\/es\/produto\/medidor-de-desgaste-electronico-e-controlador-de-pressao-schrader\/\"]}]},{\"@type\":\"BreadcrumbList\",\"@id\":\"https:\/\/autobarbosa.com\/es\/produto\/medidor-de-desgaste-electronico-e-controlador-de-pressao-schrader\/#breadcrumb\",\"itemListElement\":[{\"@type\":\"ListItem\",\"position\":1,\"name\":\"In\u00edcio\",\"item\":\"https:\/\/autobarbosa.com\/es\/\"},{\"@type\":\"ListItem\",\"position\":2,\"name\":\"Loja\",\"item\":\"https:\/\/autobarbosa.com\/\"},{\"@type\":\"ListItem\",\"position\":3,\"name\":\"MEDIDOR DE DESGASTE ELECTRONICO E CONTROLADOR DE PRESS\u00c3O &#8211; SCHRADER\"}]},{\"@type\":\"WebSite\",\"@id\":\"https:\/\/autobarbosa.com\/es\/#website\",\"url\":\"https:\/\/autobarbosa.com\/es\/\",\"name\":\"Auto Barbosa\",\"description\":\"Site institucional\",\"publisher\":{\"@id\":\"https:\/\/autobarbosa.com\/es\/#organization\"},\"potentialAction\":[{\"@type\":\"SearchAction\",\"target\":{\"@type\":\"EntryPoint\",\"urlTemplate\":\"https:\/\/autobarbosa.com\/es\/?s={search_term_string}\"},\"query-input\":\"required name=search_term_string\"}],\"inLanguage\":\"es\"},{\"@type\":\"Organization\",\"@id\":\"https:\/\/autobarbosa.com\/es\/#organization\",\"name\":\"Auto Barbosa\",\"url\":\"https:\/\/autobarbosa.com\/es\/\",\"logo\":{\"@type\":\"ImageObject\",\"inLanguage\":\"es\",\"@id\":\"https:\/\/autobarbosa.com\/es\/#\/schema\/logo\/image\/\",\"url\":\"https:\/\/autobarbosa.com\/wp-content\/uploads\/2023\/03\/AUTO-BARBOSA-LOGO-1-e1678715539111.png\",\"contentUrl\":\"https:\/\/autobarbosa.com\/wp-content\/uploads\/2023\/03\/AUTO-BARBOSA-LOGO-1-e1678715539111.png\",\"width\":3233,\"height\":3233,\"caption\":\"Auto Barbosa\"},\"image\":{\"@id\":\"https:\/\/autobarbosa.com\/es\/#\/schema\/logo\/image\/\"},\"sameAs\":[\"https:\/\/www.facebook.com\/autobarbosaoficina\",\"https:\/\/www.instagram.com\/autobarbosa.oficina\/\"]}]}<\/script>\n<!-- \/ Yoast SEO plugin. -->","yoast_head_json":{"title":"MEDIDOR DE DESGASTE ELECTRONICO E CONTROLADOR DE PRESS\u00c3O - SCHRADER - Auto Barbosa","robots":{"index":"index","follow":"follow","max-snippet":"max-snippet:-1","max-image-preview":"max-image-preview:large","max-video-preview":"max-video-preview:-1"},"canonical":"https:\/\/autobarbosa.com\/es\/produto\/medidor-de-desgaste-electronico-e-controlador-de-pressao-schrader\/","og_locale":"es_ES","og_type":"article","og_title":"MEDIDOR DE DESGASTE ELECTRONICO E CONTROLADOR DE PRESS\u00c3O - SCHRADER - Auto Barbosa","og_description":"Medidor de desgaste e man\u00f4metro eletr\u00f4nico  com 2 fun\u00e7\u00f5es em uma \u00fanica ferramenta \u2022 Desligamento autom\u00e1tico . \u2022 Mostrador retroiluminado. \u2022 2 baterias de l\u00edtio CR2032 intercambi\u00e1veis. \u2022 Bot\u00e3o para sele\u00e7\u00e3o do man\u00f4metro ou da fun\u00e7\u00e3o do man\u00f4metro.  Especifica\u00e7\u00f5es t\u00e9cnicas:  Man\u00f4metro: 185-67 \u2022 0,35 a 6,8 bar (5-99 psi ou 35-680 kPa ou 0,4-7,00 kg\/cm\u00b2). \u2022 Precis\u00e3o da medi\u00e7\u00e3o: 1% \u00b10,05 bar.  Medidor de desgaste: \u2022 Graduado de 0 a 15 mm (0 a 19\/32\"). \u2022 Zonas coloridas de acordo com a profundidade: 3,2 mm = zona verde. \u2022 Precis\u00e3o: 0,3 mm. \u2022 Resolu\u00e7\u00e3o: 0,1 mm.","og_url":"https:\/\/autobarbosa.com\/es\/produto\/medidor-de-desgaste-electronico-e-controlador-de-pressao-schrader\/","og_site_name":"Auto Barbosa","article_publisher":"https:\/\/www.facebook.com\/autobarbosaoficina","article_modified_time":"2026-04-30T19:11:14+00:00","og_image":[{"width":800,"height":800,"url":"https:\/\/autobarbosa.com\/wp-content\/uploads\/2026\/04\/7126618567.png","type":"image\/png"}],"twitter_card":"summary_large_image","schema":{"@context":"https:\/\/schema.org","@graph":[{"@type":"WebPage","@id":"https:\/\/autobarbosa.com\/es\/produto\/medidor-de-desgaste-electronico-e-controlador-de-pressao-schrader\/","url":"https:\/\/autobarbosa.com\/es\/produto\/medidor-de-desgaste-electronico-e-controlador-de-pressao-schrader\/","name":"MEDIDOR DE DESGASTE ELECTRONICO E CONTROLADOR DE PRESS\u00c3O - SCHRADER - Auto Barbosa","isPartOf":{"@id":"https:\/\/autobarbosa.com\/es\/#website"},"datePublished":"2026-04-28T07:13:56+00:00","dateModified":"2026-04-30T19:11:14+00:00","breadcrumb":{"@id":"https:\/\/autobarbosa.com\/es\/produto\/medidor-de-desgaste-electronico-e-controlador-de-pressao-schrader\/#breadcrumb"},"inLanguage":"es","potentialAction":[{"@type":"ReadAction","target":["https:\/\/autobarbosa.com\/es\/produto\/medidor-de-desgaste-electronico-e-controlador-de-pressao-schrader\/"]}]},{"@type":"BreadcrumbList","@id":"https:\/\/autobarbosa.com\/es\/produto\/medidor-de-desgaste-electronico-e-controlador-de-pressao-schrader\/#breadcrumb","itemListElement":[{"@type":"ListItem","position":1,"name":"In\u00edcio","item":"https:\/\/autobarbosa.com\/es\/"},{"@type":"ListItem","position":2,"name":"Loja","item":"https:\/\/autobarbosa.com\/"},{"@type":"ListItem","position":3,"name":"MEDIDOR DE DESGASTE ELECTRONICO E CONTROLADOR DE PRESS\u00c3O &#8211; SCHRADER"}]},{"@type":"WebSite","@id":"https:\/\/autobarbosa.com\/es\/#website","url":"https:\/\/autobarbosa.com\/es\/","name":"Auto Barbosa","description":"Site institucional","publisher":{"@id":"https:\/\/autobarbosa.com\/es\/#organization"},"potentialAction":[{"@type":"SearchAction","target":{"@type":"EntryPoint","urlTemplate":"https:\/\/autobarbosa.com\/es\/?s={search_term_string}"},"query-input":"required name=search_term_string"}],"inLanguage":"es"},{"@type":"Organization","@id":"https:\/\/autobarbosa.com\/es\/#organization","name":"Auto Barbosa","url":"https:\/\/autobarbosa.com\/es\/","logo":{"@type":"ImageObject","inLanguage":"es","@id":"https:\/\/autobarbosa.com\/es\/#\/schema\/logo\/image\/","url":"https:\/\/autobarbosa.com\/wp-content\/uploads\/2023\/03\/AUTO-BARBOSA-LOGO-1-e1678715539111.png","contentUrl":"https:\/\/autobarbosa.com\/wp-content\/uploads\/2023\/03\/AUTO-BARBOSA-LOGO-1-e1678715539111.png","width":3233,"height":3233,"caption":"Auto Barbosa"},"image":{"@id":"https:\/\/autobarbosa.com\/es\/#\/schema\/logo\/image\/"},"sameAs":["https:\/\/www.facebook.com\/autobarbosaoficina","https:\/\/www.instagram.com\/autobarbosa.oficina\/"]}]}},"_links":{"self":[{"href":"https:\/\/autobarbosa.com\/es\/wp-json\/wp\/v3\/product\/24461","targetHints":{"allow":["GET"]}}],"collection":[{"href":"https:\/\/autobarbosa.com\/es\/wp-json\/wp\/v3\/product"}],"about":[{"href":"https:\/\/autobarbosa.com\/es\/wp-json\/wp\/v2\/types\/product"}],"wp:featuredmedia":[{"embeddable":true,"href":"https:\/\/autobarbosa.com\/es\/wp-json\/wp\/v2\/media\/24457"}],"wp:attachment":[{"href":"https:\/\/autobarbosa.com\/es\/wp-json\/wp\/v2\/media?parent=24461"}],"wp:term":[{"taxonomy":"product_cat","embeddable":true,"href":"https:\/\/autobarbosa.com\/es\/wp-json\/wp\/v2\/product_cat?post=24461"},{"taxonomy":"product_tag","embeddable":true,"href":"https:\/\/autobarbosa.com\/es\/wp-json\/wp\/v2\/product_tag?post=24461"},{"taxonomy":"marca","embeddable":true,"href":"https:\/\/autobarbosa.com\/es\/wp-json\/wp\/v2\/marca?post=24461"}],"curies":[{"name":"wp","href":"https:\/\/api.w.org\/{rel}","templated":true}]}}