{"id":17477,"date":"2025-11-26T07:01:43","date_gmt":"2025-11-26T08:01:43","guid":{"rendered":"https:\/\/autobarbosa.com\/produto\/jogo-disco-travoes-grn-saxo-asfalto-c2-r2-terra-diam-283x26-p-bombas-alcon\/"},"modified":"2026-04-16T19:01:28","modified_gmt":"2026-04-16T19:01:28","slug":"jogo-disco-travoes-grn-saxo-asfalto-c2-r2-terra-diam-283x26-p-bombas-alcon","status":"publish","type":"product","link":"https:\/\/autobarbosa.com\/fr\/produto\/jogo-disco-travoes-grn-saxo-asfalto-c2-r2-terra-diam-283x26-p-bombas-alcon\/","title":{"rendered":"JOGO DISCO TRAVOES GRN &#8211; SAXO ASFALTO\/ C2 R2 TERRA &#8211; DIAM 283X26 P\/ BOMBAS ALCON"},"content":{"rendered":"<p>Discos de trav\u00e3o REDSPEC Grupo N para CITROEN Saxo ou PEUGEOT 406 283&#215;26 mm frente<\/p>\n<p>Os discos REDSPEC Grupo N s\u00e3o submetidos a um tratamento t\u00e9rmico espec\u00edfico e a um processo de maquinagem particular, garantindo uma travagem potente e duradoura.<br \/>\nAssociadas \u00e0s pastilhas de competi\u00e7\u00e3o, permitir\u00e3o uma travagem posterior preservando a subida da temperatura.<br \/>\nVoc\u00ea ganhar\u00e1 assim segundos preciosos na corrida e durante seus dias de pista!<\/p>\n<p>S\u00e3o montados no lugar dos seus discos originais (dimens\u00f5es id\u00eanticas).<br \/>\nPor favor, verifique cuidadosamente a compatibilidade destes discos com o seu ve\u00edculo.<br \/>\nEsses discos est\u00e3o em conformidade com os padr\u00f5es ISO 9001, ISO\/TS 16949 e T\u00dcV.<br \/>\nVendido em pares.<\/p>\n<p>Caracter\u00edsticas:<br \/>\nDisco dianteiro<br \/>\nTipo ventilado<br \/>\nDi\u00e2metro 283 mm<br \/>\nEspessura 22 mm<br \/>\nDi\u00e2metro 66,1 mm<br \/>\nN\u00famero de furos 4<br \/>\nPeso do disco 5,82 kg<\/p>\n<p>Adequado para:<br \/>\nCITROEN Saxo 1.6 Challenge Gr.A Rallye de 1996<br \/>\nCITROEN Xantia 2.0i 16V<br \/>\nCITROEN Xantia 2.0i Turbo<br \/>\nCITROEN Xantia 2.1 TD<br \/>\nCITROEN Xantia Estate 2.0 Turbo<br \/>\nCITROEN Xantia Estate 2.1 TD<br \/>\nPEUGEOT 406 1.9 TD<br \/>\nPEUGEOT 406 2.0 HDI<br \/>\nPEUGEOT 406 2.0i 16V<br \/>\nPEUGEOT 406 2.0i Turbo PEUGEOT<br \/>\n406 2.1 TD 1. Bloqueie a entrada dos refrigeradores a 3\/4<\/p>\n<p>2. Use pastilhas quebradas (duras)<br \/>\n3. Aque\u00e7a gradualmente os discos nos primeiros 15 quil\u00f4metros.<br \/>\n4. Use o ve\u00edculo normalmente sem ser violento nos freios.<br \/>\n5. Termine com 5 ou 6 travagens fortes.<br \/>\n6. Se forem utilizadas tintas t\u00e9rmicas (refer\u00eancia CP26491) somente a tinta verde (430\u00b0C) deve ter descolorido e a laranja mal iniciada (560\u00b0C).<\/p>\n<p>Para operar com a maior efici\u00eancia e maior durabilidade poss\u00edvel, as temperaturas dos discos devem estar corretas e equilibradas.<br \/>\nEm geral, todos os acionamentos de um ve\u00edculo devem operar nas mesmas temperaturas.<br \/>\nA temperatura m\u00e1xima do disco deve ser compat\u00edvel com a qualidade das pastilhas utilizadas.<br \/>\nAs faces do disco n\u00e3o devem exceder as temperaturas m\u00e1ximas recomendadas para cada tipo de pastilha.<\/p>\n","protected":false},"excerpt":{"rendered":"<p>Discos de trav\u00e3o REDSPEC Grupo N para CITROEN Saxo ou PEUGEOT 406 283&#215;26 mm frente<\/p>\n<p>Os discos REDSPEC Grupo N s\u00e3o submetidos a um tratamento t\u00e9rmico espec\u00edfico e a um processo de maquinagem particular, garantindo uma travagem potente e duradoura.<br \/>\nAssociadas \u00e0s pastilhas de competi\u00e7\u00e3o, permitir\u00e3o uma travagem posterior preservando a subida da temperatura.<br \/>\nVoc\u00ea ganhar\u00e1 assim segundos preciosos na corrida e durante seus dias de pista!<\/p>\n<p>S\u00e3o montados no lugar dos seus discos originais (dimens\u00f5es id\u00eanticas).<br \/>\nPor favor, verifique cuidadosamente a compatibilidade destes discos com o seu ve\u00edculo.<br \/>\nEsses discos est\u00e3o em conformidade com os padr\u00f5es ISO 9001, ISO\/TS 16949 e T\u00dcV.<br \/>\nVendido em pares.<\/p>\n<p>Caracter\u00edsticas:<br \/>\nDisco dianteiro<br \/>\nTipo ventilado<br \/>\nDi\u00e2metro 283 mm<br \/>\nEspessura 22 mm<br \/>\nDi\u00e2metro 66,1 mm<br \/>\nN\u00famero de furos 4<br \/>\nPeso do disco 5,82 kg<\/p>\n<p>Adequado para:<br \/>\nCITROEN Saxo 1.6 Challenge Gr.A Rallye de 1996<br \/>\nCITROEN Xantia 2.0i 16V<br \/>\nCITROEN Xantia 2.0i Turbo<br \/>\nCITROEN Xantia 2.1 TD<br \/>\nCITROEN Xantia Estate 2.0 Turbo<br \/>\nCITROEN Xantia Estate 2.1 TD<br \/>\nPEUGEOT 406 1.9 TD<br \/>\nPEUGEOT 406 2.0 HDI<br \/>\nPEUGEOT 406 2.0i 16V<br \/>\nPEUGEOT 406 2.0i Turbo PEUGEOT<br \/>\n406 2.1 TD 1. Bloqueie a entrada dos refrigeradores a 3\/4<\/p>\n<p>2. Use pastilhas quebradas (duras)<br \/>\n3. Aque\u00e7a gradualmente os discos nos primeiros 15 quil\u00f4metros.<br \/>\n4. Use o ve\u00edculo normalmente sem ser violento nos freios.<br \/>\n5. Termine com 5 ou 6 travagens fortes.<br \/>\n6. Se forem utilizadas tintas t\u00e9rmicas (refer\u00eancia CP26491) somente a tinta verde (430\u00b0C) deve ter descolorido e a laranja mal iniciada (560\u00b0C).<\/p>\n<p>Para operar com a maior efici\u00eancia e maior durabilidade poss\u00edvel, as temperaturas dos discos devem estar corretas e equilibradas.<br \/>\nEm geral, todos os acionamentos de um ve\u00edculo devem operar nas mesmas temperaturas.<br \/>\nA temperatura m\u00e1xima do disco deve ser compat\u00edvel com a qualidade das pastilhas utilizadas.<br \/>\nAs faces do disco n\u00e3o devem exceder as temperaturas m\u00e1ximas recomendadas para cada tipo de pastilha.<\/p>\n","protected":false},"featured_media":17473,"template":"","meta":[],"product_cat":[479,484,506],"product_tag":[],"marca":[121],"class_list":["post-17477","product","type-product","status-publish","has-post-thumbnail","hentry","product_cat-viatura","product_cat-sistema-travagem","product_cat-discos-travoes","marca-red-spec"],"yoast_head":"<!-- This site is optimized with the Yoast SEO plugin v20.5 - https:\/\/yoast.com\/wordpress\/plugins\/seo\/ -->\n<title>JOGO DISCO TRAVOES GRN - SAXO ASFALTO\/ C2 R2 TERRA - DIAM 283X26 P\/ BOMBAS ALCON - Oficina de manuten\u00e7\u00e3o e repara\u00e7\u00e3o de veiculos automoveis em S. Miguel, A\u00e7ores - Auto Barbosa<\/title>\n<meta name=\"robots\" content=\"index, follow, max-snippet:-1, max-image-preview:large, max-video-preview:-1\" \/>\n<link rel=\"canonical\" href=\"https:\/\/autobarbosa.com\/fr\/produto\/jogo-disco-travoes-grn-saxo-asfalto-c2-r2-terra-diam-283x26-p-bombas-alcon\/\" \/>\n<meta property=\"og:locale\" content=\"fr_FR\" \/>\n<meta property=\"og:type\" content=\"article\" \/>\n<meta property=\"og:title\" content=\"JOGO DISCO TRAVOES GRN - SAXO ASFALTO\/ C2 R2 TERRA - DIAM 283X26 P\/ BOMBAS ALCON - Oficina de manuten\u00e7\u00e3o e repara\u00e7\u00e3o de veiculos automoveis em S. Miguel, A\u00e7ores - Auto Barbosa\" \/>\n<meta property=\"og:description\" content=\"Discos de trav\u00e3o REDSPEC Grupo N para CITROEN Saxo ou PEUGEOT 406 283x26 mm frente  Os discos REDSPEC Grupo N s\u00e3o submetidos a um tratamento t\u00e9rmico espec\u00edfico e a um processo de maquinagem particular, garantindo uma travagem potente e duradoura. Associadas \u00e0s pastilhas de competi\u00e7\u00e3o, permitir\u00e3o uma travagem posterior preservando a subida da temperatura. Voc\u00ea ganhar\u00e1 assim segundos preciosos na corrida e durante seus dias de pista!  S\u00e3o montados no lugar dos seus discos originais (dimens\u00f5es id\u00eanticas). Por favor, verifique cuidadosamente a compatibilidade destes discos com o seu ve\u00edculo. Esses discos est\u00e3o em conformidade com os padr\u00f5es ISO 9001, ISO\/TS 16949 e T\u00dcV. Vendido em pares.  Caracter\u00edsticas: Disco dianteiro Tipo ventilado Di\u00e2metro 283 mm Espessura 22 mm Di\u00e2metro 66,1 mm N\u00famero de furos 4 Peso do disco 5,82 kg  Adequado para: CITROEN Saxo 1.6 Challenge Gr.A Rallye de 1996 CITROEN Xantia 2.0i 16V CITROEN Xantia 2.0i Turbo CITROEN Xantia 2.1 TD CITROEN Xantia Estate 2.0 Turbo CITROEN Xantia Estate 2.1 TD PEUGEOT 406 1.9 TD PEUGEOT 406 2.0 HDI PEUGEOT 406 2.0i 16V PEUGEOT 406 2.0i Turbo PEUGEOT 406 2.1 TD 1. Bloqueie a entrada dos refrigeradores a 3\/4     2. Use pastilhas quebradas (duras) 3. Aque\u00e7a gradualmente os discos nos primeiros 15 quil\u00f4metros. 4. Use o ve\u00edculo normalmente sem ser violento nos freios. 5. Termine com 5 ou 6 travagens fortes. 6. Se forem utilizadas tintas t\u00e9rmicas (refer\u00eancia CP26491) somente a tinta verde (430\u00b0C) deve ter descolorido e a laranja mal iniciada (560\u00b0C).  Para operar com a maior efici\u00eancia e maior durabilidade poss\u00edvel, as temperaturas dos discos devem estar corretas e equilibradas. Em geral, todos os acionamentos de um ve\u00edculo devem operar nas mesmas temperaturas. A temperatura m\u00e1xima do disco deve ser compat\u00edvel com a qualidade das pastilhas utilizadas. As faces do disco n\u00e3o devem exceder as temperaturas m\u00e1ximas recomendadas para cada tipo de pastilha.\" \/>\n<meta property=\"og:url\" content=\"https:\/\/autobarbosa.com\/fr\/produto\/jogo-disco-travoes-grn-saxo-asfalto-c2-r2-terra-diam-283x26-p-bombas-alcon\/\" \/>\n<meta property=\"og:site_name\" content=\"Oficina de manuten\u00e7\u00e3o e repara\u00e7\u00e3o de veiculos automoveis em S. Miguel, A\u00e7ores - Auto Barbosa\" \/>\n<meta property=\"article:publisher\" content=\"https:\/\/www.facebook.com\/autobarbosaoficina\" \/>\n<meta property=\"article:modified_time\" content=\"2026-04-16T19:01:28+00:00\" \/>\n<meta property=\"og:image\" content=\"https:\/\/autobarbosa.com\/wp-content\/uploads\/2025\/11\/1dv00151.png\" \/>\n\t<meta property=\"og:image:width\" content=\"800\" \/>\n\t<meta property=\"og:image:height\" content=\"800\" \/>\n\t<meta property=\"og:image:type\" content=\"image\/png\" \/>\n<meta name=\"twitter:card\" content=\"summary_large_image\" \/>\n<meta name=\"twitter:label1\" content=\"Dur\u00e9e de lecture estim\u00e9e\" \/>\n\t<meta name=\"twitter:data1\" content=\"2 minutes\" \/>\n<script type=\"application\/ld+json\" class=\"yoast-schema-graph\">{\"@context\":\"https:\/\/schema.org\",\"@graph\":[{\"@type\":\"WebPage\",\"@id\":\"https:\/\/autobarbosa.com\/fr\/produto\/jogo-disco-travoes-grn-saxo-asfalto-c2-r2-terra-diam-283x26-p-bombas-alcon\/\",\"url\":\"https:\/\/autobarbosa.com\/fr\/produto\/jogo-disco-travoes-grn-saxo-asfalto-c2-r2-terra-diam-283x26-p-bombas-alcon\/\",\"name\":\"JOGO DISCO TRAVOES GRN - SAXO ASFALTO\/ C2 R2 TERRA - DIAM 283X26 P\/ BOMBAS ALCON - Oficina de manuten\u00e7\u00e3o e repara\u00e7\u00e3o de veiculos automoveis em S. Miguel, A\u00e7ores - Auto Barbosa\",\"isPartOf\":{\"@id\":\"https:\/\/autobarbosa.com\/fr\/#website\"},\"datePublished\":\"2025-11-26T08:01:43+00:00\",\"dateModified\":\"2026-04-16T19:01:28+00:00\",\"breadcrumb\":{\"@id\":\"https:\/\/autobarbosa.com\/fr\/produto\/jogo-disco-travoes-grn-saxo-asfalto-c2-r2-terra-diam-283x26-p-bombas-alcon\/#breadcrumb\"},\"inLanguage\":\"fr-FR\",\"potentialAction\":[{\"@type\":\"ReadAction\",\"target\":[\"https:\/\/autobarbosa.com\/fr\/produto\/jogo-disco-travoes-grn-saxo-asfalto-c2-r2-terra-diam-283x26-p-bombas-alcon\/\"]}]},{\"@type\":\"BreadcrumbList\",\"@id\":\"https:\/\/autobarbosa.com\/fr\/produto\/jogo-disco-travoes-grn-saxo-asfalto-c2-r2-terra-diam-283x26-p-bombas-alcon\/#breadcrumb\",\"itemListElement\":[{\"@type\":\"ListItem\",\"position\":1,\"name\":\"In\u00edcio\",\"item\":\"https:\/\/autobarbosa.com\/fr\/\"},{\"@type\":\"ListItem\",\"position\":2,\"name\":\"Loja\",\"item\":\"https:\/\/autobarbosa.com\/\"},{\"@type\":\"ListItem\",\"position\":3,\"name\":\"JOGO DISCO TRAVOES GRN &#8211; SAXO ASFALTO\/ C2 R2 TERRA &#8211; DIAM 283X26 P\/ BOMBAS ALCON\"}]},{\"@type\":\"WebSite\",\"@id\":\"https:\/\/autobarbosa.com\/fr\/#website\",\"url\":\"https:\/\/autobarbosa.com\/fr\/\",\"name\":\"Oficina de manuten\u00e7\u00e3o e repara\u00e7\u00e3o de veiculos automoveis em S. Miguel, A\u00e7ores - Auto Barbosa\",\"description\":\"Auto Barbosa\",\"publisher\":{\"@id\":\"https:\/\/autobarbosa.com\/fr\/#organization\"},\"potentialAction\":[{\"@type\":\"SearchAction\",\"target\":{\"@type\":\"EntryPoint\",\"urlTemplate\":\"https:\/\/autobarbosa.com\/fr\/?s={search_term_string}\"},\"query-input\":\"required name=search_term_string\"}],\"inLanguage\":\"fr-FR\"},{\"@type\":\"Organization\",\"@id\":\"https:\/\/autobarbosa.com\/fr\/#organization\",\"name\":\"Oficina de manuten\u00e7\u00e3o e repara\u00e7\u00e3o de veiculos automoveis em S. Miguel, A\u00e7ores - Auto Barbosa\",\"url\":\"https:\/\/autobarbosa.com\/fr\/\",\"logo\":{\"@type\":\"ImageObject\",\"inLanguage\":\"fr-FR\",\"@id\":\"https:\/\/autobarbosa.com\/fr\/#\/schema\/logo\/image\/\",\"url\":\"https:\/\/autobarbosa.com\/wp-content\/uploads\/2023\/03\/AUTO-BARBOSA-LOGO-1-e1678715539111.png\",\"contentUrl\":\"https:\/\/autobarbosa.com\/wp-content\/uploads\/2023\/03\/AUTO-BARBOSA-LOGO-1-e1678715539111.png\",\"width\":3233,\"height\":3233,\"caption\":\"Oficina de manuten\u00e7\u00e3o e repara\u00e7\u00e3o de veiculos automoveis em S. Miguel, A\u00e7ores - Auto Barbosa\"},\"image\":{\"@id\":\"https:\/\/autobarbosa.com\/fr\/#\/schema\/logo\/image\/\"},\"sameAs\":[\"https:\/\/www.facebook.com\/autobarbosaoficina\",\"https:\/\/www.instagram.com\/autobarbosa.oficina\/\"]}]}<\/script>\n<!-- \/ Yoast SEO plugin. -->","yoast_head_json":{"title":"JOGO DISCO TRAVOES GRN - SAXO ASFALTO\/ C2 R2 TERRA - DIAM 283X26 P\/ BOMBAS ALCON - Oficina de manuten\u00e7\u00e3o e repara\u00e7\u00e3o de veiculos automoveis em S. Miguel, A\u00e7ores - Auto Barbosa","robots":{"index":"index","follow":"follow","max-snippet":"max-snippet:-1","max-image-preview":"max-image-preview:large","max-video-preview":"max-video-preview:-1"},"canonical":"https:\/\/autobarbosa.com\/fr\/produto\/jogo-disco-travoes-grn-saxo-asfalto-c2-r2-terra-diam-283x26-p-bombas-alcon\/","og_locale":"fr_FR","og_type":"article","og_title":"JOGO DISCO TRAVOES GRN - SAXO ASFALTO\/ C2 R2 TERRA - DIAM 283X26 P\/ BOMBAS ALCON - Oficina de manuten\u00e7\u00e3o e repara\u00e7\u00e3o de veiculos automoveis em S. Miguel, A\u00e7ores - Auto Barbosa","og_description":"Discos de trav\u00e3o REDSPEC Grupo N para CITROEN Saxo ou PEUGEOT 406 283x26 mm frente  Os discos REDSPEC Grupo N s\u00e3o submetidos a um tratamento t\u00e9rmico espec\u00edfico e a um processo de maquinagem particular, garantindo uma travagem potente e duradoura. Associadas \u00e0s pastilhas de competi\u00e7\u00e3o, permitir\u00e3o uma travagem posterior preservando a subida da temperatura. Voc\u00ea ganhar\u00e1 assim segundos preciosos na corrida e durante seus dias de pista!  S\u00e3o montados no lugar dos seus discos originais (dimens\u00f5es id\u00eanticas). Por favor, verifique cuidadosamente a compatibilidade destes discos com o seu ve\u00edculo. Esses discos est\u00e3o em conformidade com os padr\u00f5es ISO 9001, ISO\/TS 16949 e T\u00dcV. Vendido em pares.  Caracter\u00edsticas: Disco dianteiro Tipo ventilado Di\u00e2metro 283 mm Espessura 22 mm Di\u00e2metro 66,1 mm N\u00famero de furos 4 Peso do disco 5,82 kg  Adequado para: CITROEN Saxo 1.6 Challenge Gr.A Rallye de 1996 CITROEN Xantia 2.0i 16V CITROEN Xantia 2.0i Turbo CITROEN Xantia 2.1 TD CITROEN Xantia Estate 2.0 Turbo CITROEN Xantia Estate 2.1 TD PEUGEOT 406 1.9 TD PEUGEOT 406 2.0 HDI PEUGEOT 406 2.0i 16V PEUGEOT 406 2.0i Turbo PEUGEOT 406 2.1 TD 1. Bloqueie a entrada dos refrigeradores a 3\/4     2. Use pastilhas quebradas (duras) 3. Aque\u00e7a gradualmente os discos nos primeiros 15 quil\u00f4metros. 4. Use o ve\u00edculo normalmente sem ser violento nos freios. 5. Termine com 5 ou 6 travagens fortes. 6. Se forem utilizadas tintas t\u00e9rmicas (refer\u00eancia CP26491) somente a tinta verde (430\u00b0C) deve ter descolorido e a laranja mal iniciada (560\u00b0C).  Para operar com a maior efici\u00eancia e maior durabilidade poss\u00edvel, as temperaturas dos discos devem estar corretas e equilibradas. Em geral, todos os acionamentos de um ve\u00edculo devem operar nas mesmas temperaturas. A temperatura m\u00e1xima do disco deve ser compat\u00edvel com a qualidade das pastilhas utilizadas. As faces do disco n\u00e3o devem exceder as temperaturas m\u00e1ximas recomendadas para cada tipo de pastilha.","og_url":"https:\/\/autobarbosa.com\/fr\/produto\/jogo-disco-travoes-grn-saxo-asfalto-c2-r2-terra-diam-283x26-p-bombas-alcon\/","og_site_name":"Oficina de manuten\u00e7\u00e3o e repara\u00e7\u00e3o de veiculos automoveis em S. Miguel, A\u00e7ores - Auto Barbosa","article_publisher":"https:\/\/www.facebook.com\/autobarbosaoficina","article_modified_time":"2026-04-16T19:01:28+00:00","og_image":[{"width":800,"height":800,"url":"https:\/\/autobarbosa.com\/wp-content\/uploads\/2025\/11\/1dv00151.png","type":"image\/png"}],"twitter_card":"summary_large_image","twitter_misc":{"Dur\u00e9e de lecture estim\u00e9e":"2 minutes"},"schema":{"@context":"https:\/\/schema.org","@graph":[{"@type":"WebPage","@id":"https:\/\/autobarbosa.com\/fr\/produto\/jogo-disco-travoes-grn-saxo-asfalto-c2-r2-terra-diam-283x26-p-bombas-alcon\/","url":"https:\/\/autobarbosa.com\/fr\/produto\/jogo-disco-travoes-grn-saxo-asfalto-c2-r2-terra-diam-283x26-p-bombas-alcon\/","name":"JOGO DISCO TRAVOES GRN - SAXO ASFALTO\/ C2 R2 TERRA - DIAM 283X26 P\/ BOMBAS ALCON - Oficina de manuten\u00e7\u00e3o e repara\u00e7\u00e3o de veiculos automoveis em S. Miguel, A\u00e7ores - Auto Barbosa","isPartOf":{"@id":"https:\/\/autobarbosa.com\/fr\/#website"},"datePublished":"2025-11-26T08:01:43+00:00","dateModified":"2026-04-16T19:01:28+00:00","breadcrumb":{"@id":"https:\/\/autobarbosa.com\/fr\/produto\/jogo-disco-travoes-grn-saxo-asfalto-c2-r2-terra-diam-283x26-p-bombas-alcon\/#breadcrumb"},"inLanguage":"fr-FR","potentialAction":[{"@type":"ReadAction","target":["https:\/\/autobarbosa.com\/fr\/produto\/jogo-disco-travoes-grn-saxo-asfalto-c2-r2-terra-diam-283x26-p-bombas-alcon\/"]}]},{"@type":"BreadcrumbList","@id":"https:\/\/autobarbosa.com\/fr\/produto\/jogo-disco-travoes-grn-saxo-asfalto-c2-r2-terra-diam-283x26-p-bombas-alcon\/#breadcrumb","itemListElement":[{"@type":"ListItem","position":1,"name":"In\u00edcio","item":"https:\/\/autobarbosa.com\/fr\/"},{"@type":"ListItem","position":2,"name":"Loja","item":"https:\/\/autobarbosa.com\/"},{"@type":"ListItem","position":3,"name":"JOGO DISCO TRAVOES GRN &#8211; SAXO ASFALTO\/ C2 R2 TERRA &#8211; DIAM 283X26 P\/ BOMBAS ALCON"}]},{"@type":"WebSite","@id":"https:\/\/autobarbosa.com\/fr\/#website","url":"https:\/\/autobarbosa.com\/fr\/","name":"Oficina de manuten\u00e7\u00e3o e repara\u00e7\u00e3o de veiculos automoveis em S. Miguel, A\u00e7ores - Auto Barbosa","description":"Auto Barbosa","publisher":{"@id":"https:\/\/autobarbosa.com\/fr\/#organization"},"potentialAction":[{"@type":"SearchAction","target":{"@type":"EntryPoint","urlTemplate":"https:\/\/autobarbosa.com\/fr\/?s={search_term_string}"},"query-input":"required name=search_term_string"}],"inLanguage":"fr-FR"},{"@type":"Organization","@id":"https:\/\/autobarbosa.com\/fr\/#organization","name":"Oficina de manuten\u00e7\u00e3o e repara\u00e7\u00e3o de veiculos automoveis em S. Miguel, A\u00e7ores - Auto Barbosa","url":"https:\/\/autobarbosa.com\/fr\/","logo":{"@type":"ImageObject","inLanguage":"fr-FR","@id":"https:\/\/autobarbosa.com\/fr\/#\/schema\/logo\/image\/","url":"https:\/\/autobarbosa.com\/wp-content\/uploads\/2023\/03\/AUTO-BARBOSA-LOGO-1-e1678715539111.png","contentUrl":"https:\/\/autobarbosa.com\/wp-content\/uploads\/2023\/03\/AUTO-BARBOSA-LOGO-1-e1678715539111.png","width":3233,"height":3233,"caption":"Oficina de manuten\u00e7\u00e3o e repara\u00e7\u00e3o de veiculos automoveis em S. Miguel, A\u00e7ores - Auto Barbosa"},"image":{"@id":"https:\/\/autobarbosa.com\/fr\/#\/schema\/logo\/image\/"},"sameAs":["https:\/\/www.facebook.com\/autobarbosaoficina","https:\/\/www.instagram.com\/autobarbosa.oficina\/"]}]}},"_links":{"self":[{"href":"https:\/\/autobarbosa.com\/fr\/wp-json\/wp\/v3\/product\/17477","targetHints":{"allow":["GET"]}}],"collection":[{"href":"https:\/\/autobarbosa.com\/fr\/wp-json\/wp\/v3\/product"}],"about":[{"href":"https:\/\/autobarbosa.com\/fr\/wp-json\/wp\/v2\/types\/product"}],"wp:featuredmedia":[{"embeddable":true,"href":"https:\/\/autobarbosa.com\/fr\/wp-json\/wp\/v2\/media\/17473"}],"wp:attachment":[{"href":"https:\/\/autobarbosa.com\/fr\/wp-json\/wp\/v2\/media?parent=17477"}],"wp:term":[{"taxonomy":"product_cat","embeddable":true,"href":"https:\/\/autobarbosa.com\/fr\/wp-json\/wp\/v2\/product_cat?post=17477"},{"taxonomy":"product_tag","embeddable":true,"href":"https:\/\/autobarbosa.com\/fr\/wp-json\/wp\/v2\/product_tag?post=17477"},{"taxonomy":"marca","embeddable":true,"href":"https:\/\/autobarbosa.com\/fr\/wp-json\/wp\/v2\/marca?post=17477"}],"curies":[{"name":"wp","href":"https:\/\/api.w.org\/{rel}","templated":true}]}}